{"id":344,"date":"2021-08-27T11:48:12","date_gmt":"2021-08-27T16:48:12","guid":{"rendered":"http:\/\/dummy.xtemos.com\/woodmart2\/elementor\/?post_type=product&#038;p=344"},"modified":"2025-07-10T11:01:23","modified_gmt":"2025-07-10T16:01:23","slug":"asador-de-pollos-a-gas","status":"publish","type":"product","link":"https:\/\/tienda.fullermachinery.com\/index.php\/producto\/asador-de-pollos-a-gas\/","title":{"rendered":"HORNO PARA POLLOS CAPACIDAD 14 POLLOS"},"content":{"rendered":"","protected":false},"excerpt":{"rendered":"<p>Horno asador de pollos a gas es un equipo de cocina dise\u00f1ado espec\u00edficamente para asar pollos u otras aves utilizando gas como fuente de combustible. Este tipo de horno es com\u00fanmente utilizado en entornos comerciales, como restaurantes, rotiser\u00edas, parrillas y establecimientos de comida para llevar.<\/p>\n<p>Cuenta con seis quemadores y seis brochetas, los quemadores se pueden controlar de forma independiente. La distancia entre el quemador y la brocheta se puede ajustar. Tiene rayo infrarrojo.<\/p>\n<p>\u00bfC\u00f3mo funciona?<\/p>\n<p>Funcionamiento B\u00e1sico:<\/p>\n<p>1. Preparaci\u00f3n de los pollos: Los pollos se colocan en las canastillas o espetones. Estas canastillas se aseguran en su lugar para que giren con el motor.<\/p>\n<p>2. Encendido del horno: Se enciende la fuente de calor, ya sea el\u00e9ctrica o a gas, y se ajusta la temperatura seg\u00fan la receta.<\/p>\n<p>3. Inicio de la rotaci\u00f3n: Se activa el motor de rotaci\u00f3n, comenzando a girar las canastillas o espetones con los pollos.<\/p>\n<p>4. Cocci\u00f3n uniforme: A medida que los pollos giran, la fuente de calor cocina uniformemente todas las superficies, resultando en una carne jugosa y una piel dorada y crujiente.<\/p>\n<p>5. Control de temperatura y tiempo: El usuario puede ajustar la temperatura y el tiempo seg\u00fan la receta o las preferencias de cocci\u00f3n.<\/p>\n<p>6. Finalizaci\u00f3n y servido: Una vez completada la cocci\u00f3n, se detiene la rotaci\u00f3n y se retiran los pollos del horno. Est\u00e1n listos para ser servidos.<\/p>\n","protected":false},"featured_media":15622,"comment_status":"open","ping_status":"closed","template":"","meta":[],"product_brand":[],"product_cat":[128],"product_tag":[179,182,183],"class_list":{"0":"post-344","1":"product","2":"type-product","3":"status-publish","4":"has-post-thumbnail","6":"product_cat-hornos","7":"product_tag-horno","8":"product_tag-horno-asador-de-pollo-a-gas","9":"product_tag-horno-para-pollos","11":"first","12":"instock","13":"featured","14":"shipping-taxable","15":"purchasable","16":"product-type-simple"},"yoast_head":"<!-- This site is optimized with the Yoast SEO plugin v27.4 - https:\/\/yoast.com\/product\/yoast-seo-wordpress\/ -->\n<title>HORNO PARA POLLOS CAPACIDAD 14 POLLOS - Fuller Machinery<\/title>\n<meta name=\"robots\" content=\"index, follow, max-snippet:-1, max-image-preview:large, max-video-preview:-1\" \/>\n<link rel=\"canonical\" href=\"https:\/\/tienda.fullermachinery.com\/index.php\/producto\/asador-de-pollos-a-gas\/\" \/>\n<meta property=\"og:locale\" content=\"es_ES\" \/>\n<meta property=\"og:type\" content=\"article\" \/>\n<meta property=\"og:title\" content=\"HORNO PARA POLLOS CAPACIDAD 14 POLLOS - Fuller Machinery\" \/>\n<meta property=\"og:description\" content=\"Horno asador de pollos a gas es un equipo de cocina dise\u00f1ado espec\u00edficamente para asar pollos u otras aves utilizando gas como fuente de combustible. Este tipo de horno es com\u00fanmente utilizado en entornos comerciales, como restaurantes, rotiser\u00edas, parrillas y establecimientos de comida para llevar.  Cuenta con seis quemadores y seis brochetas, los quemadores se pueden controlar de forma independiente. La distancia entre el quemador y la brocheta se puede ajustar. Tiene rayo infrarrojo.  \u00bfC\u00f3mo funciona?  Funcionamiento B\u00e1sico:  1. Preparaci\u00f3n de los pollos: Los pollos se colocan en las canastillas o espetones. Estas canastillas se aseguran en su lugar para que giren con el motor.  2. Encendido del horno: Se enciende la fuente de calor, ya sea el\u00e9ctrica o a gas, y se ajusta la temperatura seg\u00fan la receta.  3. Inicio de la rotaci\u00f3n: Se activa el motor de rotaci\u00f3n, comenzando a girar las canastillas o espetones con los pollos.  4. Cocci\u00f3n uniforme: A medida que los pollos giran, la fuente de calor cocina uniformemente todas las superficies, resultando en una carne jugosa y una piel dorada y crujiente.  5. Control de temperatura y tiempo: El usuario puede ajustar la temperatura y el tiempo seg\u00fan la receta o las preferencias de cocci\u00f3n.  6. Finalizaci\u00f3n y servido: Una vez completada la cocci\u00f3n, se detiene la rotaci\u00f3n y se retiran los pollos del horno. Est\u00e1n listos para ser servidos.\" \/>\n<meta property=\"og:url\" content=\"https:\/\/tienda.fullermachinery.com\/index.php\/producto\/asador-de-pollos-a-gas\/\" \/>\n<meta property=\"og:site_name\" content=\"Fuller Machinery\" \/>\n<meta property=\"article:modified_time\" content=\"2025-07-10T16:01:23+00:00\" \/>\n<meta property=\"og:image\" content=\"https:\/\/tienda.fullermachinery.com\/wp-content\/uploads\/2021\/08\/Horno-asador-de-12-pollos-2.png\" \/>\n\t<meta property=\"og:image:width\" content=\"2000\" \/>\n\t<meta property=\"og:image:height\" content=\"2000\" \/>\n\t<meta property=\"og:image:type\" content=\"image\/png\" \/>\n<meta name=\"twitter:card\" content=\"summary_large_image\" \/>\n<meta name=\"twitter:label1\" content=\"Tiempo de lectura\" \/>\n\t<meta name=\"twitter:data1\" content=\"1 minuto\" \/>\n<script type=\"application\/ld+json\" class=\"yoast-schema-graph\">{\"@context\":\"https:\\\/\\\/schema.org\",\"@graph\":[{\"@type\":\"WebPage\",\"@id\":\"https:\\\/\\\/tienda.fullermachinery.com\\\/index.php\\\/producto\\\/asador-de-pollos-a-gas\\\/\",\"url\":\"https:\\\/\\\/tienda.fullermachinery.com\\\/index.php\\\/producto\\\/asador-de-pollos-a-gas\\\/\",\"name\":\"HORNO PARA POLLOS CAPACIDAD 14 POLLOS - Fuller Machinery\",\"isPartOf\":{\"@id\":\"https:\\\/\\\/tienda.fullermachinery.com\\\/#website\"},\"primaryImageOfPage\":{\"@id\":\"https:\\\/\\\/tienda.fullermachinery.com\\\/index.php\\\/producto\\\/asador-de-pollos-a-gas\\\/#primaryimage\"},\"image\":{\"@id\":\"https:\\\/\\\/tienda.fullermachinery.com\\\/index.php\\\/producto\\\/asador-de-pollos-a-gas\\\/#primaryimage\"},\"thumbnailUrl\":\"https:\\\/\\\/tienda.fullermachinery.com\\\/wp-content\\\/uploads\\\/2021\\\/08\\\/Horno-asador-de-12-pollos-2.png\",\"datePublished\":\"2021-08-27T16:48:12+00:00\",\"dateModified\":\"2025-07-10T16:01:23+00:00\",\"breadcrumb\":{\"@id\":\"https:\\\/\\\/tienda.fullermachinery.com\\\/index.php\\\/producto\\\/asador-de-pollos-a-gas\\\/#breadcrumb\"},\"inLanguage\":\"es\",\"potentialAction\":[{\"@type\":\"ReadAction\",\"target\":[\"https:\\\/\\\/tienda.fullermachinery.com\\\/index.php\\\/producto\\\/asador-de-pollos-a-gas\\\/\"]}]},{\"@type\":\"ImageObject\",\"inLanguage\":\"es\",\"@id\":\"https:\\\/\\\/tienda.fullermachinery.com\\\/index.php\\\/producto\\\/asador-de-pollos-a-gas\\\/#primaryimage\",\"url\":\"https:\\\/\\\/tienda.fullermachinery.com\\\/wp-content\\\/uploads\\\/2021\\\/08\\\/Horno-asador-de-12-pollos-2.png\",\"contentUrl\":\"https:\\\/\\\/tienda.fullermachinery.com\\\/wp-content\\\/uploads\\\/2021\\\/08\\\/Horno-asador-de-12-pollos-2.png\",\"width\":2000,\"height\":2000},{\"@type\":\"BreadcrumbList\",\"@id\":\"https:\\\/\\\/tienda.fullermachinery.com\\\/index.php\\\/producto\\\/asador-de-pollos-a-gas\\\/#breadcrumb\",\"itemListElement\":[{\"@type\":\"ListItem\",\"position\":1,\"name\":\"Portada\",\"item\":\"https:\\\/\\\/tienda.fullermachinery.com\\\/\"},{\"@type\":\"ListItem\",\"position\":2,\"name\":\"Productos\",\"item\":\"https:\\\/\\\/tienda.fullermachinery.com\\\/index.php\\\/shop\\\/\"},{\"@type\":\"ListItem\",\"position\":3,\"name\":\"HORNO PARA POLLOS CAPACIDAD 14 POLLOS\"}]},{\"@type\":\"WebSite\",\"@id\":\"https:\\\/\\\/tienda.fullermachinery.com\\\/#website\",\"url\":\"https:\\\/\\\/tienda.fullermachinery.com\\\/\",\"name\":\"Fuller Machinery\",\"description\":\"Importaci\u00f3n y comercializaci\u00f3n de m\u00e1quinas industriales para el sector de alimentos\",\"publisher\":{\"@id\":\"https:\\\/\\\/tienda.fullermachinery.com\\\/#organization\"},\"potentialAction\":[{\"@type\":\"SearchAction\",\"target\":{\"@type\":\"EntryPoint\",\"urlTemplate\":\"https:\\\/\\\/tienda.fullermachinery.com\\\/?s={search_term_string}\"},\"query-input\":{\"@type\":\"PropertyValueSpecification\",\"valueRequired\":true,\"valueName\":\"search_term_string\"}}],\"inLanguage\":\"es\"},{\"@type\":\"Organization\",\"@id\":\"https:\\\/\\\/tienda.fullermachinery.com\\\/#organization\",\"name\":\"Fuller Machinery\",\"url\":\"https:\\\/\\\/tienda.fullermachinery.com\\\/\",\"logo\":{\"@type\":\"ImageObject\",\"inLanguage\":\"es\",\"@id\":\"https:\\\/\\\/tienda.fullermachinery.com\\\/#\\\/schema\\\/logo\\\/image\\\/\",\"url\":\"https:\\\/\\\/tienda.fullermachinery.com\\\/wp-content\\\/uploads\\\/2023\\\/08\\\/logo-fuller-transparente.png\",\"contentUrl\":\"https:\\\/\\\/tienda.fullermachinery.com\\\/wp-content\\\/uploads\\\/2023\\\/08\\\/logo-fuller-transparente.png\",\"width\":2208,\"height\":644,\"caption\":\"Fuller Machinery\"},\"image\":{\"@id\":\"https:\\\/\\\/tienda.fullermachinery.com\\\/#\\\/schema\\\/logo\\\/image\\\/\"}}]}<\/script>\n<!-- \/ Yoast SEO plugin. -->","yoast_head_json":{"title":"HORNO PARA POLLOS CAPACIDAD 14 POLLOS - Fuller Machinery","robots":{"index":"index","follow":"follow","max-snippet":"max-snippet:-1","max-image-preview":"max-image-preview:large","max-video-preview":"max-video-preview:-1"},"canonical":"https:\/\/tienda.fullermachinery.com\/index.php\/producto\/asador-de-pollos-a-gas\/","og_locale":"es_ES","og_type":"article","og_title":"HORNO PARA POLLOS CAPACIDAD 14 POLLOS - Fuller Machinery","og_description":"Horno asador de pollos a gas es un equipo de cocina dise\u00f1ado espec\u00edficamente para asar pollos u otras aves utilizando gas como fuente de combustible. Este tipo de horno es com\u00fanmente utilizado en entornos comerciales, como restaurantes, rotiser\u00edas, parrillas y establecimientos de comida para llevar.  Cuenta con seis quemadores y seis brochetas, los quemadores se pueden controlar de forma independiente. La distancia entre el quemador y la brocheta se puede ajustar. Tiene rayo infrarrojo.  \u00bfC\u00f3mo funciona?  Funcionamiento B\u00e1sico:  1. Preparaci\u00f3n de los pollos: Los pollos se colocan en las canastillas o espetones. Estas canastillas se aseguran en su lugar para que giren con el motor.  2. Encendido del horno: Se enciende la fuente de calor, ya sea el\u00e9ctrica o a gas, y se ajusta la temperatura seg\u00fan la receta.  3. Inicio de la rotaci\u00f3n: Se activa el motor de rotaci\u00f3n, comenzando a girar las canastillas o espetones con los pollos.  4. Cocci\u00f3n uniforme: A medida que los pollos giran, la fuente de calor cocina uniformemente todas las superficies, resultando en una carne jugosa y una piel dorada y crujiente.  5. Control de temperatura y tiempo: El usuario puede ajustar la temperatura y el tiempo seg\u00fan la receta o las preferencias de cocci\u00f3n.  6. Finalizaci\u00f3n y servido: Una vez completada la cocci\u00f3n, se detiene la rotaci\u00f3n y se retiran los pollos del horno. Est\u00e1n listos para ser servidos.","og_url":"https:\/\/tienda.fullermachinery.com\/index.php\/producto\/asador-de-pollos-a-gas\/","og_site_name":"Fuller Machinery","article_modified_time":"2025-07-10T16:01:23+00:00","og_image":[{"width":2000,"height":2000,"url":"https:\/\/tienda.fullermachinery.com\/wp-content\/uploads\/2021\/08\/Horno-asador-de-12-pollos-2.png","type":"image\/png"}],"twitter_card":"summary_large_image","twitter_misc":{"Tiempo de lectura":"1 minuto"},"schema":{"@context":"https:\/\/schema.org","@graph":[{"@type":"WebPage","@id":"https:\/\/tienda.fullermachinery.com\/index.php\/producto\/asador-de-pollos-a-gas\/","url":"https:\/\/tienda.fullermachinery.com\/index.php\/producto\/asador-de-pollos-a-gas\/","name":"HORNO PARA POLLOS CAPACIDAD 14 POLLOS - Fuller Machinery","isPartOf":{"@id":"https:\/\/tienda.fullermachinery.com\/#website"},"primaryImageOfPage":{"@id":"https:\/\/tienda.fullermachinery.com\/index.php\/producto\/asador-de-pollos-a-gas\/#primaryimage"},"image":{"@id":"https:\/\/tienda.fullermachinery.com\/index.php\/producto\/asador-de-pollos-a-gas\/#primaryimage"},"thumbnailUrl":"https:\/\/tienda.fullermachinery.com\/wp-content\/uploads\/2021\/08\/Horno-asador-de-12-pollos-2.png","datePublished":"2021-08-27T16:48:12+00:00","dateModified":"2025-07-10T16:01:23+00:00","breadcrumb":{"@id":"https:\/\/tienda.fullermachinery.com\/index.php\/producto\/asador-de-pollos-a-gas\/#breadcrumb"},"inLanguage":"es","potentialAction":[{"@type":"ReadAction","target":["https:\/\/tienda.fullermachinery.com\/index.php\/producto\/asador-de-pollos-a-gas\/"]}]},{"@type":"ImageObject","inLanguage":"es","@id":"https:\/\/tienda.fullermachinery.com\/index.php\/producto\/asador-de-pollos-a-gas\/#primaryimage","url":"https:\/\/tienda.fullermachinery.com\/wp-content\/uploads\/2021\/08\/Horno-asador-de-12-pollos-2.png","contentUrl":"https:\/\/tienda.fullermachinery.com\/wp-content\/uploads\/2021\/08\/Horno-asador-de-12-pollos-2.png","width":2000,"height":2000},{"@type":"BreadcrumbList","@id":"https:\/\/tienda.fullermachinery.com\/index.php\/producto\/asador-de-pollos-a-gas\/#breadcrumb","itemListElement":[{"@type":"ListItem","position":1,"name":"Portada","item":"https:\/\/tienda.fullermachinery.com\/"},{"@type":"ListItem","position":2,"name":"Productos","item":"https:\/\/tienda.fullermachinery.com\/index.php\/shop\/"},{"@type":"ListItem","position":3,"name":"HORNO PARA POLLOS CAPACIDAD 14 POLLOS"}]},{"@type":"WebSite","@id":"https:\/\/tienda.fullermachinery.com\/#website","url":"https:\/\/tienda.fullermachinery.com\/","name":"Fuller Machinery","description":"Importaci\u00f3n y comercializaci\u00f3n de m\u00e1quinas industriales para el sector de alimentos","publisher":{"@id":"https:\/\/tienda.fullermachinery.com\/#organization"},"potentialAction":[{"@type":"SearchAction","target":{"@type":"EntryPoint","urlTemplate":"https:\/\/tienda.fullermachinery.com\/?s={search_term_string}"},"query-input":{"@type":"PropertyValueSpecification","valueRequired":true,"valueName":"search_term_string"}}],"inLanguage":"es"},{"@type":"Organization","@id":"https:\/\/tienda.fullermachinery.com\/#organization","name":"Fuller Machinery","url":"https:\/\/tienda.fullermachinery.com\/","logo":{"@type":"ImageObject","inLanguage":"es","@id":"https:\/\/tienda.fullermachinery.com\/#\/schema\/logo\/image\/","url":"https:\/\/tienda.fullermachinery.com\/wp-content\/uploads\/2023\/08\/logo-fuller-transparente.png","contentUrl":"https:\/\/tienda.fullermachinery.com\/wp-content\/uploads\/2023\/08\/logo-fuller-transparente.png","width":2208,"height":644,"caption":"Fuller Machinery"},"image":{"@id":"https:\/\/tienda.fullermachinery.com\/#\/schema\/logo\/image\/"}}]}},"jetpack_sharing_enabled":true,"_links":{"self":[{"href":"https:\/\/tienda.fullermachinery.com\/index.php\/wp-json\/wp\/v2\/product\/344","targetHints":{"allow":["GET"]}}],"collection":[{"href":"https:\/\/tienda.fullermachinery.com\/index.php\/wp-json\/wp\/v2\/product"}],"about":[{"href":"https:\/\/tienda.fullermachinery.com\/index.php\/wp-json\/wp\/v2\/types\/product"}],"replies":[{"embeddable":true,"href":"https:\/\/tienda.fullermachinery.com\/index.php\/wp-json\/wp\/v2\/comments?post=344"}],"version-history":[{"count":8,"href":"https:\/\/tienda.fullermachinery.com\/index.php\/wp-json\/wp\/v2\/product\/344\/revisions"}],"predecessor-version":[{"id":18575,"href":"https:\/\/tienda.fullermachinery.com\/index.php\/wp-json\/wp\/v2\/product\/344\/revisions\/18575"}],"wp:featuredmedia":[{"embeddable":true,"href":"https:\/\/tienda.fullermachinery.com\/index.php\/wp-json\/wp\/v2\/media\/15622"}],"wp:attachment":[{"href":"https:\/\/tienda.fullermachinery.com\/index.php\/wp-json\/wp\/v2\/media?parent=344"}],"wp:term":[{"taxonomy":"product_brand","embeddable":true,"href":"https:\/\/tienda.fullermachinery.com\/index.php\/wp-json\/wp\/v2\/product_brand?post=344"},{"taxonomy":"product_cat","embeddable":true,"href":"https:\/\/tienda.fullermachinery.com\/index.php\/wp-json\/wp\/v2\/product_cat?post=344"},{"taxonomy":"product_tag","embeddable":true,"href":"https:\/\/tienda.fullermachinery.com\/index.php\/wp-json\/wp\/v2\/product_tag?post=344"}],"curies":[{"name":"wp","href":"https:\/\/api.w.org\/{rel}","templated":true}]}}