{"id":19336,"date":"2026-05-12T15:11:26","date_gmt":"2026-05-12T20:11:26","guid":{"rendered":"https:\/\/tienda.fullermachinery.com\/?post_type=product&#038;p=19336"},"modified":"2026-05-12T16:03:22","modified_gmt":"2026-05-12T21:03:22","slug":"rollo-empacadora-al-vacio-24cm5mt","status":"publish","type":"product","link":"https:\/\/tienda.fullermachinery.com\/index.php\/producto\/rollo-empacadora-al-vacio-24cm5mt\/","title":{"rendered":"ROLLO EMPACADORA AL VACIO 25CM*5MT"},"content":{"rendered":"<p data-start=\"90\" data-end=\"278\">El <strong data-start=\"124\" data-end=\"170\">Rollo para Empacadora al Vac\u00edo 25 cm x 5 m<\/strong> es una soluci\u00f3n pr\u00e1ctica para conservar alimentos por m\u00e1s tiempo, manteniendo su frescura, sabor y calidad.<\/p>\n<p data-start=\"280\" data-end=\"461\">Fabricado con material <strong data-start=\"303\" data-end=\"323\">corrugado y liso<\/strong>, permite una extracci\u00f3n eficiente del aire, logrando un sellado herm\u00e9tico que protege los alimentos contra la humedad y la contaminaci\u00f3n.<\/p>\n<p data-start=\"463\" data-end=\"596\">Su formato en rollo permite <strong data-start=\"491\" data-end=\"536\">cortar la medida exacta seg\u00fan el producto<\/strong>, optimizando el uso del material y reduciendo desperdicios.<\/p>\n<p data-start=\"598\" data-end=\"734\">Es ideal para almacenar alimentos en refrigeraci\u00f3n o congelaci\u00f3n, ayudando a prolongar su vida \u00fatil y mejorar la organizaci\u00f3n en cocina.<\/p>\n<h3 data-section-id=\"tcr4w1\" data-start=\"741\" data-end=\"776\">\ud83d\udd27 Caracter\u00edsticas principales:<\/h3>\n<ul data-start=\"777\" data-end=\"988\">\n<li data-section-id=\"1k0ygqg\" data-start=\"777\" data-end=\"817\">Tipo: rollo para empacadora al vac\u00edo<\/li>\n<li data-section-id=\"1rmfvl7\" data-start=\"818\" data-end=\"846\">Medida: 25 cm \u00d7 5 metros<\/li>\n<li data-section-id=\"1jottnw\" data-start=\"847\" data-end=\"870\">Color: transparente<\/li>\n<li data-section-id=\"81pv4v\" data-start=\"871\" data-end=\"901\">Material: corrugado + liso<\/li>\n<li data-section-id=\"w7l1z1\" data-start=\"902\" data-end=\"920\">Textura: suave<\/li>\n<li data-section-id=\"qdb7uo\" data-start=\"921\" data-end=\"948\">Resistente a la humedad<\/li>\n<li data-section-id=\"18730n\" data-start=\"949\" data-end=\"988\">Compatible con empacadoras al vac\u00edo<\/li>\n<\/ul>\n<h3 data-section-id=\"13uagx5\" data-start=\"995\" data-end=\"1019\">\ud83d\ude80 Beneficios clave:<\/h3>\n<ul data-start=\"1020\" data-end=\"1221\">\n<li data-section-id=\"hzufpi\" data-start=\"1020\" data-end=\"1064\">Conservaci\u00f3n prolongada de alimentos<\/li>\n<li data-section-id=\"1yij0e\" data-start=\"1065\" data-end=\"1099\">Sellado herm\u00e9tico y seguro<\/li>\n<li data-section-id=\"g2mi80\" data-start=\"1100\" data-end=\"1142\">Corte a medida (menos desperdicio)<\/li>\n<li data-section-id=\"30nl4h\" data-start=\"1143\" data-end=\"1176\">Protecci\u00f3n contra humedad<\/li>\n<li data-section-id=\"128o2gz\" data-start=\"1177\" data-end=\"1221\">Ideal para uso dom\u00e9stico y comercial<\/li>\n<\/ul>\n<p data-start=\"1223\" data-end=\"1317\">Este insumo no solo empaca, te ayuda a reducir p\u00e9rdidas y mejorar el control de tus alimentos.<\/p>\n","protected":false},"excerpt":{"rendered":"<p>Rollo para empacadora al vac\u00edo 25 cm x 5 m. Ideal para conservar alimentos con sellado herm\u00e9tico.<\/p>\n","protected":false},"featured_media":19341,"comment_status":"closed","ping_status":"closed","template":"","meta":[],"product_brand":[],"product_cat":[187,196],"product_tag":[],"class_list":{"0":"post-19336","1":"product","2":"type-product","3":"status-publish","4":"has-post-thumbnail","6":"product_cat-equipos-de-empaque","7":"product_cat-rollo-de-empaque-al-vacio","9":"first","10":"instock","11":"shipping-taxable","12":"purchasable","13":"product-type-simple"},"yoast_head":"<!-- This site is optimized with the Yoast SEO plugin v27.6 - https:\/\/yoast.com\/product\/yoast-seo-wordpress\/ -->\n<title>ROLLO EMPACADORA AL VACIO 25CM*5MT - Fuller Machinery<\/title>\n<meta name=\"description\" content=\"Rollo para empacadora al vac\u00edo 25x5 m transparente. Ideal para conservaci\u00f3n de alimentos y sellado seguro.\" \/>\n<meta name=\"robots\" content=\"index, follow, max-snippet:-1, max-image-preview:large, max-video-preview:-1\" \/>\n<link rel=\"canonical\" href=\"https:\/\/tienda.fullermachinery.com\/index.php\/producto\/rollo-empacadora-al-vacio-24cm5mt\/\" \/>\n<meta property=\"og:locale\" content=\"es_ES\" \/>\n<meta property=\"og:type\" content=\"article\" \/>\n<meta property=\"og:title\" content=\"ROLLO EMPACADORA AL VACIO 25CM*5MT - Fuller Machinery\" \/>\n<meta property=\"og:description\" content=\"Rollo para empacadora al vac\u00edo 25x5 m transparente. Ideal para conservaci\u00f3n de alimentos y sellado seguro.\" \/>\n<meta property=\"og:url\" content=\"https:\/\/tienda.fullermachinery.com\/index.php\/producto\/rollo-empacadora-al-vacio-24cm5mt\/\" \/>\n<meta property=\"og:site_name\" content=\"Fuller Machinery\" \/>\n<meta property=\"article:modified_time\" content=\"2026-05-12T21:03:22+00:00\" \/>\n<meta property=\"og:image\" content=\"https:\/\/tienda.fullermachinery.com\/wp-content\/uploads\/2026\/05\/Gemini_Generated_Image_phk3rvphk3rvphk3-800x800.png\" \/>\n\t<meta property=\"og:image:width\" content=\"800\" \/>\n\t<meta property=\"og:image:height\" content=\"800\" \/>\n\t<meta property=\"og:image:type\" content=\"image\/png\" \/>\n<meta name=\"twitter:card\" content=\"summary_large_image\" \/>\n<meta name=\"twitter:label1\" content=\"Tiempo de lectura\" \/>\n\t<meta name=\"twitter:data1\" content=\"1 minuto\" \/>\n<script type=\"application\/ld+json\" class=\"yoast-schema-graph\">{\"@context\":\"https:\\\/\\\/schema.org\",\"@graph\":[{\"@type\":\"WebPage\",\"@id\":\"https:\\\/\\\/tienda.fullermachinery.com\\\/index.php\\\/producto\\\/rollo-empacadora-al-vacio-24cm5mt\\\/\",\"url\":\"https:\\\/\\\/tienda.fullermachinery.com\\\/index.php\\\/producto\\\/rollo-empacadora-al-vacio-24cm5mt\\\/\",\"name\":\"ROLLO EMPACADORA AL VACIO 25CM*5MT - Fuller Machinery\",\"isPartOf\":{\"@id\":\"https:\\\/\\\/tienda.fullermachinery.com\\\/#website\"},\"primaryImageOfPage\":{\"@id\":\"https:\\\/\\\/tienda.fullermachinery.com\\\/index.php\\\/producto\\\/rollo-empacadora-al-vacio-24cm5mt\\\/#primaryimage\"},\"image\":{\"@id\":\"https:\\\/\\\/tienda.fullermachinery.com\\\/index.php\\\/producto\\\/rollo-empacadora-al-vacio-24cm5mt\\\/#primaryimage\"},\"thumbnailUrl\":\"https:\\\/\\\/tienda.fullermachinery.com\\\/wp-content\\\/uploads\\\/2026\\\/05\\\/Gemini_Generated_Image_phk3rvphk3rvphk3.png\",\"datePublished\":\"2026-05-12T20:11:26+00:00\",\"dateModified\":\"2026-05-12T21:03:22+00:00\",\"description\":\"Rollo para empacadora al vac\u00edo 25x5 m transparente. Ideal para conservaci\u00f3n de alimentos y sellado seguro.\",\"breadcrumb\":{\"@id\":\"https:\\\/\\\/tienda.fullermachinery.com\\\/index.php\\\/producto\\\/rollo-empacadora-al-vacio-24cm5mt\\\/#breadcrumb\"},\"inLanguage\":\"es\",\"potentialAction\":[{\"@type\":\"ReadAction\",\"target\":[\"https:\\\/\\\/tienda.fullermachinery.com\\\/index.php\\\/producto\\\/rollo-empacadora-al-vacio-24cm5mt\\\/\"]}]},{\"@type\":\"ImageObject\",\"inLanguage\":\"es\",\"@id\":\"https:\\\/\\\/tienda.fullermachinery.com\\\/index.php\\\/producto\\\/rollo-empacadora-al-vacio-24cm5mt\\\/#primaryimage\",\"url\":\"https:\\\/\\\/tienda.fullermachinery.com\\\/wp-content\\\/uploads\\\/2026\\\/05\\\/Gemini_Generated_Image_phk3rvphk3rvphk3.png\",\"contentUrl\":\"https:\\\/\\\/tienda.fullermachinery.com\\\/wp-content\\\/uploads\\\/2026\\\/05\\\/Gemini_Generated_Image_phk3rvphk3rvphk3.png\",\"width\":1024,\"height\":1024},{\"@type\":\"BreadcrumbList\",\"@id\":\"https:\\\/\\\/tienda.fullermachinery.com\\\/index.php\\\/producto\\\/rollo-empacadora-al-vacio-24cm5mt\\\/#breadcrumb\",\"itemListElement\":[{\"@type\":\"ListItem\",\"position\":1,\"name\":\"Portada\",\"item\":\"https:\\\/\\\/tienda.fullermachinery.com\\\/\"},{\"@type\":\"ListItem\",\"position\":2,\"name\":\"Productos\",\"item\":\"https:\\\/\\\/tienda.fullermachinery.com\\\/index.php\\\/shop\\\/\"},{\"@type\":\"ListItem\",\"position\":3,\"name\":\"ROLLO EMPACADORA AL VACIO 25CM*5MT\"}]},{\"@type\":\"WebSite\",\"@id\":\"https:\\\/\\\/tienda.fullermachinery.com\\\/#website\",\"url\":\"https:\\\/\\\/tienda.fullermachinery.com\\\/\",\"name\":\"Fuller Machinery\",\"description\":\"Importaci\u00f3n y comercializaci\u00f3n de m\u00e1quinas industriales para el sector de alimentos\",\"publisher\":{\"@id\":\"https:\\\/\\\/tienda.fullermachinery.com\\\/#organization\"},\"potentialAction\":[{\"@type\":\"SearchAction\",\"target\":{\"@type\":\"EntryPoint\",\"urlTemplate\":\"https:\\\/\\\/tienda.fullermachinery.com\\\/?s={search_term_string}\"},\"query-input\":{\"@type\":\"PropertyValueSpecification\",\"valueRequired\":true,\"valueName\":\"search_term_string\"}}],\"inLanguage\":\"es\"},{\"@type\":\"Organization\",\"@id\":\"https:\\\/\\\/tienda.fullermachinery.com\\\/#organization\",\"name\":\"Fuller Machinery\",\"url\":\"https:\\\/\\\/tienda.fullermachinery.com\\\/\",\"logo\":{\"@type\":\"ImageObject\",\"inLanguage\":\"es\",\"@id\":\"https:\\\/\\\/tienda.fullermachinery.com\\\/#\\\/schema\\\/logo\\\/image\\\/\",\"url\":\"https:\\\/\\\/tienda.fullermachinery.com\\\/wp-content\\\/uploads\\\/2023\\\/08\\\/logo-fuller-transparente.png\",\"contentUrl\":\"https:\\\/\\\/tienda.fullermachinery.com\\\/wp-content\\\/uploads\\\/2023\\\/08\\\/logo-fuller-transparente.png\",\"width\":2208,\"height\":644,\"caption\":\"Fuller Machinery\"},\"image\":{\"@id\":\"https:\\\/\\\/tienda.fullermachinery.com\\\/#\\\/schema\\\/logo\\\/image\\\/\"}}]}<\/script>\n<!-- \/ Yoast SEO plugin. -->","yoast_head_json":{"title":"ROLLO EMPACADORA AL VACIO 25CM*5MT - Fuller Machinery","description":"Rollo para empacadora al vac\u00edo 25x5 m transparente. Ideal para conservaci\u00f3n de alimentos y sellado seguro.","robots":{"index":"index","follow":"follow","max-snippet":"max-snippet:-1","max-image-preview":"max-image-preview:large","max-video-preview":"max-video-preview:-1"},"canonical":"https:\/\/tienda.fullermachinery.com\/index.php\/producto\/rollo-empacadora-al-vacio-24cm5mt\/","og_locale":"es_ES","og_type":"article","og_title":"ROLLO EMPACADORA AL VACIO 25CM*5MT - Fuller Machinery","og_description":"Rollo para empacadora al vac\u00edo 25x5 m transparente. Ideal para conservaci\u00f3n de alimentos y sellado seguro.","og_url":"https:\/\/tienda.fullermachinery.com\/index.php\/producto\/rollo-empacadora-al-vacio-24cm5mt\/","og_site_name":"Fuller Machinery","article_modified_time":"2026-05-12T21:03:22+00:00","og_image":[{"width":800,"height":800,"url":"https:\/\/tienda.fullermachinery.com\/wp-content\/uploads\/2026\/05\/Gemini_Generated_Image_phk3rvphk3rvphk3-800x800.png","type":"image\/png"}],"twitter_card":"summary_large_image","twitter_misc":{"Tiempo de lectura":"1 minuto"},"schema":{"@context":"https:\/\/schema.org","@graph":[{"@type":"WebPage","@id":"https:\/\/tienda.fullermachinery.com\/index.php\/producto\/rollo-empacadora-al-vacio-24cm5mt\/","url":"https:\/\/tienda.fullermachinery.com\/index.php\/producto\/rollo-empacadora-al-vacio-24cm5mt\/","name":"ROLLO EMPACADORA AL VACIO 25CM*5MT - Fuller Machinery","isPartOf":{"@id":"https:\/\/tienda.fullermachinery.com\/#website"},"primaryImageOfPage":{"@id":"https:\/\/tienda.fullermachinery.com\/index.php\/producto\/rollo-empacadora-al-vacio-24cm5mt\/#primaryimage"},"image":{"@id":"https:\/\/tienda.fullermachinery.com\/index.php\/producto\/rollo-empacadora-al-vacio-24cm5mt\/#primaryimage"},"thumbnailUrl":"https:\/\/tienda.fullermachinery.com\/wp-content\/uploads\/2026\/05\/Gemini_Generated_Image_phk3rvphk3rvphk3.png","datePublished":"2026-05-12T20:11:26+00:00","dateModified":"2026-05-12T21:03:22+00:00","description":"Rollo para empacadora al vac\u00edo 25x5 m transparente. Ideal para conservaci\u00f3n de alimentos y sellado seguro.","breadcrumb":{"@id":"https:\/\/tienda.fullermachinery.com\/index.php\/producto\/rollo-empacadora-al-vacio-24cm5mt\/#breadcrumb"},"inLanguage":"es","potentialAction":[{"@type":"ReadAction","target":["https:\/\/tienda.fullermachinery.com\/index.php\/producto\/rollo-empacadora-al-vacio-24cm5mt\/"]}]},{"@type":"ImageObject","inLanguage":"es","@id":"https:\/\/tienda.fullermachinery.com\/index.php\/producto\/rollo-empacadora-al-vacio-24cm5mt\/#primaryimage","url":"https:\/\/tienda.fullermachinery.com\/wp-content\/uploads\/2026\/05\/Gemini_Generated_Image_phk3rvphk3rvphk3.png","contentUrl":"https:\/\/tienda.fullermachinery.com\/wp-content\/uploads\/2026\/05\/Gemini_Generated_Image_phk3rvphk3rvphk3.png","width":1024,"height":1024},{"@type":"BreadcrumbList","@id":"https:\/\/tienda.fullermachinery.com\/index.php\/producto\/rollo-empacadora-al-vacio-24cm5mt\/#breadcrumb","itemListElement":[{"@type":"ListItem","position":1,"name":"Portada","item":"https:\/\/tienda.fullermachinery.com\/"},{"@type":"ListItem","position":2,"name":"Productos","item":"https:\/\/tienda.fullermachinery.com\/index.php\/shop\/"},{"@type":"ListItem","position":3,"name":"ROLLO EMPACADORA AL VACIO 25CM*5MT"}]},{"@type":"WebSite","@id":"https:\/\/tienda.fullermachinery.com\/#website","url":"https:\/\/tienda.fullermachinery.com\/","name":"Fuller Machinery","description":"Importaci\u00f3n y comercializaci\u00f3n de m\u00e1quinas industriales para el sector de alimentos","publisher":{"@id":"https:\/\/tienda.fullermachinery.com\/#organization"},"potentialAction":[{"@type":"SearchAction","target":{"@type":"EntryPoint","urlTemplate":"https:\/\/tienda.fullermachinery.com\/?s={search_term_string}"},"query-input":{"@type":"PropertyValueSpecification","valueRequired":true,"valueName":"search_term_string"}}],"inLanguage":"es"},{"@type":"Organization","@id":"https:\/\/tienda.fullermachinery.com\/#organization","name":"Fuller Machinery","url":"https:\/\/tienda.fullermachinery.com\/","logo":{"@type":"ImageObject","inLanguage":"es","@id":"https:\/\/tienda.fullermachinery.com\/#\/schema\/logo\/image\/","url":"https:\/\/tienda.fullermachinery.com\/wp-content\/uploads\/2023\/08\/logo-fuller-transparente.png","contentUrl":"https:\/\/tienda.fullermachinery.com\/wp-content\/uploads\/2023\/08\/logo-fuller-transparente.png","width":2208,"height":644,"caption":"Fuller Machinery"},"image":{"@id":"https:\/\/tienda.fullermachinery.com\/#\/schema\/logo\/image\/"}}]}},"jetpack_sharing_enabled":true,"_links":{"self":[{"href":"https:\/\/tienda.fullermachinery.com\/index.php\/wp-json\/wp\/v2\/product\/19336","targetHints":{"allow":["GET"]}}],"collection":[{"href":"https:\/\/tienda.fullermachinery.com\/index.php\/wp-json\/wp\/v2\/product"}],"about":[{"href":"https:\/\/tienda.fullermachinery.com\/index.php\/wp-json\/wp\/v2\/types\/product"}],"replies":[{"embeddable":true,"href":"https:\/\/tienda.fullermachinery.com\/index.php\/wp-json\/wp\/v2\/comments?post=19336"}],"version-history":[{"count":3,"href":"https:\/\/tienda.fullermachinery.com\/index.php\/wp-json\/wp\/v2\/product\/19336\/revisions"}],"predecessor-version":[{"id":19349,"href":"https:\/\/tienda.fullermachinery.com\/index.php\/wp-json\/wp\/v2\/product\/19336\/revisions\/19349"}],"wp:featuredmedia":[{"embeddable":true,"href":"https:\/\/tienda.fullermachinery.com\/index.php\/wp-json\/wp\/v2\/media\/19341"}],"wp:attachment":[{"href":"https:\/\/tienda.fullermachinery.com\/index.php\/wp-json\/wp\/v2\/media?parent=19336"}],"wp:term":[{"taxonomy":"product_brand","embeddable":true,"href":"https:\/\/tienda.fullermachinery.com\/index.php\/wp-json\/wp\/v2\/product_brand?post=19336"},{"taxonomy":"product_cat","embeddable":true,"href":"https:\/\/tienda.fullermachinery.com\/index.php\/wp-json\/wp\/v2\/product_cat?post=19336"},{"taxonomy":"product_tag","embeddable":true,"href":"https:\/\/tienda.fullermachinery.com\/index.php\/wp-json\/wp\/v2\/product_tag?post=19336"}],"curies":[{"name":"wp","href":"https:\/\/api.w.org\/{rel}","templated":true}]}}