{"id":19273,"date":"2026-05-12T08:45:17","date_gmt":"2026-05-12T13:45:17","guid":{"rendered":"https:\/\/tienda.fullermachinery.com\/?post_type=product&#038;p=19273"},"modified":"2026-05-12T08:45:18","modified_gmt":"2026-05-12T13:45:18","slug":"maquina-selladora-de-bolsas-plasticas-30-cm","status":"publish","type":"product","link":"https:\/\/tienda.fullermachinery.com\/index.php\/producto\/maquina-selladora-de-bolsas-plasticas-30-cm\/","title":{"rendered":"M\u00c1QUINA SELLADORA DE BOLSAS PL\u00c1STICAS 30 CM"},"content":{"rendered":"<p data-start=\"149\" data-end=\"327\">La m\u00e1quina selladora de bolsas pl\u00e1sticas de 30 cm \u00a0es una soluci\u00f3n pr\u00e1ctica y econ\u00f3mica para sellado de empaques en negocios de bajo y medio volumen.<\/p>\n<p data-start=\"329\" data-end=\"484\">Su sistema tipo <strong data-start=\"345\" data-end=\"390\">guillotina con activaci\u00f3n por microswitch<\/strong> permite realizar sellados r\u00e1pidos y uniformes con un manejo sencillo, ideal para uso en mesa.<\/p>\n<p data-start=\"486\" data-end=\"677\">Cuenta con una <strong data-start=\"501\" data-end=\"533\">longitud de sellado de 30 cm<\/strong> y un sello plano de <strong data-start=\"554\" data-end=\"571\">4 mm de ancho<\/strong>, adecuado para empaques peque\u00f1os en materiales termosellables como polietileno (PE) y polipropileno (PP).<\/p>\n<p data-start=\"679\" data-end=\"823\">Gracias a su dise\u00f1o compacto y liviano, con carcasa en pl\u00e1stico industrial, es f\u00e1cil de ubicar y transportar, optimizando el espacio de trabajo.<\/p>\n<h3 data-section-id=\"tcr4w1\" data-start=\"825\" data-end=\"860\">\ud83d\udd27 Caracter\u00edsticas principales:<\/h3>\n<ul data-start=\"861\" data-end=\"1210\">\n<li data-section-id=\"63fl7k\" data-start=\"861\" data-end=\"904\">Tipo: selladora de mesa tipo guillotina<\/li>\n<li data-section-id=\"1yfvy0k\" data-start=\"905\" data-end=\"927\">Alimentaci\u00f3n: 110V<\/li>\n<li data-section-id=\"1axl3fh\" data-start=\"928\" data-end=\"947\">Potencia: 300 W<\/li>\n<li data-section-id=\"1x92xgd\" data-start=\"948\" data-end=\"980\">Dimensiones: 60 \u00d7 11 \u00d7 10 cm<\/li>\n<li data-section-id=\"xf6ev9\" data-start=\"981\" data-end=\"995\">Peso: 2 kg<\/li>\n<li data-section-id=\"1t9ztb8\" data-start=\"996\" data-end=\"1026\">Longitud de sellado: 30 cm<\/li>\n<li data-section-id=\"196bnjp\" data-start=\"1027\" data-end=\"1051\">Ancho de sello: 4 mm<\/li>\n<li data-section-id=\"1984vi9\" data-start=\"1052\" data-end=\"1085\">Material: pl\u00e1stico industrial<\/li>\n<li data-section-id=\"1fihq8i\" data-start=\"1086\" data-end=\"1116\">Activaci\u00f3n por microswitch<\/li>\n<li data-section-id=\"17zo6vk\" data-start=\"1117\" data-end=\"1138\">Resistencia plana<\/li>\n<li data-section-id=\"1xnyrl5\" data-start=\"1139\" data-end=\"1174\">Led indicador de fin de sellado<\/li>\n<li data-section-id=\"1244ri5\" data-start=\"1175\" data-end=\"1210\">Incluye repuesto de resistencia<\/li>\n<\/ul>\n<h3 data-section-id=\"yd2mm6\" data-start=\"1212\" data-end=\"1242\">\u26a0\ufe0f Recomendaciones de uso:<\/h3>\n<ul data-start=\"1243\" data-end=\"1287\">\n<li data-section-id=\"bmkfix\" data-start=\"1243\" data-end=\"1287\">Utilizar bolsas termosellables (PE o PP)<\/li>\n<\/ul>\n<h3 data-section-id=\"13uagx5\" data-start=\"1289\" data-end=\"1313\">\ud83d\ude80 Beneficios clave:<\/h3>\n<ul data-start=\"1314\" data-end=\"1466\">\n<li data-section-id=\"15ddy2m\" data-start=\"1314\" data-end=\"1341\">Compacta y port\u00e1til<\/li>\n<li data-section-id=\"16dbx99\" data-start=\"1342\" data-end=\"1363\">F\u00e1cil de usar<\/li>\n<li data-section-id=\"a7tj65\" data-start=\"1364\" data-end=\"1397\">Sellado r\u00e1pido y uniforme<\/li>\n<li data-section-id=\"13xwi5m\" data-start=\"1398\" data-end=\"1429\">Bajo costo de inversi\u00f3n<\/li>\n<li data-section-id=\"3uw7r1\" data-start=\"1430\" data-end=\"1466\">Ideal para empaques peque\u00f1os<\/li>\n<\/ul>\n<p data-start=\"1468\" data-end=\"1561\">Este equipo es perfecto para operaciones b\u00e1sicas que necesitan eficiencia sin complicaciones.<\/p>\n","protected":false},"excerpt":{"rendered":"<p data-start=\"1613\" data-end=\"1719\">Selladora de bolsas 30 cm compacta y f\u00e1cil de usar. Ideal para empaques peque\u00f1os y sellado r\u00e1pido en mesa.<\/p>\n","protected":false},"featured_media":0,"comment_status":"closed","ping_status":"closed","template":"","meta":[],"product_brand":[],"product_cat":[187,241],"product_tag":[],"class_list":{"0":"post-19273","1":"product","2":"type-product","3":"status-publish","5":"product_cat-equipos-de-empaque","6":"product_cat-selladora-de-bolsas","8":"first","9":"instock","10":"shipping-taxable","11":"purchasable","12":"product-type-simple"},"yoast_head":"<!-- This site is optimized with the Yoast SEO plugin v27.6 - https:\/\/yoast.com\/product\/yoast-seo-wordpress\/ -->\n<title>M\u00c1QUINA SELLADORA DE BOLSAS PL\u00c1STICAS 30 CM - Fuller Machinery<\/title>\n<meta name=\"description\" content=\"Selladora de bolsas 30 cm con dise\u00f1o compacto y sellado r\u00e1pido. Ideal para empaques peque\u00f1os y uso pr\u00e1ctico.\" \/>\n<meta name=\"robots\" content=\"index, follow, max-snippet:-1, max-image-preview:large, max-video-preview:-1\" \/>\n<link rel=\"canonical\" href=\"https:\/\/tienda.fullermachinery.com\/index.php\/producto\/maquina-selladora-de-bolsas-plasticas-30-cm\/\" \/>\n<meta property=\"og:locale\" content=\"es_ES\" \/>\n<meta property=\"og:type\" content=\"article\" \/>\n<meta property=\"og:title\" content=\"M\u00c1QUINA SELLADORA DE BOLSAS PL\u00c1STICAS 30 CM - Fuller Machinery\" \/>\n<meta property=\"og:description\" content=\"Selladora de bolsas 30 cm con dise\u00f1o compacto y sellado r\u00e1pido. Ideal para empaques peque\u00f1os y uso pr\u00e1ctico.\" \/>\n<meta property=\"og:url\" content=\"https:\/\/tienda.fullermachinery.com\/index.php\/producto\/maquina-selladora-de-bolsas-plasticas-30-cm\/\" \/>\n<meta property=\"og:site_name\" content=\"Fuller Machinery\" \/>\n<meta property=\"article:modified_time\" content=\"2026-05-12T13:45:18+00:00\" \/>\n<meta name=\"twitter:card\" content=\"summary_large_image\" \/>\n<meta name=\"twitter:label1\" content=\"Tiempo de lectura\" \/>\n\t<meta name=\"twitter:data1\" content=\"1 minuto\" \/>\n<script type=\"application\/ld+json\" class=\"yoast-schema-graph\">{\"@context\":\"https:\\\/\\\/schema.org\",\"@graph\":[{\"@type\":\"WebPage\",\"@id\":\"https:\\\/\\\/tienda.fullermachinery.com\\\/index.php\\\/producto\\\/maquina-selladora-de-bolsas-plasticas-30-cm\\\/\",\"url\":\"https:\\\/\\\/tienda.fullermachinery.com\\\/index.php\\\/producto\\\/maquina-selladora-de-bolsas-plasticas-30-cm\\\/\",\"name\":\"M\u00c1QUINA SELLADORA DE BOLSAS PL\u00c1STICAS 30 CM - Fuller Machinery\",\"isPartOf\":{\"@id\":\"https:\\\/\\\/tienda.fullermachinery.com\\\/#website\"},\"datePublished\":\"2026-05-12T13:45:17+00:00\",\"dateModified\":\"2026-05-12T13:45:18+00:00\",\"description\":\"Selladora de bolsas 30 cm con dise\u00f1o compacto y sellado r\u00e1pido. Ideal para empaques peque\u00f1os y uso pr\u00e1ctico.\",\"breadcrumb\":{\"@id\":\"https:\\\/\\\/tienda.fullermachinery.com\\\/index.php\\\/producto\\\/maquina-selladora-de-bolsas-plasticas-30-cm\\\/#breadcrumb\"},\"inLanguage\":\"es\",\"potentialAction\":[{\"@type\":\"ReadAction\",\"target\":[\"https:\\\/\\\/tienda.fullermachinery.com\\\/index.php\\\/producto\\\/maquina-selladora-de-bolsas-plasticas-30-cm\\\/\"]}]},{\"@type\":\"BreadcrumbList\",\"@id\":\"https:\\\/\\\/tienda.fullermachinery.com\\\/index.php\\\/producto\\\/maquina-selladora-de-bolsas-plasticas-30-cm\\\/#breadcrumb\",\"itemListElement\":[{\"@type\":\"ListItem\",\"position\":1,\"name\":\"Portada\",\"item\":\"https:\\\/\\\/tienda.fullermachinery.com\\\/\"},{\"@type\":\"ListItem\",\"position\":2,\"name\":\"Productos\",\"item\":\"https:\\\/\\\/tienda.fullermachinery.com\\\/index.php\\\/shop\\\/\"},{\"@type\":\"ListItem\",\"position\":3,\"name\":\"M\u00c1QUINA SELLADORA DE BOLSAS PL\u00c1STICAS 30 CM\"}]},{\"@type\":\"WebSite\",\"@id\":\"https:\\\/\\\/tienda.fullermachinery.com\\\/#website\",\"url\":\"https:\\\/\\\/tienda.fullermachinery.com\\\/\",\"name\":\"Fuller Machinery\",\"description\":\"Importaci\u00f3n y comercializaci\u00f3n de m\u00e1quinas industriales para el sector de alimentos\",\"publisher\":{\"@id\":\"https:\\\/\\\/tienda.fullermachinery.com\\\/#organization\"},\"potentialAction\":[{\"@type\":\"SearchAction\",\"target\":{\"@type\":\"EntryPoint\",\"urlTemplate\":\"https:\\\/\\\/tienda.fullermachinery.com\\\/?s={search_term_string}\"},\"query-input\":{\"@type\":\"PropertyValueSpecification\",\"valueRequired\":true,\"valueName\":\"search_term_string\"}}],\"inLanguage\":\"es\"},{\"@type\":\"Organization\",\"@id\":\"https:\\\/\\\/tienda.fullermachinery.com\\\/#organization\",\"name\":\"Fuller Machinery\",\"url\":\"https:\\\/\\\/tienda.fullermachinery.com\\\/\",\"logo\":{\"@type\":\"ImageObject\",\"inLanguage\":\"es\",\"@id\":\"https:\\\/\\\/tienda.fullermachinery.com\\\/#\\\/schema\\\/logo\\\/image\\\/\",\"url\":\"https:\\\/\\\/tienda.fullermachinery.com\\\/wp-content\\\/uploads\\\/2023\\\/08\\\/logo-fuller-transparente.png\",\"contentUrl\":\"https:\\\/\\\/tienda.fullermachinery.com\\\/wp-content\\\/uploads\\\/2023\\\/08\\\/logo-fuller-transparente.png\",\"width\":2208,\"height\":644,\"caption\":\"Fuller Machinery\"},\"image\":{\"@id\":\"https:\\\/\\\/tienda.fullermachinery.com\\\/#\\\/schema\\\/logo\\\/image\\\/\"}}]}<\/script>\n<!-- \/ Yoast SEO plugin. -->","yoast_head_json":{"title":"M\u00c1QUINA SELLADORA DE BOLSAS PL\u00c1STICAS 30 CM - Fuller Machinery","description":"Selladora de bolsas 30 cm con dise\u00f1o compacto y sellado r\u00e1pido. Ideal para empaques peque\u00f1os y uso pr\u00e1ctico.","robots":{"index":"index","follow":"follow","max-snippet":"max-snippet:-1","max-image-preview":"max-image-preview:large","max-video-preview":"max-video-preview:-1"},"canonical":"https:\/\/tienda.fullermachinery.com\/index.php\/producto\/maquina-selladora-de-bolsas-plasticas-30-cm\/","og_locale":"es_ES","og_type":"article","og_title":"M\u00c1QUINA SELLADORA DE BOLSAS PL\u00c1STICAS 30 CM - Fuller Machinery","og_description":"Selladora de bolsas 30 cm con dise\u00f1o compacto y sellado r\u00e1pido. Ideal para empaques peque\u00f1os y uso pr\u00e1ctico.","og_url":"https:\/\/tienda.fullermachinery.com\/index.php\/producto\/maquina-selladora-de-bolsas-plasticas-30-cm\/","og_site_name":"Fuller Machinery","article_modified_time":"2026-05-12T13:45:18+00:00","twitter_card":"summary_large_image","twitter_misc":{"Tiempo de lectura":"1 minuto"},"schema":{"@context":"https:\/\/schema.org","@graph":[{"@type":"WebPage","@id":"https:\/\/tienda.fullermachinery.com\/index.php\/producto\/maquina-selladora-de-bolsas-plasticas-30-cm\/","url":"https:\/\/tienda.fullermachinery.com\/index.php\/producto\/maquina-selladora-de-bolsas-plasticas-30-cm\/","name":"M\u00c1QUINA SELLADORA DE BOLSAS PL\u00c1STICAS 30 CM - Fuller Machinery","isPartOf":{"@id":"https:\/\/tienda.fullermachinery.com\/#website"},"datePublished":"2026-05-12T13:45:17+00:00","dateModified":"2026-05-12T13:45:18+00:00","description":"Selladora de bolsas 30 cm con dise\u00f1o compacto y sellado r\u00e1pido. Ideal para empaques peque\u00f1os y uso pr\u00e1ctico.","breadcrumb":{"@id":"https:\/\/tienda.fullermachinery.com\/index.php\/producto\/maquina-selladora-de-bolsas-plasticas-30-cm\/#breadcrumb"},"inLanguage":"es","potentialAction":[{"@type":"ReadAction","target":["https:\/\/tienda.fullermachinery.com\/index.php\/producto\/maquina-selladora-de-bolsas-plasticas-30-cm\/"]}]},{"@type":"BreadcrumbList","@id":"https:\/\/tienda.fullermachinery.com\/index.php\/producto\/maquina-selladora-de-bolsas-plasticas-30-cm\/#breadcrumb","itemListElement":[{"@type":"ListItem","position":1,"name":"Portada","item":"https:\/\/tienda.fullermachinery.com\/"},{"@type":"ListItem","position":2,"name":"Productos","item":"https:\/\/tienda.fullermachinery.com\/index.php\/shop\/"},{"@type":"ListItem","position":3,"name":"M\u00c1QUINA SELLADORA DE BOLSAS PL\u00c1STICAS 30 CM"}]},{"@type":"WebSite","@id":"https:\/\/tienda.fullermachinery.com\/#website","url":"https:\/\/tienda.fullermachinery.com\/","name":"Fuller Machinery","description":"Importaci\u00f3n y comercializaci\u00f3n de m\u00e1quinas industriales para el sector de alimentos","publisher":{"@id":"https:\/\/tienda.fullermachinery.com\/#organization"},"potentialAction":[{"@type":"SearchAction","target":{"@type":"EntryPoint","urlTemplate":"https:\/\/tienda.fullermachinery.com\/?s={search_term_string}"},"query-input":{"@type":"PropertyValueSpecification","valueRequired":true,"valueName":"search_term_string"}}],"inLanguage":"es"},{"@type":"Organization","@id":"https:\/\/tienda.fullermachinery.com\/#organization","name":"Fuller Machinery","url":"https:\/\/tienda.fullermachinery.com\/","logo":{"@type":"ImageObject","inLanguage":"es","@id":"https:\/\/tienda.fullermachinery.com\/#\/schema\/logo\/image\/","url":"https:\/\/tienda.fullermachinery.com\/wp-content\/uploads\/2023\/08\/logo-fuller-transparente.png","contentUrl":"https:\/\/tienda.fullermachinery.com\/wp-content\/uploads\/2023\/08\/logo-fuller-transparente.png","width":2208,"height":644,"caption":"Fuller Machinery"},"image":{"@id":"https:\/\/tienda.fullermachinery.com\/#\/schema\/logo\/image\/"}}]}},"jetpack_sharing_enabled":true,"_links":{"self":[{"href":"https:\/\/tienda.fullermachinery.com\/index.php\/wp-json\/wp\/v2\/product\/19273","targetHints":{"allow":["GET"]}}],"collection":[{"href":"https:\/\/tienda.fullermachinery.com\/index.php\/wp-json\/wp\/v2\/product"}],"about":[{"href":"https:\/\/tienda.fullermachinery.com\/index.php\/wp-json\/wp\/v2\/types\/product"}],"replies":[{"embeddable":true,"href":"https:\/\/tienda.fullermachinery.com\/index.php\/wp-json\/wp\/v2\/comments?post=19273"}],"version-history":[{"count":1,"href":"https:\/\/tienda.fullermachinery.com\/index.php\/wp-json\/wp\/v2\/product\/19273\/revisions"}],"predecessor-version":[{"id":19274,"href":"https:\/\/tienda.fullermachinery.com\/index.php\/wp-json\/wp\/v2\/product\/19273\/revisions\/19274"}],"wp:attachment":[{"href":"https:\/\/tienda.fullermachinery.com\/index.php\/wp-json\/wp\/v2\/media?parent=19273"}],"wp:term":[{"taxonomy":"product_brand","embeddable":true,"href":"https:\/\/tienda.fullermachinery.com\/index.php\/wp-json\/wp\/v2\/product_brand?post=19273"},{"taxonomy":"product_cat","embeddable":true,"href":"https:\/\/tienda.fullermachinery.com\/index.php\/wp-json\/wp\/v2\/product_cat?post=19273"},{"taxonomy":"product_tag","embeddable":true,"href":"https:\/\/tienda.fullermachinery.com\/index.php\/wp-json\/wp\/v2\/product_tag?post=19273"}],"curies":[{"name":"wp","href":"https:\/\/api.w.org\/{rel}","templated":true}]}}