{"id":19269,"date":"2026-05-04T13:55:22","date_gmt":"2026-05-04T18:55:22","guid":{"rendered":"https:\/\/tienda.fullermachinery.com\/?post_type=product&#038;p=19269"},"modified":"2026-05-06T08:17:26","modified_gmt":"2026-05-06T13:17:26","slug":"selladora-de-bolsas-40-cm","status":"publish","type":"product","link":"https:\/\/tienda.fullermachinery.com\/index.php\/producto\/selladora-de-bolsas-40-cm\/","title":{"rendered":"SELLADORA DE BOLSAS 40 CM"},"content":{"rendered":"<p data-start=\"129\" data-end=\"308\">La\u00a0 <strong data-start=\"161\" data-end=\"190\">Selladora de Bolsas 40 cm<\/strong> es una soluci\u00f3n pr\u00e1ctica y econ\u00f3mica para negocios que necesitan sellar empaques de forma r\u00e1pida, limpia y eficiente.<\/p>\n<p data-start=\"310\" data-end=\"508\">Su sistema de funcionamiento tipo <strong data-start=\"344\" data-end=\"389\">guillotina con activaci\u00f3n por microswitch<\/strong> permite realizar sellados precisos con un simple movimiento, facilitando el uso incluso para personal sin experiencia.<\/p>\n<p data-start=\"510\" data-end=\"709\">Cuenta con una <strong data-start=\"525\" data-end=\"557\">longitud de sellado de 40 cm<\/strong> y un sello plano de <strong data-start=\"578\" data-end=\"595\">4 mm de ancho<\/strong>, ideal para empaques peque\u00f1os y medianos en materiales termosellables como polietileno (PE) y polipropileno (PP).<\/p>\n<p data-start=\"711\" data-end=\"853\">Su dise\u00f1o compacto y ligero, con carcasa en pl\u00e1stico industrial, la hace perfecta para uso en mesa, optimizando espacio en el \u00e1rea de trabajo.<\/p>\n<h3 data-section-id=\"tcr4w1\" data-start=\"855\" data-end=\"890\">\ud83d\udd27 Caracter\u00edsticas principales:<\/h3>\n<ul data-start=\"891\" data-end=\"1240\">\n<li data-section-id=\"63fl7k\" data-start=\"891\" data-end=\"934\">Tipo: selladora de mesa tipo guillotina<\/li>\n<li data-section-id=\"1yfvy0k\" data-start=\"935\" data-end=\"957\">Alimentaci\u00f3n: 110V<\/li>\n<li data-section-id=\"aenrx6\" data-start=\"958\" data-end=\"977\">Potencia: 400 W<\/li>\n<li data-section-id=\"1x92xgd\" data-start=\"978\" data-end=\"1010\">Dimensiones: 60 \u00d7 11 \u00d7 10 cm<\/li>\n<li data-section-id=\"xf6ev9\" data-start=\"1011\" data-end=\"1025\">Peso: 2 kg<\/li>\n<li data-section-id=\"gxvqsj\" data-start=\"1026\" data-end=\"1056\">Longitud de sellado: 40 cm<\/li>\n<li data-section-id=\"196bnjp\" data-start=\"1057\" data-end=\"1081\">Ancho de sello: 4 mm<\/li>\n<li data-section-id=\"1984vi9\" data-start=\"1082\" data-end=\"1115\">Material: pl\u00e1stico industrial<\/li>\n<li data-section-id=\"1fihq8i\" data-start=\"1116\" data-end=\"1146\">Activaci\u00f3n por microswitch<\/li>\n<li data-section-id=\"17zo6vk\" data-start=\"1147\" data-end=\"1168\">Resistencia plana<\/li>\n<li data-section-id=\"1xnyrl5\" data-start=\"1169\" data-end=\"1204\">Led indicador de fin de sellado<\/li>\n<li data-section-id=\"1244ri5\" data-start=\"1205\" data-end=\"1240\">Incluye repuesto de resistencia<\/li>\n<\/ul>\n<h3 data-section-id=\"yd2mm6\" data-start=\"1242\" data-end=\"1272\">\u26a0\ufe0f Recomendaciones de uso:<\/h3>\n<ul data-start=\"1273\" data-end=\"1317\">\n<li data-section-id=\"bmkfix\" data-start=\"1273\" data-end=\"1317\">Utilizar bolsas termosellables polietileno y polipropileno<\/li>\n<\/ul>\n<h3 data-section-id=\"13uagx5\" data-start=\"1319\" data-end=\"1343\">\ud83d\ude80 Beneficios clave:<\/h3>\n<ul data-start=\"1344\" data-end=\"1554\">\n<li data-section-id=\"17gb5ej\" data-start=\"1344\" data-end=\"1400\">Compacta y ligera: ideal para espacios reducidos<\/li>\n<li data-section-id=\"1p3ng0t\" data-start=\"1401\" data-end=\"1447\">F\u00e1cil de usar: no requiere experiencia<\/li>\n<li data-section-id=\"4hmf82\" data-start=\"1448\" data-end=\"1479\">Sellado r\u00e1pido y limpio<\/li>\n<li data-section-id=\"13xwi5m\" data-start=\"1480\" data-end=\"1511\">Bajo costo de inversi\u00f3n<\/li>\n<li data-section-id=\"1upk2mj\" data-start=\"1512\" data-end=\"1554\">Perfecta para bajo y medio volumen<\/li>\n<\/ul>\n","protected":false},"excerpt":{"rendered":"<p>Selladora de bolsas 40 cm tipo guillotina, compacta y f\u00e1cil de usar. Ideal para sellado r\u00e1pido en mesa.<\/p>\n","protected":false},"featured_media":0,"comment_status":"closed","ping_status":"closed","template":"","meta":[],"product_brand":[],"product_cat":[187,241],"product_tag":[],"class_list":{"0":"post-19269","1":"product","2":"type-product","3":"status-publish","5":"product_cat-equipos-de-empaque","6":"product_cat-selladora-de-bolsas","8":"first","9":"instock","10":"shipping-taxable","11":"purchasable","12":"product-type-simple"},"yoast_head":"<!-- This site is optimized with the Yoast SEO plugin v27.5 - https:\/\/yoast.com\/product\/yoast-seo-wordpress\/ -->\n<title>SELLADORA DE BOLSAS 40 CM - Fuller Machinery<\/title>\n<meta name=\"description\" content=\"Selladora de bolsas 40 cm compacta con sellado r\u00e1pido y preciso. Ideal para empaques en mesa y uso pr\u00e1ctico.\" \/>\n<meta name=\"robots\" content=\"index, follow, max-snippet:-1, max-image-preview:large, max-video-preview:-1\" \/>\n<link rel=\"canonical\" href=\"https:\/\/tienda.fullermachinery.com\/index.php\/producto\/selladora-de-bolsas-40-cm\/\" \/>\n<meta property=\"og:locale\" content=\"es_ES\" \/>\n<meta property=\"og:type\" content=\"article\" \/>\n<meta property=\"og:title\" content=\"SELLADORA DE BOLSAS 40 CM - Fuller Machinery\" \/>\n<meta property=\"og:description\" content=\"Selladora de bolsas 40 cm compacta con sellado r\u00e1pido y preciso. Ideal para empaques en mesa y uso pr\u00e1ctico.\" \/>\n<meta property=\"og:url\" content=\"https:\/\/tienda.fullermachinery.com\/index.php\/producto\/selladora-de-bolsas-40-cm\/\" \/>\n<meta property=\"og:site_name\" content=\"Fuller Machinery\" \/>\n<meta property=\"article:modified_time\" content=\"2026-05-06T13:17:26+00:00\" \/>\n<meta name=\"twitter:card\" content=\"summary_large_image\" \/>\n<meta name=\"twitter:label1\" content=\"Tiempo de lectura\" \/>\n\t<meta name=\"twitter:data1\" content=\"1 minuto\" \/>\n<script type=\"application\/ld+json\" class=\"yoast-schema-graph\">{\"@context\":\"https:\\\/\\\/schema.org\",\"@graph\":[{\"@type\":\"WebPage\",\"@id\":\"https:\\\/\\\/tienda.fullermachinery.com\\\/index.php\\\/producto\\\/selladora-de-bolsas-40-cm\\\/\",\"url\":\"https:\\\/\\\/tienda.fullermachinery.com\\\/index.php\\\/producto\\\/selladora-de-bolsas-40-cm\\\/\",\"name\":\"SELLADORA DE BOLSAS 40 CM - Fuller Machinery\",\"isPartOf\":{\"@id\":\"https:\\\/\\\/tienda.fullermachinery.com\\\/#website\"},\"datePublished\":\"2026-05-04T18:55:22+00:00\",\"dateModified\":\"2026-05-06T13:17:26+00:00\",\"description\":\"Selladora de bolsas 40 cm compacta con sellado r\u00e1pido y preciso. Ideal para empaques en mesa y uso pr\u00e1ctico.\",\"breadcrumb\":{\"@id\":\"https:\\\/\\\/tienda.fullermachinery.com\\\/index.php\\\/producto\\\/selladora-de-bolsas-40-cm\\\/#breadcrumb\"},\"inLanguage\":\"es\",\"potentialAction\":[{\"@type\":\"ReadAction\",\"target\":[\"https:\\\/\\\/tienda.fullermachinery.com\\\/index.php\\\/producto\\\/selladora-de-bolsas-40-cm\\\/\"]}]},{\"@type\":\"BreadcrumbList\",\"@id\":\"https:\\\/\\\/tienda.fullermachinery.com\\\/index.php\\\/producto\\\/selladora-de-bolsas-40-cm\\\/#breadcrumb\",\"itemListElement\":[{\"@type\":\"ListItem\",\"position\":1,\"name\":\"Portada\",\"item\":\"https:\\\/\\\/tienda.fullermachinery.com\\\/\"},{\"@type\":\"ListItem\",\"position\":2,\"name\":\"Productos\",\"item\":\"https:\\\/\\\/tienda.fullermachinery.com\\\/index.php\\\/shop\\\/\"},{\"@type\":\"ListItem\",\"position\":3,\"name\":\"SELLADORA DE BOLSAS 40 CM\"}]},{\"@type\":\"WebSite\",\"@id\":\"https:\\\/\\\/tienda.fullermachinery.com\\\/#website\",\"url\":\"https:\\\/\\\/tienda.fullermachinery.com\\\/\",\"name\":\"Fuller Machinery\",\"description\":\"Importaci\u00f3n y comercializaci\u00f3n de m\u00e1quinas industriales para el sector de alimentos\",\"publisher\":{\"@id\":\"https:\\\/\\\/tienda.fullermachinery.com\\\/#organization\"},\"potentialAction\":[{\"@type\":\"SearchAction\",\"target\":{\"@type\":\"EntryPoint\",\"urlTemplate\":\"https:\\\/\\\/tienda.fullermachinery.com\\\/?s={search_term_string}\"},\"query-input\":{\"@type\":\"PropertyValueSpecification\",\"valueRequired\":true,\"valueName\":\"search_term_string\"}}],\"inLanguage\":\"es\"},{\"@type\":\"Organization\",\"@id\":\"https:\\\/\\\/tienda.fullermachinery.com\\\/#organization\",\"name\":\"Fuller Machinery\",\"url\":\"https:\\\/\\\/tienda.fullermachinery.com\\\/\",\"logo\":{\"@type\":\"ImageObject\",\"inLanguage\":\"es\",\"@id\":\"https:\\\/\\\/tienda.fullermachinery.com\\\/#\\\/schema\\\/logo\\\/image\\\/\",\"url\":\"https:\\\/\\\/tienda.fullermachinery.com\\\/wp-content\\\/uploads\\\/2023\\\/08\\\/logo-fuller-transparente.png\",\"contentUrl\":\"https:\\\/\\\/tienda.fullermachinery.com\\\/wp-content\\\/uploads\\\/2023\\\/08\\\/logo-fuller-transparente.png\",\"width\":2208,\"height\":644,\"caption\":\"Fuller Machinery\"},\"image\":{\"@id\":\"https:\\\/\\\/tienda.fullermachinery.com\\\/#\\\/schema\\\/logo\\\/image\\\/\"}}]}<\/script>\n<!-- \/ Yoast SEO plugin. -->","yoast_head_json":{"title":"SELLADORA DE BOLSAS 40 CM - Fuller Machinery","description":"Selladora de bolsas 40 cm compacta con sellado r\u00e1pido y preciso. Ideal para empaques en mesa y uso pr\u00e1ctico.","robots":{"index":"index","follow":"follow","max-snippet":"max-snippet:-1","max-image-preview":"max-image-preview:large","max-video-preview":"max-video-preview:-1"},"canonical":"https:\/\/tienda.fullermachinery.com\/index.php\/producto\/selladora-de-bolsas-40-cm\/","og_locale":"es_ES","og_type":"article","og_title":"SELLADORA DE BOLSAS 40 CM - Fuller Machinery","og_description":"Selladora de bolsas 40 cm compacta con sellado r\u00e1pido y preciso. Ideal para empaques en mesa y uso pr\u00e1ctico.","og_url":"https:\/\/tienda.fullermachinery.com\/index.php\/producto\/selladora-de-bolsas-40-cm\/","og_site_name":"Fuller Machinery","article_modified_time":"2026-05-06T13:17:26+00:00","twitter_card":"summary_large_image","twitter_misc":{"Tiempo de lectura":"1 minuto"},"schema":{"@context":"https:\/\/schema.org","@graph":[{"@type":"WebPage","@id":"https:\/\/tienda.fullermachinery.com\/index.php\/producto\/selladora-de-bolsas-40-cm\/","url":"https:\/\/tienda.fullermachinery.com\/index.php\/producto\/selladora-de-bolsas-40-cm\/","name":"SELLADORA DE BOLSAS 40 CM - Fuller Machinery","isPartOf":{"@id":"https:\/\/tienda.fullermachinery.com\/#website"},"datePublished":"2026-05-04T18:55:22+00:00","dateModified":"2026-05-06T13:17:26+00:00","description":"Selladora de bolsas 40 cm compacta con sellado r\u00e1pido y preciso. Ideal para empaques en mesa y uso pr\u00e1ctico.","breadcrumb":{"@id":"https:\/\/tienda.fullermachinery.com\/index.php\/producto\/selladora-de-bolsas-40-cm\/#breadcrumb"},"inLanguage":"es","potentialAction":[{"@type":"ReadAction","target":["https:\/\/tienda.fullermachinery.com\/index.php\/producto\/selladora-de-bolsas-40-cm\/"]}]},{"@type":"BreadcrumbList","@id":"https:\/\/tienda.fullermachinery.com\/index.php\/producto\/selladora-de-bolsas-40-cm\/#breadcrumb","itemListElement":[{"@type":"ListItem","position":1,"name":"Portada","item":"https:\/\/tienda.fullermachinery.com\/"},{"@type":"ListItem","position":2,"name":"Productos","item":"https:\/\/tienda.fullermachinery.com\/index.php\/shop\/"},{"@type":"ListItem","position":3,"name":"SELLADORA DE BOLSAS 40 CM"}]},{"@type":"WebSite","@id":"https:\/\/tienda.fullermachinery.com\/#website","url":"https:\/\/tienda.fullermachinery.com\/","name":"Fuller Machinery","description":"Importaci\u00f3n y comercializaci\u00f3n de m\u00e1quinas industriales para el sector de alimentos","publisher":{"@id":"https:\/\/tienda.fullermachinery.com\/#organization"},"potentialAction":[{"@type":"SearchAction","target":{"@type":"EntryPoint","urlTemplate":"https:\/\/tienda.fullermachinery.com\/?s={search_term_string}"},"query-input":{"@type":"PropertyValueSpecification","valueRequired":true,"valueName":"search_term_string"}}],"inLanguage":"es"},{"@type":"Organization","@id":"https:\/\/tienda.fullermachinery.com\/#organization","name":"Fuller Machinery","url":"https:\/\/tienda.fullermachinery.com\/","logo":{"@type":"ImageObject","inLanguage":"es","@id":"https:\/\/tienda.fullermachinery.com\/#\/schema\/logo\/image\/","url":"https:\/\/tienda.fullermachinery.com\/wp-content\/uploads\/2023\/08\/logo-fuller-transparente.png","contentUrl":"https:\/\/tienda.fullermachinery.com\/wp-content\/uploads\/2023\/08\/logo-fuller-transparente.png","width":2208,"height":644,"caption":"Fuller Machinery"},"image":{"@id":"https:\/\/tienda.fullermachinery.com\/#\/schema\/logo\/image\/"}}]}},"jetpack_sharing_enabled":true,"_links":{"self":[{"href":"https:\/\/tienda.fullermachinery.com\/index.php\/wp-json\/wp\/v2\/product\/19269","targetHints":{"allow":["GET"]}}],"collection":[{"href":"https:\/\/tienda.fullermachinery.com\/index.php\/wp-json\/wp\/v2\/product"}],"about":[{"href":"https:\/\/tienda.fullermachinery.com\/index.php\/wp-json\/wp\/v2\/types\/product"}],"replies":[{"embeddable":true,"href":"https:\/\/tienda.fullermachinery.com\/index.php\/wp-json\/wp\/v2\/comments?post=19269"}],"version-history":[{"count":2,"href":"https:\/\/tienda.fullermachinery.com\/index.php\/wp-json\/wp\/v2\/product\/19269\/revisions"}],"predecessor-version":[{"id":19271,"href":"https:\/\/tienda.fullermachinery.com\/index.php\/wp-json\/wp\/v2\/product\/19269\/revisions\/19271"}],"wp:attachment":[{"href":"https:\/\/tienda.fullermachinery.com\/index.php\/wp-json\/wp\/v2\/media?parent=19269"}],"wp:term":[{"taxonomy":"product_brand","embeddable":true,"href":"https:\/\/tienda.fullermachinery.com\/index.php\/wp-json\/wp\/v2\/product_brand?post=19269"},{"taxonomy":"product_cat","embeddable":true,"href":"https:\/\/tienda.fullermachinery.com\/index.php\/wp-json\/wp\/v2\/product_cat?post=19269"},{"taxonomy":"product_tag","embeddable":true,"href":"https:\/\/tienda.fullermachinery.com\/index.php\/wp-json\/wp\/v2\/product_tag?post=19269"}],"curies":[{"name":"wp","href":"https:\/\/api.w.org\/{rel}","templated":true}]}}