{"id":19263,"date":"2026-05-04T12:33:12","date_gmt":"2026-05-04T17:33:12","guid":{"rendered":"https:\/\/tienda.fullermachinery.com\/?post_type=product&#038;p=19263"},"modified":"2026-05-04T12:33:57","modified_gmt":"2026-05-04T17:33:57","slug":"selladora-de-bolsas-de-pedal-45-cm","status":"publish","type":"product","link":"https:\/\/tienda.fullermachinery.com\/index.php\/producto\/selladora-de-bolsas-de-pedal-45-cm\/","title":{"rendered":"SELLADORA DE BOLSAS DE PEDAL 45 CM"},"content":{"rendered":"<p data-start=\"95\" data-end=\"278\">La\u00a0 <strong data-start=\"127\" data-end=\"155\">Selladora de Pedal 45 cm<\/strong> es una soluci\u00f3n eficiente para negocios que requieren sellados firmes, uniformes y de gran longitud en empaques pl\u00e1sticos.<\/p>\n<p data-start=\"280\" data-end=\"462\">Su sistema de <strong data-start=\"294\" data-end=\"321\">accionamiento por pedal<\/strong> permite trabajar con manos libres, facilitando el manejo de bolsas grandes o pesadas y aumentando la productividad en el proceso de empaque.<\/p>\n<p data-start=\"464\" data-end=\"619\">Cuenta con una <strong data-start=\"479\" data-end=\"511\">longitud de sellado de 45 cm<\/strong> y un sello plano de <strong data-start=\"532\" data-end=\"550\">10 mm de ancho<\/strong>, garantizando cierres resistentes, limpios y de acabado profesional.<\/p>\n<p data-start=\"621\" data-end=\"778\">Gracias a su sistema de <strong data-start=\"645\" data-end=\"668\">sellado por impulso<\/strong>, solo consume energ\u00eda en el momento del sellado, optimizando el consumo el\u00e9ctrico sin afectar el rendimiento.<\/p>\n<p data-start=\"780\" data-end=\"906\">Es compatible con bolsas de <strong data-start=\"808\" data-end=\"849\">polietileno (PE) y polipropileno (PP)<\/strong> en diferentes calibres, siempre que sean termosellables.<\/p>\n<h3 data-section-id=\"tcr4w1\" data-start=\"908\" data-end=\"943\">\ud83d\udd27 Caracter\u00edsticas principales:<\/h3>\n<ul data-start=\"944\" data-end=\"1325\">\n<li data-section-id=\"r09wm6\" data-start=\"944\" data-end=\"984\">Tipo: selladora de pedal por impulso<\/li>\n<li data-section-id=\"1yfvy0k\" data-start=\"985\" data-end=\"1007\">Alimentaci\u00f3n: 110V<\/li>\n<li data-section-id=\"1sricw2\" data-start=\"1008\" data-end=\"1028\">Potencia: 1.8 kW<\/li>\n<li data-section-id=\"eyko5i\" data-start=\"1029\" data-end=\"1059\">Longitud de sellado: 45 cm<\/li>\n<li data-section-id=\"1um1i1s\" data-start=\"1060\" data-end=\"1085\">Ancho de sello: 10 mm<\/li>\n<li data-section-id=\"4dfntf\" data-start=\"1086\" data-end=\"1123\">Tiempo de sellado: 0 a 5 segundos<\/li>\n<li data-section-id=\"k6r7ma\" data-start=\"1124\" data-end=\"1179\">Dimensiones: 50 cm alto \u00d7 52 cm ancho \u00d7 33 cm largo<\/li>\n<li data-section-id=\"1bbzvu8\" data-start=\"1180\" data-end=\"1195\">Peso: 25 kg<\/li>\n<li data-section-id=\"i0lg0t\" data-start=\"1196\" data-end=\"1231\">Sistema de pedal (manos libres)<\/li>\n<li data-section-id=\"1xnyrl5\" data-start=\"1232\" data-end=\"1267\">Led indicador de fin de sellado<\/li>\n<li data-section-id=\"17zo6vk\" data-start=\"1268\" data-end=\"1289\">Resistencia plana<\/li>\n<li data-section-id=\"1244ri5\" data-start=\"1290\" data-end=\"1325\">Incluye repuesto de resistencia<\/li>\n<\/ul>\n<h3 data-section-id=\"yd2mm6\" data-start=\"1327\" data-end=\"1357\">\u26a0\ufe0f Recomendaciones de uso:<\/h3>\n<ul data-start=\"1358\" data-end=\"1413\">\n<li data-section-id=\"v35zpt\" data-start=\"1358\" data-end=\"1413\">Utilizar \u00fanicamente bolsas termosellables (PE o PP)<\/li>\n<\/ul>\n<h3 data-section-id=\"13uagx5\" data-start=\"1415\" data-end=\"1439\">\ud83d\ude80 Beneficios clave:<\/h3>\n<ul data-start=\"1440\" data-end=\"1667\">\n<li data-section-id=\"gpz8cl\" data-start=\"1440\" data-end=\"1491\">Mayor productividad: operaci\u00f3n manos libres<\/li>\n<li data-section-id=\"l74zw9\" data-start=\"1492\" data-end=\"1525\">Sellado fuerte y uniforme<\/li>\n<li data-section-id=\"11di77d\" data-start=\"1526\" data-end=\"1569\">Ideal para bolsas grandes o pesadas<\/li>\n<li data-section-id=\"1gbu4jv\" data-start=\"1570\" data-end=\"1617\">Ahorro energ\u00e9tico (sistema por impulso)<\/li>\n<li data-section-id=\"1jnmtxs\" data-start=\"1618\" data-end=\"1667\">F\u00e1cil mantenimiento y repuestos incluidos<\/li>\n<\/ul>\n<p data-start=\"1669\" data-end=\"1768\">Este equipo no solo sella, mejora la eficiencia y calidad del empaque en procesos de mayor volumen.<\/p>\n","protected":false},"excerpt":{"rendered":"<p>Selladora de pedal 45 cm con sello ancho y operaci\u00f3n manos libres. Ideal para empaques grandes y sellado firme.<\/p>\n","protected":false},"featured_media":19265,"comment_status":"closed","ping_status":"closed","template":"","meta":[],"product_brand":[],"product_cat":[187,241],"product_tag":[],"class_list":{"0":"post-19263","1":"product","2":"type-product","3":"status-publish","4":"has-post-thumbnail","6":"product_cat-equipos-de-empaque","7":"product_cat-selladora-de-bolsas","9":"first","10":"instock","11":"shipping-taxable","12":"purchasable","13":"product-type-simple"},"yoast_head":"<!-- This site is optimized with the Yoast SEO plugin v27.5 - https:\/\/yoast.com\/product\/yoast-seo-wordpress\/ -->\n<title>SELLADORA DE BOLSAS DE PEDAL 45 CM - Fuller Machinery<\/title>\n<meta name=\"description\" content=\"Selladora de bolsas de pedal 45 cm con sellado fuerte y eficiente. Ideal para empaques industriales y alto volumen.\" \/>\n<meta name=\"robots\" content=\"index, follow, max-snippet:-1, max-image-preview:large, max-video-preview:-1\" \/>\n<link rel=\"canonical\" href=\"https:\/\/tienda.fullermachinery.com\/index.php\/producto\/selladora-de-bolsas-de-pedal-45-cm\/\" \/>\n<meta property=\"og:locale\" content=\"es_ES\" \/>\n<meta property=\"og:type\" content=\"article\" \/>\n<meta property=\"og:title\" content=\"SELLADORA DE BOLSAS DE PEDAL 45 CM - Fuller Machinery\" \/>\n<meta property=\"og:description\" content=\"Selladora de bolsas de pedal 45 cm con sellado fuerte y eficiente. Ideal para empaques industriales y alto volumen.\" \/>\n<meta property=\"og:url\" content=\"https:\/\/tienda.fullermachinery.com\/index.php\/producto\/selladora-de-bolsas-de-pedal-45-cm\/\" \/>\n<meta property=\"og:site_name\" content=\"Fuller Machinery\" \/>\n<meta property=\"article:modified_time\" content=\"2026-05-04T17:33:57+00:00\" \/>\n<meta property=\"og:image\" content=\"https:\/\/tienda.fullermachinery.com\/wp-content\/uploads\/2026\/05\/SELLADORA-DE-BOLSAS-45CM1.jpg\" \/>\n\t<meta property=\"og:image:width\" content=\"2000\" \/>\n\t<meta property=\"og:image:height\" content=\"2000\" \/>\n\t<meta property=\"og:image:type\" content=\"image\/jpeg\" \/>\n<meta name=\"twitter:card\" content=\"summary_large_image\" \/>\n<meta name=\"twitter:label1\" content=\"Tiempo de lectura\" \/>\n\t<meta name=\"twitter:data1\" content=\"2 minutos\" \/>\n<script type=\"application\/ld+json\" class=\"yoast-schema-graph\">{\"@context\":\"https:\\\/\\\/schema.org\",\"@graph\":[{\"@type\":\"WebPage\",\"@id\":\"https:\\\/\\\/tienda.fullermachinery.com\\\/index.php\\\/producto\\\/selladora-de-bolsas-de-pedal-45-cm\\\/\",\"url\":\"https:\\\/\\\/tienda.fullermachinery.com\\\/index.php\\\/producto\\\/selladora-de-bolsas-de-pedal-45-cm\\\/\",\"name\":\"SELLADORA DE BOLSAS DE PEDAL 45 CM - Fuller Machinery\",\"isPartOf\":{\"@id\":\"https:\\\/\\\/tienda.fullermachinery.com\\\/#website\"},\"primaryImageOfPage\":{\"@id\":\"https:\\\/\\\/tienda.fullermachinery.com\\\/index.php\\\/producto\\\/selladora-de-bolsas-de-pedal-45-cm\\\/#primaryimage\"},\"image\":{\"@id\":\"https:\\\/\\\/tienda.fullermachinery.com\\\/index.php\\\/producto\\\/selladora-de-bolsas-de-pedal-45-cm\\\/#primaryimage\"},\"thumbnailUrl\":\"https:\\\/\\\/tienda.fullermachinery.com\\\/wp-content\\\/uploads\\\/2026\\\/05\\\/SELLADORA-DE-BOLSAS-45CM1.jpg\",\"datePublished\":\"2026-05-04T17:33:12+00:00\",\"dateModified\":\"2026-05-04T17:33:57+00:00\",\"description\":\"Selladora de bolsas de pedal 45 cm con sellado fuerte y eficiente. Ideal para empaques industriales y alto volumen.\",\"breadcrumb\":{\"@id\":\"https:\\\/\\\/tienda.fullermachinery.com\\\/index.php\\\/producto\\\/selladora-de-bolsas-de-pedal-45-cm\\\/#breadcrumb\"},\"inLanguage\":\"es\",\"potentialAction\":[{\"@type\":\"ReadAction\",\"target\":[\"https:\\\/\\\/tienda.fullermachinery.com\\\/index.php\\\/producto\\\/selladora-de-bolsas-de-pedal-45-cm\\\/\"]}]},{\"@type\":\"ImageObject\",\"inLanguage\":\"es\",\"@id\":\"https:\\\/\\\/tienda.fullermachinery.com\\\/index.php\\\/producto\\\/selladora-de-bolsas-de-pedal-45-cm\\\/#primaryimage\",\"url\":\"https:\\\/\\\/tienda.fullermachinery.com\\\/wp-content\\\/uploads\\\/2026\\\/05\\\/SELLADORA-DE-BOLSAS-45CM1.jpg\",\"contentUrl\":\"https:\\\/\\\/tienda.fullermachinery.com\\\/wp-content\\\/uploads\\\/2026\\\/05\\\/SELLADORA-DE-BOLSAS-45CM1.jpg\",\"width\":2000,\"height\":2000},{\"@type\":\"BreadcrumbList\",\"@id\":\"https:\\\/\\\/tienda.fullermachinery.com\\\/index.php\\\/producto\\\/selladora-de-bolsas-de-pedal-45-cm\\\/#breadcrumb\",\"itemListElement\":[{\"@type\":\"ListItem\",\"position\":1,\"name\":\"Portada\",\"item\":\"https:\\\/\\\/tienda.fullermachinery.com\\\/\"},{\"@type\":\"ListItem\",\"position\":2,\"name\":\"Productos\",\"item\":\"https:\\\/\\\/tienda.fullermachinery.com\\\/index.php\\\/shop\\\/\"},{\"@type\":\"ListItem\",\"position\":3,\"name\":\"SELLADORA DE BOLSAS DE PEDAL 45 CM\"}]},{\"@type\":\"WebSite\",\"@id\":\"https:\\\/\\\/tienda.fullermachinery.com\\\/#website\",\"url\":\"https:\\\/\\\/tienda.fullermachinery.com\\\/\",\"name\":\"Fuller Machinery\",\"description\":\"Importaci\u00f3n y comercializaci\u00f3n de m\u00e1quinas industriales para el sector de alimentos\",\"publisher\":{\"@id\":\"https:\\\/\\\/tienda.fullermachinery.com\\\/#organization\"},\"potentialAction\":[{\"@type\":\"SearchAction\",\"target\":{\"@type\":\"EntryPoint\",\"urlTemplate\":\"https:\\\/\\\/tienda.fullermachinery.com\\\/?s={search_term_string}\"},\"query-input\":{\"@type\":\"PropertyValueSpecification\",\"valueRequired\":true,\"valueName\":\"search_term_string\"}}],\"inLanguage\":\"es\"},{\"@type\":\"Organization\",\"@id\":\"https:\\\/\\\/tienda.fullermachinery.com\\\/#organization\",\"name\":\"Fuller Machinery\",\"url\":\"https:\\\/\\\/tienda.fullermachinery.com\\\/\",\"logo\":{\"@type\":\"ImageObject\",\"inLanguage\":\"es\",\"@id\":\"https:\\\/\\\/tienda.fullermachinery.com\\\/#\\\/schema\\\/logo\\\/image\\\/\",\"url\":\"https:\\\/\\\/tienda.fullermachinery.com\\\/wp-content\\\/uploads\\\/2023\\\/08\\\/logo-fuller-transparente.png\",\"contentUrl\":\"https:\\\/\\\/tienda.fullermachinery.com\\\/wp-content\\\/uploads\\\/2023\\\/08\\\/logo-fuller-transparente.png\",\"width\":2208,\"height\":644,\"caption\":\"Fuller Machinery\"},\"image\":{\"@id\":\"https:\\\/\\\/tienda.fullermachinery.com\\\/#\\\/schema\\\/logo\\\/image\\\/\"}}]}<\/script>\n<!-- \/ Yoast SEO plugin. -->","yoast_head_json":{"title":"SELLADORA DE BOLSAS DE PEDAL 45 CM - Fuller Machinery","description":"Selladora de bolsas de pedal 45 cm con sellado fuerte y eficiente. Ideal para empaques industriales y alto volumen.","robots":{"index":"index","follow":"follow","max-snippet":"max-snippet:-1","max-image-preview":"max-image-preview:large","max-video-preview":"max-video-preview:-1"},"canonical":"https:\/\/tienda.fullermachinery.com\/index.php\/producto\/selladora-de-bolsas-de-pedal-45-cm\/","og_locale":"es_ES","og_type":"article","og_title":"SELLADORA DE BOLSAS DE PEDAL 45 CM - Fuller Machinery","og_description":"Selladora de bolsas de pedal 45 cm con sellado fuerte y eficiente. Ideal para empaques industriales y alto volumen.","og_url":"https:\/\/tienda.fullermachinery.com\/index.php\/producto\/selladora-de-bolsas-de-pedal-45-cm\/","og_site_name":"Fuller Machinery","article_modified_time":"2026-05-04T17:33:57+00:00","og_image":[{"width":2000,"height":2000,"url":"https:\/\/tienda.fullermachinery.com\/wp-content\/uploads\/2026\/05\/SELLADORA-DE-BOLSAS-45CM1.jpg","type":"image\/jpeg"}],"twitter_card":"summary_large_image","twitter_misc":{"Tiempo de lectura":"2 minutos"},"schema":{"@context":"https:\/\/schema.org","@graph":[{"@type":"WebPage","@id":"https:\/\/tienda.fullermachinery.com\/index.php\/producto\/selladora-de-bolsas-de-pedal-45-cm\/","url":"https:\/\/tienda.fullermachinery.com\/index.php\/producto\/selladora-de-bolsas-de-pedal-45-cm\/","name":"SELLADORA DE BOLSAS DE PEDAL 45 CM - Fuller Machinery","isPartOf":{"@id":"https:\/\/tienda.fullermachinery.com\/#website"},"primaryImageOfPage":{"@id":"https:\/\/tienda.fullermachinery.com\/index.php\/producto\/selladora-de-bolsas-de-pedal-45-cm\/#primaryimage"},"image":{"@id":"https:\/\/tienda.fullermachinery.com\/index.php\/producto\/selladora-de-bolsas-de-pedal-45-cm\/#primaryimage"},"thumbnailUrl":"https:\/\/tienda.fullermachinery.com\/wp-content\/uploads\/2026\/05\/SELLADORA-DE-BOLSAS-45CM1.jpg","datePublished":"2026-05-04T17:33:12+00:00","dateModified":"2026-05-04T17:33:57+00:00","description":"Selladora de bolsas de pedal 45 cm con sellado fuerte y eficiente. Ideal para empaques industriales y alto volumen.","breadcrumb":{"@id":"https:\/\/tienda.fullermachinery.com\/index.php\/producto\/selladora-de-bolsas-de-pedal-45-cm\/#breadcrumb"},"inLanguage":"es","potentialAction":[{"@type":"ReadAction","target":["https:\/\/tienda.fullermachinery.com\/index.php\/producto\/selladora-de-bolsas-de-pedal-45-cm\/"]}]},{"@type":"ImageObject","inLanguage":"es","@id":"https:\/\/tienda.fullermachinery.com\/index.php\/producto\/selladora-de-bolsas-de-pedal-45-cm\/#primaryimage","url":"https:\/\/tienda.fullermachinery.com\/wp-content\/uploads\/2026\/05\/SELLADORA-DE-BOLSAS-45CM1.jpg","contentUrl":"https:\/\/tienda.fullermachinery.com\/wp-content\/uploads\/2026\/05\/SELLADORA-DE-BOLSAS-45CM1.jpg","width":2000,"height":2000},{"@type":"BreadcrumbList","@id":"https:\/\/tienda.fullermachinery.com\/index.php\/producto\/selladora-de-bolsas-de-pedal-45-cm\/#breadcrumb","itemListElement":[{"@type":"ListItem","position":1,"name":"Portada","item":"https:\/\/tienda.fullermachinery.com\/"},{"@type":"ListItem","position":2,"name":"Productos","item":"https:\/\/tienda.fullermachinery.com\/index.php\/shop\/"},{"@type":"ListItem","position":3,"name":"SELLADORA DE BOLSAS DE PEDAL 45 CM"}]},{"@type":"WebSite","@id":"https:\/\/tienda.fullermachinery.com\/#website","url":"https:\/\/tienda.fullermachinery.com\/","name":"Fuller Machinery","description":"Importaci\u00f3n y comercializaci\u00f3n de m\u00e1quinas industriales para el sector de alimentos","publisher":{"@id":"https:\/\/tienda.fullermachinery.com\/#organization"},"potentialAction":[{"@type":"SearchAction","target":{"@type":"EntryPoint","urlTemplate":"https:\/\/tienda.fullermachinery.com\/?s={search_term_string}"},"query-input":{"@type":"PropertyValueSpecification","valueRequired":true,"valueName":"search_term_string"}}],"inLanguage":"es"},{"@type":"Organization","@id":"https:\/\/tienda.fullermachinery.com\/#organization","name":"Fuller Machinery","url":"https:\/\/tienda.fullermachinery.com\/","logo":{"@type":"ImageObject","inLanguage":"es","@id":"https:\/\/tienda.fullermachinery.com\/#\/schema\/logo\/image\/","url":"https:\/\/tienda.fullermachinery.com\/wp-content\/uploads\/2023\/08\/logo-fuller-transparente.png","contentUrl":"https:\/\/tienda.fullermachinery.com\/wp-content\/uploads\/2023\/08\/logo-fuller-transparente.png","width":2208,"height":644,"caption":"Fuller Machinery"},"image":{"@id":"https:\/\/tienda.fullermachinery.com\/#\/schema\/logo\/image\/"}}]}},"jetpack_sharing_enabled":true,"_links":{"self":[{"href":"https:\/\/tienda.fullermachinery.com\/index.php\/wp-json\/wp\/v2\/product\/19263","targetHints":{"allow":["GET"]}}],"collection":[{"href":"https:\/\/tienda.fullermachinery.com\/index.php\/wp-json\/wp\/v2\/product"}],"about":[{"href":"https:\/\/tienda.fullermachinery.com\/index.php\/wp-json\/wp\/v2\/types\/product"}],"replies":[{"embeddable":true,"href":"https:\/\/tienda.fullermachinery.com\/index.php\/wp-json\/wp\/v2\/comments?post=19263"}],"version-history":[{"count":1,"href":"https:\/\/tienda.fullermachinery.com\/index.php\/wp-json\/wp\/v2\/product\/19263\/revisions"}],"predecessor-version":[{"id":19268,"href":"https:\/\/tienda.fullermachinery.com\/index.php\/wp-json\/wp\/v2\/product\/19263\/revisions\/19268"}],"wp:featuredmedia":[{"embeddable":true,"href":"https:\/\/tienda.fullermachinery.com\/index.php\/wp-json\/wp\/v2\/media\/19265"}],"wp:attachment":[{"href":"https:\/\/tienda.fullermachinery.com\/index.php\/wp-json\/wp\/v2\/media?parent=19263"}],"wp:term":[{"taxonomy":"product_brand","embeddable":true,"href":"https:\/\/tienda.fullermachinery.com\/index.php\/wp-json\/wp\/v2\/product_brand?post=19263"},{"taxonomy":"product_cat","embeddable":true,"href":"https:\/\/tienda.fullermachinery.com\/index.php\/wp-json\/wp\/v2\/product_cat?post=19263"},{"taxonomy":"product_tag","embeddable":true,"href":"https:\/\/tienda.fullermachinery.com\/index.php\/wp-json\/wp\/v2\/product_tag?post=19263"}],"curies":[{"name":"wp","href":"https:\/\/api.w.org\/{rel}","templated":true}]}}