{"id":18528,"date":"2025-07-10T07:57:32","date_gmt":"2025-07-10T12:57:32","guid":{"rendered":"https:\/\/tienda.fullermachinery.com\/?post_type=product&#038;p=18528"},"modified":"2025-07-10T07:57:59","modified_gmt":"2025-07-10T12:57:59","slug":"amasadora-industrial-30-libras-2-velocidades","status":"publish","type":"product","link":"https:\/\/tienda.fullermachinery.com\/index.php\/producto\/amasadora-industrial-30-libras-2-velocidades\/","title":{"rendered":"Amasadora 30 Libras | 2 Velocidades | Motor 2HP | 110V"},"content":{"rendered":"<p data-start=\"857\" data-end=\"948\"><strong data-start=\"857\" data-end=\"948\">Amasadora Industrial 30 Libras | Precisi\u00f3n, potencia y seguridad en tu cocina comercial<\/strong><\/p>\n<p data-start=\"950\" data-end=\"1252\">Esta <strong data-start=\"955\" data-end=\"992\">amasadora industrial de 30 libras<\/strong> est\u00e1 dise\u00f1ada para ofrecer un amasado eficiente, seguro y de alta calidad en panader\u00edas, pizzer\u00edas, pasteler\u00edas y negocios gastron\u00f3micos. Su estructura compacta pero robusta est\u00e1 equipada con un taz\u00f3n de <strong data-start=\"1197\" data-end=\"1217\">acero inoxidable<\/strong> y componentes de alto rendimiento.<\/p>\n<p data-start=\"1254\" data-end=\"1436\">Con <strong data-start=\"1258\" data-end=\"1277\">dos velocidades<\/strong> (150 y 200 rpm), temporizador, rejilla de seguridad y bot\u00f3n de parada de emergencia, es ideal para una operaci\u00f3n continua y controlada en ambientes exigentes.<\/p>\n<hr data-start=\"1438\" data-end=\"1441\" \/>\n<h3 data-start=\"1443\" data-end=\"1479\">\u2699\ufe0f <strong data-start=\"1450\" data-end=\"1479\">Caracter\u00edsticas t\u00e9cnicas:<\/strong><\/h3>\n<ul data-start=\"1481\" data-end=\"1959\">\n<li data-start=\"1481\" data-end=\"1519\">\n<p data-start=\"1483\" data-end=\"1519\"><strong data-start=\"1483\" data-end=\"1507\">Capacidad del taz\u00f3n:<\/strong> 30 libras<\/p>\n<\/li>\n<li data-start=\"1520\" data-end=\"1554\">\n<p data-start=\"1522\" data-end=\"1554\"><strong data-start=\"1522\" data-end=\"1535\">Material:<\/strong> Acero inoxidable<\/p>\n<\/li>\n<li data-start=\"1555\" data-end=\"1585\">\n<p data-start=\"1557\" data-end=\"1585\"><strong data-start=\"1557\" data-end=\"1573\">Velocidad 1:<\/strong> 150 r\/min<\/p>\n<\/li>\n<li data-start=\"1586\" data-end=\"1616\">\n<p data-start=\"1588\" data-end=\"1616\"><strong data-start=\"1588\" data-end=\"1604\">Velocidad 2:<\/strong> 200 r\/min<\/p>\n<\/li>\n<li data-start=\"1617\" data-end=\"1641\">\n<p data-start=\"1619\" data-end=\"1641\"><strong data-start=\"1619\" data-end=\"1632\">Potencia:<\/strong> 1.5 kW<\/p>\n<\/li>\n<li data-start=\"1642\" data-end=\"1664\">\n<p data-start=\"1644\" data-end=\"1664\"><strong data-start=\"1644\" data-end=\"1654\">Motor:<\/strong> 2.00 HP<\/p>\n<\/li>\n<li data-start=\"1665\" data-end=\"1699\">\n<p data-start=\"1667\" data-end=\"1699\"><strong data-start=\"1667\" data-end=\"1684\">Alimentaci\u00f3n:<\/strong> 110V \u2013 60 Hz<\/p>\n<\/li>\n<li data-start=\"1700\" data-end=\"1734\">\n<p data-start=\"1702\" data-end=\"1734\"><strong data-start=\"1702\" data-end=\"1725\">Peso de la m\u00e1quina:<\/strong> 100 kg<\/p>\n<\/li>\n<li data-start=\"1735\" data-end=\"1794\">\n<p data-start=\"1737\" data-end=\"1794\"><strong data-start=\"1737\" data-end=\"1753\">Dimensiones:<\/strong> Alto 90 cm x Largo 75 cm x Ancho 44 cm<\/p>\n<\/li>\n<li data-start=\"1795\" data-end=\"1906\">\n<p data-start=\"1797\" data-end=\"1811\"><strong data-start=\"1797\" data-end=\"1809\">Incluye:<\/strong><\/p>\n<ul data-start=\"1814\" data-end=\"1906\">\n<li data-start=\"1814\" data-end=\"1830\">\n<p data-start=\"1816\" data-end=\"1830\">Temporizador<\/p>\n<\/li>\n<li data-start=\"1833\" data-end=\"1857\">\n<p data-start=\"1835\" data-end=\"1857\">Rejilla de seguridad<\/p>\n<\/li>\n<li data-start=\"1860\" data-end=\"1880\">\n<p data-start=\"1862\" data-end=\"1880\">Bot\u00f3n de apagado<\/p>\n<\/li>\n<li data-start=\"1883\" data-end=\"1906\">\n<p data-start=\"1885\" data-end=\"1906\">Bot\u00f3n de emergencia<\/p>\n<\/li>\n<\/ul>\n<\/li>\n<li data-start=\"1907\" data-end=\"1934\">\n<p data-start=\"1909\" data-end=\"1934\"><strong data-start=\"1909\" data-end=\"1925\">Procedencia:<\/strong> Taiw\u00e1n<\/p>\n<\/li>\n<li data-start=\"1935\" data-end=\"1959\">\n<p data-start=\"1937\" data-end=\"1959\"><strong data-start=\"1937\" data-end=\"1950\">Garant\u00eda:<\/strong> 12 meses<\/p>\n<\/li>\n<\/ul>\n<hr data-start=\"1961\" data-end=\"1964\" \/>\n<h3 data-start=\"1966\" data-end=\"2002\">\u2705 <strong data-start=\"1972\" data-end=\"2002\">Aplicaciones recomendadas:<\/strong><\/h3>\n<ul data-start=\"2004\" data-end=\"2121\">\n<li data-start=\"2004\" data-end=\"2030\">\n<p data-start=\"2006\" data-end=\"2030\">Panader\u00edas y pizzer\u00edas<\/p>\n<\/li>\n<li data-start=\"2031\" data-end=\"2063\">\n<p data-start=\"2033\" data-end=\"2063\">Negocios de comida artesanal<\/p>\n<\/li>\n<li data-start=\"2064\" data-end=\"2121\">\n<p data-start=\"2066\" data-end=\"2121\">Producci\u00f3n de masas para panes, bizcochos, pizzas y m\u00e1s<\/p>\n<\/li>\n<\/ul>\n","protected":false},"excerpt":{"rendered":"<p data-start=\"653\" data-end=\"799\">Amasadora de 30 libras con taz\u00f3n en acero inoxidable, motor 2HP, velocidades 150 y 200 rpm, temporizador y bot\u00f3n de emergencia. Alimentaci\u00f3n 110V.<\/p>\n","protected":false},"featured_media":18531,"comment_status":"open","ping_status":"closed","template":"","meta":[],"product_brand":[],"product_cat":[279],"product_tag":[],"class_list":{"0":"post-18528","1":"product","2":"type-product","3":"status-publish","4":"has-post-thumbnail","6":"product_cat-sin-categorizar","8":"first","9":"instock","10":"shipping-taxable","11":"purchasable","12":"product-type-simple"},"yoast_head":"<!-- This site is optimized with the Yoast SEO plugin v27.4 - https:\/\/yoast.com\/product\/yoast-seo-wordpress\/ -->\n<title>Amasadora 30 Libras | 2 Velocidades | Motor 2HP | 110V - Fuller Machinery<\/title>\n<meta name=\"description\" content=\"Amasadora industrial de 30 lb con 2 velocidades, motor de 2HP, temporizador y rejilla de seguridad. Ideal para panader\u00edas, pizzer\u00edas y negocios de masa.\" \/>\n<meta name=\"robots\" content=\"index, follow, max-snippet:-1, max-image-preview:large, max-video-preview:-1\" \/>\n<link rel=\"canonical\" href=\"https:\/\/tienda.fullermachinery.com\/index.php\/producto\/amasadora-industrial-30-libras-2-velocidades\/\" \/>\n<meta property=\"og:locale\" content=\"es_ES\" \/>\n<meta property=\"og:type\" content=\"article\" \/>\n<meta property=\"og:title\" content=\"Amasadora 30 Libras | 2 Velocidades | Motor 2HP | 110V - Fuller Machinery\" \/>\n<meta property=\"og:description\" content=\"Amasadora industrial de 30 lb con 2 velocidades, motor de 2HP, temporizador y rejilla de seguridad. Ideal para panader\u00edas, pizzer\u00edas y negocios de masa.\" \/>\n<meta property=\"og:url\" content=\"https:\/\/tienda.fullermachinery.com\/index.php\/producto\/amasadora-industrial-30-libras-2-velocidades\/\" \/>\n<meta property=\"og:site_name\" content=\"Fuller Machinery\" \/>\n<meta property=\"article:modified_time\" content=\"2025-07-10T12:57:59+00:00\" \/>\n<meta property=\"og:image\" content=\"https:\/\/tienda.fullermachinery.com\/wp-content\/uploads\/2025\/07\/AMASADORA-30-LIBRAS-2-VELOCIDADES-3.png\" \/>\n\t<meta property=\"og:image:width\" content=\"2000\" \/>\n\t<meta property=\"og:image:height\" content=\"2000\" \/>\n\t<meta property=\"og:image:type\" content=\"image\/png\" \/>\n<meta name=\"twitter:card\" content=\"summary_large_image\" \/>\n<meta name=\"twitter:label1\" content=\"Tiempo de lectura\" \/>\n\t<meta name=\"twitter:data1\" content=\"1 minuto\" \/>\n<script type=\"application\/ld+json\" class=\"yoast-schema-graph\">{\"@context\":\"https:\\\/\\\/schema.org\",\"@graph\":[{\"@type\":\"WebPage\",\"@id\":\"https:\\\/\\\/tienda.fullermachinery.com\\\/index.php\\\/producto\\\/amasadora-industrial-30-libras-2-velocidades\\\/\",\"url\":\"https:\\\/\\\/tienda.fullermachinery.com\\\/index.php\\\/producto\\\/amasadora-industrial-30-libras-2-velocidades\\\/\",\"name\":\"Amasadora 30 Libras | 2 Velocidades | Motor 2HP | 110V - Fuller Machinery\",\"isPartOf\":{\"@id\":\"https:\\\/\\\/tienda.fullermachinery.com\\\/#website\"},\"primaryImageOfPage\":{\"@id\":\"https:\\\/\\\/tienda.fullermachinery.com\\\/index.php\\\/producto\\\/amasadora-industrial-30-libras-2-velocidades\\\/#primaryimage\"},\"image\":{\"@id\":\"https:\\\/\\\/tienda.fullermachinery.com\\\/index.php\\\/producto\\\/amasadora-industrial-30-libras-2-velocidades\\\/#primaryimage\"},\"thumbnailUrl\":\"https:\\\/\\\/tienda.fullermachinery.com\\\/wp-content\\\/uploads\\\/2025\\\/07\\\/AMASADORA-30-LIBRAS-2-VELOCIDADES-3.png\",\"datePublished\":\"2025-07-10T12:57:32+00:00\",\"dateModified\":\"2025-07-10T12:57:59+00:00\",\"description\":\"Amasadora industrial de 30 lb con 2 velocidades, motor de 2HP, temporizador y rejilla de seguridad. Ideal para panader\u00edas, pizzer\u00edas y negocios de masa.\",\"breadcrumb\":{\"@id\":\"https:\\\/\\\/tienda.fullermachinery.com\\\/index.php\\\/producto\\\/amasadora-industrial-30-libras-2-velocidades\\\/#breadcrumb\"},\"inLanguage\":\"es\",\"potentialAction\":[{\"@type\":\"ReadAction\",\"target\":[\"https:\\\/\\\/tienda.fullermachinery.com\\\/index.php\\\/producto\\\/amasadora-industrial-30-libras-2-velocidades\\\/\"]}]},{\"@type\":\"ImageObject\",\"inLanguage\":\"es\",\"@id\":\"https:\\\/\\\/tienda.fullermachinery.com\\\/index.php\\\/producto\\\/amasadora-industrial-30-libras-2-velocidades\\\/#primaryimage\",\"url\":\"https:\\\/\\\/tienda.fullermachinery.com\\\/wp-content\\\/uploads\\\/2025\\\/07\\\/AMASADORA-30-LIBRAS-2-VELOCIDADES-3.png\",\"contentUrl\":\"https:\\\/\\\/tienda.fullermachinery.com\\\/wp-content\\\/uploads\\\/2025\\\/07\\\/AMASADORA-30-LIBRAS-2-VELOCIDADES-3.png\",\"width\":2000,\"height\":2000},{\"@type\":\"BreadcrumbList\",\"@id\":\"https:\\\/\\\/tienda.fullermachinery.com\\\/index.php\\\/producto\\\/amasadora-industrial-30-libras-2-velocidades\\\/#breadcrumb\",\"itemListElement\":[{\"@type\":\"ListItem\",\"position\":1,\"name\":\"Portada\",\"item\":\"https:\\\/\\\/tienda.fullermachinery.com\\\/\"},{\"@type\":\"ListItem\",\"position\":2,\"name\":\"Productos\",\"item\":\"https:\\\/\\\/tienda.fullermachinery.com\\\/index.php\\\/shop\\\/\"},{\"@type\":\"ListItem\",\"position\":3,\"name\":\"Amasadora 30 Libras | 2 Velocidades | Motor 2HP | 110V\"}]},{\"@type\":\"WebSite\",\"@id\":\"https:\\\/\\\/tienda.fullermachinery.com\\\/#website\",\"url\":\"https:\\\/\\\/tienda.fullermachinery.com\\\/\",\"name\":\"Fuller Machinery\",\"description\":\"Importaci\u00f3n y comercializaci\u00f3n de m\u00e1quinas industriales para el sector de alimentos\",\"publisher\":{\"@id\":\"https:\\\/\\\/tienda.fullermachinery.com\\\/#organization\"},\"potentialAction\":[{\"@type\":\"SearchAction\",\"target\":{\"@type\":\"EntryPoint\",\"urlTemplate\":\"https:\\\/\\\/tienda.fullermachinery.com\\\/?s={search_term_string}\"},\"query-input\":{\"@type\":\"PropertyValueSpecification\",\"valueRequired\":true,\"valueName\":\"search_term_string\"}}],\"inLanguage\":\"es\"},{\"@type\":\"Organization\",\"@id\":\"https:\\\/\\\/tienda.fullermachinery.com\\\/#organization\",\"name\":\"Fuller Machinery\",\"url\":\"https:\\\/\\\/tienda.fullermachinery.com\\\/\",\"logo\":{\"@type\":\"ImageObject\",\"inLanguage\":\"es\",\"@id\":\"https:\\\/\\\/tienda.fullermachinery.com\\\/#\\\/schema\\\/logo\\\/image\\\/\",\"url\":\"https:\\\/\\\/tienda.fullermachinery.com\\\/wp-content\\\/uploads\\\/2023\\\/08\\\/logo-fuller-transparente.png\",\"contentUrl\":\"https:\\\/\\\/tienda.fullermachinery.com\\\/wp-content\\\/uploads\\\/2023\\\/08\\\/logo-fuller-transparente.png\",\"width\":2208,\"height\":644,\"caption\":\"Fuller Machinery\"},\"image\":{\"@id\":\"https:\\\/\\\/tienda.fullermachinery.com\\\/#\\\/schema\\\/logo\\\/image\\\/\"}}]}<\/script>\n<!-- \/ Yoast SEO plugin. -->","yoast_head_json":{"title":"Amasadora 30 Libras | 2 Velocidades | Motor 2HP | 110V - Fuller Machinery","description":"Amasadora industrial de 30 lb con 2 velocidades, motor de 2HP, temporizador y rejilla de seguridad. Ideal para panader\u00edas, pizzer\u00edas y negocios de masa.","robots":{"index":"index","follow":"follow","max-snippet":"max-snippet:-1","max-image-preview":"max-image-preview:large","max-video-preview":"max-video-preview:-1"},"canonical":"https:\/\/tienda.fullermachinery.com\/index.php\/producto\/amasadora-industrial-30-libras-2-velocidades\/","og_locale":"es_ES","og_type":"article","og_title":"Amasadora 30 Libras | 2 Velocidades | Motor 2HP | 110V - Fuller Machinery","og_description":"Amasadora industrial de 30 lb con 2 velocidades, motor de 2HP, temporizador y rejilla de seguridad. Ideal para panader\u00edas, pizzer\u00edas y negocios de masa.","og_url":"https:\/\/tienda.fullermachinery.com\/index.php\/producto\/amasadora-industrial-30-libras-2-velocidades\/","og_site_name":"Fuller Machinery","article_modified_time":"2025-07-10T12:57:59+00:00","og_image":[{"width":2000,"height":2000,"url":"https:\/\/tienda.fullermachinery.com\/wp-content\/uploads\/2025\/07\/AMASADORA-30-LIBRAS-2-VELOCIDADES-3.png","type":"image\/png"}],"twitter_card":"summary_large_image","twitter_misc":{"Tiempo de lectura":"1 minuto"},"schema":{"@context":"https:\/\/schema.org","@graph":[{"@type":"WebPage","@id":"https:\/\/tienda.fullermachinery.com\/index.php\/producto\/amasadora-industrial-30-libras-2-velocidades\/","url":"https:\/\/tienda.fullermachinery.com\/index.php\/producto\/amasadora-industrial-30-libras-2-velocidades\/","name":"Amasadora 30 Libras | 2 Velocidades | Motor 2HP | 110V - Fuller Machinery","isPartOf":{"@id":"https:\/\/tienda.fullermachinery.com\/#website"},"primaryImageOfPage":{"@id":"https:\/\/tienda.fullermachinery.com\/index.php\/producto\/amasadora-industrial-30-libras-2-velocidades\/#primaryimage"},"image":{"@id":"https:\/\/tienda.fullermachinery.com\/index.php\/producto\/amasadora-industrial-30-libras-2-velocidades\/#primaryimage"},"thumbnailUrl":"https:\/\/tienda.fullermachinery.com\/wp-content\/uploads\/2025\/07\/AMASADORA-30-LIBRAS-2-VELOCIDADES-3.png","datePublished":"2025-07-10T12:57:32+00:00","dateModified":"2025-07-10T12:57:59+00:00","description":"Amasadora industrial de 30 lb con 2 velocidades, motor de 2HP, temporizador y rejilla de seguridad. Ideal para panader\u00edas, pizzer\u00edas y negocios de masa.","breadcrumb":{"@id":"https:\/\/tienda.fullermachinery.com\/index.php\/producto\/amasadora-industrial-30-libras-2-velocidades\/#breadcrumb"},"inLanguage":"es","potentialAction":[{"@type":"ReadAction","target":["https:\/\/tienda.fullermachinery.com\/index.php\/producto\/amasadora-industrial-30-libras-2-velocidades\/"]}]},{"@type":"ImageObject","inLanguage":"es","@id":"https:\/\/tienda.fullermachinery.com\/index.php\/producto\/amasadora-industrial-30-libras-2-velocidades\/#primaryimage","url":"https:\/\/tienda.fullermachinery.com\/wp-content\/uploads\/2025\/07\/AMASADORA-30-LIBRAS-2-VELOCIDADES-3.png","contentUrl":"https:\/\/tienda.fullermachinery.com\/wp-content\/uploads\/2025\/07\/AMASADORA-30-LIBRAS-2-VELOCIDADES-3.png","width":2000,"height":2000},{"@type":"BreadcrumbList","@id":"https:\/\/tienda.fullermachinery.com\/index.php\/producto\/amasadora-industrial-30-libras-2-velocidades\/#breadcrumb","itemListElement":[{"@type":"ListItem","position":1,"name":"Portada","item":"https:\/\/tienda.fullermachinery.com\/"},{"@type":"ListItem","position":2,"name":"Productos","item":"https:\/\/tienda.fullermachinery.com\/index.php\/shop\/"},{"@type":"ListItem","position":3,"name":"Amasadora 30 Libras | 2 Velocidades | Motor 2HP | 110V"}]},{"@type":"WebSite","@id":"https:\/\/tienda.fullermachinery.com\/#website","url":"https:\/\/tienda.fullermachinery.com\/","name":"Fuller Machinery","description":"Importaci\u00f3n y comercializaci\u00f3n de m\u00e1quinas industriales para el sector de alimentos","publisher":{"@id":"https:\/\/tienda.fullermachinery.com\/#organization"},"potentialAction":[{"@type":"SearchAction","target":{"@type":"EntryPoint","urlTemplate":"https:\/\/tienda.fullermachinery.com\/?s={search_term_string}"},"query-input":{"@type":"PropertyValueSpecification","valueRequired":true,"valueName":"search_term_string"}}],"inLanguage":"es"},{"@type":"Organization","@id":"https:\/\/tienda.fullermachinery.com\/#organization","name":"Fuller Machinery","url":"https:\/\/tienda.fullermachinery.com\/","logo":{"@type":"ImageObject","inLanguage":"es","@id":"https:\/\/tienda.fullermachinery.com\/#\/schema\/logo\/image\/","url":"https:\/\/tienda.fullermachinery.com\/wp-content\/uploads\/2023\/08\/logo-fuller-transparente.png","contentUrl":"https:\/\/tienda.fullermachinery.com\/wp-content\/uploads\/2023\/08\/logo-fuller-transparente.png","width":2208,"height":644,"caption":"Fuller Machinery"},"image":{"@id":"https:\/\/tienda.fullermachinery.com\/#\/schema\/logo\/image\/"}}]}},"jetpack_sharing_enabled":true,"_links":{"self":[{"href":"https:\/\/tienda.fullermachinery.com\/index.php\/wp-json\/wp\/v2\/product\/18528","targetHints":{"allow":["GET"]}}],"collection":[{"href":"https:\/\/tienda.fullermachinery.com\/index.php\/wp-json\/wp\/v2\/product"}],"about":[{"href":"https:\/\/tienda.fullermachinery.com\/index.php\/wp-json\/wp\/v2\/types\/product"}],"replies":[{"embeddable":true,"href":"https:\/\/tienda.fullermachinery.com\/index.php\/wp-json\/wp\/v2\/comments?post=18528"}],"version-history":[{"count":1,"href":"https:\/\/tienda.fullermachinery.com\/index.php\/wp-json\/wp\/v2\/product\/18528\/revisions"}],"predecessor-version":[{"id":18534,"href":"https:\/\/tienda.fullermachinery.com\/index.php\/wp-json\/wp\/v2\/product\/18528\/revisions\/18534"}],"wp:featuredmedia":[{"embeddable":true,"href":"https:\/\/tienda.fullermachinery.com\/index.php\/wp-json\/wp\/v2\/media\/18531"}],"wp:attachment":[{"href":"https:\/\/tienda.fullermachinery.com\/index.php\/wp-json\/wp\/v2\/media?parent=18528"}],"wp:term":[{"taxonomy":"product_brand","embeddable":true,"href":"https:\/\/tienda.fullermachinery.com\/index.php\/wp-json\/wp\/v2\/product_brand?post=18528"},{"taxonomy":"product_cat","embeddable":true,"href":"https:\/\/tienda.fullermachinery.com\/index.php\/wp-json\/wp\/v2\/product_cat?post=18528"},{"taxonomy":"product_tag","embeddable":true,"href":"https:\/\/tienda.fullermachinery.com\/index.php\/wp-json\/wp\/v2\/product_tag?post=18528"}],"curies":[{"name":"wp","href":"https:\/\/api.w.org\/{rel}","templated":true}]}}