{"id":18026,"date":"2025-06-03T17:26:36","date_gmt":"2025-06-03T22:26:36","guid":{"rendered":"https:\/\/tienda.fullermachinery.com\/?post_type=product&#038;p=18026"},"modified":"2025-06-03T17:28:48","modified_gmt":"2025-06-03T22:28:48","slug":"fabricadora-de-hielo-fuller-machinery-30kg-cubos-110v-c-filtros","status":"publish","type":"product","link":"https:\/\/tienda.fullermachinery.com\/index.php\/producto\/fabricadora-de-hielo-fuller-machinery-30kg-cubos-110v-c-filtros\/","title":{"rendered":"Fabricadora De Hielo Fuller Machinery 30kg Cubos 110v C\/ Filtros"},"content":{"rendered":"<p data-start=\"444\" data-end=\"636\">Fabricadora de hielo en cubos de 30 kg\/d\u00eda con filtros incluidos. Ideal para negocios como bares, hoteles y restaurantes. Bajo consumo, funcionamiento continuo y dise\u00f1o compacto. Voltaje 110V.<\/p>\n<h3 data-start=\"695\" data-end=\"761\">Fabricadora De Hielo Fuller Machinery \u2013 30kg\/d\u00eda con Filtros<\/h3>\n<p data-start=\"763\" data-end=\"1102\">La soluci\u00f3n profesional para generar hielo de forma autom\u00e1tica, continua y eficiente. Esta m\u00e1quina de 30 kilos diarios es perfecta para restaurantes, bares, hoteles y negocios de comida. Su dise\u00f1o compacto, silencioso y con bajo consumo energ\u00e9tico, la convierte en la opci\u00f3n ideal para quienes buscan independencia de proveedores de hielo.<\/p>\n<h3 data-start=\"1109\" data-end=\"1143\">Caracter\u00edsticas Principales<\/h3>\n<ul data-start=\"1145\" data-end=\"1435\">\n<li data-start=\"1145\" data-end=\"1182\">\n<p data-start=\"1147\" data-end=\"1182\"><strong data-start=\"1147\" data-end=\"1169\">Producci\u00f3n diaria:<\/strong> 25 a 30 kg<\/p>\n<\/li>\n<li data-start=\"1183\" data-end=\"1231\">\n<p data-start=\"1185\" data-end=\"1231\"><strong data-start=\"1185\" data-end=\"1203\">Tipo de hielo:<\/strong> Cubos s\u00f3lidos y uniformes<\/p>\n<\/li>\n<li data-start=\"1232\" data-end=\"1260\">\n<p data-start=\"1234\" data-end=\"1260\"><strong data-start=\"1234\" data-end=\"1246\">Voltaje:<\/strong> 110V \u2013 60Hz<\/p>\n<\/li>\n<li data-start=\"1261\" data-end=\"1286\">\n<p data-start=\"1263\" data-end=\"1286\"><strong data-start=\"1263\" data-end=\"1276\">Potencia:<\/strong> 0,24 kW<\/p>\n<\/li>\n<li data-start=\"1287\" data-end=\"1323\">\n<p data-start=\"1289\" data-end=\"1323\"><strong data-start=\"1289\" data-end=\"1306\">Refrigerante:<\/strong> R290 ecol\u00f3gico<\/p>\n<\/li>\n<li data-start=\"1324\" data-end=\"1375\">\n<p data-start=\"1326\" data-end=\"1375\"><strong data-start=\"1326\" data-end=\"1339\">Material:<\/strong> Pl\u00e1stico duro de alta resistencia<\/p>\n<\/li>\n<li data-start=\"1376\" data-end=\"1408\">\n<p data-start=\"1378\" data-end=\"1408\"><strong data-start=\"1378\" data-end=\"1386\">Uso:<\/strong> Comercial intensivo<\/p>\n<\/li>\n<li data-start=\"1409\" data-end=\"1435\">\n<p data-start=\"1411\" data-end=\"1435\"><strong data-start=\"1411\" data-end=\"1430\">Nivel de ruido:<\/strong> Bajo<\/p>\n<\/li>\n<\/ul>\n<h3 data-start=\"1442\" data-end=\"1470\">Beneficios destacados<\/h3>\n<ul data-start=\"1472\" data-end=\"1738\">\n<li data-start=\"1472\" data-end=\"1533\">\n<p data-start=\"1474\" data-end=\"1533\">Agua m\u00e1s limpia gracias al sistema de <strong data-start=\"1512\" data-end=\"1533\">filtrado incluido<\/strong><\/p>\n<\/li>\n<li data-start=\"1534\" data-end=\"1592\">\n<p data-start=\"1536\" data-end=\"1592\">Ahorra tiempo y dinero evitando compras de hielo externo<\/p>\n<\/li>\n<li data-start=\"1593\" data-end=\"1663\">\n<p data-start=\"1595\" data-end=\"1663\">Funciona en entornos de temperatura ambiente entre <strong data-start=\"1646\" data-end=\"1663\">10\u202f\u00b0C y 38\u202f\u00b0C<\/strong><\/p>\n<\/li>\n<li data-start=\"1664\" data-end=\"1703\">\n<p data-start=\"1666\" data-end=\"1703\">Opera con agua entre <strong data-start=\"1687\" data-end=\"1703\">5\u202f\u00b0C y 40\u202f\u00b0C<\/strong><\/p>\n<\/li>\n<li data-start=\"1704\" data-end=\"1738\">\n<p data-start=\"1706\" data-end=\"1738\">Limpieza y mantenimiento f\u00e1ciles<\/p>\n<\/li>\n<\/ul>\n<h3 data-start=\"1745\" data-end=\"1773\">\u00bfQu\u00e9 incluye la caja?<\/h3>\n<ul data-start=\"1775\" data-end=\"1863\">\n<li data-start=\"1775\" data-end=\"1818\">\n<p data-start=\"1777\" data-end=\"1818\">1 Fabricadora de hielo Fuller Machinery<\/p>\n<\/li>\n<li data-start=\"1819\" data-end=\"1841\">\n<p data-start=\"1821\" data-end=\"1841\">1 Juego de filtros<\/p>\n<\/li>\n<li data-start=\"1842\" data-end=\"1863\">\n<p data-start=\"1844\" data-end=\"1863\">1 Manual de usuario<\/p>\n<\/li>\n<\/ul>\n<h3 data-start=\"1870\" data-end=\"1902\">Especificaciones t\u00e9cnicas<\/h3>\n<ul data-start=\"1904\" data-end=\"2132\">\n<li data-start=\"1904\" data-end=\"1952\">\n<p data-start=\"1906\" data-end=\"1952\"><strong data-start=\"1906\" data-end=\"1933\">C\u00f3digo universal (EAN):<\/strong> 2000007909090337<\/p>\n<\/li>\n<li data-start=\"1953\" data-end=\"2018\">\n<p data-start=\"1955\" data-end=\"2018\"><strong data-start=\"1955\" data-end=\"1971\">Dimensiones:<\/strong> 76 cm (alto) x 43 cm (ancho) x 36 cm (largo)<\/p>\n<\/li>\n<li data-start=\"2019\" data-end=\"2040\">\n<p data-start=\"2021\" data-end=\"2040\"><strong data-start=\"2021\" data-end=\"2030\">Peso:<\/strong> 20.1 kg<\/p>\n<\/li>\n<li data-start=\"2041\" data-end=\"2101\">\n<p data-start=\"2043\" data-end=\"2101\"><strong data-start=\"2043\" data-end=\"2073\">Presi\u00f3n de agua requerida:<\/strong> 1 a 8 bar (0,1 a 0,5 MPa)<\/p>\n<\/li>\n<li data-start=\"2102\" data-end=\"2132\">\n<p data-start=\"2104\" data-end=\"2132\"><strong data-start=\"2104\" data-end=\"2127\">Consumo energ\u00e9tico:<\/strong> Bajo<\/p>\n<\/li>\n<\/ul>\n","protected":false},"excerpt":{"rendered":"<p>Produce hasta 30 kg de hielo en cubos al d\u00eda con esta fabricadora Fuller Machinery. Funciona a 110V, incluye filtros y es perfecta para negocios comerciales.<\/p>\n","protected":false},"featured_media":18028,"comment_status":"open","ping_status":"closed","template":"","meta":[],"product_brand":[302],"product_cat":[292,197],"product_tag":[357,359,352,354,207,358,351,350,361,349,353,355,362,360,356],"class_list":{"0":"post-18026","1":"product","2":"type-product","3":"status-publish","4":"has-post-thumbnail","6":"product_brand-fuller-machinery","7":"product_cat-catering","8":"product_cat-fabricadoras-de-hielo","9":"product_tag-110v","10":"product_tag-equipo-de-cocina-industrial","11":"product_tag-equipo-para-restaurante","12":"product_tag-fabricadora-comercial","13":"product_tag-fabricadora-de-hielo","14":"product_tag-filtros-para-agua","15":"product_tag-fuller-machinery","16":"product_tag-hielo-en-cubos","17":"product_tag-hoteleria-y-gastronomia","18":"product_tag-maquina-de-hielo","19":"product_tag-maquina-de-hielo-30kg","20":"product_tag-maquinaria-para-bar","21":"product_tag-maquinas-para-negocios","22":"product_tag-produccion-de-hielo","23":"product_tag-refrigeracion-comercial","25":"first","26":"instock","27":"shipping-taxable","28":"purchasable","29":"product-type-simple"},"yoast_head":"<!-- This site is optimized with the Yoast SEO plugin v27.4 - https:\/\/yoast.com\/product\/yoast-seo-wordpress\/ -->\n<title>Fabricadora De Hielo Fuller Machinery 30kg Cubos 110v C\/ Filtros - Fuller Machinery<\/title>\n<meta name=\"description\" content=\"Produce hasta 30 kg de hielo en cubos al d\u00eda. Fabricadora Fuller Machinery 110V con filtros incluidos. Ideal para negocios. \u00a1Eficiencia garantizada!\" \/>\n<meta name=\"robots\" content=\"index, follow, max-snippet:-1, max-image-preview:large, max-video-preview:-1\" \/>\n<link rel=\"canonical\" href=\"https:\/\/tienda.fullermachinery.com\/index.php\/producto\/fabricadora-de-hielo-fuller-machinery-30kg-cubos-110v-c-filtros\/\" \/>\n<meta property=\"og:locale\" content=\"es_ES\" \/>\n<meta property=\"og:type\" content=\"article\" \/>\n<meta property=\"og:title\" content=\"Fabricadora De Hielo Fuller Machinery 30kg Cubos 110v C\/ Filtros - Fuller Machinery\" \/>\n<meta property=\"og:description\" content=\"Produce hasta 30 kg de hielo en cubos al d\u00eda. Fabricadora Fuller Machinery 110V con filtros incluidos. Ideal para negocios. \u00a1Eficiencia garantizada!\" \/>\n<meta property=\"og:url\" content=\"https:\/\/tienda.fullermachinery.com\/index.php\/producto\/fabricadora-de-hielo-fuller-machinery-30kg-cubos-110v-c-filtros\/\" \/>\n<meta property=\"og:site_name\" content=\"Fuller Machinery\" \/>\n<meta property=\"article:modified_time\" content=\"2025-06-03T22:28:48+00:00\" \/>\n<meta property=\"og:image\" content=\"https:\/\/tienda.fullermachinery.com\/wp-content\/uploads\/2025\/06\/1.png\" \/>\n\t<meta property=\"og:image:width\" content=\"1080\" \/>\n\t<meta property=\"og:image:height\" content=\"1080\" \/>\n\t<meta property=\"og:image:type\" content=\"image\/png\" \/>\n<meta name=\"twitter:card\" content=\"summary_large_image\" \/>\n<meta name=\"twitter:label1\" content=\"Tiempo de lectura\" \/>\n\t<meta name=\"twitter:data1\" content=\"2 minutos\" \/>\n<script type=\"application\/ld+json\" class=\"yoast-schema-graph\">{\"@context\":\"https:\\\/\\\/schema.org\",\"@graph\":[{\"@type\":\"WebPage\",\"@id\":\"https:\\\/\\\/tienda.fullermachinery.com\\\/index.php\\\/producto\\\/fabricadora-de-hielo-fuller-machinery-30kg-cubos-110v-c-filtros\\\/\",\"url\":\"https:\\\/\\\/tienda.fullermachinery.com\\\/index.php\\\/producto\\\/fabricadora-de-hielo-fuller-machinery-30kg-cubos-110v-c-filtros\\\/\",\"name\":\"Fabricadora De Hielo Fuller Machinery 30kg Cubos 110v C\\\/ Filtros - Fuller Machinery\",\"isPartOf\":{\"@id\":\"https:\\\/\\\/tienda.fullermachinery.com\\\/#website\"},\"primaryImageOfPage\":{\"@id\":\"https:\\\/\\\/tienda.fullermachinery.com\\\/index.php\\\/producto\\\/fabricadora-de-hielo-fuller-machinery-30kg-cubos-110v-c-filtros\\\/#primaryimage\"},\"image\":{\"@id\":\"https:\\\/\\\/tienda.fullermachinery.com\\\/index.php\\\/producto\\\/fabricadora-de-hielo-fuller-machinery-30kg-cubos-110v-c-filtros\\\/#primaryimage\"},\"thumbnailUrl\":\"https:\\\/\\\/tienda.fullermachinery.com\\\/wp-content\\\/uploads\\\/2025\\\/06\\\/1.png\",\"datePublished\":\"2025-06-03T22:26:36+00:00\",\"dateModified\":\"2025-06-03T22:28:48+00:00\",\"description\":\"Produce hasta 30 kg de hielo en cubos al d\u00eda. Fabricadora Fuller Machinery 110V con filtros incluidos. Ideal para negocios. \u00a1Eficiencia garantizada!\",\"breadcrumb\":{\"@id\":\"https:\\\/\\\/tienda.fullermachinery.com\\\/index.php\\\/producto\\\/fabricadora-de-hielo-fuller-machinery-30kg-cubos-110v-c-filtros\\\/#breadcrumb\"},\"inLanguage\":\"es\",\"potentialAction\":[{\"@type\":\"ReadAction\",\"target\":[\"https:\\\/\\\/tienda.fullermachinery.com\\\/index.php\\\/producto\\\/fabricadora-de-hielo-fuller-machinery-30kg-cubos-110v-c-filtros\\\/\"]}]},{\"@type\":\"ImageObject\",\"inLanguage\":\"es\",\"@id\":\"https:\\\/\\\/tienda.fullermachinery.com\\\/index.php\\\/producto\\\/fabricadora-de-hielo-fuller-machinery-30kg-cubos-110v-c-filtros\\\/#primaryimage\",\"url\":\"https:\\\/\\\/tienda.fullermachinery.com\\\/wp-content\\\/uploads\\\/2025\\\/06\\\/1.png\",\"contentUrl\":\"https:\\\/\\\/tienda.fullermachinery.com\\\/wp-content\\\/uploads\\\/2025\\\/06\\\/1.png\",\"width\":1080,\"height\":1080,\"caption\":\"abricadora de hielo Fuller Machinery \u2013 30 kg diarios con filtros. Compacta, eficiente y lista para tu negocio.\"},{\"@type\":\"BreadcrumbList\",\"@id\":\"https:\\\/\\\/tienda.fullermachinery.com\\\/index.php\\\/producto\\\/fabricadora-de-hielo-fuller-machinery-30kg-cubos-110v-c-filtros\\\/#breadcrumb\",\"itemListElement\":[{\"@type\":\"ListItem\",\"position\":1,\"name\":\"Portada\",\"item\":\"https:\\\/\\\/tienda.fullermachinery.com\\\/\"},{\"@type\":\"ListItem\",\"position\":2,\"name\":\"Productos\",\"item\":\"https:\\\/\\\/tienda.fullermachinery.com\\\/index.php\\\/shop\\\/\"},{\"@type\":\"ListItem\",\"position\":3,\"name\":\"Fabricadora De Hielo Fuller Machinery 30kg Cubos 110v C\\\/ Filtros\"}]},{\"@type\":\"WebSite\",\"@id\":\"https:\\\/\\\/tienda.fullermachinery.com\\\/#website\",\"url\":\"https:\\\/\\\/tienda.fullermachinery.com\\\/\",\"name\":\"Fuller Machinery\",\"description\":\"Importaci\u00f3n y comercializaci\u00f3n de m\u00e1quinas industriales para el sector de alimentos\",\"publisher\":{\"@id\":\"https:\\\/\\\/tienda.fullermachinery.com\\\/#organization\"},\"potentialAction\":[{\"@type\":\"SearchAction\",\"target\":{\"@type\":\"EntryPoint\",\"urlTemplate\":\"https:\\\/\\\/tienda.fullermachinery.com\\\/?s={search_term_string}\"},\"query-input\":{\"@type\":\"PropertyValueSpecification\",\"valueRequired\":true,\"valueName\":\"search_term_string\"}}],\"inLanguage\":\"es\"},{\"@type\":\"Organization\",\"@id\":\"https:\\\/\\\/tienda.fullermachinery.com\\\/#organization\",\"name\":\"Fuller Machinery\",\"url\":\"https:\\\/\\\/tienda.fullermachinery.com\\\/\",\"logo\":{\"@type\":\"ImageObject\",\"inLanguage\":\"es\",\"@id\":\"https:\\\/\\\/tienda.fullermachinery.com\\\/#\\\/schema\\\/logo\\\/image\\\/\",\"url\":\"https:\\\/\\\/tienda.fullermachinery.com\\\/wp-content\\\/uploads\\\/2023\\\/08\\\/logo-fuller-transparente.png\",\"contentUrl\":\"https:\\\/\\\/tienda.fullermachinery.com\\\/wp-content\\\/uploads\\\/2023\\\/08\\\/logo-fuller-transparente.png\",\"width\":2208,\"height\":644,\"caption\":\"Fuller Machinery\"},\"image\":{\"@id\":\"https:\\\/\\\/tienda.fullermachinery.com\\\/#\\\/schema\\\/logo\\\/image\\\/\"}}]}<\/script>\n<!-- \/ Yoast SEO plugin. -->","yoast_head_json":{"title":"Fabricadora De Hielo Fuller Machinery 30kg Cubos 110v C\/ Filtros - Fuller Machinery","description":"Produce hasta 30 kg de hielo en cubos al d\u00eda. Fabricadora Fuller Machinery 110V con filtros incluidos. Ideal para negocios. \u00a1Eficiencia garantizada!","robots":{"index":"index","follow":"follow","max-snippet":"max-snippet:-1","max-image-preview":"max-image-preview:large","max-video-preview":"max-video-preview:-1"},"canonical":"https:\/\/tienda.fullermachinery.com\/index.php\/producto\/fabricadora-de-hielo-fuller-machinery-30kg-cubos-110v-c-filtros\/","og_locale":"es_ES","og_type":"article","og_title":"Fabricadora De Hielo Fuller Machinery 30kg Cubos 110v C\/ Filtros - Fuller Machinery","og_description":"Produce hasta 30 kg de hielo en cubos al d\u00eda. Fabricadora Fuller Machinery 110V con filtros incluidos. Ideal para negocios. \u00a1Eficiencia garantizada!","og_url":"https:\/\/tienda.fullermachinery.com\/index.php\/producto\/fabricadora-de-hielo-fuller-machinery-30kg-cubos-110v-c-filtros\/","og_site_name":"Fuller Machinery","article_modified_time":"2025-06-03T22:28:48+00:00","og_image":[{"width":1080,"height":1080,"url":"https:\/\/tienda.fullermachinery.com\/wp-content\/uploads\/2025\/06\/1.png","type":"image\/png"}],"twitter_card":"summary_large_image","twitter_misc":{"Tiempo de lectura":"2 minutos"},"schema":{"@context":"https:\/\/schema.org","@graph":[{"@type":"WebPage","@id":"https:\/\/tienda.fullermachinery.com\/index.php\/producto\/fabricadora-de-hielo-fuller-machinery-30kg-cubos-110v-c-filtros\/","url":"https:\/\/tienda.fullermachinery.com\/index.php\/producto\/fabricadora-de-hielo-fuller-machinery-30kg-cubos-110v-c-filtros\/","name":"Fabricadora De Hielo Fuller Machinery 30kg Cubos 110v C\/ Filtros - Fuller Machinery","isPartOf":{"@id":"https:\/\/tienda.fullermachinery.com\/#website"},"primaryImageOfPage":{"@id":"https:\/\/tienda.fullermachinery.com\/index.php\/producto\/fabricadora-de-hielo-fuller-machinery-30kg-cubos-110v-c-filtros\/#primaryimage"},"image":{"@id":"https:\/\/tienda.fullermachinery.com\/index.php\/producto\/fabricadora-de-hielo-fuller-machinery-30kg-cubos-110v-c-filtros\/#primaryimage"},"thumbnailUrl":"https:\/\/tienda.fullermachinery.com\/wp-content\/uploads\/2025\/06\/1.png","datePublished":"2025-06-03T22:26:36+00:00","dateModified":"2025-06-03T22:28:48+00:00","description":"Produce hasta 30 kg de hielo en cubos al d\u00eda. Fabricadora Fuller Machinery 110V con filtros incluidos. Ideal para negocios. \u00a1Eficiencia garantizada!","breadcrumb":{"@id":"https:\/\/tienda.fullermachinery.com\/index.php\/producto\/fabricadora-de-hielo-fuller-machinery-30kg-cubos-110v-c-filtros\/#breadcrumb"},"inLanguage":"es","potentialAction":[{"@type":"ReadAction","target":["https:\/\/tienda.fullermachinery.com\/index.php\/producto\/fabricadora-de-hielo-fuller-machinery-30kg-cubos-110v-c-filtros\/"]}]},{"@type":"ImageObject","inLanguage":"es","@id":"https:\/\/tienda.fullermachinery.com\/index.php\/producto\/fabricadora-de-hielo-fuller-machinery-30kg-cubos-110v-c-filtros\/#primaryimage","url":"https:\/\/tienda.fullermachinery.com\/wp-content\/uploads\/2025\/06\/1.png","contentUrl":"https:\/\/tienda.fullermachinery.com\/wp-content\/uploads\/2025\/06\/1.png","width":1080,"height":1080,"caption":"abricadora de hielo Fuller Machinery \u2013 30 kg diarios con filtros. Compacta, eficiente y lista para tu negocio."},{"@type":"BreadcrumbList","@id":"https:\/\/tienda.fullermachinery.com\/index.php\/producto\/fabricadora-de-hielo-fuller-machinery-30kg-cubos-110v-c-filtros\/#breadcrumb","itemListElement":[{"@type":"ListItem","position":1,"name":"Portada","item":"https:\/\/tienda.fullermachinery.com\/"},{"@type":"ListItem","position":2,"name":"Productos","item":"https:\/\/tienda.fullermachinery.com\/index.php\/shop\/"},{"@type":"ListItem","position":3,"name":"Fabricadora De Hielo Fuller Machinery 30kg Cubos 110v C\/ Filtros"}]},{"@type":"WebSite","@id":"https:\/\/tienda.fullermachinery.com\/#website","url":"https:\/\/tienda.fullermachinery.com\/","name":"Fuller Machinery","description":"Importaci\u00f3n y comercializaci\u00f3n de m\u00e1quinas industriales para el sector de alimentos","publisher":{"@id":"https:\/\/tienda.fullermachinery.com\/#organization"},"potentialAction":[{"@type":"SearchAction","target":{"@type":"EntryPoint","urlTemplate":"https:\/\/tienda.fullermachinery.com\/?s={search_term_string}"},"query-input":{"@type":"PropertyValueSpecification","valueRequired":true,"valueName":"search_term_string"}}],"inLanguage":"es"},{"@type":"Organization","@id":"https:\/\/tienda.fullermachinery.com\/#organization","name":"Fuller Machinery","url":"https:\/\/tienda.fullermachinery.com\/","logo":{"@type":"ImageObject","inLanguage":"es","@id":"https:\/\/tienda.fullermachinery.com\/#\/schema\/logo\/image\/","url":"https:\/\/tienda.fullermachinery.com\/wp-content\/uploads\/2023\/08\/logo-fuller-transparente.png","contentUrl":"https:\/\/tienda.fullermachinery.com\/wp-content\/uploads\/2023\/08\/logo-fuller-transparente.png","width":2208,"height":644,"caption":"Fuller Machinery"},"image":{"@id":"https:\/\/tienda.fullermachinery.com\/#\/schema\/logo\/image\/"}}]}},"jetpack_sharing_enabled":true,"_links":{"self":[{"href":"https:\/\/tienda.fullermachinery.com\/index.php\/wp-json\/wp\/v2\/product\/18026","targetHints":{"allow":["GET"]}}],"collection":[{"href":"https:\/\/tienda.fullermachinery.com\/index.php\/wp-json\/wp\/v2\/product"}],"about":[{"href":"https:\/\/tienda.fullermachinery.com\/index.php\/wp-json\/wp\/v2\/types\/product"}],"replies":[{"embeddable":true,"href":"https:\/\/tienda.fullermachinery.com\/index.php\/wp-json\/wp\/v2\/comments?post=18026"}],"version-history":[{"count":2,"href":"https:\/\/tienda.fullermachinery.com\/index.php\/wp-json\/wp\/v2\/product\/18026\/revisions"}],"predecessor-version":[{"id":18034,"href":"https:\/\/tienda.fullermachinery.com\/index.php\/wp-json\/wp\/v2\/product\/18026\/revisions\/18034"}],"wp:featuredmedia":[{"embeddable":true,"href":"https:\/\/tienda.fullermachinery.com\/index.php\/wp-json\/wp\/v2\/media\/18028"}],"wp:attachment":[{"href":"https:\/\/tienda.fullermachinery.com\/index.php\/wp-json\/wp\/v2\/media?parent=18026"}],"wp:term":[{"taxonomy":"product_brand","embeddable":true,"href":"https:\/\/tienda.fullermachinery.com\/index.php\/wp-json\/wp\/v2\/product_brand?post=18026"},{"taxonomy":"product_cat","embeddable":true,"href":"https:\/\/tienda.fullermachinery.com\/index.php\/wp-json\/wp\/v2\/product_cat?post=18026"},{"taxonomy":"product_tag","embeddable":true,"href":"https:\/\/tienda.fullermachinery.com\/index.php\/wp-json\/wp\/v2\/product_tag?post=18026"}],"curies":[{"name":"wp","href":"https:\/\/api.w.org\/{rel}","templated":true}]}}