{"id":17828,"date":"2025-02-17T15:32:40","date_gmt":"2025-02-17T20:32:40","guid":{"rendered":"https:\/\/tienda.fullermachinery.com\/?post_type=product&#038;p=17828"},"modified":"2025-07-10T12:52:47","modified_gmt":"2025-07-10T17:52:47","slug":"vitrina-calefactora-compacta-ref-d5031","status":"publish","type":"product","link":"https:\/\/tienda.fullermachinery.com\/index.php\/producto\/vitrina-calefactora-compacta-ref-d5031\/","title":{"rendered":"Vitrina Caliente de Exhibici\u00f3n | Acero Inoxidable y Vidrio | Ref D5031"},"content":{"rendered":"<p data-start=\"608\" data-end=\"864\">\ud83d\udd25 <strong data-start=\"611\" data-end=\"675\">Dise\u00f1o compacto que conserva el calor y realza tus productos<\/strong><br data-start=\"675\" data-end=\"678\" \/>La <strong data-start=\"681\" data-end=\"717\">vitrina de calefacci\u00f3n Ref D5031<\/strong> es la opci\u00f3n ideal para cafeter\u00edas, panader\u00edas o tiendas que desean mantener sus productos calientes y bien presentados, sin ocupar mucho espacio.<\/p>\n<p data-start=\"866\" data-end=\"1146\">Con estructura en <strong data-start=\"884\" data-end=\"933\">acero inoxidable y vidrio\/acr\u00edlico resistente<\/strong>, esta vitrina permite una excelente visibilidad del producto mientras conserva su temperatura. Su tama\u00f1o compacto la hace perfecta para mostradores peque\u00f1os o espacios reducidos, sin comprometer la funcionalidad.<\/p>\n<hr data-start=\"1148\" data-end=\"1151\" \/>\n<h3 data-start=\"1153\" data-end=\"1190\">\u2b50 <strong data-start=\"1159\" data-end=\"1190\">Caracter\u00edsticas destacadas:<\/strong><\/h3>\n<p data-start=\"1192\" data-end=\"1655\">\u2705 <strong data-start=\"1194\" data-end=\"1213\">Dise\u00f1o compacto<\/strong>: Medidas de 50.5 x 37.5 x 30 cm y peso de solo 8.4 kg.<br data-start=\"1268\" data-end=\"1271\" \/>\ud83d\udc8e <strong data-start=\"1274\" data-end=\"1298\">Materiales duraderos<\/strong>: Combinaci\u00f3n de acero inoxidable y acr\u00edlico para f\u00e1cil limpieza y alta resistencia.<br data-start=\"1382\" data-end=\"1385\" \/>\ud83c\udf21\ufe0f <strong data-start=\"1389\" data-end=\"1408\">Calor constante<\/strong>: Ideal para mantener calientes productos como pasteles, empanadas, s\u00e1ndwiches, etc.<br data-start=\"1492\" data-end=\"1495\" \/>\ud83c\udfaf <strong data-start=\"1498\" data-end=\"1522\">Exhibici\u00f3n atractiva<\/strong>: Mejora la presentaci\u00f3n y despierta el apetito del cliente.<br data-start=\"1582\" data-end=\"1585\" \/>\ud83d\udd0c <strong data-start=\"1588\" data-end=\"1615\">Bajo consumo energ\u00e9tico<\/strong>: Eficiente y econ\u00f3mico para uso diario.<\/p>\n<hr data-start=\"1657\" data-end=\"1660\" \/>\n<h3 data-start=\"1662\" data-end=\"1684\">\ud83c\udfea <strong data-start=\"1669\" data-end=\"1684\">Ideal para:<\/strong><\/h3>\n<ul data-start=\"1686\" data-end=\"1773\">\n<li data-start=\"1686\" data-end=\"1700\">\n<p data-start=\"1688\" data-end=\"1700\">Cafeter\u00edas<\/p>\n<\/li>\n<li data-start=\"1701\" data-end=\"1715\">\n<p data-start=\"1703\" data-end=\"1715\">Panader\u00edas<\/p>\n<\/li>\n<li data-start=\"1716\" data-end=\"1743\">\n<p data-start=\"1718\" data-end=\"1743\">Tiendas de conveniencia<\/p>\n<\/li>\n<li data-start=\"1744\" data-end=\"1773\">\n<p data-start=\"1746\" data-end=\"1773\">Estaciones de snacks o deli<\/p>\n<\/li>\n<\/ul>\n<hr data-start=\"1775\" data-end=\"1778\" \/>\n<h3 data-start=\"1780\" data-end=\"1833\">\ud83d\ude80 <strong data-start=\"1787\" data-end=\"1833\">Haz que tus productos luzcan irresistibles<\/strong><\/h3>\n<p data-start=\"1835\" data-end=\"1987\">Con esta vitrina t\u00e9rmica compacta, logras mantener la calidad de tus alimentos mientras impulsas las ventas gracias a su exhibici\u00f3n clara y profesional.<\/p>\n","protected":false},"excerpt":{"rendered":"<p data-start=\"2023\" data-end=\"2185\">Vitrina calefactora compacta Ref D5031. Ideal para exhibir y mantener calientes productos en cafeter\u00edas, panader\u00edas o tiendas peque\u00f1as. Acero inoxidable y vidrio.<\/p>\n","protected":false},"featured_media":17831,"comment_status":"open","ping_status":"closed","template":"","meta":[],"product_brand":[302],"product_cat":[140,232],"product_tag":[299,300,303,301],"class_list":{"0":"post-17828","1":"product","2":"type-product","3":"status-publish","4":"has-post-thumbnail","6":"product_brand-fuller-machinery","7":"product_cat-preparacion-de-alimentos","8":"product_cat-vitrinas-de-calefaccion","9":"product_tag-vitrina","10":"product_tag-vitrina-caliente","11":"product_tag-vitrina-de-calefaccion","12":"product_tag-vitrina-para-pollo","14":"first","15":"instock","16":"shipping-taxable","17":"purchasable","18":"product-type-simple"},"yoast_head":"<!-- This site is optimized with the Yoast SEO plugin v27.3 - https:\/\/yoast.com\/product\/yoast-seo-wordpress\/ -->\n<title>Vitrina Caliente de Exhibici\u00f3n | Acero Inoxidable y Vidrio | Ref D5031 - Fuller Machinery<\/title>\n<meta name=\"robots\" content=\"index, follow, max-snippet:-1, max-image-preview:large, max-video-preview:-1\" \/>\n<link rel=\"canonical\" href=\"https:\/\/tienda.fullermachinery.com\/index.php\/producto\/vitrina-calefactora-compacta-ref-d5031\/\" \/>\n<meta property=\"og:locale\" content=\"es_ES\" \/>\n<meta property=\"og:type\" content=\"article\" \/>\n<meta property=\"og:title\" content=\"Vitrina Caliente de Exhibici\u00f3n | Acero Inoxidable y Vidrio | Ref D5031 - Fuller Machinery\" \/>\n<meta property=\"og:description\" content=\"Vitrina calefactora compacta Ref D5031. Ideal para exhibir y mantener calientes productos en cafeter\u00edas, panader\u00edas o tiendas peque\u00f1as. Acero inoxidable y vidrio.\" \/>\n<meta property=\"og:url\" content=\"https:\/\/tienda.fullermachinery.com\/index.php\/producto\/vitrina-calefactora-compacta-ref-d5031\/\" \/>\n<meta property=\"og:site_name\" content=\"Fuller Machinery\" \/>\n<meta property=\"article:modified_time\" content=\"2025-07-10T17:52:47+00:00\" \/>\n<meta property=\"og:image\" content=\"https:\/\/tienda.fullermachinery.com\/wp-content\/uploads\/2025\/02\/VITRINA-DE-CALEFACCION-REF-D5031-3-800x800.png\" \/>\n\t<meta property=\"og:image:width\" content=\"800\" \/>\n\t<meta property=\"og:image:height\" content=\"800\" \/>\n\t<meta property=\"og:image:type\" content=\"image\/png\" \/>\n<meta name=\"twitter:card\" content=\"summary_large_image\" \/>\n<meta name=\"twitter:label1\" content=\"Tiempo de lectura\" \/>\n\t<meta name=\"twitter:data1\" content=\"2 minutos\" \/>\n<script type=\"application\/ld+json\" class=\"yoast-schema-graph\">{\"@context\":\"https:\\\/\\\/schema.org\",\"@graph\":[{\"@type\":\"WebPage\",\"@id\":\"https:\\\/\\\/tienda.fullermachinery.com\\\/index.php\\\/producto\\\/vitrina-calefactora-compacta-ref-d5031\\\/\",\"url\":\"https:\\\/\\\/tienda.fullermachinery.com\\\/index.php\\\/producto\\\/vitrina-calefactora-compacta-ref-d5031\\\/\",\"name\":\"Vitrina Caliente de Exhibici\u00f3n | Acero Inoxidable y Vidrio | Ref D5031 - Fuller Machinery\",\"isPartOf\":{\"@id\":\"https:\\\/\\\/tienda.fullermachinery.com\\\/#website\"},\"primaryImageOfPage\":{\"@id\":\"https:\\\/\\\/tienda.fullermachinery.com\\\/index.php\\\/producto\\\/vitrina-calefactora-compacta-ref-d5031\\\/#primaryimage\"},\"image\":{\"@id\":\"https:\\\/\\\/tienda.fullermachinery.com\\\/index.php\\\/producto\\\/vitrina-calefactora-compacta-ref-d5031\\\/#primaryimage\"},\"thumbnailUrl\":\"https:\\\/\\\/tienda.fullermachinery.com\\\/wp-content\\\/uploads\\\/2025\\\/02\\\/VITRINA-DE-CALEFACCION-REF-D5031-3.png\",\"datePublished\":\"2025-02-17T20:32:40+00:00\",\"dateModified\":\"2025-07-10T17:52:47+00:00\",\"breadcrumb\":{\"@id\":\"https:\\\/\\\/tienda.fullermachinery.com\\\/index.php\\\/producto\\\/vitrina-calefactora-compacta-ref-d5031\\\/#breadcrumb\"},\"inLanguage\":\"es\",\"potentialAction\":[{\"@type\":\"ReadAction\",\"target\":[\"https:\\\/\\\/tienda.fullermachinery.com\\\/index.php\\\/producto\\\/vitrina-calefactora-compacta-ref-d5031\\\/\"]}]},{\"@type\":\"ImageObject\",\"inLanguage\":\"es\",\"@id\":\"https:\\\/\\\/tienda.fullermachinery.com\\\/index.php\\\/producto\\\/vitrina-calefactora-compacta-ref-d5031\\\/#primaryimage\",\"url\":\"https:\\\/\\\/tienda.fullermachinery.com\\\/wp-content\\\/uploads\\\/2025\\\/02\\\/VITRINA-DE-CALEFACCION-REF-D5031-3.png\",\"contentUrl\":\"https:\\\/\\\/tienda.fullermachinery.com\\\/wp-content\\\/uploads\\\/2025\\\/02\\\/VITRINA-DE-CALEFACCION-REF-D5031-3.png\",\"width\":2000,\"height\":2000,\"caption\":\"Exhibe tus alimentos de forma atractiva con esta vitrina de mostrador pr\u00e1ctica y elegante.\"},{\"@type\":\"BreadcrumbList\",\"@id\":\"https:\\\/\\\/tienda.fullermachinery.com\\\/index.php\\\/producto\\\/vitrina-calefactora-compacta-ref-d5031\\\/#breadcrumb\",\"itemListElement\":[{\"@type\":\"ListItem\",\"position\":1,\"name\":\"Portada\",\"item\":\"https:\\\/\\\/tienda.fullermachinery.com\\\/\"},{\"@type\":\"ListItem\",\"position\":2,\"name\":\"Productos\",\"item\":\"https:\\\/\\\/tienda.fullermachinery.com\\\/index.php\\\/shop\\\/\"},{\"@type\":\"ListItem\",\"position\":3,\"name\":\"Vitrina Caliente de Exhibici\u00f3n | Acero Inoxidable y Vidrio | Ref D5031\"}]},{\"@type\":\"WebSite\",\"@id\":\"https:\\\/\\\/tienda.fullermachinery.com\\\/#website\",\"url\":\"https:\\\/\\\/tienda.fullermachinery.com\\\/\",\"name\":\"Fuller Machinery\",\"description\":\"Importaci\u00f3n y comercializaci\u00f3n de m\u00e1quinas industriales para el sector de alimentos\",\"publisher\":{\"@id\":\"https:\\\/\\\/tienda.fullermachinery.com\\\/#organization\"},\"potentialAction\":[{\"@type\":\"SearchAction\",\"target\":{\"@type\":\"EntryPoint\",\"urlTemplate\":\"https:\\\/\\\/tienda.fullermachinery.com\\\/?s={search_term_string}\"},\"query-input\":{\"@type\":\"PropertyValueSpecification\",\"valueRequired\":true,\"valueName\":\"search_term_string\"}}],\"inLanguage\":\"es\"},{\"@type\":\"Organization\",\"@id\":\"https:\\\/\\\/tienda.fullermachinery.com\\\/#organization\",\"name\":\"Fuller Machinery\",\"url\":\"https:\\\/\\\/tienda.fullermachinery.com\\\/\",\"logo\":{\"@type\":\"ImageObject\",\"inLanguage\":\"es\",\"@id\":\"https:\\\/\\\/tienda.fullermachinery.com\\\/#\\\/schema\\\/logo\\\/image\\\/\",\"url\":\"https:\\\/\\\/tienda.fullermachinery.com\\\/wp-content\\\/uploads\\\/2023\\\/08\\\/logo-fuller-transparente.png\",\"contentUrl\":\"https:\\\/\\\/tienda.fullermachinery.com\\\/wp-content\\\/uploads\\\/2023\\\/08\\\/logo-fuller-transparente.png\",\"width\":2208,\"height\":644,\"caption\":\"Fuller Machinery\"},\"image\":{\"@id\":\"https:\\\/\\\/tienda.fullermachinery.com\\\/#\\\/schema\\\/logo\\\/image\\\/\"}}]}<\/script>\n<!-- \/ Yoast SEO plugin. -->","yoast_head_json":{"title":"Vitrina Caliente de Exhibici\u00f3n | Acero Inoxidable y Vidrio | Ref D5031 - Fuller Machinery","robots":{"index":"index","follow":"follow","max-snippet":"max-snippet:-1","max-image-preview":"max-image-preview:large","max-video-preview":"max-video-preview:-1"},"canonical":"https:\/\/tienda.fullermachinery.com\/index.php\/producto\/vitrina-calefactora-compacta-ref-d5031\/","og_locale":"es_ES","og_type":"article","og_title":"Vitrina Caliente de Exhibici\u00f3n | Acero Inoxidable y Vidrio | Ref D5031 - Fuller Machinery","og_description":"Vitrina calefactora compacta Ref D5031. Ideal para exhibir y mantener calientes productos en cafeter\u00edas, panader\u00edas o tiendas peque\u00f1as. Acero inoxidable y vidrio.","og_url":"https:\/\/tienda.fullermachinery.com\/index.php\/producto\/vitrina-calefactora-compacta-ref-d5031\/","og_site_name":"Fuller Machinery","article_modified_time":"2025-07-10T17:52:47+00:00","og_image":[{"width":800,"height":800,"url":"https:\/\/tienda.fullermachinery.com\/wp-content\/uploads\/2025\/02\/VITRINA-DE-CALEFACCION-REF-D5031-3-800x800.png","type":"image\/png"}],"twitter_card":"summary_large_image","twitter_misc":{"Tiempo de lectura":"2 minutos"},"schema":{"@context":"https:\/\/schema.org","@graph":[{"@type":"WebPage","@id":"https:\/\/tienda.fullermachinery.com\/index.php\/producto\/vitrina-calefactora-compacta-ref-d5031\/","url":"https:\/\/tienda.fullermachinery.com\/index.php\/producto\/vitrina-calefactora-compacta-ref-d5031\/","name":"Vitrina Caliente de Exhibici\u00f3n | Acero Inoxidable y Vidrio | Ref D5031 - Fuller Machinery","isPartOf":{"@id":"https:\/\/tienda.fullermachinery.com\/#website"},"primaryImageOfPage":{"@id":"https:\/\/tienda.fullermachinery.com\/index.php\/producto\/vitrina-calefactora-compacta-ref-d5031\/#primaryimage"},"image":{"@id":"https:\/\/tienda.fullermachinery.com\/index.php\/producto\/vitrina-calefactora-compacta-ref-d5031\/#primaryimage"},"thumbnailUrl":"https:\/\/tienda.fullermachinery.com\/wp-content\/uploads\/2025\/02\/VITRINA-DE-CALEFACCION-REF-D5031-3.png","datePublished":"2025-02-17T20:32:40+00:00","dateModified":"2025-07-10T17:52:47+00:00","breadcrumb":{"@id":"https:\/\/tienda.fullermachinery.com\/index.php\/producto\/vitrina-calefactora-compacta-ref-d5031\/#breadcrumb"},"inLanguage":"es","potentialAction":[{"@type":"ReadAction","target":["https:\/\/tienda.fullermachinery.com\/index.php\/producto\/vitrina-calefactora-compacta-ref-d5031\/"]}]},{"@type":"ImageObject","inLanguage":"es","@id":"https:\/\/tienda.fullermachinery.com\/index.php\/producto\/vitrina-calefactora-compacta-ref-d5031\/#primaryimage","url":"https:\/\/tienda.fullermachinery.com\/wp-content\/uploads\/2025\/02\/VITRINA-DE-CALEFACCION-REF-D5031-3.png","contentUrl":"https:\/\/tienda.fullermachinery.com\/wp-content\/uploads\/2025\/02\/VITRINA-DE-CALEFACCION-REF-D5031-3.png","width":2000,"height":2000,"caption":"Exhibe tus alimentos de forma atractiva con esta vitrina de mostrador pr\u00e1ctica y elegante."},{"@type":"BreadcrumbList","@id":"https:\/\/tienda.fullermachinery.com\/index.php\/producto\/vitrina-calefactora-compacta-ref-d5031\/#breadcrumb","itemListElement":[{"@type":"ListItem","position":1,"name":"Portada","item":"https:\/\/tienda.fullermachinery.com\/"},{"@type":"ListItem","position":2,"name":"Productos","item":"https:\/\/tienda.fullermachinery.com\/index.php\/shop\/"},{"@type":"ListItem","position":3,"name":"Vitrina Caliente de Exhibici\u00f3n | Acero Inoxidable y Vidrio | Ref D5031"}]},{"@type":"WebSite","@id":"https:\/\/tienda.fullermachinery.com\/#website","url":"https:\/\/tienda.fullermachinery.com\/","name":"Fuller Machinery","description":"Importaci\u00f3n y comercializaci\u00f3n de m\u00e1quinas industriales para el sector de alimentos","publisher":{"@id":"https:\/\/tienda.fullermachinery.com\/#organization"},"potentialAction":[{"@type":"SearchAction","target":{"@type":"EntryPoint","urlTemplate":"https:\/\/tienda.fullermachinery.com\/?s={search_term_string}"},"query-input":{"@type":"PropertyValueSpecification","valueRequired":true,"valueName":"search_term_string"}}],"inLanguage":"es"},{"@type":"Organization","@id":"https:\/\/tienda.fullermachinery.com\/#organization","name":"Fuller Machinery","url":"https:\/\/tienda.fullermachinery.com\/","logo":{"@type":"ImageObject","inLanguage":"es","@id":"https:\/\/tienda.fullermachinery.com\/#\/schema\/logo\/image\/","url":"https:\/\/tienda.fullermachinery.com\/wp-content\/uploads\/2023\/08\/logo-fuller-transparente.png","contentUrl":"https:\/\/tienda.fullermachinery.com\/wp-content\/uploads\/2023\/08\/logo-fuller-transparente.png","width":2208,"height":644,"caption":"Fuller Machinery"},"image":{"@id":"https:\/\/tienda.fullermachinery.com\/#\/schema\/logo\/image\/"}}]}},"jetpack_sharing_enabled":true,"_links":{"self":[{"href":"https:\/\/tienda.fullermachinery.com\/index.php\/wp-json\/wp\/v2\/product\/17828","targetHints":{"allow":["GET"]}}],"collection":[{"href":"https:\/\/tienda.fullermachinery.com\/index.php\/wp-json\/wp\/v2\/product"}],"about":[{"href":"https:\/\/tienda.fullermachinery.com\/index.php\/wp-json\/wp\/v2\/types\/product"}],"replies":[{"embeddable":true,"href":"https:\/\/tienda.fullermachinery.com\/index.php\/wp-json\/wp\/v2\/comments?post=17828"}],"version-history":[{"count":4,"href":"https:\/\/tienda.fullermachinery.com\/index.php\/wp-json\/wp\/v2\/product\/17828\/revisions"}],"predecessor-version":[{"id":18078,"href":"https:\/\/tienda.fullermachinery.com\/index.php\/wp-json\/wp\/v2\/product\/17828\/revisions\/18078"}],"wp:featuredmedia":[{"embeddable":true,"href":"https:\/\/tienda.fullermachinery.com\/index.php\/wp-json\/wp\/v2\/media\/17831"}],"wp:attachment":[{"href":"https:\/\/tienda.fullermachinery.com\/index.php\/wp-json\/wp\/v2\/media?parent=17828"}],"wp:term":[{"taxonomy":"product_brand","embeddable":true,"href":"https:\/\/tienda.fullermachinery.com\/index.php\/wp-json\/wp\/v2\/product_brand?post=17828"},{"taxonomy":"product_cat","embeddable":true,"href":"https:\/\/tienda.fullermachinery.com\/index.php\/wp-json\/wp\/v2\/product_cat?post=17828"},{"taxonomy":"product_tag","embeddable":true,"href":"https:\/\/tienda.fullermachinery.com\/index.php\/wp-json\/wp\/v2\/product_tag?post=17828"}],"curies":[{"name":"wp","href":"https:\/\/api.w.org\/{rel}","templated":true}]}}