{"id":17807,"date":"2025-02-17T11:41:45","date_gmt":"2025-02-17T16:41:45","guid":{"rendered":"https:\/\/tienda.fullermachinery.com\/?post_type=product&#038;p=17807"},"modified":"2025-06-18T12:50:16","modified_gmt":"2025-06-18T17:50:16","slug":"vitrina-de-calefaccion-ref-d1pl","status":"publish","type":"product","link":"https:\/\/tienda.fullermachinery.com\/index.php\/producto\/vitrina-de-calefaccion-ref-d1pl\/","title":{"rendered":"Vitrina de Calor para Alimentos | Compacta | 110V | Ref D1PL"},"content":{"rendered":"<p data-start=\"645\" data-end=\"1063\">\ud83d\udd25 <strong data-start=\"648\" data-end=\"715\">Conserva el sabor, resalta la presentaci\u00f3n y aumenta tus ventas<\/strong><br data-start=\"715\" data-end=\"718\" \/>La <strong data-start=\"721\" data-end=\"777\">vitrina de calefacci\u00f3n Ref. D1PL de Fuller Machinery<\/strong> est\u00e1 dise\u00f1ada para negocios que quieren ofrecer sus alimentos calientes, visibles y listos para servir. Su <strong data-start=\"885\" data-end=\"943\">estructura en acero inoxidable y vidrio templado curvo<\/strong> ofrece una exhibici\u00f3n moderna y duradera, ideal para atraer la atenci\u00f3n de los clientes y maximizar ventas por impulso.<\/p>\n<p data-start=\"1065\" data-end=\"1238\">Gracias a su <strong data-start=\"1078\" data-end=\"1129\">sistema de temperatura ajustable de 30\u00b0C a 85\u00b0C<\/strong>, garantiza un calor uniforme, sin puntos fr\u00edos, conservando el sabor y la textura original de tus productos.<\/p>\n<hr data-start=\"1240\" data-end=\"1243\" \/>\n<h3 data-start=\"1245\" data-end=\"1282\">\u2b50 <strong data-start=\"1251\" data-end=\"1282\">Caracter\u00edsticas destacadas:<\/strong><\/h3>\n<p data-start=\"1284\" data-end=\"1783\">\u2705 <strong data-start=\"1286\" data-end=\"1305\">Marca confiable<\/strong>: Fuller Machinery \u2013 equipo robusto y funcional.<br data-start=\"1353\" data-end=\"1356\" \/>\ud83d\udcd0 <strong data-start=\"1359\" data-end=\"1384\">Dimensiones compactas<\/strong>: 61,5 cm ancho \u00d7 41 cm fondo \u00d7 53,5 cm alto.<br data-start=\"1429\" data-end=\"1432\" \/>\ud83c\udf21\ufe0f <strong data-start=\"1436\" data-end=\"1461\">Temperatura regulable<\/strong>: Rango de 30\u00b0C a 85\u00b0C para todo tipo de alimentos calientes.<br data-start=\"1522\" data-end=\"1525\" \/>\ud83d\udc8e <strong data-start=\"1528\" data-end=\"1552\">Vidrio frontal curvo<\/strong>: Mayor visibilidad desde cualquier \u00e1ngulo y est\u00e9tica m\u00e1s atractiva.<br data-start=\"1620\" data-end=\"1623\" \/>\u26a1 <strong data-start=\"1625\" data-end=\"1646\">Consumo eficiente<\/strong>: 1.0 kW de potencia, voltaje 110V \/ 60Hz.<br data-start=\"1688\" data-end=\"1691\" \/>\ud83e\uddfc <strong data-start=\"1694\" data-end=\"1728\">F\u00e1cil limpieza y mantenimiento<\/strong>: Gracias a sus materiales higi\u00e9nicos y dise\u00f1o abierto.<\/p>\n<hr data-start=\"1785\" data-end=\"1788\" \/>\n<h3 data-start=\"1790\" data-end=\"1812\">\ud83c\udfea <strong data-start=\"1797\" data-end=\"1812\">Ideal para:<\/strong><\/h3>\n<ul data-start=\"1814\" data-end=\"1925\">\n<li data-start=\"1814\" data-end=\"1828\">\n<p data-start=\"1816\" data-end=\"1828\">Panader\u00edas<\/p>\n<\/li>\n<li data-start=\"1829\" data-end=\"1845\">\n<p data-start=\"1831\" data-end=\"1845\">Restaurantes<\/p>\n<\/li>\n<li data-start=\"1846\" data-end=\"1860\">\n<p data-start=\"1848\" data-end=\"1860\">Cafeter\u00edas<\/p>\n<\/li>\n<li data-start=\"1861\" data-end=\"1890\">\n<p data-start=\"1863\" data-end=\"1890\">Negocios de comida r\u00e1pida<\/p>\n<\/li>\n<li data-start=\"1891\" data-end=\"1925\">\n<p data-start=\"1893\" data-end=\"1925\">Tiendas de snacks o autoservicio<\/p>\n<\/li>\n<\/ul>\n<hr data-start=\"1927\" data-end=\"1930\" \/>\n<h3 data-start=\"1932\" data-end=\"1993\">\ud83d\ude80 <strong data-start=\"1939\" data-end=\"1993\">Haz que tus productos brillen&#8230; y se vendan solos<\/strong><\/h3>\n<p data-start=\"1995\" data-end=\"2182\">La vitrina D1PL mantiene tus alimentos calientes y apetitosos todo el d\u00eda, con una presentaci\u00f3n impecable que impulsa tus ventas.<br data-start=\"2124\" data-end=\"2127\" \/><strong data-start=\"2127\" data-end=\"2182\">Invierte en calidad y transforma tu punto de venta.<\/strong><\/p>\n","protected":false},"excerpt":{"rendered":"<p>Vitrina de calefacci\u00f3n Ref. D1PL de Fuller Machinery con vidrio curvo, temperatura ajustable y dise\u00f1o compacto. Ideal para mantener y exhibir alimentos calientes en cualquier negocio.<\/p>\n","protected":false},"featured_media":17810,"comment_status":"open","ping_status":"closed","template":"","meta":[],"product_brand":[302],"product_cat":[140,232],"product_tag":[299,300,303],"class_list":{"0":"post-17807","1":"product","2":"type-product","3":"status-publish","4":"has-post-thumbnail","6":"product_brand-fuller-machinery","7":"product_cat-preparacion-de-alimentos","8":"product_cat-vitrinas-de-calefaccion","9":"product_tag-vitrina","10":"product_tag-vitrina-caliente","11":"product_tag-vitrina-de-calefaccion","13":"first","14":"instock","15":"shipping-taxable","16":"purchasable","17":"product-type-simple"},"yoast_head":"<!-- This site is optimized with the Yoast SEO plugin v27.3 - https:\/\/yoast.com\/product\/yoast-seo-wordpress\/ -->\n<title>Vitrina de Calor para Alimentos | Compacta | 110V | Ref D1PL - Fuller Machinery<\/title>\n<meta name=\"robots\" content=\"index, follow, max-snippet:-1, max-image-preview:large, max-video-preview:-1\" \/>\n<link rel=\"canonical\" href=\"https:\/\/tienda.fullermachinery.com\/index.php\/producto\/vitrina-de-calefaccion-ref-d1pl\/\" \/>\n<meta property=\"og:locale\" content=\"es_ES\" \/>\n<meta property=\"og:type\" content=\"article\" \/>\n<meta property=\"og:title\" content=\"Vitrina de Calor para Alimentos | Compacta | 110V | Ref D1PL - Fuller Machinery\" \/>\n<meta property=\"og:description\" content=\"Vitrina de calefacci\u00f3n Ref. D1PL de Fuller Machinery con vidrio curvo, temperatura ajustable y dise\u00f1o compacto. Ideal para mantener y exhibir alimentos calientes en cualquier negocio.\" \/>\n<meta property=\"og:url\" content=\"https:\/\/tienda.fullermachinery.com\/index.php\/producto\/vitrina-de-calefaccion-ref-d1pl\/\" \/>\n<meta property=\"og:site_name\" content=\"Fuller Machinery\" \/>\n<meta property=\"article:modified_time\" content=\"2025-06-18T17:50:16+00:00\" \/>\n<meta property=\"og:image\" content=\"https:\/\/tienda.fullermachinery.com\/wp-content\/uploads\/2025\/02\/VITRINA-DE-CALEFACCION-REF-D1PL-3-800x800.png\" \/>\n\t<meta property=\"og:image:width\" content=\"800\" \/>\n\t<meta property=\"og:image:height\" content=\"800\" \/>\n\t<meta property=\"og:image:type\" content=\"image\/png\" \/>\n<meta name=\"twitter:card\" content=\"summary_large_image\" \/>\n<meta name=\"twitter:label1\" content=\"Tiempo de lectura\" \/>\n\t<meta name=\"twitter:data1\" content=\"2 minutos\" \/>\n<script type=\"application\/ld+json\" class=\"yoast-schema-graph\">{\"@context\":\"https:\\\/\\\/schema.org\",\"@graph\":[{\"@type\":\"WebPage\",\"@id\":\"https:\\\/\\\/tienda.fullermachinery.com\\\/index.php\\\/producto\\\/vitrina-de-calefaccion-ref-d1pl\\\/\",\"url\":\"https:\\\/\\\/tienda.fullermachinery.com\\\/index.php\\\/producto\\\/vitrina-de-calefaccion-ref-d1pl\\\/\",\"name\":\"Vitrina de Calor para Alimentos | Compacta | 110V | Ref D1PL - Fuller Machinery\",\"isPartOf\":{\"@id\":\"https:\\\/\\\/tienda.fullermachinery.com\\\/#website\"},\"primaryImageOfPage\":{\"@id\":\"https:\\\/\\\/tienda.fullermachinery.com\\\/index.php\\\/producto\\\/vitrina-de-calefaccion-ref-d1pl\\\/#primaryimage\"},\"image\":{\"@id\":\"https:\\\/\\\/tienda.fullermachinery.com\\\/index.php\\\/producto\\\/vitrina-de-calefaccion-ref-d1pl\\\/#primaryimage\"},\"thumbnailUrl\":\"https:\\\/\\\/tienda.fullermachinery.com\\\/wp-content\\\/uploads\\\/2025\\\/02\\\/VITRINA-DE-CALEFACCION-REF-D1PL-3.png\",\"datePublished\":\"2025-02-17T16:41:45+00:00\",\"dateModified\":\"2025-06-18T17:50:16+00:00\",\"breadcrumb\":{\"@id\":\"https:\\\/\\\/tienda.fullermachinery.com\\\/index.php\\\/producto\\\/vitrina-de-calefaccion-ref-d1pl\\\/#breadcrumb\"},\"inLanguage\":\"es\",\"potentialAction\":[{\"@type\":\"ReadAction\",\"target\":[\"https:\\\/\\\/tienda.fullermachinery.com\\\/index.php\\\/producto\\\/vitrina-de-calefaccion-ref-d1pl\\\/\"]}]},{\"@type\":\"ImageObject\",\"inLanguage\":\"es\",\"@id\":\"https:\\\/\\\/tienda.fullermachinery.com\\\/index.php\\\/producto\\\/vitrina-de-calefaccion-ref-d1pl\\\/#primaryimage\",\"url\":\"https:\\\/\\\/tienda.fullermachinery.com\\\/wp-content\\\/uploads\\\/2025\\\/02\\\/VITRINA-DE-CALEFACCION-REF-D1PL-3.png\",\"contentUrl\":\"https:\\\/\\\/tienda.fullermachinery.com\\\/wp-content\\\/uploads\\\/2025\\\/02\\\/VITRINA-DE-CALEFACCION-REF-D1PL-3.png\",\"width\":2000,\"height\":2000,\"caption\":\"Mant\u00e9n tus alimentos calientes y listos para servir con la vitrina de calefacci\u00f3n Fuller Machinery D1PL. Dise\u00f1o en acero inoxidable y vidrio templado para una exhibici\u00f3n atractiva y duradera.\"},{\"@type\":\"BreadcrumbList\",\"@id\":\"https:\\\/\\\/tienda.fullermachinery.com\\\/index.php\\\/producto\\\/vitrina-de-calefaccion-ref-d1pl\\\/#breadcrumb\",\"itemListElement\":[{\"@type\":\"ListItem\",\"position\":1,\"name\":\"Portada\",\"item\":\"https:\\\/\\\/tienda.fullermachinery.com\\\/\"},{\"@type\":\"ListItem\",\"position\":2,\"name\":\"Productos\",\"item\":\"https:\\\/\\\/tienda.fullermachinery.com\\\/index.php\\\/shop\\\/\"},{\"@type\":\"ListItem\",\"position\":3,\"name\":\"Vitrina de Calor para Alimentos | Compacta | 110V | Ref D1PL\"}]},{\"@type\":\"WebSite\",\"@id\":\"https:\\\/\\\/tienda.fullermachinery.com\\\/#website\",\"url\":\"https:\\\/\\\/tienda.fullermachinery.com\\\/\",\"name\":\"Fuller Machinery\",\"description\":\"Importaci\u00f3n y comercializaci\u00f3n de m\u00e1quinas industriales para el sector de alimentos\",\"publisher\":{\"@id\":\"https:\\\/\\\/tienda.fullermachinery.com\\\/#organization\"},\"potentialAction\":[{\"@type\":\"SearchAction\",\"target\":{\"@type\":\"EntryPoint\",\"urlTemplate\":\"https:\\\/\\\/tienda.fullermachinery.com\\\/?s={search_term_string}\"},\"query-input\":{\"@type\":\"PropertyValueSpecification\",\"valueRequired\":true,\"valueName\":\"search_term_string\"}}],\"inLanguage\":\"es\"},{\"@type\":\"Organization\",\"@id\":\"https:\\\/\\\/tienda.fullermachinery.com\\\/#organization\",\"name\":\"Fuller Machinery\",\"url\":\"https:\\\/\\\/tienda.fullermachinery.com\\\/\",\"logo\":{\"@type\":\"ImageObject\",\"inLanguage\":\"es\",\"@id\":\"https:\\\/\\\/tienda.fullermachinery.com\\\/#\\\/schema\\\/logo\\\/image\\\/\",\"url\":\"https:\\\/\\\/tienda.fullermachinery.com\\\/wp-content\\\/uploads\\\/2023\\\/08\\\/logo-fuller-transparente.png\",\"contentUrl\":\"https:\\\/\\\/tienda.fullermachinery.com\\\/wp-content\\\/uploads\\\/2023\\\/08\\\/logo-fuller-transparente.png\",\"width\":2208,\"height\":644,\"caption\":\"Fuller Machinery\"},\"image\":{\"@id\":\"https:\\\/\\\/tienda.fullermachinery.com\\\/#\\\/schema\\\/logo\\\/image\\\/\"}}]}<\/script>\n<!-- \/ Yoast SEO plugin. -->","yoast_head_json":{"title":"Vitrina de Calor para Alimentos | Compacta | 110V | Ref D1PL - Fuller Machinery","robots":{"index":"index","follow":"follow","max-snippet":"max-snippet:-1","max-image-preview":"max-image-preview:large","max-video-preview":"max-video-preview:-1"},"canonical":"https:\/\/tienda.fullermachinery.com\/index.php\/producto\/vitrina-de-calefaccion-ref-d1pl\/","og_locale":"es_ES","og_type":"article","og_title":"Vitrina de Calor para Alimentos | Compacta | 110V | Ref D1PL - Fuller Machinery","og_description":"Vitrina de calefacci\u00f3n Ref. D1PL de Fuller Machinery con vidrio curvo, temperatura ajustable y dise\u00f1o compacto. Ideal para mantener y exhibir alimentos calientes en cualquier negocio.","og_url":"https:\/\/tienda.fullermachinery.com\/index.php\/producto\/vitrina-de-calefaccion-ref-d1pl\/","og_site_name":"Fuller Machinery","article_modified_time":"2025-06-18T17:50:16+00:00","og_image":[{"width":800,"height":800,"url":"https:\/\/tienda.fullermachinery.com\/wp-content\/uploads\/2025\/02\/VITRINA-DE-CALEFACCION-REF-D1PL-3-800x800.png","type":"image\/png"}],"twitter_card":"summary_large_image","twitter_misc":{"Tiempo de lectura":"2 minutos"},"schema":{"@context":"https:\/\/schema.org","@graph":[{"@type":"WebPage","@id":"https:\/\/tienda.fullermachinery.com\/index.php\/producto\/vitrina-de-calefaccion-ref-d1pl\/","url":"https:\/\/tienda.fullermachinery.com\/index.php\/producto\/vitrina-de-calefaccion-ref-d1pl\/","name":"Vitrina de Calor para Alimentos | Compacta | 110V | Ref D1PL - Fuller Machinery","isPartOf":{"@id":"https:\/\/tienda.fullermachinery.com\/#website"},"primaryImageOfPage":{"@id":"https:\/\/tienda.fullermachinery.com\/index.php\/producto\/vitrina-de-calefaccion-ref-d1pl\/#primaryimage"},"image":{"@id":"https:\/\/tienda.fullermachinery.com\/index.php\/producto\/vitrina-de-calefaccion-ref-d1pl\/#primaryimage"},"thumbnailUrl":"https:\/\/tienda.fullermachinery.com\/wp-content\/uploads\/2025\/02\/VITRINA-DE-CALEFACCION-REF-D1PL-3.png","datePublished":"2025-02-17T16:41:45+00:00","dateModified":"2025-06-18T17:50:16+00:00","breadcrumb":{"@id":"https:\/\/tienda.fullermachinery.com\/index.php\/producto\/vitrina-de-calefaccion-ref-d1pl\/#breadcrumb"},"inLanguage":"es","potentialAction":[{"@type":"ReadAction","target":["https:\/\/tienda.fullermachinery.com\/index.php\/producto\/vitrina-de-calefaccion-ref-d1pl\/"]}]},{"@type":"ImageObject","inLanguage":"es","@id":"https:\/\/tienda.fullermachinery.com\/index.php\/producto\/vitrina-de-calefaccion-ref-d1pl\/#primaryimage","url":"https:\/\/tienda.fullermachinery.com\/wp-content\/uploads\/2025\/02\/VITRINA-DE-CALEFACCION-REF-D1PL-3.png","contentUrl":"https:\/\/tienda.fullermachinery.com\/wp-content\/uploads\/2025\/02\/VITRINA-DE-CALEFACCION-REF-D1PL-3.png","width":2000,"height":2000,"caption":"Mant\u00e9n tus alimentos calientes y listos para servir con la vitrina de calefacci\u00f3n Fuller Machinery D1PL. Dise\u00f1o en acero inoxidable y vidrio templado para una exhibici\u00f3n atractiva y duradera."},{"@type":"BreadcrumbList","@id":"https:\/\/tienda.fullermachinery.com\/index.php\/producto\/vitrina-de-calefaccion-ref-d1pl\/#breadcrumb","itemListElement":[{"@type":"ListItem","position":1,"name":"Portada","item":"https:\/\/tienda.fullermachinery.com\/"},{"@type":"ListItem","position":2,"name":"Productos","item":"https:\/\/tienda.fullermachinery.com\/index.php\/shop\/"},{"@type":"ListItem","position":3,"name":"Vitrina de Calor para Alimentos | Compacta | 110V | Ref D1PL"}]},{"@type":"WebSite","@id":"https:\/\/tienda.fullermachinery.com\/#website","url":"https:\/\/tienda.fullermachinery.com\/","name":"Fuller Machinery","description":"Importaci\u00f3n y comercializaci\u00f3n de m\u00e1quinas industriales para el sector de alimentos","publisher":{"@id":"https:\/\/tienda.fullermachinery.com\/#organization"},"potentialAction":[{"@type":"SearchAction","target":{"@type":"EntryPoint","urlTemplate":"https:\/\/tienda.fullermachinery.com\/?s={search_term_string}"},"query-input":{"@type":"PropertyValueSpecification","valueRequired":true,"valueName":"search_term_string"}}],"inLanguage":"es"},{"@type":"Organization","@id":"https:\/\/tienda.fullermachinery.com\/#organization","name":"Fuller Machinery","url":"https:\/\/tienda.fullermachinery.com\/","logo":{"@type":"ImageObject","inLanguage":"es","@id":"https:\/\/tienda.fullermachinery.com\/#\/schema\/logo\/image\/","url":"https:\/\/tienda.fullermachinery.com\/wp-content\/uploads\/2023\/08\/logo-fuller-transparente.png","contentUrl":"https:\/\/tienda.fullermachinery.com\/wp-content\/uploads\/2023\/08\/logo-fuller-transparente.png","width":2208,"height":644,"caption":"Fuller Machinery"},"image":{"@id":"https:\/\/tienda.fullermachinery.com\/#\/schema\/logo\/image\/"}}]}},"jetpack_sharing_enabled":true,"_links":{"self":[{"href":"https:\/\/tienda.fullermachinery.com\/index.php\/wp-json\/wp\/v2\/product\/17807","targetHints":{"allow":["GET"]}}],"collection":[{"href":"https:\/\/tienda.fullermachinery.com\/index.php\/wp-json\/wp\/v2\/product"}],"about":[{"href":"https:\/\/tienda.fullermachinery.com\/index.php\/wp-json\/wp\/v2\/types\/product"}],"replies":[{"embeddable":true,"href":"https:\/\/tienda.fullermachinery.com\/index.php\/wp-json\/wp\/v2\/comments?post=17807"}],"version-history":[{"count":4,"href":"https:\/\/tienda.fullermachinery.com\/index.php\/wp-json\/wp\/v2\/product\/17807\/revisions"}],"predecessor-version":[{"id":18084,"href":"https:\/\/tienda.fullermachinery.com\/index.php\/wp-json\/wp\/v2\/product\/17807\/revisions\/18084"}],"wp:featuredmedia":[{"embeddable":true,"href":"https:\/\/tienda.fullermachinery.com\/index.php\/wp-json\/wp\/v2\/media\/17810"}],"wp:attachment":[{"href":"https:\/\/tienda.fullermachinery.com\/index.php\/wp-json\/wp\/v2\/media?parent=17807"}],"wp:term":[{"taxonomy":"product_brand","embeddable":true,"href":"https:\/\/tienda.fullermachinery.com\/index.php\/wp-json\/wp\/v2\/product_brand?post=17807"},{"taxonomy":"product_cat","embeddable":true,"href":"https:\/\/tienda.fullermachinery.com\/index.php\/wp-json\/wp\/v2\/product_cat?post=17807"},{"taxonomy":"product_tag","embeddable":true,"href":"https:\/\/tienda.fullermachinery.com\/index.php\/wp-json\/wp\/v2\/product_tag?post=17807"}],"curies":[{"name":"wp","href":"https:\/\/api.w.org\/{rel}","templated":true}]}}