{"id":17781,"date":"2025-02-13T16:46:24","date_gmt":"2025-02-13T21:46:24","guid":{"rendered":"https:\/\/tienda.fullermachinery.com\/?post_type=product&#038;p=17781"},"modified":"2025-07-10T12:55:23","modified_gmt":"2025-07-10T17:55:23","slug":"vitrina-de-calefaccion-ref-d1pb","status":"publish","type":"product","link":"https:\/\/tienda.fullermachinery.com\/index.php\/producto\/vitrina-de-calefaccion-ref-d1pb\/","title":{"rendered":"Vitrina Calefactora para Alimentos | Ref D1PB | Vidrio Curvo | Acero Inoxidable"},"content":{"rendered":"<p data-start=\"656\" data-end=\"896\">\ud83d\udd25 <strong data-start=\"659\" data-end=\"709\">Dise\u00f1ada para impresionar y conservar el sabor<\/strong><br data-start=\"709\" data-end=\"712\" \/>La <strong data-start=\"715\" data-end=\"771\">Vitrina de Calefacci\u00f3n Ref. D1PB de Fuller Machinery<\/strong> es una soluci\u00f3n compacta, resistente y altamente visual para mantener tus productos calientes, frescos y listos para servir.<\/p>\n<p data-start=\"898\" data-end=\"1201\">Su dise\u00f1o con <strong data-start=\"912\" data-end=\"952\">vidrio curvado y acr\u00edlico decorativo<\/strong>, junto con <strong data-start=\"964\" data-end=\"987\">iluminaci\u00f3n interna<\/strong>, convierte cualquier producto en el protagonista del mostrador. Gracias a su <strong data-start=\"1065\" data-end=\"1107\">termostato ajustable entre 30\u00b0C y 85\u00b0C<\/strong>, puedes conservar desde pasteles hasta snacks calientes con la textura y temperatura ideales.<\/p>\n<hr data-start=\"1203\" data-end=\"1206\" \/>\n<h3 data-start=\"1208\" data-end=\"1246\">\u2b50 <strong data-start=\"1214\" data-end=\"1246\">Caracter\u00edsticas principales:<\/strong><\/h3>\n<p data-start=\"1248\" data-end=\"1769\">\u2705 <strong data-start=\"1250\" data-end=\"1288\">Vidrio curvo y acr\u00edlico decorativo<\/strong>: Aumenta la visibilidad y atrae al cliente.<br data-start=\"1332\" data-end=\"1335\" \/>\ud83d\udca1 <strong data-start=\"1338\" data-end=\"1361\">Iluminaci\u00f3n interna<\/strong>: Mejora la presentaci\u00f3n y percepci\u00f3n del producto.<br data-start=\"1412\" data-end=\"1415\" \/>\ud83c\udf21\ufe0f <strong data-start=\"1419\" data-end=\"1443\">Termostato ajustable<\/strong>: Temperatura precisa entre 30\u00b0C y 85\u00b0C para todo tipo de alimentos.<br data-start=\"1511\" data-end=\"1514\" \/>\ud83d\udee0\ufe0f <strong data-start=\"1518\" data-end=\"1542\">Construcci\u00f3n robusta<\/strong>: Acero inoxidable f\u00e1cil de limpiar y resistente al uso diario.<br data-start=\"1605\" data-end=\"1608\" \/>\ud83d\udccf <strong data-start=\"1611\" data-end=\"1630\">Dise\u00f1o compacto<\/strong>: 45 x 47 x 52 cm | Peso: 23 kg, ideal para mostradores peque\u00f1os.<br data-start=\"1695\" data-end=\"1698\" \/>\u26a1 <strong data-start=\"1700\" data-end=\"1726\">Alimentaci\u00f3n eficiente<\/strong>: 110V | Potencia: 800W | Frecuencia: 60Hz.<\/p>\n<hr data-start=\"1771\" data-end=\"1774\" \/>\n<h3 data-start=\"1776\" data-end=\"1798\">\ud83c\udfea <strong data-start=\"1783\" data-end=\"1798\">Ideal para:<\/strong><\/h3>\n<ul data-start=\"1800\" data-end=\"1913\">\n<li data-start=\"1800\" data-end=\"1814\">\n<p data-start=\"1802\" data-end=\"1814\">Panader\u00edas<\/p>\n<\/li>\n<li data-start=\"1815\" data-end=\"1829\">\n<p data-start=\"1817\" data-end=\"1829\">Cafeter\u00edas<\/p>\n<\/li>\n<li data-start=\"1830\" data-end=\"1846\">\n<p data-start=\"1832\" data-end=\"1846\">Restaurantes<\/p>\n<\/li>\n<li data-start=\"1847\" data-end=\"1884\">\n<p data-start=\"1849\" data-end=\"1884\">Tiendas de snacks o comida r\u00e1pida<\/p>\n<\/li>\n<li data-start=\"1885\" data-end=\"1913\">\n<p data-start=\"1887\" data-end=\"1913\">Estaciones de autoservicio<\/p>\n<\/li>\n<\/ul>\n<hr data-start=\"1915\" data-end=\"1918\" \/>\n<h3 data-start=\"1920\" data-end=\"1965\">\ud83d\ude80 <strong data-start=\"1927\" data-end=\"1965\">Mejora tu vitrina, mejora tu venta<\/strong><\/h3>\n<p data-start=\"1967\" data-end=\"2107\">Con la D1PB, tus alimentos estar\u00e1n siempre calientes, visibles y tentadores.<br data-start=\"2043\" data-end=\"2046\" \/><strong data-start=\"2046\" data-end=\"2107\">Convierte tu mostrador en un punto de venta irresistible.<\/strong><\/p>\n","protected":false},"excerpt":{"rendered":"<p>Vitrina calefactora Ref. D1PB con vidrio curvo, iluminaci\u00f3n interna y termostato ajustable. Compacta, elegante y perfecta para exhibir productos calientes con estilo.<\/p>\n","protected":false},"featured_media":17783,"comment_status":"open","ping_status":"closed","template":"","meta":[],"product_brand":[302],"product_cat":[140,232],"product_tag":[299,300,303],"class_list":{"0":"post-17781","1":"product","2":"type-product","3":"status-publish","4":"has-post-thumbnail","6":"product_brand-fuller-machinery","7":"product_cat-preparacion-de-alimentos","8":"product_cat-vitrinas-de-calefaccion","9":"product_tag-vitrina","10":"product_tag-vitrina-caliente","11":"product_tag-vitrina-de-calefaccion","13":"first","14":"instock","15":"shipping-taxable","16":"purchasable","17":"product-type-simple"},"yoast_head":"<!-- This site is optimized with the Yoast SEO plugin v27.3 - https:\/\/yoast.com\/product\/yoast-seo-wordpress\/ -->\n<title>Vitrina Calefactora para Alimentos | Ref D1PB | Vidrio Curvo | Acero Inoxidable - Fuller Machinery<\/title>\n<meta name=\"robots\" content=\"index, follow, max-snippet:-1, max-image-preview:large, max-video-preview:-1\" \/>\n<link rel=\"canonical\" href=\"https:\/\/tienda.fullermachinery.com\/index.php\/producto\/vitrina-de-calefaccion-ref-d1pb\/\" \/>\n<meta property=\"og:locale\" content=\"es_ES\" \/>\n<meta property=\"og:type\" content=\"article\" \/>\n<meta property=\"og:title\" content=\"Vitrina Calefactora para Alimentos | Ref D1PB | Vidrio Curvo | Acero Inoxidable - Fuller Machinery\" \/>\n<meta property=\"og:description\" content=\"Vitrina calefactora Ref. D1PB con vidrio curvo, iluminaci\u00f3n interna y termostato ajustable. Compacta, elegante y perfecta para exhibir productos calientes con estilo.\" \/>\n<meta property=\"og:url\" content=\"https:\/\/tienda.fullermachinery.com\/index.php\/producto\/vitrina-de-calefaccion-ref-d1pb\/\" \/>\n<meta property=\"og:site_name\" content=\"Fuller Machinery\" \/>\n<meta property=\"article:modified_time\" content=\"2025-07-10T17:55:23+00:00\" \/>\n<meta property=\"og:image\" content=\"https:\/\/tienda.fullermachinery.com\/wp-content\/uploads\/2025\/02\/VITRINA-DE-CALEFACCION-REF-D1PB-FRENTE.png\" \/>\n\t<meta property=\"og:image:width\" content=\"2000\" \/>\n\t<meta property=\"og:image:height\" content=\"2000\" \/>\n\t<meta property=\"og:image:type\" content=\"image\/png\" \/>\n<meta name=\"twitter:card\" content=\"summary_large_image\" \/>\n<meta name=\"twitter:label1\" content=\"Tiempo de lectura\" \/>\n\t<meta name=\"twitter:data1\" content=\"2 minutos\" \/>\n<script type=\"application\/ld+json\" class=\"yoast-schema-graph\">{\"@context\":\"https:\\\/\\\/schema.org\",\"@graph\":[{\"@type\":\"WebPage\",\"@id\":\"https:\\\/\\\/tienda.fullermachinery.com\\\/index.php\\\/producto\\\/vitrina-de-calefaccion-ref-d1pb\\\/\",\"url\":\"https:\\\/\\\/tienda.fullermachinery.com\\\/index.php\\\/producto\\\/vitrina-de-calefaccion-ref-d1pb\\\/\",\"name\":\"Vitrina Calefactora para Alimentos | Ref D1PB | Vidrio Curvo | Acero Inoxidable - Fuller Machinery\",\"isPartOf\":{\"@id\":\"https:\\\/\\\/tienda.fullermachinery.com\\\/#website\"},\"primaryImageOfPage\":{\"@id\":\"https:\\\/\\\/tienda.fullermachinery.com\\\/index.php\\\/producto\\\/vitrina-de-calefaccion-ref-d1pb\\\/#primaryimage\"},\"image\":{\"@id\":\"https:\\\/\\\/tienda.fullermachinery.com\\\/index.php\\\/producto\\\/vitrina-de-calefaccion-ref-d1pb\\\/#primaryimage\"},\"thumbnailUrl\":\"https:\\\/\\\/tienda.fullermachinery.com\\\/wp-content\\\/uploads\\\/2025\\\/02\\\/VITRINA-DE-CALEFACCION-REF-D1PB-FRENTE.png\",\"datePublished\":\"2025-02-13T21:46:24+00:00\",\"dateModified\":\"2025-07-10T17:55:23+00:00\",\"breadcrumb\":{\"@id\":\"https:\\\/\\\/tienda.fullermachinery.com\\\/index.php\\\/producto\\\/vitrina-de-calefaccion-ref-d1pb\\\/#breadcrumb\"},\"inLanguage\":\"es\",\"potentialAction\":[{\"@type\":\"ReadAction\",\"target\":[\"https:\\\/\\\/tienda.fullermachinery.com\\\/index.php\\\/producto\\\/vitrina-de-calefaccion-ref-d1pb\\\/\"]}]},{\"@type\":\"ImageObject\",\"inLanguage\":\"es\",\"@id\":\"https:\\\/\\\/tienda.fullermachinery.com\\\/index.php\\\/producto\\\/vitrina-de-calefaccion-ref-d1pb\\\/#primaryimage\",\"url\":\"https:\\\/\\\/tienda.fullermachinery.com\\\/wp-content\\\/uploads\\\/2025\\\/02\\\/VITRINA-DE-CALEFACCION-REF-D1PB-FRENTE.png\",\"contentUrl\":\"https:\\\/\\\/tienda.fullermachinery.com\\\/wp-content\\\/uploads\\\/2025\\\/02\\\/VITRINA-DE-CALEFACCION-REF-D1PB-FRENTE.png\",\"width\":2000,\"height\":2000,\"caption\":\"Vitrina de calefacci\u00f3n D1PB de Fuller Machinery, ideal para mantener alimentos calientes con temperatura ajustable y dise\u00f1o atractivo\"},{\"@type\":\"BreadcrumbList\",\"@id\":\"https:\\\/\\\/tienda.fullermachinery.com\\\/index.php\\\/producto\\\/vitrina-de-calefaccion-ref-d1pb\\\/#breadcrumb\",\"itemListElement\":[{\"@type\":\"ListItem\",\"position\":1,\"name\":\"Portada\",\"item\":\"https:\\\/\\\/tienda.fullermachinery.com\\\/\"},{\"@type\":\"ListItem\",\"position\":2,\"name\":\"Productos\",\"item\":\"https:\\\/\\\/tienda.fullermachinery.com\\\/index.php\\\/shop\\\/\"},{\"@type\":\"ListItem\",\"position\":3,\"name\":\"Vitrina Calefactora para Alimentos | Ref D1PB | Vidrio Curvo | Acero Inoxidable\"}]},{\"@type\":\"WebSite\",\"@id\":\"https:\\\/\\\/tienda.fullermachinery.com\\\/#website\",\"url\":\"https:\\\/\\\/tienda.fullermachinery.com\\\/\",\"name\":\"Fuller Machinery\",\"description\":\"Importaci\u00f3n y comercializaci\u00f3n de m\u00e1quinas industriales para el sector de alimentos\",\"publisher\":{\"@id\":\"https:\\\/\\\/tienda.fullermachinery.com\\\/#organization\"},\"potentialAction\":[{\"@type\":\"SearchAction\",\"target\":{\"@type\":\"EntryPoint\",\"urlTemplate\":\"https:\\\/\\\/tienda.fullermachinery.com\\\/?s={search_term_string}\"},\"query-input\":{\"@type\":\"PropertyValueSpecification\",\"valueRequired\":true,\"valueName\":\"search_term_string\"}}],\"inLanguage\":\"es\"},{\"@type\":\"Organization\",\"@id\":\"https:\\\/\\\/tienda.fullermachinery.com\\\/#organization\",\"name\":\"Fuller Machinery\",\"url\":\"https:\\\/\\\/tienda.fullermachinery.com\\\/\",\"logo\":{\"@type\":\"ImageObject\",\"inLanguage\":\"es\",\"@id\":\"https:\\\/\\\/tienda.fullermachinery.com\\\/#\\\/schema\\\/logo\\\/image\\\/\",\"url\":\"https:\\\/\\\/tienda.fullermachinery.com\\\/wp-content\\\/uploads\\\/2023\\\/08\\\/logo-fuller-transparente.png\",\"contentUrl\":\"https:\\\/\\\/tienda.fullermachinery.com\\\/wp-content\\\/uploads\\\/2023\\\/08\\\/logo-fuller-transparente.png\",\"width\":2208,\"height\":644,\"caption\":\"Fuller Machinery\"},\"image\":{\"@id\":\"https:\\\/\\\/tienda.fullermachinery.com\\\/#\\\/schema\\\/logo\\\/image\\\/\"}}]}<\/script>\n<!-- \/ Yoast SEO plugin. -->","yoast_head_json":{"title":"Vitrina Calefactora para Alimentos | Ref D1PB | Vidrio Curvo | Acero Inoxidable - Fuller Machinery","robots":{"index":"index","follow":"follow","max-snippet":"max-snippet:-1","max-image-preview":"max-image-preview:large","max-video-preview":"max-video-preview:-1"},"canonical":"https:\/\/tienda.fullermachinery.com\/index.php\/producto\/vitrina-de-calefaccion-ref-d1pb\/","og_locale":"es_ES","og_type":"article","og_title":"Vitrina Calefactora para Alimentos | Ref D1PB | Vidrio Curvo | Acero Inoxidable - Fuller Machinery","og_description":"Vitrina calefactora Ref. D1PB con vidrio curvo, iluminaci\u00f3n interna y termostato ajustable. Compacta, elegante y perfecta para exhibir productos calientes con estilo.","og_url":"https:\/\/tienda.fullermachinery.com\/index.php\/producto\/vitrina-de-calefaccion-ref-d1pb\/","og_site_name":"Fuller Machinery","article_modified_time":"2025-07-10T17:55:23+00:00","og_image":[{"width":2000,"height":2000,"url":"https:\/\/tienda.fullermachinery.com\/wp-content\/uploads\/2025\/02\/VITRINA-DE-CALEFACCION-REF-D1PB-FRENTE.png","type":"image\/png"}],"twitter_card":"summary_large_image","twitter_misc":{"Tiempo de lectura":"2 minutos"},"schema":{"@context":"https:\/\/schema.org","@graph":[{"@type":"WebPage","@id":"https:\/\/tienda.fullermachinery.com\/index.php\/producto\/vitrina-de-calefaccion-ref-d1pb\/","url":"https:\/\/tienda.fullermachinery.com\/index.php\/producto\/vitrina-de-calefaccion-ref-d1pb\/","name":"Vitrina Calefactora para Alimentos | Ref D1PB | Vidrio Curvo | Acero Inoxidable - Fuller Machinery","isPartOf":{"@id":"https:\/\/tienda.fullermachinery.com\/#website"},"primaryImageOfPage":{"@id":"https:\/\/tienda.fullermachinery.com\/index.php\/producto\/vitrina-de-calefaccion-ref-d1pb\/#primaryimage"},"image":{"@id":"https:\/\/tienda.fullermachinery.com\/index.php\/producto\/vitrina-de-calefaccion-ref-d1pb\/#primaryimage"},"thumbnailUrl":"https:\/\/tienda.fullermachinery.com\/wp-content\/uploads\/2025\/02\/VITRINA-DE-CALEFACCION-REF-D1PB-FRENTE.png","datePublished":"2025-02-13T21:46:24+00:00","dateModified":"2025-07-10T17:55:23+00:00","breadcrumb":{"@id":"https:\/\/tienda.fullermachinery.com\/index.php\/producto\/vitrina-de-calefaccion-ref-d1pb\/#breadcrumb"},"inLanguage":"es","potentialAction":[{"@type":"ReadAction","target":["https:\/\/tienda.fullermachinery.com\/index.php\/producto\/vitrina-de-calefaccion-ref-d1pb\/"]}]},{"@type":"ImageObject","inLanguage":"es","@id":"https:\/\/tienda.fullermachinery.com\/index.php\/producto\/vitrina-de-calefaccion-ref-d1pb\/#primaryimage","url":"https:\/\/tienda.fullermachinery.com\/wp-content\/uploads\/2025\/02\/VITRINA-DE-CALEFACCION-REF-D1PB-FRENTE.png","contentUrl":"https:\/\/tienda.fullermachinery.com\/wp-content\/uploads\/2025\/02\/VITRINA-DE-CALEFACCION-REF-D1PB-FRENTE.png","width":2000,"height":2000,"caption":"Vitrina de calefacci\u00f3n D1PB de Fuller Machinery, ideal para mantener alimentos calientes con temperatura ajustable y dise\u00f1o atractivo"},{"@type":"BreadcrumbList","@id":"https:\/\/tienda.fullermachinery.com\/index.php\/producto\/vitrina-de-calefaccion-ref-d1pb\/#breadcrumb","itemListElement":[{"@type":"ListItem","position":1,"name":"Portada","item":"https:\/\/tienda.fullermachinery.com\/"},{"@type":"ListItem","position":2,"name":"Productos","item":"https:\/\/tienda.fullermachinery.com\/index.php\/shop\/"},{"@type":"ListItem","position":3,"name":"Vitrina Calefactora para Alimentos | Ref D1PB | Vidrio Curvo | Acero Inoxidable"}]},{"@type":"WebSite","@id":"https:\/\/tienda.fullermachinery.com\/#website","url":"https:\/\/tienda.fullermachinery.com\/","name":"Fuller Machinery","description":"Importaci\u00f3n y comercializaci\u00f3n de m\u00e1quinas industriales para el sector de alimentos","publisher":{"@id":"https:\/\/tienda.fullermachinery.com\/#organization"},"potentialAction":[{"@type":"SearchAction","target":{"@type":"EntryPoint","urlTemplate":"https:\/\/tienda.fullermachinery.com\/?s={search_term_string}"},"query-input":{"@type":"PropertyValueSpecification","valueRequired":true,"valueName":"search_term_string"}}],"inLanguage":"es"},{"@type":"Organization","@id":"https:\/\/tienda.fullermachinery.com\/#organization","name":"Fuller Machinery","url":"https:\/\/tienda.fullermachinery.com\/","logo":{"@type":"ImageObject","inLanguage":"es","@id":"https:\/\/tienda.fullermachinery.com\/#\/schema\/logo\/image\/","url":"https:\/\/tienda.fullermachinery.com\/wp-content\/uploads\/2023\/08\/logo-fuller-transparente.png","contentUrl":"https:\/\/tienda.fullermachinery.com\/wp-content\/uploads\/2023\/08\/logo-fuller-transparente.png","width":2208,"height":644,"caption":"Fuller Machinery"},"image":{"@id":"https:\/\/tienda.fullermachinery.com\/#\/schema\/logo\/image\/"}}]}},"jetpack_sharing_enabled":true,"_links":{"self":[{"href":"https:\/\/tienda.fullermachinery.com\/index.php\/wp-json\/wp\/v2\/product\/17781","targetHints":{"allow":["GET"]}}],"collection":[{"href":"https:\/\/tienda.fullermachinery.com\/index.php\/wp-json\/wp\/v2\/product"}],"about":[{"href":"https:\/\/tienda.fullermachinery.com\/index.php\/wp-json\/wp\/v2\/types\/product"}],"replies":[{"embeddable":true,"href":"https:\/\/tienda.fullermachinery.com\/index.php\/wp-json\/wp\/v2\/comments?post=17781"}],"version-history":[{"count":3,"href":"https:\/\/tienda.fullermachinery.com\/index.php\/wp-json\/wp\/v2\/product\/17781\/revisions"}],"predecessor-version":[{"id":17788,"href":"https:\/\/tienda.fullermachinery.com\/index.php\/wp-json\/wp\/v2\/product\/17781\/revisions\/17788"}],"wp:featuredmedia":[{"embeddable":true,"href":"https:\/\/tienda.fullermachinery.com\/index.php\/wp-json\/wp\/v2\/media\/17783"}],"wp:attachment":[{"href":"https:\/\/tienda.fullermachinery.com\/index.php\/wp-json\/wp\/v2\/media?parent=17781"}],"wp:term":[{"taxonomy":"product_brand","embeddable":true,"href":"https:\/\/tienda.fullermachinery.com\/index.php\/wp-json\/wp\/v2\/product_brand?post=17781"},{"taxonomy":"product_cat","embeddable":true,"href":"https:\/\/tienda.fullermachinery.com\/index.php\/wp-json\/wp\/v2\/product_cat?post=17781"},{"taxonomy":"product_tag","embeddable":true,"href":"https:\/\/tienda.fullermachinery.com\/index.php\/wp-json\/wp\/v2\/product_tag?post=17781"}],"curies":[{"name":"wp","href":"https:\/\/api.w.org\/{rel}","templated":true}]}}