{"id":17510,"date":"2024-11-14T12:27:49","date_gmt":"2024-11-14T17:27:49","guid":{"rendered":"https:\/\/tienda.fullermachinery.com\/?post_type=product&#038;p=17510"},"modified":"2025-07-18T10:23:09","modified_gmt":"2025-07-18T15:23:09","slug":"asador-salchichas-11-rodillos-cabina-pan","status":"publish","type":"product","link":"https:\/\/tienda.fullermachinery.com\/index.php\/producto\/asador-salchichas-11-rodillos-cabina-pan\/","title":{"rendered":"Asador de Salchichas 11 Rodillos | Capacidad 30 Unidades | Cabina para Pan | Acero Inoxidable | Uso Comercia"},"content":{"rendered":"\t\t<div data-elementor-type=\"wp-post\" data-elementor-id=\"17510\" class=\"elementor elementor-17510\">\n\t\t\t\t\t\t<section class=\"elementor-section elementor-top-section elementor-element elementor-element-815bb91 elementor-section-boxed elementor-section-height-default elementor-section-height-default wd-section-disabled\" data-id=\"815bb91\" data-element_type=\"section\" data-e-type=\"section\">\n\t\t\t\t\t\t<div class=\"elementor-container elementor-column-gap-default\">\n\t\t\t\t\t<div class=\"elementor-column elementor-col-100 elementor-top-column elementor-element elementor-element-441bace\" data-id=\"441bace\" data-element_type=\"column\" data-e-type=\"column\">\n\t\t\t<div class=\"elementor-widget-wrap elementor-element-populated\">\n\t\t\t\t\t\t<div class=\"elementor-element elementor-element-f2ecba6 elementor-widget elementor-widget-wd_text_block\" data-id=\"f2ecba6\" data-element_type=\"widget\" data-e-type=\"widget\" data-widget_type=\"wd_text_block.default\">\n\t\t\t\t<div class=\"elementor-widget-container\">\n\t\t\t\t\t\t\t<div class=\"wd-text-block reset-last-child text-left\">\n\t\t\t\n\t\t\t<p data-start=\"671\" data-end=\"782\"><strong data-start=\"671\" data-end=\"782\">Asador de salchichas profesional con cabina para pan \u2013 \u00a1Alta capacidad y m\u00e1xima eficiencia para tu negocio!<\/strong><\/p><p data-start=\"784\" data-end=\"1071\">Este asador con 11 rodillos permite asar hasta <strong data-start=\"831\" data-end=\"875\">30 salchichas o hot dogs al mismo tiempo<\/strong>, gracias a su sistema de cocci\u00f3n uniforme de 360\u00b0. Adem\u00e1s, incluye una <strong data-start=\"947\" data-end=\"985\">cabina superior en vidrio templado<\/strong> para mantener calientes hasta 5 panes simult\u00e1neamente, ideal para un servicio r\u00e1pido.<\/p><p data-start=\"1073\" data-end=\"1106\"><strong data-start=\"1073\" data-end=\"1104\">Caracter\u00edsticas destacadas:<\/strong><\/p><ul data-start=\"1107\" data-end=\"1556\"><li data-start=\"1107\" data-end=\"1154\"><p data-start=\"1109\" data-end=\"1154\">\u2705 11 rodillos antiadherentes que giran 360\u00b0<\/p><\/li><li data-start=\"1155\" data-end=\"1192\"><p data-start=\"1157\" data-end=\"1192\">\u2705 Capacidad: 30 salchichas aprox.<\/p><\/li><li data-start=\"1193\" data-end=\"1245\"><p data-start=\"1195\" data-end=\"1245\">\u2705 Cabina calentadora de pan (capacidad: 5 panes)<\/p><\/li><li data-start=\"1246\" data-end=\"1312\"><p data-start=\"1248\" data-end=\"1312\">\u2705 Dos controles de temperatura independientes (6 y 5 rodillos)<\/p><\/li><li data-start=\"1313\" data-end=\"1369\"><p data-start=\"1315\" data-end=\"1369\">\u2705 Construcci\u00f3n en acero inoxidable y vidrio templado<\/p><\/li><li data-start=\"1370\" data-end=\"1418\"><p data-start=\"1372\" data-end=\"1418\">\u2705 Bandeja inferior en acr\u00edlico para residuos<\/p><\/li><li data-start=\"1419\" data-end=\"1462\"><p data-start=\"1421\" data-end=\"1462\">\u2705 Alimentaci\u00f3n: 110V | Frecuencia: 60Hz<\/p><\/li><li data-start=\"1463\" data-end=\"1506\"><p data-start=\"1465\" data-end=\"1506\">\u2705 Potencia: 1.32 kW | Consumo: 1.32 kWh<\/p><\/li><li data-start=\"1507\" data-end=\"1541\"><p data-start=\"1509\" data-end=\"1541\">\u2705 Dimensiones: 48 \u00d7 59 \u00d7 43 cm<\/p><\/li><li data-start=\"1542\" data-end=\"1556\"><p data-start=\"1544\" data-end=\"1556\">\u2705 Peso: 13kg<\/p><\/li><\/ul><p data-start=\"1558\" data-end=\"1771\">Perfecto para negocios de comida r\u00e1pida, puestos callejeros, food trucks, ferias o puntos de alto tr\u00e1fico. Su dise\u00f1o moderno y funcional lo convierte en una herramienta infaltable para emprendedores gastron\u00f3micos.<\/p><p data-start=\"1773\" data-end=\"1815\"><strong data-start=\"1773\" data-end=\"1815\">\u00a1Haz que tus hot dogs se vendan solos!<\/strong><\/p>\n\t\t\t\t\t<\/div>\n\t\t\t\t\t\t<\/div>\n\t\t\t\t<\/div>\n\t\t\t\t\t<\/div>\n\t\t<\/div>\n\t\t\t\t\t<\/div>\n\t\t<\/section>\n\t\t\t\t<\/div>\n\t\t","protected":false},"excerpt":{"rendered":"<p>Asador profesional de 11 rodillos con capacidad para 30 salchichas y cabina calentadora de pan. Fabricado en acero inoxidable, ideal para negocios de comida r\u00e1pida.<\/p>\n","protected":false},"featured_media":17511,"comment_status":"open","ping_status":"closed","template":"","meta":[],"product_brand":[302],"product_cat":[140],"product_tag":[422,424,276,425,423,277,421,426,278],"class_list":{"0":"post-17510","1":"product","2":"type-product","3":"status-publish","4":"has-post-thumbnail","6":"product_brand-fuller-machinery","7":"product_cat-preparacion-de-alimentos","8":"product_tag-asador-11-rodillos","9":"product_tag-asador-comercial","10":"product_tag-asador-de-salchichas","11":"product_tag-cabina-calentadora-de-pan","12":"product_tag-equipo-para-comida-rapida","13":"product_tag-hotdogs","14":"product_tag-maquina-de-hot-dogs","15":"product_tag-maquinaria-gastronomica","16":"product_tag-perroscalientes","17":"product_shipping_class-peso-menor-de-50-kg","19":"first","20":"instock","21":"featured","22":"shipping-taxable","23":"purchasable","24":"product-type-simple"},"yoast_head":"<!-- This site is optimized with the Yoast SEO plugin v27.3 - https:\/\/yoast.com\/product\/yoast-seo-wordpress\/ -->\n<title>Asador de Salchichas 11 Rodillos | Capacidad 30 Unidades | Cabina para Pan | Acero Inoxidable | Uso Comercia - Fuller Machinery<\/title>\n<meta name=\"description\" content=\"Asador profesional de 11 rodillos con cabina para pan. Asa hasta 30 salchichas. Ideal para negocios de comida r\u00e1pida y uso intensivo. Env\u00edos a todo el pa\u00eds.\" \/>\n<meta name=\"robots\" content=\"index, follow, max-snippet:-1, max-image-preview:large, max-video-preview:-1\" \/>\n<link rel=\"canonical\" href=\"https:\/\/tienda.fullermachinery.com\/index.php\/producto\/asador-salchichas-11-rodillos-cabina-pan\/\" \/>\n<meta property=\"og:locale\" content=\"es_ES\" \/>\n<meta property=\"og:type\" content=\"article\" \/>\n<meta property=\"og:title\" content=\"Asador de Salchichas 11 Rodillos | Capacidad 30 Unidades | Cabina para Pan | Acero Inoxidable | Uso Comercia - Fuller Machinery\" \/>\n<meta property=\"og:description\" content=\"Asador profesional de 11 rodillos con cabina para pan. Asa hasta 30 salchichas. Ideal para negocios de comida r\u00e1pida y uso intensivo. Env\u00edos a todo el pa\u00eds.\" \/>\n<meta property=\"og:url\" content=\"https:\/\/tienda.fullermachinery.com\/index.php\/producto\/asador-salchichas-11-rodillos-cabina-pan\/\" \/>\n<meta property=\"og:site_name\" content=\"Fuller Machinery\" \/>\n<meta property=\"article:modified_time\" content=\"2025-07-18T15:23:09+00:00\" \/>\n<meta property=\"og:image\" content=\"https:\/\/tienda.fullermachinery.com\/wp-content\/uploads\/2024\/11\/frente-2.png\" \/>\n\t<meta property=\"og:image:width\" content=\"1080\" \/>\n\t<meta property=\"og:image:height\" content=\"1080\" \/>\n\t<meta property=\"og:image:type\" content=\"image\/png\" \/>\n<meta name=\"twitter:card\" content=\"summary_large_image\" \/>\n<meta name=\"twitter:label1\" content=\"Tiempo de lectura\" \/>\n\t<meta name=\"twitter:data1\" content=\"1 minuto\" \/>\n<script type=\"application\/ld+json\" class=\"yoast-schema-graph\">{\"@context\":\"https:\\\/\\\/schema.org\",\"@graph\":[{\"@type\":\"WebPage\",\"@id\":\"https:\\\/\\\/tienda.fullermachinery.com\\\/index.php\\\/producto\\\/asador-salchichas-11-rodillos-cabina-pan\\\/\",\"url\":\"https:\\\/\\\/tienda.fullermachinery.com\\\/index.php\\\/producto\\\/asador-salchichas-11-rodillos-cabina-pan\\\/\",\"name\":\"Asador de Salchichas 11 Rodillos | Capacidad 30 Unidades | Cabina para Pan | Acero Inoxidable | Uso Comercia - Fuller Machinery\",\"isPartOf\":{\"@id\":\"https:\\\/\\\/tienda.fullermachinery.com\\\/#website\"},\"primaryImageOfPage\":{\"@id\":\"https:\\\/\\\/tienda.fullermachinery.com\\\/index.php\\\/producto\\\/asador-salchichas-11-rodillos-cabina-pan\\\/#primaryimage\"},\"image\":{\"@id\":\"https:\\\/\\\/tienda.fullermachinery.com\\\/index.php\\\/producto\\\/asador-salchichas-11-rodillos-cabina-pan\\\/#primaryimage\"},\"thumbnailUrl\":\"https:\\\/\\\/tienda.fullermachinery.com\\\/wp-content\\\/uploads\\\/2024\\\/11\\\/frente-2.png\",\"datePublished\":\"2024-11-14T17:27:49+00:00\",\"dateModified\":\"2025-07-18T15:23:09+00:00\",\"description\":\"Asador profesional de 11 rodillos con cabina para pan. Asa hasta 30 salchichas. Ideal para negocios de comida r\u00e1pida y uso intensivo. Env\u00edos a todo el pa\u00eds.\",\"breadcrumb\":{\"@id\":\"https:\\\/\\\/tienda.fullermachinery.com\\\/index.php\\\/producto\\\/asador-salchichas-11-rodillos-cabina-pan\\\/#breadcrumb\"},\"inLanguage\":\"es\",\"potentialAction\":[{\"@type\":\"ReadAction\",\"target\":[\"https:\\\/\\\/tienda.fullermachinery.com\\\/index.php\\\/producto\\\/asador-salchichas-11-rodillos-cabina-pan\\\/\"]}]},{\"@type\":\"ImageObject\",\"inLanguage\":\"es\",\"@id\":\"https:\\\/\\\/tienda.fullermachinery.com\\\/index.php\\\/producto\\\/asador-salchichas-11-rodillos-cabina-pan\\\/#primaryimage\",\"url\":\"https:\\\/\\\/tienda.fullermachinery.com\\\/wp-content\\\/uploads\\\/2024\\\/11\\\/frente-2.png\",\"contentUrl\":\"https:\\\/\\\/tienda.fullermachinery.com\\\/wp-content\\\/uploads\\\/2024\\\/11\\\/frente-2.png\",\"width\":1080,\"height\":1080,\"caption\":\"asador de salchichas para perro caliente de 11 rodillos con cubierta en acr\u00edlico\"},{\"@type\":\"BreadcrumbList\",\"@id\":\"https:\\\/\\\/tienda.fullermachinery.com\\\/index.php\\\/producto\\\/asador-salchichas-11-rodillos-cabina-pan\\\/#breadcrumb\",\"itemListElement\":[{\"@type\":\"ListItem\",\"position\":1,\"name\":\"Portada\",\"item\":\"https:\\\/\\\/tienda.fullermachinery.com\\\/\"},{\"@type\":\"ListItem\",\"position\":2,\"name\":\"Productos\",\"item\":\"https:\\\/\\\/tienda.fullermachinery.com\\\/index.php\\\/shop\\\/\"},{\"@type\":\"ListItem\",\"position\":3,\"name\":\"Asador de Salchichas 11 Rodillos | Capacidad 30 Unidades | Cabina para Pan | Acero Inoxidable | Uso Comercia\"}]},{\"@type\":\"WebSite\",\"@id\":\"https:\\\/\\\/tienda.fullermachinery.com\\\/#website\",\"url\":\"https:\\\/\\\/tienda.fullermachinery.com\\\/\",\"name\":\"Fuller Machinery\",\"description\":\"Importaci\u00f3n y comercializaci\u00f3n de m\u00e1quinas industriales para el sector de alimentos\",\"publisher\":{\"@id\":\"https:\\\/\\\/tienda.fullermachinery.com\\\/#organization\"},\"potentialAction\":[{\"@type\":\"SearchAction\",\"target\":{\"@type\":\"EntryPoint\",\"urlTemplate\":\"https:\\\/\\\/tienda.fullermachinery.com\\\/?s={search_term_string}\"},\"query-input\":{\"@type\":\"PropertyValueSpecification\",\"valueRequired\":true,\"valueName\":\"search_term_string\"}}],\"inLanguage\":\"es\"},{\"@type\":\"Organization\",\"@id\":\"https:\\\/\\\/tienda.fullermachinery.com\\\/#organization\",\"name\":\"Fuller Machinery\",\"url\":\"https:\\\/\\\/tienda.fullermachinery.com\\\/\",\"logo\":{\"@type\":\"ImageObject\",\"inLanguage\":\"es\",\"@id\":\"https:\\\/\\\/tienda.fullermachinery.com\\\/#\\\/schema\\\/logo\\\/image\\\/\",\"url\":\"https:\\\/\\\/tienda.fullermachinery.com\\\/wp-content\\\/uploads\\\/2023\\\/08\\\/logo-fuller-transparente.png\",\"contentUrl\":\"https:\\\/\\\/tienda.fullermachinery.com\\\/wp-content\\\/uploads\\\/2023\\\/08\\\/logo-fuller-transparente.png\",\"width\":2208,\"height\":644,\"caption\":\"Fuller Machinery\"},\"image\":{\"@id\":\"https:\\\/\\\/tienda.fullermachinery.com\\\/#\\\/schema\\\/logo\\\/image\\\/\"}}]}<\/script>\n<!-- \/ Yoast SEO plugin. -->","yoast_head_json":{"title":"Asador de Salchichas 11 Rodillos | Capacidad 30 Unidades | Cabina para Pan | Acero Inoxidable | Uso Comercia - Fuller Machinery","description":"Asador profesional de 11 rodillos con cabina para pan. Asa hasta 30 salchichas. Ideal para negocios de comida r\u00e1pida y uso intensivo. Env\u00edos a todo el pa\u00eds.","robots":{"index":"index","follow":"follow","max-snippet":"max-snippet:-1","max-image-preview":"max-image-preview:large","max-video-preview":"max-video-preview:-1"},"canonical":"https:\/\/tienda.fullermachinery.com\/index.php\/producto\/asador-salchichas-11-rodillos-cabina-pan\/","og_locale":"es_ES","og_type":"article","og_title":"Asador de Salchichas 11 Rodillos | Capacidad 30 Unidades | Cabina para Pan | Acero Inoxidable | Uso Comercia - Fuller Machinery","og_description":"Asador profesional de 11 rodillos con cabina para pan. Asa hasta 30 salchichas. Ideal para negocios de comida r\u00e1pida y uso intensivo. Env\u00edos a todo el pa\u00eds.","og_url":"https:\/\/tienda.fullermachinery.com\/index.php\/producto\/asador-salchichas-11-rodillos-cabina-pan\/","og_site_name":"Fuller Machinery","article_modified_time":"2025-07-18T15:23:09+00:00","og_image":[{"width":1080,"height":1080,"url":"https:\/\/tienda.fullermachinery.com\/wp-content\/uploads\/2024\/11\/frente-2.png","type":"image\/png"}],"twitter_card":"summary_large_image","twitter_misc":{"Tiempo de lectura":"1 minuto"},"schema":{"@context":"https:\/\/schema.org","@graph":[{"@type":"WebPage","@id":"https:\/\/tienda.fullermachinery.com\/index.php\/producto\/asador-salchichas-11-rodillos-cabina-pan\/","url":"https:\/\/tienda.fullermachinery.com\/index.php\/producto\/asador-salchichas-11-rodillos-cabina-pan\/","name":"Asador de Salchichas 11 Rodillos | Capacidad 30 Unidades | Cabina para Pan | Acero Inoxidable | Uso Comercia - Fuller Machinery","isPartOf":{"@id":"https:\/\/tienda.fullermachinery.com\/#website"},"primaryImageOfPage":{"@id":"https:\/\/tienda.fullermachinery.com\/index.php\/producto\/asador-salchichas-11-rodillos-cabina-pan\/#primaryimage"},"image":{"@id":"https:\/\/tienda.fullermachinery.com\/index.php\/producto\/asador-salchichas-11-rodillos-cabina-pan\/#primaryimage"},"thumbnailUrl":"https:\/\/tienda.fullermachinery.com\/wp-content\/uploads\/2024\/11\/frente-2.png","datePublished":"2024-11-14T17:27:49+00:00","dateModified":"2025-07-18T15:23:09+00:00","description":"Asador profesional de 11 rodillos con cabina para pan. Asa hasta 30 salchichas. Ideal para negocios de comida r\u00e1pida y uso intensivo. Env\u00edos a todo el pa\u00eds.","breadcrumb":{"@id":"https:\/\/tienda.fullermachinery.com\/index.php\/producto\/asador-salchichas-11-rodillos-cabina-pan\/#breadcrumb"},"inLanguage":"es","potentialAction":[{"@type":"ReadAction","target":["https:\/\/tienda.fullermachinery.com\/index.php\/producto\/asador-salchichas-11-rodillos-cabina-pan\/"]}]},{"@type":"ImageObject","inLanguage":"es","@id":"https:\/\/tienda.fullermachinery.com\/index.php\/producto\/asador-salchichas-11-rodillos-cabina-pan\/#primaryimage","url":"https:\/\/tienda.fullermachinery.com\/wp-content\/uploads\/2024\/11\/frente-2.png","contentUrl":"https:\/\/tienda.fullermachinery.com\/wp-content\/uploads\/2024\/11\/frente-2.png","width":1080,"height":1080,"caption":"asador de salchichas para perro caliente de 11 rodillos con cubierta en acr\u00edlico"},{"@type":"BreadcrumbList","@id":"https:\/\/tienda.fullermachinery.com\/index.php\/producto\/asador-salchichas-11-rodillos-cabina-pan\/#breadcrumb","itemListElement":[{"@type":"ListItem","position":1,"name":"Portada","item":"https:\/\/tienda.fullermachinery.com\/"},{"@type":"ListItem","position":2,"name":"Productos","item":"https:\/\/tienda.fullermachinery.com\/index.php\/shop\/"},{"@type":"ListItem","position":3,"name":"Asador de Salchichas 11 Rodillos | Capacidad 30 Unidades | Cabina para Pan | Acero Inoxidable | Uso Comercia"}]},{"@type":"WebSite","@id":"https:\/\/tienda.fullermachinery.com\/#website","url":"https:\/\/tienda.fullermachinery.com\/","name":"Fuller Machinery","description":"Importaci\u00f3n y comercializaci\u00f3n de m\u00e1quinas industriales para el sector de alimentos","publisher":{"@id":"https:\/\/tienda.fullermachinery.com\/#organization"},"potentialAction":[{"@type":"SearchAction","target":{"@type":"EntryPoint","urlTemplate":"https:\/\/tienda.fullermachinery.com\/?s={search_term_string}"},"query-input":{"@type":"PropertyValueSpecification","valueRequired":true,"valueName":"search_term_string"}}],"inLanguage":"es"},{"@type":"Organization","@id":"https:\/\/tienda.fullermachinery.com\/#organization","name":"Fuller Machinery","url":"https:\/\/tienda.fullermachinery.com\/","logo":{"@type":"ImageObject","inLanguage":"es","@id":"https:\/\/tienda.fullermachinery.com\/#\/schema\/logo\/image\/","url":"https:\/\/tienda.fullermachinery.com\/wp-content\/uploads\/2023\/08\/logo-fuller-transparente.png","contentUrl":"https:\/\/tienda.fullermachinery.com\/wp-content\/uploads\/2023\/08\/logo-fuller-transparente.png","width":2208,"height":644,"caption":"Fuller Machinery"},"image":{"@id":"https:\/\/tienda.fullermachinery.com\/#\/schema\/logo\/image\/"}}]}},"jetpack_sharing_enabled":true,"_links":{"self":[{"href":"https:\/\/tienda.fullermachinery.com\/index.php\/wp-json\/wp\/v2\/product\/17510","targetHints":{"allow":["GET"]}}],"collection":[{"href":"https:\/\/tienda.fullermachinery.com\/index.php\/wp-json\/wp\/v2\/product"}],"about":[{"href":"https:\/\/tienda.fullermachinery.com\/index.php\/wp-json\/wp\/v2\/types\/product"}],"replies":[{"embeddable":true,"href":"https:\/\/tienda.fullermachinery.com\/index.php\/wp-json\/wp\/v2\/comments?post=17510"}],"version-history":[{"count":6,"href":"https:\/\/tienda.fullermachinery.com\/index.php\/wp-json\/wp\/v2\/product\/17510\/revisions"}],"predecessor-version":[{"id":18623,"href":"https:\/\/tienda.fullermachinery.com\/index.php\/wp-json\/wp\/v2\/product\/17510\/revisions\/18623"}],"wp:featuredmedia":[{"embeddable":true,"href":"https:\/\/tienda.fullermachinery.com\/index.php\/wp-json\/wp\/v2\/media\/17511"}],"wp:attachment":[{"href":"https:\/\/tienda.fullermachinery.com\/index.php\/wp-json\/wp\/v2\/media?parent=17510"}],"wp:term":[{"taxonomy":"product_brand","embeddable":true,"href":"https:\/\/tienda.fullermachinery.com\/index.php\/wp-json\/wp\/v2\/product_brand?post=17510"},{"taxonomy":"product_cat","embeddable":true,"href":"https:\/\/tienda.fullermachinery.com\/index.php\/wp-json\/wp\/v2\/product_cat?post=17510"},{"taxonomy":"product_tag","embeddable":true,"href":"https:\/\/tienda.fullermachinery.com\/index.php\/wp-json\/wp\/v2\/product_tag?post=17510"}],"curies":[{"name":"wp","href":"https:\/\/api.w.org\/{rel}","templated":true}]}}