{"id":17182,"date":"2024-07-19T01:09:08","date_gmt":"2024-07-19T01:09:08","guid":{"rendered":"https:\/\/tienda.fullermachinery.com\/?post_type=product&#038;p=17182"},"modified":"2025-11-24T14:18:14","modified_gmt":"2025-11-24T19:18:14","slug":"bascula-inalambrica-wifi-300kg","status":"publish","type":"product","link":"https:\/\/tienda.fullermachinery.com\/index.php\/producto\/bascula-inalambrica-wifi-300kg\/","title":{"rendered":"B\u00e1scula Inal\u00e1mbrica WiFi | 300 kg | Tablero Digital y Alta Precisi\u00f3n"},"content":{"rendered":"\t\t<div data-elementor-type=\"wp-post\" data-elementor-id=\"17182\" class=\"elementor elementor-17182\">\n\t\t\t\t\t\t<section class=\"elementor-section elementor-top-section elementor-element elementor-element-d4c6e0b elementor-section-boxed elementor-section-height-default elementor-section-height-default wd-section-disabled\" data-id=\"d4c6e0b\" data-element_type=\"section\" data-e-type=\"section\">\n\t\t\t\t\t\t<div class=\"elementor-container elementor-column-gap-default\">\n\t\t\t\t\t<div class=\"elementor-column elementor-col-100 elementor-top-column elementor-element elementor-element-8bf0c1b\" data-id=\"8bf0c1b\" data-element_type=\"column\" data-e-type=\"column\">\n\t\t\t<div class=\"elementor-widget-wrap elementor-element-populated\">\n\t\t\t\t\t\t<div class=\"elementor-element elementor-element-404c0ea elementor-widget elementor-widget-wd_text_block\" data-id=\"404c0ea\" data-element_type=\"widget\" data-e-type=\"widget\" data-widget_type=\"wd_text_block.default\">\n\t\t\t\t<div class=\"elementor-widget-container\">\n\t\t\t\t\t\t\t<div class=\"wd-text-block reset-last-child text-left\">\n\t\t\t\n\t\t\t<p data-start=\"756\" data-end=\"1103\">\u2696\ufe0f <strong data-start=\"759\" data-end=\"818\">Pesaje de alta precisi\u00f3n con total libertad inal\u00e1mbrica<\/strong><br data-start=\"818\" data-end=\"821\" \/>La <strong data-start=\"824\" data-end=\"861\">B\u00e1scula Inal\u00e1mbrica WiFi | 300 kg<\/strong> es una herramienta innovadora que combina <strong data-start=\"904\" data-end=\"967\">tecnolog\u00eda avanzada, conectividad sin cables y portabilidad<\/strong> para optimizar procesos de pesaje en supermercados, almacenes, restaurantes, laboratorios y comercios que exigen exactitud y comodidad.<\/p><p data-start=\"1105\" data-end=\"1429\">Su <strong data-start=\"1108\" data-end=\"1155\">rango de pesaje desde 5 gramos hasta 300 kg<\/strong> la hace vers\u00e1til para productos peque\u00f1os y cargas medianas. Gracias a su sistema <strong data-start=\"1237\" data-end=\"1255\">WiFi integrado<\/strong>, permite la transmisi\u00f3n de datos entre la plataforma y el tablero digital a una distancia de hasta <strong data-start=\"1355\" data-end=\"1367\">8 metros<\/strong>, eliminando la limitaci\u00f3n de cables y mejorando la movilidad.<\/p><hr data-start=\"1431\" data-end=\"1434\" \/><h3 data-start=\"1436\" data-end=\"1468\">\u2b50 <strong data-start=\"1442\" data-end=\"1468\">Caracter\u00edsticas clave:<\/strong><\/h3><ul data-start=\"1470\" data-end=\"2261\"><li data-start=\"1470\" data-end=\"1598\"><p data-start=\"1472\" data-end=\"1598\"><strong data-start=\"1472\" data-end=\"1496\">Capacidad de pesaje:<\/strong> Desde 5 gramos hasta 300 kg \u2014 ideal para pesajes precisos de insumos, paquetes y mercanc\u00eda variada.<\/p><\/li><li data-start=\"1599\" data-end=\"1719\"><p data-start=\"1601\" data-end=\"1719\"><strong data-start=\"1601\" data-end=\"1623\">Conectividad WiFi:<\/strong> Comunicaci\u00f3n inal\u00e1mbrica estable entre plataforma e indicador, con alcance de hasta 8 metros.<\/p><\/li><li data-start=\"1720\" data-end=\"1844\"><p data-start=\"1722\" data-end=\"1844\"><strong data-start=\"1722\" data-end=\"1753\">Indicador digital port\u00e1til:<\/strong> Incluye bolso de transporte para colgarlo, manteni\u00e9ndolo siempre a la vista y protegido.<\/p><\/li><li data-start=\"1845\" data-end=\"1980\"><p data-start=\"1847\" data-end=\"1980\"><strong data-start=\"1847\" data-end=\"1870\">Bater\u00eda recargable:<\/strong> Plataforma e indicador operan con bater\u00edas de larga duraci\u00f3n; cargadores incluidos para ambos dispositivos.<\/p><\/li><li data-start=\"1981\" data-end=\"2084\"><p data-start=\"1983\" data-end=\"2084\"><strong data-start=\"1983\" data-end=\"2006\">Plataforma robusta:<\/strong> Estructura de acero inoxidable, dimensiones: 42 cm (ancho) x 52 cm (largo).<\/p><\/li><li data-start=\"2085\" data-end=\"2183\"><p data-start=\"2087\" data-end=\"2183\"><strong data-start=\"2087\" data-end=\"2110\">Manija tipo maleta:<\/strong> Facilita el transporte de la plataforma a diferentes \u00e1reas de trabajo.<\/p><\/li><li data-start=\"2184\" data-end=\"2261\"><p data-start=\"2186\" data-end=\"2261\"><strong data-start=\"2186\" data-end=\"2204\">Manual de uso:<\/strong> Gu\u00eda detallada para configuraci\u00f3n y operaci\u00f3n eficiente.<\/p><\/li><\/ul><hr data-start=\"2263\" data-end=\"2266\" \/><h3 data-start=\"2268\" data-end=\"2305\">\ud83c\udfe2 <strong data-start=\"2275\" data-end=\"2305\">Aplicaciones recomendadas:<\/strong><\/h3><ul data-start=\"2307\" data-end=\"2742\"><li data-start=\"2307\" data-end=\"2399\"><p data-start=\"2309\" data-end=\"2399\"><strong data-start=\"2309\" data-end=\"2348\">Supermercados y tiendas minoristas:<\/strong> Pesaje de frutas, verduras y productos a granel.<\/p><\/li><li data-start=\"2400\" data-end=\"2490\"><p data-start=\"2402\" data-end=\"2490\"><strong data-start=\"2402\" data-end=\"2442\">Restaurantes y cocinas industriales:<\/strong> Control de porciones e insumos con exactitud.<\/p><\/li><li data-start=\"2491\" data-end=\"2580\"><p data-start=\"2493\" data-end=\"2580\"><strong data-start=\"2493\" data-end=\"2519\">Almacenes y log\u00edstica:<\/strong> Gesti\u00f3n de inventario, recepci\u00f3n y despacho de mercanc\u00edas.<\/p><\/li><li data-start=\"2581\" data-end=\"2653\"><p data-start=\"2583\" data-end=\"2653\"><strong data-start=\"2583\" data-end=\"2600\">Laboratorios:<\/strong> Pesaje preciso de muestras y componentes peque\u00f1os.<\/p><\/li><li data-start=\"2654\" data-end=\"2742\"><p data-start=\"2656\" data-end=\"2742\"><strong data-start=\"2656\" data-end=\"2696\">Puestos de feria y mercados m\u00f3viles:<\/strong> Pesaje en puntos de venta con lectura remota.<\/p><\/li><\/ul><hr data-start=\"2744\" data-end=\"2747\" \/><h3 data-start=\"2749\" data-end=\"2783\">\ud83d\ude80 <strong data-start=\"2756\" data-end=\"2783\">Beneficios adicionales:<\/strong><\/h3><p data-start=\"2785\" data-end=\"3223\">\u2714\ufe0f <strong data-start=\"2788\" data-end=\"2813\">Libertad inal\u00e1mbrica:<\/strong> Sistema WiFi que elimina cables y mejora la movilidad.<br data-start=\"2868\" data-end=\"2871\" \/>\u2714\ufe0f <strong data-start=\"2874\" data-end=\"2901\">Portabilidad asegurada:<\/strong> Plataforma con manija y indicador con bolso para traslado seguro.<br data-start=\"2967\" data-end=\"2970\" \/>\u2714\ufe0f <strong data-start=\"2973\" data-end=\"2990\">Uso continuo:<\/strong> Bater\u00edas de larga duraci\u00f3n para jornadas completas de trabajo.<br data-start=\"3053\" data-end=\"3056\" \/>\u2714\ufe0f <strong data-start=\"3059\" data-end=\"3087\">Lectura clara y precisa:<\/strong> Tablero digital de f\u00e1cil lectura para resultados inmediatos.<br data-start=\"3148\" data-end=\"3151\" \/>\u2714\ufe0f <strong data-start=\"3154\" data-end=\"3180\">Eficiencia energ\u00e9tica:<\/strong> Apagado autom\u00e1tico para ahorro de bater\u00eda.<\/p><hr data-start=\"3225\" data-end=\"3228\" \/><h2 data-start=\"3230\" data-end=\"3249\">\u2705 <strong data-start=\"3235\" data-end=\"3249\">Conclusi\u00f3n<\/strong><\/h2><p data-start=\"3251\" data-end=\"3638\">La <strong data-start=\"3254\" data-end=\"3291\">B\u00e1scula Inal\u00e1mbrica WiFi | 300 kg<\/strong> ofrece la combinaci\u00f3n perfecta de <strong data-start=\"3326\" data-end=\"3363\">precisi\u00f3n, movilidad y tecnolog\u00eda<\/strong>, siendo una inversi\u00f3n clave para negocios que necesitan control de peso flexible y resultados confiables, sin complicaciones de cables. Su dise\u00f1o port\u00e1til y sistema de transmisi\u00f3n inal\u00e1mbrica la convierten en una herramienta esencial para operaciones din\u00e1micas y eficientes.<\/p><p data-start=\"3640\" data-end=\"3729\"><strong data-start=\"3640\" data-end=\"3729\">\u00a1Pesa, conecta y controla tu operaci\u00f3n con la comodidad de la tecnolog\u00eda inal\u00e1mbrica!<\/strong><\/p>\n\t\t\t\t\t<\/div>\n\t\t\t\t\t\t<\/div>\n\t\t\t\t<\/div>\n\t\t\t\t\t<\/div>\n\t\t<\/div>\n\t\t\t\t\t<\/div>\n\t\t<\/section>\n\t\t\t\t<\/div>\n\t\t","protected":false},"excerpt":{"rendered":"<p>B\u00e1scula inal\u00e1mbrica WiFi de 300 kg con tablero digital, rango desde 5 gramos, plataforma robusta con manija, indicador port\u00e1til y bater\u00edas recargables. Ideal para comercios, laboratorios y almacenes.<\/p>\n","protected":false},"featured_media":17183,"comment_status":"open","ping_status":"closed","template":"","meta":[],"product_brand":[],"product_cat":[189,253],"product_tag":[266,267],"class_list":{"0":"post-17182","1":"product","2":"type-product","3":"status-publish","4":"has-post-thumbnail","6":"product_cat-linea-de-pesaje","7":"product_cat-basculas-inalambricas","8":"product_tag-basculas","9":"product_tag-grameras","11":"first","12":"instock","13":"featured","14":"shipping-taxable","15":"purchasable","16":"product-type-simple"},"yoast_head":"<!-- This site is optimized with the Yoast SEO plugin v27.3 - https:\/\/yoast.com\/product\/yoast-seo-wordpress\/ -->\n<title>B\u00e1scula Inal\u00e1mbrica WiFi | 300 kg | Tablero Digital y Alta Precisi\u00f3n - Fuller Machinery<\/title>\n<meta name=\"description\" content=\"B\u00e1scula WiFi 300 kg: pesaje preciso desde 5g, tablero digital inal\u00e1mbrico, plataforma port\u00e1til y bater\u00eda recargable. Perfecta para almacenes, laboratorios y comercios.\" \/>\n<meta name=\"robots\" content=\"index, follow, max-snippet:-1, max-image-preview:large, max-video-preview:-1\" \/>\n<link rel=\"canonical\" href=\"https:\/\/tienda.fullermachinery.com\/index.php\/producto\/bascula-inalambrica-wifi-300kg\/\" \/>\n<meta property=\"og:locale\" content=\"es_ES\" \/>\n<meta property=\"og:type\" content=\"article\" \/>\n<meta property=\"og:title\" content=\"B\u00e1scula Inal\u00e1mbrica WiFi | 300 kg | Tablero Digital y Alta Precisi\u00f3n - Fuller Machinery\" \/>\n<meta property=\"og:description\" content=\"B\u00e1scula WiFi 300 kg: pesaje preciso desde 5g, tablero digital inal\u00e1mbrico, plataforma port\u00e1til y bater\u00eda recargable. Perfecta para almacenes, laboratorios y comercios.\" \/>\n<meta property=\"og:url\" content=\"https:\/\/tienda.fullermachinery.com\/index.php\/producto\/bascula-inalambrica-wifi-300kg\/\" \/>\n<meta property=\"og:site_name\" content=\"Fuller Machinery\" \/>\n<meta property=\"article:modified_time\" content=\"2025-11-24T19:18:14+00:00\" \/>\n<meta property=\"og:image\" content=\"https:\/\/tienda.fullermachinery.com\/wp-content\/uploads\/2024\/07\/BALANZA-350-KG-WIFI-2.png\" \/>\n\t<meta property=\"og:image:width\" content=\"2000\" \/>\n\t<meta property=\"og:image:height\" content=\"2000\" \/>\n\t<meta property=\"og:image:type\" content=\"image\/png\" \/>\n<meta name=\"twitter:card\" content=\"summary_large_image\" \/>\n<meta name=\"twitter:label1\" content=\"Tiempo de lectura\" \/>\n\t<meta name=\"twitter:data1\" content=\"3 minutos\" \/>\n<script type=\"application\/ld+json\" class=\"yoast-schema-graph\">{\"@context\":\"https:\\\/\\\/schema.org\",\"@graph\":[{\"@type\":\"WebPage\",\"@id\":\"https:\\\/\\\/tienda.fullermachinery.com\\\/index.php\\\/producto\\\/bascula-inalambrica-wifi-300kg\\\/\",\"url\":\"https:\\\/\\\/tienda.fullermachinery.com\\\/index.php\\\/producto\\\/bascula-inalambrica-wifi-300kg\\\/\",\"name\":\"B\u00e1scula Inal\u00e1mbrica WiFi | 300 kg | Tablero Digital y Alta Precisi\u00f3n - Fuller Machinery\",\"isPartOf\":{\"@id\":\"https:\\\/\\\/tienda.fullermachinery.com\\\/#website\"},\"primaryImageOfPage\":{\"@id\":\"https:\\\/\\\/tienda.fullermachinery.com\\\/index.php\\\/producto\\\/bascula-inalambrica-wifi-300kg\\\/#primaryimage\"},\"image\":{\"@id\":\"https:\\\/\\\/tienda.fullermachinery.com\\\/index.php\\\/producto\\\/bascula-inalambrica-wifi-300kg\\\/#primaryimage\"},\"thumbnailUrl\":\"https:\\\/\\\/tienda.fullermachinery.com\\\/wp-content\\\/uploads\\\/2024\\\/07\\\/BALANZA-350-KG-WIFI-2.png\",\"datePublished\":\"2024-07-19T01:09:08+00:00\",\"dateModified\":\"2025-11-24T19:18:14+00:00\",\"description\":\"B\u00e1scula WiFi 300 kg: pesaje preciso desde 5g, tablero digital inal\u00e1mbrico, plataforma port\u00e1til y bater\u00eda recargable. Perfecta para almacenes, laboratorios y comercios.\",\"breadcrumb\":{\"@id\":\"https:\\\/\\\/tienda.fullermachinery.com\\\/index.php\\\/producto\\\/bascula-inalambrica-wifi-300kg\\\/#breadcrumb\"},\"inLanguage\":\"es\",\"potentialAction\":[{\"@type\":\"ReadAction\",\"target\":[\"https:\\\/\\\/tienda.fullermachinery.com\\\/index.php\\\/producto\\\/bascula-inalambrica-wifi-300kg\\\/\"]}]},{\"@type\":\"ImageObject\",\"inLanguage\":\"es\",\"@id\":\"https:\\\/\\\/tienda.fullermachinery.com\\\/index.php\\\/producto\\\/bascula-inalambrica-wifi-300kg\\\/#primaryimage\",\"url\":\"https:\\\/\\\/tienda.fullermachinery.com\\\/wp-content\\\/uploads\\\/2024\\\/07\\\/BALANZA-350-KG-WIFI-2.png\",\"contentUrl\":\"https:\\\/\\\/tienda.fullermachinery.com\\\/wp-content\\\/uploads\\\/2024\\\/07\\\/BALANZA-350-KG-WIFI-2.png\",\"width\":2000,\"height\":2000,\"caption\":\"La b\u00e1scula inal\u00e1mbrica con tablero digital y sistema WiFi es una herramienta avanzada de medici\u00f3n de peso, dise\u00f1ada para ofrecer comodidad, precisi\u00f3n y flexibilidad. Con una capacidad de pesaje que va desde 5 gramos hasta 300 kg, esta b\u00e1scula es ideal para diversos entornos comerciales y profesionales. Su innovador sistema inal\u00e1mbrico permite la comunicaci\u00f3n entre la plataforma y el indicador a una distancia de hasta 8 metros, proporcionando una experiencia de uso sin restricciones y altamente funcional.\"},{\"@type\":\"BreadcrumbList\",\"@id\":\"https:\\\/\\\/tienda.fullermachinery.com\\\/index.php\\\/producto\\\/bascula-inalambrica-wifi-300kg\\\/#breadcrumb\",\"itemListElement\":[{\"@type\":\"ListItem\",\"position\":1,\"name\":\"Portada\",\"item\":\"https:\\\/\\\/tienda.fullermachinery.com\\\/\"},{\"@type\":\"ListItem\",\"position\":2,\"name\":\"Productos\",\"item\":\"https:\\\/\\\/tienda.fullermachinery.com\\\/index.php\\\/shop\\\/\"},{\"@type\":\"ListItem\",\"position\":3,\"name\":\"B\u00e1scula Inal\u00e1mbrica WiFi | 300 kg | Tablero Digital y Alta Precisi\u00f3n\"}]},{\"@type\":\"WebSite\",\"@id\":\"https:\\\/\\\/tienda.fullermachinery.com\\\/#website\",\"url\":\"https:\\\/\\\/tienda.fullermachinery.com\\\/\",\"name\":\"Fuller Machinery\",\"description\":\"Importaci\u00f3n y comercializaci\u00f3n de m\u00e1quinas industriales para el sector de alimentos\",\"publisher\":{\"@id\":\"https:\\\/\\\/tienda.fullermachinery.com\\\/#organization\"},\"potentialAction\":[{\"@type\":\"SearchAction\",\"target\":{\"@type\":\"EntryPoint\",\"urlTemplate\":\"https:\\\/\\\/tienda.fullermachinery.com\\\/?s={search_term_string}\"},\"query-input\":{\"@type\":\"PropertyValueSpecification\",\"valueRequired\":true,\"valueName\":\"search_term_string\"}}],\"inLanguage\":\"es\"},{\"@type\":\"Organization\",\"@id\":\"https:\\\/\\\/tienda.fullermachinery.com\\\/#organization\",\"name\":\"Fuller Machinery\",\"url\":\"https:\\\/\\\/tienda.fullermachinery.com\\\/\",\"logo\":{\"@type\":\"ImageObject\",\"inLanguage\":\"es\",\"@id\":\"https:\\\/\\\/tienda.fullermachinery.com\\\/#\\\/schema\\\/logo\\\/image\\\/\",\"url\":\"https:\\\/\\\/tienda.fullermachinery.com\\\/wp-content\\\/uploads\\\/2023\\\/08\\\/logo-fuller-transparente.png\",\"contentUrl\":\"https:\\\/\\\/tienda.fullermachinery.com\\\/wp-content\\\/uploads\\\/2023\\\/08\\\/logo-fuller-transparente.png\",\"width\":2208,\"height\":644,\"caption\":\"Fuller Machinery\"},\"image\":{\"@id\":\"https:\\\/\\\/tienda.fullermachinery.com\\\/#\\\/schema\\\/logo\\\/image\\\/\"}}]}<\/script>\n<!-- \/ Yoast SEO plugin. -->","yoast_head_json":{"title":"B\u00e1scula Inal\u00e1mbrica WiFi | 300 kg | Tablero Digital y Alta Precisi\u00f3n - Fuller Machinery","description":"B\u00e1scula WiFi 300 kg: pesaje preciso desde 5g, tablero digital inal\u00e1mbrico, plataforma port\u00e1til y bater\u00eda recargable. Perfecta para almacenes, laboratorios y comercios.","robots":{"index":"index","follow":"follow","max-snippet":"max-snippet:-1","max-image-preview":"max-image-preview:large","max-video-preview":"max-video-preview:-1"},"canonical":"https:\/\/tienda.fullermachinery.com\/index.php\/producto\/bascula-inalambrica-wifi-300kg\/","og_locale":"es_ES","og_type":"article","og_title":"B\u00e1scula Inal\u00e1mbrica WiFi | 300 kg | Tablero Digital y Alta Precisi\u00f3n - Fuller Machinery","og_description":"B\u00e1scula WiFi 300 kg: pesaje preciso desde 5g, tablero digital inal\u00e1mbrico, plataforma port\u00e1til y bater\u00eda recargable. Perfecta para almacenes, laboratorios y comercios.","og_url":"https:\/\/tienda.fullermachinery.com\/index.php\/producto\/bascula-inalambrica-wifi-300kg\/","og_site_name":"Fuller Machinery","article_modified_time":"2025-11-24T19:18:14+00:00","og_image":[{"width":2000,"height":2000,"url":"https:\/\/tienda.fullermachinery.com\/wp-content\/uploads\/2024\/07\/BALANZA-350-KG-WIFI-2.png","type":"image\/png"}],"twitter_card":"summary_large_image","twitter_misc":{"Tiempo de lectura":"3 minutos"},"schema":{"@context":"https:\/\/schema.org","@graph":[{"@type":"WebPage","@id":"https:\/\/tienda.fullermachinery.com\/index.php\/producto\/bascula-inalambrica-wifi-300kg\/","url":"https:\/\/tienda.fullermachinery.com\/index.php\/producto\/bascula-inalambrica-wifi-300kg\/","name":"B\u00e1scula Inal\u00e1mbrica WiFi | 300 kg | Tablero Digital y Alta Precisi\u00f3n - Fuller Machinery","isPartOf":{"@id":"https:\/\/tienda.fullermachinery.com\/#website"},"primaryImageOfPage":{"@id":"https:\/\/tienda.fullermachinery.com\/index.php\/producto\/bascula-inalambrica-wifi-300kg\/#primaryimage"},"image":{"@id":"https:\/\/tienda.fullermachinery.com\/index.php\/producto\/bascula-inalambrica-wifi-300kg\/#primaryimage"},"thumbnailUrl":"https:\/\/tienda.fullermachinery.com\/wp-content\/uploads\/2024\/07\/BALANZA-350-KG-WIFI-2.png","datePublished":"2024-07-19T01:09:08+00:00","dateModified":"2025-11-24T19:18:14+00:00","description":"B\u00e1scula WiFi 300 kg: pesaje preciso desde 5g, tablero digital inal\u00e1mbrico, plataforma port\u00e1til y bater\u00eda recargable. Perfecta para almacenes, laboratorios y comercios.","breadcrumb":{"@id":"https:\/\/tienda.fullermachinery.com\/index.php\/producto\/bascula-inalambrica-wifi-300kg\/#breadcrumb"},"inLanguage":"es","potentialAction":[{"@type":"ReadAction","target":["https:\/\/tienda.fullermachinery.com\/index.php\/producto\/bascula-inalambrica-wifi-300kg\/"]}]},{"@type":"ImageObject","inLanguage":"es","@id":"https:\/\/tienda.fullermachinery.com\/index.php\/producto\/bascula-inalambrica-wifi-300kg\/#primaryimage","url":"https:\/\/tienda.fullermachinery.com\/wp-content\/uploads\/2024\/07\/BALANZA-350-KG-WIFI-2.png","contentUrl":"https:\/\/tienda.fullermachinery.com\/wp-content\/uploads\/2024\/07\/BALANZA-350-KG-WIFI-2.png","width":2000,"height":2000,"caption":"La b\u00e1scula inal\u00e1mbrica con tablero digital y sistema WiFi es una herramienta avanzada de medici\u00f3n de peso, dise\u00f1ada para ofrecer comodidad, precisi\u00f3n y flexibilidad. Con una capacidad de pesaje que va desde 5 gramos hasta 300 kg, esta b\u00e1scula es ideal para diversos entornos comerciales y profesionales. Su innovador sistema inal\u00e1mbrico permite la comunicaci\u00f3n entre la plataforma y el indicador a una distancia de hasta 8 metros, proporcionando una experiencia de uso sin restricciones y altamente funcional."},{"@type":"BreadcrumbList","@id":"https:\/\/tienda.fullermachinery.com\/index.php\/producto\/bascula-inalambrica-wifi-300kg\/#breadcrumb","itemListElement":[{"@type":"ListItem","position":1,"name":"Portada","item":"https:\/\/tienda.fullermachinery.com\/"},{"@type":"ListItem","position":2,"name":"Productos","item":"https:\/\/tienda.fullermachinery.com\/index.php\/shop\/"},{"@type":"ListItem","position":3,"name":"B\u00e1scula Inal\u00e1mbrica WiFi | 300 kg | Tablero Digital y Alta Precisi\u00f3n"}]},{"@type":"WebSite","@id":"https:\/\/tienda.fullermachinery.com\/#website","url":"https:\/\/tienda.fullermachinery.com\/","name":"Fuller Machinery","description":"Importaci\u00f3n y comercializaci\u00f3n de m\u00e1quinas industriales para el sector de alimentos","publisher":{"@id":"https:\/\/tienda.fullermachinery.com\/#organization"},"potentialAction":[{"@type":"SearchAction","target":{"@type":"EntryPoint","urlTemplate":"https:\/\/tienda.fullermachinery.com\/?s={search_term_string}"},"query-input":{"@type":"PropertyValueSpecification","valueRequired":true,"valueName":"search_term_string"}}],"inLanguage":"es"},{"@type":"Organization","@id":"https:\/\/tienda.fullermachinery.com\/#organization","name":"Fuller Machinery","url":"https:\/\/tienda.fullermachinery.com\/","logo":{"@type":"ImageObject","inLanguage":"es","@id":"https:\/\/tienda.fullermachinery.com\/#\/schema\/logo\/image\/","url":"https:\/\/tienda.fullermachinery.com\/wp-content\/uploads\/2023\/08\/logo-fuller-transparente.png","contentUrl":"https:\/\/tienda.fullermachinery.com\/wp-content\/uploads\/2023\/08\/logo-fuller-transparente.png","width":2208,"height":644,"caption":"Fuller Machinery"},"image":{"@id":"https:\/\/tienda.fullermachinery.com\/#\/schema\/logo\/image\/"}}]}},"jetpack_sharing_enabled":true,"_links":{"self":[{"href":"https:\/\/tienda.fullermachinery.com\/index.php\/wp-json\/wp\/v2\/product\/17182","targetHints":{"allow":["GET"]}}],"collection":[{"href":"https:\/\/tienda.fullermachinery.com\/index.php\/wp-json\/wp\/v2\/product"}],"about":[{"href":"https:\/\/tienda.fullermachinery.com\/index.php\/wp-json\/wp\/v2\/types\/product"}],"replies":[{"embeddable":true,"href":"https:\/\/tienda.fullermachinery.com\/index.php\/wp-json\/wp\/v2\/comments?post=17182"}],"version-history":[{"count":8,"href":"https:\/\/tienda.fullermachinery.com\/index.php\/wp-json\/wp\/v2\/product\/17182\/revisions"}],"predecessor-version":[{"id":18734,"href":"https:\/\/tienda.fullermachinery.com\/index.php\/wp-json\/wp\/v2\/product\/17182\/revisions\/18734"}],"wp:featuredmedia":[{"embeddable":true,"href":"https:\/\/tienda.fullermachinery.com\/index.php\/wp-json\/wp\/v2\/media\/17183"}],"wp:attachment":[{"href":"https:\/\/tienda.fullermachinery.com\/index.php\/wp-json\/wp\/v2\/media?parent=17182"}],"wp:term":[{"taxonomy":"product_brand","embeddable":true,"href":"https:\/\/tienda.fullermachinery.com\/index.php\/wp-json\/wp\/v2\/product_brand?post=17182"},{"taxonomy":"product_cat","embeddable":true,"href":"https:\/\/tienda.fullermachinery.com\/index.php\/wp-json\/wp\/v2\/product_cat?post=17182"},{"taxonomy":"product_tag","embeddable":true,"href":"https:\/\/tienda.fullermachinery.com\/index.php\/wp-json\/wp\/v2\/product_tag?post=17182"}],"curies":[{"name":"wp","href":"https:\/\/api.w.org\/{rel}","templated":true}]}}