{"id":17137,"date":"2024-07-18T23:11:06","date_gmt":"2024-07-19T04:11:06","guid":{"rendered":"https:\/\/tienda.fullermachinery.com\/?post_type=product&#038;p=17137"},"modified":"2025-07-10T11:09:14","modified_gmt":"2025-07-10T16:09:14","slug":"licuadora-vitamix-1-4-litros","status":"publish","type":"product","link":"https:\/\/tienda.fullermachinery.com\/index.php\/producto\/licuadora-vitamix-1-4-litros\/","title":{"rendered":"Licuadora Vitamix | 1.4 Litros | Motor 2.3 HP Comercial"},"content":{"rendered":"\t\t<div data-elementor-type=\"wp-post\" data-elementor-id=\"17137\" class=\"elementor elementor-17137\">\n\t\t\t\t\t\t<section class=\"elementor-section elementor-top-section elementor-element elementor-element-b47667e elementor-section-boxed elementor-section-height-default elementor-section-height-default wd-section-disabled\" data-id=\"b47667e\" data-element_type=\"section\" data-e-type=\"section\">\n\t\t\t\t\t\t<div class=\"elementor-container elementor-column-gap-default\">\n\t\t\t\t\t<div class=\"elementor-column elementor-col-100 elementor-top-column elementor-element elementor-element-fddb1ef\" data-id=\"fddb1ef\" data-element_type=\"column\" data-e-type=\"column\">\n\t\t\t<div class=\"elementor-widget-wrap elementor-element-populated\">\n\t\t\t\t\t\t<div class=\"elementor-element elementor-element-c01acff elementor-widget elementor-widget-wd_text_block\" data-id=\"c01acff\" data-element_type=\"widget\" data-e-type=\"widget\" data-widget_type=\"wd_text_block.default\">\n\t\t\t\t<div class=\"elementor-widget-container\">\n\t\t\t\t\t\t\t<div class=\"wd-text-block reset-last-child text-left\">\n\t\t\t\n\t\t\t<p data-start=\"722\" data-end=\"804\">\u26a1 <strong data-start=\"724\" data-end=\"804\">M\u00e1xima potencia, precisi\u00f3n y durabilidad para entornos comerciales exigentes<\/strong><\/p><p data-start=\"806\" data-end=\"1015\">La <strong data-start=\"809\" data-end=\"843\">Licuadora Vitamix | 1.4 Litros<\/strong> es sin\u00f3nimo de rendimiento profesional y resultados impecables, dise\u00f1ada para soportar la alta demanda de restaurantes, cafeter\u00edas, bares, hoteles y servicios de catering.<\/p><p data-start=\"1017\" data-end=\"1240\">Equipada con un <strong data-start=\"1033\" data-end=\"1060\">potente motor de 2.3 HP<\/strong>, esta licuadora tritura y mezcla f\u00e1cilmente desde ingredientes suaves hasta los m\u00e1s duros, garantizando una textura uniforme en smoothies, sopas, pur\u00e9s, c\u00f3cteles y salsas gourmet.<\/p><p data-start=\"1242\" data-end=\"1441\">Gracias a sus <strong data-start=\"1256\" data-end=\"1283\">6 velocidades variables<\/strong>, el usuario tiene control total para ajustar la potencia de mezcla seg\u00fan cada receta, logrando la consistencia perfecta y optimizando tiempos de preparaci\u00f3n.<\/p><p data-start=\"1443\" data-end=\"1782\">Fabricada con materiales de <strong data-start=\"1471\" data-end=\"1507\">alta calidad y dise\u00f1o ergon\u00f3mico<\/strong>, la Vitamix destaca por su resistencia a la corrosi\u00f3n, estabilidad durante el uso y larga vida \u00fatil. Sus dimensiones compactas (<strong data-start=\"1636\" data-end=\"1694\">17.7 cm de altura, 8 cm de ancho y 9 cm de profundidad<\/strong>) y su peso de 5.15 kg la hacen f\u00e1cil de ubicar y manejar en cualquier cocina comercial.<\/p><p data-start=\"1784\" data-end=\"2005\">Compatible con la mayor\u00eda de tomas est\u00e1ndar (<strong data-start=\"1829\" data-end=\"1845\">110 V, 60 Hz<\/strong>), no requiere adaptaciones el\u00e9ctricas adicionales, lo que la convierte en una inversi\u00f3n confiable y pr\u00e1ctica para todo tipo de negocios de alimentos y bebidas.<\/p><hr data-start=\"2007\" data-end=\"2010\" \/><h3 data-start=\"2012\" data-end=\"2049\">\u2b50 <strong data-start=\"2018\" data-end=\"2049\">Caracter\u00edsticas destacadas:<\/strong><\/h3><ul data-start=\"2051\" data-end=\"2551\"><li data-start=\"2051\" data-end=\"2129\"><p data-start=\"2053\" data-end=\"2129\"><strong data-start=\"2053\" data-end=\"2073\">Motor de 2.3 HP:<\/strong> M\u00e1xima potencia para resultados homog\u00e9neos y r\u00e1pidos.<\/p><\/li><li data-start=\"2130\" data-end=\"2199\"><p data-start=\"2132\" data-end=\"2199\"><strong data-start=\"2132\" data-end=\"2160\">6 velocidades variables:<\/strong> Control de textura para cada receta.<\/p><\/li><li data-start=\"2200\" data-end=\"2280\"><p data-start=\"2202\" data-end=\"2280\"><strong data-start=\"2202\" data-end=\"2236\">Vaso de 1.4 litros (48 onzas):<\/strong> Capacidad ideal para m\u00faltiples porciones.<\/p><\/li><li data-start=\"2281\" data-end=\"2369\"><p data-start=\"2283\" data-end=\"2369\"><strong data-start=\"2283\" data-end=\"2308\">Construcci\u00f3n robusta:<\/strong> Materiales premium y dise\u00f1o ergon\u00f3mico para uso intensivo.<\/p><\/li><li data-start=\"2370\" data-end=\"2469\"><p data-start=\"2372\" data-end=\"2469\"><strong data-start=\"2372\" data-end=\"2401\">Compatibilidad universal:<\/strong> 110 V, 60 Hz \u2014 se conecta f\u00e1cilmente a la red el\u00e9ctrica est\u00e1ndar.<\/p><\/li><li data-start=\"2470\" data-end=\"2551\"><p data-start=\"2472\" data-end=\"2551\"><strong data-start=\"2472\" data-end=\"2495\">Compacta y estable:<\/strong> Peso de 5.15 kg para evitar movimientos durante su uso.<\/p><\/li><\/ul><hr data-start=\"2553\" data-end=\"2556\" \/><h3 data-start=\"2558\" data-end=\"2595\">\ud83c\udfe2 <strong data-start=\"2565\" data-end=\"2595\">Aplicaciones recomendadas:<\/strong><\/h3><ul data-start=\"2597\" data-end=\"3053\"><li data-start=\"2597\" data-end=\"2689\"><p data-start=\"2599\" data-end=\"2689\"><strong data-start=\"2599\" data-end=\"2629\">Restaurantes y cafeter\u00edas:<\/strong> Preparaci\u00f3n r\u00e1pida de batidos, smoothies, salsas y sopas.<\/p><\/li><li data-start=\"2690\" data-end=\"2772\"><p data-start=\"2692\" data-end=\"2772\"><strong data-start=\"2692\" data-end=\"2714\">Hoteles y resorts:<\/strong> Ofrece bebidas frescas y gourmet a hu\u00e9spedes exigentes.<\/p><\/li><li data-start=\"2773\" data-end=\"2859\"><p data-start=\"2775\" data-end=\"2859\"><strong data-start=\"2775\" data-end=\"2798\">Catering y eventos:<\/strong> Alta capacidad de producci\u00f3n para servir a grandes grupos.<\/p><\/li><li data-start=\"2860\" data-end=\"2948\"><p data-start=\"2862\" data-end=\"2948\"><strong data-start=\"2862\" data-end=\"2895\">Centros de salud y bienestar:<\/strong> Ideal para bebidas nutritivas y dietas especiales.<\/p><\/li><li data-start=\"2949\" data-end=\"3053\"><p data-start=\"2951\" data-end=\"3053\"><strong data-start=\"2951\" data-end=\"2992\">Industria de alimentos para mascotas:<\/strong> Mezcla eficiente de ingredientes para productos balanceados.<\/p><\/li><\/ul><hr data-start=\"3055\" data-end=\"3058\" \/><h3 data-start=\"3060\" data-end=\"3094\">\ud83d\ude80 <strong data-start=\"3067\" data-end=\"3094\">Beneficios adicionales:<\/strong><\/h3><p data-start=\"3096\" data-end=\"3358\">\u2714\ufe0f <strong data-start=\"3099\" data-end=\"3120\">Ahorro de tiempo:<\/strong> Mezcla r\u00e1pida y homog\u00e9nea.<br data-start=\"3147\" data-end=\"3150\" \/>\u2714\ufe0f <strong data-start=\"3153\" data-end=\"3182\">Consistencia profesional:<\/strong> Resultados iguales cada vez.<br data-start=\"3211\" data-end=\"3214\" \/>\u2714\ufe0f <strong data-start=\"3217\" data-end=\"3240\">Versatilidad total:<\/strong> Desde bebidas fr\u00edas hasta preparaciones calientes.<br data-start=\"3291\" data-end=\"3294\" \/>\u2714\ufe0f <strong data-start=\"3297\" data-end=\"3320\">Inversi\u00f3n duradera:<\/strong> Calidad Vitamix con respaldo mundial.<\/p><hr data-start=\"3360\" data-end=\"3363\" \/><h2 data-start=\"3365\" data-end=\"3384\">\u2705 <strong data-start=\"3370\" data-end=\"3384\">Conclusi\u00f3n<\/strong><\/h2><p data-start=\"3386\" data-end=\"3738\">La <strong data-start=\"3389\" data-end=\"3423\">Licuadora Vitamix | 1.4 Litros<\/strong> es la aliada perfecta para chefs, baristas y emprendedores de la industria alimentaria que buscan <strong data-start=\"3522\" data-end=\"3594\">rendimiento superior, durabilidad incomparable y m\u00e1xima versatilidad<\/strong>. Una herramienta imprescindible para transformar ingredientes en preparaciones perfectas, elevando la experiencia gastron\u00f3mica de tus clientes.<\/p><p data-start=\"3740\" data-end=\"3806\"><strong data-start=\"3740\" data-end=\"3806\">\u00a1Lleva tu cocina comercial a un nivel profesional con Vitamix!<\/strong><\/p>\n\t\t\t\t\t<\/div>\n\t\t\t\t\t\t<\/div>\n\t\t\t\t<\/div>\n\t\t\t\t\t<\/div>\n\t\t<\/div>\n\t\t\t\t\t<\/div>\n\t\t<\/section>\n\t\t\t\t<\/div>\n\t\t","protected":false},"excerpt":{"rendered":"<p>Licuadora Vitamix 1.4 L con motor de 2.3 HP, 6 velocidades variables, vaso resistente y dise\u00f1o compacto. Rendimiento profesional para restaurantes, cafeter\u00edas y hoteles.<\/p>\n<p>&nbsp;<\/p>\n","protected":false},"featured_media":17138,"comment_status":"open","ping_status":"closed","template":"","meta":[],"product_brand":[],"product_cat":[150,238],"product_tag":[260,223,261,262],"class_list":{"0":"post-17137","1":"product","2":"type-product","3":"status-publish","4":"has-post-thumbnail","6":"product_cat-preparacion-de-bebidas","7":"product_cat-licuadoras","8":"product_tag-bebidas","9":"product_tag-dispensador-de-bebidas","10":"product_tag-exprimidor-de-naranjas","11":"product_tag-licuadora","13":"first","14":"instock","15":"featured","16":"shipping-taxable","17":"purchasable","18":"product-type-simple"},"yoast_head":"<!-- This site is optimized with the Yoast SEO plugin v27.4 - https:\/\/yoast.com\/product\/yoast-seo-wordpress\/ -->\n<title>Licuadora Vitamix | 1.4 Litros | Motor 2.3 HP Comercial - Fuller Machinery<\/title>\n<meta name=\"description\" content=\"Licuadora Vitamix 1.4 L: motor 2.3 HP, 6 velocidades variables, vaso robusto y dise\u00f1o compacto. Ideal para uso comercial en restaurantes, cafeter\u00edas y hoteles.\" \/>\n<meta name=\"robots\" content=\"index, follow, max-snippet:-1, max-image-preview:large, max-video-preview:-1\" \/>\n<link rel=\"canonical\" href=\"https:\/\/tienda.fullermachinery.com\/index.php\/producto\/licuadora-vitamix-1-4-litros\/\" \/>\n<meta property=\"og:locale\" content=\"es_ES\" \/>\n<meta property=\"og:type\" content=\"article\" \/>\n<meta property=\"og:title\" content=\"Licuadora Vitamix | 1.4 Litros | Motor 2.3 HP Comercial - Fuller Machinery\" \/>\n<meta property=\"og:description\" content=\"Licuadora Vitamix 1.4 L: motor 2.3 HP, 6 velocidades variables, vaso robusto y dise\u00f1o compacto. Ideal para uso comercial en restaurantes, cafeter\u00edas y hoteles.\" \/>\n<meta property=\"og:url\" content=\"https:\/\/tienda.fullermachinery.com\/index.php\/producto\/licuadora-vitamix-1-4-litros\/\" \/>\n<meta property=\"og:site_name\" content=\"Fuller Machinery\" \/>\n<meta property=\"article:modified_time\" content=\"2025-07-10T16:09:14+00:00\" \/>\n<meta property=\"og:image\" content=\"https:\/\/tienda.fullermachinery.com\/wp-content\/uploads\/2024\/07\/Licuadora-1.4-Lt-Vitamix-6-Velocidades-2.png\" \/>\n\t<meta property=\"og:image:width\" content=\"2000\" \/>\n\t<meta property=\"og:image:height\" content=\"2000\" \/>\n\t<meta property=\"og:image:type\" content=\"image\/png\" \/>\n<meta name=\"twitter:card\" content=\"summary_large_image\" \/>\n<meta name=\"twitter:label1\" content=\"Tiempo de lectura\" \/>\n\t<meta name=\"twitter:data1\" content=\"3 minutos\" \/>\n<script type=\"application\/ld+json\" class=\"yoast-schema-graph\">{\"@context\":\"https:\\\/\\\/schema.org\",\"@graph\":[{\"@type\":\"WebPage\",\"@id\":\"https:\\\/\\\/tienda.fullermachinery.com\\\/index.php\\\/producto\\\/licuadora-vitamix-1-4-litros\\\/\",\"url\":\"https:\\\/\\\/tienda.fullermachinery.com\\\/index.php\\\/producto\\\/licuadora-vitamix-1-4-litros\\\/\",\"name\":\"Licuadora Vitamix | 1.4 Litros | Motor 2.3 HP Comercial - Fuller Machinery\",\"isPartOf\":{\"@id\":\"https:\\\/\\\/tienda.fullermachinery.com\\\/#website\"},\"primaryImageOfPage\":{\"@id\":\"https:\\\/\\\/tienda.fullermachinery.com\\\/index.php\\\/producto\\\/licuadora-vitamix-1-4-litros\\\/#primaryimage\"},\"image\":{\"@id\":\"https:\\\/\\\/tienda.fullermachinery.com\\\/index.php\\\/producto\\\/licuadora-vitamix-1-4-litros\\\/#primaryimage\"},\"thumbnailUrl\":\"https:\\\/\\\/tienda.fullermachinery.com\\\/wp-content\\\/uploads\\\/2024\\\/07\\\/Licuadora-1.4-Lt-Vitamix-6-Velocidades-2.png\",\"datePublished\":\"2024-07-19T04:11:06+00:00\",\"dateModified\":\"2025-07-10T16:09:14+00:00\",\"description\":\"Licuadora Vitamix 1.4 L: motor 2.3 HP, 6 velocidades variables, vaso robusto y dise\u00f1o compacto. Ideal para uso comercial en restaurantes, cafeter\u00edas y hoteles.\",\"breadcrumb\":{\"@id\":\"https:\\\/\\\/tienda.fullermachinery.com\\\/index.php\\\/producto\\\/licuadora-vitamix-1-4-litros\\\/#breadcrumb\"},\"inLanguage\":\"es\",\"potentialAction\":[{\"@type\":\"ReadAction\",\"target\":[\"https:\\\/\\\/tienda.fullermachinery.com\\\/index.php\\\/producto\\\/licuadora-vitamix-1-4-litros\\\/\"]}]},{\"@type\":\"ImageObject\",\"inLanguage\":\"es\",\"@id\":\"https:\\\/\\\/tienda.fullermachinery.com\\\/index.php\\\/producto\\\/licuadora-vitamix-1-4-litros\\\/#primaryimage\",\"url\":\"https:\\\/\\\/tienda.fullermachinery.com\\\/wp-content\\\/uploads\\\/2024\\\/07\\\/Licuadora-1.4-Lt-Vitamix-6-Velocidades-2.png\",\"contentUrl\":\"https:\\\/\\\/tienda.fullermachinery.com\\\/wp-content\\\/uploads\\\/2024\\\/07\\\/Licuadora-1.4-Lt-Vitamix-6-Velocidades-2.png\",\"width\":2000,\"height\":2000,\"caption\":\"La licuadora Vitamix es una obra maestra de la ingenier\u00eda, reconocida mundialmente por su excepcional calidad, rendimiento y durabilidad. Con una capacidad de vaso de 48 onzas (equivalente a aproximadamente 1.4 litros), esta licuadora es una opci\u00f3n l\u00edder en el mercado, especialmente dise\u00f1ada para satisfacer las demandas del uso comercial en restaurantes, cafeter\u00edas y establecimientos de comida.\"},{\"@type\":\"BreadcrumbList\",\"@id\":\"https:\\\/\\\/tienda.fullermachinery.com\\\/index.php\\\/producto\\\/licuadora-vitamix-1-4-litros\\\/#breadcrumb\",\"itemListElement\":[{\"@type\":\"ListItem\",\"position\":1,\"name\":\"Portada\",\"item\":\"https:\\\/\\\/tienda.fullermachinery.com\\\/\"},{\"@type\":\"ListItem\",\"position\":2,\"name\":\"Productos\",\"item\":\"https:\\\/\\\/tienda.fullermachinery.com\\\/index.php\\\/shop\\\/\"},{\"@type\":\"ListItem\",\"position\":3,\"name\":\"Licuadora Vitamix | 1.4 Litros | Motor 2.3 HP Comercial\"}]},{\"@type\":\"WebSite\",\"@id\":\"https:\\\/\\\/tienda.fullermachinery.com\\\/#website\",\"url\":\"https:\\\/\\\/tienda.fullermachinery.com\\\/\",\"name\":\"Fuller Machinery\",\"description\":\"Importaci\u00f3n y comercializaci\u00f3n de m\u00e1quinas industriales para el sector de alimentos\",\"publisher\":{\"@id\":\"https:\\\/\\\/tienda.fullermachinery.com\\\/#organization\"},\"potentialAction\":[{\"@type\":\"SearchAction\",\"target\":{\"@type\":\"EntryPoint\",\"urlTemplate\":\"https:\\\/\\\/tienda.fullermachinery.com\\\/?s={search_term_string}\"},\"query-input\":{\"@type\":\"PropertyValueSpecification\",\"valueRequired\":true,\"valueName\":\"search_term_string\"}}],\"inLanguage\":\"es\"},{\"@type\":\"Organization\",\"@id\":\"https:\\\/\\\/tienda.fullermachinery.com\\\/#organization\",\"name\":\"Fuller Machinery\",\"url\":\"https:\\\/\\\/tienda.fullermachinery.com\\\/\",\"logo\":{\"@type\":\"ImageObject\",\"inLanguage\":\"es\",\"@id\":\"https:\\\/\\\/tienda.fullermachinery.com\\\/#\\\/schema\\\/logo\\\/image\\\/\",\"url\":\"https:\\\/\\\/tienda.fullermachinery.com\\\/wp-content\\\/uploads\\\/2023\\\/08\\\/logo-fuller-transparente.png\",\"contentUrl\":\"https:\\\/\\\/tienda.fullermachinery.com\\\/wp-content\\\/uploads\\\/2023\\\/08\\\/logo-fuller-transparente.png\",\"width\":2208,\"height\":644,\"caption\":\"Fuller Machinery\"},\"image\":{\"@id\":\"https:\\\/\\\/tienda.fullermachinery.com\\\/#\\\/schema\\\/logo\\\/image\\\/\"}}]}<\/script>\n<!-- \/ Yoast SEO plugin. -->","yoast_head_json":{"title":"Licuadora Vitamix | 1.4 Litros | Motor 2.3 HP Comercial - Fuller Machinery","description":"Licuadora Vitamix 1.4 L: motor 2.3 HP, 6 velocidades variables, vaso robusto y dise\u00f1o compacto. Ideal para uso comercial en restaurantes, cafeter\u00edas y hoteles.","robots":{"index":"index","follow":"follow","max-snippet":"max-snippet:-1","max-image-preview":"max-image-preview:large","max-video-preview":"max-video-preview:-1"},"canonical":"https:\/\/tienda.fullermachinery.com\/index.php\/producto\/licuadora-vitamix-1-4-litros\/","og_locale":"es_ES","og_type":"article","og_title":"Licuadora Vitamix | 1.4 Litros | Motor 2.3 HP Comercial - Fuller Machinery","og_description":"Licuadora Vitamix 1.4 L: motor 2.3 HP, 6 velocidades variables, vaso robusto y dise\u00f1o compacto. Ideal para uso comercial en restaurantes, cafeter\u00edas y hoteles.","og_url":"https:\/\/tienda.fullermachinery.com\/index.php\/producto\/licuadora-vitamix-1-4-litros\/","og_site_name":"Fuller Machinery","article_modified_time":"2025-07-10T16:09:14+00:00","og_image":[{"width":2000,"height":2000,"url":"https:\/\/tienda.fullermachinery.com\/wp-content\/uploads\/2024\/07\/Licuadora-1.4-Lt-Vitamix-6-Velocidades-2.png","type":"image\/png"}],"twitter_card":"summary_large_image","twitter_misc":{"Tiempo de lectura":"3 minutos"},"schema":{"@context":"https:\/\/schema.org","@graph":[{"@type":"WebPage","@id":"https:\/\/tienda.fullermachinery.com\/index.php\/producto\/licuadora-vitamix-1-4-litros\/","url":"https:\/\/tienda.fullermachinery.com\/index.php\/producto\/licuadora-vitamix-1-4-litros\/","name":"Licuadora Vitamix | 1.4 Litros | Motor 2.3 HP Comercial - Fuller Machinery","isPartOf":{"@id":"https:\/\/tienda.fullermachinery.com\/#website"},"primaryImageOfPage":{"@id":"https:\/\/tienda.fullermachinery.com\/index.php\/producto\/licuadora-vitamix-1-4-litros\/#primaryimage"},"image":{"@id":"https:\/\/tienda.fullermachinery.com\/index.php\/producto\/licuadora-vitamix-1-4-litros\/#primaryimage"},"thumbnailUrl":"https:\/\/tienda.fullermachinery.com\/wp-content\/uploads\/2024\/07\/Licuadora-1.4-Lt-Vitamix-6-Velocidades-2.png","datePublished":"2024-07-19T04:11:06+00:00","dateModified":"2025-07-10T16:09:14+00:00","description":"Licuadora Vitamix 1.4 L: motor 2.3 HP, 6 velocidades variables, vaso robusto y dise\u00f1o compacto. Ideal para uso comercial en restaurantes, cafeter\u00edas y hoteles.","breadcrumb":{"@id":"https:\/\/tienda.fullermachinery.com\/index.php\/producto\/licuadora-vitamix-1-4-litros\/#breadcrumb"},"inLanguage":"es","potentialAction":[{"@type":"ReadAction","target":["https:\/\/tienda.fullermachinery.com\/index.php\/producto\/licuadora-vitamix-1-4-litros\/"]}]},{"@type":"ImageObject","inLanguage":"es","@id":"https:\/\/tienda.fullermachinery.com\/index.php\/producto\/licuadora-vitamix-1-4-litros\/#primaryimage","url":"https:\/\/tienda.fullermachinery.com\/wp-content\/uploads\/2024\/07\/Licuadora-1.4-Lt-Vitamix-6-Velocidades-2.png","contentUrl":"https:\/\/tienda.fullermachinery.com\/wp-content\/uploads\/2024\/07\/Licuadora-1.4-Lt-Vitamix-6-Velocidades-2.png","width":2000,"height":2000,"caption":"La licuadora Vitamix es una obra maestra de la ingenier\u00eda, reconocida mundialmente por su excepcional calidad, rendimiento y durabilidad. Con una capacidad de vaso de 48 onzas (equivalente a aproximadamente 1.4 litros), esta licuadora es una opci\u00f3n l\u00edder en el mercado, especialmente dise\u00f1ada para satisfacer las demandas del uso comercial en restaurantes, cafeter\u00edas y establecimientos de comida."},{"@type":"BreadcrumbList","@id":"https:\/\/tienda.fullermachinery.com\/index.php\/producto\/licuadora-vitamix-1-4-litros\/#breadcrumb","itemListElement":[{"@type":"ListItem","position":1,"name":"Portada","item":"https:\/\/tienda.fullermachinery.com\/"},{"@type":"ListItem","position":2,"name":"Productos","item":"https:\/\/tienda.fullermachinery.com\/index.php\/shop\/"},{"@type":"ListItem","position":3,"name":"Licuadora Vitamix | 1.4 Litros | Motor 2.3 HP Comercial"}]},{"@type":"WebSite","@id":"https:\/\/tienda.fullermachinery.com\/#website","url":"https:\/\/tienda.fullermachinery.com\/","name":"Fuller Machinery","description":"Importaci\u00f3n y comercializaci\u00f3n de m\u00e1quinas industriales para el sector de alimentos","publisher":{"@id":"https:\/\/tienda.fullermachinery.com\/#organization"},"potentialAction":[{"@type":"SearchAction","target":{"@type":"EntryPoint","urlTemplate":"https:\/\/tienda.fullermachinery.com\/?s={search_term_string}"},"query-input":{"@type":"PropertyValueSpecification","valueRequired":true,"valueName":"search_term_string"}}],"inLanguage":"es"},{"@type":"Organization","@id":"https:\/\/tienda.fullermachinery.com\/#organization","name":"Fuller Machinery","url":"https:\/\/tienda.fullermachinery.com\/","logo":{"@type":"ImageObject","inLanguage":"es","@id":"https:\/\/tienda.fullermachinery.com\/#\/schema\/logo\/image\/","url":"https:\/\/tienda.fullermachinery.com\/wp-content\/uploads\/2023\/08\/logo-fuller-transparente.png","contentUrl":"https:\/\/tienda.fullermachinery.com\/wp-content\/uploads\/2023\/08\/logo-fuller-transparente.png","width":2208,"height":644,"caption":"Fuller Machinery"},"image":{"@id":"https:\/\/tienda.fullermachinery.com\/#\/schema\/logo\/image\/"}}]}},"jetpack_sharing_enabled":true,"_links":{"self":[{"href":"https:\/\/tienda.fullermachinery.com\/index.php\/wp-json\/wp\/v2\/product\/17137","targetHints":{"allow":["GET"]}}],"collection":[{"href":"https:\/\/tienda.fullermachinery.com\/index.php\/wp-json\/wp\/v2\/product"}],"about":[{"href":"https:\/\/tienda.fullermachinery.com\/index.php\/wp-json\/wp\/v2\/types\/product"}],"replies":[{"embeddable":true,"href":"https:\/\/tienda.fullermachinery.com\/index.php\/wp-json\/wp\/v2\/comments?post=17137"}],"version-history":[{"count":7,"href":"https:\/\/tienda.fullermachinery.com\/index.php\/wp-json\/wp\/v2\/product\/17137\/revisions"}],"predecessor-version":[{"id":18580,"href":"https:\/\/tienda.fullermachinery.com\/index.php\/wp-json\/wp\/v2\/product\/17137\/revisions\/18580"}],"wp:featuredmedia":[{"embeddable":true,"href":"https:\/\/tienda.fullermachinery.com\/index.php\/wp-json\/wp\/v2\/media\/17138"}],"wp:attachment":[{"href":"https:\/\/tienda.fullermachinery.com\/index.php\/wp-json\/wp\/v2\/media?parent=17137"}],"wp:term":[{"taxonomy":"product_brand","embeddable":true,"href":"https:\/\/tienda.fullermachinery.com\/index.php\/wp-json\/wp\/v2\/product_brand?post=17137"},{"taxonomy":"product_cat","embeddable":true,"href":"https:\/\/tienda.fullermachinery.com\/index.php\/wp-json\/wp\/v2\/product_cat?post=17137"},{"taxonomy":"product_tag","embeddable":true,"href":"https:\/\/tienda.fullermachinery.com\/index.php\/wp-json\/wp\/v2\/product_tag?post=17137"}],"curies":[{"name":"wp","href":"https:\/\/api.w.org\/{rel}","templated":true}]}}