{"id":17116,"date":"2024-07-18T22:45:09","date_gmt":"2024-07-19T03:45:09","guid":{"rendered":"https:\/\/tienda.fullermachinery.com\/?post_type=product&#038;p=17116"},"modified":"2025-07-10T11:07:57","modified_gmt":"2025-07-10T16:07:57","slug":"licuadora-comercial-2-litros-vaso-policarbonato","status":"publish","type":"product","link":"https:\/\/tienda.fullermachinery.com\/index.php\/producto\/licuadora-comercial-2-litros-vaso-policarbonato\/","title":{"rendered":"Licuadora Alta Capacidad | 2 L | Uso Comercial Intensivo"},"content":{"rendered":"\t\t<div data-elementor-type=\"wp-post\" data-elementor-id=\"17116\" class=\"elementor elementor-17116\">\n\t\t\t\t\t\t<section class=\"elementor-section elementor-top-section elementor-element elementor-element-2968868 elementor-section-boxed elementor-section-height-default elementor-section-height-default wd-section-disabled\" data-id=\"2968868\" data-element_type=\"section\" data-e-type=\"section\">\n\t\t\t\t\t\t<div class=\"elementor-container elementor-column-gap-default\">\n\t\t\t\t\t<div class=\"elementor-column elementor-col-100 elementor-top-column elementor-element elementor-element-094d6d9\" data-id=\"094d6d9\" data-element_type=\"column\" data-e-type=\"column\">\n\t\t\t<div class=\"elementor-widget-wrap elementor-element-populated\">\n\t\t\t\t\t\t<div class=\"elementor-element elementor-element-434733d elementor-widget elementor-widget-wd_text_block\" data-id=\"434733d\" data-element_type=\"widget\" data-e-type=\"widget\" data-widget_type=\"wd_text_block.default\">\n\t\t\t\t<div class=\"elementor-widget-container\">\n\t\t\t\t\t\t\t<div class=\"wd-text-block reset-last-child text-left\">\n\t\t\t\n\t\t\t<p data-start=\"758\" data-end=\"837\">\u26a1 <strong data-start=\"760\" data-end=\"837\">Eleva tus preparaciones con potencia, control y resistencia incomparables<\/strong><\/p><p data-start=\"839\" data-end=\"1195\">La <strong data-start=\"842\" data-end=\"908\">Licuadora Comercial | 2 Litros | Vaso Policarbonato Resistente<\/strong> est\u00e1 dise\u00f1ada para profesionales y negocios que buscan <strong data-start=\"964\" data-end=\"1012\">eficiencia, robustez y resultados homog\u00e9neos<\/strong> en cada preparaci\u00f3n. Con un vaso de <strong data-start=\"1049\" data-end=\"1083\">policarbonato ultra resistente<\/strong>, soporta temperaturas extremas desde -40\u00b0 a 180\u00b0C, ideal para ingredientes frescos, congelados o incluso hielo.<\/p><p data-start=\"1197\" data-end=\"1493\">Su <strong data-start=\"1200\" data-end=\"1229\">motor de 1.5 kW (1.15 HP)<\/strong> ofrece potencia m\u00e1s que suficiente para triturar, licuar y mezclar todo tipo de alimentos y bebidas en segundos. La <strong data-start=\"1346\" data-end=\"1390\">velocidad variable y la funci\u00f3n de pulso<\/strong> te permiten ajustar la potencia seg\u00fan cada receta: batidos, jugos, malteadas, frapp\u00e9s, rellenos y m\u00e1s.<\/p><p data-start=\"1495\" data-end=\"1745\">Con un rendimiento de <strong data-start=\"1517\" data-end=\"1532\">9 kg\/minuto<\/strong> y un dise\u00f1o compacto de <strong data-start=\"1557\" data-end=\"1596\">51 cm de altura y solo 4 kg de peso<\/strong>, esta licuadora se adapta a cualquier cocina comercial, panader\u00eda o barra de bebidas, maximizando el espacio sin sacrificar capacidad de producci\u00f3n.<\/p><hr data-start=\"1747\" data-end=\"1750\" \/><h3 data-start=\"1752\" data-end=\"1784\">\u2b50 <strong data-start=\"1758\" data-end=\"1784\">Caracter\u00edsticas clave:<\/strong><\/h3><ul data-start=\"1786\" data-end=\"2257\"><li data-start=\"1786\" data-end=\"1884\"><p data-start=\"1788\" data-end=\"1884\"><strong data-start=\"1788\" data-end=\"1816\">Capacidad de 2.0 litros:<\/strong> Perfecta para preparar grandes cantidades de bebidas y alimentos.<\/p><\/li><li data-start=\"1885\" data-end=\"1980\"><p data-start=\"1887\" data-end=\"1980\"><strong data-start=\"1887\" data-end=\"1913\">Vaso de policarbonato:<\/strong> Resistente a impactos, temperaturas extremas y f\u00e1cil de limpiar.<\/p><\/li><li data-start=\"1981\" data-end=\"2044\"><p data-start=\"1983\" data-end=\"2044\"><strong data-start=\"1983\" data-end=\"2011\">Motor potente de 1.5 kW:<\/strong> Mezcla y tritura sin esfuerzo.<\/p><\/li><li data-start=\"2045\" data-end=\"2109\"><p data-start=\"2047\" data-end=\"2109\"><strong data-start=\"2047\" data-end=\"2078\">Velocidad variable y pulso:<\/strong> Control total de la textura.<\/p><\/li><li data-start=\"2110\" data-end=\"2182\"><p data-start=\"2112\" data-end=\"2182\"><strong data-start=\"2112\" data-end=\"2135\">Alta productividad:<\/strong> 9 kg\/minuto para servicio r\u00e1pido y continuo.<\/p><\/li><li data-start=\"2183\" data-end=\"2257\"><p data-start=\"2185\" data-end=\"2257\"><strong data-start=\"2185\" data-end=\"2207\">Compacta y ligera:<\/strong> Solo 4 kg para f\u00e1cil transporte y almacenamiento.<\/p><\/li><\/ul><hr data-start=\"2259\" data-end=\"2262\" \/><h3 data-start=\"2264\" data-end=\"2301\">\ud83c\udfe2 <strong data-start=\"2271\" data-end=\"2301\">Aplicaciones recomendadas:<\/strong><\/h3><ul data-start=\"2303\" data-end=\"2720\"><li data-start=\"2303\" data-end=\"2387\"><p data-start=\"2305\" data-end=\"2387\"><strong data-start=\"2305\" data-end=\"2335\">Restaurantes y cafeter\u00edas:<\/strong> Batidos, jugos frescos, frapp\u00e9s, malteadas y m\u00e1s.<\/p><\/li><li data-start=\"2388\" data-end=\"2474\"><p data-start=\"2390\" data-end=\"2474\"><strong data-start=\"2390\" data-end=\"2419\">Panader\u00edas y pasteler\u00edas:<\/strong> Preparaci\u00f3n de rellenos, glaseados y masas l\u00edquidas.<\/p><\/li><li data-start=\"2475\" data-end=\"2570\"><p data-start=\"2477\" data-end=\"2570\"><strong data-start=\"2477\" data-end=\"2513\">Tiendas de alimentos saludables:<\/strong> Bebidas frescas y nutritivas para la venta al detalle.<\/p><\/li><li data-start=\"2571\" data-end=\"2642\"><p data-start=\"2573\" data-end=\"2642\"><strong data-start=\"2573\" data-end=\"2596\">Hoteles y hostales:<\/strong> Ofrece opciones saludables a tus hu\u00e9spedes.<\/p><\/li><li data-start=\"2643\" data-end=\"2720\"><p data-start=\"2645\" data-end=\"2720\"><strong data-start=\"2645\" data-end=\"2668\">Catering y eventos:<\/strong> Preparaci\u00f3n r\u00e1pida y eficiente para grandes grupos.<\/p><\/li><\/ul><hr data-start=\"2722\" data-end=\"2725\" \/><h3 data-start=\"2727\" data-end=\"2761\">\ud83d\ude80 <strong data-start=\"2734\" data-end=\"2761\">Beneficios adicionales:<\/strong><\/h3><p data-start=\"2763\" data-end=\"3056\">\u2714\ufe0f <strong data-start=\"2766\" data-end=\"2794\">Resultados consistentes:<\/strong> Textura perfecta cada vez.<br data-start=\"2821\" data-end=\"2824\" \/>\u2714\ufe0f <strong data-start=\"2827\" data-end=\"2856\">F\u00e1cil de usar y mantener:<\/strong> Operaci\u00f3n intuitiva y limpieza sencilla.<br data-start=\"2897\" data-end=\"2900\" \/>\u2714\ufe0f <strong data-start=\"2903\" data-end=\"2932\">Ahorra tiempo y esfuerzo:<\/strong> Procesa grandes vol\u00famenes en minutos.<br data-start=\"2970\" data-end=\"2973\" \/>\u2714\ufe0f <strong data-start=\"2976\" data-end=\"2999\">Dise\u00f1o profesional:<\/strong> Compacta pero poderosa, ideal para espacios comerciales.<\/p><hr data-start=\"3058\" data-end=\"3061\" \/><h2 data-start=\"3063\" data-end=\"3082\">\u2705 <strong data-start=\"3068\" data-end=\"3082\">Conclusi\u00f3n<\/strong><\/h2><p data-start=\"3084\" data-end=\"3337\">La <strong data-start=\"3087\" data-end=\"3121\">Licuadora Comercial | 2 Litros<\/strong> combina <strong data-start=\"3130\" data-end=\"3176\">alta capacidad, potencia y control preciso<\/strong> para convertirse en la herramienta indispensable de cualquier cocina profesional. Potencia tus recetas y agiliza tu operaci\u00f3n con un equipo dise\u00f1ado para durar.<\/p><p data-start=\"3339\" data-end=\"3415\"><strong data-start=\"3339\" data-end=\"3415\">\u00a1Prepara m\u00e1s, mejor y m\u00e1s r\u00e1pido con esta licuadora de alto rendimiento!<\/strong><\/p>\n\t\t\t\t\t<\/div>\n\t\t\t\t\t\t<\/div>\n\t\t\t\t<\/div>\n\t\t\t\t\t<\/div>\n\t\t<\/div>\n\t\t\t\t\t<\/div>\n\t\t<\/section>\n\t\t\t\t<\/div>\n\t\t","protected":false},"excerpt":{"rendered":"<p>Licuadora profesional de 2 litros con vaso de policarbonato resistente, motor de 1.5 kW, velocidad variable y funci\u00f3n de pulso. Ideal para restaurantes, cafeter\u00edas y panader\u00edas.<\/p>\n","protected":false},"featured_media":17117,"comment_status":"open","ping_status":"closed","template":"","meta":[],"product_brand":[],"product_cat":[150,238],"product_tag":[260,223,261,262],"class_list":{"0":"post-17116","1":"product","2":"type-product","3":"status-publish","4":"has-post-thumbnail","6":"product_cat-preparacion-de-bebidas","7":"product_cat-licuadoras","8":"product_tag-bebidas","9":"product_tag-dispensador-de-bebidas","10":"product_tag-exprimidor-de-naranjas","11":"product_tag-licuadora","13":"first","14":"instock","15":"featured","16":"shipping-taxable","17":"purchasable","18":"product-type-simple"},"yoast_head":"<!-- This site is optimized with the Yoast SEO plugin v27.4 - https:\/\/yoast.com\/product\/yoast-seo-wordpress\/ -->\n<title>Licuadora Alta Capacidad | 2 L | Uso Comercial Intensivo - Fuller Machinery<\/title>\n<meta name=\"description\" content=\"Licuadora Comercial 2 L: vaso de policarbonato resistente, motor de 1.5 kW, velocidad variable y pulso. Potente y compacta, ideal para restaurantes, cafeter\u00edas y catering.\" \/>\n<meta name=\"robots\" content=\"index, follow, max-snippet:-1, max-image-preview:large, max-video-preview:-1\" \/>\n<link rel=\"canonical\" href=\"https:\/\/tienda.fullermachinery.com\/index.php\/producto\/licuadora-comercial-2-litros-vaso-policarbonato\/\" \/>\n<meta property=\"og:locale\" content=\"es_ES\" \/>\n<meta property=\"og:type\" content=\"article\" \/>\n<meta property=\"og:title\" content=\"Licuadora Alta Capacidad | 2 L | Uso Comercial Intensivo - Fuller Machinery\" \/>\n<meta property=\"og:description\" content=\"Licuadora Comercial 2 L: vaso de policarbonato resistente, motor de 1.5 kW, velocidad variable y pulso. Potente y compacta, ideal para restaurantes, cafeter\u00edas y catering.\" \/>\n<meta property=\"og:url\" content=\"https:\/\/tienda.fullermachinery.com\/index.php\/producto\/licuadora-comercial-2-litros-vaso-policarbonato\/\" \/>\n<meta property=\"og:site_name\" content=\"Fuller Machinery\" \/>\n<meta property=\"article:modified_time\" content=\"2025-07-10T16:07:57+00:00\" \/>\n<meta property=\"og:image\" content=\"https:\/\/tienda.fullermachinery.com\/wp-content\/uploads\/2024\/07\/Licuadora-2.0-Lt-Comercial-1.png\" \/>\n\t<meta property=\"og:image:width\" content=\"2000\" \/>\n\t<meta property=\"og:image:height\" content=\"2000\" \/>\n\t<meta property=\"og:image:type\" content=\"image\/png\" \/>\n<meta name=\"twitter:card\" content=\"summary_large_image\" \/>\n<meta name=\"twitter:label1\" content=\"Tiempo de lectura\" \/>\n\t<meta name=\"twitter:data1\" content=\"2 minutos\" \/>\n<script type=\"application\/ld+json\" class=\"yoast-schema-graph\">{\"@context\":\"https:\\\/\\\/schema.org\",\"@graph\":[{\"@type\":\"WebPage\",\"@id\":\"https:\\\/\\\/tienda.fullermachinery.com\\\/index.php\\\/producto\\\/licuadora-comercial-2-litros-vaso-policarbonato\\\/\",\"url\":\"https:\\\/\\\/tienda.fullermachinery.com\\\/index.php\\\/producto\\\/licuadora-comercial-2-litros-vaso-policarbonato\\\/\",\"name\":\"Licuadora Alta Capacidad | 2 L | Uso Comercial Intensivo - Fuller Machinery\",\"isPartOf\":{\"@id\":\"https:\\\/\\\/tienda.fullermachinery.com\\\/#website\"},\"primaryImageOfPage\":{\"@id\":\"https:\\\/\\\/tienda.fullermachinery.com\\\/index.php\\\/producto\\\/licuadora-comercial-2-litros-vaso-policarbonato\\\/#primaryimage\"},\"image\":{\"@id\":\"https:\\\/\\\/tienda.fullermachinery.com\\\/index.php\\\/producto\\\/licuadora-comercial-2-litros-vaso-policarbonato\\\/#primaryimage\"},\"thumbnailUrl\":\"https:\\\/\\\/tienda.fullermachinery.com\\\/wp-content\\\/uploads\\\/2024\\\/07\\\/Licuadora-2.0-Lt-Comercial-1.png\",\"datePublished\":\"2024-07-19T03:45:09+00:00\",\"dateModified\":\"2025-07-10T16:07:57+00:00\",\"description\":\"Licuadora Comercial 2 L: vaso de policarbonato resistente, motor de 1.5 kW, velocidad variable y pulso. Potente y compacta, ideal para restaurantes, cafeter\u00edas y catering.\",\"breadcrumb\":{\"@id\":\"https:\\\/\\\/tienda.fullermachinery.com\\\/index.php\\\/producto\\\/licuadora-comercial-2-litros-vaso-policarbonato\\\/#breadcrumb\"},\"inLanguage\":\"es\",\"potentialAction\":[{\"@type\":\"ReadAction\",\"target\":[\"https:\\\/\\\/tienda.fullermachinery.com\\\/index.php\\\/producto\\\/licuadora-comercial-2-litros-vaso-policarbonato\\\/\"]}]},{\"@type\":\"ImageObject\",\"inLanguage\":\"es\",\"@id\":\"https:\\\/\\\/tienda.fullermachinery.com\\\/index.php\\\/producto\\\/licuadora-comercial-2-litros-vaso-policarbonato\\\/#primaryimage\",\"url\":\"https:\\\/\\\/tienda.fullermachinery.com\\\/wp-content\\\/uploads\\\/2024\\\/07\\\/Licuadora-2.0-Lt-Comercial-1.png\",\"contentUrl\":\"https:\\\/\\\/tienda.fullermachinery.com\\\/wp-content\\\/uploads\\\/2024\\\/07\\\/Licuadora-2.0-Lt-Comercial-1.png\",\"width\":2000,\"height\":2000,\"caption\":\"\u00bfQuieres llevar tu experiencia culinaria al siguiente nivel? \u00a1Presentamos la Licuadora de 2 litros, tu compa\u00f1era perfecta en la cocina! Con una capacidad generosa de 2,0 litros y un vaso de policarbonato resistente, esta licuadora est\u00e1 dise\u00f1ada para satisfacer las demandas m\u00e1s exigentes de tu cocina.\"},{\"@type\":\"BreadcrumbList\",\"@id\":\"https:\\\/\\\/tienda.fullermachinery.com\\\/index.php\\\/producto\\\/licuadora-comercial-2-litros-vaso-policarbonato\\\/#breadcrumb\",\"itemListElement\":[{\"@type\":\"ListItem\",\"position\":1,\"name\":\"Portada\",\"item\":\"https:\\\/\\\/tienda.fullermachinery.com\\\/\"},{\"@type\":\"ListItem\",\"position\":2,\"name\":\"Productos\",\"item\":\"https:\\\/\\\/tienda.fullermachinery.com\\\/index.php\\\/shop\\\/\"},{\"@type\":\"ListItem\",\"position\":3,\"name\":\"Licuadora Alta Capacidad | 2 L | Uso Comercial Intensivo\"}]},{\"@type\":\"WebSite\",\"@id\":\"https:\\\/\\\/tienda.fullermachinery.com\\\/#website\",\"url\":\"https:\\\/\\\/tienda.fullermachinery.com\\\/\",\"name\":\"Fuller Machinery\",\"description\":\"Importaci\u00f3n y comercializaci\u00f3n de m\u00e1quinas industriales para el sector de alimentos\",\"publisher\":{\"@id\":\"https:\\\/\\\/tienda.fullermachinery.com\\\/#organization\"},\"potentialAction\":[{\"@type\":\"SearchAction\",\"target\":{\"@type\":\"EntryPoint\",\"urlTemplate\":\"https:\\\/\\\/tienda.fullermachinery.com\\\/?s={search_term_string}\"},\"query-input\":{\"@type\":\"PropertyValueSpecification\",\"valueRequired\":true,\"valueName\":\"search_term_string\"}}],\"inLanguage\":\"es\"},{\"@type\":\"Organization\",\"@id\":\"https:\\\/\\\/tienda.fullermachinery.com\\\/#organization\",\"name\":\"Fuller Machinery\",\"url\":\"https:\\\/\\\/tienda.fullermachinery.com\\\/\",\"logo\":{\"@type\":\"ImageObject\",\"inLanguage\":\"es\",\"@id\":\"https:\\\/\\\/tienda.fullermachinery.com\\\/#\\\/schema\\\/logo\\\/image\\\/\",\"url\":\"https:\\\/\\\/tienda.fullermachinery.com\\\/wp-content\\\/uploads\\\/2023\\\/08\\\/logo-fuller-transparente.png\",\"contentUrl\":\"https:\\\/\\\/tienda.fullermachinery.com\\\/wp-content\\\/uploads\\\/2023\\\/08\\\/logo-fuller-transparente.png\",\"width\":2208,\"height\":644,\"caption\":\"Fuller Machinery\"},\"image\":{\"@id\":\"https:\\\/\\\/tienda.fullermachinery.com\\\/#\\\/schema\\\/logo\\\/image\\\/\"}}]}<\/script>\n<!-- \/ Yoast SEO plugin. -->","yoast_head_json":{"title":"Licuadora Alta Capacidad | 2 L | Uso Comercial Intensivo - Fuller Machinery","description":"Licuadora Comercial 2 L: vaso de policarbonato resistente, motor de 1.5 kW, velocidad variable y pulso. Potente y compacta, ideal para restaurantes, cafeter\u00edas y catering.","robots":{"index":"index","follow":"follow","max-snippet":"max-snippet:-1","max-image-preview":"max-image-preview:large","max-video-preview":"max-video-preview:-1"},"canonical":"https:\/\/tienda.fullermachinery.com\/index.php\/producto\/licuadora-comercial-2-litros-vaso-policarbonato\/","og_locale":"es_ES","og_type":"article","og_title":"Licuadora Alta Capacidad | 2 L | Uso Comercial Intensivo - Fuller Machinery","og_description":"Licuadora Comercial 2 L: vaso de policarbonato resistente, motor de 1.5 kW, velocidad variable y pulso. Potente y compacta, ideal para restaurantes, cafeter\u00edas y catering.","og_url":"https:\/\/tienda.fullermachinery.com\/index.php\/producto\/licuadora-comercial-2-litros-vaso-policarbonato\/","og_site_name":"Fuller Machinery","article_modified_time":"2025-07-10T16:07:57+00:00","og_image":[{"width":2000,"height":2000,"url":"https:\/\/tienda.fullermachinery.com\/wp-content\/uploads\/2024\/07\/Licuadora-2.0-Lt-Comercial-1.png","type":"image\/png"}],"twitter_card":"summary_large_image","twitter_misc":{"Tiempo de lectura":"2 minutos"},"schema":{"@context":"https:\/\/schema.org","@graph":[{"@type":"WebPage","@id":"https:\/\/tienda.fullermachinery.com\/index.php\/producto\/licuadora-comercial-2-litros-vaso-policarbonato\/","url":"https:\/\/tienda.fullermachinery.com\/index.php\/producto\/licuadora-comercial-2-litros-vaso-policarbonato\/","name":"Licuadora Alta Capacidad | 2 L | Uso Comercial Intensivo - Fuller Machinery","isPartOf":{"@id":"https:\/\/tienda.fullermachinery.com\/#website"},"primaryImageOfPage":{"@id":"https:\/\/tienda.fullermachinery.com\/index.php\/producto\/licuadora-comercial-2-litros-vaso-policarbonato\/#primaryimage"},"image":{"@id":"https:\/\/tienda.fullermachinery.com\/index.php\/producto\/licuadora-comercial-2-litros-vaso-policarbonato\/#primaryimage"},"thumbnailUrl":"https:\/\/tienda.fullermachinery.com\/wp-content\/uploads\/2024\/07\/Licuadora-2.0-Lt-Comercial-1.png","datePublished":"2024-07-19T03:45:09+00:00","dateModified":"2025-07-10T16:07:57+00:00","description":"Licuadora Comercial 2 L: vaso de policarbonato resistente, motor de 1.5 kW, velocidad variable y pulso. Potente y compacta, ideal para restaurantes, cafeter\u00edas y catering.","breadcrumb":{"@id":"https:\/\/tienda.fullermachinery.com\/index.php\/producto\/licuadora-comercial-2-litros-vaso-policarbonato\/#breadcrumb"},"inLanguage":"es","potentialAction":[{"@type":"ReadAction","target":["https:\/\/tienda.fullermachinery.com\/index.php\/producto\/licuadora-comercial-2-litros-vaso-policarbonato\/"]}]},{"@type":"ImageObject","inLanguage":"es","@id":"https:\/\/tienda.fullermachinery.com\/index.php\/producto\/licuadora-comercial-2-litros-vaso-policarbonato\/#primaryimage","url":"https:\/\/tienda.fullermachinery.com\/wp-content\/uploads\/2024\/07\/Licuadora-2.0-Lt-Comercial-1.png","contentUrl":"https:\/\/tienda.fullermachinery.com\/wp-content\/uploads\/2024\/07\/Licuadora-2.0-Lt-Comercial-1.png","width":2000,"height":2000,"caption":"\u00bfQuieres llevar tu experiencia culinaria al siguiente nivel? \u00a1Presentamos la Licuadora de 2 litros, tu compa\u00f1era perfecta en la cocina! Con una capacidad generosa de 2,0 litros y un vaso de policarbonato resistente, esta licuadora est\u00e1 dise\u00f1ada para satisfacer las demandas m\u00e1s exigentes de tu cocina."},{"@type":"BreadcrumbList","@id":"https:\/\/tienda.fullermachinery.com\/index.php\/producto\/licuadora-comercial-2-litros-vaso-policarbonato\/#breadcrumb","itemListElement":[{"@type":"ListItem","position":1,"name":"Portada","item":"https:\/\/tienda.fullermachinery.com\/"},{"@type":"ListItem","position":2,"name":"Productos","item":"https:\/\/tienda.fullermachinery.com\/index.php\/shop\/"},{"@type":"ListItem","position":3,"name":"Licuadora Alta Capacidad | 2 L | Uso Comercial Intensivo"}]},{"@type":"WebSite","@id":"https:\/\/tienda.fullermachinery.com\/#website","url":"https:\/\/tienda.fullermachinery.com\/","name":"Fuller Machinery","description":"Importaci\u00f3n y comercializaci\u00f3n de m\u00e1quinas industriales para el sector de alimentos","publisher":{"@id":"https:\/\/tienda.fullermachinery.com\/#organization"},"potentialAction":[{"@type":"SearchAction","target":{"@type":"EntryPoint","urlTemplate":"https:\/\/tienda.fullermachinery.com\/?s={search_term_string}"},"query-input":{"@type":"PropertyValueSpecification","valueRequired":true,"valueName":"search_term_string"}}],"inLanguage":"es"},{"@type":"Organization","@id":"https:\/\/tienda.fullermachinery.com\/#organization","name":"Fuller Machinery","url":"https:\/\/tienda.fullermachinery.com\/","logo":{"@type":"ImageObject","inLanguage":"es","@id":"https:\/\/tienda.fullermachinery.com\/#\/schema\/logo\/image\/","url":"https:\/\/tienda.fullermachinery.com\/wp-content\/uploads\/2023\/08\/logo-fuller-transparente.png","contentUrl":"https:\/\/tienda.fullermachinery.com\/wp-content\/uploads\/2023\/08\/logo-fuller-transparente.png","width":2208,"height":644,"caption":"Fuller Machinery"},"image":{"@id":"https:\/\/tienda.fullermachinery.com\/#\/schema\/logo\/image\/"}}]}},"jetpack_sharing_enabled":true,"_links":{"self":[{"href":"https:\/\/tienda.fullermachinery.com\/index.php\/wp-json\/wp\/v2\/product\/17116","targetHints":{"allow":["GET"]}}],"collection":[{"href":"https:\/\/tienda.fullermachinery.com\/index.php\/wp-json\/wp\/v2\/product"}],"about":[{"href":"https:\/\/tienda.fullermachinery.com\/index.php\/wp-json\/wp\/v2\/types\/product"}],"replies":[{"embeddable":true,"href":"https:\/\/tienda.fullermachinery.com\/index.php\/wp-json\/wp\/v2\/comments?post=17116"}],"version-history":[{"count":7,"href":"https:\/\/tienda.fullermachinery.com\/index.php\/wp-json\/wp\/v2\/product\/17116\/revisions"}],"predecessor-version":[{"id":18578,"href":"https:\/\/tienda.fullermachinery.com\/index.php\/wp-json\/wp\/v2\/product\/17116\/revisions\/18578"}],"wp:featuredmedia":[{"embeddable":true,"href":"https:\/\/tienda.fullermachinery.com\/index.php\/wp-json\/wp\/v2\/media\/17117"}],"wp:attachment":[{"href":"https:\/\/tienda.fullermachinery.com\/index.php\/wp-json\/wp\/v2\/media?parent=17116"}],"wp:term":[{"taxonomy":"product_brand","embeddable":true,"href":"https:\/\/tienda.fullermachinery.com\/index.php\/wp-json\/wp\/v2\/product_brand?post=17116"},{"taxonomy":"product_cat","embeddable":true,"href":"https:\/\/tienda.fullermachinery.com\/index.php\/wp-json\/wp\/v2\/product_cat?post=17116"},{"taxonomy":"product_tag","embeddable":true,"href":"https:\/\/tienda.fullermachinery.com\/index.php\/wp-json\/wp\/v2\/product_tag?post=17116"}],"curies":[{"name":"wp","href":"https:\/\/api.w.org\/{rel}","templated":true}]}}