{"id":17103,"date":"2024-07-18T22:35:19","date_gmt":"2024-07-19T03:35:19","guid":{"rendered":"https:\/\/tienda.fullermachinery.com\/?post_type=product&#038;p=17103"},"modified":"2025-07-10T10:26:41","modified_gmt":"2025-07-10T15:26:41","slug":"exprimidor-industrial-naranjas-piso-automatico","status":"publish","type":"product","link":"https:\/\/tienda.fullermachinery.com\/index.php\/producto\/exprimidor-industrial-naranjas-piso-automatico\/","title":{"rendered":"Exprimidor Industrial de Naranjas | CARLOTTA | Alta Producci\u00f3n"},"content":{"rendered":"\t\t<div data-elementor-type=\"wp-post\" data-elementor-id=\"17103\" class=\"elementor elementor-17103\">\n\t\t\t\t\t\t<section class=\"elementor-section elementor-top-section elementor-element elementor-element-c36f4db elementor-section-boxed elementor-section-height-default elementor-section-height-default wd-section-disabled\" data-id=\"c36f4db\" data-element_type=\"section\" data-e-type=\"section\">\n\t\t\t\t\t\t<div class=\"elementor-container elementor-column-gap-default\">\n\t\t\t\t\t<div class=\"elementor-column elementor-col-100 elementor-top-column elementor-element elementor-element-518d003\" data-id=\"518d003\" data-element_type=\"column\" data-e-type=\"column\">\n\t\t\t<div class=\"elementor-widget-wrap elementor-element-populated\">\n\t\t\t\t\t\t<div class=\"elementor-element elementor-element-26d197b elementor-widget elementor-widget-wd_text_block\" data-id=\"26d197b\" data-element_type=\"widget\" data-e-type=\"widget\" data-widget_type=\"wd_text_block.default\">\n\t\t\t\t<div class=\"elementor-widget-container\">\n\t\t\t\t\t\t\t<div class=\"wd-text-block reset-last-child text-left\">\n\t\t\t\n\t\t\t<p data-start=\"675\" data-end=\"727\">\ud83c\udf4a <strong data-start=\"678\" data-end=\"727\">M\u00e1xima frescura y productividad, sin esfuerzo<\/strong><\/p><p data-start=\"729\" data-end=\"958\">El <strong data-start=\"732\" data-end=\"805\">Exprimidor Industrial de Naranjas | Piso Autom\u00e1tico | Alta Producci\u00f3n<\/strong> es la soluci\u00f3n definitiva para negocios y plantas que necesitan producir <strong data-start=\"879\" data-end=\"926\">grandes vol\u00famenes de jugo de naranja fresco<\/strong>, de forma continua y eficiente.<\/p><p data-start=\"960\" data-end=\"1158\">Dise\u00f1ado para entornos comerciales exigentes, este exprimidor est\u00e1 construido en <strong data-start=\"1041\" data-end=\"1061\">acero inoxidable<\/strong> y <strong data-start=\"1064\" data-end=\"1098\">pl\u00e1sticos de grado alimenticio<\/strong>, garantizando durabilidad, higiene y seguridad alimentaria.<\/p><p data-start=\"1160\" data-end=\"1351\">Su operaci\u00f3n es <strong data-start=\"1176\" data-end=\"1201\">totalmente autom\u00e1tica<\/strong>: solo se introducen las naranjas en la tolva, la m\u00e1quina las pela, las exprime y separa residuos, entregando jugo fresco listo para servir o envasar.<\/p><p data-start=\"1353\" data-end=\"1553\">Con una <strong data-start=\"1361\" data-end=\"1419\">capacidad de producci\u00f3n de 35 a 50 naranjas por minuto<\/strong>, este equipo es ideal para puntos de venta de jugo, hoteles, restaurantes, l\u00edneas de catering y f\u00e1bricas de procesamiento de bebidas.<\/p><hr data-start=\"1555\" data-end=\"1558\" \/><h3 data-start=\"1560\" data-end=\"1597\">\u2b50 <strong data-start=\"1566\" data-end=\"1597\">Caracter\u00edsticas destacadas:<\/strong><\/h3><ul data-start=\"1599\" data-end=\"2002\"><li data-start=\"1599\" data-end=\"1675\"><p data-start=\"1601\" data-end=\"1675\"><strong data-start=\"1601\" data-end=\"1627\">Producci\u00f3n autom\u00e1tica:<\/strong> Pela y exprime entre 35-50 naranjas por minuto.<\/p><\/li><li data-start=\"1676\" data-end=\"1762\"><p data-start=\"1678\" data-end=\"1762\"><strong data-start=\"1678\" data-end=\"1702\">Material de calidad:<\/strong> Acero inoxidable y pl\u00e1stico alimenticio para uso intensivo.<\/p><\/li><li data-start=\"1763\" data-end=\"1845\"><p data-start=\"1765\" data-end=\"1845\"><strong data-start=\"1765\" data-end=\"1790\">Sistema de seguridad:<\/strong> Bloquea la operaci\u00f3n si la cubierta est\u00e1 mal colocada.<\/p><\/li><li data-start=\"1846\" data-end=\"1912\"><p data-start=\"1848\" data-end=\"1912\"><strong data-start=\"1848\" data-end=\"1872\">F\u00e1cil mantenimiento:<\/strong> Desmontaje r\u00e1pido para limpieza diaria.<\/p><\/li><li data-start=\"1913\" data-end=\"2002\"><p data-start=\"1915\" data-end=\"2002\"><strong data-start=\"1915\" data-end=\"1942\">Dise\u00f1o robusto de piso:<\/strong> Perfecto para operaci\u00f3n continua en negocios de alto flujo.<\/p><\/li><\/ul><hr data-start=\"2004\" data-end=\"2007\" \/><h3 data-start=\"2009\" data-end=\"2031\">\ud83c\udfe2 <strong data-start=\"2016\" data-end=\"2031\">Ideal para:<\/strong><\/h3><p data-start=\"2033\" data-end=\"2429\">\u2705 <strong data-start=\"2035\" data-end=\"2062\">Hoteles y restaurantes:<\/strong> Desayunos buffet, brunch y cocteler\u00eda.<br data-start=\"2101\" data-end=\"2104\" \/>\u2705 <strong data-start=\"2106\" data-end=\"2138\">Cafeter\u00edas y bares de jugos:<\/strong> Atenci\u00f3n r\u00e1pida con jugo 100% natural.<br data-start=\"2177\" data-end=\"2180\" \/>\u2705 <strong data-start=\"2182\" data-end=\"2205\">Catering y eventos:<\/strong> Servicio continuo en bodas, ferias y banquetes.<br data-start=\"2253\" data-end=\"2256\" \/>\u2705 <strong data-start=\"2258\" data-end=\"2299\">Tiendas de alimentos y supermercados:<\/strong> Ofrecer jugo fresco en puntos de venta.<br data-start=\"2339\" data-end=\"2342\" \/>\u2705 <strong data-start=\"2344\" data-end=\"2370\">Plantas de producci\u00f3n:<\/strong> Procesamiento y envasado de jugo para distribuci\u00f3n masiva.<\/p><hr data-start=\"2431\" data-end=\"2434\" \/><h2 data-start=\"2436\" data-end=\"2462\">\u2705 <strong data-start=\"2441\" data-end=\"2462\">Beneficios clave:<\/strong><\/h2><p data-start=\"2464\" data-end=\"2740\">\u2714\ufe0f <strong data-start=\"2467\" data-end=\"2486\">Alta capacidad:<\/strong> Maneja grandes vol\u00famenes sin pausas.<br data-start=\"2523\" data-end=\"2526\" \/>\u2714\ufe0f <strong data-start=\"2529\" data-end=\"2565\">Ahorro de tiempo y mano de obra:<\/strong> Operaci\u00f3n autom\u00e1tica de principio a fin.<br data-start=\"2606\" data-end=\"2609\" \/>\u2714\ufe0f <strong data-start=\"2612\" data-end=\"2645\">Higi\u00e9nico y f\u00e1cil de limpiar:<\/strong> Desmonte r\u00e1pido de partes.<br data-start=\"2672\" data-end=\"2675\" \/>\u2714\ufe0f <strong data-start=\"2678\" data-end=\"2703\">Frescura garantizada:<\/strong> Jugo reci\u00e9n exprimido, sin aditivos.<\/p><hr data-start=\"2742\" data-end=\"2745\" \/><h2 data-start=\"2747\" data-end=\"2767\">\ud83c\udfc6 <strong data-start=\"2753\" data-end=\"2767\">Conclusi\u00f3n<\/strong><\/h2><p data-start=\"2769\" data-end=\"3012\">Si buscas <strong data-start=\"2779\" data-end=\"2831\">aumentar la producci\u00f3n de jugo de naranja fresco<\/strong> en tu negocio, el <strong data-start=\"2850\" data-end=\"2906\">Exprimidor de Naranjas de Piso Industrial Autom\u00e1tico<\/strong> es la mejor inversi\u00f3n: rendimiento confiable, operaci\u00f3n segura y jugo de calidad premium, todos los d\u00edas.<\/p>\n\t\t\t\t\t<\/div>\n\t\t\t\t\t\t<\/div>\n\t\t\t\t<\/div>\n\t\t\t\t\t<\/div>\n\t\t<\/div>\n\t\t\t\t\t<\/div>\n\t\t<\/section>\n\t\t\t\t<\/div>\n\t\t","protected":false},"excerpt":{"rendered":"<p>Exprimidor industrial de piso, autom\u00e1tico y de alta capacidad. Pela y exprime hasta 50 naranjas\/minuto. Ideal para hoteles, restaurantes, supermercados y plantas de jugo fresco.<\/p>\n","protected":false},"featured_media":17104,"comment_status":"open","ping_status":"closed","template":"","meta":[],"product_brand":[],"product_cat":[150,237],"product_tag":[260,223,261],"class_list":{"0":"post-17103","1":"product","2":"type-product","3":"status-publish","4":"has-post-thumbnail","6":"product_cat-preparacion-de-bebidas","7":"product_cat-exprimidoras-de-naranjas","8":"product_tag-bebidas","9":"product_tag-dispensador-de-bebidas","10":"product_tag-exprimidor-de-naranjas","12":"first","13":"instock","14":"featured","15":"shipping-taxable","16":"purchasable","17":"product-type-simple"},"yoast_head":"<!-- This site is optimized with the Yoast SEO plugin v27.4 - https:\/\/yoast.com\/product\/yoast-seo-wordpress\/ -->\n<title>Exprimidor Industrial de Naranjas | CARLOTTA | Alta Producci\u00f3n - Fuller Machinery<\/title>\n<meta name=\"description\" content=\"Exprimidor de Naranjas de Piso Industrial Autom\u00e1tico: producci\u00f3n de 35-50 naranjas\/minuto. Eficiente, seguro y f\u00e1cil de limpiar. Ideal para jugo fresco en hoteles, restaurantes y supermercados.\" \/>\n<meta name=\"robots\" content=\"index, follow, max-snippet:-1, max-image-preview:large, max-video-preview:-1\" \/>\n<link rel=\"canonical\" href=\"https:\/\/tienda.fullermachinery.com\/index.php\/producto\/exprimidor-industrial-naranjas-piso-automatico\/\" \/>\n<meta property=\"og:locale\" content=\"es_ES\" \/>\n<meta property=\"og:type\" content=\"article\" \/>\n<meta property=\"og:title\" content=\"Exprimidor Industrial de Naranjas | CARLOTTA | Alta Producci\u00f3n - Fuller Machinery\" \/>\n<meta property=\"og:description\" content=\"Exprimidor de Naranjas de Piso Industrial Autom\u00e1tico: producci\u00f3n de 35-50 naranjas\/minuto. Eficiente, seguro y f\u00e1cil de limpiar. Ideal para jugo fresco en hoteles, restaurantes y supermercados.\" \/>\n<meta property=\"og:url\" content=\"https:\/\/tienda.fullermachinery.com\/index.php\/producto\/exprimidor-industrial-naranjas-piso-automatico\/\" \/>\n<meta property=\"og:site_name\" content=\"Fuller Machinery\" \/>\n<meta property=\"article:modified_time\" content=\"2025-07-10T15:26:41+00:00\" \/>\n<meta property=\"og:image\" content=\"https:\/\/tienda.fullermachinery.com\/wp-content\/uploads\/2024\/07\/Exprimidor-de-naranjas-Carlotta-de-Piso-1.png\" \/>\n\t<meta property=\"og:image:width\" content=\"2000\" \/>\n\t<meta property=\"og:image:height\" content=\"2000\" \/>\n\t<meta property=\"og:image:type\" content=\"image\/png\" \/>\n<meta name=\"twitter:card\" content=\"summary_large_image\" \/>\n<meta name=\"twitter:label1\" content=\"Tiempo de lectura\" \/>\n\t<meta name=\"twitter:data1\" content=\"2 minutos\" \/>\n<script type=\"application\/ld+json\" class=\"yoast-schema-graph\">{\"@context\":\"https:\\\/\\\/schema.org\",\"@graph\":[{\"@type\":\"WebPage\",\"@id\":\"https:\\\/\\\/tienda.fullermachinery.com\\\/index.php\\\/producto\\\/exprimidor-industrial-naranjas-piso-automatico\\\/\",\"url\":\"https:\\\/\\\/tienda.fullermachinery.com\\\/index.php\\\/producto\\\/exprimidor-industrial-naranjas-piso-automatico\\\/\",\"name\":\"Exprimidor Industrial de Naranjas | CARLOTTA | Alta Producci\u00f3n - Fuller Machinery\",\"isPartOf\":{\"@id\":\"https:\\\/\\\/tienda.fullermachinery.com\\\/#website\"},\"primaryImageOfPage\":{\"@id\":\"https:\\\/\\\/tienda.fullermachinery.com\\\/index.php\\\/producto\\\/exprimidor-industrial-naranjas-piso-automatico\\\/#primaryimage\"},\"image\":{\"@id\":\"https:\\\/\\\/tienda.fullermachinery.com\\\/index.php\\\/producto\\\/exprimidor-industrial-naranjas-piso-automatico\\\/#primaryimage\"},\"thumbnailUrl\":\"https:\\\/\\\/tienda.fullermachinery.com\\\/wp-content\\\/uploads\\\/2024\\\/07\\\/Exprimidor-de-naranjas-Carlotta-de-Piso-1.png\",\"datePublished\":\"2024-07-19T03:35:19+00:00\",\"dateModified\":\"2025-07-10T15:26:41+00:00\",\"description\":\"Exprimidor de Naranjas de Piso Industrial Autom\u00e1tico: producci\u00f3n de 35-50 naranjas\\\/minuto. Eficiente, seguro y f\u00e1cil de limpiar. Ideal para jugo fresco en hoteles, restaurantes y supermercados.\",\"breadcrumb\":{\"@id\":\"https:\\\/\\\/tienda.fullermachinery.com\\\/index.php\\\/producto\\\/exprimidor-industrial-naranjas-piso-automatico\\\/#breadcrumb\"},\"inLanguage\":\"es\",\"potentialAction\":[{\"@type\":\"ReadAction\",\"target\":[\"https:\\\/\\\/tienda.fullermachinery.com\\\/index.php\\\/producto\\\/exprimidor-industrial-naranjas-piso-automatico\\\/\"]}]},{\"@type\":\"ImageObject\",\"inLanguage\":\"es\",\"@id\":\"https:\\\/\\\/tienda.fullermachinery.com\\\/index.php\\\/producto\\\/exprimidor-industrial-naranjas-piso-automatico\\\/#primaryimage\",\"url\":\"https:\\\/\\\/tienda.fullermachinery.com\\\/wp-content\\\/uploads\\\/2024\\\/07\\\/Exprimidor-de-naranjas-Carlotta-de-Piso-1.png\",\"contentUrl\":\"https:\\\/\\\/tienda.fullermachinery.com\\\/wp-content\\\/uploads\\\/2024\\\/07\\\/Exprimidor-de-naranjas-Carlotta-de-Piso-1.png\",\"width\":2000,\"height\":2000,\"caption\":\"El exprimidor de naranjas de piso industrial es un equipo dise\u00f1ado para exprimir naranjas de forma autom\u00e1tica y eficiente en entornos comerciales o industriales. Este dispositivo est\u00e1 especialmente dise\u00f1ado para manejar grandes vol\u00famenes de naranjas, pelarlas y exprimirlas para obtener jugo fresco de alta calidad. Est\u00e1 construido con materiales duraderos como acero inoxidable y pl\u00e1stico apto para alimentos para garantizar su resistencia y seguridad en el procesamiento de alimentos.\"},{\"@type\":\"BreadcrumbList\",\"@id\":\"https:\\\/\\\/tienda.fullermachinery.com\\\/index.php\\\/producto\\\/exprimidor-industrial-naranjas-piso-automatico\\\/#breadcrumb\",\"itemListElement\":[{\"@type\":\"ListItem\",\"position\":1,\"name\":\"Portada\",\"item\":\"https:\\\/\\\/tienda.fullermachinery.com\\\/\"},{\"@type\":\"ListItem\",\"position\":2,\"name\":\"Productos\",\"item\":\"https:\\\/\\\/tienda.fullermachinery.com\\\/index.php\\\/shop\\\/\"},{\"@type\":\"ListItem\",\"position\":3,\"name\":\"Exprimidor Industrial de Naranjas | CARLOTTA | Alta Producci\u00f3n\"}]},{\"@type\":\"WebSite\",\"@id\":\"https:\\\/\\\/tienda.fullermachinery.com\\\/#website\",\"url\":\"https:\\\/\\\/tienda.fullermachinery.com\\\/\",\"name\":\"Fuller Machinery\",\"description\":\"Importaci\u00f3n y comercializaci\u00f3n de m\u00e1quinas industriales para el sector de alimentos\",\"publisher\":{\"@id\":\"https:\\\/\\\/tienda.fullermachinery.com\\\/#organization\"},\"potentialAction\":[{\"@type\":\"SearchAction\",\"target\":{\"@type\":\"EntryPoint\",\"urlTemplate\":\"https:\\\/\\\/tienda.fullermachinery.com\\\/?s={search_term_string}\"},\"query-input\":{\"@type\":\"PropertyValueSpecification\",\"valueRequired\":true,\"valueName\":\"search_term_string\"}}],\"inLanguage\":\"es\"},{\"@type\":\"Organization\",\"@id\":\"https:\\\/\\\/tienda.fullermachinery.com\\\/#organization\",\"name\":\"Fuller Machinery\",\"url\":\"https:\\\/\\\/tienda.fullermachinery.com\\\/\",\"logo\":{\"@type\":\"ImageObject\",\"inLanguage\":\"es\",\"@id\":\"https:\\\/\\\/tienda.fullermachinery.com\\\/#\\\/schema\\\/logo\\\/image\\\/\",\"url\":\"https:\\\/\\\/tienda.fullermachinery.com\\\/wp-content\\\/uploads\\\/2023\\\/08\\\/logo-fuller-transparente.png\",\"contentUrl\":\"https:\\\/\\\/tienda.fullermachinery.com\\\/wp-content\\\/uploads\\\/2023\\\/08\\\/logo-fuller-transparente.png\",\"width\":2208,\"height\":644,\"caption\":\"Fuller Machinery\"},\"image\":{\"@id\":\"https:\\\/\\\/tienda.fullermachinery.com\\\/#\\\/schema\\\/logo\\\/image\\\/\"}}]}<\/script>\n<!-- \/ Yoast SEO plugin. -->","yoast_head_json":{"title":"Exprimidor Industrial de Naranjas | CARLOTTA | Alta Producci\u00f3n - Fuller Machinery","description":"Exprimidor de Naranjas de Piso Industrial Autom\u00e1tico: producci\u00f3n de 35-50 naranjas\/minuto. Eficiente, seguro y f\u00e1cil de limpiar. Ideal para jugo fresco en hoteles, restaurantes y supermercados.","robots":{"index":"index","follow":"follow","max-snippet":"max-snippet:-1","max-image-preview":"max-image-preview:large","max-video-preview":"max-video-preview:-1"},"canonical":"https:\/\/tienda.fullermachinery.com\/index.php\/producto\/exprimidor-industrial-naranjas-piso-automatico\/","og_locale":"es_ES","og_type":"article","og_title":"Exprimidor Industrial de Naranjas | CARLOTTA | Alta Producci\u00f3n - Fuller Machinery","og_description":"Exprimidor de Naranjas de Piso Industrial Autom\u00e1tico: producci\u00f3n de 35-50 naranjas\/minuto. Eficiente, seguro y f\u00e1cil de limpiar. Ideal para jugo fresco en hoteles, restaurantes y supermercados.","og_url":"https:\/\/tienda.fullermachinery.com\/index.php\/producto\/exprimidor-industrial-naranjas-piso-automatico\/","og_site_name":"Fuller Machinery","article_modified_time":"2025-07-10T15:26:41+00:00","og_image":[{"width":2000,"height":2000,"url":"https:\/\/tienda.fullermachinery.com\/wp-content\/uploads\/2024\/07\/Exprimidor-de-naranjas-Carlotta-de-Piso-1.png","type":"image\/png"}],"twitter_card":"summary_large_image","twitter_misc":{"Tiempo de lectura":"2 minutos"},"schema":{"@context":"https:\/\/schema.org","@graph":[{"@type":"WebPage","@id":"https:\/\/tienda.fullermachinery.com\/index.php\/producto\/exprimidor-industrial-naranjas-piso-automatico\/","url":"https:\/\/tienda.fullermachinery.com\/index.php\/producto\/exprimidor-industrial-naranjas-piso-automatico\/","name":"Exprimidor Industrial de Naranjas | CARLOTTA | Alta Producci\u00f3n - Fuller Machinery","isPartOf":{"@id":"https:\/\/tienda.fullermachinery.com\/#website"},"primaryImageOfPage":{"@id":"https:\/\/tienda.fullermachinery.com\/index.php\/producto\/exprimidor-industrial-naranjas-piso-automatico\/#primaryimage"},"image":{"@id":"https:\/\/tienda.fullermachinery.com\/index.php\/producto\/exprimidor-industrial-naranjas-piso-automatico\/#primaryimage"},"thumbnailUrl":"https:\/\/tienda.fullermachinery.com\/wp-content\/uploads\/2024\/07\/Exprimidor-de-naranjas-Carlotta-de-Piso-1.png","datePublished":"2024-07-19T03:35:19+00:00","dateModified":"2025-07-10T15:26:41+00:00","description":"Exprimidor de Naranjas de Piso Industrial Autom\u00e1tico: producci\u00f3n de 35-50 naranjas\/minuto. Eficiente, seguro y f\u00e1cil de limpiar. Ideal para jugo fresco en hoteles, restaurantes y supermercados.","breadcrumb":{"@id":"https:\/\/tienda.fullermachinery.com\/index.php\/producto\/exprimidor-industrial-naranjas-piso-automatico\/#breadcrumb"},"inLanguage":"es","potentialAction":[{"@type":"ReadAction","target":["https:\/\/tienda.fullermachinery.com\/index.php\/producto\/exprimidor-industrial-naranjas-piso-automatico\/"]}]},{"@type":"ImageObject","inLanguage":"es","@id":"https:\/\/tienda.fullermachinery.com\/index.php\/producto\/exprimidor-industrial-naranjas-piso-automatico\/#primaryimage","url":"https:\/\/tienda.fullermachinery.com\/wp-content\/uploads\/2024\/07\/Exprimidor-de-naranjas-Carlotta-de-Piso-1.png","contentUrl":"https:\/\/tienda.fullermachinery.com\/wp-content\/uploads\/2024\/07\/Exprimidor-de-naranjas-Carlotta-de-Piso-1.png","width":2000,"height":2000,"caption":"El exprimidor de naranjas de piso industrial es un equipo dise\u00f1ado para exprimir naranjas de forma autom\u00e1tica y eficiente en entornos comerciales o industriales. Este dispositivo est\u00e1 especialmente dise\u00f1ado para manejar grandes vol\u00famenes de naranjas, pelarlas y exprimirlas para obtener jugo fresco de alta calidad. Est\u00e1 construido con materiales duraderos como acero inoxidable y pl\u00e1stico apto para alimentos para garantizar su resistencia y seguridad en el procesamiento de alimentos."},{"@type":"BreadcrumbList","@id":"https:\/\/tienda.fullermachinery.com\/index.php\/producto\/exprimidor-industrial-naranjas-piso-automatico\/#breadcrumb","itemListElement":[{"@type":"ListItem","position":1,"name":"Portada","item":"https:\/\/tienda.fullermachinery.com\/"},{"@type":"ListItem","position":2,"name":"Productos","item":"https:\/\/tienda.fullermachinery.com\/index.php\/shop\/"},{"@type":"ListItem","position":3,"name":"Exprimidor Industrial de Naranjas | CARLOTTA | Alta Producci\u00f3n"}]},{"@type":"WebSite","@id":"https:\/\/tienda.fullermachinery.com\/#website","url":"https:\/\/tienda.fullermachinery.com\/","name":"Fuller Machinery","description":"Importaci\u00f3n y comercializaci\u00f3n de m\u00e1quinas industriales para el sector de alimentos","publisher":{"@id":"https:\/\/tienda.fullermachinery.com\/#organization"},"potentialAction":[{"@type":"SearchAction","target":{"@type":"EntryPoint","urlTemplate":"https:\/\/tienda.fullermachinery.com\/?s={search_term_string}"},"query-input":{"@type":"PropertyValueSpecification","valueRequired":true,"valueName":"search_term_string"}}],"inLanguage":"es"},{"@type":"Organization","@id":"https:\/\/tienda.fullermachinery.com\/#organization","name":"Fuller Machinery","url":"https:\/\/tienda.fullermachinery.com\/","logo":{"@type":"ImageObject","inLanguage":"es","@id":"https:\/\/tienda.fullermachinery.com\/#\/schema\/logo\/image\/","url":"https:\/\/tienda.fullermachinery.com\/wp-content\/uploads\/2023\/08\/logo-fuller-transparente.png","contentUrl":"https:\/\/tienda.fullermachinery.com\/wp-content\/uploads\/2023\/08\/logo-fuller-transparente.png","width":2208,"height":644,"caption":"Fuller Machinery"},"image":{"@id":"https:\/\/tienda.fullermachinery.com\/#\/schema\/logo\/image\/"}}]}},"jetpack_sharing_enabled":true,"_links":{"self":[{"href":"https:\/\/tienda.fullermachinery.com\/index.php\/wp-json\/wp\/v2\/product\/17103","targetHints":{"allow":["GET"]}}],"collection":[{"href":"https:\/\/tienda.fullermachinery.com\/index.php\/wp-json\/wp\/v2\/product"}],"about":[{"href":"https:\/\/tienda.fullermachinery.com\/index.php\/wp-json\/wp\/v2\/types\/product"}],"replies":[{"embeddable":true,"href":"https:\/\/tienda.fullermachinery.com\/index.php\/wp-json\/wp\/v2\/comments?post=17103"}],"version-history":[{"count":6,"href":"https:\/\/tienda.fullermachinery.com\/index.php\/wp-json\/wp\/v2\/product\/17103\/revisions"}],"predecessor-version":[{"id":18210,"href":"https:\/\/tienda.fullermachinery.com\/index.php\/wp-json\/wp\/v2\/product\/17103\/revisions\/18210"}],"wp:featuredmedia":[{"embeddable":true,"href":"https:\/\/tienda.fullermachinery.com\/index.php\/wp-json\/wp\/v2\/media\/17104"}],"wp:attachment":[{"href":"https:\/\/tienda.fullermachinery.com\/index.php\/wp-json\/wp\/v2\/media?parent=17103"}],"wp:term":[{"taxonomy":"product_brand","embeddable":true,"href":"https:\/\/tienda.fullermachinery.com\/index.php\/wp-json\/wp\/v2\/product_brand?post=17103"},{"taxonomy":"product_cat","embeddable":true,"href":"https:\/\/tienda.fullermachinery.com\/index.php\/wp-json\/wp\/v2\/product_cat?post=17103"},{"taxonomy":"product_tag","embeddable":true,"href":"https:\/\/tienda.fullermachinery.com\/index.php\/wp-json\/wp\/v2\/product_tag?post=17103"}],"curies":[{"name":"wp","href":"https:\/\/api.w.org\/{rel}","templated":true}]}}