{"id":17092,"date":"2024-07-18T22:22:44","date_gmt":"2024-07-19T03:22:44","guid":{"rendered":"https:\/\/tienda.fullermachinery.com\/?post_type=product&#038;p=17092"},"modified":"2025-07-10T10:04:35","modified_gmt":"2025-07-10T15:04:35","slug":"exprimidor-naranjas-industrial-mesa-acrilico-transparente","status":"publish","type":"product","link":"https:\/\/tienda.fullermachinery.com\/index.php\/producto\/exprimidor-naranjas-industrial-mesa-acrilico-transparente\/","title":{"rendered":"Exprimidor de Naranjas Industrial | Mesa Acr\u00edlico Transparente | 300W | Charlotte"},"content":{"rendered":"\t\t<div data-elementor-type=\"wp-post\" data-elementor-id=\"17092\" class=\"elementor elementor-17092\">\n\t\t\t\t\t\t<section class=\"elementor-section elementor-top-section elementor-element elementor-element-16ff118 elementor-section-boxed elementor-section-height-default elementor-section-height-default wd-section-disabled\" data-id=\"16ff118\" data-element_type=\"section\" data-e-type=\"section\">\n\t\t\t\t\t\t<div class=\"elementor-container elementor-column-gap-default\">\n\t\t\t\t\t<div class=\"elementor-column elementor-col-100 elementor-top-column elementor-element elementor-element-8d66b2d\" data-id=\"8d66b2d\" data-element_type=\"column\" data-e-type=\"column\">\n\t\t\t<div class=\"elementor-widget-wrap elementor-element-populated\">\n\t\t\t\t\t\t<div class=\"elementor-element elementor-element-10fa7b9 elementor-widget elementor-widget-wd_text_block\" data-id=\"10fa7b9\" data-element_type=\"widget\" data-e-type=\"widget\" data-widget_type=\"wd_text_block.default\">\n\t\t\t\t<div class=\"elementor-widget-container\">\n\t\t\t\t\t\t\t<div class=\"wd-text-block reset-last-child text-left\">\n\t\t\t\n\t\t\t<p data-start=\"669\" data-end=\"782\">\ud83c\udf4a <strong data-start=\"672\" data-end=\"782\">Exprimidor de Naranjas Industrial de Mesa con Parte Acr\u00edlica Transparente: frescura visible, jugo perfecto<\/strong><\/p><p data-start=\"784\" data-end=\"1007\">Este <strong data-start=\"789\" data-end=\"860\">Exprimidor de Naranjas Industrial de Mesa con Acr\u00edlico Transparente<\/strong> combina robustez, dise\u00f1o atractivo y alto rendimiento para negocios que necesitan jugo de naranja fresco y una experiencia visual para el cliente.<\/p><p data-start=\"1009\" data-end=\"1222\">Fabricado en <strong data-start=\"1022\" data-end=\"1074\">acero resistente y pl\u00e1stico de grado alimenticio<\/strong>, con una <strong data-start=\"1084\" data-end=\"1116\">c\u00fapula acr\u00edlica transparente<\/strong> que permite ver cada paso del exprimido, atrae la atenci\u00f3n y transmite confianza en la frescura del jugo.<\/p><p data-start=\"1224\" data-end=\"1245\">\ud83d\udcd0 <strong data-start=\"1227\" data-end=\"1243\">Dimensiones:<\/strong><\/p><ul data-start=\"1246\" data-end=\"1309\"><li data-start=\"1246\" data-end=\"1261\"><p data-start=\"1248\" data-end=\"1261\">Alto: 80 cm<\/p><\/li><li data-start=\"1262\" data-end=\"1278\"><p data-start=\"1264\" data-end=\"1278\">Ancho: 50 cm<\/p><\/li><li data-start=\"1279\" data-end=\"1295\"><p data-start=\"1281\" data-end=\"1295\">Fondo: 36 cm<\/p><\/li><li data-start=\"1296\" data-end=\"1309\"><p data-start=\"1298\" data-end=\"1309\">Peso: 45 kg<\/p><\/li><\/ul><p data-start=\"1311\" data-end=\"1340\">\u26a1 <strong data-start=\"1313\" data-end=\"1338\">Potencia y capacidad:<\/strong><\/p><ul data-start=\"1341\" data-end=\"1450\"><li data-start=\"1341\" data-end=\"1363\"><p data-start=\"1343\" data-end=\"1363\">Motor: 300W | 110V<\/p><\/li><li data-start=\"1364\" data-end=\"1406\"><p data-start=\"1366\" data-end=\"1406\">Exprime de <strong data-start=\"1377\" data-end=\"1404\">20 a 30 naranjas\/minuto<\/strong><\/p><\/li><li data-start=\"1407\" data-end=\"1450\"><p data-start=\"1409\" data-end=\"1450\">Produce de <strong data-start=\"1420\" data-end=\"1450\">5 a 8 vasos de jugo\/minuto<\/strong><\/p><\/li><\/ul><p data-start=\"1452\" data-end=\"1482\">\u2705 <strong data-start=\"1454\" data-end=\"1480\">Caracter\u00edsticas clave:<\/strong><\/p><ul data-start=\"1483\" data-end=\"1825\"><li data-start=\"1483\" data-end=\"1568\"><p data-start=\"1485\" data-end=\"1568\"><strong data-start=\"1485\" data-end=\"1507\">Cubierta acr\u00edlica:<\/strong> Permite visualizar el proceso de exprimido en tiempo real.<\/p><\/li><li data-start=\"1569\" data-end=\"1657\"><p data-start=\"1571\" data-end=\"1657\"><strong data-start=\"1571\" data-end=\"1596\">Sistema de seguridad:<\/strong> Corte autom\u00e1tico ante anomal\u00edas para proteger al operador.<\/p><\/li><li data-start=\"1658\" data-end=\"1757\"><p data-start=\"1660\" data-end=\"1757\"><strong data-start=\"1660\" data-end=\"1678\">Anticorrosi\u00f3n:<\/strong> Estructura dise\u00f1ada para resistir el uso intensivo en ambientes comerciales.<\/p><\/li><li data-start=\"1758\" data-end=\"1825\"><p data-start=\"1760\" data-end=\"1825\"><strong data-start=\"1760\" data-end=\"1779\">F\u00e1cil limpieza:<\/strong> Componentes desmontables para higiene r\u00e1pida.<\/p><\/li><\/ul><hr data-start=\"1827\" data-end=\"1830\" \/><h3 data-start=\"1832\" data-end=\"1854\">\ud83c\udfe2 <strong data-start=\"1839\" data-end=\"1854\">Ideal para:<\/strong><\/h3><ul data-start=\"1856\" data-end=\"2285\"><li data-start=\"1856\" data-end=\"1962\"><p data-start=\"1858\" data-end=\"1962\"><strong data-start=\"1858\" data-end=\"1883\">Restaurantes y Bares:<\/strong> Aumenta la oferta de jugos frescos en desayunos, brunch o como bebida premium.<\/p><\/li><li data-start=\"1963\" data-end=\"2053\"><p data-start=\"1965\" data-end=\"2053\"><strong data-start=\"1965\" data-end=\"1987\">Hoteles y Buffets:<\/strong> Sorprende a los hu\u00e9spedes con jugo natural exprimido al instante.<\/p><\/li><li data-start=\"2054\" data-end=\"2170\"><p data-start=\"2056\" data-end=\"2170\"><strong data-start=\"2056\" data-end=\"2084\">Cafeter\u00edas y Panader\u00edas:<\/strong> Complementa desayunos y meriendas con jugo fresco y una experiencia visual atractiva.<\/p><\/li><li data-start=\"2171\" data-end=\"2285\"><p data-start=\"2173\" data-end=\"2285\"><strong data-start=\"2173\" data-end=\"2209\">Tiendas de Jugos y Delicatessen:<\/strong> Convierte el exprimido en un show que llama la atenci\u00f3n de nuevos clientes.<\/p><\/li><\/ul><hr data-start=\"2287\" data-end=\"2290\" \/><h2 data-start=\"2292\" data-end=\"2319\">\ud83c\udfaf <strong data-start=\"2298\" data-end=\"2319\">Beneficios clave:<\/strong><\/h2><p data-start=\"2321\" data-end=\"2631\">\u2714\ufe0f <strong data-start=\"2324\" data-end=\"2353\">Alta producci\u00f3n continua:<\/strong> Perfecto para horas pico.<br data-start=\"2379\" data-end=\"2382\" \/>\u2714\ufe0f <strong data-start=\"2385\" data-end=\"2406\">Atractivo visual:<\/strong> La parte acr\u00edlica transparente mejora la experiencia del cliente.<br data-start=\"2472\" data-end=\"2475\" \/>\u2714\ufe0f <strong data-start=\"2478\" data-end=\"2505\">Robustez y durabilidad:<\/strong> Materiales premium para uso diario intensivo.<br data-start=\"2551\" data-end=\"2554\" \/>\u2714\ufe0f <strong data-start=\"2557\" data-end=\"2590\">Seguridad y limpieza f\u00e1ciles:<\/strong> Operaci\u00f3n segura y r\u00e1pida higienizaci\u00f3n.<\/p><hr data-start=\"2633\" data-end=\"2636\" \/><h2 data-start=\"2638\" data-end=\"2656\">\ud83d\udce6 <strong data-start=\"2644\" data-end=\"2656\">Incluye:<\/strong><\/h2><ul data-start=\"2658\" data-end=\"2758\"><li data-start=\"2658\" data-end=\"2711\"><p data-start=\"2660\" data-end=\"2711\">Exprimidor industrial completo con motor de 300W.<\/p><\/li><li data-start=\"2712\" data-end=\"2758\"><p data-start=\"2714\" data-end=\"2758\">Manual de uso y recomendaciones de limpieza.<\/p><\/li><\/ul>\n\t\t\t\t\t<\/div>\n\t\t\t\t\t\t<\/div>\n\t\t\t\t<\/div>\n\t\t\t\t\t<\/div>\n\t\t<\/div>\n\t\t\t\t\t<\/div>\n\t\t<\/section>\n\t\t\t\t<\/div>\n\t\t","protected":false},"excerpt":{"rendered":"<p>Exprimidor industrial de naranjas de mesa con cubierta acr\u00edlica transparente. Motor 300W, exprime 20-30 naranjas\/min, produce hasta 8 vasos\/min. Robusto, seguro y f\u00e1cil de limpiar. Ideal para restaurantes, hoteles y cafeter\u00edas.<\/p>\n","protected":false},"featured_media":17093,"comment_status":"open","ping_status":"closed","template":"","meta":[],"product_brand":[],"product_cat":[150,237],"product_tag":[260,223,261],"class_list":{"0":"post-17092","1":"product","2":"type-product","3":"status-publish","4":"has-post-thumbnail","6":"product_cat-preparacion-de-bebidas","7":"product_cat-exprimidoras-de-naranjas","8":"product_tag-bebidas","9":"product_tag-dispensador-de-bebidas","10":"product_tag-exprimidor-de-naranjas","12":"first","13":"instock","14":"featured","15":"shipping-taxable","16":"purchasable","17":"product-type-simple"},"yoast_head":"<!-- This site is optimized with the Yoast SEO plugin v27.4 - https:\/\/yoast.com\/product\/yoast-seo-wordpress\/ -->\n<title>Exprimidor de Naranjas Industrial | Mesa Acr\u00edlico Transparente | 300W | Charlotte - Fuller Machinery<\/title>\n<meta name=\"description\" content=\"Exprimidor de Naranjas Industrial de Mesa con parte acr\u00edlica transparente: exprime 20-30 naranjas\/min, motor 300W, estructura robusta y segura. Perfecto para restaurantes, hoteles y tiendas de jugos.\" \/>\n<meta name=\"robots\" content=\"index, follow, max-snippet:-1, max-image-preview:large, max-video-preview:-1\" \/>\n<link rel=\"canonical\" href=\"https:\/\/tienda.fullermachinery.com\/index.php\/producto\/exprimidor-naranjas-industrial-mesa-acrilico-transparente\/\" \/>\n<meta property=\"og:locale\" content=\"es_ES\" \/>\n<meta property=\"og:type\" content=\"article\" \/>\n<meta property=\"og:title\" content=\"Exprimidor de Naranjas Industrial | Mesa Acr\u00edlico Transparente | 300W | Charlotte - Fuller Machinery\" \/>\n<meta property=\"og:description\" content=\"Exprimidor de Naranjas Industrial de Mesa con parte acr\u00edlica transparente: exprime 20-30 naranjas\/min, motor 300W, estructura robusta y segura. Perfecto para restaurantes, hoteles y tiendas de jugos.\" \/>\n<meta property=\"og:url\" content=\"https:\/\/tienda.fullermachinery.com\/index.php\/producto\/exprimidor-naranjas-industrial-mesa-acrilico-transparente\/\" \/>\n<meta property=\"og:site_name\" content=\"Fuller Machinery\" \/>\n<meta property=\"article:modified_time\" content=\"2025-07-10T15:04:35+00:00\" \/>\n<meta property=\"og:image\" content=\"https:\/\/tienda.fullermachinery.com\/wp-content\/uploads\/2024\/07\/Exprimidor-de-Naranjas-Charlotte-Cuerpo-Plastico-1.png\" \/>\n\t<meta property=\"og:image:width\" content=\"2000\" \/>\n\t<meta property=\"og:image:height\" content=\"2000\" \/>\n\t<meta property=\"og:image:type\" content=\"image\/png\" \/>\n<meta name=\"twitter:card\" content=\"summary_large_image\" \/>\n<meta name=\"twitter:label1\" content=\"Tiempo de lectura\" \/>\n\t<meta name=\"twitter:data1\" content=\"2 minutos\" \/>\n<script type=\"application\/ld+json\" class=\"yoast-schema-graph\">{\"@context\":\"https:\\\/\\\/schema.org\",\"@graph\":[{\"@type\":\"WebPage\",\"@id\":\"https:\\\/\\\/tienda.fullermachinery.com\\\/index.php\\\/producto\\\/exprimidor-naranjas-industrial-mesa-acrilico-transparente\\\/\",\"url\":\"https:\\\/\\\/tienda.fullermachinery.com\\\/index.php\\\/producto\\\/exprimidor-naranjas-industrial-mesa-acrilico-transparente\\\/\",\"name\":\"Exprimidor de Naranjas Industrial | Mesa Acr\u00edlico Transparente | 300W | Charlotte - Fuller Machinery\",\"isPartOf\":{\"@id\":\"https:\\\/\\\/tienda.fullermachinery.com\\\/#website\"},\"primaryImageOfPage\":{\"@id\":\"https:\\\/\\\/tienda.fullermachinery.com\\\/index.php\\\/producto\\\/exprimidor-naranjas-industrial-mesa-acrilico-transparente\\\/#primaryimage\"},\"image\":{\"@id\":\"https:\\\/\\\/tienda.fullermachinery.com\\\/index.php\\\/producto\\\/exprimidor-naranjas-industrial-mesa-acrilico-transparente\\\/#primaryimage\"},\"thumbnailUrl\":\"https:\\\/\\\/tienda.fullermachinery.com\\\/wp-content\\\/uploads\\\/2024\\\/07\\\/Exprimidor-de-Naranjas-Charlotte-Cuerpo-Plastico-1.png\",\"datePublished\":\"2024-07-19T03:22:44+00:00\",\"dateModified\":\"2025-07-10T15:04:35+00:00\",\"description\":\"Exprimidor de Naranjas Industrial de Mesa con parte acr\u00edlica transparente: exprime 20-30 naranjas\\\/min, motor 300W, estructura robusta y segura. Perfecto para restaurantes, hoteles y tiendas de jugos.\",\"breadcrumb\":{\"@id\":\"https:\\\/\\\/tienda.fullermachinery.com\\\/index.php\\\/producto\\\/exprimidor-naranjas-industrial-mesa-acrilico-transparente\\\/#breadcrumb\"},\"inLanguage\":\"es\",\"potentialAction\":[{\"@type\":\"ReadAction\",\"target\":[\"https:\\\/\\\/tienda.fullermachinery.com\\\/index.php\\\/producto\\\/exprimidor-naranjas-industrial-mesa-acrilico-transparente\\\/\"]}]},{\"@type\":\"ImageObject\",\"inLanguage\":\"es\",\"@id\":\"https:\\\/\\\/tienda.fullermachinery.com\\\/index.php\\\/producto\\\/exprimidor-naranjas-industrial-mesa-acrilico-transparente\\\/#primaryimage\",\"url\":\"https:\\\/\\\/tienda.fullermachinery.com\\\/wp-content\\\/uploads\\\/2024\\\/07\\\/Exprimidor-de-Naranjas-Charlotte-Cuerpo-Plastico-1.png\",\"contentUrl\":\"https:\\\/\\\/tienda.fullermachinery.com\\\/wp-content\\\/uploads\\\/2024\\\/07\\\/Exprimidor-de-Naranjas-Charlotte-Cuerpo-Plastico-1.png\",\"width\":2000,\"height\":2000,\"caption\":\"El exprimidor de naranjas industrial de mesa con parte acr\u00edlica transparente es una obra maestra de dise\u00f1o que combina funcionalidad y estilo para ofrecer una experiencia \u00fanica de exprimido de naranjas. Su dise\u00f1o elegante y pr\u00e1ctico lo convierte en una pieza destacada en cualquier establecimiento de alimentos y bebidas.\"},{\"@type\":\"BreadcrumbList\",\"@id\":\"https:\\\/\\\/tienda.fullermachinery.com\\\/index.php\\\/producto\\\/exprimidor-naranjas-industrial-mesa-acrilico-transparente\\\/#breadcrumb\",\"itemListElement\":[{\"@type\":\"ListItem\",\"position\":1,\"name\":\"Portada\",\"item\":\"https:\\\/\\\/tienda.fullermachinery.com\\\/\"},{\"@type\":\"ListItem\",\"position\":2,\"name\":\"Productos\",\"item\":\"https:\\\/\\\/tienda.fullermachinery.com\\\/index.php\\\/shop\\\/\"},{\"@type\":\"ListItem\",\"position\":3,\"name\":\"Exprimidor de Naranjas Industrial | Mesa Acr\u00edlico Transparente | 300W | Charlotte\"}]},{\"@type\":\"WebSite\",\"@id\":\"https:\\\/\\\/tienda.fullermachinery.com\\\/#website\",\"url\":\"https:\\\/\\\/tienda.fullermachinery.com\\\/\",\"name\":\"Fuller Machinery\",\"description\":\"Importaci\u00f3n y comercializaci\u00f3n de m\u00e1quinas industriales para el sector de alimentos\",\"publisher\":{\"@id\":\"https:\\\/\\\/tienda.fullermachinery.com\\\/#organization\"},\"potentialAction\":[{\"@type\":\"SearchAction\",\"target\":{\"@type\":\"EntryPoint\",\"urlTemplate\":\"https:\\\/\\\/tienda.fullermachinery.com\\\/?s={search_term_string}\"},\"query-input\":{\"@type\":\"PropertyValueSpecification\",\"valueRequired\":true,\"valueName\":\"search_term_string\"}}],\"inLanguage\":\"es\"},{\"@type\":\"Organization\",\"@id\":\"https:\\\/\\\/tienda.fullermachinery.com\\\/#organization\",\"name\":\"Fuller Machinery\",\"url\":\"https:\\\/\\\/tienda.fullermachinery.com\\\/\",\"logo\":{\"@type\":\"ImageObject\",\"inLanguage\":\"es\",\"@id\":\"https:\\\/\\\/tienda.fullermachinery.com\\\/#\\\/schema\\\/logo\\\/image\\\/\",\"url\":\"https:\\\/\\\/tienda.fullermachinery.com\\\/wp-content\\\/uploads\\\/2023\\\/08\\\/logo-fuller-transparente.png\",\"contentUrl\":\"https:\\\/\\\/tienda.fullermachinery.com\\\/wp-content\\\/uploads\\\/2023\\\/08\\\/logo-fuller-transparente.png\",\"width\":2208,\"height\":644,\"caption\":\"Fuller Machinery\"},\"image\":{\"@id\":\"https:\\\/\\\/tienda.fullermachinery.com\\\/#\\\/schema\\\/logo\\\/image\\\/\"}}]}<\/script>\n<!-- \/ Yoast SEO plugin. -->","yoast_head_json":{"title":"Exprimidor de Naranjas Industrial | Mesa Acr\u00edlico Transparente | 300W | Charlotte - Fuller Machinery","description":"Exprimidor de Naranjas Industrial de Mesa con parte acr\u00edlica transparente: exprime 20-30 naranjas\/min, motor 300W, estructura robusta y segura. Perfecto para restaurantes, hoteles y tiendas de jugos.","robots":{"index":"index","follow":"follow","max-snippet":"max-snippet:-1","max-image-preview":"max-image-preview:large","max-video-preview":"max-video-preview:-1"},"canonical":"https:\/\/tienda.fullermachinery.com\/index.php\/producto\/exprimidor-naranjas-industrial-mesa-acrilico-transparente\/","og_locale":"es_ES","og_type":"article","og_title":"Exprimidor de Naranjas Industrial | Mesa Acr\u00edlico Transparente | 300W | Charlotte - Fuller Machinery","og_description":"Exprimidor de Naranjas Industrial de Mesa con parte acr\u00edlica transparente: exprime 20-30 naranjas\/min, motor 300W, estructura robusta y segura. Perfecto para restaurantes, hoteles y tiendas de jugos.","og_url":"https:\/\/tienda.fullermachinery.com\/index.php\/producto\/exprimidor-naranjas-industrial-mesa-acrilico-transparente\/","og_site_name":"Fuller Machinery","article_modified_time":"2025-07-10T15:04:35+00:00","og_image":[{"width":2000,"height":2000,"url":"https:\/\/tienda.fullermachinery.com\/wp-content\/uploads\/2024\/07\/Exprimidor-de-Naranjas-Charlotte-Cuerpo-Plastico-1.png","type":"image\/png"}],"twitter_card":"summary_large_image","twitter_misc":{"Tiempo de lectura":"2 minutos"},"schema":{"@context":"https:\/\/schema.org","@graph":[{"@type":"WebPage","@id":"https:\/\/tienda.fullermachinery.com\/index.php\/producto\/exprimidor-naranjas-industrial-mesa-acrilico-transparente\/","url":"https:\/\/tienda.fullermachinery.com\/index.php\/producto\/exprimidor-naranjas-industrial-mesa-acrilico-transparente\/","name":"Exprimidor de Naranjas Industrial | Mesa Acr\u00edlico Transparente | 300W | Charlotte - Fuller Machinery","isPartOf":{"@id":"https:\/\/tienda.fullermachinery.com\/#website"},"primaryImageOfPage":{"@id":"https:\/\/tienda.fullermachinery.com\/index.php\/producto\/exprimidor-naranjas-industrial-mesa-acrilico-transparente\/#primaryimage"},"image":{"@id":"https:\/\/tienda.fullermachinery.com\/index.php\/producto\/exprimidor-naranjas-industrial-mesa-acrilico-transparente\/#primaryimage"},"thumbnailUrl":"https:\/\/tienda.fullermachinery.com\/wp-content\/uploads\/2024\/07\/Exprimidor-de-Naranjas-Charlotte-Cuerpo-Plastico-1.png","datePublished":"2024-07-19T03:22:44+00:00","dateModified":"2025-07-10T15:04:35+00:00","description":"Exprimidor de Naranjas Industrial de Mesa con parte acr\u00edlica transparente: exprime 20-30 naranjas\/min, motor 300W, estructura robusta y segura. Perfecto para restaurantes, hoteles y tiendas de jugos.","breadcrumb":{"@id":"https:\/\/tienda.fullermachinery.com\/index.php\/producto\/exprimidor-naranjas-industrial-mesa-acrilico-transparente\/#breadcrumb"},"inLanguage":"es","potentialAction":[{"@type":"ReadAction","target":["https:\/\/tienda.fullermachinery.com\/index.php\/producto\/exprimidor-naranjas-industrial-mesa-acrilico-transparente\/"]}]},{"@type":"ImageObject","inLanguage":"es","@id":"https:\/\/tienda.fullermachinery.com\/index.php\/producto\/exprimidor-naranjas-industrial-mesa-acrilico-transparente\/#primaryimage","url":"https:\/\/tienda.fullermachinery.com\/wp-content\/uploads\/2024\/07\/Exprimidor-de-Naranjas-Charlotte-Cuerpo-Plastico-1.png","contentUrl":"https:\/\/tienda.fullermachinery.com\/wp-content\/uploads\/2024\/07\/Exprimidor-de-Naranjas-Charlotte-Cuerpo-Plastico-1.png","width":2000,"height":2000,"caption":"El exprimidor de naranjas industrial de mesa con parte acr\u00edlica transparente es una obra maestra de dise\u00f1o que combina funcionalidad y estilo para ofrecer una experiencia \u00fanica de exprimido de naranjas. Su dise\u00f1o elegante y pr\u00e1ctico lo convierte en una pieza destacada en cualquier establecimiento de alimentos y bebidas."},{"@type":"BreadcrumbList","@id":"https:\/\/tienda.fullermachinery.com\/index.php\/producto\/exprimidor-naranjas-industrial-mesa-acrilico-transparente\/#breadcrumb","itemListElement":[{"@type":"ListItem","position":1,"name":"Portada","item":"https:\/\/tienda.fullermachinery.com\/"},{"@type":"ListItem","position":2,"name":"Productos","item":"https:\/\/tienda.fullermachinery.com\/index.php\/shop\/"},{"@type":"ListItem","position":3,"name":"Exprimidor de Naranjas Industrial | Mesa Acr\u00edlico Transparente | 300W | Charlotte"}]},{"@type":"WebSite","@id":"https:\/\/tienda.fullermachinery.com\/#website","url":"https:\/\/tienda.fullermachinery.com\/","name":"Fuller Machinery","description":"Importaci\u00f3n y comercializaci\u00f3n de m\u00e1quinas industriales para el sector de alimentos","publisher":{"@id":"https:\/\/tienda.fullermachinery.com\/#organization"},"potentialAction":[{"@type":"SearchAction","target":{"@type":"EntryPoint","urlTemplate":"https:\/\/tienda.fullermachinery.com\/?s={search_term_string}"},"query-input":{"@type":"PropertyValueSpecification","valueRequired":true,"valueName":"search_term_string"}}],"inLanguage":"es"},{"@type":"Organization","@id":"https:\/\/tienda.fullermachinery.com\/#organization","name":"Fuller Machinery","url":"https:\/\/tienda.fullermachinery.com\/","logo":{"@type":"ImageObject","inLanguage":"es","@id":"https:\/\/tienda.fullermachinery.com\/#\/schema\/logo\/image\/","url":"https:\/\/tienda.fullermachinery.com\/wp-content\/uploads\/2023\/08\/logo-fuller-transparente.png","contentUrl":"https:\/\/tienda.fullermachinery.com\/wp-content\/uploads\/2023\/08\/logo-fuller-transparente.png","width":2208,"height":644,"caption":"Fuller Machinery"},"image":{"@id":"https:\/\/tienda.fullermachinery.com\/#\/schema\/logo\/image\/"}}]}},"jetpack_sharing_enabled":true,"_links":{"self":[{"href":"https:\/\/tienda.fullermachinery.com\/index.php\/wp-json\/wp\/v2\/product\/17092","targetHints":{"allow":["GET"]}}],"collection":[{"href":"https:\/\/tienda.fullermachinery.com\/index.php\/wp-json\/wp\/v2\/product"}],"about":[{"href":"https:\/\/tienda.fullermachinery.com\/index.php\/wp-json\/wp\/v2\/types\/product"}],"replies":[{"embeddable":true,"href":"https:\/\/tienda.fullermachinery.com\/index.php\/wp-json\/wp\/v2\/comments?post=17092"}],"version-history":[{"count":6,"href":"https:\/\/tienda.fullermachinery.com\/index.php\/wp-json\/wp\/v2\/product\/17092\/revisions"}],"predecessor-version":[{"id":18563,"href":"https:\/\/tienda.fullermachinery.com\/index.php\/wp-json\/wp\/v2\/product\/17092\/revisions\/18563"}],"wp:featuredmedia":[{"embeddable":true,"href":"https:\/\/tienda.fullermachinery.com\/index.php\/wp-json\/wp\/v2\/media\/17093"}],"wp:attachment":[{"href":"https:\/\/tienda.fullermachinery.com\/index.php\/wp-json\/wp\/v2\/media?parent=17092"}],"wp:term":[{"taxonomy":"product_brand","embeddable":true,"href":"https:\/\/tienda.fullermachinery.com\/index.php\/wp-json\/wp\/v2\/product_brand?post=17092"},{"taxonomy":"product_cat","embeddable":true,"href":"https:\/\/tienda.fullermachinery.com\/index.php\/wp-json\/wp\/v2\/product_cat?post=17092"},{"taxonomy":"product_tag","embeddable":true,"href":"https:\/\/tienda.fullermachinery.com\/index.php\/wp-json\/wp\/v2\/product_tag?post=17092"}],"curies":[{"name":"wp","href":"https:\/\/api.w.org\/{rel}","templated":true}]}}