{"id":17080,"date":"2024-07-18T21:36:56","date_gmt":"2024-07-19T02:36:56","guid":{"rendered":"https:\/\/tienda.fullermachinery.com\/?post_type=product&#038;p=17080"},"modified":"2025-07-10T10:08:32","modified_gmt":"2025-07-10T15:08:32","slug":"exprimidor-naranjas-semi-automatico-carcasa-plastica","status":"publish","type":"product","link":"https:\/\/tienda.fullermachinery.com\/index.php\/producto\/exprimidor-naranjas-semi-automatico-carcasa-plastica\/","title":{"rendered":"Exprimidor de Naranjas Mini Duty | Carcasa Pl\u00e1stica | Semi Autom\u00e1tico | Comercial"},"content":{"rendered":"\t\t<div data-elementor-type=\"wp-post\" data-elementor-id=\"17080\" class=\"elementor elementor-17080\">\n\t\t\t\t\t\t<section class=\"wd-negative-gap elementor-section elementor-top-section elementor-element elementor-element-5dc3468 elementor-section-boxed elementor-section-height-default elementor-section-height-default wd-section-disabled\" data-id=\"5dc3468\" data-element_type=\"section\" data-e-type=\"section\">\n\t\t\t\t\t\t<div class=\"elementor-container elementor-column-gap-default\">\n\t\t\t\t\t<div class=\"elementor-column elementor-col-100 elementor-top-column elementor-element elementor-element-78cb839\" data-id=\"78cb839\" data-element_type=\"column\" data-e-type=\"column\">\n\t\t\t<div class=\"elementor-widget-wrap elementor-element-populated\">\n\t\t\t\t\t\t<div class=\"elementor-element elementor-element-94e4c80 elementor-widget elementor-widget-wd_text_block\" data-id=\"94e4c80\" data-element_type=\"widget\" data-e-type=\"widget\" data-widget_type=\"wd_text_block.default\">\n\t\t\t\t<div class=\"elementor-widget-container\">\n\t\t\t\t\t\t\t<div class=\"wd-text-block reset-last-child text-left\">\n\t\t\t\n\t\t\t<p data-start=\"674\" data-end=\"766\">\ud83c\udf4a <strong data-start=\"677\" data-end=\"766\">Exprimidor de Naranjas con Carcasa Pl\u00e1stica: jugo fresco, r\u00e1pido y sin complicaciones<\/strong><\/p><p data-start=\"768\" data-end=\"1124\">El <strong data-start=\"771\" data-end=\"832\">Exprimidor de Naranjas de Carcasa Pl\u00e1stica para Alimentos<\/strong> es la soluci\u00f3n ideal para negocios que buscan ofrecer jugo de naranja fresco de forma pr\u00e1ctica, higi\u00e9nica y eficiente. Su dise\u00f1o compacto y robusto, fabricado en pl\u00e1stico apto para alimentos, lo hace resistente a la corrosi\u00f3n y f\u00e1cil de limpiar, asegurando un servicio impecable en cada uso.<\/p><p data-start=\"1126\" data-end=\"1160\">\ud83d\udcd0 <strong data-start=\"1129\" data-end=\"1160\">Caracter\u00edsticas destacadas:<\/strong><\/p><ul data-start=\"1162\" data-end=\"1550\"><li data-start=\"1162\" data-end=\"1268\"><p data-start=\"1164\" data-end=\"1268\"><strong data-start=\"1164\" data-end=\"1205\">Carcasa pl\u00e1stica de alta resistencia:<\/strong> Cumple con normas de seguridad alimentaria, ligera y duradera.<\/p><\/li><li data-start=\"1269\" data-end=\"1395\"><p data-start=\"1271\" data-end=\"1395\"><strong data-start=\"1271\" data-end=\"1301\">Mecanismo semi autom\u00e1tico:<\/strong> El usuario solo corta y coloca la naranja; la m\u00e1quina exprime de forma r\u00e1pida y sin esfuerzo.<\/p><\/li><li data-start=\"1396\" data-end=\"1467\"><p data-start=\"1398\" data-end=\"1467\"><strong data-start=\"1398\" data-end=\"1422\">F\u00e1cil mantenimiento:<\/strong> Desmontable para limpieza sencilla y r\u00e1pida.<\/p><\/li><li data-start=\"1468\" data-end=\"1550\"><p data-start=\"1470\" data-end=\"1550\"><strong data-start=\"1470\" data-end=\"1492\">Dise\u00f1o ergon\u00f3mico:<\/strong> Pensado para un uso continuo en entornos de alta demanda.<\/p><\/li><\/ul><hr data-start=\"1552\" data-end=\"1555\" \/><h3 data-start=\"1557\" data-end=\"1579\">\ud83c\udfe2 <strong data-start=\"1564\" data-end=\"1579\">Ideal para:<\/strong><\/h3><ul data-start=\"1581\" data-end=\"1908\"><li data-start=\"1581\" data-end=\"1657\"><p data-start=\"1583\" data-end=\"1657\"><strong data-start=\"1583\" data-end=\"1606\">Cafeter\u00edas y Bares:<\/strong> Jugos frescos al instante para desayunos y brunch.<\/p><\/li><li data-start=\"1658\" data-end=\"1743\"><p data-start=\"1660\" data-end=\"1743\"><strong data-start=\"1660\" data-end=\"1693\">Restaurantes y Comida R\u00e1pida:<\/strong> Acompa\u00f1a los platos con jugo natural y saludable.<\/p><\/li><li data-start=\"1744\" data-end=\"1823\"><p data-start=\"1746\" data-end=\"1823\"><strong data-start=\"1746\" data-end=\"1779\">Hoteles y Centros de Eventos:<\/strong> Estaciones de jugos en buffets y reuniones.<\/p><\/li><li data-start=\"1824\" data-end=\"1908\"><p data-start=\"1826\" data-end=\"1908\"><strong data-start=\"1826\" data-end=\"1856\">Tiendas de Jugos y Frutas:<\/strong> Ofrece jugo reci\u00e9n exprimido como producto premium.<\/p><\/li><\/ul><hr data-start=\"1910\" data-end=\"1913\" \/><h2 data-start=\"1915\" data-end=\"1942\">\ud83c\udfaf <strong data-start=\"1921\" data-end=\"1942\">Beneficios clave:<\/strong><\/h2><p data-start=\"1944\" data-end=\"2242\">\u2714\ufe0f <strong data-start=\"1947\" data-end=\"1972\">Frescura garantizada:<\/strong> Jugo exprimido en el momento para cada cliente.<br data-start=\"2020\" data-end=\"2023\" \/>\u2714\ufe0f <strong data-start=\"2026\" data-end=\"2049\">Operaci\u00f3n pr\u00e1ctica:<\/strong> Semi autom\u00e1tica para ahorrar tiempo y esfuerzo.<br data-start=\"2097\" data-end=\"2100\" \/>\u2714\ufe0f <strong data-start=\"2103\" data-end=\"2123\">Material seguro:<\/strong> Pl\u00e1stico grado alimenticio f\u00e1cil de higienizar.<br data-start=\"2171\" data-end=\"2174\" \/>\u2714\ufe0f <strong data-start=\"2177\" data-end=\"2199\">Ahorro de espacio:<\/strong> Compacto, ideal para barras y mostradores.<\/p><hr data-start=\"2244\" data-end=\"2247\" \/><h2 data-start=\"2249\" data-end=\"2267\">\ud83d\udce6 <strong data-start=\"2255\" data-end=\"2267\">Incluye:<\/strong><\/h2><ul data-start=\"2269\" data-end=\"2354\"><li data-start=\"2269\" data-end=\"2321\"><p data-start=\"2271\" data-end=\"2321\">Exprimidor semi autom\u00e1tico con carcasa pl\u00e1stica.<\/p><\/li><li data-start=\"2322\" data-end=\"2354\"><p data-start=\"2324\" data-end=\"2354\">Manual de uso y mantenimiento.<\/p><\/li><\/ul>\n\t\t\t\t\t<\/div>\n\t\t\t\t\t\t<\/div>\n\t\t\t\t<\/div>\n\t\t\t\t\t<\/div>\n\t\t<\/div>\n\t\t\t\t\t<\/div>\n\t\t<\/section>\n\t\t\t\t<\/div>\n\t\t","protected":false},"excerpt":{"rendered":"<p data-start=\"2389\" data-end=\"2556\">Exprimidor de naranjas semi autom\u00e1tico con carcasa pl\u00e1stica apta para alimentos. F\u00e1cil de usar y limpiar, ideal para jugo fresco en cafeter\u00edas, restaurantes y hoteles.<\/p>\n","protected":false},"featured_media":17084,"comment_status":"open","ping_status":"closed","template":"","meta":[],"product_brand":[],"product_cat":[150,237],"product_tag":[260,223,261],"class_list":{"0":"post-17080","1":"product","2":"type-product","3":"status-publish","4":"has-post-thumbnail","6":"product_cat-preparacion-de-bebidas","7":"product_cat-exprimidoras-de-naranjas","8":"product_tag-bebidas","9":"product_tag-dispensador-de-bebidas","10":"product_tag-exprimidor-de-naranjas","12":"first","13":"instock","14":"featured","15":"shipping-taxable","16":"purchasable","17":"product-type-simple"},"yoast_head":"<!-- This site is optimized with the Yoast SEO plugin v27.4 - https:\/\/yoast.com\/product\/yoast-seo-wordpress\/ -->\n<title>Exprimidor de Naranjas Mini Duty | Carcasa Pl\u00e1stica | Semi Autom\u00e1tico | Comercial - Fuller Machinery<\/title>\n<meta name=\"description\" content=\"Exprimidor de naranjas semi autom\u00e1tico con carcasa pl\u00e1stica para alimentos. Compacto, eficiente y f\u00e1cil de limpiar. Perfecto para jugo fresco en cafeter\u00edas, bares y restaurantes.\" \/>\n<meta name=\"robots\" content=\"index, follow, max-snippet:-1, max-image-preview:large, max-video-preview:-1\" \/>\n<link rel=\"canonical\" href=\"https:\/\/tienda.fullermachinery.com\/index.php\/producto\/exprimidor-naranjas-semi-automatico-carcasa-plastica\/\" \/>\n<meta property=\"og:locale\" content=\"es_ES\" \/>\n<meta property=\"og:type\" content=\"article\" \/>\n<meta property=\"og:title\" content=\"Exprimidor de Naranjas Mini Duty | Carcasa Pl\u00e1stica | Semi Autom\u00e1tico | Comercial - Fuller Machinery\" \/>\n<meta property=\"og:description\" content=\"Exprimidor de naranjas semi autom\u00e1tico con carcasa pl\u00e1stica para alimentos. Compacto, eficiente y f\u00e1cil de limpiar. Perfecto para jugo fresco en cafeter\u00edas, bares y restaurantes.\" \/>\n<meta property=\"og:url\" content=\"https:\/\/tienda.fullermachinery.com\/index.php\/producto\/exprimidor-naranjas-semi-automatico-carcasa-plastica\/\" \/>\n<meta property=\"og:site_name\" content=\"Fuller Machinery\" \/>\n<meta property=\"article:modified_time\" content=\"2025-07-10T15:08:32+00:00\" \/>\n<meta property=\"og:image\" content=\"https:\/\/tienda.fullermachinery.com\/wp-content\/uploads\/2024\/07\/Exprimidor-de-naranjas-Mini-Duty-1.png\" \/>\n\t<meta property=\"og:image:width\" content=\"2000\" \/>\n\t<meta property=\"og:image:height\" content=\"2000\" \/>\n\t<meta property=\"og:image:type\" content=\"image\/png\" \/>\n<meta name=\"twitter:card\" content=\"summary_large_image\" \/>\n<meta name=\"twitter:label1\" content=\"Tiempo de lectura\" \/>\n\t<meta name=\"twitter:data1\" content=\"2 minutos\" \/>\n<script type=\"application\/ld+json\" class=\"yoast-schema-graph\">{\"@context\":\"https:\\\/\\\/schema.org\",\"@graph\":[{\"@type\":\"WebPage\",\"@id\":\"https:\\\/\\\/tienda.fullermachinery.com\\\/index.php\\\/producto\\\/exprimidor-naranjas-semi-automatico-carcasa-plastica\\\/\",\"url\":\"https:\\\/\\\/tienda.fullermachinery.com\\\/index.php\\\/producto\\\/exprimidor-naranjas-semi-automatico-carcasa-plastica\\\/\",\"name\":\"Exprimidor de Naranjas Mini Duty | Carcasa Pl\u00e1stica | Semi Autom\u00e1tico | Comercial - Fuller Machinery\",\"isPartOf\":{\"@id\":\"https:\\\/\\\/tienda.fullermachinery.com\\\/#website\"},\"primaryImageOfPage\":{\"@id\":\"https:\\\/\\\/tienda.fullermachinery.com\\\/index.php\\\/producto\\\/exprimidor-naranjas-semi-automatico-carcasa-plastica\\\/#primaryimage\"},\"image\":{\"@id\":\"https:\\\/\\\/tienda.fullermachinery.com\\\/index.php\\\/producto\\\/exprimidor-naranjas-semi-automatico-carcasa-plastica\\\/#primaryimage\"},\"thumbnailUrl\":\"https:\\\/\\\/tienda.fullermachinery.com\\\/wp-content\\\/uploads\\\/2024\\\/07\\\/Exprimidor-de-naranjas-Mini-Duty-1.png\",\"datePublished\":\"2024-07-19T02:36:56+00:00\",\"dateModified\":\"2025-07-10T15:08:32+00:00\",\"description\":\"Exprimidor de naranjas semi autom\u00e1tico con carcasa pl\u00e1stica para alimentos. Compacto, eficiente y f\u00e1cil de limpiar. Perfecto para jugo fresco en cafeter\u00edas, bares y restaurantes.\",\"breadcrumb\":{\"@id\":\"https:\\\/\\\/tienda.fullermachinery.com\\\/index.php\\\/producto\\\/exprimidor-naranjas-semi-automatico-carcasa-plastica\\\/#breadcrumb\"},\"inLanguage\":\"es\",\"potentialAction\":[{\"@type\":\"ReadAction\",\"target\":[\"https:\\\/\\\/tienda.fullermachinery.com\\\/index.php\\\/producto\\\/exprimidor-naranjas-semi-automatico-carcasa-plastica\\\/\"]}]},{\"@type\":\"ImageObject\",\"inLanguage\":\"es\",\"@id\":\"https:\\\/\\\/tienda.fullermachinery.com\\\/index.php\\\/producto\\\/exprimidor-naranjas-semi-automatico-carcasa-plastica\\\/#primaryimage\",\"url\":\"https:\\\/\\\/tienda.fullermachinery.com\\\/wp-content\\\/uploads\\\/2024\\\/07\\\/Exprimidor-de-naranjas-Mini-Duty-1.png\",\"contentUrl\":\"https:\\\/\\\/tienda.fullermachinery.com\\\/wp-content\\\/uploads\\\/2024\\\/07\\\/Exprimidor-de-naranjas-Mini-Duty-1.png\",\"width\":2000,\"height\":2000},{\"@type\":\"BreadcrumbList\",\"@id\":\"https:\\\/\\\/tienda.fullermachinery.com\\\/index.php\\\/producto\\\/exprimidor-naranjas-semi-automatico-carcasa-plastica\\\/#breadcrumb\",\"itemListElement\":[{\"@type\":\"ListItem\",\"position\":1,\"name\":\"Portada\",\"item\":\"https:\\\/\\\/tienda.fullermachinery.com\\\/\"},{\"@type\":\"ListItem\",\"position\":2,\"name\":\"Productos\",\"item\":\"https:\\\/\\\/tienda.fullermachinery.com\\\/index.php\\\/shop\\\/\"},{\"@type\":\"ListItem\",\"position\":3,\"name\":\"Exprimidor de Naranjas Mini Duty | Carcasa Pl\u00e1stica | Semi Autom\u00e1tico | Comercial\"}]},{\"@type\":\"WebSite\",\"@id\":\"https:\\\/\\\/tienda.fullermachinery.com\\\/#website\",\"url\":\"https:\\\/\\\/tienda.fullermachinery.com\\\/\",\"name\":\"Fuller Machinery\",\"description\":\"Importaci\u00f3n y comercializaci\u00f3n de m\u00e1quinas industriales para el sector de alimentos\",\"publisher\":{\"@id\":\"https:\\\/\\\/tienda.fullermachinery.com\\\/#organization\"},\"potentialAction\":[{\"@type\":\"SearchAction\",\"target\":{\"@type\":\"EntryPoint\",\"urlTemplate\":\"https:\\\/\\\/tienda.fullermachinery.com\\\/?s={search_term_string}\"},\"query-input\":{\"@type\":\"PropertyValueSpecification\",\"valueRequired\":true,\"valueName\":\"search_term_string\"}}],\"inLanguage\":\"es\"},{\"@type\":\"Organization\",\"@id\":\"https:\\\/\\\/tienda.fullermachinery.com\\\/#organization\",\"name\":\"Fuller Machinery\",\"url\":\"https:\\\/\\\/tienda.fullermachinery.com\\\/\",\"logo\":{\"@type\":\"ImageObject\",\"inLanguage\":\"es\",\"@id\":\"https:\\\/\\\/tienda.fullermachinery.com\\\/#\\\/schema\\\/logo\\\/image\\\/\",\"url\":\"https:\\\/\\\/tienda.fullermachinery.com\\\/wp-content\\\/uploads\\\/2023\\\/08\\\/logo-fuller-transparente.png\",\"contentUrl\":\"https:\\\/\\\/tienda.fullermachinery.com\\\/wp-content\\\/uploads\\\/2023\\\/08\\\/logo-fuller-transparente.png\",\"width\":2208,\"height\":644,\"caption\":\"Fuller Machinery\"},\"image\":{\"@id\":\"https:\\\/\\\/tienda.fullermachinery.com\\\/#\\\/schema\\\/logo\\\/image\\\/\"}}]}<\/script>\n<!-- \/ Yoast SEO plugin. -->","yoast_head_json":{"title":"Exprimidor de Naranjas Mini Duty | Carcasa Pl\u00e1stica | Semi Autom\u00e1tico | Comercial - Fuller Machinery","description":"Exprimidor de naranjas semi autom\u00e1tico con carcasa pl\u00e1stica para alimentos. Compacto, eficiente y f\u00e1cil de limpiar. Perfecto para jugo fresco en cafeter\u00edas, bares y restaurantes.","robots":{"index":"index","follow":"follow","max-snippet":"max-snippet:-1","max-image-preview":"max-image-preview:large","max-video-preview":"max-video-preview:-1"},"canonical":"https:\/\/tienda.fullermachinery.com\/index.php\/producto\/exprimidor-naranjas-semi-automatico-carcasa-plastica\/","og_locale":"es_ES","og_type":"article","og_title":"Exprimidor de Naranjas Mini Duty | Carcasa Pl\u00e1stica | Semi Autom\u00e1tico | Comercial - Fuller Machinery","og_description":"Exprimidor de naranjas semi autom\u00e1tico con carcasa pl\u00e1stica para alimentos. Compacto, eficiente y f\u00e1cil de limpiar. Perfecto para jugo fresco en cafeter\u00edas, bares y restaurantes.","og_url":"https:\/\/tienda.fullermachinery.com\/index.php\/producto\/exprimidor-naranjas-semi-automatico-carcasa-plastica\/","og_site_name":"Fuller Machinery","article_modified_time":"2025-07-10T15:08:32+00:00","og_image":[{"width":2000,"height":2000,"url":"https:\/\/tienda.fullermachinery.com\/wp-content\/uploads\/2024\/07\/Exprimidor-de-naranjas-Mini-Duty-1.png","type":"image\/png"}],"twitter_card":"summary_large_image","twitter_misc":{"Tiempo de lectura":"2 minutos"},"schema":{"@context":"https:\/\/schema.org","@graph":[{"@type":"WebPage","@id":"https:\/\/tienda.fullermachinery.com\/index.php\/producto\/exprimidor-naranjas-semi-automatico-carcasa-plastica\/","url":"https:\/\/tienda.fullermachinery.com\/index.php\/producto\/exprimidor-naranjas-semi-automatico-carcasa-plastica\/","name":"Exprimidor de Naranjas Mini Duty | Carcasa Pl\u00e1stica | Semi Autom\u00e1tico | Comercial - Fuller Machinery","isPartOf":{"@id":"https:\/\/tienda.fullermachinery.com\/#website"},"primaryImageOfPage":{"@id":"https:\/\/tienda.fullermachinery.com\/index.php\/producto\/exprimidor-naranjas-semi-automatico-carcasa-plastica\/#primaryimage"},"image":{"@id":"https:\/\/tienda.fullermachinery.com\/index.php\/producto\/exprimidor-naranjas-semi-automatico-carcasa-plastica\/#primaryimage"},"thumbnailUrl":"https:\/\/tienda.fullermachinery.com\/wp-content\/uploads\/2024\/07\/Exprimidor-de-naranjas-Mini-Duty-1.png","datePublished":"2024-07-19T02:36:56+00:00","dateModified":"2025-07-10T15:08:32+00:00","description":"Exprimidor de naranjas semi autom\u00e1tico con carcasa pl\u00e1stica para alimentos. Compacto, eficiente y f\u00e1cil de limpiar. Perfecto para jugo fresco en cafeter\u00edas, bares y restaurantes.","breadcrumb":{"@id":"https:\/\/tienda.fullermachinery.com\/index.php\/producto\/exprimidor-naranjas-semi-automatico-carcasa-plastica\/#breadcrumb"},"inLanguage":"es","potentialAction":[{"@type":"ReadAction","target":["https:\/\/tienda.fullermachinery.com\/index.php\/producto\/exprimidor-naranjas-semi-automatico-carcasa-plastica\/"]}]},{"@type":"ImageObject","inLanguage":"es","@id":"https:\/\/tienda.fullermachinery.com\/index.php\/producto\/exprimidor-naranjas-semi-automatico-carcasa-plastica\/#primaryimage","url":"https:\/\/tienda.fullermachinery.com\/wp-content\/uploads\/2024\/07\/Exprimidor-de-naranjas-Mini-Duty-1.png","contentUrl":"https:\/\/tienda.fullermachinery.com\/wp-content\/uploads\/2024\/07\/Exprimidor-de-naranjas-Mini-Duty-1.png","width":2000,"height":2000},{"@type":"BreadcrumbList","@id":"https:\/\/tienda.fullermachinery.com\/index.php\/producto\/exprimidor-naranjas-semi-automatico-carcasa-plastica\/#breadcrumb","itemListElement":[{"@type":"ListItem","position":1,"name":"Portada","item":"https:\/\/tienda.fullermachinery.com\/"},{"@type":"ListItem","position":2,"name":"Productos","item":"https:\/\/tienda.fullermachinery.com\/index.php\/shop\/"},{"@type":"ListItem","position":3,"name":"Exprimidor de Naranjas Mini Duty | Carcasa Pl\u00e1stica | Semi Autom\u00e1tico | Comercial"}]},{"@type":"WebSite","@id":"https:\/\/tienda.fullermachinery.com\/#website","url":"https:\/\/tienda.fullermachinery.com\/","name":"Fuller Machinery","description":"Importaci\u00f3n y comercializaci\u00f3n de m\u00e1quinas industriales para el sector de alimentos","publisher":{"@id":"https:\/\/tienda.fullermachinery.com\/#organization"},"potentialAction":[{"@type":"SearchAction","target":{"@type":"EntryPoint","urlTemplate":"https:\/\/tienda.fullermachinery.com\/?s={search_term_string}"},"query-input":{"@type":"PropertyValueSpecification","valueRequired":true,"valueName":"search_term_string"}}],"inLanguage":"es"},{"@type":"Organization","@id":"https:\/\/tienda.fullermachinery.com\/#organization","name":"Fuller Machinery","url":"https:\/\/tienda.fullermachinery.com\/","logo":{"@type":"ImageObject","inLanguage":"es","@id":"https:\/\/tienda.fullermachinery.com\/#\/schema\/logo\/image\/","url":"https:\/\/tienda.fullermachinery.com\/wp-content\/uploads\/2023\/08\/logo-fuller-transparente.png","contentUrl":"https:\/\/tienda.fullermachinery.com\/wp-content\/uploads\/2023\/08\/logo-fuller-transparente.png","width":2208,"height":644,"caption":"Fuller Machinery"},"image":{"@id":"https:\/\/tienda.fullermachinery.com\/#\/schema\/logo\/image\/"}}]}},"jetpack_sharing_enabled":true,"_links":{"self":[{"href":"https:\/\/tienda.fullermachinery.com\/index.php\/wp-json\/wp\/v2\/product\/17080","targetHints":{"allow":["GET"]}}],"collection":[{"href":"https:\/\/tienda.fullermachinery.com\/index.php\/wp-json\/wp\/v2\/product"}],"about":[{"href":"https:\/\/tienda.fullermachinery.com\/index.php\/wp-json\/wp\/v2\/types\/product"}],"replies":[{"embeddable":true,"href":"https:\/\/tienda.fullermachinery.com\/index.php\/wp-json\/wp\/v2\/comments?post=17080"}],"version-history":[{"count":6,"href":"https:\/\/tienda.fullermachinery.com\/index.php\/wp-json\/wp\/v2\/product\/17080\/revisions"}],"predecessor-version":[{"id":18564,"href":"https:\/\/tienda.fullermachinery.com\/index.php\/wp-json\/wp\/v2\/product\/17080\/revisions\/18564"}],"wp:featuredmedia":[{"embeddable":true,"href":"https:\/\/tienda.fullermachinery.com\/index.php\/wp-json\/wp\/v2\/media\/17084"}],"wp:attachment":[{"href":"https:\/\/tienda.fullermachinery.com\/index.php\/wp-json\/wp\/v2\/media?parent=17080"}],"wp:term":[{"taxonomy":"product_brand","embeddable":true,"href":"https:\/\/tienda.fullermachinery.com\/index.php\/wp-json\/wp\/v2\/product_brand?post=17080"},{"taxonomy":"product_cat","embeddable":true,"href":"https:\/\/tienda.fullermachinery.com\/index.php\/wp-json\/wp\/v2\/product_cat?post=17080"},{"taxonomy":"product_tag","embeddable":true,"href":"https:\/\/tienda.fullermachinery.com\/index.php\/wp-json\/wp\/v2\/product_tag?post=17080"}],"curies":[{"name":"wp","href":"https:\/\/api.w.org\/{rel}","templated":true}]}}