{"id":17040,"date":"2024-07-18T20:19:41","date_gmt":"2024-07-19T01:19:41","guid":{"rendered":"https:\/\/tienda.fullermachinery.com\/?post_type=product&#038;p=17040"},"modified":"2025-06-17T14:23:15","modified_gmt":"2025-06-17T19:23:15","slug":"bascula-bebes-20kg-peso-digital","status":"publish","type":"product","link":"https:\/\/tienda.fullermachinery.com\/index.php\/producto\/bascula-bebes-20kg-peso-digital\/","title":{"rendered":"B\u00e1scula para Beb\u00e9s | Capacidad 20 kg | Precisi\u00f3n 10g"},"content":{"rendered":"\t\t<div data-elementor-type=\"wp-post\" data-elementor-id=\"17040\" class=\"elementor elementor-17040\">\n\t\t\t\t\t\t<section class=\"elementor-section elementor-top-section elementor-element elementor-element-4adffc0 elementor-section-boxed elementor-section-height-default elementor-section-height-default wd-section-disabled\" data-id=\"4adffc0\" data-element_type=\"section\" data-e-type=\"section\">\n\t\t\t\t\t\t<div class=\"elementor-container elementor-column-gap-default\">\n\t\t\t\t\t<div class=\"elementor-column elementor-col-100 elementor-top-column elementor-element elementor-element-e06d834\" data-id=\"e06d834\" data-element_type=\"column\" data-e-type=\"column\">\n\t\t\t<div class=\"elementor-widget-wrap elementor-element-populated\">\n\t\t\t\t\t\t<div class=\"elementor-element elementor-element-88e03fe elementor-widget elementor-widget-wd_text_block\" data-id=\"88e03fe\" data-element_type=\"widget\" data-e-type=\"widget\" data-widget_type=\"wd_text_block.default\">\n\t\t\t\t<div class=\"elementor-widget-container\">\n\t\t\t\t\t\t\t<div class=\"wd-text-block reset-last-child text-left\">\n\t\t\t\n\t\t\t<p data-start=\"592\" data-end=\"693\"><strong data-start=\"592\" data-end=\"693\">\ud83d\udc76 B\u00e1scula para Beb\u00e9s de 20 kg \u2014 Monitorea el Crecimiento de tu Peque\u00f1o con Precisi\u00f3n y Seguridad<\/strong><\/p><p data-start=\"695\" data-end=\"901\">La <strong data-start=\"698\" data-end=\"729\">B\u00e1scula para Beb\u00e9s de 20 kg<\/strong> es la aliada perfecta para padres, cuidadores y profesionales de la salud que necesitan controlar el desarrollo de los m\u00e1s peque\u00f1os de la casa con exactitud y confianza.<\/p><h3 data-start=\"903\" data-end=\"937\">\u2705 <strong data-start=\"909\" data-end=\"937\">Caracter\u00edsticas T\u00e9cnicas<\/strong><\/h3><ul data-start=\"939\" data-end=\"1353\"><li data-start=\"939\" data-end=\"1005\"><p data-start=\"941\" data-end=\"1005\"><strong data-start=\"941\" data-end=\"957\">Dimensiones:<\/strong> 55 cm (ancho) x 27 cm (largo) x 3.5 cm (alto)<\/p><\/li><li data-start=\"1006\" data-end=\"1064\"><p data-start=\"1008\" data-end=\"1064\"><strong data-start=\"1008\" data-end=\"1028\">Peso del equipo:<\/strong> 1 kg \u2014 f\u00e1cil de mover y almacenar<\/p><\/li><li data-start=\"1065\" data-end=\"1125\"><p data-start=\"1067\" data-end=\"1125\"><strong data-start=\"1067\" data-end=\"1088\">Capacidad m\u00e1xima:<\/strong> 20 kg | <strong data-start=\"1097\" data-end=\"1118\">Capacidad m\u00ednima:<\/strong> 60 g<\/p><\/li><li data-start=\"1126\" data-end=\"1192\"><p data-start=\"1128\" data-end=\"1192\"><strong data-start=\"1128\" data-end=\"1143\">Graduaci\u00f3n:<\/strong> 10 g \u2014 m\u00e1xima precisi\u00f3n para cada gramo ganado<\/p><\/li><li data-start=\"1193\" data-end=\"1246\"><p data-start=\"1195\" data-end=\"1246\"><strong data-start=\"1195\" data-end=\"1208\">Material:<\/strong> Pl\u00e1stico resistente de alta calidad<\/p><\/li><li data-start=\"1247\" data-end=\"1304\"><p data-start=\"1249\" data-end=\"1304\"><strong data-start=\"1249\" data-end=\"1262\">Unidades:<\/strong> Selecci\u00f3n de lb\/kg para mayor comodidad<\/p><\/li><li data-start=\"1305\" data-end=\"1353\"><p data-start=\"1307\" data-end=\"1353\"><strong data-start=\"1307\" data-end=\"1324\">Alimentaci\u00f3n:<\/strong> 4 bater\u00edas AA (no incluidas)<\/p><\/li><\/ul><hr data-start=\"1355\" data-end=\"1358\" \/><h3 data-start=\"1360\" data-end=\"1395\">\u2728 <strong data-start=\"1366\" data-end=\"1395\">Funcionalidades Avanzadas<\/strong><\/h3><p data-start=\"1397\" data-end=\"1772\">\u2714 <strong data-start=\"1399\" data-end=\"1414\">Tecla TARE:<\/strong> Descuenta el peso del pa\u00f1al u otros elementos para obtener el peso neto real.<br data-start=\"1492\" data-end=\"1495\" \/>\u2714 <strong data-start=\"1497\" data-end=\"1526\">Pantalla Clara y Legible:<\/strong> Lecturas visibles al instante.<br data-start=\"1557\" data-end=\"1560\" \/>\u2714 <strong data-start=\"1562\" data-end=\"1592\">Indicador de Bater\u00eda Baja:<\/strong> Notificaci\u00f3n \u201cLOW POWER\u201d para cambiar las bater\u00edas a tiempo.<br data-start=\"1653\" data-end=\"1656\" \/>\u2714 <strong data-start=\"1658\" data-end=\"1682\">Port\u00e1til y Compacta:<\/strong> Ligera y delgada para guardar en cualquier rinc\u00f3n del hogar o trasladar al consultorio.<\/p><hr data-start=\"1774\" data-end=\"1777\" \/><h3 data-start=\"1779\" data-end=\"1809\">\ud83c\udfaf <strong data-start=\"1786\" data-end=\"1809\">Aplicaciones y Usos<\/strong><\/h3><ul data-start=\"1811\" data-end=\"2108\"><li data-start=\"1811\" data-end=\"1882\"><p data-start=\"1813\" data-end=\"1882\"><strong data-start=\"1813\" data-end=\"1823\">Hogar:<\/strong> Controla c\u00f3modamente el peso de tu beb\u00e9 semana a semana.<\/p><\/li><li data-start=\"1883\" data-end=\"1982\"><p data-start=\"1885\" data-end=\"1982\"><strong data-start=\"1885\" data-end=\"1921\">Consultorios M\u00e9dicos y Cl\u00ednicas:<\/strong> Ideal para pediatras y enfermeras en revisiones de rutina.<\/p><\/li><li data-start=\"1983\" data-end=\"2108\"><p data-start=\"1985\" data-end=\"2108\"><strong data-start=\"1985\" data-end=\"2030\">Guarder\u00edas y Centros de Cuidado Infantil:<\/strong> Una herramienta confiable para asegurar la salud y nutrici\u00f3n de los peque\u00f1os.<\/p><\/li><\/ul><hr data-start=\"2110\" data-end=\"2113\" \/><h2 data-start=\"2115\" data-end=\"2141\">\ud83c\udfc6 <strong data-start=\"2121\" data-end=\"2141\">Beneficios Clave<\/strong><\/h2><p data-start=\"2143\" data-end=\"2343\">\u2714 Monitorea el crecimiento con exactitud.<br data-start=\"2184\" data-end=\"2187\" \/>\u2714 Cambia f\u00e1cilmente de lb a kg seg\u00fan preferencia.<br data-start=\"2236\" data-end=\"2239\" \/>\u2714 Dise\u00f1o seguro, resistente y amigable para beb\u00e9s.<br data-start=\"2289\" data-end=\"2292\" \/>\u2714 Compacta y port\u00e1til para usar donde la necesites.<\/p>\n\t\t\t\t\t<\/div>\n\t\t\t\t\t\t<\/div>\n\t\t\t\t<\/div>\n\t\t\t\t\t<\/div>\n\t\t<\/div>\n\t\t\t\t\t<\/div>\n\t\t<\/section>\n\t\t\t\t<\/div>\n\t\t","protected":false},"excerpt":{"rendered":"<p>B\u00e1scula digital para beb\u00e9s de hasta 20 kg, graduaci\u00f3n de 10 g, funci\u00f3n TARE, indicador de bater\u00eda baja y unidades lb\/kg. Ideal para uso dom\u00e9stico y consultorios.<\/p>\n","protected":false},"featured_media":17041,"comment_status":"open","ping_status":"closed","template":"","meta":[],"product_brand":[],"product_cat":[189,255],"product_tag":[],"class_list":{"0":"post-17040","1":"product","2":"type-product","3":"status-publish","4":"has-post-thumbnail","6":"product_cat-linea-de-pesaje","7":"product_cat-basculas-para-bebes","9":"first","10":"instock","11":"featured","12":"shipping-taxable","13":"purchasable","14":"product-type-simple"},"yoast_head":"<!-- This site is optimized with the Yoast SEO plugin v27.3 - https:\/\/yoast.com\/product\/yoast-seo-wordpress\/ -->\n<title>B\u00e1scula para Beb\u00e9s | Capacidad 20 kg | Precisi\u00f3n 10g - Fuller Machinery<\/title>\n<meta name=\"description\" content=\"Monitorea el peso de tu beb\u00e9 con precisi\u00f3n. B\u00e1scula para beb\u00e9s 20 kg, funci\u00f3n TARE, graduaci\u00f3n de 10 g, cambio lb\/kg. Perfecta para casa o consultorio. \u00a1Compra ahora!\" \/>\n<meta name=\"robots\" content=\"index, follow, max-snippet:-1, max-image-preview:large, max-video-preview:-1\" \/>\n<link rel=\"canonical\" href=\"https:\/\/tienda.fullermachinery.com\/index.php\/producto\/bascula-bebes-20kg-peso-digital\/\" \/>\n<meta property=\"og:locale\" content=\"es_ES\" \/>\n<meta property=\"og:type\" content=\"article\" \/>\n<meta property=\"og:title\" content=\"B\u00e1scula para Beb\u00e9s | Capacidad 20 kg | Precisi\u00f3n 10g - Fuller Machinery\" \/>\n<meta property=\"og:description\" content=\"Monitorea el peso de tu beb\u00e9 con precisi\u00f3n. B\u00e1scula para beb\u00e9s 20 kg, funci\u00f3n TARE, graduaci\u00f3n de 10 g, cambio lb\/kg. Perfecta para casa o consultorio. \u00a1Compra ahora!\" \/>\n<meta property=\"og:url\" content=\"https:\/\/tienda.fullermachinery.com\/index.php\/producto\/bascula-bebes-20kg-peso-digital\/\" \/>\n<meta property=\"og:site_name\" content=\"Fuller Machinery\" \/>\n<meta property=\"article:modified_time\" content=\"2025-06-17T19:23:15+00:00\" \/>\n<meta property=\"og:image\" content=\"https:\/\/tienda.fullermachinery.com\/wp-content\/uploads\/2024\/07\/Bascula-para-bebe-ebst-20-1-1.png\" \/>\n\t<meta property=\"og:image:width\" content=\"2000\" \/>\n\t<meta property=\"og:image:height\" content=\"2000\" \/>\n\t<meta property=\"og:image:type\" content=\"image\/png\" \/>\n<meta name=\"twitter:card\" content=\"summary_large_image\" \/>\n<meta name=\"twitter:label1\" content=\"Tiempo de lectura\" \/>\n\t<meta name=\"twitter:data1\" content=\"2 minutos\" \/>\n<script type=\"application\/ld+json\" class=\"yoast-schema-graph\">{\"@context\":\"https:\\\/\\\/schema.org\",\"@graph\":[{\"@type\":\"WebPage\",\"@id\":\"https:\\\/\\\/tienda.fullermachinery.com\\\/index.php\\\/producto\\\/bascula-bebes-20kg-peso-digital\\\/\",\"url\":\"https:\\\/\\\/tienda.fullermachinery.com\\\/index.php\\\/producto\\\/bascula-bebes-20kg-peso-digital\\\/\",\"name\":\"B\u00e1scula para Beb\u00e9s | Capacidad 20 kg | Precisi\u00f3n 10g - Fuller Machinery\",\"isPartOf\":{\"@id\":\"https:\\\/\\\/tienda.fullermachinery.com\\\/#website\"},\"primaryImageOfPage\":{\"@id\":\"https:\\\/\\\/tienda.fullermachinery.com\\\/index.php\\\/producto\\\/bascula-bebes-20kg-peso-digital\\\/#primaryimage\"},\"image\":{\"@id\":\"https:\\\/\\\/tienda.fullermachinery.com\\\/index.php\\\/producto\\\/bascula-bebes-20kg-peso-digital\\\/#primaryimage\"},\"thumbnailUrl\":\"https:\\\/\\\/tienda.fullermachinery.com\\\/wp-content\\\/uploads\\\/2024\\\/07\\\/Bascula-para-bebe-ebst-20-1-1.png\",\"datePublished\":\"2024-07-19T01:19:41+00:00\",\"dateModified\":\"2025-06-17T19:23:15+00:00\",\"description\":\"Monitorea el peso de tu beb\u00e9 con precisi\u00f3n. B\u00e1scula para beb\u00e9s 20 kg, funci\u00f3n TARE, graduaci\u00f3n de 10 g, cambio lb\\\/kg. Perfecta para casa o consultorio. \u00a1Compra ahora!\",\"breadcrumb\":{\"@id\":\"https:\\\/\\\/tienda.fullermachinery.com\\\/index.php\\\/producto\\\/bascula-bebes-20kg-peso-digital\\\/#breadcrumb\"},\"inLanguage\":\"es\",\"potentialAction\":[{\"@type\":\"ReadAction\",\"target\":[\"https:\\\/\\\/tienda.fullermachinery.com\\\/index.php\\\/producto\\\/bascula-bebes-20kg-peso-digital\\\/\"]}]},{\"@type\":\"ImageObject\",\"inLanguage\":\"es\",\"@id\":\"https:\\\/\\\/tienda.fullermachinery.com\\\/index.php\\\/producto\\\/bascula-bebes-20kg-peso-digital\\\/#primaryimage\",\"url\":\"https:\\\/\\\/tienda.fullermachinery.com\\\/wp-content\\\/uploads\\\/2024\\\/07\\\/Bascula-para-bebe-ebst-20-1-1.png\",\"contentUrl\":\"https:\\\/\\\/tienda.fullermachinery.com\\\/wp-content\\\/uploads\\\/2024\\\/07\\\/Bascula-para-bebe-ebst-20-1-1.png\",\"width\":2000,\"height\":2000,\"caption\":\"La b\u00e1scula para beb\u00e9s de 20 kg es una herramienta esencial para padres y cuidadores que desean monitorear el crecimiento y desarrollo de sus peque\u00f1os con precisi\u00f3n y comodidad. Con un dise\u00f1o robusto y funcional, esta b\u00e1scula ofrece caracter\u00edsticas espec\u00edficas que la hacen ideal para su uso en el hogar.\"},{\"@type\":\"BreadcrumbList\",\"@id\":\"https:\\\/\\\/tienda.fullermachinery.com\\\/index.php\\\/producto\\\/bascula-bebes-20kg-peso-digital\\\/#breadcrumb\",\"itemListElement\":[{\"@type\":\"ListItem\",\"position\":1,\"name\":\"Portada\",\"item\":\"https:\\\/\\\/tienda.fullermachinery.com\\\/\"},{\"@type\":\"ListItem\",\"position\":2,\"name\":\"Productos\",\"item\":\"https:\\\/\\\/tienda.fullermachinery.com\\\/index.php\\\/shop\\\/\"},{\"@type\":\"ListItem\",\"position\":3,\"name\":\"B\u00e1scula para Beb\u00e9s | Capacidad 20 kg | Precisi\u00f3n 10g\"}]},{\"@type\":\"WebSite\",\"@id\":\"https:\\\/\\\/tienda.fullermachinery.com\\\/#website\",\"url\":\"https:\\\/\\\/tienda.fullermachinery.com\\\/\",\"name\":\"Fuller Machinery\",\"description\":\"Importaci\u00f3n y comercializaci\u00f3n de m\u00e1quinas industriales para el sector de alimentos\",\"publisher\":{\"@id\":\"https:\\\/\\\/tienda.fullermachinery.com\\\/#organization\"},\"potentialAction\":[{\"@type\":\"SearchAction\",\"target\":{\"@type\":\"EntryPoint\",\"urlTemplate\":\"https:\\\/\\\/tienda.fullermachinery.com\\\/?s={search_term_string}\"},\"query-input\":{\"@type\":\"PropertyValueSpecification\",\"valueRequired\":true,\"valueName\":\"search_term_string\"}}],\"inLanguage\":\"es\"},{\"@type\":\"Organization\",\"@id\":\"https:\\\/\\\/tienda.fullermachinery.com\\\/#organization\",\"name\":\"Fuller Machinery\",\"url\":\"https:\\\/\\\/tienda.fullermachinery.com\\\/\",\"logo\":{\"@type\":\"ImageObject\",\"inLanguage\":\"es\",\"@id\":\"https:\\\/\\\/tienda.fullermachinery.com\\\/#\\\/schema\\\/logo\\\/image\\\/\",\"url\":\"https:\\\/\\\/tienda.fullermachinery.com\\\/wp-content\\\/uploads\\\/2023\\\/08\\\/logo-fuller-transparente.png\",\"contentUrl\":\"https:\\\/\\\/tienda.fullermachinery.com\\\/wp-content\\\/uploads\\\/2023\\\/08\\\/logo-fuller-transparente.png\",\"width\":2208,\"height\":644,\"caption\":\"Fuller Machinery\"},\"image\":{\"@id\":\"https:\\\/\\\/tienda.fullermachinery.com\\\/#\\\/schema\\\/logo\\\/image\\\/\"}}]}<\/script>\n<!-- \/ Yoast SEO plugin. -->","yoast_head_json":{"title":"B\u00e1scula para Beb\u00e9s | Capacidad 20 kg | Precisi\u00f3n 10g - Fuller Machinery","description":"Monitorea el peso de tu beb\u00e9 con precisi\u00f3n. B\u00e1scula para beb\u00e9s 20 kg, funci\u00f3n TARE, graduaci\u00f3n de 10 g, cambio lb\/kg. Perfecta para casa o consultorio. \u00a1Compra ahora!","robots":{"index":"index","follow":"follow","max-snippet":"max-snippet:-1","max-image-preview":"max-image-preview:large","max-video-preview":"max-video-preview:-1"},"canonical":"https:\/\/tienda.fullermachinery.com\/index.php\/producto\/bascula-bebes-20kg-peso-digital\/","og_locale":"es_ES","og_type":"article","og_title":"B\u00e1scula para Beb\u00e9s | Capacidad 20 kg | Precisi\u00f3n 10g - Fuller Machinery","og_description":"Monitorea el peso de tu beb\u00e9 con precisi\u00f3n. B\u00e1scula para beb\u00e9s 20 kg, funci\u00f3n TARE, graduaci\u00f3n de 10 g, cambio lb\/kg. Perfecta para casa o consultorio. \u00a1Compra ahora!","og_url":"https:\/\/tienda.fullermachinery.com\/index.php\/producto\/bascula-bebes-20kg-peso-digital\/","og_site_name":"Fuller Machinery","article_modified_time":"2025-06-17T19:23:15+00:00","og_image":[{"width":2000,"height":2000,"url":"https:\/\/tienda.fullermachinery.com\/wp-content\/uploads\/2024\/07\/Bascula-para-bebe-ebst-20-1-1.png","type":"image\/png"}],"twitter_card":"summary_large_image","twitter_misc":{"Tiempo de lectura":"2 minutos"},"schema":{"@context":"https:\/\/schema.org","@graph":[{"@type":"WebPage","@id":"https:\/\/tienda.fullermachinery.com\/index.php\/producto\/bascula-bebes-20kg-peso-digital\/","url":"https:\/\/tienda.fullermachinery.com\/index.php\/producto\/bascula-bebes-20kg-peso-digital\/","name":"B\u00e1scula para Beb\u00e9s | Capacidad 20 kg | Precisi\u00f3n 10g - Fuller Machinery","isPartOf":{"@id":"https:\/\/tienda.fullermachinery.com\/#website"},"primaryImageOfPage":{"@id":"https:\/\/tienda.fullermachinery.com\/index.php\/producto\/bascula-bebes-20kg-peso-digital\/#primaryimage"},"image":{"@id":"https:\/\/tienda.fullermachinery.com\/index.php\/producto\/bascula-bebes-20kg-peso-digital\/#primaryimage"},"thumbnailUrl":"https:\/\/tienda.fullermachinery.com\/wp-content\/uploads\/2024\/07\/Bascula-para-bebe-ebst-20-1-1.png","datePublished":"2024-07-19T01:19:41+00:00","dateModified":"2025-06-17T19:23:15+00:00","description":"Monitorea el peso de tu beb\u00e9 con precisi\u00f3n. B\u00e1scula para beb\u00e9s 20 kg, funci\u00f3n TARE, graduaci\u00f3n de 10 g, cambio lb\/kg. Perfecta para casa o consultorio. \u00a1Compra ahora!","breadcrumb":{"@id":"https:\/\/tienda.fullermachinery.com\/index.php\/producto\/bascula-bebes-20kg-peso-digital\/#breadcrumb"},"inLanguage":"es","potentialAction":[{"@type":"ReadAction","target":["https:\/\/tienda.fullermachinery.com\/index.php\/producto\/bascula-bebes-20kg-peso-digital\/"]}]},{"@type":"ImageObject","inLanguage":"es","@id":"https:\/\/tienda.fullermachinery.com\/index.php\/producto\/bascula-bebes-20kg-peso-digital\/#primaryimage","url":"https:\/\/tienda.fullermachinery.com\/wp-content\/uploads\/2024\/07\/Bascula-para-bebe-ebst-20-1-1.png","contentUrl":"https:\/\/tienda.fullermachinery.com\/wp-content\/uploads\/2024\/07\/Bascula-para-bebe-ebst-20-1-1.png","width":2000,"height":2000,"caption":"La b\u00e1scula para beb\u00e9s de 20 kg es una herramienta esencial para padres y cuidadores que desean monitorear el crecimiento y desarrollo de sus peque\u00f1os con precisi\u00f3n y comodidad. Con un dise\u00f1o robusto y funcional, esta b\u00e1scula ofrece caracter\u00edsticas espec\u00edficas que la hacen ideal para su uso en el hogar."},{"@type":"BreadcrumbList","@id":"https:\/\/tienda.fullermachinery.com\/index.php\/producto\/bascula-bebes-20kg-peso-digital\/#breadcrumb","itemListElement":[{"@type":"ListItem","position":1,"name":"Portada","item":"https:\/\/tienda.fullermachinery.com\/"},{"@type":"ListItem","position":2,"name":"Productos","item":"https:\/\/tienda.fullermachinery.com\/index.php\/shop\/"},{"@type":"ListItem","position":3,"name":"B\u00e1scula para Beb\u00e9s | Capacidad 20 kg | Precisi\u00f3n 10g"}]},{"@type":"WebSite","@id":"https:\/\/tienda.fullermachinery.com\/#website","url":"https:\/\/tienda.fullermachinery.com\/","name":"Fuller Machinery","description":"Importaci\u00f3n y comercializaci\u00f3n de m\u00e1quinas industriales para el sector de alimentos","publisher":{"@id":"https:\/\/tienda.fullermachinery.com\/#organization"},"potentialAction":[{"@type":"SearchAction","target":{"@type":"EntryPoint","urlTemplate":"https:\/\/tienda.fullermachinery.com\/?s={search_term_string}"},"query-input":{"@type":"PropertyValueSpecification","valueRequired":true,"valueName":"search_term_string"}}],"inLanguage":"es"},{"@type":"Organization","@id":"https:\/\/tienda.fullermachinery.com\/#organization","name":"Fuller Machinery","url":"https:\/\/tienda.fullermachinery.com\/","logo":{"@type":"ImageObject","inLanguage":"es","@id":"https:\/\/tienda.fullermachinery.com\/#\/schema\/logo\/image\/","url":"https:\/\/tienda.fullermachinery.com\/wp-content\/uploads\/2023\/08\/logo-fuller-transparente.png","contentUrl":"https:\/\/tienda.fullermachinery.com\/wp-content\/uploads\/2023\/08\/logo-fuller-transparente.png","width":2208,"height":644,"caption":"Fuller Machinery"},"image":{"@id":"https:\/\/tienda.fullermachinery.com\/#\/schema\/logo\/image\/"}}]}},"jetpack_sharing_enabled":true,"_links":{"self":[{"href":"https:\/\/tienda.fullermachinery.com\/index.php\/wp-json\/wp\/v2\/product\/17040","targetHints":{"allow":["GET"]}}],"collection":[{"href":"https:\/\/tienda.fullermachinery.com\/index.php\/wp-json\/wp\/v2\/product"}],"about":[{"href":"https:\/\/tienda.fullermachinery.com\/index.php\/wp-json\/wp\/v2\/types\/product"}],"replies":[{"embeddable":true,"href":"https:\/\/tienda.fullermachinery.com\/index.php\/wp-json\/wp\/v2\/comments?post=17040"}],"version-history":[{"count":5,"href":"https:\/\/tienda.fullermachinery.com\/index.php\/wp-json\/wp\/v2\/product\/17040\/revisions"}],"predecessor-version":[{"id":18241,"href":"https:\/\/tienda.fullermachinery.com\/index.php\/wp-json\/wp\/v2\/product\/17040\/revisions\/18241"}],"wp:featuredmedia":[{"embeddable":true,"href":"https:\/\/tienda.fullermachinery.com\/index.php\/wp-json\/wp\/v2\/media\/17041"}],"wp:attachment":[{"href":"https:\/\/tienda.fullermachinery.com\/index.php\/wp-json\/wp\/v2\/media?parent=17040"}],"wp:term":[{"taxonomy":"product_brand","embeddable":true,"href":"https:\/\/tienda.fullermachinery.com\/index.php\/wp-json\/wp\/v2\/product_brand?post=17040"},{"taxonomy":"product_cat","embeddable":true,"href":"https:\/\/tienda.fullermachinery.com\/index.php\/wp-json\/wp\/v2\/product_cat?post=17040"},{"taxonomy":"product_tag","embeddable":true,"href":"https:\/\/tienda.fullermachinery.com\/index.php\/wp-json\/wp\/v2\/product_tag?post=17040"}],"curies":[{"name":"wp","href":"https:\/\/api.w.org\/{rel}","templated":true}]}}