{"id":17026,"date":"2024-07-18T19:57:23","date_gmt":"2024-07-19T00:57:23","guid":{"rendered":"https:\/\/tienda.fullermachinery.com\/?post_type=product&#038;p=17026"},"modified":"2025-06-17T14:29:04","modified_gmt":"2025-06-17T19:29:04","slug":"bascula-para-bebes-20kg-tallimetro-precisa","status":"publish","type":"product","link":"https:\/\/tienda.fullermachinery.com\/index.php\/producto\/bascula-para-bebes-20kg-tallimetro-precisa\/","title":{"rendered":"B\u00e1scula para Beb\u00e9s | 20 kg M\u00e1x. | Alta Precisi\u00f3n | 5g Talla EBST"},"content":{"rendered":"\t\t<div data-elementor-type=\"wp-post\" data-elementor-id=\"17026\" class=\"elementor elementor-17026\">\n\t\t\t\t\t\t<section class=\"elementor-section elementor-top-section elementor-element elementor-element-354141c elementor-section-boxed elementor-section-height-default elementor-section-height-default wd-section-disabled\" data-id=\"354141c\" data-element_type=\"section\" data-e-type=\"section\">\n\t\t\t\t\t\t<div class=\"elementor-container elementor-column-gap-default\">\n\t\t\t\t\t<div class=\"elementor-column elementor-col-100 elementor-top-column elementor-element elementor-element-f71b4c8\" data-id=\"f71b4c8\" data-element_type=\"column\" data-e-type=\"column\">\n\t\t\t<div class=\"elementor-widget-wrap elementor-element-populated\">\n\t\t\t\t\t\t<div class=\"elementor-element elementor-element-e40e028 elementor-widget elementor-widget-wd_text_block\" data-id=\"e40e028\" data-element_type=\"widget\" data-e-type=\"widget\" data-widget_type=\"wd_text_block.default\">\n\t\t\t\t<div class=\"elementor-widget-container\">\n\t\t\t\t\t\t\t<div class=\"wd-text-block reset-last-child text-left\">\n\t\t\t\n\t\t\t<p data-start=\"578\" data-end=\"664\"><strong data-start=\"578\" data-end=\"664\">\ud83d\udc76 B\u00e1scula para Beb\u00e9s de 20 kg \u2014 Precisi\u00f3n, Seguridad y Comodidad en Cada Medici\u00f3n<\/strong><\/p><p data-start=\"666\" data-end=\"1015\">La <strong data-start=\"669\" data-end=\"700\">B\u00e1scula para Beb\u00e9s de 20 kg<\/strong> es una herramienta imprescindible para padres, cuidadores y profesionales de la salud que necesitan controlar el crecimiento de los beb\u00e9s de forma precisa, f\u00e1cil y segura. Dise\u00f1ada con tecnolog\u00eda de punta, funciones inteligentes y materiales de alta calidad, es la aliada perfecta para uso dom\u00e9stico o profesional.<\/p><hr data-start=\"1017\" data-end=\"1020\" \/><h3 data-start=\"1022\" data-end=\"1056\">\u2705 <strong data-start=\"1028\" data-end=\"1056\">Caracter\u00edsticas T\u00e9cnicas<\/strong><\/h3><ul data-start=\"1058\" data-end=\"1463\"><li data-start=\"1058\" data-end=\"1124\"><p data-start=\"1060\" data-end=\"1124\"><strong data-start=\"1060\" data-end=\"1076\">Dimensiones:<\/strong> 58 cm (ancho) x 35 cm (largo) x 3.5 cm (alto)<\/p><\/li><li data-start=\"1125\" data-end=\"1174\"><p data-start=\"1127\" data-end=\"1174\"><strong data-start=\"1127\" data-end=\"1147\">Peso del equipo:<\/strong> 1 kg \u2014 ligera y port\u00e1til<\/p><\/li><li data-start=\"1175\" data-end=\"1235\"><p data-start=\"1177\" data-end=\"1235\"><strong data-start=\"1177\" data-end=\"1198\">Capacidad m\u00e1xima:<\/strong> 20 kg | <strong data-start=\"1207\" data-end=\"1228\">Capacidad m\u00ednima:<\/strong> 60 g<\/p><\/li><li data-start=\"1236\" data-end=\"1295\"><p data-start=\"1238\" data-end=\"1295\"><strong data-start=\"1238\" data-end=\"1253\">Graduaci\u00f3n:<\/strong> 5 g \u2014 precisi\u00f3n exacta en cada medici\u00f3n<\/p><\/li><li data-start=\"1296\" data-end=\"1336\"><p data-start=\"1298\" data-end=\"1336\"><strong data-start=\"1298\" data-end=\"1321\">Unidades de medida:<\/strong> kg \/ lb \/ oz<\/p><\/li><li data-start=\"1337\" data-end=\"1375\"><p data-start=\"1339\" data-end=\"1375\"><strong data-start=\"1339\" data-end=\"1352\">Pantalla:<\/strong> LED de f\u00e1cil lectura<\/p><\/li><li data-start=\"1376\" data-end=\"1417\"><p data-start=\"1378\" data-end=\"1417\"><strong data-start=\"1378\" data-end=\"1403\">Tall\u00edmetro integrado:<\/strong> Hasta 58 cm<\/p><\/li><li data-start=\"1418\" data-end=\"1463\"><p data-start=\"1420\" data-end=\"1463\"><strong data-start=\"1420\" data-end=\"1437\">Alimentaci\u00f3n:<\/strong> 4 pilas AA (no incluidas)<\/p><\/li><\/ul><hr data-start=\"1465\" data-end=\"1468\" \/><h3 data-start=\"1470\" data-end=\"1500\">\ud83c\udfaf <strong data-start=\"1477\" data-end=\"1500\">Funciones Avanzadas<\/strong><\/h3><p data-start=\"1502\" data-end=\"2022\">\u2714 <strong data-start=\"1504\" data-end=\"1521\">Funci\u00f3n Tara:<\/strong> Descuenta autom\u00e1ticamente el peso de mantas o pa\u00f1ales para obtener el peso real.<br data-start=\"1602\" data-end=\"1605\" \/>\u2714 <strong data-start=\"1607\" data-end=\"1627\">Funci\u00f3n Memoria:<\/strong> Registra y guarda mediciones para un seguimiento m\u00e1s f\u00e1cil.<br data-start=\"1687\" data-end=\"1690\" \/>\u2714 <strong data-start=\"1692\" data-end=\"1731\">Funci\u00f3n \u201cHola\u201d Autom\u00e1tica y Manual:<\/strong> Facilita el pesaje de beb\u00e9s inquietos.<br data-start=\"1770\" data-end=\"1773\" \/>\u2714 <strong data-start=\"1775\" data-end=\"1798\">Cambio de Unidades:<\/strong> Cambia entre kg, lb y oz seg\u00fan tu preferencia.<br data-start=\"1845\" data-end=\"1848\" \/>\u2714 <strong data-start=\"1850\" data-end=\"1877\">Desconexi\u00f3n Autom\u00e1tica:<\/strong> Ahorra bater\u00eda al apagarse sola cuando no est\u00e1 en uso.<br data-start=\"1932\" data-end=\"1935\" \/>\u2714 <strong data-start=\"1937\" data-end=\"1961\">Aviso de Sobrecarga:<\/strong> Notifica si se supera la capacidad m\u00e1xima para evitar da\u00f1os.<\/p><hr data-start=\"2024\" data-end=\"2027\" \/><h3 data-start=\"2029\" data-end=\"2061\">\ud83c\udf88 <strong data-start=\"2036\" data-end=\"2061\">Beneficios Destacados<\/strong><\/h3><p data-start=\"2063\" data-end=\"2519\">\u2705 <strong data-start=\"2065\" data-end=\"2091\">Precisi\u00f3n garantizada:<\/strong> Graduaci\u00f3n de 5 g para un control exacto del crecimiento.<br data-start=\"2149\" data-end=\"2152\" \/>\u2705 <strong data-start=\"2154\" data-end=\"2178\">Operaci\u00f3n intuitiva:<\/strong> Pantalla LED clara y botones f\u00e1ciles de usar.<br data-start=\"2224\" data-end=\"2227\" \/>\u2705 <strong data-start=\"2229\" data-end=\"2246\">Versatilidad:<\/strong> \u00datil para beb\u00e9s, mascotas peque\u00f1as o incluso equipaje.<br data-start=\"2301\" data-end=\"2304\" \/>\u2705 <strong data-start=\"2306\" data-end=\"2329\">Higi\u00e9nica y segura:<\/strong> Superficie lisa y f\u00e1cil de limpiar.<br data-start=\"2365\" data-end=\"2368\" \/>\u2705 <strong data-start=\"2370\" data-end=\"2392\">Ligera y port\u00e1til:<\/strong> Con solo 1 kg de peso, es f\u00e1cil de mover y guardar.<br data-start=\"2444\" data-end=\"2447\" \/>\u2705 <strong data-start=\"2449\" data-end=\"2474\">Respaldo de Garant\u00eda:<\/strong> 3 meses de garant\u00eda para mayor tranquilidad.<\/p><hr data-start=\"2521\" data-end=\"2524\" \/><h3 data-start=\"2526\" data-end=\"2556\">\ud83d\udccd <strong data-start=\"2533\" data-end=\"2556\">Aplicaciones y Usos<\/strong><\/h3><ul data-start=\"2558\" data-end=\"2920\"><li data-start=\"2558\" data-end=\"2660\"><p data-start=\"2560\" data-end=\"2660\"><strong data-start=\"2560\" data-end=\"2573\">\ud83d\udc76 Hogar:<\/strong> Monitorea el peso del beb\u00e9 de forma regular para garantizar un desarrollo saludable.<\/p><\/li><li data-start=\"2661\" data-end=\"2736\"><p data-start=\"2663\" data-end=\"2736\"><strong data-start=\"2663\" data-end=\"2683\">\ud83d\udc3e Veterinarias:<\/strong> Ideal para controlar el peso de mascotas peque\u00f1as.<\/p><\/li><li data-start=\"2737\" data-end=\"2804\"><p data-start=\"2739\" data-end=\"2804\"><strong data-start=\"2739\" data-end=\"2753\">\u2708\ufe0f Viajes:<\/strong> Verifica el peso del equipaje antes de embarcar.<\/p><\/li><li data-start=\"2805\" data-end=\"2920\"><p data-start=\"2807\" data-end=\"2920\"><strong data-start=\"2807\" data-end=\"2838\">\ud83c\udfe5 Cl\u00ednicas y Consultorios:<\/strong> Herramienta confiable para pediatras y programas de control nutricional infantil.<\/p><\/li><\/ul>\n\t\t\t\t\t<\/div>\n\t\t\t\t\t\t<\/div>\n\t\t\t\t<\/div>\n\t\t\t\t\t<\/div>\n\t\t<\/div>\n\t\t\t\t\t<\/div>\n\t\t<\/section>\n\t\t\t\t<\/div>\n\t\t","protected":false},"excerpt":{"rendered":"<p data-start=\"2955\" data-end=\"3148\"><strong data-start=\"2955\" data-end=\"3148\">B\u00e1scula digital para beb\u00e9s de 20 kg con tall\u00edmetro de 58 cm, precisi\u00f3n de 5 g, funci\u00f3n Tara, memoria, cambio de unidades, pantalla LED y desconexi\u00f3n autom\u00e1tica. Compacta, ligera y vers\u00e1til.<\/strong><\/p>\n","protected":false},"featured_media":17027,"comment_status":"open","ping_status":"closed","template":"","meta":[],"product_brand":[],"product_cat":[189,255],"product_tag":[],"class_list":{"0":"post-17026","1":"product","2":"type-product","3":"status-publish","4":"has-post-thumbnail","6":"product_cat-linea-de-pesaje","7":"product_cat-basculas-para-bebes","9":"first","10":"instock","11":"featured","12":"shipping-taxable","13":"purchasable","14":"product-type-simple"},"yoast_head":"<!-- This site is optimized with the Yoast SEO plugin v27.3 - https:\/\/yoast.com\/product\/yoast-seo-wordpress\/ -->\n<title>B\u00e1scula para Beb\u00e9s | 20 kg M\u00e1x. | Alta Precisi\u00f3n | 5g Talla EBST - Fuller Machinery<\/title>\n<meta name=\"description\" content=\"Monitorea el peso de tu beb\u00e9 con m\u00e1xima precisi\u00f3n. B\u00e1scula para beb\u00e9s de 20 kg, graduaci\u00f3n de 5 g, tall\u00edmetro de 58 cm, funci\u00f3n Tara, memoria y pantalla LED. Perfecta para hogar o consultorio.\" \/>\n<meta name=\"robots\" content=\"index, follow, max-snippet:-1, max-image-preview:large, max-video-preview:-1\" \/>\n<link rel=\"canonical\" href=\"https:\/\/tienda.fullermachinery.com\/index.php\/producto\/bascula-para-bebes-20kg-tallimetro-precisa\/\" \/>\n<meta property=\"og:locale\" content=\"es_ES\" \/>\n<meta property=\"og:type\" content=\"article\" \/>\n<meta property=\"og:title\" content=\"B\u00e1scula para Beb\u00e9s | 20 kg M\u00e1x. | Alta Precisi\u00f3n | 5g Talla EBST - Fuller Machinery\" \/>\n<meta property=\"og:description\" content=\"Monitorea el peso de tu beb\u00e9 con m\u00e1xima precisi\u00f3n. B\u00e1scula para beb\u00e9s de 20 kg, graduaci\u00f3n de 5 g, tall\u00edmetro de 58 cm, funci\u00f3n Tara, memoria y pantalla LED. Perfecta para hogar o consultorio.\" \/>\n<meta property=\"og:url\" content=\"https:\/\/tienda.fullermachinery.com\/index.php\/producto\/bascula-para-bebes-20kg-tallimetro-precisa\/\" \/>\n<meta property=\"og:site_name\" content=\"Fuller Machinery\" \/>\n<meta property=\"article:modified_time\" content=\"2025-06-17T19:29:04+00:00\" \/>\n<meta property=\"og:image\" content=\"https:\/\/tienda.fullermachinery.com\/wp-content\/uploads\/2024\/07\/Bascula-para-bebe-sbst-20L-con-medidor-2-1.png\" \/>\n\t<meta property=\"og:image:width\" content=\"2000\" \/>\n\t<meta property=\"og:image:height\" content=\"2000\" \/>\n\t<meta property=\"og:image:type\" content=\"image\/png\" \/>\n<meta name=\"twitter:card\" content=\"summary_large_image\" \/>\n<meta name=\"twitter:label1\" content=\"Tiempo de lectura\" \/>\n\t<meta name=\"twitter:data1\" content=\"2 minutos\" \/>\n<script type=\"application\/ld+json\" class=\"yoast-schema-graph\">{\"@context\":\"https:\\\/\\\/schema.org\",\"@graph\":[{\"@type\":\"WebPage\",\"@id\":\"https:\\\/\\\/tienda.fullermachinery.com\\\/index.php\\\/producto\\\/bascula-para-bebes-20kg-tallimetro-precisa\\\/\",\"url\":\"https:\\\/\\\/tienda.fullermachinery.com\\\/index.php\\\/producto\\\/bascula-para-bebes-20kg-tallimetro-precisa\\\/\",\"name\":\"B\u00e1scula para Beb\u00e9s | 20 kg M\u00e1x. | Alta Precisi\u00f3n | 5g Talla EBST - Fuller Machinery\",\"isPartOf\":{\"@id\":\"https:\\\/\\\/tienda.fullermachinery.com\\\/#website\"},\"primaryImageOfPage\":{\"@id\":\"https:\\\/\\\/tienda.fullermachinery.com\\\/index.php\\\/producto\\\/bascula-para-bebes-20kg-tallimetro-precisa\\\/#primaryimage\"},\"image\":{\"@id\":\"https:\\\/\\\/tienda.fullermachinery.com\\\/index.php\\\/producto\\\/bascula-para-bebes-20kg-tallimetro-precisa\\\/#primaryimage\"},\"thumbnailUrl\":\"https:\\\/\\\/tienda.fullermachinery.com\\\/wp-content\\\/uploads\\\/2024\\\/07\\\/Bascula-para-bebe-sbst-20L-con-medidor-2-1.png\",\"datePublished\":\"2024-07-19T00:57:23+00:00\",\"dateModified\":\"2025-06-17T19:29:04+00:00\",\"description\":\"Monitorea el peso de tu beb\u00e9 con m\u00e1xima precisi\u00f3n. B\u00e1scula para beb\u00e9s de 20 kg, graduaci\u00f3n de 5 g, tall\u00edmetro de 58 cm, funci\u00f3n Tara, memoria y pantalla LED. Perfecta para hogar o consultorio.\",\"breadcrumb\":{\"@id\":\"https:\\\/\\\/tienda.fullermachinery.com\\\/index.php\\\/producto\\\/bascula-para-bebes-20kg-tallimetro-precisa\\\/#breadcrumb\"},\"inLanguage\":\"es\",\"potentialAction\":[{\"@type\":\"ReadAction\",\"target\":[\"https:\\\/\\\/tienda.fullermachinery.com\\\/index.php\\\/producto\\\/bascula-para-bebes-20kg-tallimetro-precisa\\\/\"]}]},{\"@type\":\"ImageObject\",\"inLanguage\":\"es\",\"@id\":\"https:\\\/\\\/tienda.fullermachinery.com\\\/index.php\\\/producto\\\/bascula-para-bebes-20kg-tallimetro-precisa\\\/#primaryimage\",\"url\":\"https:\\\/\\\/tienda.fullermachinery.com\\\/wp-content\\\/uploads\\\/2024\\\/07\\\/Bascula-para-bebe-sbst-20L-con-medidor-2-1.png\",\"contentUrl\":\"https:\\\/\\\/tienda.fullermachinery.com\\\/wp-content\\\/uploads\\\/2024\\\/07\\\/Bascula-para-bebe-sbst-20L-con-medidor-2-1.png\",\"width\":2000,\"height\":2000,\"caption\":\"La b\u00e1scula para beb\u00e9s de 20 kg es un dispositivo preciso y confiable dise\u00f1ado para medir el peso de los beb\u00e9s de manera sencilla y exacta. Con caracter\u00edsticas adicionales como la funci\u00f3n de tara y la capacidad de medir hasta 20 kg, esta b\u00e1scula es una herramienta esencial para padres y profesionales de la salud.\"},{\"@type\":\"BreadcrumbList\",\"@id\":\"https:\\\/\\\/tienda.fullermachinery.com\\\/index.php\\\/producto\\\/bascula-para-bebes-20kg-tallimetro-precisa\\\/#breadcrumb\",\"itemListElement\":[{\"@type\":\"ListItem\",\"position\":1,\"name\":\"Portada\",\"item\":\"https:\\\/\\\/tienda.fullermachinery.com\\\/\"},{\"@type\":\"ListItem\",\"position\":2,\"name\":\"Productos\",\"item\":\"https:\\\/\\\/tienda.fullermachinery.com\\\/index.php\\\/shop\\\/\"},{\"@type\":\"ListItem\",\"position\":3,\"name\":\"B\u00e1scula para Beb\u00e9s | 20 kg M\u00e1x. | Alta Precisi\u00f3n | 5g Talla EBST\"}]},{\"@type\":\"WebSite\",\"@id\":\"https:\\\/\\\/tienda.fullermachinery.com\\\/#website\",\"url\":\"https:\\\/\\\/tienda.fullermachinery.com\\\/\",\"name\":\"Fuller Machinery\",\"description\":\"Importaci\u00f3n y comercializaci\u00f3n de m\u00e1quinas industriales para el sector de alimentos\",\"publisher\":{\"@id\":\"https:\\\/\\\/tienda.fullermachinery.com\\\/#organization\"},\"potentialAction\":[{\"@type\":\"SearchAction\",\"target\":{\"@type\":\"EntryPoint\",\"urlTemplate\":\"https:\\\/\\\/tienda.fullermachinery.com\\\/?s={search_term_string}\"},\"query-input\":{\"@type\":\"PropertyValueSpecification\",\"valueRequired\":true,\"valueName\":\"search_term_string\"}}],\"inLanguage\":\"es\"},{\"@type\":\"Organization\",\"@id\":\"https:\\\/\\\/tienda.fullermachinery.com\\\/#organization\",\"name\":\"Fuller Machinery\",\"url\":\"https:\\\/\\\/tienda.fullermachinery.com\\\/\",\"logo\":{\"@type\":\"ImageObject\",\"inLanguage\":\"es\",\"@id\":\"https:\\\/\\\/tienda.fullermachinery.com\\\/#\\\/schema\\\/logo\\\/image\\\/\",\"url\":\"https:\\\/\\\/tienda.fullermachinery.com\\\/wp-content\\\/uploads\\\/2023\\\/08\\\/logo-fuller-transparente.png\",\"contentUrl\":\"https:\\\/\\\/tienda.fullermachinery.com\\\/wp-content\\\/uploads\\\/2023\\\/08\\\/logo-fuller-transparente.png\",\"width\":2208,\"height\":644,\"caption\":\"Fuller Machinery\"},\"image\":{\"@id\":\"https:\\\/\\\/tienda.fullermachinery.com\\\/#\\\/schema\\\/logo\\\/image\\\/\"}}]}<\/script>\n<!-- \/ Yoast SEO plugin. -->","yoast_head_json":{"title":"B\u00e1scula para Beb\u00e9s | 20 kg M\u00e1x. | Alta Precisi\u00f3n | 5g Talla EBST - Fuller Machinery","description":"Monitorea el peso de tu beb\u00e9 con m\u00e1xima precisi\u00f3n. B\u00e1scula para beb\u00e9s de 20 kg, graduaci\u00f3n de 5 g, tall\u00edmetro de 58 cm, funci\u00f3n Tara, memoria y pantalla LED. Perfecta para hogar o consultorio.","robots":{"index":"index","follow":"follow","max-snippet":"max-snippet:-1","max-image-preview":"max-image-preview:large","max-video-preview":"max-video-preview:-1"},"canonical":"https:\/\/tienda.fullermachinery.com\/index.php\/producto\/bascula-para-bebes-20kg-tallimetro-precisa\/","og_locale":"es_ES","og_type":"article","og_title":"B\u00e1scula para Beb\u00e9s | 20 kg M\u00e1x. | Alta Precisi\u00f3n | 5g Talla EBST - Fuller Machinery","og_description":"Monitorea el peso de tu beb\u00e9 con m\u00e1xima precisi\u00f3n. B\u00e1scula para beb\u00e9s de 20 kg, graduaci\u00f3n de 5 g, tall\u00edmetro de 58 cm, funci\u00f3n Tara, memoria y pantalla LED. Perfecta para hogar o consultorio.","og_url":"https:\/\/tienda.fullermachinery.com\/index.php\/producto\/bascula-para-bebes-20kg-tallimetro-precisa\/","og_site_name":"Fuller Machinery","article_modified_time":"2025-06-17T19:29:04+00:00","og_image":[{"width":2000,"height":2000,"url":"https:\/\/tienda.fullermachinery.com\/wp-content\/uploads\/2024\/07\/Bascula-para-bebe-sbst-20L-con-medidor-2-1.png","type":"image\/png"}],"twitter_card":"summary_large_image","twitter_misc":{"Tiempo de lectura":"2 minutos"},"schema":{"@context":"https:\/\/schema.org","@graph":[{"@type":"WebPage","@id":"https:\/\/tienda.fullermachinery.com\/index.php\/producto\/bascula-para-bebes-20kg-tallimetro-precisa\/","url":"https:\/\/tienda.fullermachinery.com\/index.php\/producto\/bascula-para-bebes-20kg-tallimetro-precisa\/","name":"B\u00e1scula para Beb\u00e9s | 20 kg M\u00e1x. | Alta Precisi\u00f3n | 5g Talla EBST - Fuller Machinery","isPartOf":{"@id":"https:\/\/tienda.fullermachinery.com\/#website"},"primaryImageOfPage":{"@id":"https:\/\/tienda.fullermachinery.com\/index.php\/producto\/bascula-para-bebes-20kg-tallimetro-precisa\/#primaryimage"},"image":{"@id":"https:\/\/tienda.fullermachinery.com\/index.php\/producto\/bascula-para-bebes-20kg-tallimetro-precisa\/#primaryimage"},"thumbnailUrl":"https:\/\/tienda.fullermachinery.com\/wp-content\/uploads\/2024\/07\/Bascula-para-bebe-sbst-20L-con-medidor-2-1.png","datePublished":"2024-07-19T00:57:23+00:00","dateModified":"2025-06-17T19:29:04+00:00","description":"Monitorea el peso de tu beb\u00e9 con m\u00e1xima precisi\u00f3n. B\u00e1scula para beb\u00e9s de 20 kg, graduaci\u00f3n de 5 g, tall\u00edmetro de 58 cm, funci\u00f3n Tara, memoria y pantalla LED. Perfecta para hogar o consultorio.","breadcrumb":{"@id":"https:\/\/tienda.fullermachinery.com\/index.php\/producto\/bascula-para-bebes-20kg-tallimetro-precisa\/#breadcrumb"},"inLanguage":"es","potentialAction":[{"@type":"ReadAction","target":["https:\/\/tienda.fullermachinery.com\/index.php\/producto\/bascula-para-bebes-20kg-tallimetro-precisa\/"]}]},{"@type":"ImageObject","inLanguage":"es","@id":"https:\/\/tienda.fullermachinery.com\/index.php\/producto\/bascula-para-bebes-20kg-tallimetro-precisa\/#primaryimage","url":"https:\/\/tienda.fullermachinery.com\/wp-content\/uploads\/2024\/07\/Bascula-para-bebe-sbst-20L-con-medidor-2-1.png","contentUrl":"https:\/\/tienda.fullermachinery.com\/wp-content\/uploads\/2024\/07\/Bascula-para-bebe-sbst-20L-con-medidor-2-1.png","width":2000,"height":2000,"caption":"La b\u00e1scula para beb\u00e9s de 20 kg es un dispositivo preciso y confiable dise\u00f1ado para medir el peso de los beb\u00e9s de manera sencilla y exacta. Con caracter\u00edsticas adicionales como la funci\u00f3n de tara y la capacidad de medir hasta 20 kg, esta b\u00e1scula es una herramienta esencial para padres y profesionales de la salud."},{"@type":"BreadcrumbList","@id":"https:\/\/tienda.fullermachinery.com\/index.php\/producto\/bascula-para-bebes-20kg-tallimetro-precisa\/#breadcrumb","itemListElement":[{"@type":"ListItem","position":1,"name":"Portada","item":"https:\/\/tienda.fullermachinery.com\/"},{"@type":"ListItem","position":2,"name":"Productos","item":"https:\/\/tienda.fullermachinery.com\/index.php\/shop\/"},{"@type":"ListItem","position":3,"name":"B\u00e1scula para Beb\u00e9s | 20 kg M\u00e1x. | Alta Precisi\u00f3n | 5g Talla EBST"}]},{"@type":"WebSite","@id":"https:\/\/tienda.fullermachinery.com\/#website","url":"https:\/\/tienda.fullermachinery.com\/","name":"Fuller Machinery","description":"Importaci\u00f3n y comercializaci\u00f3n de m\u00e1quinas industriales para el sector de alimentos","publisher":{"@id":"https:\/\/tienda.fullermachinery.com\/#organization"},"potentialAction":[{"@type":"SearchAction","target":{"@type":"EntryPoint","urlTemplate":"https:\/\/tienda.fullermachinery.com\/?s={search_term_string}"},"query-input":{"@type":"PropertyValueSpecification","valueRequired":true,"valueName":"search_term_string"}}],"inLanguage":"es"},{"@type":"Organization","@id":"https:\/\/tienda.fullermachinery.com\/#organization","name":"Fuller Machinery","url":"https:\/\/tienda.fullermachinery.com\/","logo":{"@type":"ImageObject","inLanguage":"es","@id":"https:\/\/tienda.fullermachinery.com\/#\/schema\/logo\/image\/","url":"https:\/\/tienda.fullermachinery.com\/wp-content\/uploads\/2023\/08\/logo-fuller-transparente.png","contentUrl":"https:\/\/tienda.fullermachinery.com\/wp-content\/uploads\/2023\/08\/logo-fuller-transparente.png","width":2208,"height":644,"caption":"Fuller Machinery"},"image":{"@id":"https:\/\/tienda.fullermachinery.com\/#\/schema\/logo\/image\/"}}]}},"jetpack_sharing_enabled":true,"_links":{"self":[{"href":"https:\/\/tienda.fullermachinery.com\/index.php\/wp-json\/wp\/v2\/product\/17026","targetHints":{"allow":["GET"]}}],"collection":[{"href":"https:\/\/tienda.fullermachinery.com\/index.php\/wp-json\/wp\/v2\/product"}],"about":[{"href":"https:\/\/tienda.fullermachinery.com\/index.php\/wp-json\/wp\/v2\/types\/product"}],"replies":[{"embeddable":true,"href":"https:\/\/tienda.fullermachinery.com\/index.php\/wp-json\/wp\/v2\/comments?post=17026"}],"version-history":[{"count":6,"href":"https:\/\/tienda.fullermachinery.com\/index.php\/wp-json\/wp\/v2\/product\/17026\/revisions"}],"predecessor-version":[{"id":18250,"href":"https:\/\/tienda.fullermachinery.com\/index.php\/wp-json\/wp\/v2\/product\/17026\/revisions\/18250"}],"wp:featuredmedia":[{"embeddable":true,"href":"https:\/\/tienda.fullermachinery.com\/index.php\/wp-json\/wp\/v2\/media\/17027"}],"wp:attachment":[{"href":"https:\/\/tienda.fullermachinery.com\/index.php\/wp-json\/wp\/v2\/media?parent=17026"}],"wp:term":[{"taxonomy":"product_brand","embeddable":true,"href":"https:\/\/tienda.fullermachinery.com\/index.php\/wp-json\/wp\/v2\/product_brand?post=17026"},{"taxonomy":"product_cat","embeddable":true,"href":"https:\/\/tienda.fullermachinery.com\/index.php\/wp-json\/wp\/v2\/product_cat?post=17026"},{"taxonomy":"product_tag","embeddable":true,"href":"https:\/\/tienda.fullermachinery.com\/index.php\/wp-json\/wp\/v2\/product_tag?post=17026"}],"curies":[{"name":"wp","href":"https:\/\/api.w.org\/{rel}","templated":true}]}}