{"id":17012,"date":"2024-07-18T04:10:29","date_gmt":"2024-07-18T09:10:29","guid":{"rendered":"https:\/\/tienda.fullermachinery.com\/?post_type=product&#038;p=17012"},"modified":"2025-07-10T09:46:42","modified_gmt":"2025-07-10T14:46:42","slug":"dispensador-jugos-2-tanques-electrico-acero-inoxidable","status":"publish","type":"product","link":"https:\/\/tienda.fullermachinery.com\/index.php\/producto\/dispensador-jugos-2-tanques-electrico-acero-inoxidable\/","title":{"rendered":"Dispensador de Jugos Fr\u00edos | 2 Tanques | 17 Litros por Tanque"},"content":{"rendered":"\t\t<div data-elementor-type=\"wp-post\" data-elementor-id=\"17012\" class=\"elementor elementor-17012\">\n\t\t\t\t\t\t<section class=\"elementor-section elementor-top-section elementor-element elementor-element-dfa1c48 elementor-section-boxed elementor-section-height-default elementor-section-height-default wd-section-disabled\" data-id=\"dfa1c48\" data-element_type=\"section\" data-e-type=\"section\">\n\t\t\t\t\t\t<div class=\"elementor-container elementor-column-gap-default\">\n\t\t\t\t\t<div class=\"elementor-column elementor-col-100 elementor-top-column elementor-element elementor-element-9256bcc\" data-id=\"9256bcc\" data-element_type=\"column\" data-e-type=\"column\">\n\t\t\t<div class=\"elementor-widget-wrap elementor-element-populated\">\n\t\t\t\t\t\t<div class=\"elementor-element elementor-element-9efe38e elementor-widget elementor-widget-wd_text_block\" data-id=\"9efe38e\" data-element_type=\"widget\" data-e-type=\"widget\" data-widget_type=\"wd_text_block.default\">\n\t\t\t\t<div class=\"elementor-widget-container\">\n\t\t\t\t\t\t\t<div class=\"wd-text-block reset-last-child text-left\">\n\t\t\t\n\t\t\t<p data-start=\"730\" data-end=\"1149\">El <strong data-start=\"733\" data-end=\"780\">Dispensador de Jugos El\u00e9ctrico de 2 Tanques<\/strong> es la soluci\u00f3n ideal para establecimientos que necesitan ofrecer diferentes bebidas fr\u00edas de forma pr\u00e1ctica, constante y con control higi\u00e9nico. Su estructura de acero inoxidable combinada con tanques de policarbonato de alta resistencia garantiza durabilidad y f\u00e1cil limpieza, mientras que su sistema de refrigeraci\u00f3n autom\u00e1tico mantiene cada bebida en el punto ideal.<\/p><hr data-start=\"1151\" data-end=\"1154\" \/><h3 data-start=\"1156\" data-end=\"1190\">\u2705 <strong data-start=\"1162\" data-end=\"1190\">Caracter\u00edsticas T\u00e9cnicas<\/strong><\/h3><ul data-start=\"1192\" data-end=\"1630\"><li data-start=\"1192\" data-end=\"1272\"><p data-start=\"1194\" data-end=\"1272\"><strong data-start=\"1194\" data-end=\"1218\">Cantidad de Tanques:<\/strong> 2 tanques independientes de <strong data-start=\"1247\" data-end=\"1269\">17 litros cada uno<\/strong>.<\/p><\/li><li data-start=\"1273\" data-end=\"1314\"><p data-start=\"1275\" data-end=\"1314\"><strong data-start=\"1275\" data-end=\"1295\">Capacidad Total:<\/strong> 34 litros aprox.<\/p><\/li><li data-start=\"1315\" data-end=\"1407\"><p data-start=\"1317\" data-end=\"1407\"><strong data-start=\"1317\" data-end=\"1330\">Material:<\/strong> Cuerpo de acero inoxidable y tanques de policarbonato apto para alimentos.<\/p><\/li><li data-start=\"1408\" data-end=\"1469\"><p data-start=\"1410\" data-end=\"1469\"><strong data-start=\"1410\" data-end=\"1435\">Rango de Temperatura:<\/strong> 3\u00b0C a 6\u00b0C (control autom\u00e1tico).<\/p><\/li><li data-start=\"1470\" data-end=\"1546\"><p data-start=\"1472\" data-end=\"1546\"><strong data-start=\"1472\" data-end=\"1493\">M\u00e9todo de Servir:<\/strong> Palanca push de metal, resistente al uso continuo.<\/p><\/li><li data-start=\"1547\" data-end=\"1630\"><p data-start=\"1549\" data-end=\"1630\"><strong data-start=\"1549\" data-end=\"1578\">Sistema de Refrigeraci\u00f3n:<\/strong> Eficiente, silencioso y de bajo consumo energ\u00e9tico.<\/p><\/li><\/ul><hr data-start=\"1632\" data-end=\"1635\" \/><h3 data-start=\"1637\" data-end=\"1663\">\ud83c\udfaf <strong data-start=\"1644\" data-end=\"1663\">\u00bfC\u00f3mo Funciona?<\/strong><\/h3><p data-start=\"1665\" data-end=\"2007\">1\ufe0f\u20e3 <strong data-start=\"1669\" data-end=\"1679\">Carga:<\/strong> Llena cada tanque con jugo, n\u00e9ctar, agua saborizada u otra bebida fr\u00eda.<br data-start=\"1751\" data-end=\"1754\" \/>2\ufe0f\u20e3 <strong data-start=\"1758\" data-end=\"1776\">Refrigeraci\u00f3n:<\/strong> Activa el control autom\u00e1tico, que mantiene la temperatura ideal para conservar frescura y sabor.<br data-start=\"1873\" data-end=\"1876\" \/>3\ufe0f\u20e3 <strong data-start=\"1880\" data-end=\"1893\">Servicio:<\/strong> Los clientes o el personal presionan la palanca push para dispensar la bebida de forma controlada y sin derrames.<\/p><hr data-start=\"2009\" data-end=\"2012\" \/><h3 data-start=\"2014\" data-end=\"2042\">\ud83d\udccd <strong data-start=\"2021\" data-end=\"2042\">Industrias y Usos<\/strong><\/h3><p data-start=\"2044\" data-end=\"2117\">Este dispensador doble se adapta perfectamente a diferentes escenarios:<\/p><ul data-start=\"2119\" data-end=\"2561\"><li data-start=\"2119\" data-end=\"2229\"><p data-start=\"2121\" data-end=\"2229\"><strong data-start=\"2121\" data-end=\"2161\">\ud83c\udf79 Restaurantes, Bares y Cafeter\u00edas:<\/strong> Ideal para servir jugos naturales, t\u00e9 helado o aguas saborizadas.<\/p><\/li><li data-start=\"2230\" data-end=\"2329\"><p data-start=\"2232\" data-end=\"2329\"><strong data-start=\"2232\" data-end=\"2271\">\ud83c\udfe8 Hoteles y Servicios de Catering:<\/strong> Perfecto para buffets de desayuno, eventos y banquetes.<\/p><\/li><li data-start=\"2330\" data-end=\"2421\"><p data-start=\"2332\" data-end=\"2421\"><strong data-start=\"2332\" data-end=\"2356\">\ud83c\udf89 Eventos y Ferias:<\/strong> Garantiza flujo continuo de bebidas fr\u00edas para grandes grupos.<\/p><\/li><li data-start=\"2422\" data-end=\"2561\"><p data-start=\"2424\" data-end=\"2561\"><strong data-start=\"2424\" data-end=\"2475\">\ud83c\udfeb Instituciones Educativas y Centros de Salud:<\/strong> Excelente opci\u00f3n para ofrecer bebidas saludables a estudiantes, pacientes o personal.<\/p><\/li><\/ul><hr data-start=\"2563\" data-end=\"2566\" \/><h3 data-start=\"2568\" data-end=\"2595\">\ud83d\ude80 <strong data-start=\"2575\" data-end=\"2595\">Beneficios Clave<\/strong><\/h3><p data-start=\"2597\" data-end=\"3066\">\u2705 <strong data-start=\"2599\" data-end=\"2616\">Doble Opci\u00f3n:<\/strong> Ofrece hasta 2 sabores diferentes de bebidas fr\u00edas al mismo tiempo.<br data-start=\"2684\" data-end=\"2687\" \/>\u2705 <strong data-start=\"2689\" data-end=\"2713\">Frescura Controlada:<\/strong> Sistema de refrigeraci\u00f3n autom\u00e1tico mantiene la temperatura \u00f3ptima sin intervenci\u00f3n manual.<br data-start=\"2805\" data-end=\"2808\" \/>\u2705 <strong data-start=\"2810\" data-end=\"2828\">Uso Intensivo:<\/strong> Push met\u00e1lico resistente y durable para alto tr\u00e1fico.<br data-start=\"2882\" data-end=\"2885\" \/>\u2705 <strong data-start=\"2887\" data-end=\"2905\">F\u00e1cil Higiene:<\/strong> Tanques desmontables y materiales aptos para contacto con alimentos.<br data-start=\"2974\" data-end=\"2977\" \/>\u2705 <strong data-start=\"2979\" data-end=\"3002\">Dise\u00f1o Profesional:<\/strong> Robusto, atractivo y funcional, mejora la imagen de tu negocio.<\/p>\n\t\t\t\t\t<\/div>\n\t\t\t\t\t\t<\/div>\n\t\t\t\t<\/div>\n\t\t\t\t\t<\/div>\n\t\t<\/div>\n\t\t\t\t\t<\/div>\n\t\t<\/section>\n\t\t\t\t<\/div>\n\t\t","protected":false},"excerpt":{"rendered":"<p>Dispensador el\u00e9ctrico de jugos con 2 tanques de 17 litros, control autom\u00e1tico de temperatura (3\u00b0C a 6\u00b0C) y push met\u00e1lico. Ideal para restaurantes, cafeter\u00edas, hoteles y eventos.<\/p>\n","protected":false},"featured_media":17015,"comment_status":"open","ping_status":"closed","template":"","meta":[],"product_brand":[],"product_cat":[150,235,161],"product_tag":[260,223],"class_list":{"0":"post-17012","1":"product","2":"type-product","3":"status-publish","4":"has-post-thumbnail","6":"product_cat-preparacion-de-bebidas","7":"product_cat-dispensadores-de-bebidas","8":"product_cat-comida-divertida","9":"product_tag-bebidas","10":"product_tag-dispensador-de-bebidas","12":"first","13":"instock","14":"featured","15":"shipping-taxable","16":"purchasable","17":"product-type-simple"},"yoast_head":"<!-- This site is optimized with the Yoast SEO plugin v27.3 - https:\/\/yoast.com\/product\/yoast-seo-wordpress\/ -->\n<title>Dispensador de Jugos Fr\u00edos | 2 Tanques | 17 Litros por Tanque - Fuller Machinery<\/title>\n<meta name=\"description\" content=\"Ofrece bebidas fr\u00edas de forma constante y profesional con nuestro dispensador de jugos el\u00e9ctrico de 2 tanques (17 litros cada uno). Control autom\u00e1tico de temperatura y push de metal. Ideal para hosteler\u00eda, eventos y cafeter\u00edas.\" \/>\n<meta name=\"robots\" content=\"index, follow, max-snippet:-1, max-image-preview:large, max-video-preview:-1\" \/>\n<link rel=\"canonical\" href=\"https:\/\/tienda.fullermachinery.com\/index.php\/producto\/dispensador-jugos-2-tanques-electrico-acero-inoxidable\/\" \/>\n<meta property=\"og:locale\" content=\"es_ES\" \/>\n<meta property=\"og:type\" content=\"article\" \/>\n<meta property=\"og:title\" content=\"Dispensador de Jugos Fr\u00edos | 2 Tanques | 17 Litros por Tanque - Fuller Machinery\" \/>\n<meta property=\"og:description\" content=\"Ofrece bebidas fr\u00edas de forma constante y profesional con nuestro dispensador de jugos el\u00e9ctrico de 2 tanques (17 litros cada uno). Control autom\u00e1tico de temperatura y push de metal. Ideal para hosteler\u00eda, eventos y cafeter\u00edas.\" \/>\n<meta property=\"og:url\" content=\"https:\/\/tienda.fullermachinery.com\/index.php\/producto\/dispensador-jugos-2-tanques-electrico-acero-inoxidable\/\" \/>\n<meta property=\"og:site_name\" content=\"Fuller Machinery\" \/>\n<meta property=\"article:modified_time\" content=\"2025-07-10T14:46:42+00:00\" \/>\n<meta property=\"og:image\" content=\"https:\/\/tienda.fullermachinery.com\/wp-content\/uploads\/2024\/07\/Dispensdor-de-bebidas-electrico-x-2-tanque-17lt-2.png\" \/>\n\t<meta property=\"og:image:width\" content=\"2000\" \/>\n\t<meta property=\"og:image:height\" content=\"2000\" \/>\n\t<meta property=\"og:image:type\" content=\"image\/png\" \/>\n<meta name=\"twitter:card\" content=\"summary_large_image\" \/>\n<meta name=\"twitter:label1\" content=\"Tiempo de lectura\" \/>\n\t<meta name=\"twitter:data1\" content=\"2 minutos\" \/>\n<script type=\"application\/ld+json\" class=\"yoast-schema-graph\">{\"@context\":\"https:\\\/\\\/schema.org\",\"@graph\":[{\"@type\":\"WebPage\",\"@id\":\"https:\\\/\\\/tienda.fullermachinery.com\\\/index.php\\\/producto\\\/dispensador-jugos-2-tanques-electrico-acero-inoxidable\\\/\",\"url\":\"https:\\\/\\\/tienda.fullermachinery.com\\\/index.php\\\/producto\\\/dispensador-jugos-2-tanques-electrico-acero-inoxidable\\\/\",\"name\":\"Dispensador de Jugos Fr\u00edos | 2 Tanques | 17 Litros por Tanque - Fuller Machinery\",\"isPartOf\":{\"@id\":\"https:\\\/\\\/tienda.fullermachinery.com\\\/#website\"},\"primaryImageOfPage\":{\"@id\":\"https:\\\/\\\/tienda.fullermachinery.com\\\/index.php\\\/producto\\\/dispensador-jugos-2-tanques-electrico-acero-inoxidable\\\/#primaryimage\"},\"image\":{\"@id\":\"https:\\\/\\\/tienda.fullermachinery.com\\\/index.php\\\/producto\\\/dispensador-jugos-2-tanques-electrico-acero-inoxidable\\\/#primaryimage\"},\"thumbnailUrl\":\"https:\\\/\\\/tienda.fullermachinery.com\\\/wp-content\\\/uploads\\\/2024\\\/07\\\/Dispensdor-de-bebidas-electrico-x-2-tanque-17lt-2.png\",\"datePublished\":\"2024-07-18T09:10:29+00:00\",\"dateModified\":\"2025-07-10T14:46:42+00:00\",\"description\":\"Ofrece bebidas fr\u00edas de forma constante y profesional con nuestro dispensador de jugos el\u00e9ctrico de 2 tanques (17 litros cada uno). Control autom\u00e1tico de temperatura y push de metal. Ideal para hosteler\u00eda, eventos y cafeter\u00edas.\",\"breadcrumb\":{\"@id\":\"https:\\\/\\\/tienda.fullermachinery.com\\\/index.php\\\/producto\\\/dispensador-jugos-2-tanques-electrico-acero-inoxidable\\\/#breadcrumb\"},\"inLanguage\":\"es\",\"potentialAction\":[{\"@type\":\"ReadAction\",\"target\":[\"https:\\\/\\\/tienda.fullermachinery.com\\\/index.php\\\/producto\\\/dispensador-jugos-2-tanques-electrico-acero-inoxidable\\\/\"]}]},{\"@type\":\"ImageObject\",\"inLanguage\":\"es\",\"@id\":\"https:\\\/\\\/tienda.fullermachinery.com\\\/index.php\\\/producto\\\/dispensador-jugos-2-tanques-electrico-acero-inoxidable\\\/#primaryimage\",\"url\":\"https:\\\/\\\/tienda.fullermachinery.com\\\/wp-content\\\/uploads\\\/2024\\\/07\\\/Dispensdor-de-bebidas-electrico-x-2-tanque-17lt-2.png\",\"contentUrl\":\"https:\\\/\\\/tienda.fullermachinery.com\\\/wp-content\\\/uploads\\\/2024\\\/07\\\/Dispensdor-de-bebidas-electrico-x-2-tanque-17lt-2.png\",\"width\":2000,\"height\":2000,\"caption\":\"El dispensador de jugos el\u00e9ctrico de 2 tanques es un dispositivo dise\u00f1ado para almacenar, refrigerar y dispensar bebidas fr\u00edas de forma eficiente.\"},{\"@type\":\"BreadcrumbList\",\"@id\":\"https:\\\/\\\/tienda.fullermachinery.com\\\/index.php\\\/producto\\\/dispensador-jugos-2-tanques-electrico-acero-inoxidable\\\/#breadcrumb\",\"itemListElement\":[{\"@type\":\"ListItem\",\"position\":1,\"name\":\"Portada\",\"item\":\"https:\\\/\\\/tienda.fullermachinery.com\\\/\"},{\"@type\":\"ListItem\",\"position\":2,\"name\":\"Productos\",\"item\":\"https:\\\/\\\/tienda.fullermachinery.com\\\/index.php\\\/shop\\\/\"},{\"@type\":\"ListItem\",\"position\":3,\"name\":\"Dispensador de Jugos Fr\u00edos | 2 Tanques | 17 Litros por Tanque\"}]},{\"@type\":\"WebSite\",\"@id\":\"https:\\\/\\\/tienda.fullermachinery.com\\\/#website\",\"url\":\"https:\\\/\\\/tienda.fullermachinery.com\\\/\",\"name\":\"Fuller Machinery\",\"description\":\"Importaci\u00f3n y comercializaci\u00f3n de m\u00e1quinas industriales para el sector de alimentos\",\"publisher\":{\"@id\":\"https:\\\/\\\/tienda.fullermachinery.com\\\/#organization\"},\"potentialAction\":[{\"@type\":\"SearchAction\",\"target\":{\"@type\":\"EntryPoint\",\"urlTemplate\":\"https:\\\/\\\/tienda.fullermachinery.com\\\/?s={search_term_string}\"},\"query-input\":{\"@type\":\"PropertyValueSpecification\",\"valueRequired\":true,\"valueName\":\"search_term_string\"}}],\"inLanguage\":\"es\"},{\"@type\":\"Organization\",\"@id\":\"https:\\\/\\\/tienda.fullermachinery.com\\\/#organization\",\"name\":\"Fuller Machinery\",\"url\":\"https:\\\/\\\/tienda.fullermachinery.com\\\/\",\"logo\":{\"@type\":\"ImageObject\",\"inLanguage\":\"es\",\"@id\":\"https:\\\/\\\/tienda.fullermachinery.com\\\/#\\\/schema\\\/logo\\\/image\\\/\",\"url\":\"https:\\\/\\\/tienda.fullermachinery.com\\\/wp-content\\\/uploads\\\/2023\\\/08\\\/logo-fuller-transparente.png\",\"contentUrl\":\"https:\\\/\\\/tienda.fullermachinery.com\\\/wp-content\\\/uploads\\\/2023\\\/08\\\/logo-fuller-transparente.png\",\"width\":2208,\"height\":644,\"caption\":\"Fuller Machinery\"},\"image\":{\"@id\":\"https:\\\/\\\/tienda.fullermachinery.com\\\/#\\\/schema\\\/logo\\\/image\\\/\"}}]}<\/script>\n<!-- \/ Yoast SEO plugin. -->","yoast_head_json":{"title":"Dispensador de Jugos Fr\u00edos | 2 Tanques | 17 Litros por Tanque - Fuller Machinery","description":"Ofrece bebidas fr\u00edas de forma constante y profesional con nuestro dispensador de jugos el\u00e9ctrico de 2 tanques (17 litros cada uno). Control autom\u00e1tico de temperatura y push de metal. Ideal para hosteler\u00eda, eventos y cafeter\u00edas.","robots":{"index":"index","follow":"follow","max-snippet":"max-snippet:-1","max-image-preview":"max-image-preview:large","max-video-preview":"max-video-preview:-1"},"canonical":"https:\/\/tienda.fullermachinery.com\/index.php\/producto\/dispensador-jugos-2-tanques-electrico-acero-inoxidable\/","og_locale":"es_ES","og_type":"article","og_title":"Dispensador de Jugos Fr\u00edos | 2 Tanques | 17 Litros por Tanque - Fuller Machinery","og_description":"Ofrece bebidas fr\u00edas de forma constante y profesional con nuestro dispensador de jugos el\u00e9ctrico de 2 tanques (17 litros cada uno). Control autom\u00e1tico de temperatura y push de metal. Ideal para hosteler\u00eda, eventos y cafeter\u00edas.","og_url":"https:\/\/tienda.fullermachinery.com\/index.php\/producto\/dispensador-jugos-2-tanques-electrico-acero-inoxidable\/","og_site_name":"Fuller Machinery","article_modified_time":"2025-07-10T14:46:42+00:00","og_image":[{"width":2000,"height":2000,"url":"https:\/\/tienda.fullermachinery.com\/wp-content\/uploads\/2024\/07\/Dispensdor-de-bebidas-electrico-x-2-tanque-17lt-2.png","type":"image\/png"}],"twitter_card":"summary_large_image","twitter_misc":{"Tiempo de lectura":"2 minutos"},"schema":{"@context":"https:\/\/schema.org","@graph":[{"@type":"WebPage","@id":"https:\/\/tienda.fullermachinery.com\/index.php\/producto\/dispensador-jugos-2-tanques-electrico-acero-inoxidable\/","url":"https:\/\/tienda.fullermachinery.com\/index.php\/producto\/dispensador-jugos-2-tanques-electrico-acero-inoxidable\/","name":"Dispensador de Jugos Fr\u00edos | 2 Tanques | 17 Litros por Tanque - Fuller Machinery","isPartOf":{"@id":"https:\/\/tienda.fullermachinery.com\/#website"},"primaryImageOfPage":{"@id":"https:\/\/tienda.fullermachinery.com\/index.php\/producto\/dispensador-jugos-2-tanques-electrico-acero-inoxidable\/#primaryimage"},"image":{"@id":"https:\/\/tienda.fullermachinery.com\/index.php\/producto\/dispensador-jugos-2-tanques-electrico-acero-inoxidable\/#primaryimage"},"thumbnailUrl":"https:\/\/tienda.fullermachinery.com\/wp-content\/uploads\/2024\/07\/Dispensdor-de-bebidas-electrico-x-2-tanque-17lt-2.png","datePublished":"2024-07-18T09:10:29+00:00","dateModified":"2025-07-10T14:46:42+00:00","description":"Ofrece bebidas fr\u00edas de forma constante y profesional con nuestro dispensador de jugos el\u00e9ctrico de 2 tanques (17 litros cada uno). Control autom\u00e1tico de temperatura y push de metal. Ideal para hosteler\u00eda, eventos y cafeter\u00edas.","breadcrumb":{"@id":"https:\/\/tienda.fullermachinery.com\/index.php\/producto\/dispensador-jugos-2-tanques-electrico-acero-inoxidable\/#breadcrumb"},"inLanguage":"es","potentialAction":[{"@type":"ReadAction","target":["https:\/\/tienda.fullermachinery.com\/index.php\/producto\/dispensador-jugos-2-tanques-electrico-acero-inoxidable\/"]}]},{"@type":"ImageObject","inLanguage":"es","@id":"https:\/\/tienda.fullermachinery.com\/index.php\/producto\/dispensador-jugos-2-tanques-electrico-acero-inoxidable\/#primaryimage","url":"https:\/\/tienda.fullermachinery.com\/wp-content\/uploads\/2024\/07\/Dispensdor-de-bebidas-electrico-x-2-tanque-17lt-2.png","contentUrl":"https:\/\/tienda.fullermachinery.com\/wp-content\/uploads\/2024\/07\/Dispensdor-de-bebidas-electrico-x-2-tanque-17lt-2.png","width":2000,"height":2000,"caption":"El dispensador de jugos el\u00e9ctrico de 2 tanques es un dispositivo dise\u00f1ado para almacenar, refrigerar y dispensar bebidas fr\u00edas de forma eficiente."},{"@type":"BreadcrumbList","@id":"https:\/\/tienda.fullermachinery.com\/index.php\/producto\/dispensador-jugos-2-tanques-electrico-acero-inoxidable\/#breadcrumb","itemListElement":[{"@type":"ListItem","position":1,"name":"Portada","item":"https:\/\/tienda.fullermachinery.com\/"},{"@type":"ListItem","position":2,"name":"Productos","item":"https:\/\/tienda.fullermachinery.com\/index.php\/shop\/"},{"@type":"ListItem","position":3,"name":"Dispensador de Jugos Fr\u00edos | 2 Tanques | 17 Litros por Tanque"}]},{"@type":"WebSite","@id":"https:\/\/tienda.fullermachinery.com\/#website","url":"https:\/\/tienda.fullermachinery.com\/","name":"Fuller Machinery","description":"Importaci\u00f3n y comercializaci\u00f3n de m\u00e1quinas industriales para el sector de alimentos","publisher":{"@id":"https:\/\/tienda.fullermachinery.com\/#organization"},"potentialAction":[{"@type":"SearchAction","target":{"@type":"EntryPoint","urlTemplate":"https:\/\/tienda.fullermachinery.com\/?s={search_term_string}"},"query-input":{"@type":"PropertyValueSpecification","valueRequired":true,"valueName":"search_term_string"}}],"inLanguage":"es"},{"@type":"Organization","@id":"https:\/\/tienda.fullermachinery.com\/#organization","name":"Fuller Machinery","url":"https:\/\/tienda.fullermachinery.com\/","logo":{"@type":"ImageObject","inLanguage":"es","@id":"https:\/\/tienda.fullermachinery.com\/#\/schema\/logo\/image\/","url":"https:\/\/tienda.fullermachinery.com\/wp-content\/uploads\/2023\/08\/logo-fuller-transparente.png","contentUrl":"https:\/\/tienda.fullermachinery.com\/wp-content\/uploads\/2023\/08\/logo-fuller-transparente.png","width":2208,"height":644,"caption":"Fuller Machinery"},"image":{"@id":"https:\/\/tienda.fullermachinery.com\/#\/schema\/logo\/image\/"}}]}},"jetpack_sharing_enabled":true,"_links":{"self":[{"href":"https:\/\/tienda.fullermachinery.com\/index.php\/wp-json\/wp\/v2\/product\/17012","targetHints":{"allow":["GET"]}}],"collection":[{"href":"https:\/\/tienda.fullermachinery.com\/index.php\/wp-json\/wp\/v2\/product"}],"about":[{"href":"https:\/\/tienda.fullermachinery.com\/index.php\/wp-json\/wp\/v2\/types\/product"}],"replies":[{"embeddable":true,"href":"https:\/\/tienda.fullermachinery.com\/index.php\/wp-json\/wp\/v2\/comments?post=17012"}],"version-history":[{"count":6,"href":"https:\/\/tienda.fullermachinery.com\/index.php\/wp-json\/wp\/v2\/product\/17012\/revisions"}],"predecessor-version":[{"id":18554,"href":"https:\/\/tienda.fullermachinery.com\/index.php\/wp-json\/wp\/v2\/product\/17012\/revisions\/18554"}],"wp:featuredmedia":[{"embeddable":true,"href":"https:\/\/tienda.fullermachinery.com\/index.php\/wp-json\/wp\/v2\/media\/17015"}],"wp:attachment":[{"href":"https:\/\/tienda.fullermachinery.com\/index.php\/wp-json\/wp\/v2\/media?parent=17012"}],"wp:term":[{"taxonomy":"product_brand","embeddable":true,"href":"https:\/\/tienda.fullermachinery.com\/index.php\/wp-json\/wp\/v2\/product_brand?post=17012"},{"taxonomy":"product_cat","embeddable":true,"href":"https:\/\/tienda.fullermachinery.com\/index.php\/wp-json\/wp\/v2\/product_cat?post=17012"},{"taxonomy":"product_tag","embeddable":true,"href":"https:\/\/tienda.fullermachinery.com\/index.php\/wp-json\/wp\/v2\/product_tag?post=17012"}],"curies":[{"name":"wp","href":"https:\/\/api.w.org\/{rel}","templated":true}]}}