{"id":16969,"date":"2024-07-18T03:24:05","date_gmt":"2024-07-18T08:24:05","guid":{"rendered":"https:\/\/tienda.fullermachinery.com\/?post_type=product&#038;p=16969"},"modified":"2025-07-21T09:29:26","modified_gmt":"2025-07-21T14:29:26","slug":"gramera-5000-gr-digital-tazon-ovalada","status":"publish","type":"product","link":"https:\/\/tienda.fullermachinery.com\/index.php\/producto\/gramera-5000-gr-digital-tazon-ovalada\/","title":{"rendered":"BALANZA GRAMERA DIGITAL 500GR CON TAZON OVALADO | Precisi\u00f3n 1g | Capacidad 5000g | Sensor Alta Precisi\u00f3n | Pantalla LCD"},"content":{"rendered":"\t\t<div data-elementor-type=\"wp-post\" data-elementor-id=\"16969\" class=\"elementor elementor-16969\">\n\t\t\t\t\t\t<section class=\"elementor-section elementor-top-section elementor-element elementor-element-4f4d155 elementor-section-boxed elementor-section-height-default elementor-section-height-default wd-section-disabled\" data-id=\"4f4d155\" data-element_type=\"section\" data-e-type=\"section\">\n\t\t\t\t\t\t<div class=\"elementor-container elementor-column-gap-default\">\n\t\t\t\t\t<div class=\"elementor-column elementor-col-100 elementor-top-column elementor-element elementor-element-2a15f7e\" data-id=\"2a15f7e\" data-element_type=\"column\" data-e-type=\"column\">\n\t\t\t<div class=\"elementor-widget-wrap elementor-element-populated\">\n\t\t\t\t\t\t<div class=\"elementor-element elementor-element-91e9f9c elementor-widget elementor-widget-wd_text_block\" data-id=\"91e9f9c\" data-element_type=\"widget\" data-e-type=\"widget\" data-widget_type=\"wd_text_block.default\">\n\t\t\t\t<div class=\"elementor-widget-container\">\n\t\t\t\t\t\t\t<div class=\"wd-text-block reset-last-child text-left\">\n\t\t\t\n\t\t\t<h2 data-start=\"130\" data-end=\"228\">\ud83d\udccf <strong data-start=\"136\" data-end=\"228\">Gramera Balanza con Taz\u00f3n Ovalado \u2014 Precisi\u00f3n, Elegancia y Versatilidad en Cada Medici\u00f3n<\/strong><\/h2><p data-start=\"230\" data-end=\"547\">La <strong data-start=\"233\" data-end=\"270\">Gramera Balanza con Taz\u00f3n Ovalado<\/strong> es la herramienta ideal para quienes exigen exactitud y comodidad a la hora de pesar ingredientes, materiales o peque\u00f1os objetos. Dise\u00f1ada para adaptarse a entornos dom\u00e9sticos y profesionales, combina un dise\u00f1o compacto y elegante con tecnolog\u00eda de medici\u00f3n de alta precisi\u00f3n.<\/p><hr data-start=\"549\" data-end=\"552\" \/><h3 data-start=\"554\" data-end=\"591\">\u2705 <strong data-start=\"560\" data-end=\"591\">Caracter\u00edsticas Principales<\/strong><\/h3><p data-start=\"593\" data-end=\"813\">\ud83d\udd39 <strong data-start=\"596\" data-end=\"636\">Capacidad y Precisi\u00f3n Excepcionales:<\/strong><br data-start=\"636\" data-end=\"639\" \/>Con una capacidad m\u00e1xima de <strong data-start=\"667\" data-end=\"690\">5,000 gramos (5 kg)<\/strong> y una graduaci\u00f3n de <strong data-start=\"711\" data-end=\"722\">1 gramo<\/strong>, podr\u00e1s pesar desde especias delicadas hasta ingredientes voluminosos con total confianza.<\/p><p data-start=\"815\" data-end=\"1042\">\ud83d\udd39 <strong data-start=\"818\" data-end=\"850\">Dise\u00f1o Compacto y Funcional:<\/strong><br data-start=\"850\" data-end=\"853\" \/>Sus dimensiones de <strong data-start=\"872\" data-end=\"920\">18 cm (largo) x 10 cm (ancho) x 10 cm (alto)<\/strong> hacen que se integre f\u00e1cilmente en cualquier espacio de trabajo, optimizando tu cocina, laboratorio o \u00e1rea de producci\u00f3n.<\/p><p data-start=\"1044\" data-end=\"1257\">\ud83d\udd39 <strong data-start=\"1047\" data-end=\"1076\">Taz\u00f3n Ovalado Ergon\u00f3mico:<\/strong><br data-start=\"1076\" data-end=\"1079\" \/>El taz\u00f3n ovalado no solo aporta estabilidad durante el pesaje, sino que tambi\u00e9n facilita la manipulaci\u00f3n de ingredientes, evitando derrames y garantizando resultados m\u00e1s limpios.<\/p><p data-start=\"1259\" data-end=\"1436\">\ud83d\udd39 <strong data-start=\"1262\" data-end=\"1301\">Sensor de Pesaje de Alta Precisi\u00f3n:<\/strong><br data-start=\"1301\" data-end=\"1304\" \/>Equipada con un sensor inteligente que asegura lecturas exactas y consistentes, ideal para trabajos que requieren m\u00e1xima fiabilidad.<\/p><p data-start=\"1438\" data-end=\"1470\">\ud83d\udd39 <strong data-start=\"1441\" data-end=\"1468\">Funciones Inteligentes:<\/strong><\/p><ul data-start=\"1471\" data-end=\"1782\"><li data-start=\"1471\" data-end=\"1563\"><p data-start=\"1473\" data-end=\"1563\"><strong data-start=\"1473\" data-end=\"1490\">Funci\u00f3n Cero:<\/strong> Ajusta el peso para ignorar el recipiente y obtener solo el peso neto.<\/p><\/li><li data-start=\"1564\" data-end=\"1660\"><p data-start=\"1566\" data-end=\"1660\"><strong data-start=\"1566\" data-end=\"1594\">Funci\u00f3n de Conteo (1 g):<\/strong> Perfecta para contar piezas peque\u00f1as con precisi\u00f3n milim\u00e9trica.<\/p><\/li><li data-start=\"1661\" data-end=\"1782\"><p data-start=\"1663\" data-end=\"1782\"><strong data-start=\"1663\" data-end=\"1708\">Indicadores de Bater\u00eda Baja y Sobrecarga:<\/strong> Mantente informado y evita errores por falta de energ\u00eda o exceso de peso.<\/p><\/li><\/ul><p data-start=\"1784\" data-end=\"1930\">\ud83d\udd39 <strong data-start=\"1787\" data-end=\"1810\">Pantalla LCD Clara:<\/strong><br data-start=\"1810\" data-end=\"1813\" \/>Su pantalla <strong data-start=\"1825\" data-end=\"1846\">LCD de 48 x 18 mm<\/strong> ofrece una visualizaci\u00f3n n\u00edtida de los valores, incluso en condiciones de poca luz.<\/p><p data-start=\"1932\" data-end=\"2105\">\ud83d\udd39 <strong data-start=\"1935\" data-end=\"1958\">Materiales Premium:<\/strong><br data-start=\"1958\" data-end=\"1961\" \/>Fabricada con <strong data-start=\"1975\" data-end=\"2002\">ABS de alta resistencia<\/strong> y una plataforma de <strong data-start=\"2023\" data-end=\"2050\">vidrio templado de 4 mm<\/strong>, combina durabilidad con un dise\u00f1o elegante y moderno.<\/p><p data-start=\"2107\" data-end=\"2227\">\ud83d\udd39 <strong data-start=\"2110\" data-end=\"2130\">Lista para Usar:<\/strong><br data-start=\"2130\" data-end=\"2133\" \/>Incluye las pilas necesarias para que puedas empezar a pesar de inmediato, sin complicaciones.<\/p><hr data-start=\"2229\" data-end=\"2232\" \/><h3 data-start=\"2234\" data-end=\"2270\">\ud83c\udfaf <strong data-start=\"2241\" data-end=\"2270\">Aplicaciones Recomendadas<\/strong><\/h3><p data-start=\"2272\" data-end=\"2738\">\u2714\ufe0f <strong data-start=\"2275\" data-end=\"2299\">Cocina y Reposter\u00eda:<\/strong> Mide con precisi\u00f3n cada ingrediente para garantizar resultados deliciosos y consistentes en tus recetas.<br data-start=\"2404\" data-end=\"2407\" \/>\u2714\ufe0f <strong data-start=\"2410\" data-end=\"2438\">Laboratorios y Talleres:<\/strong> Ideal para pesar sustancias, muestras o componentes delicados.<br data-start=\"2501\" data-end=\"2504\" \/>\u2714\ufe0f <strong data-start=\"2507\" data-end=\"2541\">Comercios y Producci\u00f3n Ligera:<\/strong> \u00datil para control de calidad y embalaje de productos peque\u00f1os.<br data-start=\"2604\" data-end=\"2607\" \/>\u2714\ufe0f <strong data-start=\"2610\" data-end=\"2627\">Uso Personal:<\/strong> Perfecta para quienes cuidan cada detalle, desde porciones de dieta hasta hobbies como joyer\u00eda o manualidades.<\/p><hr data-start=\"2740\" data-end=\"2743\" \/><h3 data-start=\"2745\" data-end=\"2766\">\ud83d\udce6 <strong data-start=\"2752\" data-end=\"2766\">En Resumen<\/strong><\/h3><p data-start=\"2768\" data-end=\"3008\">La <strong data-start=\"2771\" data-end=\"2808\">Gramera Balanza con Taz\u00f3n Ovalado<\/strong> es mucho m\u00e1s que una b\u00e1scula: es tu aliada para trabajar con precisi\u00f3n, rapidez y comodidad. Con su tecnolog\u00eda de alta calidad y dise\u00f1o pr\u00e1ctico, garantiza resultados confiables cada vez que la uses.<\/p>\n\t\t\t\t\t<\/div>\n\t\t\t\t\t\t<\/div>\n\t\t\t\t<\/div>\n\t\t\t\t\t<\/div>\n\t\t<\/div>\n\t\t\t\t\t<\/div>\n\t\t<\/section>\n\t\t\t\t<\/div>\n\t\t","protected":false},"excerpt":{"rendered":"<p>Obt\u00e9n mediciones precisas y confiables con la Gramera Balanza con Taz\u00f3n Ovalado. Capacidad de 5 kg, precisi\u00f3n de 1 g, sensor de pesaje de alta calidad y pantalla LCD clara. Ideal para cocina, reposter\u00eda, laboratorios y m\u00e1s.<\/p>\n","protected":false},"featured_media":17173,"comment_status":"open","ping_status":"closed","template":"","meta":[],"product_brand":[302],"product_cat":[189,251],"product_tag":[441,445,444,442,440,443],"class_list":{"0":"post-16969","1":"product","2":"type-product","3":"status-publish","4":"has-post-thumbnail","6":"product_brand-fuller-machinery","7":"product_cat-linea-de-pesaje","8":"product_cat-grameras","9":"product_tag-balanza-digital-5kg","10":"product_tag-balanza-para-cocina-y-reposteria","11":"product_tag-bascula-con-funcion-de-conteo","12":"product_tag-bascula-de-cocina-precisa","13":"product_tag-gramera-con-tazon-ovalado","14":"product_tag-gramera-electronica-de-alta-precision","16":"first","17":"instock","18":"featured","19":"shipping-taxable","20":"purchasable","21":"product-type-simple"},"yoast_head":"<!-- This site is optimized with the Yoast SEO plugin v27.4 - https:\/\/yoast.com\/product\/yoast-seo-wordpress\/ -->\n<title>BALANZA GRAMERA DIGITAL 500GR CON TAZON OVALADO | Precisi\u00f3n 1g | Capacidad 5000g | Sensor Alta Precisi\u00f3n | Pantalla LCD - Fuller Machinery<\/title>\n<meta name=\"description\" content=\"Compra la Gramera Balanza con Taz\u00f3n Ovalado de 5000 g de capacidad y precisi\u00f3n de 1 g. Sensor de alta precisi\u00f3n, funci\u00f3n cero y conteo, dise\u00f1o compacto y pantalla LCD. Perfecta para hogar y uso profesional.\" \/>\n<meta name=\"robots\" content=\"index, follow, max-snippet:-1, max-image-preview:large, max-video-preview:-1\" \/>\n<link rel=\"canonical\" href=\"https:\/\/tienda.fullermachinery.com\/index.php\/producto\/gramera-5000-gr-digital-tazon-ovalada\/\" \/>\n<meta property=\"og:locale\" content=\"es_ES\" \/>\n<meta property=\"og:type\" content=\"article\" \/>\n<meta property=\"og:title\" content=\"BALANZA GRAMERA DIGITAL 500GR CON TAZON OVALADO | Precisi\u00f3n 1g | Capacidad 5000g | Sensor Alta Precisi\u00f3n | Pantalla LCD - Fuller Machinery\" \/>\n<meta property=\"og:description\" content=\"Compra la Gramera Balanza con Taz\u00f3n Ovalado de 5000 g de capacidad y precisi\u00f3n de 1 g. Sensor de alta precisi\u00f3n, funci\u00f3n cero y conteo, dise\u00f1o compacto y pantalla LCD. Perfecta para hogar y uso profesional.\" \/>\n<meta property=\"og:url\" content=\"https:\/\/tienda.fullermachinery.com\/index.php\/producto\/gramera-5000-gr-digital-tazon-ovalada\/\" \/>\n<meta property=\"og:site_name\" content=\"Fuller Machinery\" \/>\n<meta property=\"article:modified_time\" content=\"2025-07-21T14:29:26+00:00\" \/>\n<meta property=\"og:image\" content=\"https:\/\/tienda.fullermachinery.com\/wp-content\/uploads\/2024\/07\/4-1.jpg\" \/>\n\t<meta property=\"og:image:width\" content=\"2000\" \/>\n\t<meta property=\"og:image:height\" content=\"2000\" \/>\n\t<meta property=\"og:image:type\" content=\"image\/jpeg\" \/>\n<meta name=\"twitter:card\" content=\"summary_large_image\" \/>\n<meta name=\"twitter:label1\" content=\"Tiempo de lectura\" \/>\n\t<meta name=\"twitter:data1\" content=\"3 minutos\" \/>\n<script type=\"application\/ld+json\" class=\"yoast-schema-graph\">{\"@context\":\"https:\\\/\\\/schema.org\",\"@graph\":[{\"@type\":\"WebPage\",\"@id\":\"https:\\\/\\\/tienda.fullermachinery.com\\\/index.php\\\/producto\\\/gramera-5000-gr-digital-tazon-ovalada\\\/\",\"url\":\"https:\\\/\\\/tienda.fullermachinery.com\\\/index.php\\\/producto\\\/gramera-5000-gr-digital-tazon-ovalada\\\/\",\"name\":\"BALANZA GRAMERA DIGITAL 500GR CON TAZON OVALADO | Precisi\u00f3n 1g | Capacidad 5000g | Sensor Alta Precisi\u00f3n | Pantalla LCD - Fuller Machinery\",\"isPartOf\":{\"@id\":\"https:\\\/\\\/tienda.fullermachinery.com\\\/#website\"},\"primaryImageOfPage\":{\"@id\":\"https:\\\/\\\/tienda.fullermachinery.com\\\/index.php\\\/producto\\\/gramera-5000-gr-digital-tazon-ovalada\\\/#primaryimage\"},\"image\":{\"@id\":\"https:\\\/\\\/tienda.fullermachinery.com\\\/index.php\\\/producto\\\/gramera-5000-gr-digital-tazon-ovalada\\\/#primaryimage\"},\"thumbnailUrl\":\"https:\\\/\\\/tienda.fullermachinery.com\\\/wp-content\\\/uploads\\\/2024\\\/07\\\/4-1.jpg\",\"datePublished\":\"2024-07-18T08:24:05+00:00\",\"dateModified\":\"2025-07-21T14:29:26+00:00\",\"description\":\"Compra la Gramera Balanza con Taz\u00f3n Ovalado de 5000 g de capacidad y precisi\u00f3n de 1 g. Sensor de alta precisi\u00f3n, funci\u00f3n cero y conteo, dise\u00f1o compacto y pantalla LCD. Perfecta para hogar y uso profesional.\",\"breadcrumb\":{\"@id\":\"https:\\\/\\\/tienda.fullermachinery.com\\\/index.php\\\/producto\\\/gramera-5000-gr-digital-tazon-ovalada\\\/#breadcrumb\"},\"inLanguage\":\"es\",\"potentialAction\":[{\"@type\":\"ReadAction\",\"target\":[\"https:\\\/\\\/tienda.fullermachinery.com\\\/index.php\\\/producto\\\/gramera-5000-gr-digital-tazon-ovalada\\\/\"]}]},{\"@type\":\"ImageObject\",\"inLanguage\":\"es\",\"@id\":\"https:\\\/\\\/tienda.fullermachinery.com\\\/index.php\\\/producto\\\/gramera-5000-gr-digital-tazon-ovalada\\\/#primaryimage\",\"url\":\"https:\\\/\\\/tienda.fullermachinery.com\\\/wp-content\\\/uploads\\\/2024\\\/07\\\/4-1.jpg\",\"contentUrl\":\"https:\\\/\\\/tienda.fullermachinery.com\\\/wp-content\\\/uploads\\\/2024\\\/07\\\/4-1.jpg\",\"width\":2000,\"height\":2000},{\"@type\":\"BreadcrumbList\",\"@id\":\"https:\\\/\\\/tienda.fullermachinery.com\\\/index.php\\\/producto\\\/gramera-5000-gr-digital-tazon-ovalada\\\/#breadcrumb\",\"itemListElement\":[{\"@type\":\"ListItem\",\"position\":1,\"name\":\"Portada\",\"item\":\"https:\\\/\\\/tienda.fullermachinery.com\\\/\"},{\"@type\":\"ListItem\",\"position\":2,\"name\":\"Productos\",\"item\":\"https:\\\/\\\/tienda.fullermachinery.com\\\/index.php\\\/shop\\\/\"},{\"@type\":\"ListItem\",\"position\":3,\"name\":\"BALANZA GRAMERA DIGITAL 500GR CON TAZON OVALADO | Precisi\u00f3n 1g | Capacidad 5000g | Sensor Alta Precisi\u00f3n | Pantalla LCD\"}]},{\"@type\":\"WebSite\",\"@id\":\"https:\\\/\\\/tienda.fullermachinery.com\\\/#website\",\"url\":\"https:\\\/\\\/tienda.fullermachinery.com\\\/\",\"name\":\"Fuller Machinery\",\"description\":\"Importaci\u00f3n y comercializaci\u00f3n de m\u00e1quinas industriales para el sector de alimentos\",\"publisher\":{\"@id\":\"https:\\\/\\\/tienda.fullermachinery.com\\\/#organization\"},\"potentialAction\":[{\"@type\":\"SearchAction\",\"target\":{\"@type\":\"EntryPoint\",\"urlTemplate\":\"https:\\\/\\\/tienda.fullermachinery.com\\\/?s={search_term_string}\"},\"query-input\":{\"@type\":\"PropertyValueSpecification\",\"valueRequired\":true,\"valueName\":\"search_term_string\"}}],\"inLanguage\":\"es\"},{\"@type\":\"Organization\",\"@id\":\"https:\\\/\\\/tienda.fullermachinery.com\\\/#organization\",\"name\":\"Fuller Machinery\",\"url\":\"https:\\\/\\\/tienda.fullermachinery.com\\\/\",\"logo\":{\"@type\":\"ImageObject\",\"inLanguage\":\"es\",\"@id\":\"https:\\\/\\\/tienda.fullermachinery.com\\\/#\\\/schema\\\/logo\\\/image\\\/\",\"url\":\"https:\\\/\\\/tienda.fullermachinery.com\\\/wp-content\\\/uploads\\\/2023\\\/08\\\/logo-fuller-transparente.png\",\"contentUrl\":\"https:\\\/\\\/tienda.fullermachinery.com\\\/wp-content\\\/uploads\\\/2023\\\/08\\\/logo-fuller-transparente.png\",\"width\":2208,\"height\":644,\"caption\":\"Fuller Machinery\"},\"image\":{\"@id\":\"https:\\\/\\\/tienda.fullermachinery.com\\\/#\\\/schema\\\/logo\\\/image\\\/\"}}]}<\/script>\n<!-- \/ Yoast SEO plugin. -->","yoast_head_json":{"title":"BALANZA GRAMERA DIGITAL 500GR CON TAZON OVALADO | Precisi\u00f3n 1g | Capacidad 5000g | Sensor Alta Precisi\u00f3n | Pantalla LCD - Fuller Machinery","description":"Compra la Gramera Balanza con Taz\u00f3n Ovalado de 5000 g de capacidad y precisi\u00f3n de 1 g. Sensor de alta precisi\u00f3n, funci\u00f3n cero y conteo, dise\u00f1o compacto y pantalla LCD. Perfecta para hogar y uso profesional.","robots":{"index":"index","follow":"follow","max-snippet":"max-snippet:-1","max-image-preview":"max-image-preview:large","max-video-preview":"max-video-preview:-1"},"canonical":"https:\/\/tienda.fullermachinery.com\/index.php\/producto\/gramera-5000-gr-digital-tazon-ovalada\/","og_locale":"es_ES","og_type":"article","og_title":"BALANZA GRAMERA DIGITAL 500GR CON TAZON OVALADO | Precisi\u00f3n 1g | Capacidad 5000g | Sensor Alta Precisi\u00f3n | Pantalla LCD - Fuller Machinery","og_description":"Compra la Gramera Balanza con Taz\u00f3n Ovalado de 5000 g de capacidad y precisi\u00f3n de 1 g. Sensor de alta precisi\u00f3n, funci\u00f3n cero y conteo, dise\u00f1o compacto y pantalla LCD. Perfecta para hogar y uso profesional.","og_url":"https:\/\/tienda.fullermachinery.com\/index.php\/producto\/gramera-5000-gr-digital-tazon-ovalada\/","og_site_name":"Fuller Machinery","article_modified_time":"2025-07-21T14:29:26+00:00","og_image":[{"width":2000,"height":2000,"url":"https:\/\/tienda.fullermachinery.com\/wp-content\/uploads\/2024\/07\/4-1.jpg","type":"image\/jpeg"}],"twitter_card":"summary_large_image","twitter_misc":{"Tiempo de lectura":"3 minutos"},"schema":{"@context":"https:\/\/schema.org","@graph":[{"@type":"WebPage","@id":"https:\/\/tienda.fullermachinery.com\/index.php\/producto\/gramera-5000-gr-digital-tazon-ovalada\/","url":"https:\/\/tienda.fullermachinery.com\/index.php\/producto\/gramera-5000-gr-digital-tazon-ovalada\/","name":"BALANZA GRAMERA DIGITAL 500GR CON TAZON OVALADO | Precisi\u00f3n 1g | Capacidad 5000g | Sensor Alta Precisi\u00f3n | Pantalla LCD - Fuller Machinery","isPartOf":{"@id":"https:\/\/tienda.fullermachinery.com\/#website"},"primaryImageOfPage":{"@id":"https:\/\/tienda.fullermachinery.com\/index.php\/producto\/gramera-5000-gr-digital-tazon-ovalada\/#primaryimage"},"image":{"@id":"https:\/\/tienda.fullermachinery.com\/index.php\/producto\/gramera-5000-gr-digital-tazon-ovalada\/#primaryimage"},"thumbnailUrl":"https:\/\/tienda.fullermachinery.com\/wp-content\/uploads\/2024\/07\/4-1.jpg","datePublished":"2024-07-18T08:24:05+00:00","dateModified":"2025-07-21T14:29:26+00:00","description":"Compra la Gramera Balanza con Taz\u00f3n Ovalado de 5000 g de capacidad y precisi\u00f3n de 1 g. Sensor de alta precisi\u00f3n, funci\u00f3n cero y conteo, dise\u00f1o compacto y pantalla LCD. Perfecta para hogar y uso profesional.","breadcrumb":{"@id":"https:\/\/tienda.fullermachinery.com\/index.php\/producto\/gramera-5000-gr-digital-tazon-ovalada\/#breadcrumb"},"inLanguage":"es","potentialAction":[{"@type":"ReadAction","target":["https:\/\/tienda.fullermachinery.com\/index.php\/producto\/gramera-5000-gr-digital-tazon-ovalada\/"]}]},{"@type":"ImageObject","inLanguage":"es","@id":"https:\/\/tienda.fullermachinery.com\/index.php\/producto\/gramera-5000-gr-digital-tazon-ovalada\/#primaryimage","url":"https:\/\/tienda.fullermachinery.com\/wp-content\/uploads\/2024\/07\/4-1.jpg","contentUrl":"https:\/\/tienda.fullermachinery.com\/wp-content\/uploads\/2024\/07\/4-1.jpg","width":2000,"height":2000},{"@type":"BreadcrumbList","@id":"https:\/\/tienda.fullermachinery.com\/index.php\/producto\/gramera-5000-gr-digital-tazon-ovalada\/#breadcrumb","itemListElement":[{"@type":"ListItem","position":1,"name":"Portada","item":"https:\/\/tienda.fullermachinery.com\/"},{"@type":"ListItem","position":2,"name":"Productos","item":"https:\/\/tienda.fullermachinery.com\/index.php\/shop\/"},{"@type":"ListItem","position":3,"name":"BALANZA GRAMERA DIGITAL 500GR CON TAZON OVALADO | Precisi\u00f3n 1g | Capacidad 5000g | Sensor Alta Precisi\u00f3n | Pantalla LCD"}]},{"@type":"WebSite","@id":"https:\/\/tienda.fullermachinery.com\/#website","url":"https:\/\/tienda.fullermachinery.com\/","name":"Fuller Machinery","description":"Importaci\u00f3n y comercializaci\u00f3n de m\u00e1quinas industriales para el sector de alimentos","publisher":{"@id":"https:\/\/tienda.fullermachinery.com\/#organization"},"potentialAction":[{"@type":"SearchAction","target":{"@type":"EntryPoint","urlTemplate":"https:\/\/tienda.fullermachinery.com\/?s={search_term_string}"},"query-input":{"@type":"PropertyValueSpecification","valueRequired":true,"valueName":"search_term_string"}}],"inLanguage":"es"},{"@type":"Organization","@id":"https:\/\/tienda.fullermachinery.com\/#organization","name":"Fuller Machinery","url":"https:\/\/tienda.fullermachinery.com\/","logo":{"@type":"ImageObject","inLanguage":"es","@id":"https:\/\/tienda.fullermachinery.com\/#\/schema\/logo\/image\/","url":"https:\/\/tienda.fullermachinery.com\/wp-content\/uploads\/2023\/08\/logo-fuller-transparente.png","contentUrl":"https:\/\/tienda.fullermachinery.com\/wp-content\/uploads\/2023\/08\/logo-fuller-transparente.png","width":2208,"height":644,"caption":"Fuller Machinery"},"image":{"@id":"https:\/\/tienda.fullermachinery.com\/#\/schema\/logo\/image\/"}}]}},"jetpack_sharing_enabled":true,"_links":{"self":[{"href":"https:\/\/tienda.fullermachinery.com\/index.php\/wp-json\/wp\/v2\/product\/16969","targetHints":{"allow":["GET"]}}],"collection":[{"href":"https:\/\/tienda.fullermachinery.com\/index.php\/wp-json\/wp\/v2\/product"}],"about":[{"href":"https:\/\/tienda.fullermachinery.com\/index.php\/wp-json\/wp\/v2\/types\/product"}],"replies":[{"embeddable":true,"href":"https:\/\/tienda.fullermachinery.com\/index.php\/wp-json\/wp\/v2\/comments?post=16969"}],"version-history":[{"count":11,"href":"https:\/\/tienda.fullermachinery.com\/index.php\/wp-json\/wp\/v2\/product\/16969\/revisions"}],"predecessor-version":[{"id":18647,"href":"https:\/\/tienda.fullermachinery.com\/index.php\/wp-json\/wp\/v2\/product\/16969\/revisions\/18647"}],"wp:featuredmedia":[{"embeddable":true,"href":"https:\/\/tienda.fullermachinery.com\/index.php\/wp-json\/wp\/v2\/media\/17173"}],"wp:attachment":[{"href":"https:\/\/tienda.fullermachinery.com\/index.php\/wp-json\/wp\/v2\/media?parent=16969"}],"wp:term":[{"taxonomy":"product_brand","embeddable":true,"href":"https:\/\/tienda.fullermachinery.com\/index.php\/wp-json\/wp\/v2\/product_brand?post=16969"},{"taxonomy":"product_cat","embeddable":true,"href":"https:\/\/tienda.fullermachinery.com\/index.php\/wp-json\/wp\/v2\/product_cat?post=16969"},{"taxonomy":"product_tag","embeddable":true,"href":"https:\/\/tienda.fullermachinery.com\/index.php\/wp-json\/wp\/v2\/product_tag?post=16969"}],"curies":[{"name":"wp","href":"https:\/\/api.w.org\/{rel}","templated":true}]}}