{"id":16898,"date":"2024-07-17T23:41:06","date_gmt":"2024-07-18T04:41:06","guid":{"rendered":"https:\/\/tienda.fullermachinery.com\/?post_type=product&#038;p=16898"},"modified":"2025-07-10T11:11:32","modified_gmt":"2025-07-10T16:11:32","slug":"maquina-de-cafe-de-goteo-2-jarras","status":"publish","type":"product","link":"https:\/\/tienda.fullermachinery.com\/index.php\/producto\/maquina-de-cafe-de-goteo-2-jarras\/","title":{"rendered":"Cafetera de Goteo | 2 Hornillas | 2 Jarras | 4 Litros\/Hora | Acero Inoxidable"},"content":{"rendered":"\t\t<div data-elementor-type=\"wp-post\" data-elementor-id=\"16898\" class=\"elementor elementor-16898\">\n\t\t\t\t\t\t<section class=\"wd-negative-gap elementor-section elementor-top-section elementor-element elementor-element-176ea14 elementor-section-boxed elementor-section-height-default elementor-section-height-default wd-section-disabled\" data-id=\"176ea14\" data-element_type=\"section\" data-e-type=\"section\">\n\t\t\t\t\t\t<div class=\"elementor-container elementor-column-gap-default\">\n\t\t\t\t\t<div class=\"elementor-column elementor-col-100 elementor-top-column elementor-element elementor-element-0d49875\" data-id=\"0d49875\" data-element_type=\"column\" data-e-type=\"column\">\n\t\t\t<div class=\"elementor-widget-wrap elementor-element-populated\">\n\t\t\t\t\t\t<div class=\"elementor-element elementor-element-d4dfdee elementor-widget elementor-widget-wd_text_block\" data-id=\"d4dfdee\" data-element_type=\"widget\" data-e-type=\"widget\" data-widget_type=\"wd_text_block.default\">\n\t\t\t\t<div class=\"elementor-widget-container\">\n\t\t\t\t\t\t\t<div class=\"wd-text-block reset-last-child text-left\">\n\t\t\t\n\t\t\t<h2 data-start=\"172\" data-end=\"243\">\u2615 <strong data-start=\"177\" data-end=\"243\">Cafetera de Goteo | 2 Hornillas y 2 Jarras | 4 Litros por Hora<\/strong><\/h2><p data-start=\"245\" data-end=\"462\">Descubre la comodidad y el sabor insuperable del caf\u00e9 fresco con esta cafetera de goteo de <strong data-start=\"336\" data-end=\"351\">2 hornillas<\/strong> y <strong data-start=\"354\" data-end=\"366\">2 jarras<\/strong>, dise\u00f1ada para quienes necesitan <strong data-start=\"400\" data-end=\"459\">rendimiento continuo y caf\u00e9 caliente siempre disponible<\/strong>.<\/p><p data-start=\"464\" data-end=\"753\">Fabricada en <strong data-start=\"477\" data-end=\"517\">acero inoxidable de alta resistencia<\/strong>, esta cafetera combina un dise\u00f1o robusto con un funcionamiento pr\u00e1ctico y adaptable a cualquier entorno: desde hogares con grandes familias, oficinas con alto flujo de colaboradores, hasta restaurantes, buffets o servicios de catering.<\/p><h3 data-start=\"755\" data-end=\"793\">\u2705 <strong data-start=\"761\" data-end=\"793\">Caracter\u00edsticas Principales:<\/strong><\/h3><ul data-start=\"795\" data-end=\"1640\"><li data-start=\"795\" data-end=\"972\"><p data-start=\"797\" data-end=\"972\"><strong data-start=\"797\" data-end=\"828\">Dise\u00f1o compacto y duradero:<\/strong><br data-start=\"828\" data-end=\"831\" \/>Medidas: 22 cm (frente) x 35 cm (fondo) x 44 cm (alto) | Peso: 8 kg.<br data-start=\"901\" data-end=\"904\" \/>Fabricada en acero inoxidable, resistente al uso diario intensivo.<\/p><\/li><li data-start=\"974\" data-end=\"1113\"><p data-start=\"976\" data-end=\"1113\"><strong data-start=\"976\" data-end=\"995\">Gran capacidad:<\/strong><br data-start=\"995\" data-end=\"998\" \/>Prepara hasta <strong data-start=\"1014\" data-end=\"1043\">4 litros de caf\u00e9 por hora<\/strong>, equivalente a varias rondas de 12 tazas, ideal para grupos medianos.<\/p><\/li><li data-start=\"1115\" data-end=\"1267\"><p data-start=\"1117\" data-end=\"1267\"><strong data-start=\"1117\" data-end=\"1146\">Hornillas independientes:<\/strong><br data-start=\"1146\" data-end=\"1149\" \/>Dos hornillas superiores mantienen las jarras a la temperatura \u00f3ptima, para servir caf\u00e9 caliente sin interrupciones.<\/p><\/li><li data-start=\"1269\" data-end=\"1406\"><p data-start=\"1271\" data-end=\"1406\"><strong data-start=\"1271\" data-end=\"1289\">F\u00e1cil de usar:<\/strong><br data-start=\"1289\" data-end=\"1292\" \/>No requiere conexi\u00f3n h\u00eddrica. Solo a\u00f1ade agua fr\u00eda en la parte superior, carga tu caf\u00e9 molido favorito \u00a1y listo!<\/p><\/li><li data-start=\"1408\" data-end=\"1519\"><p data-start=\"1410\" data-end=\"1519\"><strong data-start=\"1410\" data-end=\"1458\">Limpieza y mantenimiento sin complicaciones:<\/strong><br data-start=\"1458\" data-end=\"1461\" \/>Sus componentes removibles facilitan la limpieza diaria.<\/p><\/li><li data-start=\"1521\" data-end=\"1640\"><p data-start=\"1523\" data-end=\"1640\"><strong data-start=\"1523\" data-end=\"1553\">Jarras con vertido limpio:<\/strong><br data-start=\"1553\" data-end=\"1556\" \/>Las dos jarras de vidrio cuentan con pico antiderrame para un servicio sin goteos.<\/p><\/li><\/ul><hr data-start=\"1642\" data-end=\"1645\" \/><h3 data-start=\"1647\" data-end=\"1672\">\u2705 <strong data-start=\"1653\" data-end=\"1672\">\u00bfC\u00f3mo funciona?<\/strong><\/h3><p data-start=\"1674\" data-end=\"1952\">1\ufe0f\u20e3 Llena el dep\u00f3sito superior con agua fr\u00eda.<br data-start=\"1719\" data-end=\"1722\" \/>2\ufe0f\u20e3 Coloca el caf\u00e9 molido en el filtro interno.<br data-start=\"1769\" data-end=\"1772\" \/>3\ufe0f\u20e3 El agua caliente pasa por el caf\u00e9 y gotea directamente a las jarras.<br data-start=\"1844\" data-end=\"1847\" \/>4\ufe0f\u20e3 Las hornillas mantienen caliente cada jarra por separado para que nunca falte caf\u00e9 listo para servir.<\/p><hr data-start=\"1954\" data-end=\"1957\" \/><h3 data-start=\"1959\" data-end=\"1985\">\u2705 <strong data-start=\"1965\" data-end=\"1985\">\u00bfD\u00f3nde es ideal?<\/strong><\/h3><ul data-start=\"1987\" data-end=\"2368\"><li data-start=\"1987\" data-end=\"2074\"><p data-start=\"1989\" data-end=\"2074\"><strong data-start=\"1989\" data-end=\"1999\">Hogar:<\/strong> Perfecta para familias que disfrutan de caf\u00e9 fresco durante todo el d\u00eda.<\/p><\/li><li data-start=\"2075\" data-end=\"2161\"><p data-start=\"2077\" data-end=\"2161\"><strong data-start=\"2077\" data-end=\"2090\">Oficinas:<\/strong> Mant\u00e9n a tu equipo motivado con caf\u00e9 caliente en reuniones y pausas.<\/p><\/li><li data-start=\"2162\" data-end=\"2266\"><p data-start=\"2164\" data-end=\"2266\"><strong data-start=\"2164\" data-end=\"2191\">Hoteles y restaurantes:<\/strong> Sirve caf\u00e9 reci\u00e9n hecho a hu\u00e9spedes y comensales en desayunos o eventos.<\/p><\/li><li data-start=\"2267\" data-end=\"2368\"><p data-start=\"2269\" data-end=\"2368\"><strong data-start=\"2269\" data-end=\"2292\">Eventos y catering:<\/strong> Garantiza caf\u00e9 caliente en bodas, conferencias y ferias sin complicaciones.<\/p><\/li><\/ul><hr data-start=\"2370\" data-end=\"2373\" \/><h3 data-start=\"2375\" data-end=\"2396\">\ud83c\udf89 <strong data-start=\"2382\" data-end=\"2396\">En resumen<\/strong><\/h3><p data-start=\"2398\" data-end=\"2606\">La <strong data-start=\"2401\" data-end=\"2449\">Cafetera de Goteo con 2 Hornillas y 2 Jarras<\/strong> es tu mejor aliada para mantener el caf\u00e9 caliente, abundante y delicioso en todo momento, con la facilidad de operaci\u00f3n que tu negocio o familia necesita.<\/p><p data-start=\"2608\" data-end=\"2714\"><strong data-start=\"2608\" data-end=\"2714\">\u00a1No dejes que falte el caf\u00e9! Ll\u00e9vala hoy mismo y eleva la experiencia de tus reuniones y servicios! \u2615\u2728<\/strong><\/p>\n\t\t\t\t\t<\/div>\n\t\t\t\t\t\t<\/div>\n\t\t\t\t<\/div>\n\t\t\t\t\t<\/div>\n\t\t<\/div>\n\t\t\t\t\t<\/div>\n\t\t<\/section>\n\t\t\t\t<\/div>\n\t\t","protected":false},"excerpt":{"rendered":"<p data-start=\"976\" data-end=\"1239\"><strong data-start=\"976\" data-end=\"1239\">Prepara hasta 4 litros de caf\u00e9 fresco por hora con esta cafetera de goteo de 2 hornillas y 2 jarras de acero inoxidable. Ideal para hogares, oficinas, buffets y eventos. F\u00e1cil de usar, sin conexi\u00f3n h\u00eddrica. Mant\u00e9n tu caf\u00e9 siempre caliente y listo para servir.<\/strong><\/p>\n","protected":false},"featured_media":16901,"comment_status":"open","ping_status":"closed","template":"","meta":[],"product_brand":[],"product_cat":[245,192],"product_tag":[205,203,204],"class_list":{"0":"post-16898","1":"product","2":"type-product","3":"status-publish","4":"has-post-thumbnail","6":"product_cat-vending","7":"product_cat-maquinas-de-cafe","8":"product_tag-maquina-de-cafe","9":"product_tag-maquina-dispensadora","10":"product_tag-vending","12":"first","13":"instock","14":"featured","15":"shipping-taxable","16":"purchasable","17":"product-type-simple"},"yoast_head":"<!-- This site is optimized with the Yoast SEO plugin v27.4 - https:\/\/yoast.com\/product\/yoast-seo-wordpress\/ -->\n<title>Cafetera de Goteo | 2 Hornillas | 2 Jarras | 4 Litros\/Hora | Acero Inoxidable - Fuller Machinery<\/title>\n<meta name=\"description\" content=\"Compra tu cafetera de goteo de 2 hornillas y 2 jarras. Prepara 4 litros de caf\u00e9\/hora. Perfecta para hogar, oficina, restaurantes y eventos. \u00a1Mant\u00e9n tu caf\u00e9 siempre caliente!\" \/>\n<meta name=\"robots\" content=\"index, follow, max-snippet:-1, max-image-preview:large, max-video-preview:-1\" \/>\n<link rel=\"canonical\" href=\"https:\/\/tienda.fullermachinery.com\/index.php\/producto\/maquina-de-cafe-de-goteo-2-jarras\/\" \/>\n<meta property=\"og:locale\" content=\"es_ES\" \/>\n<meta property=\"og:type\" content=\"article\" \/>\n<meta property=\"og:title\" content=\"Cafetera de Goteo | 2 Hornillas | 2 Jarras | 4 Litros\/Hora | Acero Inoxidable - Fuller Machinery\" \/>\n<meta property=\"og:description\" content=\"Compra tu cafetera de goteo de 2 hornillas y 2 jarras. Prepara 4 litros de caf\u00e9\/hora. Perfecta para hogar, oficina, restaurantes y eventos. \u00a1Mant\u00e9n tu caf\u00e9 siempre caliente!\" \/>\n<meta property=\"og:url\" content=\"https:\/\/tienda.fullermachinery.com\/index.php\/producto\/maquina-de-cafe-de-goteo-2-jarras\/\" \/>\n<meta property=\"og:site_name\" content=\"Fuller Machinery\" \/>\n<meta property=\"article:modified_time\" content=\"2025-07-10T16:11:32+00:00\" \/>\n<meta property=\"og:image\" content=\"https:\/\/tienda.fullermachinery.com\/wp-content\/uploads\/2024\/07\/Maquina-de-cafe-de-goteo-2-jarras-1.png\" \/>\n\t<meta property=\"og:image:width\" content=\"2000\" \/>\n\t<meta property=\"og:image:height\" content=\"2000\" \/>\n\t<meta property=\"og:image:type\" content=\"image\/png\" \/>\n<meta name=\"twitter:card\" content=\"summary_large_image\" \/>\n<meta name=\"twitter:label1\" content=\"Tiempo de lectura\" \/>\n\t<meta name=\"twitter:data1\" content=\"2 minutos\" \/>\n<script type=\"application\/ld+json\" class=\"yoast-schema-graph\">{\"@context\":\"https:\\\/\\\/schema.org\",\"@graph\":[{\"@type\":\"WebPage\",\"@id\":\"https:\\\/\\\/tienda.fullermachinery.com\\\/index.php\\\/producto\\\/maquina-de-cafe-de-goteo-2-jarras\\\/\",\"url\":\"https:\\\/\\\/tienda.fullermachinery.com\\\/index.php\\\/producto\\\/maquina-de-cafe-de-goteo-2-jarras\\\/\",\"name\":\"Cafetera de Goteo | 2 Hornillas | 2 Jarras | 4 Litros\\\/Hora | Acero Inoxidable - Fuller Machinery\",\"isPartOf\":{\"@id\":\"https:\\\/\\\/tienda.fullermachinery.com\\\/#website\"},\"primaryImageOfPage\":{\"@id\":\"https:\\\/\\\/tienda.fullermachinery.com\\\/index.php\\\/producto\\\/maquina-de-cafe-de-goteo-2-jarras\\\/#primaryimage\"},\"image\":{\"@id\":\"https:\\\/\\\/tienda.fullermachinery.com\\\/index.php\\\/producto\\\/maquina-de-cafe-de-goteo-2-jarras\\\/#primaryimage\"},\"thumbnailUrl\":\"https:\\\/\\\/tienda.fullermachinery.com\\\/wp-content\\\/uploads\\\/2024\\\/07\\\/Maquina-de-cafe-de-goteo-2-jarras-1.png\",\"datePublished\":\"2024-07-18T04:41:06+00:00\",\"dateModified\":\"2025-07-10T16:11:32+00:00\",\"description\":\"Compra tu cafetera de goteo de 2 hornillas y 2 jarras. Prepara 4 litros de caf\u00e9\\\/hora. Perfecta para hogar, oficina, restaurantes y eventos. \u00a1Mant\u00e9n tu caf\u00e9 siempre caliente!\",\"breadcrumb\":{\"@id\":\"https:\\\/\\\/tienda.fullermachinery.com\\\/index.php\\\/producto\\\/maquina-de-cafe-de-goteo-2-jarras\\\/#breadcrumb\"},\"inLanguage\":\"es\",\"potentialAction\":[{\"@type\":\"ReadAction\",\"target\":[\"https:\\\/\\\/tienda.fullermachinery.com\\\/index.php\\\/producto\\\/maquina-de-cafe-de-goteo-2-jarras\\\/\"]}]},{\"@type\":\"ImageObject\",\"inLanguage\":\"es\",\"@id\":\"https:\\\/\\\/tienda.fullermachinery.com\\\/index.php\\\/producto\\\/maquina-de-cafe-de-goteo-2-jarras\\\/#primaryimage\",\"url\":\"https:\\\/\\\/tienda.fullermachinery.com\\\/wp-content\\\/uploads\\\/2024\\\/07\\\/Maquina-de-cafe-de-goteo-2-jarras-1.png\",\"contentUrl\":\"https:\\\/\\\/tienda.fullermachinery.com\\\/wp-content\\\/uploads\\\/2024\\\/07\\\/Maquina-de-cafe-de-goteo-2-jarras-1.png\",\"width\":2000,\"height\":2000,\"caption\":\"Con una capacidad de preparaci\u00f3n de hasta 4 litros de caf\u00e9 por hora, esta cafetera es perfecta para satisfacer las demandas de grupos peque\u00f1os y medianos. La capacidad del decantador de 12 tazas asegura que siempre haya caf\u00e9 fresco disponible.\"},{\"@type\":\"BreadcrumbList\",\"@id\":\"https:\\\/\\\/tienda.fullermachinery.com\\\/index.php\\\/producto\\\/maquina-de-cafe-de-goteo-2-jarras\\\/#breadcrumb\",\"itemListElement\":[{\"@type\":\"ListItem\",\"position\":1,\"name\":\"Portada\",\"item\":\"https:\\\/\\\/tienda.fullermachinery.com\\\/\"},{\"@type\":\"ListItem\",\"position\":2,\"name\":\"Productos\",\"item\":\"https:\\\/\\\/tienda.fullermachinery.com\\\/index.php\\\/shop\\\/\"},{\"@type\":\"ListItem\",\"position\":3,\"name\":\"Cafetera de Goteo | 2 Hornillas | 2 Jarras | 4 Litros\\\/Hora | Acero Inoxidable\"}]},{\"@type\":\"WebSite\",\"@id\":\"https:\\\/\\\/tienda.fullermachinery.com\\\/#website\",\"url\":\"https:\\\/\\\/tienda.fullermachinery.com\\\/\",\"name\":\"Fuller Machinery\",\"description\":\"Importaci\u00f3n y comercializaci\u00f3n de m\u00e1quinas industriales para el sector de alimentos\",\"publisher\":{\"@id\":\"https:\\\/\\\/tienda.fullermachinery.com\\\/#organization\"},\"potentialAction\":[{\"@type\":\"SearchAction\",\"target\":{\"@type\":\"EntryPoint\",\"urlTemplate\":\"https:\\\/\\\/tienda.fullermachinery.com\\\/?s={search_term_string}\"},\"query-input\":{\"@type\":\"PropertyValueSpecification\",\"valueRequired\":true,\"valueName\":\"search_term_string\"}}],\"inLanguage\":\"es\"},{\"@type\":\"Organization\",\"@id\":\"https:\\\/\\\/tienda.fullermachinery.com\\\/#organization\",\"name\":\"Fuller Machinery\",\"url\":\"https:\\\/\\\/tienda.fullermachinery.com\\\/\",\"logo\":{\"@type\":\"ImageObject\",\"inLanguage\":\"es\",\"@id\":\"https:\\\/\\\/tienda.fullermachinery.com\\\/#\\\/schema\\\/logo\\\/image\\\/\",\"url\":\"https:\\\/\\\/tienda.fullermachinery.com\\\/wp-content\\\/uploads\\\/2023\\\/08\\\/logo-fuller-transparente.png\",\"contentUrl\":\"https:\\\/\\\/tienda.fullermachinery.com\\\/wp-content\\\/uploads\\\/2023\\\/08\\\/logo-fuller-transparente.png\",\"width\":2208,\"height\":644,\"caption\":\"Fuller Machinery\"},\"image\":{\"@id\":\"https:\\\/\\\/tienda.fullermachinery.com\\\/#\\\/schema\\\/logo\\\/image\\\/\"}}]}<\/script>\n<!-- \/ Yoast SEO plugin. -->","yoast_head_json":{"title":"Cafetera de Goteo | 2 Hornillas | 2 Jarras | 4 Litros\/Hora | Acero Inoxidable - Fuller Machinery","description":"Compra tu cafetera de goteo de 2 hornillas y 2 jarras. Prepara 4 litros de caf\u00e9\/hora. Perfecta para hogar, oficina, restaurantes y eventos. \u00a1Mant\u00e9n tu caf\u00e9 siempre caliente!","robots":{"index":"index","follow":"follow","max-snippet":"max-snippet:-1","max-image-preview":"max-image-preview:large","max-video-preview":"max-video-preview:-1"},"canonical":"https:\/\/tienda.fullermachinery.com\/index.php\/producto\/maquina-de-cafe-de-goteo-2-jarras\/","og_locale":"es_ES","og_type":"article","og_title":"Cafetera de Goteo | 2 Hornillas | 2 Jarras | 4 Litros\/Hora | Acero Inoxidable - Fuller Machinery","og_description":"Compra tu cafetera de goteo de 2 hornillas y 2 jarras. Prepara 4 litros de caf\u00e9\/hora. Perfecta para hogar, oficina, restaurantes y eventos. \u00a1Mant\u00e9n tu caf\u00e9 siempre caliente!","og_url":"https:\/\/tienda.fullermachinery.com\/index.php\/producto\/maquina-de-cafe-de-goteo-2-jarras\/","og_site_name":"Fuller Machinery","article_modified_time":"2025-07-10T16:11:32+00:00","og_image":[{"width":2000,"height":2000,"url":"https:\/\/tienda.fullermachinery.com\/wp-content\/uploads\/2024\/07\/Maquina-de-cafe-de-goteo-2-jarras-1.png","type":"image\/png"}],"twitter_card":"summary_large_image","twitter_misc":{"Tiempo de lectura":"2 minutos"},"schema":{"@context":"https:\/\/schema.org","@graph":[{"@type":"WebPage","@id":"https:\/\/tienda.fullermachinery.com\/index.php\/producto\/maquina-de-cafe-de-goteo-2-jarras\/","url":"https:\/\/tienda.fullermachinery.com\/index.php\/producto\/maquina-de-cafe-de-goteo-2-jarras\/","name":"Cafetera de Goteo | 2 Hornillas | 2 Jarras | 4 Litros\/Hora | Acero Inoxidable - Fuller Machinery","isPartOf":{"@id":"https:\/\/tienda.fullermachinery.com\/#website"},"primaryImageOfPage":{"@id":"https:\/\/tienda.fullermachinery.com\/index.php\/producto\/maquina-de-cafe-de-goteo-2-jarras\/#primaryimage"},"image":{"@id":"https:\/\/tienda.fullermachinery.com\/index.php\/producto\/maquina-de-cafe-de-goteo-2-jarras\/#primaryimage"},"thumbnailUrl":"https:\/\/tienda.fullermachinery.com\/wp-content\/uploads\/2024\/07\/Maquina-de-cafe-de-goteo-2-jarras-1.png","datePublished":"2024-07-18T04:41:06+00:00","dateModified":"2025-07-10T16:11:32+00:00","description":"Compra tu cafetera de goteo de 2 hornillas y 2 jarras. Prepara 4 litros de caf\u00e9\/hora. Perfecta para hogar, oficina, restaurantes y eventos. \u00a1Mant\u00e9n tu caf\u00e9 siempre caliente!","breadcrumb":{"@id":"https:\/\/tienda.fullermachinery.com\/index.php\/producto\/maquina-de-cafe-de-goteo-2-jarras\/#breadcrumb"},"inLanguage":"es","potentialAction":[{"@type":"ReadAction","target":["https:\/\/tienda.fullermachinery.com\/index.php\/producto\/maquina-de-cafe-de-goteo-2-jarras\/"]}]},{"@type":"ImageObject","inLanguage":"es","@id":"https:\/\/tienda.fullermachinery.com\/index.php\/producto\/maquina-de-cafe-de-goteo-2-jarras\/#primaryimage","url":"https:\/\/tienda.fullermachinery.com\/wp-content\/uploads\/2024\/07\/Maquina-de-cafe-de-goteo-2-jarras-1.png","contentUrl":"https:\/\/tienda.fullermachinery.com\/wp-content\/uploads\/2024\/07\/Maquina-de-cafe-de-goteo-2-jarras-1.png","width":2000,"height":2000,"caption":"Con una capacidad de preparaci\u00f3n de hasta 4 litros de caf\u00e9 por hora, esta cafetera es perfecta para satisfacer las demandas de grupos peque\u00f1os y medianos. La capacidad del decantador de 12 tazas asegura que siempre haya caf\u00e9 fresco disponible."},{"@type":"BreadcrumbList","@id":"https:\/\/tienda.fullermachinery.com\/index.php\/producto\/maquina-de-cafe-de-goteo-2-jarras\/#breadcrumb","itemListElement":[{"@type":"ListItem","position":1,"name":"Portada","item":"https:\/\/tienda.fullermachinery.com\/"},{"@type":"ListItem","position":2,"name":"Productos","item":"https:\/\/tienda.fullermachinery.com\/index.php\/shop\/"},{"@type":"ListItem","position":3,"name":"Cafetera de Goteo | 2 Hornillas | 2 Jarras | 4 Litros\/Hora | Acero Inoxidable"}]},{"@type":"WebSite","@id":"https:\/\/tienda.fullermachinery.com\/#website","url":"https:\/\/tienda.fullermachinery.com\/","name":"Fuller Machinery","description":"Importaci\u00f3n y comercializaci\u00f3n de m\u00e1quinas industriales para el sector de alimentos","publisher":{"@id":"https:\/\/tienda.fullermachinery.com\/#organization"},"potentialAction":[{"@type":"SearchAction","target":{"@type":"EntryPoint","urlTemplate":"https:\/\/tienda.fullermachinery.com\/?s={search_term_string}"},"query-input":{"@type":"PropertyValueSpecification","valueRequired":true,"valueName":"search_term_string"}}],"inLanguage":"es"},{"@type":"Organization","@id":"https:\/\/tienda.fullermachinery.com\/#organization","name":"Fuller Machinery","url":"https:\/\/tienda.fullermachinery.com\/","logo":{"@type":"ImageObject","inLanguage":"es","@id":"https:\/\/tienda.fullermachinery.com\/#\/schema\/logo\/image\/","url":"https:\/\/tienda.fullermachinery.com\/wp-content\/uploads\/2023\/08\/logo-fuller-transparente.png","contentUrl":"https:\/\/tienda.fullermachinery.com\/wp-content\/uploads\/2023\/08\/logo-fuller-transparente.png","width":2208,"height":644,"caption":"Fuller Machinery"},"image":{"@id":"https:\/\/tienda.fullermachinery.com\/#\/schema\/logo\/image\/"}}]}},"jetpack_sharing_enabled":true,"_links":{"self":[{"href":"https:\/\/tienda.fullermachinery.com\/index.php\/wp-json\/wp\/v2\/product\/16898","targetHints":{"allow":["GET"]}}],"collection":[{"href":"https:\/\/tienda.fullermachinery.com\/index.php\/wp-json\/wp\/v2\/product"}],"about":[{"href":"https:\/\/tienda.fullermachinery.com\/index.php\/wp-json\/wp\/v2\/types\/product"}],"replies":[{"embeddable":true,"href":"https:\/\/tienda.fullermachinery.com\/index.php\/wp-json\/wp\/v2\/comments?post=16898"}],"version-history":[{"count":6,"href":"https:\/\/tienda.fullermachinery.com\/index.php\/wp-json\/wp\/v2\/product\/16898\/revisions"}],"predecessor-version":[{"id":18581,"href":"https:\/\/tienda.fullermachinery.com\/index.php\/wp-json\/wp\/v2\/product\/16898\/revisions\/18581"}],"wp:featuredmedia":[{"embeddable":true,"href":"https:\/\/tienda.fullermachinery.com\/index.php\/wp-json\/wp\/v2\/media\/16901"}],"wp:attachment":[{"href":"https:\/\/tienda.fullermachinery.com\/index.php\/wp-json\/wp\/v2\/media?parent=16898"}],"wp:term":[{"taxonomy":"product_brand","embeddable":true,"href":"https:\/\/tienda.fullermachinery.com\/index.php\/wp-json\/wp\/v2\/product_brand?post=16898"},{"taxonomy":"product_cat","embeddable":true,"href":"https:\/\/tienda.fullermachinery.com\/index.php\/wp-json\/wp\/v2\/product_cat?post=16898"},{"taxonomy":"product_tag","embeddable":true,"href":"https:\/\/tienda.fullermachinery.com\/index.php\/wp-json\/wp\/v2\/product_tag?post=16898"}],"curies":[{"name":"wp","href":"https:\/\/api.w.org\/{rel}","templated":true}]}}