{"id":16831,"date":"2024-07-17T21:43:17","date_gmt":"2024-07-18T02:43:17","guid":{"rendered":"https:\/\/tienda.fullermachinery.com\/?post_type=product&#038;p=16831"},"modified":"2026-04-29T08:38:32","modified_gmt":"2026-04-29T13:38:32","slug":"vitrina-de-calefaccion-ref-601","status":"publish","type":"product","link":"https:\/\/tienda.fullermachinery.com\/index.php\/producto\/vitrina-de-calefaccion-ref-601\/","title":{"rendered":"VITRINA EXHIBIDORA DE CALEFACCI\u00d3N 601"},"content":{"rendered":"\t\t<div data-elementor-type=\"wp-post\" data-elementor-id=\"16831\" class=\"elementor elementor-16831\">\n\t\t\t\t\t\t<section class=\"wd-negative-gap elementor-section elementor-top-section elementor-element elementor-element-f2bca3a elementor-section-boxed elementor-section-height-default elementor-section-height-default wd-section-disabled\" data-id=\"f2bca3a\" data-element_type=\"section\" data-e-type=\"section\">\n\t\t\t\t\t\t<div class=\"elementor-container elementor-column-gap-default\">\n\t\t\t\t\t<div class=\"elementor-column elementor-col-100 elementor-top-column elementor-element elementor-element-6ce4e21\" data-id=\"6ce4e21\" data-element_type=\"column\" data-e-type=\"column\">\n\t\t\t<div class=\"elementor-widget-wrap elementor-element-populated\">\n\t\t\t\t\t\t<div class=\"elementor-element elementor-element-3deda7f elementor-widget elementor-widget-wd_text_block\" data-id=\"3deda7f\" data-element_type=\"widget\" data-e-type=\"widget\" data-widget_type=\"wd_text_block.default\">\n\t\t\t\t<div class=\"elementor-widget-container\">\n\t\t\t\t\t\t\t<div class=\"wd-text-block reset-last-child text-left\">\n\t\t\t\n\t\t\t\n\t\t\t\t\t<\/div>\n\t\t\t\t\t\t<\/div>\n\t\t\t\t<\/div>\n\t\t\t\t\t<\/div>\n\t\t<\/div>\n\t\t\t\t\t<\/div>\n\t\t<\/section>\n\t\t\t\t<section class=\"wd-negative-gap elementor-section elementor-top-section elementor-element elementor-element-6795cd5 elementor-section-boxed elementor-section-height-default elementor-section-height-default wd-section-disabled\" data-id=\"6795cd5\" data-element_type=\"section\" data-e-type=\"section\">\n\t\t\t\t\t\t<div class=\"elementor-container elementor-column-gap-default\">\n\t\t\t\t\t<div class=\"elementor-column elementor-col-100 elementor-top-column elementor-element elementor-element-f10e599\" data-id=\"f10e599\" data-element_type=\"column\" data-e-type=\"column\">\n\t\t\t<div class=\"elementor-widget-wrap elementor-element-populated\">\n\t\t\t\t\t\t<div class=\"elementor-element elementor-element-cf28994 elementor-widget elementor-widget-wd_text_block\" data-id=\"cf28994\" data-element_type=\"widget\" data-e-type=\"widget\" data-widget_type=\"wd_text_block.default\">\n\t\t\t\t<div class=\"elementor-widget-container\">\n\t\t\t\t\t\t\t<div class=\"wd-text-block reset-last-child text-left\">\n\t\t\t\n\t\t\t<p data-start=\"111\" data-end=\"295\">La vitrina exhibidora de calefacci\u00f3n <strong data-start=\"148\" data-end=\"155\">601<\/strong> es una soluci\u00f3n profesional para negocios que buscan mantener alimentos calientes con una mejor conservaci\u00f3n de humedad, textura y calidad.<\/p><p data-start=\"297\" data-end=\"536\">A diferencia de vitrinas convencionales, este modelo incorpora un sistema de <strong data-start=\"374\" data-end=\"407\">calentamiento tipo ba\u00f1o mar\u00eda<\/strong>, mediante un contenedor central de agua que permite una distribuci\u00f3n uniforme del calor, evitando que los alimentos se resequen.<\/p><p data-start=\"538\" data-end=\"728\">Cuenta con <strong data-start=\"549\" data-end=\"576\">3 niveles de exhibici\u00f3n<\/strong>, ideales para organizar distintos productos como empanadas, fritos, panader\u00eda o comidas preparadas, maximizando la visibilidad y mejorando la rotaci\u00f3n.<\/p><p data-start=\"730\" data-end=\"950\">Su construcci\u00f3n en acero inoxidable garantiza durabilidad, higiene y resistencia al uso continuo, mientras que sus puertas de vidrio corredizas, removibles y aptas para lavavajillas facilitan la limpieza y mantenimiento.<\/p><h3 data-section-id=\"tcr4w1\" data-start=\"952\" data-end=\"987\">\ud83d\udd27 Caracter\u00edsticas principales:<\/h3><ul data-start=\"988\" data-end=\"1448\"><li data-section-id=\"1hubj9h\" data-start=\"988\" data-end=\"1003\">Modelo: 601<\/li><li data-section-id=\"6obhrg\" data-start=\"1004\" data-end=\"1033\">Alimentaci\u00f3n: 110V \/ 50Hz<\/li><li data-section-id=\"1j2jgzb\" data-start=\"1034\" data-end=\"1055\">Potencia: 1.94 kW<\/li><li data-section-id=\"1ixm0r8\" data-start=\"1056\" data-end=\"1071\">Peso: 30 kg<\/li><li data-section-id=\"z7hui6\" data-start=\"1072\" data-end=\"1127\">Dimensiones: 66 cm ancho \u00d7 50 cm fondo \u00d7 66 cm alto<\/li><li data-section-id=\"g3af0f\" data-start=\"1128\" data-end=\"1191\">Sistema de calentamiento: ba\u00f1o mar\u00eda (con dep\u00f3sito de agua)<\/li><li data-section-id=\"l9vw8k\" data-start=\"1192\" data-end=\"1219\">3 niveles de exhibici\u00f3n<\/li><li data-section-id=\"404f4f\" data-start=\"1220\" data-end=\"1289\">Construcci\u00f3n 100% en acero inoxidable (apto para uso alimentario)<\/li><li data-section-id=\"k7d1fe\" data-start=\"1290\" data-end=\"1348\">Puertas de vidrio corredizas, removibles y resistentes<\/li><li data-section-id=\"1dapb8w\" data-start=\"1349\" data-end=\"1377\">Indicador de temperatura<\/li><li data-section-id=\"f8h2da\" data-start=\"1378\" data-end=\"1415\">Indicador de luz de calentamiento<\/li><li data-section-id=\"fdi1xb\" data-start=\"1416\" data-end=\"1448\">Base con 4 patas resistentes<\/li><\/ul><h3 data-section-id=\"13uagx5\" data-start=\"1450\" data-end=\"1474\">\ud83d\ude80 Beneficios clave:<\/h3><ul data-start=\"1475\" data-end=\"1785\"><li data-section-id=\"sbhwtj\" data-start=\"1475\" data-end=\"1538\"><strong data-start=\"1477\" data-end=\"1500\">Mejor conservaci\u00f3n:<\/strong> evita que los alimentos se resequen<\/li><li data-section-id=\"qafagq\" data-start=\"1539\" data-end=\"1592\"><strong data-start=\"1541\" data-end=\"1560\">Calor uniforme:<\/strong> gracias al sistema ba\u00f1o mar\u00eda<\/li><li data-section-id=\"d88cld\" data-start=\"1593\" data-end=\"1653\"><strong data-start=\"1595\" data-end=\"1629\">Mayor capacidad de exhibici\u00f3n:<\/strong> 3 niveles organizados<\/li><li data-section-id=\"opo8qy\" data-start=\"1654\" data-end=\"1720\"><strong data-start=\"1656\" data-end=\"1673\">Alta higiene:<\/strong> materiales aptos para contacto con alimentos<\/li><li data-section-id=\"ylbboo\" data-start=\"1721\" data-end=\"1785\"><strong data-start=\"1723\" data-end=\"1742\">F\u00e1cil limpieza:<\/strong> puertas removibles y estructura pr\u00e1ctica<\/li><\/ul><p data-start=\"1787\" data-end=\"1942\">Este tipo de vitrina no solo mantiene caliente, mantiene la calidad del producto, lo que impacta directamente en la satisfacci\u00f3n del cliente y la recompra.<\/p>\n\t\t\t\t\t<\/div>\n\t\t\t\t\t\t<\/div>\n\t\t\t\t<\/div>\n\t\t\t\t\t<\/div>\n\t\t<\/div>\n\t\t\t\t\t<\/div>\n\t\t<\/section>\n\t\t\t\t<\/div>\n\t\t","protected":false},"excerpt":{"rendered":"<p>Vitrina caliente con sistema ba\u00f1o mar\u00eda y 3 niveles de exhibici\u00f3n. Ideal para mantener alimentos calientes, jugosos y listos para la venta.<\/p>\n","protected":false},"featured_media":16836,"comment_status":"open","ping_status":"closed","template":"","meta":[],"product_brand":[],"product_cat":[140,232],"product_tag":[220,218,219],"class_list":{"0":"post-16831","1":"product","2":"type-product","3":"status-publish","4":"has-post-thumbnail","6":"product_cat-preparacion-de-alimentos","7":"product_cat-vitrinas-de-calefaccion","8":"product_tag-amasadora","9":"product_tag-amasadora-industrial","10":"product_tag-panaderia","12":"first","13":"instock","14":"featured","15":"shipping-taxable","16":"purchasable","17":"product-type-simple"},"yoast_head":"<!-- This site is optimized with the Yoast SEO plugin v27.5 - https:\/\/yoast.com\/product\/yoast-seo-wordpress\/ -->\n<title>VITRINA EXHIBIDORA DE CALEFACCI\u00d3N 601 - Fuller Machinery<\/title>\n<meta name=\"description\" content=\"Vitrina de Calefacci\u00f3n de Acero Inoxidable con ba\u00f1o mar\u00eda | 1.94 kW | Mant\u00e9n tus alimentos calientes y frescos en restaurantes, panader\u00edas y buffets.\" \/>\n<meta name=\"robots\" content=\"index, follow, max-snippet:-1, max-image-preview:large, max-video-preview:-1\" \/>\n<link rel=\"canonical\" href=\"https:\/\/tienda.fullermachinery.com\/index.php\/producto\/vitrina-de-calefaccion-ref-601\/\" \/>\n<meta property=\"og:locale\" content=\"es_ES\" \/>\n<meta property=\"og:type\" content=\"article\" \/>\n<meta property=\"og:title\" content=\"VITRINA EXHIBIDORA DE CALEFACCI\u00d3N 601 - Fuller Machinery\" \/>\n<meta property=\"og:description\" content=\"Vitrina de Calefacci\u00f3n de Acero Inoxidable con ba\u00f1o mar\u00eda | 1.94 kW | Mant\u00e9n tus alimentos calientes y frescos en restaurantes, panader\u00edas y buffets.\" \/>\n<meta property=\"og:url\" content=\"https:\/\/tienda.fullermachinery.com\/index.php\/producto\/vitrina-de-calefaccion-ref-601\/\" \/>\n<meta property=\"og:site_name\" content=\"Fuller Machinery\" \/>\n<meta property=\"article:modified_time\" content=\"2026-04-29T13:38:32+00:00\" \/>\n<meta property=\"og:image\" content=\"https:\/\/tienda.fullermachinery.com\/wp-content\/uploads\/2024\/07\/Vitrina-de-calefaccion-ref-601-5.png\" \/>\n\t<meta property=\"og:image:width\" content=\"2000\" \/>\n\t<meta property=\"og:image:height\" content=\"2000\" \/>\n\t<meta property=\"og:image:type\" content=\"image\/png\" \/>\n<meta name=\"twitter:card\" content=\"summary_large_image\" \/>\n<meta name=\"twitter:label1\" content=\"Tiempo de lectura\" \/>\n\t<meta name=\"twitter:data1\" content=\"2 minutos\" \/>\n<script type=\"application\/ld+json\" class=\"yoast-schema-graph\">{\"@context\":\"https:\\\/\\\/schema.org\",\"@graph\":[{\"@type\":\"WebPage\",\"@id\":\"https:\\\/\\\/tienda.fullermachinery.com\\\/index.php\\\/producto\\\/vitrina-de-calefaccion-ref-601\\\/\",\"url\":\"https:\\\/\\\/tienda.fullermachinery.com\\\/index.php\\\/producto\\\/vitrina-de-calefaccion-ref-601\\\/\",\"name\":\"VITRINA EXHIBIDORA DE CALEFACCI\u00d3N 601 - Fuller Machinery\",\"isPartOf\":{\"@id\":\"https:\\\/\\\/tienda.fullermachinery.com\\\/#website\"},\"primaryImageOfPage\":{\"@id\":\"https:\\\/\\\/tienda.fullermachinery.com\\\/index.php\\\/producto\\\/vitrina-de-calefaccion-ref-601\\\/#primaryimage\"},\"image\":{\"@id\":\"https:\\\/\\\/tienda.fullermachinery.com\\\/index.php\\\/producto\\\/vitrina-de-calefaccion-ref-601\\\/#primaryimage\"},\"thumbnailUrl\":\"https:\\\/\\\/tienda.fullermachinery.com\\\/wp-content\\\/uploads\\\/2024\\\/07\\\/Vitrina-de-calefaccion-ref-601-5.png\",\"datePublished\":\"2024-07-18T02:43:17+00:00\",\"dateModified\":\"2026-04-29T13:38:32+00:00\",\"description\":\"Vitrina de Calefacci\u00f3n de Acero Inoxidable con ba\u00f1o mar\u00eda | 1.94 kW | Mant\u00e9n tus alimentos calientes y frescos en restaurantes, panader\u00edas y buffets.\",\"breadcrumb\":{\"@id\":\"https:\\\/\\\/tienda.fullermachinery.com\\\/index.php\\\/producto\\\/vitrina-de-calefaccion-ref-601\\\/#breadcrumb\"},\"inLanguage\":\"es\",\"potentialAction\":[{\"@type\":\"ReadAction\",\"target\":[\"https:\\\/\\\/tienda.fullermachinery.com\\\/index.php\\\/producto\\\/vitrina-de-calefaccion-ref-601\\\/\"]}]},{\"@type\":\"ImageObject\",\"inLanguage\":\"es\",\"@id\":\"https:\\\/\\\/tienda.fullermachinery.com\\\/index.php\\\/producto\\\/vitrina-de-calefaccion-ref-601\\\/#primaryimage\",\"url\":\"https:\\\/\\\/tienda.fullermachinery.com\\\/wp-content\\\/uploads\\\/2024\\\/07\\\/Vitrina-de-calefaccion-ref-601-5.png\",\"contentUrl\":\"https:\\\/\\\/tienda.fullermachinery.com\\\/wp-content\\\/uploads\\\/2024\\\/07\\\/Vitrina-de-calefaccion-ref-601-5.png\",\"width\":2000,\"height\":2000,\"caption\":\"La Vitrina de Calefacci\u00f3n de Acero Inoxidable es un dispositivo dise\u00f1ado para exhibir y mantener alimentos calientes en entornos comerciales. Est\u00e1 construida con materiales de alta calidad, como el acero inoxidable, y cuenta con caracter\u00edsticas como puertas de vidrio corredizas, contenedor central para ba\u00f1o mar\u00eda y un indicador de luz caliente para monitorear la temperatura interna.\"},{\"@type\":\"BreadcrumbList\",\"@id\":\"https:\\\/\\\/tienda.fullermachinery.com\\\/index.php\\\/producto\\\/vitrina-de-calefaccion-ref-601\\\/#breadcrumb\",\"itemListElement\":[{\"@type\":\"ListItem\",\"position\":1,\"name\":\"Portada\",\"item\":\"https:\\\/\\\/tienda.fullermachinery.com\\\/\"},{\"@type\":\"ListItem\",\"position\":2,\"name\":\"Productos\",\"item\":\"https:\\\/\\\/tienda.fullermachinery.com\\\/index.php\\\/shop\\\/\"},{\"@type\":\"ListItem\",\"position\":3,\"name\":\"VITRINA EXHIBIDORA DE CALEFACCI\u00d3N 601\"}]},{\"@type\":\"WebSite\",\"@id\":\"https:\\\/\\\/tienda.fullermachinery.com\\\/#website\",\"url\":\"https:\\\/\\\/tienda.fullermachinery.com\\\/\",\"name\":\"Fuller Machinery\",\"description\":\"Importaci\u00f3n y comercializaci\u00f3n de m\u00e1quinas industriales para el sector de alimentos\",\"publisher\":{\"@id\":\"https:\\\/\\\/tienda.fullermachinery.com\\\/#organization\"},\"potentialAction\":[{\"@type\":\"SearchAction\",\"target\":{\"@type\":\"EntryPoint\",\"urlTemplate\":\"https:\\\/\\\/tienda.fullermachinery.com\\\/?s={search_term_string}\"},\"query-input\":{\"@type\":\"PropertyValueSpecification\",\"valueRequired\":true,\"valueName\":\"search_term_string\"}}],\"inLanguage\":\"es\"},{\"@type\":\"Organization\",\"@id\":\"https:\\\/\\\/tienda.fullermachinery.com\\\/#organization\",\"name\":\"Fuller Machinery\",\"url\":\"https:\\\/\\\/tienda.fullermachinery.com\\\/\",\"logo\":{\"@type\":\"ImageObject\",\"inLanguage\":\"es\",\"@id\":\"https:\\\/\\\/tienda.fullermachinery.com\\\/#\\\/schema\\\/logo\\\/image\\\/\",\"url\":\"https:\\\/\\\/tienda.fullermachinery.com\\\/wp-content\\\/uploads\\\/2023\\\/08\\\/logo-fuller-transparente.png\",\"contentUrl\":\"https:\\\/\\\/tienda.fullermachinery.com\\\/wp-content\\\/uploads\\\/2023\\\/08\\\/logo-fuller-transparente.png\",\"width\":2208,\"height\":644,\"caption\":\"Fuller Machinery\"},\"image\":{\"@id\":\"https:\\\/\\\/tienda.fullermachinery.com\\\/#\\\/schema\\\/logo\\\/image\\\/\"}}]}<\/script>\n<!-- \/ Yoast SEO plugin. -->","yoast_head_json":{"title":"VITRINA EXHIBIDORA DE CALEFACCI\u00d3N 601 - Fuller Machinery","description":"Vitrina de Calefacci\u00f3n de Acero Inoxidable con ba\u00f1o mar\u00eda | 1.94 kW | Mant\u00e9n tus alimentos calientes y frescos en restaurantes, panader\u00edas y buffets.","robots":{"index":"index","follow":"follow","max-snippet":"max-snippet:-1","max-image-preview":"max-image-preview:large","max-video-preview":"max-video-preview:-1"},"canonical":"https:\/\/tienda.fullermachinery.com\/index.php\/producto\/vitrina-de-calefaccion-ref-601\/","og_locale":"es_ES","og_type":"article","og_title":"VITRINA EXHIBIDORA DE CALEFACCI\u00d3N 601 - Fuller Machinery","og_description":"Vitrina de Calefacci\u00f3n de Acero Inoxidable con ba\u00f1o mar\u00eda | 1.94 kW | Mant\u00e9n tus alimentos calientes y frescos en restaurantes, panader\u00edas y buffets.","og_url":"https:\/\/tienda.fullermachinery.com\/index.php\/producto\/vitrina-de-calefaccion-ref-601\/","og_site_name":"Fuller Machinery","article_modified_time":"2026-04-29T13:38:32+00:00","og_image":[{"width":2000,"height":2000,"url":"https:\/\/tienda.fullermachinery.com\/wp-content\/uploads\/2024\/07\/Vitrina-de-calefaccion-ref-601-5.png","type":"image\/png"}],"twitter_card":"summary_large_image","twitter_misc":{"Tiempo de lectura":"2 minutos"},"schema":{"@context":"https:\/\/schema.org","@graph":[{"@type":"WebPage","@id":"https:\/\/tienda.fullermachinery.com\/index.php\/producto\/vitrina-de-calefaccion-ref-601\/","url":"https:\/\/tienda.fullermachinery.com\/index.php\/producto\/vitrina-de-calefaccion-ref-601\/","name":"VITRINA EXHIBIDORA DE CALEFACCI\u00d3N 601 - Fuller Machinery","isPartOf":{"@id":"https:\/\/tienda.fullermachinery.com\/#website"},"primaryImageOfPage":{"@id":"https:\/\/tienda.fullermachinery.com\/index.php\/producto\/vitrina-de-calefaccion-ref-601\/#primaryimage"},"image":{"@id":"https:\/\/tienda.fullermachinery.com\/index.php\/producto\/vitrina-de-calefaccion-ref-601\/#primaryimage"},"thumbnailUrl":"https:\/\/tienda.fullermachinery.com\/wp-content\/uploads\/2024\/07\/Vitrina-de-calefaccion-ref-601-5.png","datePublished":"2024-07-18T02:43:17+00:00","dateModified":"2026-04-29T13:38:32+00:00","description":"Vitrina de Calefacci\u00f3n de Acero Inoxidable con ba\u00f1o mar\u00eda | 1.94 kW | Mant\u00e9n tus alimentos calientes y frescos en restaurantes, panader\u00edas y buffets.","breadcrumb":{"@id":"https:\/\/tienda.fullermachinery.com\/index.php\/producto\/vitrina-de-calefaccion-ref-601\/#breadcrumb"},"inLanguage":"es","potentialAction":[{"@type":"ReadAction","target":["https:\/\/tienda.fullermachinery.com\/index.php\/producto\/vitrina-de-calefaccion-ref-601\/"]}]},{"@type":"ImageObject","inLanguage":"es","@id":"https:\/\/tienda.fullermachinery.com\/index.php\/producto\/vitrina-de-calefaccion-ref-601\/#primaryimage","url":"https:\/\/tienda.fullermachinery.com\/wp-content\/uploads\/2024\/07\/Vitrina-de-calefaccion-ref-601-5.png","contentUrl":"https:\/\/tienda.fullermachinery.com\/wp-content\/uploads\/2024\/07\/Vitrina-de-calefaccion-ref-601-5.png","width":2000,"height":2000,"caption":"La Vitrina de Calefacci\u00f3n de Acero Inoxidable es un dispositivo dise\u00f1ado para exhibir y mantener alimentos calientes en entornos comerciales. Est\u00e1 construida con materiales de alta calidad, como el acero inoxidable, y cuenta con caracter\u00edsticas como puertas de vidrio corredizas, contenedor central para ba\u00f1o mar\u00eda y un indicador de luz caliente para monitorear la temperatura interna."},{"@type":"BreadcrumbList","@id":"https:\/\/tienda.fullermachinery.com\/index.php\/producto\/vitrina-de-calefaccion-ref-601\/#breadcrumb","itemListElement":[{"@type":"ListItem","position":1,"name":"Portada","item":"https:\/\/tienda.fullermachinery.com\/"},{"@type":"ListItem","position":2,"name":"Productos","item":"https:\/\/tienda.fullermachinery.com\/index.php\/shop\/"},{"@type":"ListItem","position":3,"name":"VITRINA EXHIBIDORA DE CALEFACCI\u00d3N 601"}]},{"@type":"WebSite","@id":"https:\/\/tienda.fullermachinery.com\/#website","url":"https:\/\/tienda.fullermachinery.com\/","name":"Fuller Machinery","description":"Importaci\u00f3n y comercializaci\u00f3n de m\u00e1quinas industriales para el sector de alimentos","publisher":{"@id":"https:\/\/tienda.fullermachinery.com\/#organization"},"potentialAction":[{"@type":"SearchAction","target":{"@type":"EntryPoint","urlTemplate":"https:\/\/tienda.fullermachinery.com\/?s={search_term_string}"},"query-input":{"@type":"PropertyValueSpecification","valueRequired":true,"valueName":"search_term_string"}}],"inLanguage":"es"},{"@type":"Organization","@id":"https:\/\/tienda.fullermachinery.com\/#organization","name":"Fuller Machinery","url":"https:\/\/tienda.fullermachinery.com\/","logo":{"@type":"ImageObject","inLanguage":"es","@id":"https:\/\/tienda.fullermachinery.com\/#\/schema\/logo\/image\/","url":"https:\/\/tienda.fullermachinery.com\/wp-content\/uploads\/2023\/08\/logo-fuller-transparente.png","contentUrl":"https:\/\/tienda.fullermachinery.com\/wp-content\/uploads\/2023\/08\/logo-fuller-transparente.png","width":2208,"height":644,"caption":"Fuller Machinery"},"image":{"@id":"https:\/\/tienda.fullermachinery.com\/#\/schema\/logo\/image\/"}}]}},"jetpack_sharing_enabled":true,"_links":{"self":[{"href":"https:\/\/tienda.fullermachinery.com\/index.php\/wp-json\/wp\/v2\/product\/16831","targetHints":{"allow":["GET"]}}],"collection":[{"href":"https:\/\/tienda.fullermachinery.com\/index.php\/wp-json\/wp\/v2\/product"}],"about":[{"href":"https:\/\/tienda.fullermachinery.com\/index.php\/wp-json\/wp\/v2\/types\/product"}],"replies":[{"embeddable":true,"href":"https:\/\/tienda.fullermachinery.com\/index.php\/wp-json\/wp\/v2\/comments?post=16831"}],"version-history":[{"count":12,"href":"https:\/\/tienda.fullermachinery.com\/index.php\/wp-json\/wp\/v2\/product\/16831\/revisions"}],"predecessor-version":[{"id":19112,"href":"https:\/\/tienda.fullermachinery.com\/index.php\/wp-json\/wp\/v2\/product\/16831\/revisions\/19112"}],"wp:featuredmedia":[{"embeddable":true,"href":"https:\/\/tienda.fullermachinery.com\/index.php\/wp-json\/wp\/v2\/media\/16836"}],"wp:attachment":[{"href":"https:\/\/tienda.fullermachinery.com\/index.php\/wp-json\/wp\/v2\/media?parent=16831"}],"wp:term":[{"taxonomy":"product_brand","embeddable":true,"href":"https:\/\/tienda.fullermachinery.com\/index.php\/wp-json\/wp\/v2\/product_brand?post=16831"},{"taxonomy":"product_cat","embeddable":true,"href":"https:\/\/tienda.fullermachinery.com\/index.php\/wp-json\/wp\/v2\/product_cat?post=16831"},{"taxonomy":"product_tag","embeddable":true,"href":"https:\/\/tienda.fullermachinery.com\/index.php\/wp-json\/wp\/v2\/product_tag?post=16831"}],"curies":[{"name":"wp","href":"https:\/\/api.w.org\/{rel}","templated":true}]}}