{"id":16827,"date":"2024-07-17T21:37:56","date_gmt":"2024-07-18T02:37:56","guid":{"rendered":"https:\/\/tienda.fullermachinery.com\/?post_type=product&#038;p=16827"},"modified":"2025-07-10T10:53:58","modified_gmt":"2025-07-10T15:53:58","slug":"fregadero-para-cocina-acero","status":"publish","type":"product","link":"https:\/\/tienda.fullermachinery.com\/index.php\/producto\/fregadero-para-cocina-acero\/","title":{"rendered":"Fregadero Industrial de Acero Inoxidable 304 | Espaldar + Entrepa\u00f1o | 120&#215;60 cm"},"content":{"rendered":"\t\t<div data-elementor-type=\"wp-post\" data-elementor-id=\"16827\" class=\"elementor elementor-16827\">\n\t\t\t\t\t\t<section class=\"wd-negative-gap elementor-section elementor-top-section elementor-element elementor-element-f0059cb elementor-section-boxed elementor-section-height-default elementor-section-height-default wd-section-disabled\" data-id=\"f0059cb\" data-element_type=\"section\" data-e-type=\"section\">\n\t\t\t\t\t\t<div class=\"elementor-container elementor-column-gap-default\">\n\t\t\t\t\t<div class=\"elementor-column elementor-col-100 elementor-top-column elementor-element elementor-element-ac8ef17\" data-id=\"ac8ef17\" data-element_type=\"column\" data-e-type=\"column\">\n\t\t\t<div class=\"elementor-widget-wrap elementor-element-populated\">\n\t\t\t\t\t\t<div class=\"elementor-element elementor-element-169d45c elementor-widget elementor-widget-wd_text_block\" data-id=\"169d45c\" data-element_type=\"widget\" data-e-type=\"widget\" data-widget_type=\"wd_text_block.default\">\n\t\t\t\t<div class=\"elementor-widget-container\">\n\t\t\t\t\t\t\t<div class=\"wd-text-block reset-last-child text-left\">\n\t\t\t\n\t\t\t<p data-start=\"320\" data-end=\"607\">El <strong data-start=\"323\" data-end=\"367\">fregadero industrial de acero inoxidable<\/strong> es una estaci\u00f3n de lavado robusta y funcional, especialmente dise\u00f1ada para <strong data-start=\"443\" data-end=\"466\">cocinas comerciales<\/strong>, restaurantes, hoteles, cafeter\u00edas y negocios de alimentos que requieren alta resistencia, higiene y practicidad en sus operaciones diarias.<\/p><p data-start=\"609\" data-end=\"1005\">Fabricado en <strong data-start=\"622\" data-end=\"655\">acero inoxidable de grado 304<\/strong>, este fregadero ofrece una vida \u00fatil prolongada y soporta ambientes de trabajo intensos sin deteriorarse. Su dise\u00f1o incluye un <strong data-start=\"783\" data-end=\"805\">espaldar integrado<\/strong> que protege las paredes de salpicaduras, un <strong data-start=\"850\" data-end=\"869\">tanque profundo<\/strong> para lavar utensilios y bandejas grandes, y un <strong data-start=\"917\" data-end=\"942\">entrepa\u00f1o de 3 barras<\/strong> para almacenar implementos de limpieza o utensilios de cocina.<\/p><hr data-start=\"1007\" data-end=\"1010\" \/><h2 data-start=\"1012\" data-end=\"1036\">\u2705 <strong data-start=\"1017\" data-end=\"1036\">\u00bfC\u00f3mo funciona?<\/strong><\/h2><p data-start=\"1038\" data-end=\"1075\">El funcionamiento es 100% pr\u00e1ctico:<\/p><ul data-start=\"1076\" data-end=\"1483\"><li data-start=\"1076\" data-end=\"1169\"><p data-start=\"1078\" data-end=\"1169\">Su tanque profundo permite lavar utensilios voluminosos, ollas y bandejas sin dificultad.<\/p><\/li><li data-start=\"1170\" data-end=\"1277\"><p data-start=\"1172\" data-end=\"1277\">El <strong data-start=\"1175\" data-end=\"1207\">espaldar de acero inoxidable<\/strong> evita que el agua da\u00f1e o ensucie la pared, facilitando la limpieza.<\/p><\/li><li data-start=\"1278\" data-end=\"1385\"><p data-start=\"1280\" data-end=\"1385\">El entrepa\u00f1o inferior agrega espacio de almacenamiento extra, optimizando la organizaci\u00f3n en la cocina.<\/p><\/li><li data-start=\"1386\" data-end=\"1483\"><p data-start=\"1388\" data-end=\"1483\">Las <strong data-start=\"1392\" data-end=\"1412\">4 patas robustas<\/strong> aseguran estabilidad total incluso durante cargas de trabajo intensas.<\/p><\/li><\/ul><hr data-start=\"1485\" data-end=\"1488\" \/><h2 data-start=\"1490\" data-end=\"1524\">\u2705 <strong data-start=\"1495\" data-end=\"1524\">\u00bfEn qu\u00e9 industrias sirve?<\/strong><\/h2><p data-start=\"1526\" data-end=\"1626\">Este fregadero es un <strong data-start=\"1547\" data-end=\"1565\">imprescindible<\/strong> en m\u00faltiples industrias y espacios de trabajo, incluyendo:<\/p><p data-start=\"1628\" data-end=\"1746\">\ud83c\udf7d <strong data-start=\"1631\" data-end=\"1670\">Restaurantes, hoteles y cafeter\u00edas:<\/strong> Lava vajilla, utensilios y equipo de cocina de manera eficiente y segura.<\/p><p data-start=\"1748\" data-end=\"1869\">\ud83c\udf5e <strong data-start=\"1751\" data-end=\"1790\">Panader\u00edas, carnicer\u00edas y catering:<\/strong> Mant\u00e9n la higiene en la preparaci\u00f3n de alimentos y limpieza de herramientas.<\/p><p data-start=\"1871\" data-end=\"1982\">\ud83c\udfe0 <strong data-start=\"1874\" data-end=\"1919\">Hogares con cocinas de estilo industrial:<\/strong> Ideal para quienes buscan funcionalidad profesional en casa.<\/p><p data-start=\"1984\" data-end=\"2080\">\ud83c\udfe2 <strong data-start=\"1987\" data-end=\"2024\">Negocios de alimentos en general:<\/strong> Puntos de comida, comedores industriales y food trucks.<\/p><hr data-start=\"2082\" data-end=\"2085\" \/><h2 data-start=\"2087\" data-end=\"2120\">\u2705 <strong data-start=\"2092\" data-end=\"2120\">Caracter\u00edsticas T\u00e9cnicas<\/strong><\/h2><ul data-start=\"2122\" data-end=\"2459\"><li data-start=\"2122\" data-end=\"2166\"><p data-start=\"2124\" data-end=\"2166\"><strong data-start=\"2124\" data-end=\"2137\">Material:<\/strong> Acero inoxidable grado 304<\/p><\/li><li data-start=\"2167\" data-end=\"2239\"><p data-start=\"2169\" data-end=\"2239\"><strong data-start=\"2169\" data-end=\"2182\">Espaldar:<\/strong> Incluido, para proteger la pared y mantener la higiene<\/p><\/li><li data-start=\"2240\" data-end=\"2287\"><p data-start=\"2242\" data-end=\"2287\"><strong data-start=\"2242\" data-end=\"2254\">Medidas:<\/strong> 120 cm (ancho) x 60 cm (largo)<\/p><\/li><li data-start=\"2288\" data-end=\"2344\"><p data-start=\"2290\" data-end=\"2344\"><strong data-start=\"2290\" data-end=\"2304\">Entrepa\u00f1o:<\/strong> 3 barras, ofrece almacenamiento extra<\/p><\/li><li data-start=\"2345\" data-end=\"2403\"><p data-start=\"2347\" data-end=\"2403\"><strong data-start=\"2347\" data-end=\"2357\">Patas:<\/strong> 4 patas resistentes para m\u00e1xima estabilidad<\/p><\/li><li data-start=\"2404\" data-end=\"2459\"><p data-start=\"2406\" data-end=\"2459\"><strong data-start=\"2406\" data-end=\"2417\">Tanque:<\/strong> Profundo, ideal para utensilios grandes<\/p><\/li><\/ul><hr data-start=\"2461\" data-end=\"2464\" \/><h2 data-start=\"2466\" data-end=\"2489\">\u2705 <strong data-start=\"2471\" data-end=\"2489\">Ventajas Clave<\/strong><\/h2><p data-start=\"2491\" data-end=\"2882\">\u2714\ufe0f <strong data-start=\"2494\" data-end=\"2519\">Durabilidad superior:<\/strong> Resistente a la corrosi\u00f3n y f\u00e1cil de limpiar.<br data-start=\"2565\" data-end=\"2568\" \/>\u2714\ufe0f <strong data-start=\"2571\" data-end=\"2601\">Amplio espacio de trabajo:<\/strong> Perfecto para operaciones de alto volumen.<br data-start=\"2644\" data-end=\"2647\" \/>\u2714\ufe0f <strong data-start=\"2650\" data-end=\"2677\">Mantenimiento sencillo:<\/strong> Higiene garantizada con m\u00ednimo esfuerzo.<br data-start=\"2718\" data-end=\"2721\" \/>\u2714\ufe0f <strong data-start=\"2724\" data-end=\"2752\">Estabilidad y seguridad:<\/strong> Estructura robusta y entrepa\u00f1o funcional.<br data-start=\"2794\" data-end=\"2797\" \/>\u2714\ufe0f <strong data-start=\"2800\" data-end=\"2817\">Versatilidad:<\/strong> Adaptable a distintos tipos de negocios y cocinas profesionales.<\/p>\n\t\t\t\t\t<\/div>\n\t\t\t\t\t\t<\/div>\n\t\t\t\t<\/div>\n\t\t\t\t\t<\/div>\n\t\t<\/div>\n\t\t\t\t\t<\/div>\n\t\t<\/section>\n\t\t\t\t<\/div>\n\t\t","protected":false},"excerpt":{"rendered":"<p data-start=\"3154\" data-end=\"3343\"><strong data-start=\"3154\" data-end=\"3343\">Fregadero industrial de acero inoxidable 304, con espaldar protector y entrepa\u00f1o de 3 barras. Medidas: 120&#215;60 cm. Ideal para cocinas profesionales, restaurantes y negocios de alimentos.<\/strong><\/p>\n","protected":false},"featured_media":16828,"comment_status":"open","ping_status":"closed","template":"","meta":[],"product_brand":[],"product_cat":[140,231],"product_tag":[220,218,219],"class_list":{"0":"post-16827","1":"product","2":"type-product","3":"status-publish","4":"has-post-thumbnail","6":"product_cat-preparacion-de-alimentos","7":"product_cat-mesas-de-trabajo","8":"product_tag-amasadora","9":"product_tag-amasadora-industrial","10":"product_tag-panaderia","12":"first","13":"instock","14":"featured","15":"shipping-taxable","16":"purchasable","17":"product-type-simple"},"yoast_head":"<!-- This site is optimized with the Yoast SEO plugin v27.5 - https:\/\/yoast.com\/product\/yoast-seo-wordpress\/ -->\n<title>Fregadero Industrial de Acero Inoxidable 304 | Espaldar + Entrepa\u00f1o | 120x60 cm - Fuller Machinery<\/title>\n<meta name=\"description\" content=\"Fregadero industrial de acero inoxidable 304 con espaldar y entrepa\u00f1o de 3 barras | 120x60 cm | Alta durabilidad para cocinas comerciales, restaurantes y hoteles.\" \/>\n<meta name=\"robots\" content=\"index, follow, max-snippet:-1, max-image-preview:large, max-video-preview:-1\" \/>\n<link rel=\"canonical\" href=\"https:\/\/tienda.fullermachinery.com\/index.php\/producto\/fregadero-para-cocina-acero\/\" \/>\n<meta property=\"og:locale\" content=\"es_ES\" \/>\n<meta property=\"og:type\" content=\"article\" \/>\n<meta property=\"og:title\" content=\"Fregadero Industrial de Acero Inoxidable 304 | Espaldar + Entrepa\u00f1o | 120x60 cm - Fuller Machinery\" \/>\n<meta property=\"og:description\" content=\"Fregadero industrial de acero inoxidable 304 con espaldar y entrepa\u00f1o de 3 barras | 120x60 cm | Alta durabilidad para cocinas comerciales, restaurantes y hoteles.\" \/>\n<meta property=\"og:url\" content=\"https:\/\/tienda.fullermachinery.com\/index.php\/producto\/fregadero-para-cocina-acero\/\" \/>\n<meta property=\"og:site_name\" content=\"Fuller Machinery\" \/>\n<meta property=\"article:modified_time\" content=\"2025-07-10T15:53:58+00:00\" \/>\n<meta property=\"og:image\" content=\"https:\/\/tienda.fullermachinery.com\/wp-content\/uploads\/2024\/07\/Fregadero-para-cocina-acero-1.png\" \/>\n\t<meta property=\"og:image:width\" content=\"2000\" \/>\n\t<meta property=\"og:image:height\" content=\"2000\" \/>\n\t<meta property=\"og:image:type\" content=\"image\/png\" \/>\n<meta name=\"twitter:card\" content=\"summary_large_image\" \/>\n<meta name=\"twitter:label1\" content=\"Tiempo de lectura\" \/>\n\t<meta name=\"twitter:data1\" content=\"2 minutos\" \/>\n<script type=\"application\/ld+json\" class=\"yoast-schema-graph\">{\"@context\":\"https:\\\/\\\/schema.org\",\"@graph\":[{\"@type\":\"WebPage\",\"@id\":\"https:\\\/\\\/tienda.fullermachinery.com\\\/index.php\\\/producto\\\/fregadero-para-cocina-acero\\\/\",\"url\":\"https:\\\/\\\/tienda.fullermachinery.com\\\/index.php\\\/producto\\\/fregadero-para-cocina-acero\\\/\",\"name\":\"Fregadero Industrial de Acero Inoxidable 304 | Espaldar + Entrepa\u00f1o | 120x60 cm - Fuller Machinery\",\"isPartOf\":{\"@id\":\"https:\\\/\\\/tienda.fullermachinery.com\\\/#website\"},\"primaryImageOfPage\":{\"@id\":\"https:\\\/\\\/tienda.fullermachinery.com\\\/index.php\\\/producto\\\/fregadero-para-cocina-acero\\\/#primaryimage\"},\"image\":{\"@id\":\"https:\\\/\\\/tienda.fullermachinery.com\\\/index.php\\\/producto\\\/fregadero-para-cocina-acero\\\/#primaryimage\"},\"thumbnailUrl\":\"https:\\\/\\\/tienda.fullermachinery.com\\\/wp-content\\\/uploads\\\/2024\\\/07\\\/Fregadero-para-cocina-acero-1.png\",\"datePublished\":\"2024-07-18T02:37:56+00:00\",\"dateModified\":\"2025-07-10T15:53:58+00:00\",\"description\":\"Fregadero industrial de acero inoxidable 304 con espaldar y entrepa\u00f1o de 3 barras | 120x60 cm | Alta durabilidad para cocinas comerciales, restaurantes y hoteles.\",\"breadcrumb\":{\"@id\":\"https:\\\/\\\/tienda.fullermachinery.com\\\/index.php\\\/producto\\\/fregadero-para-cocina-acero\\\/#breadcrumb\"},\"inLanguage\":\"es\",\"potentialAction\":[{\"@type\":\"ReadAction\",\"target\":[\"https:\\\/\\\/tienda.fullermachinery.com\\\/index.php\\\/producto\\\/fregadero-para-cocina-acero\\\/\"]}]},{\"@type\":\"ImageObject\",\"inLanguage\":\"es\",\"@id\":\"https:\\\/\\\/tienda.fullermachinery.com\\\/index.php\\\/producto\\\/fregadero-para-cocina-acero\\\/#primaryimage\",\"url\":\"https:\\\/\\\/tienda.fullermachinery.com\\\/wp-content\\\/uploads\\\/2024\\\/07\\\/Fregadero-para-cocina-acero-1.png\",\"contentUrl\":\"https:\\\/\\\/tienda.fullermachinery.com\\\/wp-content\\\/uploads\\\/2024\\\/07\\\/Fregadero-para-cocina-acero-1.png\",\"width\":2000,\"height\":2000,\"caption\":\"El fregadero de acero inoxidable es una herramienta esencial para cualquier cocina profesional y negocios en general que requieran de una estaci\u00f3n de lavado duradera y eficiente. Fabricado con acero inoxidable de grado 304, este fregadero ofrece una excelente resistencia a la corrosi\u00f3n y durabilidad, ideal para entornos de trabajo intensivos.\"},{\"@type\":\"BreadcrumbList\",\"@id\":\"https:\\\/\\\/tienda.fullermachinery.com\\\/index.php\\\/producto\\\/fregadero-para-cocina-acero\\\/#breadcrumb\",\"itemListElement\":[{\"@type\":\"ListItem\",\"position\":1,\"name\":\"Portada\",\"item\":\"https:\\\/\\\/tienda.fullermachinery.com\\\/\"},{\"@type\":\"ListItem\",\"position\":2,\"name\":\"Productos\",\"item\":\"https:\\\/\\\/tienda.fullermachinery.com\\\/index.php\\\/shop\\\/\"},{\"@type\":\"ListItem\",\"position\":3,\"name\":\"Fregadero Industrial de Acero Inoxidable 304 | Espaldar + Entrepa\u00f1o | 120&#215;60 cm\"}]},{\"@type\":\"WebSite\",\"@id\":\"https:\\\/\\\/tienda.fullermachinery.com\\\/#website\",\"url\":\"https:\\\/\\\/tienda.fullermachinery.com\\\/\",\"name\":\"Fuller Machinery\",\"description\":\"Importaci\u00f3n y comercializaci\u00f3n de m\u00e1quinas industriales para el sector de alimentos\",\"publisher\":{\"@id\":\"https:\\\/\\\/tienda.fullermachinery.com\\\/#organization\"},\"potentialAction\":[{\"@type\":\"SearchAction\",\"target\":{\"@type\":\"EntryPoint\",\"urlTemplate\":\"https:\\\/\\\/tienda.fullermachinery.com\\\/?s={search_term_string}\"},\"query-input\":{\"@type\":\"PropertyValueSpecification\",\"valueRequired\":true,\"valueName\":\"search_term_string\"}}],\"inLanguage\":\"es\"},{\"@type\":\"Organization\",\"@id\":\"https:\\\/\\\/tienda.fullermachinery.com\\\/#organization\",\"name\":\"Fuller Machinery\",\"url\":\"https:\\\/\\\/tienda.fullermachinery.com\\\/\",\"logo\":{\"@type\":\"ImageObject\",\"inLanguage\":\"es\",\"@id\":\"https:\\\/\\\/tienda.fullermachinery.com\\\/#\\\/schema\\\/logo\\\/image\\\/\",\"url\":\"https:\\\/\\\/tienda.fullermachinery.com\\\/wp-content\\\/uploads\\\/2023\\\/08\\\/logo-fuller-transparente.png\",\"contentUrl\":\"https:\\\/\\\/tienda.fullermachinery.com\\\/wp-content\\\/uploads\\\/2023\\\/08\\\/logo-fuller-transparente.png\",\"width\":2208,\"height\":644,\"caption\":\"Fuller Machinery\"},\"image\":{\"@id\":\"https:\\\/\\\/tienda.fullermachinery.com\\\/#\\\/schema\\\/logo\\\/image\\\/\"}}]}<\/script>\n<!-- \/ Yoast SEO plugin. -->","yoast_head_json":{"title":"Fregadero Industrial de Acero Inoxidable 304 | Espaldar + Entrepa\u00f1o | 120x60 cm - Fuller Machinery","description":"Fregadero industrial de acero inoxidable 304 con espaldar y entrepa\u00f1o de 3 barras | 120x60 cm | Alta durabilidad para cocinas comerciales, restaurantes y hoteles.","robots":{"index":"index","follow":"follow","max-snippet":"max-snippet:-1","max-image-preview":"max-image-preview:large","max-video-preview":"max-video-preview:-1"},"canonical":"https:\/\/tienda.fullermachinery.com\/index.php\/producto\/fregadero-para-cocina-acero\/","og_locale":"es_ES","og_type":"article","og_title":"Fregadero Industrial de Acero Inoxidable 304 | Espaldar + Entrepa\u00f1o | 120x60 cm - Fuller Machinery","og_description":"Fregadero industrial de acero inoxidable 304 con espaldar y entrepa\u00f1o de 3 barras | 120x60 cm | Alta durabilidad para cocinas comerciales, restaurantes y hoteles.","og_url":"https:\/\/tienda.fullermachinery.com\/index.php\/producto\/fregadero-para-cocina-acero\/","og_site_name":"Fuller Machinery","article_modified_time":"2025-07-10T15:53:58+00:00","og_image":[{"width":2000,"height":2000,"url":"https:\/\/tienda.fullermachinery.com\/wp-content\/uploads\/2024\/07\/Fregadero-para-cocina-acero-1.png","type":"image\/png"}],"twitter_card":"summary_large_image","twitter_misc":{"Tiempo de lectura":"2 minutos"},"schema":{"@context":"https:\/\/schema.org","@graph":[{"@type":"WebPage","@id":"https:\/\/tienda.fullermachinery.com\/index.php\/producto\/fregadero-para-cocina-acero\/","url":"https:\/\/tienda.fullermachinery.com\/index.php\/producto\/fregadero-para-cocina-acero\/","name":"Fregadero Industrial de Acero Inoxidable 304 | Espaldar + Entrepa\u00f1o | 120x60 cm - Fuller Machinery","isPartOf":{"@id":"https:\/\/tienda.fullermachinery.com\/#website"},"primaryImageOfPage":{"@id":"https:\/\/tienda.fullermachinery.com\/index.php\/producto\/fregadero-para-cocina-acero\/#primaryimage"},"image":{"@id":"https:\/\/tienda.fullermachinery.com\/index.php\/producto\/fregadero-para-cocina-acero\/#primaryimage"},"thumbnailUrl":"https:\/\/tienda.fullermachinery.com\/wp-content\/uploads\/2024\/07\/Fregadero-para-cocina-acero-1.png","datePublished":"2024-07-18T02:37:56+00:00","dateModified":"2025-07-10T15:53:58+00:00","description":"Fregadero industrial de acero inoxidable 304 con espaldar y entrepa\u00f1o de 3 barras | 120x60 cm | Alta durabilidad para cocinas comerciales, restaurantes y hoteles.","breadcrumb":{"@id":"https:\/\/tienda.fullermachinery.com\/index.php\/producto\/fregadero-para-cocina-acero\/#breadcrumb"},"inLanguage":"es","potentialAction":[{"@type":"ReadAction","target":["https:\/\/tienda.fullermachinery.com\/index.php\/producto\/fregadero-para-cocina-acero\/"]}]},{"@type":"ImageObject","inLanguage":"es","@id":"https:\/\/tienda.fullermachinery.com\/index.php\/producto\/fregadero-para-cocina-acero\/#primaryimage","url":"https:\/\/tienda.fullermachinery.com\/wp-content\/uploads\/2024\/07\/Fregadero-para-cocina-acero-1.png","contentUrl":"https:\/\/tienda.fullermachinery.com\/wp-content\/uploads\/2024\/07\/Fregadero-para-cocina-acero-1.png","width":2000,"height":2000,"caption":"El fregadero de acero inoxidable es una herramienta esencial para cualquier cocina profesional y negocios en general que requieran de una estaci\u00f3n de lavado duradera y eficiente. Fabricado con acero inoxidable de grado 304, este fregadero ofrece una excelente resistencia a la corrosi\u00f3n y durabilidad, ideal para entornos de trabajo intensivos."},{"@type":"BreadcrumbList","@id":"https:\/\/tienda.fullermachinery.com\/index.php\/producto\/fregadero-para-cocina-acero\/#breadcrumb","itemListElement":[{"@type":"ListItem","position":1,"name":"Portada","item":"https:\/\/tienda.fullermachinery.com\/"},{"@type":"ListItem","position":2,"name":"Productos","item":"https:\/\/tienda.fullermachinery.com\/index.php\/shop\/"},{"@type":"ListItem","position":3,"name":"Fregadero Industrial de Acero Inoxidable 304 | Espaldar + Entrepa\u00f1o | 120&#215;60 cm"}]},{"@type":"WebSite","@id":"https:\/\/tienda.fullermachinery.com\/#website","url":"https:\/\/tienda.fullermachinery.com\/","name":"Fuller Machinery","description":"Importaci\u00f3n y comercializaci\u00f3n de m\u00e1quinas industriales para el sector de alimentos","publisher":{"@id":"https:\/\/tienda.fullermachinery.com\/#organization"},"potentialAction":[{"@type":"SearchAction","target":{"@type":"EntryPoint","urlTemplate":"https:\/\/tienda.fullermachinery.com\/?s={search_term_string}"},"query-input":{"@type":"PropertyValueSpecification","valueRequired":true,"valueName":"search_term_string"}}],"inLanguage":"es"},{"@type":"Organization","@id":"https:\/\/tienda.fullermachinery.com\/#organization","name":"Fuller Machinery","url":"https:\/\/tienda.fullermachinery.com\/","logo":{"@type":"ImageObject","inLanguage":"es","@id":"https:\/\/tienda.fullermachinery.com\/#\/schema\/logo\/image\/","url":"https:\/\/tienda.fullermachinery.com\/wp-content\/uploads\/2023\/08\/logo-fuller-transparente.png","contentUrl":"https:\/\/tienda.fullermachinery.com\/wp-content\/uploads\/2023\/08\/logo-fuller-transparente.png","width":2208,"height":644,"caption":"Fuller Machinery"},"image":{"@id":"https:\/\/tienda.fullermachinery.com\/#\/schema\/logo\/image\/"}}]}},"jetpack_sharing_enabled":true,"_links":{"self":[{"href":"https:\/\/tienda.fullermachinery.com\/index.php\/wp-json\/wp\/v2\/product\/16827","targetHints":{"allow":["GET"]}}],"collection":[{"href":"https:\/\/tienda.fullermachinery.com\/index.php\/wp-json\/wp\/v2\/product"}],"about":[{"href":"https:\/\/tienda.fullermachinery.com\/index.php\/wp-json\/wp\/v2\/types\/product"}],"replies":[{"embeddable":true,"href":"https:\/\/tienda.fullermachinery.com\/index.php\/wp-json\/wp\/v2\/comments?post=16827"}],"version-history":[{"count":8,"href":"https:\/\/tienda.fullermachinery.com\/index.php\/wp-json\/wp\/v2\/product\/16827\/revisions"}],"predecessor-version":[{"id":18571,"href":"https:\/\/tienda.fullermachinery.com\/index.php\/wp-json\/wp\/v2\/product\/16827\/revisions\/18571"}],"wp:featuredmedia":[{"embeddable":true,"href":"https:\/\/tienda.fullermachinery.com\/index.php\/wp-json\/wp\/v2\/media\/16828"}],"wp:attachment":[{"href":"https:\/\/tienda.fullermachinery.com\/index.php\/wp-json\/wp\/v2\/media?parent=16827"}],"wp:term":[{"taxonomy":"product_brand","embeddable":true,"href":"https:\/\/tienda.fullermachinery.com\/index.php\/wp-json\/wp\/v2\/product_brand?post=16827"},{"taxonomy":"product_cat","embeddable":true,"href":"https:\/\/tienda.fullermachinery.com\/index.php\/wp-json\/wp\/v2\/product_cat?post=16827"},{"taxonomy":"product_tag","embeddable":true,"href":"https:\/\/tienda.fullermachinery.com\/index.php\/wp-json\/wp\/v2\/product_tag?post=16827"}],"curies":[{"name":"wp","href":"https:\/\/api.w.org\/{rel}","templated":true}]}}