{"id":16814,"date":"2024-07-17T21:18:44","date_gmt":"2024-07-18T02:18:44","guid":{"rendered":"https:\/\/tienda.fullermachinery.com\/?post_type=product&#038;p=16814"},"modified":"2026-03-10T13:12:23","modified_gmt":"2026-03-10T18:12:23","slug":"mesa-de-trabajo-de-3-metros-largo-2","status":"publish","type":"product","link":"https:\/\/tienda.fullermachinery.com\/index.php\/producto\/mesa-de-trabajo-de-3-metros-largo-2\/","title":{"rendered":"MESA DE TRABAJO ACERO INOXIDABLE 3 METROS | Antimagn\u00e9tico 304 2B | Calibre 18 | Con Entrepa\u00f1o | Desarmable"},"content":{"rendered":"\t\t<div data-elementor-type=\"wp-post\" data-elementor-id=\"16814\" class=\"elementor elementor-16814\">\n\t\t\t\t\t\t<section class=\"elementor-section elementor-top-section elementor-element elementor-element-95d15bd elementor-section-boxed elementor-section-height-default elementor-section-height-default wd-section-disabled\" data-id=\"95d15bd\" data-element_type=\"section\" data-e-type=\"section\">\n\t\t\t\t\t\t<div class=\"elementor-container elementor-column-gap-default\">\n\t\t\t\t\t<div class=\"elementor-column elementor-col-100 elementor-top-column elementor-element elementor-element-87d3b71\" data-id=\"87d3b71\" data-element_type=\"column\" data-e-type=\"column\">\n\t\t\t<div class=\"elementor-widget-wrap elementor-element-populated\">\n\t\t\t\t\t\t<div class=\"elementor-element elementor-element-c7db17c elementor-widget elementor-widget-wd_text_block\" data-id=\"c7db17c\" data-element_type=\"widget\" data-e-type=\"widget\" data-widget_type=\"wd_text_block.default\">\n\t\t\t\t<div class=\"elementor-widget-container\">\n\t\t\t\t\t\t\t<div class=\"wd-text-block reset-last-child text-left\">\n\t\t\t\n\t\t\t<p data-start=\"335\" data-end=\"758\">La <strong data-start=\"338\" data-end=\"410\">Mesa de Trabajo de Acero Inoxidable Antimagn\u00e9tico 304 2B, calibre 18<\/strong>, es un mobiliario profesional dise\u00f1ado para garantizar <strong data-start=\"466\" data-end=\"510\">higiene, durabilidad y m\u00e1xima eficiencia<\/strong> en la preparaci\u00f3n de alimentos y diversas tareas industriales. Su construcci\u00f3n con acero certificado para uso alimentario asegura resistencia a la corrosi\u00f3n y facilita su limpieza, cumpliendo los est\u00e1ndares de la industria gastron\u00f3mica y mec\u00e1nica.<\/p><p data-start=\"760\" data-end=\"962\">Incluye un <strong data-start=\"771\" data-end=\"793\">entrepa\u00f1o inferior<\/strong> para mantener herramientas y utensilios siempre organizados, y su estructura <strong data-start=\"871\" data-end=\"885\">desarmable<\/strong> permite transportarla y montarla f\u00e1cilmente en cualquier espacio de trabajo.<\/p><hr data-start=\"964\" data-end=\"967\" \/><h2 data-start=\"969\" data-end=\"993\">\u2705 <strong data-start=\"974\" data-end=\"993\">\u00bfC\u00f3mo funciona?<\/strong><\/h2><p data-start=\"995\" data-end=\"1026\">Su uso es directo y pr\u00e1ctico:<\/p><ul data-start=\"1027\" data-end=\"1507\"><li data-start=\"1027\" data-end=\"1159\"><p data-start=\"1029\" data-end=\"1159\">Brinda una <strong data-start=\"1040\" data-end=\"1092\">superficie amplia, resistente y f\u00e1cil de limpiar<\/strong> para manipular alimentos, ingredientes, herramientas o materiales.<\/p><\/li><li data-start=\"1160\" data-end=\"1253\"><p data-start=\"1162\" data-end=\"1253\">Ofrece almacenamiento gracias al <strong data-start=\"1195\" data-end=\"1208\">entrepa\u00f1o<\/strong>, optimizando el orden en la zona de trabajo.<\/p><\/li><li data-start=\"1254\" data-end=\"1359\"><p data-start=\"1256\" data-end=\"1359\">Su altura ergon\u00f3mica de <strong data-start=\"1280\" data-end=\"1289\">90 cm<\/strong> favorece una postura c\u00f3moda, evitando fatiga durante largas jornadas.<\/p><\/li><li data-start=\"1360\" data-end=\"1507\"><p data-start=\"1362\" data-end=\"1507\">Su dise\u00f1o <strong data-start=\"1372\" data-end=\"1386\">desarmable<\/strong> permite montar y desmontar la mesa r\u00e1pidamente, ideal para transporte y adaptabilidad en espacios con accesos reducidos.<\/p><\/li><\/ul><p data-start=\"1509\" data-end=\"1641\">El acero inoxidable antimagn\u00e9tico 304 2B evita adherencia de part\u00edculas, mantiene la higiene y prolonga la vida \u00fatil del mobiliario.<\/p><hr data-start=\"1643\" data-end=\"1646\" \/><h2 data-start=\"1648\" data-end=\"1682\">\u2705 <strong data-start=\"1653\" data-end=\"1682\">\u00bfEn qu\u00e9 industrias sirve?<\/strong><\/h2><p data-start=\"1684\" data-end=\"1762\">Esta mesa de trabajo destaca por su <strong data-start=\"1720\" data-end=\"1747\">versatilidad y robustez<\/strong>, ideal para:<\/p><p data-start=\"1764\" data-end=\"1877\">\ud83c\udf7d\ufe0f <strong data-start=\"1768\" data-end=\"1807\">Cocinas Comerciales y Restaurantes:<\/strong><br data-start=\"1807\" data-end=\"1810\" \/>Superficie higi\u00e9nica para preparaci\u00f3n, corte y montaje de platos.<\/p><p data-start=\"1879\" data-end=\"1975\">\ud83e\udd50 <strong data-start=\"1882\" data-end=\"1911\">Panader\u00edas y Pasteler\u00edas:<\/strong><br data-start=\"1911\" data-end=\"1914\" \/>Soporta trabajo intensivo con masas, glaseados y horneados.<\/p><p data-start=\"1977\" data-end=\"2105\">\ud83c\udf89 <strong data-start=\"1980\" data-end=\"2004\">Montajes y Catering:<\/strong><br data-start=\"2004\" data-end=\"2007\" \/>Perfecta para ensamblaje de alimentos en eventos. F\u00e1cil de transportar por su dise\u00f1o desarmable.<\/p><p data-start=\"2107\" data-end=\"2231\">\ud83d\udd27 <strong data-start=\"2110\" data-end=\"2144\">Industria Mec\u00e1nica y Talleres:<\/strong><br data-start=\"2144\" data-end=\"2147\" \/>Funciona como banco de trabajo para ensamblaje, revisi\u00f3n y manipulaci\u00f3n de piezas.<\/p><p data-start=\"2233\" data-end=\"2329\">\ud83c\udfe1 <strong data-start=\"2236\" data-end=\"2248\">Hogares:<\/strong><br data-start=\"2248\" data-end=\"2251\" \/>Para quienes buscan nivel industrial en su cocina dom\u00e9stica o taller personal.<\/p><hr data-start=\"2331\" data-end=\"2334\" \/><h2 data-start=\"2336\" data-end=\"2369\">\u2705 <strong data-start=\"2341\" data-end=\"2369\">Caracter\u00edsticas T\u00e9cnicas<\/strong><\/h2><ul data-start=\"2371\" data-end=\"2764\"><li data-start=\"2371\" data-end=\"2439\"><p data-start=\"2373\" data-end=\"2439\"><strong data-start=\"2373\" data-end=\"2386\">Material:<\/strong> Acero Inoxidable Antimagn\u00e9tico 304 2B, calibre 18.<\/p><\/li><li data-start=\"2440\" data-end=\"2504\"><p data-start=\"2442\" data-end=\"2504\"><strong data-start=\"2442\" data-end=\"2460\">Certificaci\u00f3n:<\/strong> Apto para contacto directo con alimentos.<\/p><\/li><li data-start=\"2505\" data-end=\"2575\"><p data-start=\"2507\" data-end=\"2575\"><strong data-start=\"2507\" data-end=\"2522\">Estructura:<\/strong> Desarmable para transporte e instalaci\u00f3n pr\u00e1ctica.<\/p><\/li><li data-start=\"2576\" data-end=\"2636\"><p data-start=\"2578\" data-end=\"2636\"><strong data-start=\"2578\" data-end=\"2592\">Entrepa\u00f1o:<\/strong> Incluido, para organizaci\u00f3n y eficiencia.<\/p><\/li><li data-start=\"2637\" data-end=\"2672\"><p data-start=\"2639\" data-end=\"2672\"><strong data-start=\"2639\" data-end=\"2650\">Altura:<\/strong> 90 cm (ergon\u00f3mica).<\/p><\/li><li data-start=\"2673\" data-end=\"2764\"><p data-start=\"2675\" data-end=\"2764\"><strong data-start=\"2675\" data-end=\"2694\">F\u00e1cil limpieza:<\/strong> Superficie pulida, resistente a la corrosi\u00f3n y de bajo mantenimiento.<\/p><\/li><\/ul><hr data-start=\"2766\" data-end=\"2769\" \/><h2 data-start=\"2771\" data-end=\"2794\">\u2705 <strong data-start=\"2776\" data-end=\"2794\">Ventajas Clave<\/strong><\/h2><p data-start=\"2796\" data-end=\"3188\">\u2714\ufe0f <strong data-start=\"2799\" data-end=\"2820\">Alta durabilidad:<\/strong> Resistente a la corrosi\u00f3n y al uso intensivo.<br data-start=\"2866\" data-end=\"2869\" \/>\u2714\ufe0f <strong data-start=\"2872\" data-end=\"2900\">Certificado alimentario:<\/strong> Cumple est\u00e1ndares de higiene para manipular alimentos.<br data-start=\"2955\" data-end=\"2958\" \/>\u2714\ufe0f <strong data-start=\"2961\" data-end=\"2982\">Dise\u00f1o funcional:<\/strong> Entrepa\u00f1o y estructura desarmable para mayor practicidad.<br data-start=\"3040\" data-end=\"3043\" \/>\u2714\ufe0f <strong data-start=\"3046\" data-end=\"3060\">Ergonom\u00eda:<\/strong> Altura que favorece una postura c\u00f3moda y productiva.<br data-start=\"3113\" data-end=\"3116\" \/>\u2714\ufe0f <strong data-start=\"3119\" data-end=\"3133\">Adaptable:<\/strong> Ideal para m\u00faltiples industrias y entornos de trabajo.<\/p>\n\t\t\t\t\t<\/div>\n\t\t\t\t\t\t<\/div>\n\t\t\t\t<\/div>\n\t\t\t\t\t<\/div>\n\t\t<\/div>\n\t\t\t\t\t<\/div>\n\t\t<\/section>\n\t\t\t\t<\/div>\n\t\t","protected":false},"excerpt":{"rendered":"<p>Mesa de trabajo en acero inoxidable antimagn\u00e9tico 304 2B, calibre 18. Con entrepa\u00f1o y dise\u00f1o desarmable. Resistente, higi\u00e9nica y ergon\u00f3mica.<\/p>\n","protected":false},"featured_media":16815,"comment_status":"open","ping_status":"closed","template":"","meta":[],"product_brand":[],"product_cat":[140,231],"product_tag":[220,218,219],"class_list":{"0":"post-16814","1":"product","2":"type-product","3":"status-publish","4":"has-post-thumbnail","6":"product_cat-preparacion-de-alimentos","7":"product_cat-mesas-de-trabajo","8":"product_tag-amasadora","9":"product_tag-amasadora-industrial","10":"product_tag-panaderia","12":"first","13":"instock","14":"featured","15":"shipping-taxable","16":"purchasable","17":"product-type-simple"},"yoast_head":"<!-- This site is optimized with the Yoast SEO plugin v27.3 - https:\/\/yoast.com\/product\/yoast-seo-wordpress\/ -->\n<title>MESA DE TRABAJO ACERO INOXIDABLE 3 METROS | Antimagn\u00e9tico 304 2B | Calibre 18 | Con Entrepa\u00f1o | Desarmable - Fuller Machinery<\/title>\n<meta name=\"description\" content=\"Mesa de trabajo en acero inoxidable 304 2B calibre 18 | Antimagn\u00e9tica | Con entrepa\u00f1o | Desarmable | Higi\u00e9nica y vers\u00e1til para cocinas y talleres.\" \/>\n<meta name=\"robots\" content=\"index, follow, max-snippet:-1, max-image-preview:large, max-video-preview:-1\" \/>\n<link rel=\"canonical\" href=\"https:\/\/tienda.fullermachinery.com\/index.php\/producto\/mesa-de-trabajo-de-3-metros-largo-2\/\" \/>\n<meta property=\"og:locale\" content=\"es_ES\" \/>\n<meta property=\"og:type\" content=\"article\" \/>\n<meta property=\"og:title\" content=\"MESA DE TRABAJO ACERO INOXIDABLE 3 METROS | Antimagn\u00e9tico 304 2B | Calibre 18 | Con Entrepa\u00f1o | Desarmable - Fuller Machinery\" \/>\n<meta property=\"og:description\" content=\"Mesa de trabajo en acero inoxidable 304 2B calibre 18 | Antimagn\u00e9tica | Con entrepa\u00f1o | Desarmable | Higi\u00e9nica y vers\u00e1til para cocinas y talleres.\" \/>\n<meta property=\"og:url\" content=\"https:\/\/tienda.fullermachinery.com\/index.php\/producto\/mesa-de-trabajo-de-3-metros-largo-2\/\" \/>\n<meta property=\"og:site_name\" content=\"Fuller Machinery\" \/>\n<meta property=\"article:modified_time\" content=\"2026-03-10T18:12:23+00:00\" \/>\n<meta property=\"og:image\" content=\"https:\/\/tienda.fullermachinery.com\/wp-content\/uploads\/2024\/07\/Mesa-de-trabajo-de-3-mt-largo.png\" \/>\n\t<meta property=\"og:image:width\" content=\"2000\" \/>\n\t<meta property=\"og:image:height\" content=\"2000\" \/>\n\t<meta property=\"og:image:type\" content=\"image\/png\" \/>\n<meta name=\"twitter:card\" content=\"summary_large_image\" \/>\n<meta name=\"twitter:label1\" content=\"Tiempo de lectura\" \/>\n\t<meta name=\"twitter:data1\" content=\"2 minutos\" \/>\n<script type=\"application\/ld+json\" class=\"yoast-schema-graph\">{\"@context\":\"https:\\\/\\\/schema.org\",\"@graph\":[{\"@type\":\"WebPage\",\"@id\":\"https:\\\/\\\/tienda.fullermachinery.com\\\/index.php\\\/producto\\\/mesa-de-trabajo-de-3-metros-largo-2\\\/\",\"url\":\"https:\\\/\\\/tienda.fullermachinery.com\\\/index.php\\\/producto\\\/mesa-de-trabajo-de-3-metros-largo-2\\\/\",\"name\":\"MESA DE TRABAJO ACERO INOXIDABLE 3 METROS | Antimagn\u00e9tico 304 2B | Calibre 18 | Con Entrepa\u00f1o | Desarmable - Fuller Machinery\",\"isPartOf\":{\"@id\":\"https:\\\/\\\/tienda.fullermachinery.com\\\/#website\"},\"primaryImageOfPage\":{\"@id\":\"https:\\\/\\\/tienda.fullermachinery.com\\\/index.php\\\/producto\\\/mesa-de-trabajo-de-3-metros-largo-2\\\/#primaryimage\"},\"image\":{\"@id\":\"https:\\\/\\\/tienda.fullermachinery.com\\\/index.php\\\/producto\\\/mesa-de-trabajo-de-3-metros-largo-2\\\/#primaryimage\"},\"thumbnailUrl\":\"https:\\\/\\\/tienda.fullermachinery.com\\\/wp-content\\\/uploads\\\/2024\\\/07\\\/Mesa-de-trabajo-de-3-mt-largo.png\",\"datePublished\":\"2024-07-18T02:18:44+00:00\",\"dateModified\":\"2026-03-10T18:12:23+00:00\",\"description\":\"Mesa de trabajo en acero inoxidable 304 2B calibre 18 | Antimagn\u00e9tica | Con entrepa\u00f1o | Desarmable | Higi\u00e9nica y vers\u00e1til para cocinas y talleres.\",\"breadcrumb\":{\"@id\":\"https:\\\/\\\/tienda.fullermachinery.com\\\/index.php\\\/producto\\\/mesa-de-trabajo-de-3-metros-largo-2\\\/#breadcrumb\"},\"inLanguage\":\"es\",\"potentialAction\":[{\"@type\":\"ReadAction\",\"target\":[\"https:\\\/\\\/tienda.fullermachinery.com\\\/index.php\\\/producto\\\/mesa-de-trabajo-de-3-metros-largo-2\\\/\"]}]},{\"@type\":\"ImageObject\",\"inLanguage\":\"es\",\"@id\":\"https:\\\/\\\/tienda.fullermachinery.com\\\/index.php\\\/producto\\\/mesa-de-trabajo-de-3-metros-largo-2\\\/#primaryimage\",\"url\":\"https:\\\/\\\/tienda.fullermachinery.com\\\/wp-content\\\/uploads\\\/2024\\\/07\\\/Mesa-de-trabajo-de-3-mt-largo.png\",\"contentUrl\":\"https:\\\/\\\/tienda.fullermachinery.com\\\/wp-content\\\/uploads\\\/2024\\\/07\\\/Mesa-de-trabajo-de-3-mt-largo.png\",\"width\":2000,\"height\":2000,\"caption\":\"Acero Inoxidable Antimagn\u00e9tico 304 2B, Calibre 18 Funciones y Componentes: Entrepa\u00f1o: Incluye un entrepa\u00f1o que proporciona espacio adicional para almacenamiento, permitiendo mantener el \u00e1rea de trabajo ordenada y eficiente. Desarmable: La mesa viene desarmable, lo que facilita su transporte e instalaci\u00f3n en cualquier espacio. Certificaci\u00f3n de Material: El acero inoxidable utilizado est\u00e1 certificado para el trabajo de alimentos, cumpliendo con los requisitos de higiene necesarios en la industria alimentaria. Evaluaci\u00f3n del Dise\u00f1o El dise\u00f1o de la mesa de trabajo combina funcionalidad y durabilidad. Sus amplias dimensiones proporcionan un espacio de trabajo generoso, ideal para m\u00faltiples tareas simult\u00e1neas. La altura de 90 cm es ergon\u00f3mica, facilitando un trabajo c\u00f3modo y eficiente. El material de acero inoxidable antimagn\u00e9tico garantiza que la mesa no se ver\u00e1 afectada por la corrosi\u00f3n y es f\u00e1cil de limpiar, manteniendo altos est\u00e1ndares de higiene. Usabilidad La mesa de trabajo est\u00e1 dise\u00f1ada para ser f\u00e1cil de montar y desmontar, lo que permite su instalaci\u00f3n en cualquier espacio, independientemente de las restricciones de acceso. El entrepa\u00f1o a\u00f1adido ofrece un espacio de almacenamiento pr\u00e1ctico, ideal para utensilios, ingredientes u otros elementos necesarios en el entorno de trabajo. Versatilidad Esta mesa de trabajo es extremadamente vers\u00e1til y adecuada para una amplia gama de aplicaciones, incluyendo: Cocinas Comerciales: Proporciona un amplio espacio para la preparaci\u00f3n de alimentos, corte y ensamblaje de platos. El material higi\u00e9nico y f\u00e1cil de limpiar es ideal para entornos donde la limpieza y la seguridad alimentaria son primordiales. Panader\u00edas: Perfecta para la preparaci\u00f3n y el manejo de masas, glaseados y otros productos de panader\u00eda. La superficie resistente soporta el uso intensivo y repetido t\u00edpico de las panader\u00edas. Restaurantes: Adecuada para la preparaci\u00f3n de alimentos, el montaje de platos y el manejo de ingredientes. Su dise\u00f1o robusto y espacioso la hace ideal para entornos de alta demanda. Montajes y Catering: Ideal para la preparaci\u00f3n y ensamblaje de alimentos en eventos y servicios de catering. Su capacidad de desmontaje facilita el transporte y la instalaci\u00f3n en diferentes ubicaciones. Industria Mec\u00e1nica: \u00datil en la industria mec\u00e1nica para el ensamblaje y la manipulaci\u00f3n de componentes. La robustez y durabilidad del acero inoxidable aseguran un rendimiento confiable bajo condiciones de trabajo intensivas.\"},{\"@type\":\"BreadcrumbList\",\"@id\":\"https:\\\/\\\/tienda.fullermachinery.com\\\/index.php\\\/producto\\\/mesa-de-trabajo-de-3-metros-largo-2\\\/#breadcrumb\",\"itemListElement\":[{\"@type\":\"ListItem\",\"position\":1,\"name\":\"Portada\",\"item\":\"https:\\\/\\\/tienda.fullermachinery.com\\\/\"},{\"@type\":\"ListItem\",\"position\":2,\"name\":\"Productos\",\"item\":\"https:\\\/\\\/tienda.fullermachinery.com\\\/index.php\\\/shop\\\/\"},{\"@type\":\"ListItem\",\"position\":3,\"name\":\"MESA DE TRABAJO ACERO INOXIDABLE 3 METROS | Antimagn\u00e9tico 304 2B | Calibre 18 | Con Entrepa\u00f1o | Desarmable\"}]},{\"@type\":\"WebSite\",\"@id\":\"https:\\\/\\\/tienda.fullermachinery.com\\\/#website\",\"url\":\"https:\\\/\\\/tienda.fullermachinery.com\\\/\",\"name\":\"Fuller Machinery\",\"description\":\"Importaci\u00f3n y comercializaci\u00f3n de m\u00e1quinas industriales para el sector de alimentos\",\"publisher\":{\"@id\":\"https:\\\/\\\/tienda.fullermachinery.com\\\/#organization\"},\"potentialAction\":[{\"@type\":\"SearchAction\",\"target\":{\"@type\":\"EntryPoint\",\"urlTemplate\":\"https:\\\/\\\/tienda.fullermachinery.com\\\/?s={search_term_string}\"},\"query-input\":{\"@type\":\"PropertyValueSpecification\",\"valueRequired\":true,\"valueName\":\"search_term_string\"}}],\"inLanguage\":\"es\"},{\"@type\":\"Organization\",\"@id\":\"https:\\\/\\\/tienda.fullermachinery.com\\\/#organization\",\"name\":\"Fuller Machinery\",\"url\":\"https:\\\/\\\/tienda.fullermachinery.com\\\/\",\"logo\":{\"@type\":\"ImageObject\",\"inLanguage\":\"es\",\"@id\":\"https:\\\/\\\/tienda.fullermachinery.com\\\/#\\\/schema\\\/logo\\\/image\\\/\",\"url\":\"https:\\\/\\\/tienda.fullermachinery.com\\\/wp-content\\\/uploads\\\/2023\\\/08\\\/logo-fuller-transparente.png\",\"contentUrl\":\"https:\\\/\\\/tienda.fullermachinery.com\\\/wp-content\\\/uploads\\\/2023\\\/08\\\/logo-fuller-transparente.png\",\"width\":2208,\"height\":644,\"caption\":\"Fuller Machinery\"},\"image\":{\"@id\":\"https:\\\/\\\/tienda.fullermachinery.com\\\/#\\\/schema\\\/logo\\\/image\\\/\"}}]}<\/script>\n<!-- \/ Yoast SEO plugin. -->","yoast_head_json":{"title":"MESA DE TRABAJO ACERO INOXIDABLE 3 METROS | Antimagn\u00e9tico 304 2B | Calibre 18 | Con Entrepa\u00f1o | Desarmable - Fuller Machinery","description":"Mesa de trabajo en acero inoxidable 304 2B calibre 18 | Antimagn\u00e9tica | Con entrepa\u00f1o | Desarmable | Higi\u00e9nica y vers\u00e1til para cocinas y talleres.","robots":{"index":"index","follow":"follow","max-snippet":"max-snippet:-1","max-image-preview":"max-image-preview:large","max-video-preview":"max-video-preview:-1"},"canonical":"https:\/\/tienda.fullermachinery.com\/index.php\/producto\/mesa-de-trabajo-de-3-metros-largo-2\/","og_locale":"es_ES","og_type":"article","og_title":"MESA DE TRABAJO ACERO INOXIDABLE 3 METROS | Antimagn\u00e9tico 304 2B | Calibre 18 | Con Entrepa\u00f1o | Desarmable - Fuller Machinery","og_description":"Mesa de trabajo en acero inoxidable 304 2B calibre 18 | Antimagn\u00e9tica | Con entrepa\u00f1o | Desarmable | Higi\u00e9nica y vers\u00e1til para cocinas y talleres.","og_url":"https:\/\/tienda.fullermachinery.com\/index.php\/producto\/mesa-de-trabajo-de-3-metros-largo-2\/","og_site_name":"Fuller Machinery","article_modified_time":"2026-03-10T18:12:23+00:00","og_image":[{"width":2000,"height":2000,"url":"https:\/\/tienda.fullermachinery.com\/wp-content\/uploads\/2024\/07\/Mesa-de-trabajo-de-3-mt-largo.png","type":"image\/png"}],"twitter_card":"summary_large_image","twitter_misc":{"Tiempo de lectura":"2 minutos"},"schema":{"@context":"https:\/\/schema.org","@graph":[{"@type":"WebPage","@id":"https:\/\/tienda.fullermachinery.com\/index.php\/producto\/mesa-de-trabajo-de-3-metros-largo-2\/","url":"https:\/\/tienda.fullermachinery.com\/index.php\/producto\/mesa-de-trabajo-de-3-metros-largo-2\/","name":"MESA DE TRABAJO ACERO INOXIDABLE 3 METROS | Antimagn\u00e9tico 304 2B | Calibre 18 | Con Entrepa\u00f1o | Desarmable - Fuller Machinery","isPartOf":{"@id":"https:\/\/tienda.fullermachinery.com\/#website"},"primaryImageOfPage":{"@id":"https:\/\/tienda.fullermachinery.com\/index.php\/producto\/mesa-de-trabajo-de-3-metros-largo-2\/#primaryimage"},"image":{"@id":"https:\/\/tienda.fullermachinery.com\/index.php\/producto\/mesa-de-trabajo-de-3-metros-largo-2\/#primaryimage"},"thumbnailUrl":"https:\/\/tienda.fullermachinery.com\/wp-content\/uploads\/2024\/07\/Mesa-de-trabajo-de-3-mt-largo.png","datePublished":"2024-07-18T02:18:44+00:00","dateModified":"2026-03-10T18:12:23+00:00","description":"Mesa de trabajo en acero inoxidable 304 2B calibre 18 | Antimagn\u00e9tica | Con entrepa\u00f1o | Desarmable | Higi\u00e9nica y vers\u00e1til para cocinas y talleres.","breadcrumb":{"@id":"https:\/\/tienda.fullermachinery.com\/index.php\/producto\/mesa-de-trabajo-de-3-metros-largo-2\/#breadcrumb"},"inLanguage":"es","potentialAction":[{"@type":"ReadAction","target":["https:\/\/tienda.fullermachinery.com\/index.php\/producto\/mesa-de-trabajo-de-3-metros-largo-2\/"]}]},{"@type":"ImageObject","inLanguage":"es","@id":"https:\/\/tienda.fullermachinery.com\/index.php\/producto\/mesa-de-trabajo-de-3-metros-largo-2\/#primaryimage","url":"https:\/\/tienda.fullermachinery.com\/wp-content\/uploads\/2024\/07\/Mesa-de-trabajo-de-3-mt-largo.png","contentUrl":"https:\/\/tienda.fullermachinery.com\/wp-content\/uploads\/2024\/07\/Mesa-de-trabajo-de-3-mt-largo.png","width":2000,"height":2000,"caption":"Acero Inoxidable Antimagn\u00e9tico 304 2B, Calibre 18 Funciones y Componentes: Entrepa\u00f1o: Incluye un entrepa\u00f1o que proporciona espacio adicional para almacenamiento, permitiendo mantener el \u00e1rea de trabajo ordenada y eficiente. Desarmable: La mesa viene desarmable, lo que facilita su transporte e instalaci\u00f3n en cualquier espacio. Certificaci\u00f3n de Material: El acero inoxidable utilizado est\u00e1 certificado para el trabajo de alimentos, cumpliendo con los requisitos de higiene necesarios en la industria alimentaria. Evaluaci\u00f3n del Dise\u00f1o El dise\u00f1o de la mesa de trabajo combina funcionalidad y durabilidad. Sus amplias dimensiones proporcionan un espacio de trabajo generoso, ideal para m\u00faltiples tareas simult\u00e1neas. La altura de 90 cm es ergon\u00f3mica, facilitando un trabajo c\u00f3modo y eficiente. El material de acero inoxidable antimagn\u00e9tico garantiza que la mesa no se ver\u00e1 afectada por la corrosi\u00f3n y es f\u00e1cil de limpiar, manteniendo altos est\u00e1ndares de higiene. Usabilidad La mesa de trabajo est\u00e1 dise\u00f1ada para ser f\u00e1cil de montar y desmontar, lo que permite su instalaci\u00f3n en cualquier espacio, independientemente de las restricciones de acceso. El entrepa\u00f1o a\u00f1adido ofrece un espacio de almacenamiento pr\u00e1ctico, ideal para utensilios, ingredientes u otros elementos necesarios en el entorno de trabajo. Versatilidad Esta mesa de trabajo es extremadamente vers\u00e1til y adecuada para una amplia gama de aplicaciones, incluyendo: Cocinas Comerciales: Proporciona un amplio espacio para la preparaci\u00f3n de alimentos, corte y ensamblaje de platos. El material higi\u00e9nico y f\u00e1cil de limpiar es ideal para entornos donde la limpieza y la seguridad alimentaria son primordiales. Panader\u00edas: Perfecta para la preparaci\u00f3n y el manejo de masas, glaseados y otros productos de panader\u00eda. La superficie resistente soporta el uso intensivo y repetido t\u00edpico de las panader\u00edas. Restaurantes: Adecuada para la preparaci\u00f3n de alimentos, el montaje de platos y el manejo de ingredientes. Su dise\u00f1o robusto y espacioso la hace ideal para entornos de alta demanda. Montajes y Catering: Ideal para la preparaci\u00f3n y ensamblaje de alimentos en eventos y servicios de catering. Su capacidad de desmontaje facilita el transporte y la instalaci\u00f3n en diferentes ubicaciones. Industria Mec\u00e1nica: \u00datil en la industria mec\u00e1nica para el ensamblaje y la manipulaci\u00f3n de componentes. La robustez y durabilidad del acero inoxidable aseguran un rendimiento confiable bajo condiciones de trabajo intensivas."},{"@type":"BreadcrumbList","@id":"https:\/\/tienda.fullermachinery.com\/index.php\/producto\/mesa-de-trabajo-de-3-metros-largo-2\/#breadcrumb","itemListElement":[{"@type":"ListItem","position":1,"name":"Portada","item":"https:\/\/tienda.fullermachinery.com\/"},{"@type":"ListItem","position":2,"name":"Productos","item":"https:\/\/tienda.fullermachinery.com\/index.php\/shop\/"},{"@type":"ListItem","position":3,"name":"MESA DE TRABAJO ACERO INOXIDABLE 3 METROS | Antimagn\u00e9tico 304 2B | Calibre 18 | Con Entrepa\u00f1o | Desarmable"}]},{"@type":"WebSite","@id":"https:\/\/tienda.fullermachinery.com\/#website","url":"https:\/\/tienda.fullermachinery.com\/","name":"Fuller Machinery","description":"Importaci\u00f3n y comercializaci\u00f3n de m\u00e1quinas industriales para el sector de alimentos","publisher":{"@id":"https:\/\/tienda.fullermachinery.com\/#organization"},"potentialAction":[{"@type":"SearchAction","target":{"@type":"EntryPoint","urlTemplate":"https:\/\/tienda.fullermachinery.com\/?s={search_term_string}"},"query-input":{"@type":"PropertyValueSpecification","valueRequired":true,"valueName":"search_term_string"}}],"inLanguage":"es"},{"@type":"Organization","@id":"https:\/\/tienda.fullermachinery.com\/#organization","name":"Fuller Machinery","url":"https:\/\/tienda.fullermachinery.com\/","logo":{"@type":"ImageObject","inLanguage":"es","@id":"https:\/\/tienda.fullermachinery.com\/#\/schema\/logo\/image\/","url":"https:\/\/tienda.fullermachinery.com\/wp-content\/uploads\/2023\/08\/logo-fuller-transparente.png","contentUrl":"https:\/\/tienda.fullermachinery.com\/wp-content\/uploads\/2023\/08\/logo-fuller-transparente.png","width":2208,"height":644,"caption":"Fuller Machinery"},"image":{"@id":"https:\/\/tienda.fullermachinery.com\/#\/schema\/logo\/image\/"}}]}},"jetpack_sharing_enabled":true,"_links":{"self":[{"href":"https:\/\/tienda.fullermachinery.com\/index.php\/wp-json\/wp\/v2\/product\/16814","targetHints":{"allow":["GET"]}}],"collection":[{"href":"https:\/\/tienda.fullermachinery.com\/index.php\/wp-json\/wp\/v2\/product"}],"about":[{"href":"https:\/\/tienda.fullermachinery.com\/index.php\/wp-json\/wp\/v2\/types\/product"}],"replies":[{"embeddable":true,"href":"https:\/\/tienda.fullermachinery.com\/index.php\/wp-json\/wp\/v2\/comments?post=16814"}],"version-history":[{"count":6,"href":"https:\/\/tienda.fullermachinery.com\/index.php\/wp-json\/wp\/v2\/product\/16814\/revisions"}],"predecessor-version":[{"id":18585,"href":"https:\/\/tienda.fullermachinery.com\/index.php\/wp-json\/wp\/v2\/product\/16814\/revisions\/18585"}],"wp:featuredmedia":[{"embeddable":true,"href":"https:\/\/tienda.fullermachinery.com\/index.php\/wp-json\/wp\/v2\/media\/16815"}],"wp:attachment":[{"href":"https:\/\/tienda.fullermachinery.com\/index.php\/wp-json\/wp\/v2\/media?parent=16814"}],"wp:term":[{"taxonomy":"product_brand","embeddable":true,"href":"https:\/\/tienda.fullermachinery.com\/index.php\/wp-json\/wp\/v2\/product_brand?post=16814"},{"taxonomy":"product_cat","embeddable":true,"href":"https:\/\/tienda.fullermachinery.com\/index.php\/wp-json\/wp\/v2\/product_cat?post=16814"},{"taxonomy":"product_tag","embeddable":true,"href":"https:\/\/tienda.fullermachinery.com\/index.php\/wp-json\/wp\/v2\/product_tag?post=16814"}],"curies":[{"name":"wp","href":"https:\/\/api.w.org\/{rel}","templated":true}]}}