{"id":16796,"date":"2024-07-17T20:56:05","date_gmt":"2024-07-18T01:56:05","guid":{"rendered":"https:\/\/tienda.fullermachinery.com\/?post_type=product&#038;p=16796"},"modified":"2025-07-10T09:49:57","modified_gmt":"2025-07-10T14:49:57","slug":"embutidora-7-libras-para-churros","status":"publish","type":"product","link":"https:\/\/tienda.fullermachinery.com\/index.php\/producto\/embutidora-7-libras-para-churros\/","title":{"rendered":"Embutidora de Churros | 7 Libras | Acero Inoxidable | 4 Boquillas Incluidas"},"content":{"rendered":"\t\t<div data-elementor-type=\"wp-post\" data-elementor-id=\"16796\" class=\"elementor elementor-16796\">\n\t\t\t\t\t\t<section class=\"wd-negative-gap elementor-section elementor-top-section elementor-element elementor-element-7d75072 elementor-section-boxed elementor-section-height-default elementor-section-height-default wd-section-disabled\" data-id=\"7d75072\" data-element_type=\"section\" data-e-type=\"section\">\n\t\t\t\t\t\t<div class=\"elementor-container elementor-column-gap-default\">\n\t\t\t\t\t<div class=\"elementor-column elementor-col-100 elementor-top-column elementor-element elementor-element-73e6a57\" data-id=\"73e6a57\" data-element_type=\"column\" data-e-type=\"column\">\n\t\t\t<div class=\"elementor-widget-wrap elementor-element-populated\">\n\t\t\t\t\t\t<div class=\"elementor-element elementor-element-4c67b02 elementor-widget elementor-widget-wd_text_block\" data-id=\"4c67b02\" data-element_type=\"widget\" data-e-type=\"widget\" data-widget_type=\"wd_text_block.default\">\n\t\t\t\t<div class=\"elementor-widget-container\">\n\t\t\t\t\t\t\t<div class=\"wd-text-block reset-last-child text-left\">\n\t\t\t\n\t\t\t<p data-start=\"335\" data-end=\"692\">La <strong data-start=\"338\" data-end=\"375\">Embutidora de Churros de 7 Libras<\/strong> es una m\u00e1quina robusta y de uso profesional dise\u00f1ada para llenar masa de churro de forma r\u00e1pida, uniforme y con m\u00faltiples opciones de forma. Gracias a su <strong data-start=\"530\" data-end=\"585\">estructura de acero inoxidable de grado alimenticio<\/strong>, garantiza m\u00e1xima higiene, durabilidad y seguridad, cumpliendo con est\u00e1ndares de la industria alimentaria.<\/p><p data-start=\"694\" data-end=\"847\">Ideal para <strong data-start=\"705\" data-end=\"785\">reposter\u00edas, cafeter\u00edas, puestos de feria, food trucks y negocios de churros<\/strong> que buscan optimizar la producci\u00f3n sin sacrificar la calidad.<\/p><hr data-start=\"849\" data-end=\"852\" \/><h2 data-start=\"854\" data-end=\"879\">\u2699\ufe0f <strong data-start=\"860\" data-end=\"879\">\u00bfC\u00f3mo funciona?<\/strong><\/h2><p data-start=\"881\" data-end=\"942\">Su funcionamiento es <strong data-start=\"902\" data-end=\"939\">100% manual y muy f\u00e1cil de operar<\/strong>:<\/p><p data-start=\"944\" data-end=\"1422\">1\ufe0f\u20e3 <strong data-start=\"948\" data-end=\"958\">Carga:<\/strong> Coloca hasta <strong data-start=\"972\" data-end=\"1002\">7 libras de masa de churro<\/strong> dentro del cilindro de acero inoxidable.<br data-start=\"1043\" data-end=\"1046\" \/>2\ufe0f\u20e3 <strong data-start=\"1050\" data-end=\"1063\">Boquilla:<\/strong> Instala una de las <strong data-start=\"1083\" data-end=\"1108\">4 boquillas incluidas<\/strong> para dar forma a tus churros: cl\u00e1sico, relleno, aro, palitos.<br data-start=\"1170\" data-end=\"1173\" \/>3\ufe0f\u20e3 <strong data-start=\"1177\" data-end=\"1188\">Acci\u00f3n:<\/strong> Gira la manivela para aplicar presi\u00f3n; la masa sale de forma constante y con la forma elegida.<br data-start=\"1283\" data-end=\"1286\" \/>4\ufe0f\u20e3 <strong data-start=\"1290\" data-end=\"1302\">Control:<\/strong> El mecanismo ofrece <strong data-start=\"1323\" data-end=\"1342\">dos velocidades<\/strong> para controlar la presi\u00f3n y liberaci\u00f3n del \u00e9mbolo seg\u00fan la densidad de la masa.<\/p><p data-start=\"1424\" data-end=\"1531\">\ud83d\udca1 Adem\u00e1s, incluye <strong data-start=\"1443\" data-end=\"1468\">1 empaque de repuesto<\/strong>, garantizando un funcionamiento continuo y sin interrupciones.<\/p><hr data-start=\"1533\" data-end=\"1536\" \/><h2 data-start=\"1538\" data-end=\"1573\">\ud83c\udfed <strong data-start=\"1544\" data-end=\"1573\">\u00bfEn qu\u00e9 industrias sirve?<\/strong><\/h2><p data-start=\"1575\" data-end=\"1669\">Esta embutidora es <strong data-start=\"1594\" data-end=\"1606\">vers\u00e1til<\/strong> y se adapta a m\u00faltiples aplicaciones comerciales y dom\u00e9sticas:<\/p><p data-start=\"1671\" data-end=\"1757\">\ud83c\udf69 <strong data-start=\"1674\" data-end=\"1703\">Reposter\u00edas y Panader\u00edas:<\/strong> Para producir churros frescos de forma estandarizada.<\/p><p data-start=\"1759\" data-end=\"1855\">\u2615 <strong data-start=\"1761\" data-end=\"1790\">Cafeter\u00edas y Food Trucks:<\/strong> Una atracci\u00f3n irresistible para clientes amantes de los churros.<\/p><p data-start=\"1857\" data-end=\"1954\">\ud83c\udfa1 <strong data-start=\"1860\" data-end=\"1891\">Puestos de Feria y Eventos:<\/strong> Ideal para preparar churros al instante y venderlos calientes.<\/p><p data-start=\"1956\" data-end=\"2047\">\ud83c\udf7d\ufe0f <strong data-start=\"1960\" data-end=\"1994\">Catering y Eventos Especiales:<\/strong> Sorprende a los invitados con churros reci\u00e9n hechos.<\/p><p data-start=\"2049\" data-end=\"2149\">\ud83c\udfe0 <strong data-start=\"2052\" data-end=\"2070\">Uso Dom\u00e9stico:<\/strong> Perfecta para emprendedores y familias que disfrutan de hacer churros caseros.<\/p><hr data-start=\"2151\" data-end=\"2154\" \/><h2 data-start=\"2156\" data-end=\"2190\">\ud83d\udcd0 <strong data-start=\"2162\" data-end=\"2190\">Caracter\u00edsticas T\u00e9cnicas<\/strong><\/h2><div class=\"_tableContainer_16hzy_1\"><div class=\"_tableWrapper_16hzy_14 group flex w-fit flex-col-reverse\" tabindex=\"-1\"><table class=\"w-fit min-w-(--thread-content-width)\" data-start=\"2192\" data-end=\"2644\"><thead data-start=\"2192\" data-end=\"2220\"><tr data-start=\"2192\" data-end=\"2220\"><th data-start=\"2192\" data-end=\"2209\" data-col-size=\"sm\">Especificaci\u00f3n<\/th><th data-start=\"2209\" data-end=\"2220\" data-col-size=\"md\">Detalle<\/th><\/tr><\/thead><tbody data-start=\"2250\" data-end=\"2644\"><tr data-start=\"2250\" data-end=\"2307\"><td data-start=\"2250\" data-end=\"2266\" data-col-size=\"sm\"><strong data-start=\"2252\" data-end=\"2265\">Material:<\/strong><\/td><td data-start=\"2266\" data-end=\"2307\" data-col-size=\"md\">Acero inoxidable de grado alimenticio<\/td><\/tr><tr data-start=\"2308\" data-end=\"2345\"><td data-start=\"2308\" data-end=\"2325\" data-col-size=\"sm\"><strong data-start=\"2310\" data-end=\"2324\">Capacidad:<\/strong><\/td><td data-start=\"2325\" data-end=\"2345\" data-col-size=\"md\">7 libras de masa<\/td><\/tr><tr data-start=\"2346\" data-end=\"2416\"><td data-start=\"2346\" data-end=\"2373\" data-col-size=\"sm\"><strong data-start=\"2348\" data-end=\"2372\">Medidas Aproximadas:<\/strong><\/td><td data-start=\"2373\" data-end=\"2416\" data-col-size=\"md\">Altura 70 cm, Frente 30 cm, Fondo 30 cm<\/td><\/tr><tr data-start=\"2417\" data-end=\"2451\"><td data-start=\"2417\" data-end=\"2442\" data-col-size=\"sm\"><strong data-start=\"2419\" data-end=\"2441\">Peso del Producto:<\/strong><\/td><td data-start=\"2442\" data-end=\"2451\" data-col-size=\"md\">10 kg<\/td><\/tr><tr data-start=\"2452\" data-end=\"2522\"><td data-start=\"2452\" data-end=\"2467\" data-col-size=\"sm\"><strong data-start=\"2454\" data-end=\"2466\">Incluye:<\/strong><\/td><td data-start=\"2467\" data-end=\"2522\" data-col-size=\"md\">4 boquillas intercambiables + 1 empaque de repuesto<\/td><\/tr><tr data-start=\"2523\" data-end=\"2590\"><td data-start=\"2523\" data-end=\"2548\" data-col-size=\"sm\"><strong data-start=\"2525\" data-end=\"2547\">Modo de Operaci\u00f3n:<\/strong><\/td><td data-start=\"2548\" data-end=\"2590\" data-col-size=\"md\">Manual, con manivela y dos velocidades<\/td><\/tr><tr data-start=\"2591\" data-end=\"2644\"><td data-start=\"2591\" data-end=\"2607\" data-col-size=\"sm\"><strong data-start=\"2593\" data-end=\"2606\">Garant\u00eda:<\/strong><\/td><td data-start=\"2607\" data-end=\"2644\" data-col-size=\"md\">6 meses sobre defectos de f\u00e1brica<\/td><\/tr><\/tbody><\/table><div class=\"sticky end-(--thread-content-margin) h-0 self-end select-none\"><div class=\"absolute end-0 flex items-end\">\u00a0<\/div><\/div><\/div><\/div><hr data-start=\"2646\" data-end=\"2649\" \/><h2 data-start=\"2651\" data-end=\"2674\">\u2705 <strong data-start=\"2656\" data-end=\"2674\">Ventajas Clave<\/strong><\/h2><p data-start=\"2676\" data-end=\"2899\">\u2714\ufe0f Producci\u00f3n r\u00e1pida y estandarizada de churros.<br data-start=\"2724\" data-end=\"2727\" \/>\u2714\ufe0f F\u00e1cil de usar y limpiar.<br data-start=\"2754\" data-end=\"2757\" \/>\u2714\ufe0f Boquillas intercambiables para variedad de formas.<br data-start=\"2810\" data-end=\"2813\" \/>\u2714\ufe0f Construcci\u00f3n robusta en acero inoxidable.<br data-start=\"2857\" data-end=\"2860\" \/>\u2714\ufe0f Ideal para negocios y uso dom\u00e9stico.<\/p>\n\t\t\t\t\t<\/div>\n\t\t\t\t\t\t<\/div>\n\t\t\t\t<\/div>\n\t\t\t\t\t<\/div>\n\t\t<\/div>\n\t\t\t\t\t<\/div>\n\t\t<\/section>\n\t\t\t\t<\/div>\n\t\t","protected":false},"excerpt":{"rendered":"<p>Embutidora de Churros de 7 Libras. Acero inoxidable de grado alimenticio. Incluye 4 boquillas y empaque de repuesto. Ideal para reposter\u00edas, ferias y uso dom\u00e9stico.<\/p>\n","protected":false},"featured_media":16799,"comment_status":"open","ping_status":"closed","template":"","meta":[],"product_brand":[],"product_cat":[140,244],"product_tag":[220,218,219],"class_list":{"0":"post-16796","1":"product","2":"type-product","3":"status-publish","4":"has-post-thumbnail","6":"product_cat-preparacion-de-alimentos","7":"product_cat-embutidoras","8":"product_tag-amasadora","9":"product_tag-amasadora-industrial","10":"product_tag-panaderia","12":"first","13":"instock","14":"featured","15":"shipping-taxable","16":"purchasable","17":"product-type-simple"},"yoast_head":"<!-- This site is optimized with the Yoast SEO plugin v27.4 - https:\/\/yoast.com\/product\/yoast-seo-wordpress\/ -->\n<title>Embutidora de Churros | 7 Libras | Acero Inoxidable | 4 Boquillas Incluidas - Fuller Machinery<\/title>\n<meta name=\"description\" content=\"Embutidora de Churros 7 Libras | Acero inoxidable | 4 boquillas intercambiables | Ideal para reposter\u00edas, cafeter\u00edas y negocios de churros frescos.\" \/>\n<meta name=\"robots\" content=\"index, follow, max-snippet:-1, max-image-preview:large, max-video-preview:-1\" \/>\n<link rel=\"canonical\" href=\"https:\/\/tienda.fullermachinery.com\/index.php\/producto\/embutidora-7-libras-para-churros\/\" \/>\n<meta property=\"og:locale\" content=\"es_ES\" \/>\n<meta property=\"og:type\" content=\"article\" \/>\n<meta property=\"og:title\" content=\"Embutidora de Churros | 7 Libras | Acero Inoxidable | 4 Boquillas Incluidas - Fuller Machinery\" \/>\n<meta property=\"og:description\" content=\"Embutidora de Churros 7 Libras | Acero inoxidable | 4 boquillas intercambiables | Ideal para reposter\u00edas, cafeter\u00edas y negocios de churros frescos.\" \/>\n<meta property=\"og:url\" content=\"https:\/\/tienda.fullermachinery.com\/index.php\/producto\/embutidora-7-libras-para-churros\/\" \/>\n<meta property=\"og:site_name\" content=\"Fuller Machinery\" \/>\n<meta property=\"article:modified_time\" content=\"2025-07-10T14:49:57+00:00\" \/>\n<meta property=\"og:image\" content=\"https:\/\/tienda.fullermachinery.com\/wp-content\/uploads\/2024\/07\/Embutidora-7-Libras-para-churros-3.png\" \/>\n\t<meta property=\"og:image:width\" content=\"2000\" \/>\n\t<meta property=\"og:image:height\" content=\"2000\" \/>\n\t<meta property=\"og:image:type\" content=\"image\/png\" \/>\n<meta name=\"twitter:card\" content=\"summary_large_image\" \/>\n<meta name=\"twitter:label1\" content=\"Tiempo de lectura\" \/>\n\t<meta name=\"twitter:data1\" content=\"2 minutos\" \/>\n<script type=\"application\/ld+json\" class=\"yoast-schema-graph\">{\"@context\":\"https:\\\/\\\/schema.org\",\"@graph\":[{\"@type\":\"WebPage\",\"@id\":\"https:\\\/\\\/tienda.fullermachinery.com\\\/index.php\\\/producto\\\/embutidora-7-libras-para-churros\\\/\",\"url\":\"https:\\\/\\\/tienda.fullermachinery.com\\\/index.php\\\/producto\\\/embutidora-7-libras-para-churros\\\/\",\"name\":\"Embutidora de Churros | 7 Libras | Acero Inoxidable | 4 Boquillas Incluidas - Fuller Machinery\",\"isPartOf\":{\"@id\":\"https:\\\/\\\/tienda.fullermachinery.com\\\/#website\"},\"primaryImageOfPage\":{\"@id\":\"https:\\\/\\\/tienda.fullermachinery.com\\\/index.php\\\/producto\\\/embutidora-7-libras-para-churros\\\/#primaryimage\"},\"image\":{\"@id\":\"https:\\\/\\\/tienda.fullermachinery.com\\\/index.php\\\/producto\\\/embutidora-7-libras-para-churros\\\/#primaryimage\"},\"thumbnailUrl\":\"https:\\\/\\\/tienda.fullermachinery.com\\\/wp-content\\\/uploads\\\/2024\\\/07\\\/Embutidora-7-Libras-para-churros-3.png\",\"datePublished\":\"2024-07-18T01:56:05+00:00\",\"dateModified\":\"2025-07-10T14:49:57+00:00\",\"description\":\"Embutidora de Churros 7 Libras | Acero inoxidable | 4 boquillas intercambiables | Ideal para reposter\u00edas, cafeter\u00edas y negocios de churros frescos.\",\"breadcrumb\":{\"@id\":\"https:\\\/\\\/tienda.fullermachinery.com\\\/index.php\\\/producto\\\/embutidora-7-libras-para-churros\\\/#breadcrumb\"},\"inLanguage\":\"es\",\"potentialAction\":[{\"@type\":\"ReadAction\",\"target\":[\"https:\\\/\\\/tienda.fullermachinery.com\\\/index.php\\\/producto\\\/embutidora-7-libras-para-churros\\\/\"]}]},{\"@type\":\"ImageObject\",\"inLanguage\":\"es\",\"@id\":\"https:\\\/\\\/tienda.fullermachinery.com\\\/index.php\\\/producto\\\/embutidora-7-libras-para-churros\\\/#primaryimage\",\"url\":\"https:\\\/\\\/tienda.fullermachinery.com\\\/wp-content\\\/uploads\\\/2024\\\/07\\\/Embutidora-7-Libras-para-churros-3.png\",\"contentUrl\":\"https:\\\/\\\/tienda.fullermachinery.com\\\/wp-content\\\/uploads\\\/2024\\\/07\\\/Embutidora-7-Libras-para-churros-3.png\",\"width\":2000,\"height\":2000,\"caption\":\"Una embutidora de churros de 7 libras es una m\u00e1quina dise\u00f1ada para llenar masa de churro en diferentes formas y tama\u00f1os. Con una capacidad para 7 libras de masa, esta embutidora est\u00e1 especialmente dise\u00f1ada para uso comercial y dom\u00e9stico. Est\u00e1 fabricada en acero inoxidable de grado alimenticio de alta calidad para garantizar durabilidad y seguridad en su uso.\"},{\"@type\":\"BreadcrumbList\",\"@id\":\"https:\\\/\\\/tienda.fullermachinery.com\\\/index.php\\\/producto\\\/embutidora-7-libras-para-churros\\\/#breadcrumb\",\"itemListElement\":[{\"@type\":\"ListItem\",\"position\":1,\"name\":\"Portada\",\"item\":\"https:\\\/\\\/tienda.fullermachinery.com\\\/\"},{\"@type\":\"ListItem\",\"position\":2,\"name\":\"Productos\",\"item\":\"https:\\\/\\\/tienda.fullermachinery.com\\\/index.php\\\/shop\\\/\"},{\"@type\":\"ListItem\",\"position\":3,\"name\":\"Embutidora de Churros | 7 Libras | Acero Inoxidable | 4 Boquillas Incluidas\"}]},{\"@type\":\"WebSite\",\"@id\":\"https:\\\/\\\/tienda.fullermachinery.com\\\/#website\",\"url\":\"https:\\\/\\\/tienda.fullermachinery.com\\\/\",\"name\":\"Fuller Machinery\",\"description\":\"Importaci\u00f3n y comercializaci\u00f3n de m\u00e1quinas industriales para el sector de alimentos\",\"publisher\":{\"@id\":\"https:\\\/\\\/tienda.fullermachinery.com\\\/#organization\"},\"potentialAction\":[{\"@type\":\"SearchAction\",\"target\":{\"@type\":\"EntryPoint\",\"urlTemplate\":\"https:\\\/\\\/tienda.fullermachinery.com\\\/?s={search_term_string}\"},\"query-input\":{\"@type\":\"PropertyValueSpecification\",\"valueRequired\":true,\"valueName\":\"search_term_string\"}}],\"inLanguage\":\"es\"},{\"@type\":\"Organization\",\"@id\":\"https:\\\/\\\/tienda.fullermachinery.com\\\/#organization\",\"name\":\"Fuller Machinery\",\"url\":\"https:\\\/\\\/tienda.fullermachinery.com\\\/\",\"logo\":{\"@type\":\"ImageObject\",\"inLanguage\":\"es\",\"@id\":\"https:\\\/\\\/tienda.fullermachinery.com\\\/#\\\/schema\\\/logo\\\/image\\\/\",\"url\":\"https:\\\/\\\/tienda.fullermachinery.com\\\/wp-content\\\/uploads\\\/2023\\\/08\\\/logo-fuller-transparente.png\",\"contentUrl\":\"https:\\\/\\\/tienda.fullermachinery.com\\\/wp-content\\\/uploads\\\/2023\\\/08\\\/logo-fuller-transparente.png\",\"width\":2208,\"height\":644,\"caption\":\"Fuller Machinery\"},\"image\":{\"@id\":\"https:\\\/\\\/tienda.fullermachinery.com\\\/#\\\/schema\\\/logo\\\/image\\\/\"}}]}<\/script>\n<!-- \/ Yoast SEO plugin. -->","yoast_head_json":{"title":"Embutidora de Churros | 7 Libras | Acero Inoxidable | 4 Boquillas Incluidas - Fuller Machinery","description":"Embutidora de Churros 7 Libras | Acero inoxidable | 4 boquillas intercambiables | Ideal para reposter\u00edas, cafeter\u00edas y negocios de churros frescos.","robots":{"index":"index","follow":"follow","max-snippet":"max-snippet:-1","max-image-preview":"max-image-preview:large","max-video-preview":"max-video-preview:-1"},"canonical":"https:\/\/tienda.fullermachinery.com\/index.php\/producto\/embutidora-7-libras-para-churros\/","og_locale":"es_ES","og_type":"article","og_title":"Embutidora de Churros | 7 Libras | Acero Inoxidable | 4 Boquillas Incluidas - Fuller Machinery","og_description":"Embutidora de Churros 7 Libras | Acero inoxidable | 4 boquillas intercambiables | Ideal para reposter\u00edas, cafeter\u00edas y negocios de churros frescos.","og_url":"https:\/\/tienda.fullermachinery.com\/index.php\/producto\/embutidora-7-libras-para-churros\/","og_site_name":"Fuller Machinery","article_modified_time":"2025-07-10T14:49:57+00:00","og_image":[{"width":2000,"height":2000,"url":"https:\/\/tienda.fullermachinery.com\/wp-content\/uploads\/2024\/07\/Embutidora-7-Libras-para-churros-3.png","type":"image\/png"}],"twitter_card":"summary_large_image","twitter_misc":{"Tiempo de lectura":"2 minutos"},"schema":{"@context":"https:\/\/schema.org","@graph":[{"@type":"WebPage","@id":"https:\/\/tienda.fullermachinery.com\/index.php\/producto\/embutidora-7-libras-para-churros\/","url":"https:\/\/tienda.fullermachinery.com\/index.php\/producto\/embutidora-7-libras-para-churros\/","name":"Embutidora de Churros | 7 Libras | Acero Inoxidable | 4 Boquillas Incluidas - Fuller Machinery","isPartOf":{"@id":"https:\/\/tienda.fullermachinery.com\/#website"},"primaryImageOfPage":{"@id":"https:\/\/tienda.fullermachinery.com\/index.php\/producto\/embutidora-7-libras-para-churros\/#primaryimage"},"image":{"@id":"https:\/\/tienda.fullermachinery.com\/index.php\/producto\/embutidora-7-libras-para-churros\/#primaryimage"},"thumbnailUrl":"https:\/\/tienda.fullermachinery.com\/wp-content\/uploads\/2024\/07\/Embutidora-7-Libras-para-churros-3.png","datePublished":"2024-07-18T01:56:05+00:00","dateModified":"2025-07-10T14:49:57+00:00","description":"Embutidora de Churros 7 Libras | Acero inoxidable | 4 boquillas intercambiables | Ideal para reposter\u00edas, cafeter\u00edas y negocios de churros frescos.","breadcrumb":{"@id":"https:\/\/tienda.fullermachinery.com\/index.php\/producto\/embutidora-7-libras-para-churros\/#breadcrumb"},"inLanguage":"es","potentialAction":[{"@type":"ReadAction","target":["https:\/\/tienda.fullermachinery.com\/index.php\/producto\/embutidora-7-libras-para-churros\/"]}]},{"@type":"ImageObject","inLanguage":"es","@id":"https:\/\/tienda.fullermachinery.com\/index.php\/producto\/embutidora-7-libras-para-churros\/#primaryimage","url":"https:\/\/tienda.fullermachinery.com\/wp-content\/uploads\/2024\/07\/Embutidora-7-Libras-para-churros-3.png","contentUrl":"https:\/\/tienda.fullermachinery.com\/wp-content\/uploads\/2024\/07\/Embutidora-7-Libras-para-churros-3.png","width":2000,"height":2000,"caption":"Una embutidora de churros de 7 libras es una m\u00e1quina dise\u00f1ada para llenar masa de churro en diferentes formas y tama\u00f1os. Con una capacidad para 7 libras de masa, esta embutidora est\u00e1 especialmente dise\u00f1ada para uso comercial y dom\u00e9stico. Est\u00e1 fabricada en acero inoxidable de grado alimenticio de alta calidad para garantizar durabilidad y seguridad en su uso."},{"@type":"BreadcrumbList","@id":"https:\/\/tienda.fullermachinery.com\/index.php\/producto\/embutidora-7-libras-para-churros\/#breadcrumb","itemListElement":[{"@type":"ListItem","position":1,"name":"Portada","item":"https:\/\/tienda.fullermachinery.com\/"},{"@type":"ListItem","position":2,"name":"Productos","item":"https:\/\/tienda.fullermachinery.com\/index.php\/shop\/"},{"@type":"ListItem","position":3,"name":"Embutidora de Churros | 7 Libras | Acero Inoxidable | 4 Boquillas Incluidas"}]},{"@type":"WebSite","@id":"https:\/\/tienda.fullermachinery.com\/#website","url":"https:\/\/tienda.fullermachinery.com\/","name":"Fuller Machinery","description":"Importaci\u00f3n y comercializaci\u00f3n de m\u00e1quinas industriales para el sector de alimentos","publisher":{"@id":"https:\/\/tienda.fullermachinery.com\/#organization"},"potentialAction":[{"@type":"SearchAction","target":{"@type":"EntryPoint","urlTemplate":"https:\/\/tienda.fullermachinery.com\/?s={search_term_string}"},"query-input":{"@type":"PropertyValueSpecification","valueRequired":true,"valueName":"search_term_string"}}],"inLanguage":"es"},{"@type":"Organization","@id":"https:\/\/tienda.fullermachinery.com\/#organization","name":"Fuller Machinery","url":"https:\/\/tienda.fullermachinery.com\/","logo":{"@type":"ImageObject","inLanguage":"es","@id":"https:\/\/tienda.fullermachinery.com\/#\/schema\/logo\/image\/","url":"https:\/\/tienda.fullermachinery.com\/wp-content\/uploads\/2023\/08\/logo-fuller-transparente.png","contentUrl":"https:\/\/tienda.fullermachinery.com\/wp-content\/uploads\/2023\/08\/logo-fuller-transparente.png","width":2208,"height":644,"caption":"Fuller Machinery"},"image":{"@id":"https:\/\/tienda.fullermachinery.com\/#\/schema\/logo\/image\/"}}]}},"jetpack_sharing_enabled":true,"_links":{"self":[{"href":"https:\/\/tienda.fullermachinery.com\/index.php\/wp-json\/wp\/v2\/product\/16796","targetHints":{"allow":["GET"]}}],"collection":[{"href":"https:\/\/tienda.fullermachinery.com\/index.php\/wp-json\/wp\/v2\/product"}],"about":[{"href":"https:\/\/tienda.fullermachinery.com\/index.php\/wp-json\/wp\/v2\/types\/product"}],"replies":[{"embeddable":true,"href":"https:\/\/tienda.fullermachinery.com\/index.php\/wp-json\/wp\/v2\/comments?post=16796"}],"version-history":[{"count":6,"href":"https:\/\/tienda.fullermachinery.com\/index.php\/wp-json\/wp\/v2\/product\/16796\/revisions"}],"predecessor-version":[{"id":18558,"href":"https:\/\/tienda.fullermachinery.com\/index.php\/wp-json\/wp\/v2\/product\/16796\/revisions\/18558"}],"wp:featuredmedia":[{"embeddable":true,"href":"https:\/\/tienda.fullermachinery.com\/index.php\/wp-json\/wp\/v2\/media\/16799"}],"wp:attachment":[{"href":"https:\/\/tienda.fullermachinery.com\/index.php\/wp-json\/wp\/v2\/media?parent=16796"}],"wp:term":[{"taxonomy":"product_brand","embeddable":true,"href":"https:\/\/tienda.fullermachinery.com\/index.php\/wp-json\/wp\/v2\/product_brand?post=16796"},{"taxonomy":"product_cat","embeddable":true,"href":"https:\/\/tienda.fullermachinery.com\/index.php\/wp-json\/wp\/v2\/product_cat?post=16796"},{"taxonomy":"product_tag","embeddable":true,"href":"https:\/\/tienda.fullermachinery.com\/index.php\/wp-json\/wp\/v2\/product_tag?post=16796"}],"curies":[{"name":"wp","href":"https:\/\/api.w.org\/{rel}","templated":true}]}}