{"id":16774,"date":"2024-07-17T20:04:40","date_gmt":"2024-07-18T01:04:40","guid":{"rendered":"https:\/\/tienda.fullermachinery.com\/?post_type=product&#038;p=16774"},"modified":"2025-07-10T10:32:39","modified_gmt":"2025-07-10T15:32:39","slug":"freidor-electrico-2-tanques-cada-tanque-10-lt","status":"publish","type":"product","link":"https:\/\/tienda.fullermachinery.com\/index.php\/producto\/freidor-electrico-2-tanques-cada-tanque-10-lt\/","title":{"rendered":"Freidor El\u00e9ctrico Doble Tanque | 20 Litros | 2x10L | 110V | Acero Inoxidable"},"content":{"rendered":"\t\t<div data-elementor-type=\"wp-post\" data-elementor-id=\"16774\" class=\"elementor elementor-16774\">\n\t\t\t\t\t\t<section class=\"wd-negative-gap elementor-section elementor-top-section elementor-element elementor-element-c1d9e42 elementor-section-boxed elementor-section-height-default elementor-section-height-default wd-section-disabled\" data-id=\"c1d9e42\" data-element_type=\"section\" data-e-type=\"section\">\n\t\t\t\t\t\t<div class=\"elementor-container elementor-column-gap-default\">\n\t\t\t\t\t<div class=\"elementor-column elementor-col-100 elementor-top-column elementor-element elementor-element-1238e7a\" data-id=\"1238e7a\" data-element_type=\"column\" data-e-type=\"column\">\n\t\t\t<div class=\"elementor-widget-wrap elementor-element-populated\">\n\t\t\t\t\t\t<div class=\"elementor-element elementor-element-dddca36 elementor-widget elementor-widget-wd_text_block\" data-id=\"dddca36\" data-element_type=\"widget\" data-e-type=\"widget\" data-widget_type=\"wd_text_block.default\">\n\t\t\t\t<div class=\"elementor-widget-container\">\n\t\t\t\t\t\t\t<div class=\"wd-text-block reset-last-child text-left\">\n\t\t\t\n\t\t\t<p data-start=\"258\" data-end=\"611\">La <strong data-start=\"261\" data-end=\"299\">Embutidora de Chorizos de 7 Litros<\/strong> es una herramienta especializada para producir embutidos de forma r\u00e1pida, higi\u00e9nica y uniforme. Dise\u00f1ada para uso <strong data-start=\"414\" data-end=\"441\">dom\u00e9stico y profesional<\/strong>, permite llenar tripas o envolturas con mezclas de carne y especias, garantizando chorizos o salchichas de calidad, con control total sobre los ingredientes y el tama\u00f1o.<\/p><p data-start=\"613\" data-end=\"827\">Fabricada en <strong data-start=\"626\" data-end=\"667\">acero inoxidable de grado alimenticio<\/strong>, esta m\u00e1quina asegura m\u00e1xima durabilidad, resistencia a la corrosi\u00f3n y f\u00e1cil limpieza, cumpliendo con los est\u00e1ndares m\u00e1s exigentes de la industria alimentaria.<\/p><hr data-start=\"829\" data-end=\"832\" \/><h2 data-start=\"834\" data-end=\"859\">\u2699\ufe0f <strong data-start=\"840\" data-end=\"859\">\u00bfC\u00f3mo funciona?<\/strong><\/h2><p data-start=\"861\" data-end=\"925\">El proceso de embutido con esta m\u00e1quina es sencillo y eficiente:<\/p><p data-start=\"927\" data-end=\"1752\">1\ufe0f\u20e3 <strong data-start=\"931\" data-end=\"960\">Preparaci\u00f3n de la Mezcla:<\/strong> Se prepara la mezcla de carne, grasa y especias.<br data-start=\"1009\" data-end=\"1012\" \/>2\ufe0f\u20e3 <strong data-start=\"1016\" data-end=\"1039\">Carga del Cilindro:<\/strong> Se abre la embutidora y se coloca la mezcla dentro del cilindro usando un embudo para evitar derrames.<br data-start=\"1142\" data-end=\"1145\" \/>3\ufe0f\u20e3 <strong data-start=\"1149\" data-end=\"1177\">Elecci\u00f3n de la Boquilla:<\/strong> Se selecciona una de las <strong data-start=\"1203\" data-end=\"1234\">4 boquillas intercambiables<\/strong> para definir el grosor del chorizo.<br data-start=\"1270\" data-end=\"1273\" \/>4\ufe0f\u20e3 <strong data-start=\"1277\" data-end=\"1304\">Colocaci\u00f3n de la Tripa:<\/strong> Se instala la tripa o envoltura sobre la boquilla elegida, asegur\u00e1ndose de que est\u00e9 firme para evitar fugas.<br data-start=\"1413\" data-end=\"1416\" \/>5\ufe0f\u20e3 <strong data-start=\"1420\" data-end=\"1433\">Embutido:<\/strong> Se gira la manivela, generando presi\u00f3n para empujar la mezcla a trav\u00e9s de la boquilla y llenar la tripa de forma uniforme.<br data-start=\"1556\" data-end=\"1559\" \/>6\ufe0f\u20e3 <strong data-start=\"1563\" data-end=\"1585\">Formaci\u00f3n y Corte:<\/strong> Una vez alcanzada la longitud deseada, se corta la tripa y se ata para separar cada chorizo.<br data-start=\"1678\" data-end=\"1681\" \/>7\ufe0f\u20e3 <strong data-start=\"1685\" data-end=\"1700\">Repetici\u00f3n:<\/strong> Se repite el proceso hasta utilizar toda la mezcla.<\/p><p data-start=\"1754\" data-end=\"1859\">\ud83d\udca1 La <strong data-start=\"1760\" data-end=\"1785\">capacidad de 7 litros<\/strong> permite trabajar lotes medianos a grandes, optimizando tiempo y esfuerzo.<\/p><hr data-start=\"1861\" data-end=\"1864\" \/><h2 data-start=\"1866\" data-end=\"1901\">\ud83c\udfed <strong data-start=\"1872\" data-end=\"1901\">\u00bfEn qu\u00e9 industrias sirve?<\/strong><\/h2><p data-start=\"1903\" data-end=\"1988\">Esta embutidora es sumamente vers\u00e1til y se adapta a diferentes negocios y escenarios:<\/p><ul data-start=\"1990\" data-end=\"2904\"><li data-start=\"1990\" data-end=\"2135\"><p data-start=\"1992\" data-end=\"2135\">\ud83d\udd2a <strong data-start=\"1995\" data-end=\"2046\">Industria C\u00e1rnica y Procesamiento de Alimentos:<\/strong> Plantas de embutidos industriales, producci\u00f3n a gran escala para distribuci\u00f3n comercial.<\/p><\/li><li data-start=\"2136\" data-end=\"2230\"><p data-start=\"2138\" data-end=\"2230\">\ud83e\udd69 <strong data-start=\"2141\" data-end=\"2172\">Carnicer\u00edas y Charcuter\u00edas:<\/strong> Para ofrecer chorizos y salchichas frescas y artesanales.<\/p><\/li><li data-start=\"2231\" data-end=\"2325\"><p data-start=\"2233\" data-end=\"2325\">\ud83c\udf7d\ufe0f <strong data-start=\"2237\" data-end=\"2266\">Restaurantes y Parrillas:<\/strong> Para incluir chorizos caseros en men\u00fas de calidad premium.<\/p><\/li><li data-start=\"2326\" data-end=\"2417\"><p data-start=\"2328\" data-end=\"2417\">\ud83c\udf62 <strong data-start=\"2331\" data-end=\"2354\">Catering y Eventos:<\/strong> Preparaci\u00f3n de embutidos frescos para buffets y celebraciones.<\/p><\/li><li data-start=\"2418\" data-end=\"2509\"><p data-start=\"2420\" data-end=\"2509\">\ud83c\udfe8 <strong data-start=\"2423\" data-end=\"2445\">Hoteles y Resorts:<\/strong> Producci\u00f3n propia de chorizos para desayuno buffet y banquetes.<\/p><\/li><li data-start=\"2510\" data-end=\"2594\"><p data-start=\"2512\" data-end=\"2594\">\ud83d\uded2 <strong data-start=\"2515\" data-end=\"2554\">Tiendas Gourmet y Mercados Locales:<\/strong> Venta de embutidos artesanales frescos.<\/p><\/li><li data-start=\"2595\" data-end=\"2686\"><p data-start=\"2597\" data-end=\"2686\">\ud83d\ude9a <strong data-start=\"2600\" data-end=\"2625\">Food Trucks y Ferias:<\/strong> Diferenciaci\u00f3n con embutidos frescos preparados al instante.<\/p><\/li><li data-start=\"2687\" data-end=\"2813\"><p data-start=\"2689\" data-end=\"2813\">\ud83c\udf31 <strong data-start=\"2692\" data-end=\"2731\">Negocios de Alimentaci\u00f3n Saludable:<\/strong> Elaboraci\u00f3n de chorizos personalizados con recetas bajas en grasa y sin aditivos.<\/p><\/li><li data-start=\"2814\" data-end=\"2904\"><p data-start=\"2816\" data-end=\"2904\">\ud83c\udf0d <strong data-start=\"2819\" data-end=\"2835\">Exportaci\u00f3n:<\/strong> Fabricaci\u00f3n de embutidos para mercados nacionales e internacionales.<\/p><\/li><\/ul><hr data-start=\"2906\" data-end=\"2909\" \/><h2 data-start=\"2911\" data-end=\"2945\">\ud83d\udcd0 <strong data-start=\"2917\" data-end=\"2945\">Caracter\u00edsticas T\u00e9cnicas<\/strong><\/h2><div class=\"_tableContainer_16hzy_1\"><div class=\"_tableWrapper_16hzy_14 group flex w-fit flex-col-reverse\" tabindex=\"-1\"><table class=\"w-fit min-w-(--thread-content-width)\" data-start=\"2947\" data-end=\"3436\"><thead data-start=\"2947\" data-end=\"2975\"><tr data-start=\"2947\" data-end=\"2975\"><th data-start=\"2947\" data-end=\"2964\" data-col-size=\"sm\">Especificaci\u00f3n<\/th><th data-start=\"2964\" data-end=\"2975\" data-col-size=\"md\">Detalle<\/th><\/tr><\/thead><tbody data-start=\"3005\" data-end=\"3436\"><tr data-start=\"3005\" data-end=\"3034\"><td data-start=\"3005\" data-end=\"3022\" data-col-size=\"sm\"><strong data-start=\"3007\" data-end=\"3021\">Capacidad:<\/strong><\/td><td data-start=\"3022\" data-end=\"3034\" data-col-size=\"md\">7 litros<\/td><\/tr><tr data-start=\"3035\" data-end=\"3112\"><td data-start=\"3035\" data-end=\"3066\" data-col-size=\"sm\"><strong data-start=\"3037\" data-end=\"3065\">Dimensiones Aproximadas:<\/strong><\/td><td data-start=\"3066\" data-end=\"3112\" data-col-size=\"md\">Altura: 70 cm, Frente: 30 cm, Fondo: 30 cm<\/td><\/tr><tr data-start=\"3113\" data-end=\"3134\"><td data-start=\"3113\" data-end=\"3125\" data-col-size=\"sm\"><strong data-start=\"3115\" data-end=\"3124\">Peso:<\/strong><\/td><td data-start=\"3125\" data-end=\"3134\" data-col-size=\"md\">10 kg<\/td><\/tr><tr data-start=\"3135\" data-end=\"3189\"><td data-start=\"3135\" data-end=\"3151\" data-col-size=\"sm\"><strong data-start=\"3137\" data-end=\"3150\">Material:<\/strong><\/td><td data-start=\"3151\" data-end=\"3189\" data-col-size=\"md\">Acero inoxidable grado alimenticio<\/td><\/tr><tr data-start=\"3190\" data-end=\"3238\"><td data-start=\"3190\" data-end=\"3207\" data-col-size=\"sm\"><strong data-start=\"3192\" data-end=\"3206\">Boquillas:<\/strong><\/td><td data-start=\"3207\" data-end=\"3238\" data-col-size=\"md\">4 boquillas intercambiables<\/td><\/tr><tr data-start=\"3239\" data-end=\"3290\"><td data-start=\"3239\" data-end=\"3257\" data-col-size=\"sm\"><strong data-start=\"3241\" data-end=\"3256\">Accesorios:<\/strong><\/td><td data-start=\"3257\" data-end=\"3290\" data-col-size=\"md\">Incluye 1 empaque de repuesto<\/td><\/tr><tr data-start=\"3291\" data-end=\"3334\"><td data-start=\"3291\" data-end=\"3310\" data-col-size=\"sm\"><strong data-start=\"3293\" data-end=\"3309\">Modo de uso:<\/strong><\/td><td data-start=\"3310\" data-end=\"3334\" data-col-size=\"md\">Manual, con manivela<\/td><\/tr><tr data-start=\"3335\" data-end=\"3382\"><td data-start=\"3335\" data-end=\"3354\" data-col-size=\"sm\"><strong data-start=\"3337\" data-end=\"3353\">Velocidades:<\/strong><\/td><td data-start=\"3354\" data-end=\"3382\" data-col-size=\"md\">2 velocidades de relleno<\/td><\/tr><tr data-start=\"3383\" data-end=\"3436\"><td data-start=\"3383\" data-end=\"3399\" data-col-size=\"sm\"><strong data-start=\"3385\" data-end=\"3398\">Garant\u00eda:<\/strong><\/td><td data-start=\"3399\" data-end=\"3436\" data-col-size=\"md\">6 meses sobre defectos de f\u00e1brica<\/td><\/tr><\/tbody><\/table><div class=\"sticky end-(--thread-content-margin) h-0 self-end select-none\"><div class=\"absolute end-0 flex items-end\">\u00a0<\/div><\/div><\/div><\/div><hr data-start=\"3438\" data-end=\"3441\" \/><h2 data-start=\"3443\" data-end=\"3467\">\ud83d\udd11 <strong data-start=\"3449\" data-end=\"3467\">Ventajas Clave<\/strong><\/h2><p data-start=\"3469\" data-end=\"3742\">\u2714\ufe0f Fabricaci\u00f3n robusta y duradera.<br data-start=\"3503\" data-end=\"3506\" \/>\u2714\ufe0f Operaci\u00f3n sencilla y segura.<br data-start=\"3537\" data-end=\"3540\" \/>\u2714\ufe0f Control total sobre el tama\u00f1o y la forma de los chorizos.<br data-start=\"3600\" data-end=\"3603\" \/>\u2714\ufe0f Incluye boquillas para diferentes tipos de embutido.<br data-start=\"3658\" data-end=\"3661\" \/>\u2714\ufe0f F\u00e1cil de limpiar y mantener.<br data-start=\"3692\" data-end=\"3695\" \/>\u2714\ufe0f Ideal para producci\u00f3n artesanal y comercial.<\/p>\n\t\t\t\t\t<\/div>\n\t\t\t\t\t\t<\/div>\n\t\t\t\t<\/div>\n\t\t\t\t\t<\/div>\n\t\t<\/div>\n\t\t\t\t\t<\/div>\n\t\t<\/section>\n\t\t\t\t<\/div>\n\t\t","protected":false},"excerpt":{"rendered":"<p>Embutidora de Chorizos 7L en acero inoxidable, incluye 4 boquillas y empaque de repuesto. F\u00e1cil de usar, perfecta para negocios c\u00e1rnicos, charcuter\u00edas y uso dom\u00e9stico.<\/p>\n","protected":false},"featured_media":16775,"comment_status":"open","ping_status":"closed","template":"","meta":[],"product_brand":[],"product_cat":[140,230],"product_tag":[220,218,219],"class_list":{"0":"post-16774","1":"product","2":"type-product","3":"status-publish","4":"has-post-thumbnail","6":"product_cat-preparacion-de-alimentos","7":"product_cat-freidoras","8":"product_tag-amasadora","9":"product_tag-amasadora-industrial","10":"product_tag-panaderia","12":"first","13":"instock","14":"featured","15":"shipping-taxable","16":"purchasable","17":"product-type-simple"},"yoast_head":"<!-- This site is optimized with the Yoast SEO plugin v27.4 - https:\/\/yoast.com\/product\/yoast-seo-wordpress\/ -->\n<title>Freidor El\u00e9ctrico Doble Tanque | 20 Litros | 2x10L | 110V | Acero Inoxidable - Fuller Machinery<\/title>\n<meta name=\"description\" content=\"Embutidora de Chorizos 7L | Acero inoxidable | 4 boquillas | Manivela manual con 2 velocidades | Ideal para carnicer\u00edas, charcuter\u00edas y restaurantes.\" \/>\n<meta name=\"robots\" content=\"index, follow, max-snippet:-1, max-image-preview:large, max-video-preview:-1\" \/>\n<link rel=\"canonical\" href=\"https:\/\/tienda.fullermachinery.com\/index.php\/producto\/freidor-electrico-2-tanques-cada-tanque-10-lt\/\" \/>\n<meta property=\"og:locale\" content=\"es_ES\" \/>\n<meta property=\"og:type\" content=\"article\" \/>\n<meta property=\"og:title\" content=\"Freidor El\u00e9ctrico Doble Tanque | 20 Litros | 2x10L | 110V | Acero Inoxidable - Fuller Machinery\" \/>\n<meta property=\"og:description\" content=\"Embutidora de Chorizos 7L | Acero inoxidable | 4 boquillas | Manivela manual con 2 velocidades | Ideal para carnicer\u00edas, charcuter\u00edas y restaurantes.\" \/>\n<meta property=\"og:url\" content=\"https:\/\/tienda.fullermachinery.com\/index.php\/producto\/freidor-electrico-2-tanques-cada-tanque-10-lt\/\" \/>\n<meta property=\"og:site_name\" content=\"Fuller Machinery\" \/>\n<meta property=\"article:modified_time\" content=\"2025-07-10T15:32:39+00:00\" \/>\n<meta property=\"og:image\" content=\"https:\/\/tienda.fullermachinery.com\/wp-content\/uploads\/2024\/07\/Freidor-electrico-2-tanques-cada-tanque-10-Lt-1.png\" \/>\n\t<meta property=\"og:image:width\" content=\"2000\" \/>\n\t<meta property=\"og:image:height\" content=\"2000\" \/>\n\t<meta property=\"og:image:type\" content=\"image\/png\" \/>\n<meta name=\"twitter:card\" content=\"summary_large_image\" \/>\n<meta name=\"twitter:label1\" content=\"Tiempo de lectura\" \/>\n\t<meta name=\"twitter:data1\" content=\"3 minutos\" \/>\n<script type=\"application\/ld+json\" class=\"yoast-schema-graph\">{\"@context\":\"https:\\\/\\\/schema.org\",\"@graph\":[{\"@type\":\"WebPage\",\"@id\":\"https:\\\/\\\/tienda.fullermachinery.com\\\/index.php\\\/producto\\\/freidor-electrico-2-tanques-cada-tanque-10-lt\\\/\",\"url\":\"https:\\\/\\\/tienda.fullermachinery.com\\\/index.php\\\/producto\\\/freidor-electrico-2-tanques-cada-tanque-10-lt\\\/\",\"name\":\"Freidor El\u00e9ctrico Doble Tanque | 20 Litros | 2x10L | 110V | Acero Inoxidable - Fuller Machinery\",\"isPartOf\":{\"@id\":\"https:\\\/\\\/tienda.fullermachinery.com\\\/#website\"},\"primaryImageOfPage\":{\"@id\":\"https:\\\/\\\/tienda.fullermachinery.com\\\/index.php\\\/producto\\\/freidor-electrico-2-tanques-cada-tanque-10-lt\\\/#primaryimage\"},\"image\":{\"@id\":\"https:\\\/\\\/tienda.fullermachinery.com\\\/index.php\\\/producto\\\/freidor-electrico-2-tanques-cada-tanque-10-lt\\\/#primaryimage\"},\"thumbnailUrl\":\"https:\\\/\\\/tienda.fullermachinery.com\\\/wp-content\\\/uploads\\\/2024\\\/07\\\/Freidor-electrico-2-tanques-cada-tanque-10-Lt-1.png\",\"datePublished\":\"2024-07-18T01:04:40+00:00\",\"dateModified\":\"2025-07-10T15:32:39+00:00\",\"description\":\"Embutidora de Chorizos 7L | Acero inoxidable | 4 boquillas | Manivela manual con 2 velocidades | Ideal para carnicer\u00edas, charcuter\u00edas y restaurantes.\",\"breadcrumb\":{\"@id\":\"https:\\\/\\\/tienda.fullermachinery.com\\\/index.php\\\/producto\\\/freidor-electrico-2-tanques-cada-tanque-10-lt\\\/#breadcrumb\"},\"inLanguage\":\"es\",\"potentialAction\":[{\"@type\":\"ReadAction\",\"target\":[\"https:\\\/\\\/tienda.fullermachinery.com\\\/index.php\\\/producto\\\/freidor-electrico-2-tanques-cada-tanque-10-lt\\\/\"]}]},{\"@type\":\"ImageObject\",\"inLanguage\":\"es\",\"@id\":\"https:\\\/\\\/tienda.fullermachinery.com\\\/index.php\\\/producto\\\/freidor-electrico-2-tanques-cada-tanque-10-lt\\\/#primaryimage\",\"url\":\"https:\\\/\\\/tienda.fullermachinery.com\\\/wp-content\\\/uploads\\\/2024\\\/07\\\/Freidor-electrico-2-tanques-cada-tanque-10-Lt-1.png\",\"contentUrl\":\"https:\\\/\\\/tienda.fullermachinery.com\\\/wp-content\\\/uploads\\\/2024\\\/07\\\/Freidor-electrico-2-tanques-cada-tanque-10-Lt-1.png\",\"width\":2000,\"height\":2000,\"caption\":\"El equipo al que hace referencia es un freidor el\u00e9ctrico de doble tanque con una capacidad total de 20 litros, divididos en 10 litros por cada tanque. Este dispositivo est\u00e1 dise\u00f1ado para fre\u00edr alimentos de manera eficiente y r\u00e1pida, ya sea para uso comercial en restaurantes, cafeter\u00edas, puestos de comida r\u00e1pida, catering m\u00f3vil, snack bars, o para uso dom\u00e9stico en hogares que requieran una capacidad de cocci\u00f3n m\u00e1s grande.\"},{\"@type\":\"BreadcrumbList\",\"@id\":\"https:\\\/\\\/tienda.fullermachinery.com\\\/index.php\\\/producto\\\/freidor-electrico-2-tanques-cada-tanque-10-lt\\\/#breadcrumb\",\"itemListElement\":[{\"@type\":\"ListItem\",\"position\":1,\"name\":\"Portada\",\"item\":\"https:\\\/\\\/tienda.fullermachinery.com\\\/\"},{\"@type\":\"ListItem\",\"position\":2,\"name\":\"Productos\",\"item\":\"https:\\\/\\\/tienda.fullermachinery.com\\\/index.php\\\/shop\\\/\"},{\"@type\":\"ListItem\",\"position\":3,\"name\":\"Freidor El\u00e9ctrico Doble Tanque | 20 Litros | 2x10L | 110V | Acero Inoxidable\"}]},{\"@type\":\"WebSite\",\"@id\":\"https:\\\/\\\/tienda.fullermachinery.com\\\/#website\",\"url\":\"https:\\\/\\\/tienda.fullermachinery.com\\\/\",\"name\":\"Fuller Machinery\",\"description\":\"Importaci\u00f3n y comercializaci\u00f3n de m\u00e1quinas industriales para el sector de alimentos\",\"publisher\":{\"@id\":\"https:\\\/\\\/tienda.fullermachinery.com\\\/#organization\"},\"potentialAction\":[{\"@type\":\"SearchAction\",\"target\":{\"@type\":\"EntryPoint\",\"urlTemplate\":\"https:\\\/\\\/tienda.fullermachinery.com\\\/?s={search_term_string}\"},\"query-input\":{\"@type\":\"PropertyValueSpecification\",\"valueRequired\":true,\"valueName\":\"search_term_string\"}}],\"inLanguage\":\"es\"},{\"@type\":\"Organization\",\"@id\":\"https:\\\/\\\/tienda.fullermachinery.com\\\/#organization\",\"name\":\"Fuller Machinery\",\"url\":\"https:\\\/\\\/tienda.fullermachinery.com\\\/\",\"logo\":{\"@type\":\"ImageObject\",\"inLanguage\":\"es\",\"@id\":\"https:\\\/\\\/tienda.fullermachinery.com\\\/#\\\/schema\\\/logo\\\/image\\\/\",\"url\":\"https:\\\/\\\/tienda.fullermachinery.com\\\/wp-content\\\/uploads\\\/2023\\\/08\\\/logo-fuller-transparente.png\",\"contentUrl\":\"https:\\\/\\\/tienda.fullermachinery.com\\\/wp-content\\\/uploads\\\/2023\\\/08\\\/logo-fuller-transparente.png\",\"width\":2208,\"height\":644,\"caption\":\"Fuller Machinery\"},\"image\":{\"@id\":\"https:\\\/\\\/tienda.fullermachinery.com\\\/#\\\/schema\\\/logo\\\/image\\\/\"}}]}<\/script>\n<!-- \/ Yoast SEO plugin. -->","yoast_head_json":{"title":"Freidor El\u00e9ctrico Doble Tanque | 20 Litros | 2x10L | 110V | Acero Inoxidable - Fuller Machinery","description":"Embutidora de Chorizos 7L | Acero inoxidable | 4 boquillas | Manivela manual con 2 velocidades | Ideal para carnicer\u00edas, charcuter\u00edas y restaurantes.","robots":{"index":"index","follow":"follow","max-snippet":"max-snippet:-1","max-image-preview":"max-image-preview:large","max-video-preview":"max-video-preview:-1"},"canonical":"https:\/\/tienda.fullermachinery.com\/index.php\/producto\/freidor-electrico-2-tanques-cada-tanque-10-lt\/","og_locale":"es_ES","og_type":"article","og_title":"Freidor El\u00e9ctrico Doble Tanque | 20 Litros | 2x10L | 110V | Acero Inoxidable - Fuller Machinery","og_description":"Embutidora de Chorizos 7L | Acero inoxidable | 4 boquillas | Manivela manual con 2 velocidades | Ideal para carnicer\u00edas, charcuter\u00edas y restaurantes.","og_url":"https:\/\/tienda.fullermachinery.com\/index.php\/producto\/freidor-electrico-2-tanques-cada-tanque-10-lt\/","og_site_name":"Fuller Machinery","article_modified_time":"2025-07-10T15:32:39+00:00","og_image":[{"width":2000,"height":2000,"url":"https:\/\/tienda.fullermachinery.com\/wp-content\/uploads\/2024\/07\/Freidor-electrico-2-tanques-cada-tanque-10-Lt-1.png","type":"image\/png"}],"twitter_card":"summary_large_image","twitter_misc":{"Tiempo de lectura":"3 minutos"},"schema":{"@context":"https:\/\/schema.org","@graph":[{"@type":"WebPage","@id":"https:\/\/tienda.fullermachinery.com\/index.php\/producto\/freidor-electrico-2-tanques-cada-tanque-10-lt\/","url":"https:\/\/tienda.fullermachinery.com\/index.php\/producto\/freidor-electrico-2-tanques-cada-tanque-10-lt\/","name":"Freidor El\u00e9ctrico Doble Tanque | 20 Litros | 2x10L | 110V | Acero Inoxidable - Fuller Machinery","isPartOf":{"@id":"https:\/\/tienda.fullermachinery.com\/#website"},"primaryImageOfPage":{"@id":"https:\/\/tienda.fullermachinery.com\/index.php\/producto\/freidor-electrico-2-tanques-cada-tanque-10-lt\/#primaryimage"},"image":{"@id":"https:\/\/tienda.fullermachinery.com\/index.php\/producto\/freidor-electrico-2-tanques-cada-tanque-10-lt\/#primaryimage"},"thumbnailUrl":"https:\/\/tienda.fullermachinery.com\/wp-content\/uploads\/2024\/07\/Freidor-electrico-2-tanques-cada-tanque-10-Lt-1.png","datePublished":"2024-07-18T01:04:40+00:00","dateModified":"2025-07-10T15:32:39+00:00","description":"Embutidora de Chorizos 7L | Acero inoxidable | 4 boquillas | Manivela manual con 2 velocidades | Ideal para carnicer\u00edas, charcuter\u00edas y restaurantes.","breadcrumb":{"@id":"https:\/\/tienda.fullermachinery.com\/index.php\/producto\/freidor-electrico-2-tanques-cada-tanque-10-lt\/#breadcrumb"},"inLanguage":"es","potentialAction":[{"@type":"ReadAction","target":["https:\/\/tienda.fullermachinery.com\/index.php\/producto\/freidor-electrico-2-tanques-cada-tanque-10-lt\/"]}]},{"@type":"ImageObject","inLanguage":"es","@id":"https:\/\/tienda.fullermachinery.com\/index.php\/producto\/freidor-electrico-2-tanques-cada-tanque-10-lt\/#primaryimage","url":"https:\/\/tienda.fullermachinery.com\/wp-content\/uploads\/2024\/07\/Freidor-electrico-2-tanques-cada-tanque-10-Lt-1.png","contentUrl":"https:\/\/tienda.fullermachinery.com\/wp-content\/uploads\/2024\/07\/Freidor-electrico-2-tanques-cada-tanque-10-Lt-1.png","width":2000,"height":2000,"caption":"El equipo al que hace referencia es un freidor el\u00e9ctrico de doble tanque con una capacidad total de 20 litros, divididos en 10 litros por cada tanque. Este dispositivo est\u00e1 dise\u00f1ado para fre\u00edr alimentos de manera eficiente y r\u00e1pida, ya sea para uso comercial en restaurantes, cafeter\u00edas, puestos de comida r\u00e1pida, catering m\u00f3vil, snack bars, o para uso dom\u00e9stico en hogares que requieran una capacidad de cocci\u00f3n m\u00e1s grande."},{"@type":"BreadcrumbList","@id":"https:\/\/tienda.fullermachinery.com\/index.php\/producto\/freidor-electrico-2-tanques-cada-tanque-10-lt\/#breadcrumb","itemListElement":[{"@type":"ListItem","position":1,"name":"Portada","item":"https:\/\/tienda.fullermachinery.com\/"},{"@type":"ListItem","position":2,"name":"Productos","item":"https:\/\/tienda.fullermachinery.com\/index.php\/shop\/"},{"@type":"ListItem","position":3,"name":"Freidor El\u00e9ctrico Doble Tanque | 20 Litros | 2x10L | 110V | Acero Inoxidable"}]},{"@type":"WebSite","@id":"https:\/\/tienda.fullermachinery.com\/#website","url":"https:\/\/tienda.fullermachinery.com\/","name":"Fuller Machinery","description":"Importaci\u00f3n y comercializaci\u00f3n de m\u00e1quinas industriales para el sector de alimentos","publisher":{"@id":"https:\/\/tienda.fullermachinery.com\/#organization"},"potentialAction":[{"@type":"SearchAction","target":{"@type":"EntryPoint","urlTemplate":"https:\/\/tienda.fullermachinery.com\/?s={search_term_string}"},"query-input":{"@type":"PropertyValueSpecification","valueRequired":true,"valueName":"search_term_string"}}],"inLanguage":"es"},{"@type":"Organization","@id":"https:\/\/tienda.fullermachinery.com\/#organization","name":"Fuller Machinery","url":"https:\/\/tienda.fullermachinery.com\/","logo":{"@type":"ImageObject","inLanguage":"es","@id":"https:\/\/tienda.fullermachinery.com\/#\/schema\/logo\/image\/","url":"https:\/\/tienda.fullermachinery.com\/wp-content\/uploads\/2023\/08\/logo-fuller-transparente.png","contentUrl":"https:\/\/tienda.fullermachinery.com\/wp-content\/uploads\/2023\/08\/logo-fuller-transparente.png","width":2208,"height":644,"caption":"Fuller Machinery"},"image":{"@id":"https:\/\/tienda.fullermachinery.com\/#\/schema\/logo\/image\/"}}]}},"jetpack_sharing_enabled":true,"_links":{"self":[{"href":"https:\/\/tienda.fullermachinery.com\/index.php\/wp-json\/wp\/v2\/product\/16774","targetHints":{"allow":["GET"]}}],"collection":[{"href":"https:\/\/tienda.fullermachinery.com\/index.php\/wp-json\/wp\/v2\/product"}],"about":[{"href":"https:\/\/tienda.fullermachinery.com\/index.php\/wp-json\/wp\/v2\/types\/product"}],"replies":[{"embeddable":true,"href":"https:\/\/tienda.fullermachinery.com\/index.php\/wp-json\/wp\/v2\/comments?post=16774"}],"version-history":[{"count":6,"href":"https:\/\/tienda.fullermachinery.com\/index.php\/wp-json\/wp\/v2\/product\/16774\/revisions"}],"predecessor-version":[{"id":18567,"href":"https:\/\/tienda.fullermachinery.com\/index.php\/wp-json\/wp\/v2\/product\/16774\/revisions\/18567"}],"wp:featuredmedia":[{"embeddable":true,"href":"https:\/\/tienda.fullermachinery.com\/index.php\/wp-json\/wp\/v2\/media\/16775"}],"wp:attachment":[{"href":"https:\/\/tienda.fullermachinery.com\/index.php\/wp-json\/wp\/v2\/media?parent=16774"}],"wp:term":[{"taxonomy":"product_brand","embeddable":true,"href":"https:\/\/tienda.fullermachinery.com\/index.php\/wp-json\/wp\/v2\/product_brand?post=16774"},{"taxonomy":"product_cat","embeddable":true,"href":"https:\/\/tienda.fullermachinery.com\/index.php\/wp-json\/wp\/v2\/product_cat?post=16774"},{"taxonomy":"product_tag","embeddable":true,"href":"https:\/\/tienda.fullermachinery.com\/index.php\/wp-json\/wp\/v2\/product_tag?post=16774"}],"curies":[{"name":"wp","href":"https:\/\/api.w.org\/{rel}","templated":true}]}}