{"id":16739,"date":"2024-07-17T17:54:06","date_gmt":"2024-07-17T22:54:06","guid":{"rendered":"https:\/\/tienda.fullermachinery.com\/?post_type=product&#038;p=16739"},"modified":"2025-07-10T11:32:13","modified_gmt":"2025-07-10T16:32:13","slug":"molino-de-carne-22","status":"publish","type":"product","link":"https:\/\/tienda.fullermachinery.com\/index.php\/producto\/molino-de-carne-22\/","title":{"rendered":"Molino de Carne #22 | Motor 850W | Alta Producci\u00f3n"},"content":{"rendered":"\t\t<div data-elementor-type=\"wp-post\" data-elementor-id=\"16739\" class=\"elementor elementor-16739\">\n\t\t\t\t\t\t<section class=\"wd-negative-gap elementor-section elementor-top-section elementor-element elementor-element-ced98b0 elementor-section-boxed elementor-section-height-default elementor-section-height-default wd-section-disabled\" data-id=\"ced98b0\" data-element_type=\"section\" data-e-type=\"section\">\n\t\t\t\t\t\t<div class=\"elementor-container elementor-column-gap-default\">\n\t\t\t\t\t<div class=\"elementor-column elementor-col-100 elementor-top-column elementor-element elementor-element-825af24\" data-id=\"825af24\" data-element_type=\"column\" data-e-type=\"column\">\n\t\t\t<div class=\"elementor-widget-wrap elementor-element-populated\">\n\t\t\t\t\t\t<div class=\"elementor-element elementor-element-957b3ae elementor-widget elementor-widget-wd_text_block\" data-id=\"957b3ae\" data-element_type=\"widget\" data-e-type=\"widget\" data-widget_type=\"wd_text_block.default\">\n\t\t\t\t<div class=\"elementor-widget-container\">\n\t\t\t\t\t\t\t<div class=\"wd-text-block reset-last-child text-left\">\n\t\t\t\n\t\t\t<p data-start=\"515\" data-end=\"747\">El <strong data-start=\"518\" data-end=\"559\">Molino de Carne de Cuchilla N\u00famero 22<\/strong> es la soluci\u00f3n ideal para cocinas industriales, carnicer\u00edas y restaurantes que buscan <strong data-start=\"646\" data-end=\"685\">procesar grandes vol\u00famenes de carne<\/strong> de forma r\u00e1pida, segura y con resultados de m\u00e1xima calidad.<\/p><p data-start=\"749\" data-end=\"1132\">Con su potente <strong data-start=\"764\" data-end=\"781\">motor de 850W<\/strong>, este molino garantiza un flujo de trabajo continuo, logrando una velocidad de cuchilla de <strong data-start=\"873\" data-end=\"904\">190 revoluciones por minuto<\/strong>, lo que se traduce en una capacidad de <strong data-start=\"944\" data-end=\"983\">producci\u00f3n de hasta 150 kg por hora<\/strong>. Perfecto para preparar carne de res, cerdo, pollo y otros tipos de prote\u00edna con la textura ideal para hamburguesas, alb\u00f3ndigas, salchichas y m\u00e1s.<\/p><p data-start=\"1134\" data-end=\"1415\"><strong data-start=\"1134\" data-end=\"1159\">Construido para durar<\/strong>, su estructura robusta de materiales de alta calidad asegura resistencia y durabilidad incluso en entornos de trabajo intensivo. Sus cuchillas de acero inoxidable, altamente afiladas y resistentes a la corrosi\u00f3n, permiten un molido uniforme y eficiente.<\/p><p data-start=\"1417\" data-end=\"1620\">El dise\u00f1o incluye una <strong data-start=\"1439\" data-end=\"1471\">tolva de alimentaci\u00f3n amplia<\/strong>, operaci\u00f3n intuitiva y componentes desmontables para una limpieza r\u00e1pida y completa, manteniendo siempre altos est\u00e1ndares de higiene en la cocina.<\/p><p data-start=\"1622\" data-end=\"1756\"><strong data-start=\"1622\" data-end=\"1638\">Dimensiones:<\/strong> 46 cm (alto) x 31 cm (ancho) x 44 cm (largo)<br data-start=\"1683\" data-end=\"1686\" \/><strong data-start=\"1686\" data-end=\"1695\">Peso:<\/strong> 28 kg \u2014 f\u00e1cil de instalar en cualquier superficie estable.<\/p><p data-start=\"1758\" data-end=\"2073\"><strong data-start=\"1758\" data-end=\"1775\">Aplicaciones:<\/strong><br data-start=\"1775\" data-end=\"1778\" \/>\u2705 Restaurantes y bares que sirven hamburguesas y alb\u00f3ndigas frescas.<br data-start=\"1846\" data-end=\"1849\" \/>\u2705 Carnicer\u00edas y charcuter\u00edas que preparan embutidos y carnes molidas.<br data-start=\"1918\" data-end=\"1921\" \/>\u2705 Hoteles, comedores industriales y servicios de catering de alto volumen.<br data-start=\"1995\" data-end=\"1998\" \/>\u2705 Food trucks y negocios de comida r\u00e1pida que buscan calidad y velocidad.<\/p><p data-start=\"2075\" data-end=\"2263\">Invierte en <strong data-start=\"2087\" data-end=\"2125\">eficiencia, potencia y durabilidad<\/strong> con el <strong data-start=\"2133\" data-end=\"2189\">Molino de Carne de Cuchilla N\u00b022 de Fuller Machinery<\/strong>. Un equipo profesional que eleva la calidad de tu negocio de alimentos.<\/p>\n\t\t\t\t\t<\/div>\n\t\t\t\t\t\t<\/div>\n\t\t\t\t<\/div>\n\t\t\t\t\t<\/div>\n\t\t<\/div>\n\t\t\t\t\t<\/div>\n\t\t<\/section>\n\t\t\t\t<\/div>\n\t\t","protected":false},"excerpt":{"rendered":"<ul data-start=\"2537\" data-end=\"2842\">\n<li data-start=\"2537\" data-end=\"2573\">\n<p data-start=\"2539\" data-end=\"2573\">Motor de 850W para uso continuo.<\/p>\n<\/li>\n<li data-start=\"2574\" data-end=\"2611\">\n<p data-start=\"2576\" data-end=\"2611\">Velocidad de cuchilla: 190 r\/min.<\/p>\n<\/li>\n<li data-start=\"2612\" data-end=\"2659\">\n<p data-start=\"2614\" data-end=\"2659\">Producci\u00f3n: hasta 150 kg de carne por hora.<\/p>\n<\/li>\n<li data-start=\"2660\" data-end=\"2720\">\n<p data-start=\"2662\" data-end=\"2720\">Cuchilla de acero inoxidable, resistente a la corrosi\u00f3n.<\/p>\n<\/li>\n<li data-start=\"2721\" data-end=\"2757\">\n<p data-start=\"2723\" data-end=\"2757\">Tolva amplia y f\u00e1cil de limpiar.<\/p>\n<\/li>\n<li data-start=\"2758\" data-end=\"2800\">\n<p data-start=\"2760\" data-end=\"2800\">Dimensiones: 46x31x44 cm, peso: 28 kg.<\/p>\n<\/li>\n<li data-start=\"2801\" data-end=\"2842\">\n<p data-start=\"2803\" data-end=\"2842\">Ideal para carne de res, cerdo y pollo.<\/p>\n<\/li>\n<\/ul>\n","protected":false},"featured_media":16740,"comment_status":"open","ping_status":"closed","template":"","meta":[],"product_brand":[],"product_cat":[140,229],"product_tag":[220,218,219],"class_list":{"0":"post-16739","1":"product","2":"type-product","3":"status-publish","4":"has-post-thumbnail","6":"product_cat-preparacion-de-alimentos","7":"product_cat-equipos-industriales-preparacion-de-alimentos","8":"product_tag-amasadora","9":"product_tag-amasadora-industrial","10":"product_tag-panaderia","12":"first","13":"instock","14":"featured","15":"shipping-taxable","16":"purchasable","17":"product-type-simple"},"yoast_head":"<!-- This site is optimized with the Yoast SEO plugin v27.5 - https:\/\/yoast.com\/product\/yoast-seo-wordpress\/ -->\n<title>Molino de Carne #22 | Motor 850W | Alta Producci\u00f3n - Fuller Machinery<\/title>\n<meta name=\"description\" content=\"Molino de Carne N\u00b022 | Motor 850W, cuchilla de acero, producci\u00f3n de 150 kg\/h | Ideal para restaurantes, carnicer\u00edas y cocina industrial | Alta potencia y durabilidad.\" \/>\n<meta name=\"robots\" content=\"index, follow, max-snippet:-1, max-image-preview:large, max-video-preview:-1\" \/>\n<link rel=\"canonical\" href=\"https:\/\/tienda.fullermachinery.com\/index.php\/producto\/molino-de-carne-22\/\" \/>\n<meta property=\"og:locale\" content=\"es_ES\" \/>\n<meta property=\"og:type\" content=\"article\" \/>\n<meta property=\"og:title\" content=\"Molino de Carne #22 | Motor 850W | Alta Producci\u00f3n - Fuller Machinery\" \/>\n<meta property=\"og:description\" content=\"Molino de Carne N\u00b022 | Motor 850W, cuchilla de acero, producci\u00f3n de 150 kg\/h | Ideal para restaurantes, carnicer\u00edas y cocina industrial | Alta potencia y durabilidad.\" \/>\n<meta property=\"og:url\" content=\"https:\/\/tienda.fullermachinery.com\/index.php\/producto\/molino-de-carne-22\/\" \/>\n<meta property=\"og:site_name\" content=\"Fuller Machinery\" \/>\n<meta property=\"article:modified_time\" content=\"2025-07-10T16:32:13+00:00\" \/>\n<meta property=\"og:image\" content=\"https:\/\/tienda.fullermachinery.com\/wp-content\/uploads\/2024\/07\/Molino-de-carne-22-1.png\" \/>\n\t<meta property=\"og:image:width\" content=\"2000\" \/>\n\t<meta property=\"og:image:height\" content=\"2000\" \/>\n\t<meta property=\"og:image:type\" content=\"image\/png\" \/>\n<meta name=\"twitter:card\" content=\"summary_large_image\" \/>\n<meta name=\"twitter:label1\" content=\"Tiempo de lectura\" \/>\n\t<meta name=\"twitter:data1\" content=\"2 minutos\" \/>\n<script type=\"application\/ld+json\" class=\"yoast-schema-graph\">{\"@context\":\"https:\\\/\\\/schema.org\",\"@graph\":[{\"@type\":\"WebPage\",\"@id\":\"https:\\\/\\\/tienda.fullermachinery.com\\\/index.php\\\/producto\\\/molino-de-carne-22\\\/\",\"url\":\"https:\\\/\\\/tienda.fullermachinery.com\\\/index.php\\\/producto\\\/molino-de-carne-22\\\/\",\"name\":\"Molino de Carne #22 | Motor 850W | Alta Producci\u00f3n - Fuller Machinery\",\"isPartOf\":{\"@id\":\"https:\\\/\\\/tienda.fullermachinery.com\\\/#website\"},\"primaryImageOfPage\":{\"@id\":\"https:\\\/\\\/tienda.fullermachinery.com\\\/index.php\\\/producto\\\/molino-de-carne-22\\\/#primaryimage\"},\"image\":{\"@id\":\"https:\\\/\\\/tienda.fullermachinery.com\\\/index.php\\\/producto\\\/molino-de-carne-22\\\/#primaryimage\"},\"thumbnailUrl\":\"https:\\\/\\\/tienda.fullermachinery.com\\\/wp-content\\\/uploads\\\/2024\\\/07\\\/Molino-de-carne-22-1.png\",\"datePublished\":\"2024-07-17T22:54:06+00:00\",\"dateModified\":\"2025-07-10T16:32:13+00:00\",\"description\":\"Molino de Carne N\u00b022 | Motor 850W, cuchilla de acero, producci\u00f3n de 150 kg\\\/h | Ideal para restaurantes, carnicer\u00edas y cocina industrial | Alta potencia y durabilidad.\",\"breadcrumb\":{\"@id\":\"https:\\\/\\\/tienda.fullermachinery.com\\\/index.php\\\/producto\\\/molino-de-carne-22\\\/#breadcrumb\"},\"inLanguage\":\"es\",\"potentialAction\":[{\"@type\":\"ReadAction\",\"target\":[\"https:\\\/\\\/tienda.fullermachinery.com\\\/index.php\\\/producto\\\/molino-de-carne-22\\\/\"]}]},{\"@type\":\"ImageObject\",\"inLanguage\":\"es\",\"@id\":\"https:\\\/\\\/tienda.fullermachinery.com\\\/index.php\\\/producto\\\/molino-de-carne-22\\\/#primaryimage\",\"url\":\"https:\\\/\\\/tienda.fullermachinery.com\\\/wp-content\\\/uploads\\\/2024\\\/07\\\/Molino-de-carne-22-1.png\",\"contentUrl\":\"https:\\\/\\\/tienda.fullermachinery.com\\\/wp-content\\\/uploads\\\/2024\\\/07\\\/Molino-de-carne-22-1.png\",\"width\":2000,\"height\":2000,\"caption\":\"El Molino de Carne de Cuchilla N\u00famero 22 es una herramienta imprescindible en entornos comerciales y de servicio de alimentos, dise\u00f1ado para ofrecer potencia, eficiencia y durabilidad en el procesamiento de carne. Con caracter\u00edsticas avanzadas y un dise\u00f1o robusto, este molino es una opci\u00f3n ideal para restaurantes, hoteles y otras industrias gastron\u00f3micas que requieren un rendimiento excepcional.\"},{\"@type\":\"BreadcrumbList\",\"@id\":\"https:\\\/\\\/tienda.fullermachinery.com\\\/index.php\\\/producto\\\/molino-de-carne-22\\\/#breadcrumb\",\"itemListElement\":[{\"@type\":\"ListItem\",\"position\":1,\"name\":\"Portada\",\"item\":\"https:\\\/\\\/tienda.fullermachinery.com\\\/\"},{\"@type\":\"ListItem\",\"position\":2,\"name\":\"Productos\",\"item\":\"https:\\\/\\\/tienda.fullermachinery.com\\\/index.php\\\/shop\\\/\"},{\"@type\":\"ListItem\",\"position\":3,\"name\":\"Molino de Carne #22 | Motor 850W | Alta Producci\u00f3n\"}]},{\"@type\":\"WebSite\",\"@id\":\"https:\\\/\\\/tienda.fullermachinery.com\\\/#website\",\"url\":\"https:\\\/\\\/tienda.fullermachinery.com\\\/\",\"name\":\"Fuller Machinery\",\"description\":\"Importaci\u00f3n y comercializaci\u00f3n de m\u00e1quinas industriales para el sector de alimentos\",\"publisher\":{\"@id\":\"https:\\\/\\\/tienda.fullermachinery.com\\\/#organization\"},\"potentialAction\":[{\"@type\":\"SearchAction\",\"target\":{\"@type\":\"EntryPoint\",\"urlTemplate\":\"https:\\\/\\\/tienda.fullermachinery.com\\\/?s={search_term_string}\"},\"query-input\":{\"@type\":\"PropertyValueSpecification\",\"valueRequired\":true,\"valueName\":\"search_term_string\"}}],\"inLanguage\":\"es\"},{\"@type\":\"Organization\",\"@id\":\"https:\\\/\\\/tienda.fullermachinery.com\\\/#organization\",\"name\":\"Fuller Machinery\",\"url\":\"https:\\\/\\\/tienda.fullermachinery.com\\\/\",\"logo\":{\"@type\":\"ImageObject\",\"inLanguage\":\"es\",\"@id\":\"https:\\\/\\\/tienda.fullermachinery.com\\\/#\\\/schema\\\/logo\\\/image\\\/\",\"url\":\"https:\\\/\\\/tienda.fullermachinery.com\\\/wp-content\\\/uploads\\\/2023\\\/08\\\/logo-fuller-transparente.png\",\"contentUrl\":\"https:\\\/\\\/tienda.fullermachinery.com\\\/wp-content\\\/uploads\\\/2023\\\/08\\\/logo-fuller-transparente.png\",\"width\":2208,\"height\":644,\"caption\":\"Fuller Machinery\"},\"image\":{\"@id\":\"https:\\\/\\\/tienda.fullermachinery.com\\\/#\\\/schema\\\/logo\\\/image\\\/\"}}]}<\/script>\n<!-- \/ Yoast SEO plugin. -->","yoast_head_json":{"title":"Molino de Carne #22 | Motor 850W | Alta Producci\u00f3n - Fuller Machinery","description":"Molino de Carne N\u00b022 | Motor 850W, cuchilla de acero, producci\u00f3n de 150 kg\/h | Ideal para restaurantes, carnicer\u00edas y cocina industrial | Alta potencia y durabilidad.","robots":{"index":"index","follow":"follow","max-snippet":"max-snippet:-1","max-image-preview":"max-image-preview:large","max-video-preview":"max-video-preview:-1"},"canonical":"https:\/\/tienda.fullermachinery.com\/index.php\/producto\/molino-de-carne-22\/","og_locale":"es_ES","og_type":"article","og_title":"Molino de Carne #22 | Motor 850W | Alta Producci\u00f3n - Fuller Machinery","og_description":"Molino de Carne N\u00b022 | Motor 850W, cuchilla de acero, producci\u00f3n de 150 kg\/h | Ideal para restaurantes, carnicer\u00edas y cocina industrial | Alta potencia y durabilidad.","og_url":"https:\/\/tienda.fullermachinery.com\/index.php\/producto\/molino-de-carne-22\/","og_site_name":"Fuller Machinery","article_modified_time":"2025-07-10T16:32:13+00:00","og_image":[{"width":2000,"height":2000,"url":"https:\/\/tienda.fullermachinery.com\/wp-content\/uploads\/2024\/07\/Molino-de-carne-22-1.png","type":"image\/png"}],"twitter_card":"summary_large_image","twitter_misc":{"Tiempo de lectura":"2 minutos"},"schema":{"@context":"https:\/\/schema.org","@graph":[{"@type":"WebPage","@id":"https:\/\/tienda.fullermachinery.com\/index.php\/producto\/molino-de-carne-22\/","url":"https:\/\/tienda.fullermachinery.com\/index.php\/producto\/molino-de-carne-22\/","name":"Molino de Carne #22 | Motor 850W | Alta Producci\u00f3n - Fuller Machinery","isPartOf":{"@id":"https:\/\/tienda.fullermachinery.com\/#website"},"primaryImageOfPage":{"@id":"https:\/\/tienda.fullermachinery.com\/index.php\/producto\/molino-de-carne-22\/#primaryimage"},"image":{"@id":"https:\/\/tienda.fullermachinery.com\/index.php\/producto\/molino-de-carne-22\/#primaryimage"},"thumbnailUrl":"https:\/\/tienda.fullermachinery.com\/wp-content\/uploads\/2024\/07\/Molino-de-carne-22-1.png","datePublished":"2024-07-17T22:54:06+00:00","dateModified":"2025-07-10T16:32:13+00:00","description":"Molino de Carne N\u00b022 | Motor 850W, cuchilla de acero, producci\u00f3n de 150 kg\/h | Ideal para restaurantes, carnicer\u00edas y cocina industrial | Alta potencia y durabilidad.","breadcrumb":{"@id":"https:\/\/tienda.fullermachinery.com\/index.php\/producto\/molino-de-carne-22\/#breadcrumb"},"inLanguage":"es","potentialAction":[{"@type":"ReadAction","target":["https:\/\/tienda.fullermachinery.com\/index.php\/producto\/molino-de-carne-22\/"]}]},{"@type":"ImageObject","inLanguage":"es","@id":"https:\/\/tienda.fullermachinery.com\/index.php\/producto\/molino-de-carne-22\/#primaryimage","url":"https:\/\/tienda.fullermachinery.com\/wp-content\/uploads\/2024\/07\/Molino-de-carne-22-1.png","contentUrl":"https:\/\/tienda.fullermachinery.com\/wp-content\/uploads\/2024\/07\/Molino-de-carne-22-1.png","width":2000,"height":2000,"caption":"El Molino de Carne de Cuchilla N\u00famero 22 es una herramienta imprescindible en entornos comerciales y de servicio de alimentos, dise\u00f1ado para ofrecer potencia, eficiencia y durabilidad en el procesamiento de carne. Con caracter\u00edsticas avanzadas y un dise\u00f1o robusto, este molino es una opci\u00f3n ideal para restaurantes, hoteles y otras industrias gastron\u00f3micas que requieren un rendimiento excepcional."},{"@type":"BreadcrumbList","@id":"https:\/\/tienda.fullermachinery.com\/index.php\/producto\/molino-de-carne-22\/#breadcrumb","itemListElement":[{"@type":"ListItem","position":1,"name":"Portada","item":"https:\/\/tienda.fullermachinery.com\/"},{"@type":"ListItem","position":2,"name":"Productos","item":"https:\/\/tienda.fullermachinery.com\/index.php\/shop\/"},{"@type":"ListItem","position":3,"name":"Molino de Carne #22 | Motor 850W | Alta Producci\u00f3n"}]},{"@type":"WebSite","@id":"https:\/\/tienda.fullermachinery.com\/#website","url":"https:\/\/tienda.fullermachinery.com\/","name":"Fuller Machinery","description":"Importaci\u00f3n y comercializaci\u00f3n de m\u00e1quinas industriales para el sector de alimentos","publisher":{"@id":"https:\/\/tienda.fullermachinery.com\/#organization"},"potentialAction":[{"@type":"SearchAction","target":{"@type":"EntryPoint","urlTemplate":"https:\/\/tienda.fullermachinery.com\/?s={search_term_string}"},"query-input":{"@type":"PropertyValueSpecification","valueRequired":true,"valueName":"search_term_string"}}],"inLanguage":"es"},{"@type":"Organization","@id":"https:\/\/tienda.fullermachinery.com\/#organization","name":"Fuller Machinery","url":"https:\/\/tienda.fullermachinery.com\/","logo":{"@type":"ImageObject","inLanguage":"es","@id":"https:\/\/tienda.fullermachinery.com\/#\/schema\/logo\/image\/","url":"https:\/\/tienda.fullermachinery.com\/wp-content\/uploads\/2023\/08\/logo-fuller-transparente.png","contentUrl":"https:\/\/tienda.fullermachinery.com\/wp-content\/uploads\/2023\/08\/logo-fuller-transparente.png","width":2208,"height":644,"caption":"Fuller Machinery"},"image":{"@id":"https:\/\/tienda.fullermachinery.com\/#\/schema\/logo\/image\/"}}]}},"jetpack_sharing_enabled":true,"_links":{"self":[{"href":"https:\/\/tienda.fullermachinery.com\/index.php\/wp-json\/wp\/v2\/product\/16739","targetHints":{"allow":["GET"]}}],"collection":[{"href":"https:\/\/tienda.fullermachinery.com\/index.php\/wp-json\/wp\/v2\/product"}],"about":[{"href":"https:\/\/tienda.fullermachinery.com\/index.php\/wp-json\/wp\/v2\/types\/product"}],"replies":[{"embeddable":true,"href":"https:\/\/tienda.fullermachinery.com\/index.php\/wp-json\/wp\/v2\/comments?post=16739"}],"version-history":[{"count":7,"href":"https:\/\/tienda.fullermachinery.com\/index.php\/wp-json\/wp\/v2\/product\/16739\/revisions"}],"predecessor-version":[{"id":18591,"href":"https:\/\/tienda.fullermachinery.com\/index.php\/wp-json\/wp\/v2\/product\/16739\/revisions\/18591"}],"wp:featuredmedia":[{"embeddable":true,"href":"https:\/\/tienda.fullermachinery.com\/index.php\/wp-json\/wp\/v2\/media\/16740"}],"wp:attachment":[{"href":"https:\/\/tienda.fullermachinery.com\/index.php\/wp-json\/wp\/v2\/media?parent=16739"}],"wp:term":[{"taxonomy":"product_brand","embeddable":true,"href":"https:\/\/tienda.fullermachinery.com\/index.php\/wp-json\/wp\/v2\/product_brand?post=16739"},{"taxonomy":"product_cat","embeddable":true,"href":"https:\/\/tienda.fullermachinery.com\/index.php\/wp-json\/wp\/v2\/product_cat?post=16739"},{"taxonomy":"product_tag","embeddable":true,"href":"https:\/\/tienda.fullermachinery.com\/index.php\/wp-json\/wp\/v2\/product_tag?post=16739"}],"curies":[{"name":"wp","href":"https:\/\/api.w.org\/{rel}","templated":true}]}}