{"id":16728,"date":"2024-07-17T17:43:42","date_gmt":"2024-07-17T22:43:42","guid":{"rendered":"https:\/\/tienda.fullermachinery.com\/?post_type=product&#038;p=16728"},"modified":"2025-07-10T08:52:53","modified_gmt":"2025-07-10T13:52:53","slug":"cortadora-de-pan-31-cuchillas","status":"publish","type":"product","link":"https:\/\/tienda.fullermachinery.com\/index.php\/producto\/cortadora-de-pan-31-cuchillas\/","title":{"rendered":"Cortadora Tajadora de Pan | 31 Cuchillas | Corte 12mm"},"content":{"rendered":"\t\t<div data-elementor-type=\"wp-post\" data-elementor-id=\"16728\" class=\"elementor elementor-16728\">\n\t\t\t\t\t\t<section class=\"elementor-section elementor-top-section elementor-element elementor-element-720e46e elementor-section-boxed elementor-section-height-default elementor-section-height-default wd-section-disabled\" data-id=\"720e46e\" data-element_type=\"section\" data-e-type=\"section\">\n\t\t\t\t\t\t<div class=\"elementor-container elementor-column-gap-default\">\n\t\t\t\t\t<div class=\"elementor-column elementor-col-100 elementor-top-column elementor-element elementor-element-c13c279\" data-id=\"c13c279\" data-element_type=\"column\" data-e-type=\"column\">\n\t\t\t<div class=\"elementor-widget-wrap elementor-element-populated\">\n\t\t\t\t\t\t<div class=\"elementor-element elementor-element-b5c49cf elementor-widget elementor-widget-wd_text_block\" data-id=\"b5c49cf\" data-element_type=\"widget\" data-e-type=\"widget\" data-widget_type=\"wd_text_block.default\">\n\t\t\t\t<div class=\"elementor-widget-container\">\n\t\t\t\t\t\t\t<div class=\"wd-text-block reset-last-child text-left\">\n\t\t\t\n\t\t\t<p data-start=\"587\" data-end=\"916\">La <strong data-start=\"590\" data-end=\"622\">Rebanadora de Pan Industrial<\/strong> es la aliada ideal para panader\u00edas, cafeter\u00edas, hoteles y negocios gastron\u00f3micos que necesitan un corte uniforme, r\u00e1pido y seguro de grandes vol\u00famenes de pan. Construida con materiales de alta calidad, esta m\u00e1quina combina robustez, precisi\u00f3n y practicidad para optimizar tu producci\u00f3n diaria.<\/p><p data-start=\"918\" data-end=\"951\"><strong data-start=\"918\" data-end=\"951\">\u2705 Caracter\u00edsticas Destacadas:<\/strong><\/p><ul data-start=\"953\" data-end=\"2124\"><li data-start=\"953\" data-end=\"1103\"><p data-start=\"955\" data-end=\"1103\"><strong data-start=\"955\" data-end=\"977\">Estructura S\u00f3lida:<\/strong> Base fabricada en acero inoxidable con un espesor de 12 mm, lo que asegura estabilidad y durabilidad incluso en uso continuo.<\/p><\/li><li data-start=\"1104\" data-end=\"1248\"><p data-start=\"1106\" data-end=\"1248\"><strong data-start=\"1106\" data-end=\"1124\">Corte Preciso:<\/strong> Equipada con <strong data-start=\"1138\" data-end=\"1172\">31 cuchillas de acero templado<\/strong>, gu\u00edas y tensores que garantizan un corte limpio y parejo en cada rebanada.<\/p><\/li><li data-start=\"1249\" data-end=\"1391\"><p data-start=\"1251\" data-end=\"1391\"><strong data-start=\"1251\" data-end=\"1272\">Espesor Uniforme:<\/strong> La separaci\u00f3n de las cuchillas es de <strong data-start=\"1310\" data-end=\"1319\">12 mm<\/strong>, logrando tajadas perfectas para satisfacer la demanda de tus clientes.<\/p><\/li><li data-start=\"1392\" data-end=\"1531\"><p data-start=\"1394\" data-end=\"1531\"><strong data-start=\"1394\" data-end=\"1423\">Funcionamiento Eficiente:<\/strong> Su sistema de ca\u00edda por gravedad facilita el paso del pan a trav\u00e9s de las cuchillas sin esfuerzo adicional.<\/p><\/li><li data-start=\"1532\" data-end=\"1629\"><p data-start=\"1534\" data-end=\"1629\"><strong data-start=\"1534\" data-end=\"1555\">Gu\u00edas Ajustables:<\/strong> Incorpora gu\u00edas para ajustar el tama\u00f1o de la tajada seg\u00fan el tipo de pan.<\/p><\/li><li data-start=\"1630\" data-end=\"1793\"><p data-start=\"1632\" data-end=\"1793\"><strong data-start=\"1632\" data-end=\"1665\">Bandejas en Acero Inoxidable:<\/strong> Tanto la bandeja de alimentaci\u00f3n como la de descarga est\u00e1n construidas en acero inoxidable para mayor higiene y f\u00e1cil limpieza.<\/p><\/li><li data-start=\"1794\" data-end=\"1931\"><p data-start=\"1796\" data-end=\"1931\"><strong data-start=\"1796\" data-end=\"1822\">Dimensiones Compactas:<\/strong> Con medidas de <strong data-start=\"1838\" data-end=\"1888\">65 cm de fondo, 74 cm de ancho y 78 cm de alto<\/strong>, ocupa poco espacio en tu \u00e1rea de trabajo.<\/p><\/li><li data-start=\"1932\" data-end=\"2056\"><p data-start=\"1934\" data-end=\"2056\"><strong data-start=\"1934\" data-end=\"1959\">Potencia y Seguridad:<\/strong> Alimentaci\u00f3n de 110V con motor de <strong data-start=\"1994\" data-end=\"2005\">0.37 kW<\/strong>, dise\u00f1ado para operar de forma constante y segura.<\/p><\/li><li data-start=\"2057\" data-end=\"2124\"><p data-start=\"2059\" data-end=\"2124\"><strong data-start=\"2059\" data-end=\"2068\">Peso:<\/strong> 67 kg que aportan estabilidad al equipo durante su uso.<\/p><\/li><\/ul><p data-start=\"2126\" data-end=\"2365\"><strong data-start=\"2126\" data-end=\"2150\">Aplicaci\u00f3n Vers\u00e1til:<\/strong><br data-start=\"2150\" data-end=\"2153\" \/>Perfecta para panader\u00edas, negocios de reposter\u00eda, hoteles y todo negocio que requiera una rebanadora de alto rendimiento para ofrecer pan perfectamente cortado, manteniendo la calidad y presentaci\u00f3n del producto.<\/p>\n\t\t\t\t\t<\/div>\n\t\t\t\t\t\t<\/div>\n\t\t\t\t<\/div>\n\t\t\t\t\t<\/div>\n\t\t<\/div>\n\t\t\t\t\t<\/div>\n\t\t<\/section>\n\t\t\t\t<\/div>\n\t\t","protected":false},"excerpt":{"rendered":"<ul data-start=\"2637\" data-end=\"3001\">\n<li data-start=\"2637\" data-end=\"2696\">\n<p data-start=\"2639\" data-end=\"2696\">31 cuchillas de acero templado con separaci\u00f3n de 12 mm.<\/p>\n<\/li>\n<li data-start=\"2697\" data-end=\"2757\">\n<p data-start=\"2699\" data-end=\"2757\">Base y bandejas en acero inoxidable para m\u00e1xima higiene.<\/p>\n<\/li>\n<li data-start=\"2758\" data-end=\"2823\">\n<p data-start=\"2760\" data-end=\"2823\">Sistema de corte por gravedad para operaci\u00f3n r\u00e1pida y segura.<\/p>\n<\/li>\n<li data-start=\"2824\" data-end=\"2888\">\n<p data-start=\"2826\" data-end=\"2888\">Gu\u00edas ajustables para personalizar el tama\u00f1o de la rebanada.<\/p>\n<\/li>\n<li data-start=\"2889\" data-end=\"2946\">\n<p data-start=\"2891\" data-end=\"2946\">Potencia: 0.37 kW | Alimentaci\u00f3n: 110V | Peso: 67 kg.<\/p>\n<\/li>\n<li data-start=\"2947\" data-end=\"3001\">\n<p data-start=\"2949\" data-end=\"3001\">Dimensiones: 65 cm fondo x 74 cm ancho x 78 cm alto.<\/p>\n<\/li>\n<\/ul>\n","protected":false},"featured_media":16729,"comment_status":"open","ping_status":"closed","template":"","meta":[],"product_brand":[],"product_cat":[140,229],"product_tag":[220,218,219],"class_list":{"0":"post-16728","1":"product","2":"type-product","3":"status-publish","4":"has-post-thumbnail","6":"product_cat-preparacion-de-alimentos","7":"product_cat-equipos-industriales-preparacion-de-alimentos","8":"product_tag-amasadora","9":"product_tag-amasadora-industrial","10":"product_tag-panaderia","12":"first","13":"instock","14":"featured","15":"shipping-taxable","16":"purchasable","17":"product-type-simple"},"yoast_head":"<!-- This site is optimized with the Yoast SEO plugin v27.3 - https:\/\/yoast.com\/product\/yoast-seo-wordpress\/ -->\n<title>Cortadora Tajadora de Pan | 31 Cuchillas | Corte 12mm - Fuller Machinery<\/title>\n<meta name=\"description\" content=\"Rebanadora de Pan Industrial de 31 cuchillas de acero templado. Corte uniforme de 12mm, gu\u00edas ajustables, base de acero inoxidable. Ideal para panader\u00edas y cafeter\u00edas.\" \/>\n<meta name=\"robots\" content=\"index, follow, max-snippet:-1, max-image-preview:large, max-video-preview:-1\" \/>\n<link rel=\"canonical\" href=\"https:\/\/tienda.fullermachinery.com\/index.php\/producto\/cortadora-de-pan-31-cuchillas\/\" \/>\n<meta property=\"og:locale\" content=\"es_ES\" \/>\n<meta property=\"og:type\" content=\"article\" \/>\n<meta property=\"og:title\" content=\"Cortadora Tajadora de Pan | 31 Cuchillas | Corte 12mm - Fuller Machinery\" \/>\n<meta property=\"og:description\" content=\"Rebanadora de Pan Industrial de 31 cuchillas de acero templado. Corte uniforme de 12mm, gu\u00edas ajustables, base de acero inoxidable. Ideal para panader\u00edas y cafeter\u00edas.\" \/>\n<meta property=\"og:url\" content=\"https:\/\/tienda.fullermachinery.com\/index.php\/producto\/cortadora-de-pan-31-cuchillas\/\" \/>\n<meta property=\"og:site_name\" content=\"Fuller Machinery\" \/>\n<meta property=\"article:modified_time\" content=\"2025-07-10T13:52:53+00:00\" \/>\n<meta property=\"og:image\" content=\"https:\/\/tienda.fullermachinery.com\/wp-content\/uploads\/2024\/07\/Cortadora-de-Pan-31-Cuchillas-1.png\" \/>\n\t<meta property=\"og:image:width\" content=\"2000\" \/>\n\t<meta property=\"og:image:height\" content=\"2000\" \/>\n\t<meta property=\"og:image:type\" content=\"image\/png\" \/>\n<meta name=\"twitter:card\" content=\"summary_large_image\" \/>\n<meta name=\"twitter:label1\" content=\"Tiempo de lectura\" \/>\n\t<meta name=\"twitter:data1\" content=\"2 minutos\" \/>\n<script type=\"application\/ld+json\" class=\"yoast-schema-graph\">{\"@context\":\"https:\\\/\\\/schema.org\",\"@graph\":[{\"@type\":\"WebPage\",\"@id\":\"https:\\\/\\\/tienda.fullermachinery.com\\\/index.php\\\/producto\\\/cortadora-de-pan-31-cuchillas\\\/\",\"url\":\"https:\\\/\\\/tienda.fullermachinery.com\\\/index.php\\\/producto\\\/cortadora-de-pan-31-cuchillas\\\/\",\"name\":\"Cortadora Tajadora de Pan | 31 Cuchillas | Corte 12mm - Fuller Machinery\",\"isPartOf\":{\"@id\":\"https:\\\/\\\/tienda.fullermachinery.com\\\/#website\"},\"primaryImageOfPage\":{\"@id\":\"https:\\\/\\\/tienda.fullermachinery.com\\\/index.php\\\/producto\\\/cortadora-de-pan-31-cuchillas\\\/#primaryimage\"},\"image\":{\"@id\":\"https:\\\/\\\/tienda.fullermachinery.com\\\/index.php\\\/producto\\\/cortadora-de-pan-31-cuchillas\\\/#primaryimage\"},\"thumbnailUrl\":\"https:\\\/\\\/tienda.fullermachinery.com\\\/wp-content\\\/uploads\\\/2024\\\/07\\\/Cortadora-de-Pan-31-Cuchillas-1.png\",\"datePublished\":\"2024-07-17T22:43:42+00:00\",\"dateModified\":\"2025-07-10T13:52:53+00:00\",\"description\":\"Rebanadora de Pan Industrial de 31 cuchillas de acero templado. Corte uniforme de 12mm, gu\u00edas ajustables, base de acero inoxidable. Ideal para panader\u00edas y cafeter\u00edas.\",\"breadcrumb\":{\"@id\":\"https:\\\/\\\/tienda.fullermachinery.com\\\/index.php\\\/producto\\\/cortadora-de-pan-31-cuchillas\\\/#breadcrumb\"},\"inLanguage\":\"es\",\"potentialAction\":[{\"@type\":\"ReadAction\",\"target\":[\"https:\\\/\\\/tienda.fullermachinery.com\\\/index.php\\\/producto\\\/cortadora-de-pan-31-cuchillas\\\/\"]}]},{\"@type\":\"ImageObject\",\"inLanguage\":\"es\",\"@id\":\"https:\\\/\\\/tienda.fullermachinery.com\\\/index.php\\\/producto\\\/cortadora-de-pan-31-cuchillas\\\/#primaryimage\",\"url\":\"https:\\\/\\\/tienda.fullermachinery.com\\\/wp-content\\\/uploads\\\/2024\\\/07\\\/Cortadora-de-Pan-31-Cuchillas-1.png\",\"contentUrl\":\"https:\\\/\\\/tienda.fullermachinery.com\\\/wp-content\\\/uploads\\\/2024\\\/07\\\/Cortadora-de-Pan-31-Cuchillas-1.png\",\"width\":2000,\"height\":2000,\"caption\":\"La cortadora tajadora de pan por gravedad de 31 cuchillas de 12mm de ancho es una m\u00e1quina dise\u00f1ada espec\u00edficamente para cortar rebanadas de pan de manera eficiente y uniforme. Consiste en una estructura robusta con cuchillas de acero templado dispuestas en serie, que permiten realizar cortes precisos y regulares en el pan. Su dise\u00f1o incluye bandejas de alimentaci\u00f3n y descarga en acero inoxidable, lo que facilita el proceso de manejo del pan y garantiza la higiene durante su uso.\"},{\"@type\":\"BreadcrumbList\",\"@id\":\"https:\\\/\\\/tienda.fullermachinery.com\\\/index.php\\\/producto\\\/cortadora-de-pan-31-cuchillas\\\/#breadcrumb\",\"itemListElement\":[{\"@type\":\"ListItem\",\"position\":1,\"name\":\"Portada\",\"item\":\"https:\\\/\\\/tienda.fullermachinery.com\\\/\"},{\"@type\":\"ListItem\",\"position\":2,\"name\":\"Productos\",\"item\":\"https:\\\/\\\/tienda.fullermachinery.com\\\/index.php\\\/shop\\\/\"},{\"@type\":\"ListItem\",\"position\":3,\"name\":\"Cortadora Tajadora de Pan | 31 Cuchillas | Corte 12mm\"}]},{\"@type\":\"WebSite\",\"@id\":\"https:\\\/\\\/tienda.fullermachinery.com\\\/#website\",\"url\":\"https:\\\/\\\/tienda.fullermachinery.com\\\/\",\"name\":\"Fuller Machinery\",\"description\":\"Importaci\u00f3n y comercializaci\u00f3n de m\u00e1quinas industriales para el sector de alimentos\",\"publisher\":{\"@id\":\"https:\\\/\\\/tienda.fullermachinery.com\\\/#organization\"},\"potentialAction\":[{\"@type\":\"SearchAction\",\"target\":{\"@type\":\"EntryPoint\",\"urlTemplate\":\"https:\\\/\\\/tienda.fullermachinery.com\\\/?s={search_term_string}\"},\"query-input\":{\"@type\":\"PropertyValueSpecification\",\"valueRequired\":true,\"valueName\":\"search_term_string\"}}],\"inLanguage\":\"es\"},{\"@type\":\"Organization\",\"@id\":\"https:\\\/\\\/tienda.fullermachinery.com\\\/#organization\",\"name\":\"Fuller Machinery\",\"url\":\"https:\\\/\\\/tienda.fullermachinery.com\\\/\",\"logo\":{\"@type\":\"ImageObject\",\"inLanguage\":\"es\",\"@id\":\"https:\\\/\\\/tienda.fullermachinery.com\\\/#\\\/schema\\\/logo\\\/image\\\/\",\"url\":\"https:\\\/\\\/tienda.fullermachinery.com\\\/wp-content\\\/uploads\\\/2023\\\/08\\\/logo-fuller-transparente.png\",\"contentUrl\":\"https:\\\/\\\/tienda.fullermachinery.com\\\/wp-content\\\/uploads\\\/2023\\\/08\\\/logo-fuller-transparente.png\",\"width\":2208,\"height\":644,\"caption\":\"Fuller Machinery\"},\"image\":{\"@id\":\"https:\\\/\\\/tienda.fullermachinery.com\\\/#\\\/schema\\\/logo\\\/image\\\/\"}}]}<\/script>\n<!-- \/ Yoast SEO plugin. -->","yoast_head_json":{"title":"Cortadora Tajadora de Pan | 31 Cuchillas | Corte 12mm - Fuller Machinery","description":"Rebanadora de Pan Industrial de 31 cuchillas de acero templado. Corte uniforme de 12mm, gu\u00edas ajustables, base de acero inoxidable. Ideal para panader\u00edas y cafeter\u00edas.","robots":{"index":"index","follow":"follow","max-snippet":"max-snippet:-1","max-image-preview":"max-image-preview:large","max-video-preview":"max-video-preview:-1"},"canonical":"https:\/\/tienda.fullermachinery.com\/index.php\/producto\/cortadora-de-pan-31-cuchillas\/","og_locale":"es_ES","og_type":"article","og_title":"Cortadora Tajadora de Pan | 31 Cuchillas | Corte 12mm - Fuller Machinery","og_description":"Rebanadora de Pan Industrial de 31 cuchillas de acero templado. Corte uniforme de 12mm, gu\u00edas ajustables, base de acero inoxidable. Ideal para panader\u00edas y cafeter\u00edas.","og_url":"https:\/\/tienda.fullermachinery.com\/index.php\/producto\/cortadora-de-pan-31-cuchillas\/","og_site_name":"Fuller Machinery","article_modified_time":"2025-07-10T13:52:53+00:00","og_image":[{"width":2000,"height":2000,"url":"https:\/\/tienda.fullermachinery.com\/wp-content\/uploads\/2024\/07\/Cortadora-de-Pan-31-Cuchillas-1.png","type":"image\/png"}],"twitter_card":"summary_large_image","twitter_misc":{"Tiempo de lectura":"2 minutos"},"schema":{"@context":"https:\/\/schema.org","@graph":[{"@type":"WebPage","@id":"https:\/\/tienda.fullermachinery.com\/index.php\/producto\/cortadora-de-pan-31-cuchillas\/","url":"https:\/\/tienda.fullermachinery.com\/index.php\/producto\/cortadora-de-pan-31-cuchillas\/","name":"Cortadora Tajadora de Pan | 31 Cuchillas | Corte 12mm - Fuller Machinery","isPartOf":{"@id":"https:\/\/tienda.fullermachinery.com\/#website"},"primaryImageOfPage":{"@id":"https:\/\/tienda.fullermachinery.com\/index.php\/producto\/cortadora-de-pan-31-cuchillas\/#primaryimage"},"image":{"@id":"https:\/\/tienda.fullermachinery.com\/index.php\/producto\/cortadora-de-pan-31-cuchillas\/#primaryimage"},"thumbnailUrl":"https:\/\/tienda.fullermachinery.com\/wp-content\/uploads\/2024\/07\/Cortadora-de-Pan-31-Cuchillas-1.png","datePublished":"2024-07-17T22:43:42+00:00","dateModified":"2025-07-10T13:52:53+00:00","description":"Rebanadora de Pan Industrial de 31 cuchillas de acero templado. Corte uniforme de 12mm, gu\u00edas ajustables, base de acero inoxidable. Ideal para panader\u00edas y cafeter\u00edas.","breadcrumb":{"@id":"https:\/\/tienda.fullermachinery.com\/index.php\/producto\/cortadora-de-pan-31-cuchillas\/#breadcrumb"},"inLanguage":"es","potentialAction":[{"@type":"ReadAction","target":["https:\/\/tienda.fullermachinery.com\/index.php\/producto\/cortadora-de-pan-31-cuchillas\/"]}]},{"@type":"ImageObject","inLanguage":"es","@id":"https:\/\/tienda.fullermachinery.com\/index.php\/producto\/cortadora-de-pan-31-cuchillas\/#primaryimage","url":"https:\/\/tienda.fullermachinery.com\/wp-content\/uploads\/2024\/07\/Cortadora-de-Pan-31-Cuchillas-1.png","contentUrl":"https:\/\/tienda.fullermachinery.com\/wp-content\/uploads\/2024\/07\/Cortadora-de-Pan-31-Cuchillas-1.png","width":2000,"height":2000,"caption":"La cortadora tajadora de pan por gravedad de 31 cuchillas de 12mm de ancho es una m\u00e1quina dise\u00f1ada espec\u00edficamente para cortar rebanadas de pan de manera eficiente y uniforme. Consiste en una estructura robusta con cuchillas de acero templado dispuestas en serie, que permiten realizar cortes precisos y regulares en el pan. Su dise\u00f1o incluye bandejas de alimentaci\u00f3n y descarga en acero inoxidable, lo que facilita el proceso de manejo del pan y garantiza la higiene durante su uso."},{"@type":"BreadcrumbList","@id":"https:\/\/tienda.fullermachinery.com\/index.php\/producto\/cortadora-de-pan-31-cuchillas\/#breadcrumb","itemListElement":[{"@type":"ListItem","position":1,"name":"Portada","item":"https:\/\/tienda.fullermachinery.com\/"},{"@type":"ListItem","position":2,"name":"Productos","item":"https:\/\/tienda.fullermachinery.com\/index.php\/shop\/"},{"@type":"ListItem","position":3,"name":"Cortadora Tajadora de Pan | 31 Cuchillas | Corte 12mm"}]},{"@type":"WebSite","@id":"https:\/\/tienda.fullermachinery.com\/#website","url":"https:\/\/tienda.fullermachinery.com\/","name":"Fuller Machinery","description":"Importaci\u00f3n y comercializaci\u00f3n de m\u00e1quinas industriales para el sector de alimentos","publisher":{"@id":"https:\/\/tienda.fullermachinery.com\/#organization"},"potentialAction":[{"@type":"SearchAction","target":{"@type":"EntryPoint","urlTemplate":"https:\/\/tienda.fullermachinery.com\/?s={search_term_string}"},"query-input":{"@type":"PropertyValueSpecification","valueRequired":true,"valueName":"search_term_string"}}],"inLanguage":"es"},{"@type":"Organization","@id":"https:\/\/tienda.fullermachinery.com\/#organization","name":"Fuller Machinery","url":"https:\/\/tienda.fullermachinery.com\/","logo":{"@type":"ImageObject","inLanguage":"es","@id":"https:\/\/tienda.fullermachinery.com\/#\/schema\/logo\/image\/","url":"https:\/\/tienda.fullermachinery.com\/wp-content\/uploads\/2023\/08\/logo-fuller-transparente.png","contentUrl":"https:\/\/tienda.fullermachinery.com\/wp-content\/uploads\/2023\/08\/logo-fuller-transparente.png","width":2208,"height":644,"caption":"Fuller Machinery"},"image":{"@id":"https:\/\/tienda.fullermachinery.com\/#\/schema\/logo\/image\/"}}]}},"jetpack_sharing_enabled":true,"_links":{"self":[{"href":"https:\/\/tienda.fullermachinery.com\/index.php\/wp-json\/wp\/v2\/product\/16728","targetHints":{"allow":["GET"]}}],"collection":[{"href":"https:\/\/tienda.fullermachinery.com\/index.php\/wp-json\/wp\/v2\/product"}],"about":[{"href":"https:\/\/tienda.fullermachinery.com\/index.php\/wp-json\/wp\/v2\/types\/product"}],"replies":[{"embeddable":true,"href":"https:\/\/tienda.fullermachinery.com\/index.php\/wp-json\/wp\/v2\/comments?post=16728"}],"version-history":[{"count":7,"href":"https:\/\/tienda.fullermachinery.com\/index.php\/wp-json\/wp\/v2\/product\/16728\/revisions"}],"predecessor-version":[{"id":18547,"href":"https:\/\/tienda.fullermachinery.com\/index.php\/wp-json\/wp\/v2\/product\/16728\/revisions\/18547"}],"wp:featuredmedia":[{"embeddable":true,"href":"https:\/\/tienda.fullermachinery.com\/index.php\/wp-json\/wp\/v2\/media\/16729"}],"wp:attachment":[{"href":"https:\/\/tienda.fullermachinery.com\/index.php\/wp-json\/wp\/v2\/media?parent=16728"}],"wp:term":[{"taxonomy":"product_brand","embeddable":true,"href":"https:\/\/tienda.fullermachinery.com\/index.php\/wp-json\/wp\/v2\/product_brand?post=16728"},{"taxonomy":"product_cat","embeddable":true,"href":"https:\/\/tienda.fullermachinery.com\/index.php\/wp-json\/wp\/v2\/product_cat?post=16728"},{"taxonomy":"product_tag","embeddable":true,"href":"https:\/\/tienda.fullermachinery.com\/index.php\/wp-json\/wp\/v2\/product_tag?post=16728"}],"curies":[{"name":"wp","href":"https:\/\/api.w.org\/{rel}","templated":true}]}}