{"id":16721,"date":"2024-07-17T17:36:00","date_gmt":"2024-07-17T22:36:00","guid":{"rendered":"https:\/\/tienda.fullermachinery.com\/?post_type=product&#038;p=16721"},"modified":"2026-03-09T16:32:29","modified_gmt":"2026-03-09T21:32:29","slug":"olla-a-presion-51-lt","status":"publish","type":"product","link":"https:\/\/tienda.fullermachinery.com\/index.php\/producto\/olla-a-presion-51-lt\/","title":{"rendered":"Olla a Presi\u00f3n Industrial 51 Litros | Acero Inoxidable | Alta Capacidad"},"content":{"rendered":"\t\t<div data-elementor-type=\"wp-post\" data-elementor-id=\"16721\" class=\"elementor elementor-16721\">\n\t\t\t\t\t\t<section class=\"elementor-section elementor-top-section elementor-element elementor-element-888a48e elementor-section-boxed elementor-section-height-default elementor-section-height-default wd-section-disabled\" data-id=\"888a48e\" data-element_type=\"section\" data-e-type=\"section\">\n\t\t\t\t\t\t<div class=\"elementor-container elementor-column-gap-default\">\n\t\t\t\t\t<div class=\"elementor-column elementor-col-100 elementor-top-column elementor-element elementor-element-cd1edc6\" data-id=\"cd1edc6\" data-element_type=\"column\" data-e-type=\"column\">\n\t\t\t<div class=\"elementor-widget-wrap elementor-element-populated\">\n\t\t\t\t\t\t<div class=\"elementor-element elementor-element-499ef96 elementor-widget elementor-widget-wd_text_block\" data-id=\"499ef96\" data-element_type=\"widget\" data-e-type=\"widget\" data-widget_type=\"wd_text_block.default\">\n\t\t\t\t<div class=\"elementor-widget-container\">\n\t\t\t\t\t\t\t<div class=\"wd-text-block reset-last-child text-left\">\n\t\t\t\n\t\t\t<p data-start=\"599\" data-end=\"829\">La <strong data-start=\"602\" data-end=\"644\">Olla a Presi\u00f3n Industrial de 51 Litros<\/strong> es la aliada perfecta para cocinas profesionales, restaurantes, hoteles y comedores industriales que requieren preparar grandes vol\u00famenes de comida de forma r\u00e1pida, eficiente y segura.<\/p><p data-start=\"831\" data-end=\"866\"><strong data-start=\"831\" data-end=\"866\">\ud83d\udd11 Caracter\u00edsticas Principales:<\/strong><\/p><p data-start=\"868\" data-end=\"1021\">\u2705 <strong data-start=\"870\" data-end=\"893\">Capacidad Generosa:<\/strong><br data-start=\"893\" data-end=\"896\" \/>Su capacidad de <strong data-start=\"912\" data-end=\"925\">51 litros<\/strong> te permite cocinar grandes lotes de sopas, guisos, carnes y m\u00e1s, optimizando tiempo y recursos.<\/p><p data-start=\"1023\" data-end=\"1200\">\u2705 <strong data-start=\"1025\" data-end=\"1053\">Construcci\u00f3n Resistente:<\/strong><br data-start=\"1053\" data-end=\"1056\" \/>Fabricada en <strong data-start=\"1069\" data-end=\"1105\">acero inoxidable de alta calidad<\/strong>, garantiza durabilidad, resistencia a la corrosi\u00f3n y m\u00e1xima higiene, ideal para uso intensivo.<\/p><p data-start=\"1202\" data-end=\"1385\">\u2705 <strong data-start=\"1204\" data-end=\"1225\">Dise\u00f1o Funcional:<\/strong><br data-start=\"1225\" data-end=\"1228\" \/>Con un di\u00e1metro de olla de 40 cm y medidas de equipo de 51 cm de ancho, 49 cm de largo y 56 cm de alto, ofrece espacio suficiente para una cocci\u00f3n eficiente.<\/p><p data-start=\"1387\" data-end=\"1607\">\u2705 <strong data-start=\"1389\" data-end=\"1420\">Cocci\u00f3n Eficiente y R\u00e1pida:<\/strong><br data-start=\"1420\" data-end=\"1423\" \/>Su presi\u00f3n de trabajo de <strong data-start=\"1448\" data-end=\"1458\">40 kpa<\/strong> permite elevar la temperatura de ebullici\u00f3n, logrando tiempos de cocci\u00f3n m\u00e1s cortos, mayor ahorro de energ\u00eda y conservaci\u00f3n de sabores y nutrientes.<\/p><p data-start=\"1609\" data-end=\"1772\">\u2705 <strong data-start=\"1611\" data-end=\"1628\">Uso Vers\u00e1til:<\/strong><br data-start=\"1628\" data-end=\"1631\" \/>No solo cuece: tambi\u00e9n permite <strong data-start=\"1662\" data-end=\"1715\">cocer al vapor, hervir, fre\u00edr y cocinar a presi\u00f3n<\/strong>, cubriendo m\u00faltiples necesidades en la cocina comercial.<\/p><p data-start=\"1774\" data-end=\"1939\">\u2705 <strong data-start=\"1776\" data-end=\"1802\">Seguridad Garantizada:<\/strong><br data-start=\"1802\" data-end=\"1805\" \/>Sistema de sellado robusto, estructura estable de <strong data-start=\"1855\" data-end=\"1864\">16 kg<\/strong> de peso y dise\u00f1o amigable con el medio ambiente para una operaci\u00f3n segura.<\/p>\n\t\t\t\t\t<\/div>\n\t\t\t\t\t\t<\/div>\n\t\t\t\t<\/div>\n\t\t\t\t\t<\/div>\n\t\t<\/div>\n\t\t\t\t\t<\/div>\n\t\t<\/section>\n\t\t\t\t<\/div>\n\t\t","protected":false},"excerpt":{"rendered":"<ul data-start=\"2214\" data-end=\"2536\">\n<li data-start=\"2214\" data-end=\"2253\">\n<p data-start=\"2216\" data-end=\"2253\">Capacidad: 51 litros | Peso: 16 kg.<\/p>\n<\/li>\n<li data-start=\"2254\" data-end=\"2304\">\n<p data-start=\"2256\" data-end=\"2304\">Fabricada en acero inoxidable de alta calidad.<\/p>\n<\/li>\n<li data-start=\"2305\" data-end=\"2356\">\n<p data-start=\"2307\" data-end=\"2356\">Presi\u00f3n de trabajo: 40 kpa para cocci\u00f3n r\u00e1pida.<\/p>\n<\/li>\n<li data-start=\"2357\" data-end=\"2409\">\n<p data-start=\"2359\" data-end=\"2409\">Multifuncional: cocinar, cocer al vapor y fre\u00edr.<\/p>\n<\/li>\n<li data-start=\"2410\" data-end=\"2466\">\n<p data-start=\"2412\" data-end=\"2466\">Dimensiones: 51 cm ancho x 49 cm largo x 56 cm alto.<\/p>\n<\/li>\n<li data-start=\"2467\" data-end=\"2536\">\n<p data-start=\"2469\" data-end=\"2536\">Ideal para restaurantes, buffets, hoteles y comedores industriales.<\/p>\n<\/li>\n<\/ul>\n","protected":false},"featured_media":16722,"comment_status":"open","ping_status":"closed","template":"","meta":[],"product_brand":[],"product_cat":[140,229],"product_tag":[220,218,219],"class_list":{"0":"post-16721","1":"product","2":"type-product","3":"status-publish","4":"has-post-thumbnail","6":"product_cat-preparacion-de-alimentos","7":"product_cat-equipos-industriales-preparacion-de-alimentos","8":"product_tag-amasadora","9":"product_tag-amasadora-industrial","10":"product_tag-panaderia","12":"first","13":"instock","14":"featured","15":"shipping-taxable","16":"purchasable","17":"product-type-simple"},"yoast_head":"<!-- This site is optimized with the Yoast SEO plugin v27.4 - https:\/\/yoast.com\/product\/yoast-seo-wordpress\/ -->\n<title>Olla a Presi\u00f3n Industrial 51 Litros | Acero Inoxidable | Alta Capacidad - Fuller Machinery<\/title>\n<meta name=\"description\" content=\"Olla a Presi\u00f3n Industrial de 51 litros en acero inoxidable. Alta capacidad, cocci\u00f3n r\u00e1pida y segura para restaurantes, hoteles y catering. Aumenta tu productividad en cocina profesional.\" \/>\n<meta name=\"robots\" content=\"index, follow, max-snippet:-1, max-image-preview:large, max-video-preview:-1\" \/>\n<link rel=\"canonical\" href=\"https:\/\/tienda.fullermachinery.com\/index.php\/producto\/olla-a-presion-51-lt\/\" \/>\n<meta property=\"og:locale\" content=\"es_ES\" \/>\n<meta property=\"og:type\" content=\"article\" \/>\n<meta property=\"og:title\" content=\"Olla a Presi\u00f3n Industrial 51 Litros | Acero Inoxidable | Alta Capacidad - Fuller Machinery\" \/>\n<meta property=\"og:description\" content=\"Olla a Presi\u00f3n Industrial de 51 litros en acero inoxidable. Alta capacidad, cocci\u00f3n r\u00e1pida y segura para restaurantes, hoteles y catering. Aumenta tu productividad en cocina profesional.\" \/>\n<meta property=\"og:url\" content=\"https:\/\/tienda.fullermachinery.com\/index.php\/producto\/olla-a-presion-51-lt\/\" \/>\n<meta property=\"og:site_name\" content=\"Fuller Machinery\" \/>\n<meta property=\"article:modified_time\" content=\"2026-03-09T21:32:29+00:00\" \/>\n<meta property=\"og:image\" content=\"https:\/\/tienda.fullermachinery.com\/wp-content\/uploads\/2024\/07\/Olla-a-presion-51Lt-4.png\" \/>\n\t<meta property=\"og:image:width\" content=\"2000\" \/>\n\t<meta property=\"og:image:height\" content=\"2000\" \/>\n\t<meta property=\"og:image:type\" content=\"image\/png\" \/>\n<meta name=\"twitter:card\" content=\"summary_large_image\" \/>\n<meta name=\"twitter:label1\" content=\"Tiempo de lectura\" \/>\n\t<meta name=\"twitter:data1\" content=\"2 minutos\" \/>\n<script type=\"application\/ld+json\" class=\"yoast-schema-graph\">{\"@context\":\"https:\\\/\\\/schema.org\",\"@graph\":[{\"@type\":\"WebPage\",\"@id\":\"https:\\\/\\\/tienda.fullermachinery.com\\\/index.php\\\/producto\\\/olla-a-presion-51-lt\\\/\",\"url\":\"https:\\\/\\\/tienda.fullermachinery.com\\\/index.php\\\/producto\\\/olla-a-presion-51-lt\\\/\",\"name\":\"Olla a Presi\u00f3n Industrial 51 Litros | Acero Inoxidable | Alta Capacidad - Fuller Machinery\",\"isPartOf\":{\"@id\":\"https:\\\/\\\/tienda.fullermachinery.com\\\/#website\"},\"primaryImageOfPage\":{\"@id\":\"https:\\\/\\\/tienda.fullermachinery.com\\\/index.php\\\/producto\\\/olla-a-presion-51-lt\\\/#primaryimage\"},\"image\":{\"@id\":\"https:\\\/\\\/tienda.fullermachinery.com\\\/index.php\\\/producto\\\/olla-a-presion-51-lt\\\/#primaryimage\"},\"thumbnailUrl\":\"https:\\\/\\\/tienda.fullermachinery.com\\\/wp-content\\\/uploads\\\/2024\\\/07\\\/Olla-a-presion-51Lt-4.png\",\"datePublished\":\"2024-07-17T22:36:00+00:00\",\"dateModified\":\"2026-03-09T21:32:29+00:00\",\"description\":\"Olla a Presi\u00f3n Industrial de 51 litros en acero inoxidable. Alta capacidad, cocci\u00f3n r\u00e1pida y segura para restaurantes, hoteles y catering. Aumenta tu productividad en cocina profesional.\",\"breadcrumb\":{\"@id\":\"https:\\\/\\\/tienda.fullermachinery.com\\\/index.php\\\/producto\\\/olla-a-presion-51-lt\\\/#breadcrumb\"},\"inLanguage\":\"es\",\"potentialAction\":[{\"@type\":\"ReadAction\",\"target\":[\"https:\\\/\\\/tienda.fullermachinery.com\\\/index.php\\\/producto\\\/olla-a-presion-51-lt\\\/\"]}]},{\"@type\":\"ImageObject\",\"inLanguage\":\"es\",\"@id\":\"https:\\\/\\\/tienda.fullermachinery.com\\\/index.php\\\/producto\\\/olla-a-presion-51-lt\\\/#primaryimage\",\"url\":\"https:\\\/\\\/tienda.fullermachinery.com\\\/wp-content\\\/uploads\\\/2024\\\/07\\\/Olla-a-presion-51Lt-4.png\",\"contentUrl\":\"https:\\\/\\\/tienda.fullermachinery.com\\\/wp-content\\\/uploads\\\/2024\\\/07\\\/Olla-a-presion-51Lt-4.png\",\"width\":2000,\"height\":2000,\"caption\":\"La Olla a Presi\u00f3n Industrial de 51 Litros es una herramienta indispensable en entornos comerciales y de servicio de alimentos, dise\u00f1ada para ofrecer eficiencia y versatilidad en la preparaci\u00f3n de una amplia gama de platos. Con una capacidad generosa de 51 litros y caracter\u00edsticas avanzadas, esta olla a presi\u00f3n es ideal para restaurantes, hoteles y otras industrias gastron\u00f3micas que requieren un rendimiento excepcional en la cocina.\"},{\"@type\":\"BreadcrumbList\",\"@id\":\"https:\\\/\\\/tienda.fullermachinery.com\\\/index.php\\\/producto\\\/olla-a-presion-51-lt\\\/#breadcrumb\",\"itemListElement\":[{\"@type\":\"ListItem\",\"position\":1,\"name\":\"Portada\",\"item\":\"https:\\\/\\\/tienda.fullermachinery.com\\\/\"},{\"@type\":\"ListItem\",\"position\":2,\"name\":\"Productos\",\"item\":\"https:\\\/\\\/tienda.fullermachinery.com\\\/index.php\\\/shop\\\/\"},{\"@type\":\"ListItem\",\"position\":3,\"name\":\"Olla a Presi\u00f3n Industrial 51 Litros | Acero Inoxidable | Alta Capacidad\"}]},{\"@type\":\"WebSite\",\"@id\":\"https:\\\/\\\/tienda.fullermachinery.com\\\/#website\",\"url\":\"https:\\\/\\\/tienda.fullermachinery.com\\\/\",\"name\":\"Fuller Machinery\",\"description\":\"Importaci\u00f3n y comercializaci\u00f3n de m\u00e1quinas industriales para el sector de alimentos\",\"publisher\":{\"@id\":\"https:\\\/\\\/tienda.fullermachinery.com\\\/#organization\"},\"potentialAction\":[{\"@type\":\"SearchAction\",\"target\":{\"@type\":\"EntryPoint\",\"urlTemplate\":\"https:\\\/\\\/tienda.fullermachinery.com\\\/?s={search_term_string}\"},\"query-input\":{\"@type\":\"PropertyValueSpecification\",\"valueRequired\":true,\"valueName\":\"search_term_string\"}}],\"inLanguage\":\"es\"},{\"@type\":\"Organization\",\"@id\":\"https:\\\/\\\/tienda.fullermachinery.com\\\/#organization\",\"name\":\"Fuller Machinery\",\"url\":\"https:\\\/\\\/tienda.fullermachinery.com\\\/\",\"logo\":{\"@type\":\"ImageObject\",\"inLanguage\":\"es\",\"@id\":\"https:\\\/\\\/tienda.fullermachinery.com\\\/#\\\/schema\\\/logo\\\/image\\\/\",\"url\":\"https:\\\/\\\/tienda.fullermachinery.com\\\/wp-content\\\/uploads\\\/2023\\\/08\\\/logo-fuller-transparente.png\",\"contentUrl\":\"https:\\\/\\\/tienda.fullermachinery.com\\\/wp-content\\\/uploads\\\/2023\\\/08\\\/logo-fuller-transparente.png\",\"width\":2208,\"height\":644,\"caption\":\"Fuller Machinery\"},\"image\":{\"@id\":\"https:\\\/\\\/tienda.fullermachinery.com\\\/#\\\/schema\\\/logo\\\/image\\\/\"}}]}<\/script>\n<!-- \/ Yoast SEO plugin. -->","yoast_head_json":{"title":"Olla a Presi\u00f3n Industrial 51 Litros | Acero Inoxidable | Alta Capacidad - Fuller Machinery","description":"Olla a Presi\u00f3n Industrial de 51 litros en acero inoxidable. Alta capacidad, cocci\u00f3n r\u00e1pida y segura para restaurantes, hoteles y catering. Aumenta tu productividad en cocina profesional.","robots":{"index":"index","follow":"follow","max-snippet":"max-snippet:-1","max-image-preview":"max-image-preview:large","max-video-preview":"max-video-preview:-1"},"canonical":"https:\/\/tienda.fullermachinery.com\/index.php\/producto\/olla-a-presion-51-lt\/","og_locale":"es_ES","og_type":"article","og_title":"Olla a Presi\u00f3n Industrial 51 Litros | Acero Inoxidable | Alta Capacidad - Fuller Machinery","og_description":"Olla a Presi\u00f3n Industrial de 51 litros en acero inoxidable. Alta capacidad, cocci\u00f3n r\u00e1pida y segura para restaurantes, hoteles y catering. Aumenta tu productividad en cocina profesional.","og_url":"https:\/\/tienda.fullermachinery.com\/index.php\/producto\/olla-a-presion-51-lt\/","og_site_name":"Fuller Machinery","article_modified_time":"2026-03-09T21:32:29+00:00","og_image":[{"width":2000,"height":2000,"url":"https:\/\/tienda.fullermachinery.com\/wp-content\/uploads\/2024\/07\/Olla-a-presion-51Lt-4.png","type":"image\/png"}],"twitter_card":"summary_large_image","twitter_misc":{"Tiempo de lectura":"2 minutos"},"schema":{"@context":"https:\/\/schema.org","@graph":[{"@type":"WebPage","@id":"https:\/\/tienda.fullermachinery.com\/index.php\/producto\/olla-a-presion-51-lt\/","url":"https:\/\/tienda.fullermachinery.com\/index.php\/producto\/olla-a-presion-51-lt\/","name":"Olla a Presi\u00f3n Industrial 51 Litros | Acero Inoxidable | Alta Capacidad - Fuller Machinery","isPartOf":{"@id":"https:\/\/tienda.fullermachinery.com\/#website"},"primaryImageOfPage":{"@id":"https:\/\/tienda.fullermachinery.com\/index.php\/producto\/olla-a-presion-51-lt\/#primaryimage"},"image":{"@id":"https:\/\/tienda.fullermachinery.com\/index.php\/producto\/olla-a-presion-51-lt\/#primaryimage"},"thumbnailUrl":"https:\/\/tienda.fullermachinery.com\/wp-content\/uploads\/2024\/07\/Olla-a-presion-51Lt-4.png","datePublished":"2024-07-17T22:36:00+00:00","dateModified":"2026-03-09T21:32:29+00:00","description":"Olla a Presi\u00f3n Industrial de 51 litros en acero inoxidable. Alta capacidad, cocci\u00f3n r\u00e1pida y segura para restaurantes, hoteles y catering. Aumenta tu productividad en cocina profesional.","breadcrumb":{"@id":"https:\/\/tienda.fullermachinery.com\/index.php\/producto\/olla-a-presion-51-lt\/#breadcrumb"},"inLanguage":"es","potentialAction":[{"@type":"ReadAction","target":["https:\/\/tienda.fullermachinery.com\/index.php\/producto\/olla-a-presion-51-lt\/"]}]},{"@type":"ImageObject","inLanguage":"es","@id":"https:\/\/tienda.fullermachinery.com\/index.php\/producto\/olla-a-presion-51-lt\/#primaryimage","url":"https:\/\/tienda.fullermachinery.com\/wp-content\/uploads\/2024\/07\/Olla-a-presion-51Lt-4.png","contentUrl":"https:\/\/tienda.fullermachinery.com\/wp-content\/uploads\/2024\/07\/Olla-a-presion-51Lt-4.png","width":2000,"height":2000,"caption":"La Olla a Presi\u00f3n Industrial de 51 Litros es una herramienta indispensable en entornos comerciales y de servicio de alimentos, dise\u00f1ada para ofrecer eficiencia y versatilidad en la preparaci\u00f3n de una amplia gama de platos. Con una capacidad generosa de 51 litros y caracter\u00edsticas avanzadas, esta olla a presi\u00f3n es ideal para restaurantes, hoteles y otras industrias gastron\u00f3micas que requieren un rendimiento excepcional en la cocina."},{"@type":"BreadcrumbList","@id":"https:\/\/tienda.fullermachinery.com\/index.php\/producto\/olla-a-presion-51-lt\/#breadcrumb","itemListElement":[{"@type":"ListItem","position":1,"name":"Portada","item":"https:\/\/tienda.fullermachinery.com\/"},{"@type":"ListItem","position":2,"name":"Productos","item":"https:\/\/tienda.fullermachinery.com\/index.php\/shop\/"},{"@type":"ListItem","position":3,"name":"Olla a Presi\u00f3n Industrial 51 Litros | Acero Inoxidable | Alta Capacidad"}]},{"@type":"WebSite","@id":"https:\/\/tienda.fullermachinery.com\/#website","url":"https:\/\/tienda.fullermachinery.com\/","name":"Fuller Machinery","description":"Importaci\u00f3n y comercializaci\u00f3n de m\u00e1quinas industriales para el sector de alimentos","publisher":{"@id":"https:\/\/tienda.fullermachinery.com\/#organization"},"potentialAction":[{"@type":"SearchAction","target":{"@type":"EntryPoint","urlTemplate":"https:\/\/tienda.fullermachinery.com\/?s={search_term_string}"},"query-input":{"@type":"PropertyValueSpecification","valueRequired":true,"valueName":"search_term_string"}}],"inLanguage":"es"},{"@type":"Organization","@id":"https:\/\/tienda.fullermachinery.com\/#organization","name":"Fuller Machinery","url":"https:\/\/tienda.fullermachinery.com\/","logo":{"@type":"ImageObject","inLanguage":"es","@id":"https:\/\/tienda.fullermachinery.com\/#\/schema\/logo\/image\/","url":"https:\/\/tienda.fullermachinery.com\/wp-content\/uploads\/2023\/08\/logo-fuller-transparente.png","contentUrl":"https:\/\/tienda.fullermachinery.com\/wp-content\/uploads\/2023\/08\/logo-fuller-transparente.png","width":2208,"height":644,"caption":"Fuller Machinery"},"image":{"@id":"https:\/\/tienda.fullermachinery.com\/#\/schema\/logo\/image\/"}}]}},"jetpack_sharing_enabled":true,"_links":{"self":[{"href":"https:\/\/tienda.fullermachinery.com\/index.php\/wp-json\/wp\/v2\/product\/16721","targetHints":{"allow":["GET"]}}],"collection":[{"href":"https:\/\/tienda.fullermachinery.com\/index.php\/wp-json\/wp\/v2\/product"}],"about":[{"href":"https:\/\/tienda.fullermachinery.com\/index.php\/wp-json\/wp\/v2\/types\/product"}],"replies":[{"embeddable":true,"href":"https:\/\/tienda.fullermachinery.com\/index.php\/wp-json\/wp\/v2\/comments?post=16721"}],"version-history":[{"count":7,"href":"https:\/\/tienda.fullermachinery.com\/index.php\/wp-json\/wp\/v2\/product\/16721\/revisions"}],"predecessor-version":[{"id":18593,"href":"https:\/\/tienda.fullermachinery.com\/index.php\/wp-json\/wp\/v2\/product\/16721\/revisions\/18593"}],"wp:featuredmedia":[{"embeddable":true,"href":"https:\/\/tienda.fullermachinery.com\/index.php\/wp-json\/wp\/v2\/media\/16722"}],"wp:attachment":[{"href":"https:\/\/tienda.fullermachinery.com\/index.php\/wp-json\/wp\/v2\/media?parent=16721"}],"wp:term":[{"taxonomy":"product_brand","embeddable":true,"href":"https:\/\/tienda.fullermachinery.com\/index.php\/wp-json\/wp\/v2\/product_brand?post=16721"},{"taxonomy":"product_cat","embeddable":true,"href":"https:\/\/tienda.fullermachinery.com\/index.php\/wp-json\/wp\/v2\/product_cat?post=16721"},{"taxonomy":"product_tag","embeddable":true,"href":"https:\/\/tienda.fullermachinery.com\/index.php\/wp-json\/wp\/v2\/product_tag?post=16721"}],"curies":[{"name":"wp","href":"https:\/\/api.w.org\/{rel}","templated":true}]}}