{"id":16713,"date":"2024-07-17T17:31:00","date_gmt":"2024-07-17T22:31:00","guid":{"rendered":"https:\/\/tienda.fullermachinery.com\/?post_type=product&#038;p=16713"},"modified":"2026-04-29T11:44:17","modified_gmt":"2026-04-29T16:44:17","slug":"sierra-de-hueso-y-carnes","status":"publish","type":"product","link":"https:\/\/tienda.fullermachinery.com\/index.php\/producto\/sierra-de-hueso-y-carnes\/","title":{"rendered":"SIERRA CORTADORA DE HUESOS PARA ALIMENTOS SIN FIN"},"content":{"rendered":"\t\t<div data-elementor-type=\"wp-post\" data-elementor-id=\"16713\" class=\"elementor elementor-16713\">\n\t\t\t\t\t\t<section class=\"elementor-section elementor-top-section elementor-element elementor-element-294988e elementor-section-boxed elementor-section-height-default elementor-section-height-default wd-section-disabled\" data-id=\"294988e\" data-element_type=\"section\" data-e-type=\"section\">\n\t\t\t\t\t\t<div class=\"elementor-container elementor-column-gap-default\">\n\t\t\t\t\t<div class=\"elementor-column elementor-col-100 elementor-top-column elementor-element elementor-element-d9bf02b\" data-id=\"d9bf02b\" data-element_type=\"column\" data-e-type=\"column\">\n\t\t\t<div class=\"elementor-widget-wrap elementor-element-populated\">\n\t\t\t\t\t\t<div class=\"elementor-element elementor-element-74fa2e0 elementor-widget elementor-widget-wd_text_block\" data-id=\"74fa2e0\" data-element_type=\"widget\" data-e-type=\"widget\" data-widget_type=\"wd_text_block.default\">\n\t\t\t\t<div class=\"elementor-widget-container\">\n\t\t\t\t\t\t\t<div class=\"wd-text-block reset-last-child text-left\">\n\t\t\t\n\t\t\t<p data-start=\"150\" data-end=\"378\">La\u00a0 <strong data-start=\"180\" data-end=\"210\">Sierra Cortadora de Huesos<\/strong> es un equipo indispensable para carnicer\u00edas, restaurantes y negocios de procesamiento de alimentos que requieren cortes precisos, r\u00e1pidos y seguros en carne con hueso.<\/p><p data-start=\"380\" data-end=\"653\">Equipada con un motor de <strong data-start=\"405\" data-end=\"421\">750W (5 AMP)<\/strong>, ofrece la potencia necesaria para trabajar de forma continua, permitiendo cortar piezas grandes con facilidad. Su capacidad de corte alcanza hasta <strong data-start=\"570\" data-end=\"614\">9-7\/8\u201d de ancho y 9-7\/16\u201d de profundidad<\/strong>, ideal para diferentes tipos de carne.<\/p><p data-start=\"655\" data-end=\"795\">Incorpora una <strong data-start=\"669\" data-end=\"695\">banda de corte sin fin<\/strong>, que garantiza cortes uniformes y precisos, optimizando el rendimiento y reduciendo el desperdicio.<\/p><p data-start=\"797\" data-end=\"940\">Adem\u00e1s, cuenta con mesa de trabajo amplia y estructura robusta que brinda estabilidad durante la operaci\u00f3n, facilitando el manejo del producto.<\/p><p data-start=\"942\" data-end=\"1070\">Como valor agregado, incluye accesorio para embutido, ampliando su funcionalidad dentro del proceso de preparaci\u00f3n de alimentos.<\/p><h3 data-section-id=\"tcr4w1\" data-start=\"1072\" data-end=\"1107\">\ud83d\udd27 Caracter\u00edsticas principales:<\/h3><ul data-start=\"1108\" data-end=\"1526\"><li data-section-id=\"1ayr24c\" data-start=\"1108\" data-end=\"1126\">Potencia: 750W<\/li><li data-section-id=\"d5tpo0\" data-start=\"1127\" data-end=\"1143\">Motor: 5 AMP<\/li><li data-section-id=\"1buaf6a\" data-start=\"1144\" data-end=\"1177\">Tipo: sierra de banda sin fin<\/li><li data-section-id=\"y9fzb5\" data-start=\"1178\" data-end=\"1211\">Ancho m\u00e1ximo de corte: 9-7\/8\u201d<\/li><li data-section-id=\"8pgybr\" data-start=\"1212\" data-end=\"1252\">Profundidad m\u00e1xima de corte: 9-7\/16\u201d<\/li><li data-section-id=\"14pgpfc\" data-start=\"1253\" data-end=\"1292\">Tama\u00f1o de banda: 82\u201d (L) \u00d7 5\/8\u201d (W)<\/li><li data-section-id=\"9naqkl\" data-start=\"1293\" data-end=\"1325\">Espesor de corte: 4 \u2013 210 mm<\/li><li data-section-id=\"jmxgue\" data-start=\"1326\" data-end=\"1355\">Di\u00e1metro de corte: 250 mm<\/li><li data-section-id=\"vq7dfh\" data-start=\"1356\" data-end=\"1397\">Dimensiones de la mesa: 18.5\u201d \u00d7 23.5\u201d<\/li><li data-section-id=\"1bl4bw9\" data-start=\"1398\" data-end=\"1433\">Tama\u00f1o de tabla: 46.5 \u00d7 59.5 cm<\/li><li data-section-id=\"11bioyb\" data-start=\"1434\" data-end=\"1478\">Dimensiones del equipo: 40 \u00d7 40 \u00d7 120 cm<\/li><li data-section-id=\"sbgy9i\" data-start=\"1479\" data-end=\"1494\">Peso: 45 kg<\/li><li data-section-id=\"1ap5bha\" data-start=\"1495\" data-end=\"1526\">Incluye accesorio embutidor<\/li><\/ul><h3 data-section-id=\"13uagx5\" data-start=\"1528\" data-end=\"1552\">\ud83d\ude80 Beneficios clave:<\/h3><ul data-start=\"1553\" data-end=\"1766\"><li data-section-id=\"1h7oed9\" data-start=\"1553\" data-end=\"1588\">Cortes precisos y uniformes<\/li><li data-section-id=\"1rb7jjn\" data-start=\"1589\" data-end=\"1632\">Alta potencia para trabajo continuo<\/li><li data-section-id=\"io981c\" data-start=\"1633\" data-end=\"1671\">Reduce desperdicio de producto<\/li><li data-section-id=\"1fkgln\" data-start=\"1672\" data-end=\"1709\">Mayor seguridad y estabilidad<\/li><li data-section-id=\"1thjigv\" data-start=\"1710\" data-end=\"1766\"><strong data-start=\"1712\" data-end=\"1729\">Versatilidad:<\/strong> corte y embutido en un solo equipo<\/li><\/ul>\n\t\t\t\t\t<\/div>\n\t\t\t\t\t\t<\/div>\n\t\t\t\t<\/div>\n\t\t\t\t\t<\/div>\n\t\t<\/div>\n\t\t\t\t\t<\/div>\n\t\t<\/section>\n\t\t\t\t<\/div>\n\t\t","protected":false},"excerpt":{"rendered":"<p>Sierra cortadora de huesos con banda sin fin y motor de 750W. Ideal para cortes precisos en carnicer\u00edas y procesamiento de alimentos.<\/p>\n<p>&nbsp;<\/p>\n<p>&nbsp;<\/p>\n","protected":false},"featured_media":16714,"comment_status":"open","ping_status":"closed","template":"","meta":[],"product_brand":[],"product_cat":[140,229],"product_tag":[220,218,219],"class_list":{"0":"post-16713","1":"product","2":"type-product","3":"status-publish","4":"has-post-thumbnail","6":"product_cat-preparacion-de-alimentos","7":"product_cat-equipos-industriales-preparacion-de-alimentos","8":"product_tag-amasadora","9":"product_tag-amasadora-industrial","10":"product_tag-panaderia","12":"first","13":"outofstock","14":"featured","15":"shipping-taxable","16":"purchasable","17":"product-type-simple"},"yoast_head":"<!-- This site is optimized with the Yoast SEO plugin v27.5 - https:\/\/yoast.com\/product\/yoast-seo-wordpress\/ -->\n<title>SIERRA CORTADORA DE HUESOS PARA ALIMENTOS SIN FIN - Fuller Machinery<\/title>\n<meta name=\"description\" content=\"Sierra cortadora de huesos industrial con banda sin fin y alta potencia. Ideal para carnicer\u00edas y procesamiento de carne.\" \/>\n<meta name=\"robots\" content=\"index, follow, max-snippet:-1, max-image-preview:large, max-video-preview:-1\" \/>\n<link rel=\"canonical\" href=\"https:\/\/tienda.fullermachinery.com\/index.php\/producto\/sierra-de-hueso-y-carnes\/\" \/>\n<meta property=\"og:locale\" content=\"es_ES\" \/>\n<meta property=\"og:type\" content=\"article\" \/>\n<meta property=\"og:title\" content=\"SIERRA CORTADORA DE HUESOS PARA ALIMENTOS SIN FIN - Fuller Machinery\" \/>\n<meta property=\"og:description\" content=\"Sierra cortadora de huesos industrial con banda sin fin y alta potencia. Ideal para carnicer\u00edas y procesamiento de carne.\" \/>\n<meta property=\"og:url\" content=\"https:\/\/tienda.fullermachinery.com\/index.php\/producto\/sierra-de-hueso-y-carnes\/\" \/>\n<meta property=\"og:site_name\" content=\"Fuller Machinery\" \/>\n<meta property=\"article:modified_time\" content=\"2026-04-29T16:44:17+00:00\" \/>\n<meta property=\"og:image\" content=\"https:\/\/tienda.fullermachinery.com\/wp-content\/uploads\/2024\/07\/Sierra-de-hueso-y-carnes-1.png\" \/>\n\t<meta property=\"og:image:width\" content=\"2000\" \/>\n\t<meta property=\"og:image:height\" content=\"2000\" \/>\n\t<meta property=\"og:image:type\" content=\"image\/png\" \/>\n<meta name=\"twitter:card\" content=\"summary_large_image\" \/>\n<meta name=\"twitter:label1\" content=\"Tiempo de lectura\" \/>\n\t<meta name=\"twitter:data1\" content=\"2 minutos\" \/>\n<script type=\"application\/ld+json\" class=\"yoast-schema-graph\">{\"@context\":\"https:\\\/\\\/schema.org\",\"@graph\":[{\"@type\":\"WebPage\",\"@id\":\"https:\\\/\\\/tienda.fullermachinery.com\\\/index.php\\\/producto\\\/sierra-de-hueso-y-carnes\\\/\",\"url\":\"https:\\\/\\\/tienda.fullermachinery.com\\\/index.php\\\/producto\\\/sierra-de-hueso-y-carnes\\\/\",\"name\":\"SIERRA CORTADORA DE HUESOS PARA ALIMENTOS SIN FIN - Fuller Machinery\",\"isPartOf\":{\"@id\":\"https:\\\/\\\/tienda.fullermachinery.com\\\/#website\"},\"primaryImageOfPage\":{\"@id\":\"https:\\\/\\\/tienda.fullermachinery.com\\\/index.php\\\/producto\\\/sierra-de-hueso-y-carnes\\\/#primaryimage\"},\"image\":{\"@id\":\"https:\\\/\\\/tienda.fullermachinery.com\\\/index.php\\\/producto\\\/sierra-de-hueso-y-carnes\\\/#primaryimage\"},\"thumbnailUrl\":\"https:\\\/\\\/tienda.fullermachinery.com\\\/wp-content\\\/uploads\\\/2024\\\/07\\\/Sierra-de-hueso-y-carnes-1.png\",\"datePublished\":\"2024-07-17T22:31:00+00:00\",\"dateModified\":\"2026-04-29T16:44:17+00:00\",\"description\":\"Sierra cortadora de huesos industrial con banda sin fin y alta potencia. Ideal para carnicer\u00edas y procesamiento de carne.\",\"breadcrumb\":{\"@id\":\"https:\\\/\\\/tienda.fullermachinery.com\\\/index.php\\\/producto\\\/sierra-de-hueso-y-carnes\\\/#breadcrumb\"},\"inLanguage\":\"es\",\"potentialAction\":[{\"@type\":\"ReadAction\",\"target\":[\"https:\\\/\\\/tienda.fullermachinery.com\\\/index.php\\\/producto\\\/sierra-de-hueso-y-carnes\\\/\"]}]},{\"@type\":\"ImageObject\",\"inLanguage\":\"es\",\"@id\":\"https:\\\/\\\/tienda.fullermachinery.com\\\/index.php\\\/producto\\\/sierra-de-hueso-y-carnes\\\/#primaryimage\",\"url\":\"https:\\\/\\\/tienda.fullermachinery.com\\\/wp-content\\\/uploads\\\/2024\\\/07\\\/Sierra-de-hueso-y-carnes-1.png\",\"contentUrl\":\"https:\\\/\\\/tienda.fullermachinery.com\\\/wp-content\\\/uploads\\\/2024\\\/07\\\/Sierra-de-hueso-y-carnes-1.png\",\"width\":2000,\"height\":2000,\"caption\":\"Una sierra para hueso con molino es una m\u00e1quina dise\u00f1ada para realizar cortes precisos en huesos duros, as\u00ed como en otros productos c\u00e1rnicos, y al mismo tiempo, ofrece la capacidad de moler carne fresca. Esta herramienta combina la funcionalidad de una sierra de corte con la capacidad de moler carne, lo que la convierte en una soluci\u00f3n vers\u00e1til para la industria alimentaria.\"},{\"@type\":\"BreadcrumbList\",\"@id\":\"https:\\\/\\\/tienda.fullermachinery.com\\\/index.php\\\/producto\\\/sierra-de-hueso-y-carnes\\\/#breadcrumb\",\"itemListElement\":[{\"@type\":\"ListItem\",\"position\":1,\"name\":\"Portada\",\"item\":\"https:\\\/\\\/tienda.fullermachinery.com\\\/\"},{\"@type\":\"ListItem\",\"position\":2,\"name\":\"Productos\",\"item\":\"https:\\\/\\\/tienda.fullermachinery.com\\\/index.php\\\/shop\\\/\"},{\"@type\":\"ListItem\",\"position\":3,\"name\":\"SIERRA CORTADORA DE HUESOS PARA ALIMENTOS SIN FIN\"}]},{\"@type\":\"WebSite\",\"@id\":\"https:\\\/\\\/tienda.fullermachinery.com\\\/#website\",\"url\":\"https:\\\/\\\/tienda.fullermachinery.com\\\/\",\"name\":\"Fuller Machinery\",\"description\":\"Importaci\u00f3n y comercializaci\u00f3n de m\u00e1quinas industriales para el sector de alimentos\",\"publisher\":{\"@id\":\"https:\\\/\\\/tienda.fullermachinery.com\\\/#organization\"},\"potentialAction\":[{\"@type\":\"SearchAction\",\"target\":{\"@type\":\"EntryPoint\",\"urlTemplate\":\"https:\\\/\\\/tienda.fullermachinery.com\\\/?s={search_term_string}\"},\"query-input\":{\"@type\":\"PropertyValueSpecification\",\"valueRequired\":true,\"valueName\":\"search_term_string\"}}],\"inLanguage\":\"es\"},{\"@type\":\"Organization\",\"@id\":\"https:\\\/\\\/tienda.fullermachinery.com\\\/#organization\",\"name\":\"Fuller Machinery\",\"url\":\"https:\\\/\\\/tienda.fullermachinery.com\\\/\",\"logo\":{\"@type\":\"ImageObject\",\"inLanguage\":\"es\",\"@id\":\"https:\\\/\\\/tienda.fullermachinery.com\\\/#\\\/schema\\\/logo\\\/image\\\/\",\"url\":\"https:\\\/\\\/tienda.fullermachinery.com\\\/wp-content\\\/uploads\\\/2023\\\/08\\\/logo-fuller-transparente.png\",\"contentUrl\":\"https:\\\/\\\/tienda.fullermachinery.com\\\/wp-content\\\/uploads\\\/2023\\\/08\\\/logo-fuller-transparente.png\",\"width\":2208,\"height\":644,\"caption\":\"Fuller Machinery\"},\"image\":{\"@id\":\"https:\\\/\\\/tienda.fullermachinery.com\\\/#\\\/schema\\\/logo\\\/image\\\/\"}}]}<\/script>\n<!-- \/ Yoast SEO plugin. -->","yoast_head_json":{"title":"SIERRA CORTADORA DE HUESOS PARA ALIMENTOS SIN FIN - Fuller Machinery","description":"Sierra cortadora de huesos industrial con banda sin fin y alta potencia. Ideal para carnicer\u00edas y procesamiento de carne.","robots":{"index":"index","follow":"follow","max-snippet":"max-snippet:-1","max-image-preview":"max-image-preview:large","max-video-preview":"max-video-preview:-1"},"canonical":"https:\/\/tienda.fullermachinery.com\/index.php\/producto\/sierra-de-hueso-y-carnes\/","og_locale":"es_ES","og_type":"article","og_title":"SIERRA CORTADORA DE HUESOS PARA ALIMENTOS SIN FIN - Fuller Machinery","og_description":"Sierra cortadora de huesos industrial con banda sin fin y alta potencia. Ideal para carnicer\u00edas y procesamiento de carne.","og_url":"https:\/\/tienda.fullermachinery.com\/index.php\/producto\/sierra-de-hueso-y-carnes\/","og_site_name":"Fuller Machinery","article_modified_time":"2026-04-29T16:44:17+00:00","og_image":[{"width":2000,"height":2000,"url":"https:\/\/tienda.fullermachinery.com\/wp-content\/uploads\/2024\/07\/Sierra-de-hueso-y-carnes-1.png","type":"image\/png"}],"twitter_card":"summary_large_image","twitter_misc":{"Tiempo de lectura":"2 minutos"},"schema":{"@context":"https:\/\/schema.org","@graph":[{"@type":"WebPage","@id":"https:\/\/tienda.fullermachinery.com\/index.php\/producto\/sierra-de-hueso-y-carnes\/","url":"https:\/\/tienda.fullermachinery.com\/index.php\/producto\/sierra-de-hueso-y-carnes\/","name":"SIERRA CORTADORA DE HUESOS PARA ALIMENTOS SIN FIN - Fuller Machinery","isPartOf":{"@id":"https:\/\/tienda.fullermachinery.com\/#website"},"primaryImageOfPage":{"@id":"https:\/\/tienda.fullermachinery.com\/index.php\/producto\/sierra-de-hueso-y-carnes\/#primaryimage"},"image":{"@id":"https:\/\/tienda.fullermachinery.com\/index.php\/producto\/sierra-de-hueso-y-carnes\/#primaryimage"},"thumbnailUrl":"https:\/\/tienda.fullermachinery.com\/wp-content\/uploads\/2024\/07\/Sierra-de-hueso-y-carnes-1.png","datePublished":"2024-07-17T22:31:00+00:00","dateModified":"2026-04-29T16:44:17+00:00","description":"Sierra cortadora de huesos industrial con banda sin fin y alta potencia. Ideal para carnicer\u00edas y procesamiento de carne.","breadcrumb":{"@id":"https:\/\/tienda.fullermachinery.com\/index.php\/producto\/sierra-de-hueso-y-carnes\/#breadcrumb"},"inLanguage":"es","potentialAction":[{"@type":"ReadAction","target":["https:\/\/tienda.fullermachinery.com\/index.php\/producto\/sierra-de-hueso-y-carnes\/"]}]},{"@type":"ImageObject","inLanguage":"es","@id":"https:\/\/tienda.fullermachinery.com\/index.php\/producto\/sierra-de-hueso-y-carnes\/#primaryimage","url":"https:\/\/tienda.fullermachinery.com\/wp-content\/uploads\/2024\/07\/Sierra-de-hueso-y-carnes-1.png","contentUrl":"https:\/\/tienda.fullermachinery.com\/wp-content\/uploads\/2024\/07\/Sierra-de-hueso-y-carnes-1.png","width":2000,"height":2000,"caption":"Una sierra para hueso con molino es una m\u00e1quina dise\u00f1ada para realizar cortes precisos en huesos duros, as\u00ed como en otros productos c\u00e1rnicos, y al mismo tiempo, ofrece la capacidad de moler carne fresca. Esta herramienta combina la funcionalidad de una sierra de corte con la capacidad de moler carne, lo que la convierte en una soluci\u00f3n vers\u00e1til para la industria alimentaria."},{"@type":"BreadcrumbList","@id":"https:\/\/tienda.fullermachinery.com\/index.php\/producto\/sierra-de-hueso-y-carnes\/#breadcrumb","itemListElement":[{"@type":"ListItem","position":1,"name":"Portada","item":"https:\/\/tienda.fullermachinery.com\/"},{"@type":"ListItem","position":2,"name":"Productos","item":"https:\/\/tienda.fullermachinery.com\/index.php\/shop\/"},{"@type":"ListItem","position":3,"name":"SIERRA CORTADORA DE HUESOS PARA ALIMENTOS SIN FIN"}]},{"@type":"WebSite","@id":"https:\/\/tienda.fullermachinery.com\/#website","url":"https:\/\/tienda.fullermachinery.com\/","name":"Fuller Machinery","description":"Importaci\u00f3n y comercializaci\u00f3n de m\u00e1quinas industriales para el sector de alimentos","publisher":{"@id":"https:\/\/tienda.fullermachinery.com\/#organization"},"potentialAction":[{"@type":"SearchAction","target":{"@type":"EntryPoint","urlTemplate":"https:\/\/tienda.fullermachinery.com\/?s={search_term_string}"},"query-input":{"@type":"PropertyValueSpecification","valueRequired":true,"valueName":"search_term_string"}}],"inLanguage":"es"},{"@type":"Organization","@id":"https:\/\/tienda.fullermachinery.com\/#organization","name":"Fuller Machinery","url":"https:\/\/tienda.fullermachinery.com\/","logo":{"@type":"ImageObject","inLanguage":"es","@id":"https:\/\/tienda.fullermachinery.com\/#\/schema\/logo\/image\/","url":"https:\/\/tienda.fullermachinery.com\/wp-content\/uploads\/2023\/08\/logo-fuller-transparente.png","contentUrl":"https:\/\/tienda.fullermachinery.com\/wp-content\/uploads\/2023\/08\/logo-fuller-transparente.png","width":2208,"height":644,"caption":"Fuller Machinery"},"image":{"@id":"https:\/\/tienda.fullermachinery.com\/#\/schema\/logo\/image\/"}}]}},"jetpack_sharing_enabled":true,"_links":{"self":[{"href":"https:\/\/tienda.fullermachinery.com\/index.php\/wp-json\/wp\/v2\/product\/16713","targetHints":{"allow":["GET"]}}],"collection":[{"href":"https:\/\/tienda.fullermachinery.com\/index.php\/wp-json\/wp\/v2\/product"}],"about":[{"href":"https:\/\/tienda.fullermachinery.com\/index.php\/wp-json\/wp\/v2\/types\/product"}],"replies":[{"embeddable":true,"href":"https:\/\/tienda.fullermachinery.com\/index.php\/wp-json\/wp\/v2\/comments?post=16713"}],"version-history":[{"count":5,"href":"https:\/\/tienda.fullermachinery.com\/index.php\/wp-json\/wp\/v2\/product\/16713\/revisions"}],"predecessor-version":[{"id":19189,"href":"https:\/\/tienda.fullermachinery.com\/index.php\/wp-json\/wp\/v2\/product\/16713\/revisions\/19189"}],"wp:featuredmedia":[{"embeddable":true,"href":"https:\/\/tienda.fullermachinery.com\/index.php\/wp-json\/wp\/v2\/media\/16714"}],"wp:attachment":[{"href":"https:\/\/tienda.fullermachinery.com\/index.php\/wp-json\/wp\/v2\/media?parent=16713"}],"wp:term":[{"taxonomy":"product_brand","embeddable":true,"href":"https:\/\/tienda.fullermachinery.com\/index.php\/wp-json\/wp\/v2\/product_brand?post=16713"},{"taxonomy":"product_cat","embeddable":true,"href":"https:\/\/tienda.fullermachinery.com\/index.php\/wp-json\/wp\/v2\/product_cat?post=16713"},{"taxonomy":"product_tag","embeddable":true,"href":"https:\/\/tienda.fullermachinery.com\/index.php\/wp-json\/wp\/v2\/product_tag?post=16713"}],"curies":[{"name":"wp","href":"https:\/\/api.w.org\/{rel}","templated":true}]}}