{"id":16687,"date":"2024-07-17T17:04:19","date_gmt":"2024-07-17T22:04:19","guid":{"rendered":"https:\/\/tienda.fullermachinery.com\/?post_type=product&#038;p=16687"},"modified":"2025-07-28T14:55:10","modified_gmt":"2025-07-28T19:55:10","slug":"rebanadora-tomate-comercial-corte-3-16","status":"publish","type":"product","link":"https:\/\/tienda.fullermachinery.com\/index.php\/producto\/rebanadora-tomate-comercial-corte-3-16\/","title":{"rendered":"Cortador de tomate en Acero | Corte 3\/16&#8243; | Aluminio y Acero Inoxidable | Uso Profesional | Montaje en Mesa o Pared"},"content":{"rendered":"\t\t<div data-elementor-type=\"wp-post\" data-elementor-id=\"16687\" class=\"elementor elementor-16687\">\n\t\t\t\t\t\t<section class=\"wd-negative-gap elementor-section elementor-top-section elementor-element elementor-element-31dee81 elementor-section-boxed elementor-section-height-default elementor-section-height-default wd-section-disabled\" data-id=\"31dee81\" data-element_type=\"section\" data-e-type=\"section\">\n\t\t\t\t\t\t<div class=\"elementor-container elementor-column-gap-default\">\n\t\t\t\t\t<div class=\"elementor-column elementor-col-100 elementor-top-column elementor-element elementor-element-7477311\" data-id=\"7477311\" data-element_type=\"column\" data-e-type=\"column\">\n\t\t\t<div class=\"elementor-widget-wrap elementor-element-populated\">\n\t\t\t\t\t\t<div class=\"elementor-element elementor-element-eb7d0b6 elementor-widget elementor-widget-wd_text_block\" data-id=\"eb7d0b6\" data-element_type=\"widget\" data-e-type=\"widget\" data-widget_type=\"wd_text_block.default\">\n\t\t\t\t<div class=\"elementor-widget-container\">\n\t\t\t\t\t\t\t<div class=\"wd-text-block reset-last-child text-left\">\n\t\t\t\n\t\t\t<p data-start=\"671\" data-end=\"750\"><strong data-start=\"671\" data-end=\"748\">Haz cortes perfectos y r\u00e1pidos con esta rebanadora de tomate profesional.<\/strong><\/p><p data-start=\"752\" data-end=\"1011\">Este equipo est\u00e1 dise\u00f1ado para optimizar el trabajo en cocinas comerciales. Su estructura liviana y robusta permite rebanar <strong data-start=\"876\" data-end=\"911\">2 docenas de tomates por minuto<\/strong> con cortes uniformes de <strong data-start=\"936\" data-end=\"956\">3\/16\u201d de espesor<\/strong>, ideal para hamburguesas, ensaladas, s\u00e1ndwiches y m\u00e1s.<\/p><p data-start=\"1013\" data-end=\"1257\">Cuenta con una hoja de acero inoxidable, bastidor de aluminio resistente y <strong data-start=\"1088\" data-end=\"1106\">manijas dobles<\/strong> (vertical y horizontal) para mayor control y seguridad. Adem\u00e1s, puede <strong data-start=\"1177\" data-end=\"1208\">montarse sobre mesa o pared<\/strong>, adapt\u00e1ndose f\u00e1cilmente a tu espacio de trabajo.<\/p><p data-start=\"1259\" data-end=\"1292\"><strong data-start=\"1259\" data-end=\"1290\">Caracter\u00edsticas destacadas:<\/strong><\/p><ul data-start=\"1293\" data-end=\"1682\"><li data-start=\"1293\" data-end=\"1344\"><p data-start=\"1295\" data-end=\"1344\">\u2705 Corta tomates en rebanadas de 3\/16\u201d de grosor<\/p><\/li><li data-start=\"1345\" data-end=\"1406\"><p data-start=\"1347\" data-end=\"1406\">\u2705 Estructura en aluminio con cuchilla de acero inoxidable<\/p><\/li><li data-start=\"1407\" data-end=\"1463\"><p data-start=\"1409\" data-end=\"1463\">\u2705 Rebanado seguro y c\u00f3modo gracias a sus dos manijas<\/p><\/li><li data-start=\"1464\" data-end=\"1496\"><p data-start=\"1466\" data-end=\"1496\">\u2705 Tabla de corte incorporada<\/p><\/li><li data-start=\"1497\" data-end=\"1539\"><p data-start=\"1499\" data-end=\"1539\">\u2705 Cuatro patas de goma antideslizantes<\/p><\/li><li data-start=\"1540\" data-end=\"1589\"><p data-start=\"1542\" data-end=\"1589\">\u2705 Junta de HDPE para uso seguro con alimentos<\/p><\/li><li data-start=\"1590\" data-end=\"1618\"><p data-start=\"1592\" data-end=\"1618\">\u2705 Cambio f\u00e1cil de discos<\/p><\/li><li data-start=\"1619\" data-end=\"1652\"><p data-start=\"1621\" data-end=\"1652\">\u2705 Hasta 24 tomates por minuto<\/p><\/li><li data-start=\"1653\" data-end=\"1682\"><p data-start=\"1655\" data-end=\"1682\">\u2705 Montaje en mesa o pared<\/p><\/li><\/ul><p data-start=\"1684\" data-end=\"1857\">Ideal para <strong data-start=\"1695\" data-end=\"1791\">restaurantes, cadenas de comida r\u00e1pida, cocinas industriales y emprendimientos gastron\u00f3micos<\/strong> que requieren velocidad, seguridad y precisi\u00f3n en la preparaci\u00f3n.<\/p>\n\t\t\t\t\t<\/div>\n\t\t\t\t\t\t<\/div>\n\t\t\t\t<\/div>\n\t\t\t\t\t<\/div>\n\t\t<\/div>\n\t\t\t\t\t<\/div>\n\t\t<\/section>\n\t\t\t\t<\/div>\n\t\t","protected":false},"excerpt":{"rendered":"<p>Rebanadora profesional de tomate con estructura en aluminio y cuchilla de acero inoxidable. Corte r\u00e1pido y preciso de 3\/16\u201d. Ideal para restaurantes, cocinas industriales y negocios de alimentos.<\/p>\n","protected":false},"featured_media":16688,"comment_status":"open","ping_status":"closed","template":"","meta":[],"product_brand":[302],"product_cat":[140,229],"product_tag":[479,477,352,481,480,476,478],"class_list":{"0":"post-16687","1":"product","2":"type-product","3":"status-publish","4":"has-post-thumbnail","6":"product_brand-fuller-machinery","7":"product_cat-preparacion-de-alimentos","8":"product_cat-equipos-industriales-preparacion-de-alimentos","9":"product_tag-cocina-comercial","10":"product_tag-cortador-de-tomate-profesional","11":"product_tag-equipo-para-restaurante","12":"product_tag-hoja-de-acero-inoxidable","13":"product_tag-maquina-cortar-tomate","14":"product_tag-rebanadora-de-tomate","15":"product_tag-utensilios-cocina-industrial","17":"first","18":"instock","19":"featured","20":"shipping-taxable","21":"purchasable","22":"product-type-simple"},"yoast_head":"<!-- This site is optimized with the Yoast SEO plugin v27.4 - https:\/\/yoast.com\/product\/yoast-seo-wordpress\/ -->\n<title>Cortador de tomate en Acero | Corte 3\/16&quot; | Aluminio y Acero Inoxidable | Uso Profesional | Montaje en Mesa o Pared - Fuller Machinery<\/title>\n<meta name=\"description\" content=\"Rebanadora de tomate profesional con corte de 3\/16\u201d. Hasta 24 tomates por minuto. Estructura en aluminio y acero inoxidable. Uso seguro y montaje en pared o mesa.\" \/>\n<meta name=\"robots\" content=\"index, follow, max-snippet:-1, max-image-preview:large, max-video-preview:-1\" \/>\n<link rel=\"canonical\" href=\"https:\/\/tienda.fullermachinery.com\/index.php\/producto\/rebanadora-tomate-comercial-corte-3-16\/\" \/>\n<meta property=\"og:locale\" content=\"es_ES\" \/>\n<meta property=\"og:type\" content=\"article\" \/>\n<meta property=\"og:title\" content=\"Cortador de tomate en Acero | Corte 3\/16&quot; | Aluminio y Acero Inoxidable | Uso Profesional | Montaje en Mesa o Pared - Fuller Machinery\" \/>\n<meta property=\"og:description\" content=\"Rebanadora de tomate profesional con corte de 3\/16\u201d. Hasta 24 tomates por minuto. Estructura en aluminio y acero inoxidable. Uso seguro y montaje en pared o mesa.\" \/>\n<meta property=\"og:url\" content=\"https:\/\/tienda.fullermachinery.com\/index.php\/producto\/rebanadora-tomate-comercial-corte-3-16\/\" \/>\n<meta property=\"og:site_name\" content=\"Fuller Machinery\" \/>\n<meta property=\"article:modified_time\" content=\"2025-07-28T19:55:10+00:00\" \/>\n<meta property=\"og:image\" content=\"https:\/\/tienda.fullermachinery.com\/wp-content\/uploads\/2024\/07\/Cortador-de-Tomate-1.png\" \/>\n\t<meta property=\"og:image:width\" content=\"2000\" \/>\n\t<meta property=\"og:image:height\" content=\"2000\" \/>\n\t<meta property=\"og:image:type\" content=\"image\/png\" \/>\n<meta name=\"twitter:card\" content=\"summary_large_image\" \/>\n<meta name=\"twitter:label1\" content=\"Tiempo de lectura\" \/>\n\t<meta name=\"twitter:data1\" content=\"1 minuto\" \/>\n<script type=\"application\/ld+json\" class=\"yoast-schema-graph\">{\"@context\":\"https:\\\/\\\/schema.org\",\"@graph\":[{\"@type\":\"WebPage\",\"@id\":\"https:\\\/\\\/tienda.fullermachinery.com\\\/index.php\\\/producto\\\/rebanadora-tomate-comercial-corte-3-16\\\/\",\"url\":\"https:\\\/\\\/tienda.fullermachinery.com\\\/index.php\\\/producto\\\/rebanadora-tomate-comercial-corte-3-16\\\/\",\"name\":\"Cortador de tomate en Acero | Corte 3\\\/16\\\" | Aluminio y Acero Inoxidable | Uso Profesional | Montaje en Mesa o Pared - Fuller Machinery\",\"isPartOf\":{\"@id\":\"https:\\\/\\\/tienda.fullermachinery.com\\\/#website\"},\"primaryImageOfPage\":{\"@id\":\"https:\\\/\\\/tienda.fullermachinery.com\\\/index.php\\\/producto\\\/rebanadora-tomate-comercial-corte-3-16\\\/#primaryimage\"},\"image\":{\"@id\":\"https:\\\/\\\/tienda.fullermachinery.com\\\/index.php\\\/producto\\\/rebanadora-tomate-comercial-corte-3-16\\\/#primaryimage\"},\"thumbnailUrl\":\"https:\\\/\\\/tienda.fullermachinery.com\\\/wp-content\\\/uploads\\\/2024\\\/07\\\/Cortador-de-Tomate-1.png\",\"datePublished\":\"2024-07-17T22:04:19+00:00\",\"dateModified\":\"2025-07-28T19:55:10+00:00\",\"description\":\"Rebanadora de tomate profesional con corte de 3\\\/16\u201d. Hasta 24 tomates por minuto. Estructura en aluminio y acero inoxidable. Uso seguro y montaje en pared o mesa.\",\"breadcrumb\":{\"@id\":\"https:\\\/\\\/tienda.fullermachinery.com\\\/index.php\\\/producto\\\/rebanadora-tomate-comercial-corte-3-16\\\/#breadcrumb\"},\"inLanguage\":\"es\",\"potentialAction\":[{\"@type\":\"ReadAction\",\"target\":[\"https:\\\/\\\/tienda.fullermachinery.com\\\/index.php\\\/producto\\\/rebanadora-tomate-comercial-corte-3-16\\\/\"]}]},{\"@type\":\"ImageObject\",\"inLanguage\":\"es\",\"@id\":\"https:\\\/\\\/tienda.fullermachinery.com\\\/index.php\\\/producto\\\/rebanadora-tomate-comercial-corte-3-16\\\/#primaryimage\",\"url\":\"https:\\\/\\\/tienda.fullermachinery.com\\\/wp-content\\\/uploads\\\/2024\\\/07\\\/Cortador-de-Tomate-1.png\",\"contentUrl\":\"https:\\\/\\\/tienda.fullermachinery.com\\\/wp-content\\\/uploads\\\/2024\\\/07\\\/Cortador-de-Tomate-1.png\",\"width\":2000,\"height\":2000,\"caption\":\"La cortadora de tomate comercial es un dispositivo dise\u00f1ado espec\u00edficamente para cortar tomates de manera eficiente y uniforme. Est\u00e1 construida con materiales duraderos y de alta calidad, como acero inoxidable para el bastidor y hoja, y material acr\u00edlico para alimentos en la base de cortador blanco. Con medidas de 20cm de altura, 18cm de ancho y 39cm de largo, y un peso de 3kg, esta cortadora es robusta y compacta.\"},{\"@type\":\"BreadcrumbList\",\"@id\":\"https:\\\/\\\/tienda.fullermachinery.com\\\/index.php\\\/producto\\\/rebanadora-tomate-comercial-corte-3-16\\\/#breadcrumb\",\"itemListElement\":[{\"@type\":\"ListItem\",\"position\":1,\"name\":\"Portada\",\"item\":\"https:\\\/\\\/tienda.fullermachinery.com\\\/\"},{\"@type\":\"ListItem\",\"position\":2,\"name\":\"Productos\",\"item\":\"https:\\\/\\\/tienda.fullermachinery.com\\\/index.php\\\/shop\\\/\"},{\"@type\":\"ListItem\",\"position\":3,\"name\":\"Cortador de tomate en Acero | Corte 3\\\/16&#8243; | Aluminio y Acero Inoxidable | Uso Profesional | Montaje en Mesa o Pared\"}]},{\"@type\":\"WebSite\",\"@id\":\"https:\\\/\\\/tienda.fullermachinery.com\\\/#website\",\"url\":\"https:\\\/\\\/tienda.fullermachinery.com\\\/\",\"name\":\"Fuller Machinery\",\"description\":\"Importaci\u00f3n y comercializaci\u00f3n de m\u00e1quinas industriales para el sector de alimentos\",\"publisher\":{\"@id\":\"https:\\\/\\\/tienda.fullermachinery.com\\\/#organization\"},\"potentialAction\":[{\"@type\":\"SearchAction\",\"target\":{\"@type\":\"EntryPoint\",\"urlTemplate\":\"https:\\\/\\\/tienda.fullermachinery.com\\\/?s={search_term_string}\"},\"query-input\":{\"@type\":\"PropertyValueSpecification\",\"valueRequired\":true,\"valueName\":\"search_term_string\"}}],\"inLanguage\":\"es\"},{\"@type\":\"Organization\",\"@id\":\"https:\\\/\\\/tienda.fullermachinery.com\\\/#organization\",\"name\":\"Fuller Machinery\",\"url\":\"https:\\\/\\\/tienda.fullermachinery.com\\\/\",\"logo\":{\"@type\":\"ImageObject\",\"inLanguage\":\"es\",\"@id\":\"https:\\\/\\\/tienda.fullermachinery.com\\\/#\\\/schema\\\/logo\\\/image\\\/\",\"url\":\"https:\\\/\\\/tienda.fullermachinery.com\\\/wp-content\\\/uploads\\\/2023\\\/08\\\/logo-fuller-transparente.png\",\"contentUrl\":\"https:\\\/\\\/tienda.fullermachinery.com\\\/wp-content\\\/uploads\\\/2023\\\/08\\\/logo-fuller-transparente.png\",\"width\":2208,\"height\":644,\"caption\":\"Fuller Machinery\"},\"image\":{\"@id\":\"https:\\\/\\\/tienda.fullermachinery.com\\\/#\\\/schema\\\/logo\\\/image\\\/\"}}]}<\/script>\n<!-- \/ Yoast SEO plugin. -->","yoast_head_json":{"title":"Cortador de tomate en Acero | Corte 3\/16\" | Aluminio y Acero Inoxidable | Uso Profesional | Montaje en Mesa o Pared - Fuller Machinery","description":"Rebanadora de tomate profesional con corte de 3\/16\u201d. Hasta 24 tomates por minuto. Estructura en aluminio y acero inoxidable. Uso seguro y montaje en pared o mesa.","robots":{"index":"index","follow":"follow","max-snippet":"max-snippet:-1","max-image-preview":"max-image-preview:large","max-video-preview":"max-video-preview:-1"},"canonical":"https:\/\/tienda.fullermachinery.com\/index.php\/producto\/rebanadora-tomate-comercial-corte-3-16\/","og_locale":"es_ES","og_type":"article","og_title":"Cortador de tomate en Acero | Corte 3\/16\" | Aluminio y Acero Inoxidable | Uso Profesional | Montaje en Mesa o Pared - Fuller Machinery","og_description":"Rebanadora de tomate profesional con corte de 3\/16\u201d. Hasta 24 tomates por minuto. Estructura en aluminio y acero inoxidable. Uso seguro y montaje en pared o mesa.","og_url":"https:\/\/tienda.fullermachinery.com\/index.php\/producto\/rebanadora-tomate-comercial-corte-3-16\/","og_site_name":"Fuller Machinery","article_modified_time":"2025-07-28T19:55:10+00:00","og_image":[{"width":2000,"height":2000,"url":"https:\/\/tienda.fullermachinery.com\/wp-content\/uploads\/2024\/07\/Cortador-de-Tomate-1.png","type":"image\/png"}],"twitter_card":"summary_large_image","twitter_misc":{"Tiempo de lectura":"1 minuto"},"schema":{"@context":"https:\/\/schema.org","@graph":[{"@type":"WebPage","@id":"https:\/\/tienda.fullermachinery.com\/index.php\/producto\/rebanadora-tomate-comercial-corte-3-16\/","url":"https:\/\/tienda.fullermachinery.com\/index.php\/producto\/rebanadora-tomate-comercial-corte-3-16\/","name":"Cortador de tomate en Acero | Corte 3\/16\" | Aluminio y Acero Inoxidable | Uso Profesional | Montaje en Mesa o Pared - Fuller Machinery","isPartOf":{"@id":"https:\/\/tienda.fullermachinery.com\/#website"},"primaryImageOfPage":{"@id":"https:\/\/tienda.fullermachinery.com\/index.php\/producto\/rebanadora-tomate-comercial-corte-3-16\/#primaryimage"},"image":{"@id":"https:\/\/tienda.fullermachinery.com\/index.php\/producto\/rebanadora-tomate-comercial-corte-3-16\/#primaryimage"},"thumbnailUrl":"https:\/\/tienda.fullermachinery.com\/wp-content\/uploads\/2024\/07\/Cortador-de-Tomate-1.png","datePublished":"2024-07-17T22:04:19+00:00","dateModified":"2025-07-28T19:55:10+00:00","description":"Rebanadora de tomate profesional con corte de 3\/16\u201d. Hasta 24 tomates por minuto. Estructura en aluminio y acero inoxidable. Uso seguro y montaje en pared o mesa.","breadcrumb":{"@id":"https:\/\/tienda.fullermachinery.com\/index.php\/producto\/rebanadora-tomate-comercial-corte-3-16\/#breadcrumb"},"inLanguage":"es","potentialAction":[{"@type":"ReadAction","target":["https:\/\/tienda.fullermachinery.com\/index.php\/producto\/rebanadora-tomate-comercial-corte-3-16\/"]}]},{"@type":"ImageObject","inLanguage":"es","@id":"https:\/\/tienda.fullermachinery.com\/index.php\/producto\/rebanadora-tomate-comercial-corte-3-16\/#primaryimage","url":"https:\/\/tienda.fullermachinery.com\/wp-content\/uploads\/2024\/07\/Cortador-de-Tomate-1.png","contentUrl":"https:\/\/tienda.fullermachinery.com\/wp-content\/uploads\/2024\/07\/Cortador-de-Tomate-1.png","width":2000,"height":2000,"caption":"La cortadora de tomate comercial es un dispositivo dise\u00f1ado espec\u00edficamente para cortar tomates de manera eficiente y uniforme. Est\u00e1 construida con materiales duraderos y de alta calidad, como acero inoxidable para el bastidor y hoja, y material acr\u00edlico para alimentos en la base de cortador blanco. Con medidas de 20cm de altura, 18cm de ancho y 39cm de largo, y un peso de 3kg, esta cortadora es robusta y compacta."},{"@type":"BreadcrumbList","@id":"https:\/\/tienda.fullermachinery.com\/index.php\/producto\/rebanadora-tomate-comercial-corte-3-16\/#breadcrumb","itemListElement":[{"@type":"ListItem","position":1,"name":"Portada","item":"https:\/\/tienda.fullermachinery.com\/"},{"@type":"ListItem","position":2,"name":"Productos","item":"https:\/\/tienda.fullermachinery.com\/index.php\/shop\/"},{"@type":"ListItem","position":3,"name":"Cortador de tomate en Acero | Corte 3\/16&#8243; | Aluminio y Acero Inoxidable | Uso Profesional | Montaje en Mesa o Pared"}]},{"@type":"WebSite","@id":"https:\/\/tienda.fullermachinery.com\/#website","url":"https:\/\/tienda.fullermachinery.com\/","name":"Fuller Machinery","description":"Importaci\u00f3n y comercializaci\u00f3n de m\u00e1quinas industriales para el sector de alimentos","publisher":{"@id":"https:\/\/tienda.fullermachinery.com\/#organization"},"potentialAction":[{"@type":"SearchAction","target":{"@type":"EntryPoint","urlTemplate":"https:\/\/tienda.fullermachinery.com\/?s={search_term_string}"},"query-input":{"@type":"PropertyValueSpecification","valueRequired":true,"valueName":"search_term_string"}}],"inLanguage":"es"},{"@type":"Organization","@id":"https:\/\/tienda.fullermachinery.com\/#organization","name":"Fuller Machinery","url":"https:\/\/tienda.fullermachinery.com\/","logo":{"@type":"ImageObject","inLanguage":"es","@id":"https:\/\/tienda.fullermachinery.com\/#\/schema\/logo\/image\/","url":"https:\/\/tienda.fullermachinery.com\/wp-content\/uploads\/2023\/08\/logo-fuller-transparente.png","contentUrl":"https:\/\/tienda.fullermachinery.com\/wp-content\/uploads\/2023\/08\/logo-fuller-transparente.png","width":2208,"height":644,"caption":"Fuller Machinery"},"image":{"@id":"https:\/\/tienda.fullermachinery.com\/#\/schema\/logo\/image\/"}}]}},"jetpack_sharing_enabled":true,"_links":{"self":[{"href":"https:\/\/tienda.fullermachinery.com\/index.php\/wp-json\/wp\/v2\/product\/16687","targetHints":{"allow":["GET"]}}],"collection":[{"href":"https:\/\/tienda.fullermachinery.com\/index.php\/wp-json\/wp\/v2\/product"}],"about":[{"href":"https:\/\/tienda.fullermachinery.com\/index.php\/wp-json\/wp\/v2\/types\/product"}],"replies":[{"embeddable":true,"href":"https:\/\/tienda.fullermachinery.com\/index.php\/wp-json\/wp\/v2\/comments?post=16687"}],"version-history":[{"count":6,"href":"https:\/\/tienda.fullermachinery.com\/index.php\/wp-json\/wp\/v2\/product\/16687\/revisions"}],"predecessor-version":[{"id":18673,"href":"https:\/\/tienda.fullermachinery.com\/index.php\/wp-json\/wp\/v2\/product\/16687\/revisions\/18673"}],"wp:featuredmedia":[{"embeddable":true,"href":"https:\/\/tienda.fullermachinery.com\/index.php\/wp-json\/wp\/v2\/media\/16688"}],"wp:attachment":[{"href":"https:\/\/tienda.fullermachinery.com\/index.php\/wp-json\/wp\/v2\/media?parent=16687"}],"wp:term":[{"taxonomy":"product_brand","embeddable":true,"href":"https:\/\/tienda.fullermachinery.com\/index.php\/wp-json\/wp\/v2\/product_brand?post=16687"},{"taxonomy":"product_cat","embeddable":true,"href":"https:\/\/tienda.fullermachinery.com\/index.php\/wp-json\/wp\/v2\/product_cat?post=16687"},{"taxonomy":"product_tag","embeddable":true,"href":"https:\/\/tienda.fullermachinery.com\/index.php\/wp-json\/wp\/v2\/product_tag?post=16687"}],"curies":[{"name":"wp","href":"https:\/\/api.w.org\/{rel}","templated":true}]}}