{"id":16650,"date":"2024-07-17T15:50:59","date_gmt":"2024-07-17T20:50:59","guid":{"rendered":"https:\/\/tienda.fullermachinery.com\/?post_type=product&#038;p=16650"},"modified":"2026-04-27T11:46:15","modified_gmt":"2026-04-27T16:46:15","slug":"waflera-erotica-06","status":"publish","type":"product","link":"https:\/\/tienda.fullermachinery.com\/index.php\/producto\/waflera-erotica-06\/","title":{"rendered":"WAFLERA EROTICA FORMA MINI VAGINA REF 06"},"content":{"rendered":"\t\t<div data-elementor-type=\"wp-post\" data-elementor-id=\"16650\" class=\"elementor elementor-16650\">\n\t\t\t\t\t\t<section class=\"wd-negative-gap elementor-section elementor-top-section elementor-element elementor-element-e73d013 elementor-section-boxed elementor-section-height-default elementor-section-height-default wd-section-disabled\" data-id=\"e73d013\" data-element_type=\"section\" data-e-type=\"section\">\n\t\t\t\t\t\t<div class=\"elementor-container elementor-column-gap-default\">\n\t\t\t\t\t<div class=\"elementor-column elementor-col-100 elementor-top-column elementor-element elementor-element-1ffe6ca\" data-id=\"1ffe6ca\" data-element_type=\"column\" data-e-type=\"column\">\n\t\t\t<div class=\"elementor-widget-wrap elementor-element-populated\">\n\t\t\t\t\t\t<div class=\"elementor-element elementor-element-57ac65c elementor-widget elementor-widget-wd_text_block\" data-id=\"57ac65c\" data-element_type=\"widget\" data-e-type=\"widget\" data-widget_type=\"wd_text_block.default\">\n\t\t\t\t<div class=\"elementor-widget-container\">\n\t\t\t\t\t\t\t<div class=\"wd-text-block reset-last-child text-left\">\n\t\t\t\n\t\t\t<p data-start=\"170\" data-end=\"334\">La wafflera tem\u00e1tica <strong data-start=\"191\" data-end=\"223\">Wafflera Er\u00f3tica Mini REF 06<\/strong> es una opci\u00f3n ideal para negocios que buscan destacar con productos diferentes, llamativos y de alta rotaci\u00f3n.<\/p><p data-start=\"336\" data-end=\"674\">Dise\u00f1ada para producir hasta <strong data-start=\"365\" data-end=\"394\">10 waffles mini por ciclo<\/strong>, permite ofrecer una propuesta creativa y fuera de lo convencional, perfecta para atraer clientes, generar conversaci\u00f3n y potenciar ventas por impulso. Es especialmente atractiva para eventos, bares, food trucks, sex shops y negocios de postres que quieren diferenciar su oferta.<\/p><p data-start=\"676\" data-end=\"934\">Cuenta con control de temperatura de hasta 300\u00b0C y temporizador, lo que facilita una cocci\u00f3n uniforme y repetible. Su estructura en acero inoxidable y placas con recubrimiento en tefl\u00f3n garantizan durabilidad, f\u00e1cil limpieza y un desmolde sin complicaciones.<\/p><p data-start=\"936\" data-end=\"1080\">Este tipo de equipo no compite por precio, sino por experiencia y diferenciaci\u00f3n, lo que permite aumentar el valor percibido del producto final.<\/p><h3 data-section-id=\"tcr4w1\" data-start=\"1082\" data-end=\"1117\">\ud83d\udd27 Caracter\u00edsticas principales:<\/h3><ul data-start=\"1118\" data-end=\"1527\"><li data-section-id=\"1gg2kn9\" data-start=\"1118\" data-end=\"1136\">Modelo: REF 06<\/li><li data-section-id=\"yf7mv0\" data-start=\"1137\" data-end=\"1184\">Producci\u00f3n: hasta 10 waffles mini por ciclo<\/li><li data-section-id=\"l46kij\" data-start=\"1185\" data-end=\"1202\">Voltaje: 110V<\/li><li data-section-id=\"1jpnkek\" data-start=\"1203\" data-end=\"1223\">Potencia: 1.6 kW<\/li><li data-section-id=\"1k8j84s\" data-start=\"1224\" data-end=\"1261\">Rango de temperatura: 0\u00b0C a 300\u00b0C<\/li><li data-section-id=\"qx7klh\" data-start=\"1262\" data-end=\"1295\">Temporizador: hasta 5 minutos<\/li><li data-section-id=\"j286d0\" data-start=\"1296\" data-end=\"1326\">Material: acero inoxidable<\/li><li data-section-id=\"162j7e2\" data-start=\"1327\" data-end=\"1366\">Recubrimiento: tefl\u00f3n antiadherente<\/li><li data-section-id=\"1wuoirm\" data-start=\"1367\" data-end=\"1397\">Manija met\u00e1lica resistente<\/li><li data-section-id=\"172zqan\" data-start=\"1398\" data-end=\"1462\">Dimensiones externas: 30 cm ancho \u00d7 40 cm alto \u00d7 28 cm largo<\/li><li data-section-id=\"172arhb\" data-start=\"1463\" data-end=\"1512\">Medida de plancha: 30 cm ancho \u00d7 16.5 cm alto<\/li><li data-section-id=\"y3vvds\" data-start=\"1513\" data-end=\"1527\">Peso: 7 kg<\/li><\/ul><h3 data-section-id=\"13uagx5\" data-start=\"1529\" data-end=\"1553\">\ud83d\ude80 Beneficios clave:<\/h3><ul data-start=\"1554\" data-end=\"1859\"><li data-section-id=\"duq4o0\" data-start=\"1554\" data-end=\"1620\"><strong data-start=\"1556\" data-end=\"1580\">Alto impacto visual:<\/strong> producto que capta atenci\u00f3n inmediata<\/li><li data-section-id=\"ai6c4u\" data-start=\"1621\" data-end=\"1685\"><strong data-start=\"1623\" data-end=\"1646\">Ventas por impulso:<\/strong> ideal para consumo r\u00e1pido en eventos<\/li><li data-section-id=\"n6nmxm\" data-start=\"1686\" data-end=\"1748\"><strong data-start=\"1688\" data-end=\"1712\">Diferenciaci\u00f3n real:<\/strong> te aleja de la oferta tradicional<\/li><li data-section-id=\"we1v3k\" data-start=\"1749\" data-end=\"1805\"><strong data-start=\"1751\" data-end=\"1771\">F\u00e1cil operaci\u00f3n:<\/strong> control de temperatura y tiempo<\/li><li data-section-id=\"1n1jk63\" data-start=\"1806\" data-end=\"1859\"><strong data-start=\"1808\" data-end=\"1828\">Contenido viral:<\/strong> perfecto para redes sociales<\/li><\/ul>\n\t\t\t\t\t<\/div>\n\t\t\t\t\t\t<\/div>\n\t\t\t\t<\/div>\n\t\t\t\t\t<\/div>\n\t\t<\/div>\n\t\t\t\t\t<\/div>\n\t\t<\/section>\n\t\t\t\t<\/div>\n\t\t","protected":false},"excerpt":{"rendered":"<p>Wafflera tem\u00e1tica\u00a0 con capacidad para 10 unidades por ciclo. Ideal para negocios que buscan diferenciarse con productos creativos, de alta rotaci\u00f3n y f\u00e1cil operaci\u00f3n.<\/p>\n","protected":false},"featured_media":16651,"comment_status":"open","ping_status":"closed","template":"","meta":[],"product_brand":[],"product_cat":[140,228],"product_tag":[220,218,219],"class_list":{"0":"post-16650","1":"product","2":"type-product","3":"status-publish","4":"has-post-thumbnail","6":"product_cat-preparacion-de-alimentos","7":"product_cat-waffleras","8":"product_tag-amasadora","9":"product_tag-amasadora-industrial","10":"product_tag-panaderia","12":"first","13":"instock","14":"featured","15":"shipping-taxable","16":"purchasable","17":"product-type-simple"},"yoast_head":"<!-- This site is optimized with the Yoast SEO plugin v27.5 - https:\/\/yoast.com\/product\/yoast-seo-wordpress\/ -->\n<title>WAFLERA EROTICA FORMA MINI VAGINA REF 06 - Fuller Machinery<\/title>\n<meta name=\"description\" content=\"Wafflera erotica mini vaginas con capacidad para 10 unidades, control de temperatura y temporizador. Ideal para negocios creativos y venta por impulso.\" \/>\n<meta name=\"robots\" content=\"index, follow, max-snippet:-1, max-image-preview:large, max-video-preview:-1\" \/>\n<link rel=\"canonical\" href=\"https:\/\/tienda.fullermachinery.com\/index.php\/producto\/waflera-erotica-06\/\" \/>\n<meta property=\"og:locale\" content=\"es_ES\" \/>\n<meta property=\"og:type\" content=\"article\" \/>\n<meta property=\"og:title\" content=\"WAFLERA EROTICA FORMA MINI VAGINA REF 06 - Fuller Machinery\" \/>\n<meta property=\"og:description\" content=\"Wafflera erotica mini vaginas con capacidad para 10 unidades, control de temperatura y temporizador. Ideal para negocios creativos y venta por impulso.\" \/>\n<meta property=\"og:url\" content=\"https:\/\/tienda.fullermachinery.com\/index.php\/producto\/waflera-erotica-06\/\" \/>\n<meta property=\"og:site_name\" content=\"Fuller Machinery\" \/>\n<meta property=\"article:modified_time\" content=\"2026-04-27T16:46:15+00:00\" \/>\n<meta property=\"og:image\" content=\"https:\/\/tienda.fullermachinery.com\/wp-content\/uploads\/2024\/07\/Wafflera-Erotica-06-1.png\" \/>\n\t<meta property=\"og:image:width\" content=\"2000\" \/>\n\t<meta property=\"og:image:height\" content=\"2000\" \/>\n\t<meta property=\"og:image:type\" content=\"image\/png\" \/>\n<meta name=\"twitter:card\" content=\"summary_large_image\" \/>\n<meta name=\"twitter:label1\" content=\"Tiempo de lectura\" \/>\n\t<meta name=\"twitter:data1\" content=\"2 minutos\" \/>\n<script type=\"application\/ld+json\" class=\"yoast-schema-graph\">{\"@context\":\"https:\\\/\\\/schema.org\",\"@graph\":[{\"@type\":\"WebPage\",\"@id\":\"https:\\\/\\\/tienda.fullermachinery.com\\\/index.php\\\/producto\\\/waflera-erotica-06\\\/\",\"url\":\"https:\\\/\\\/tienda.fullermachinery.com\\\/index.php\\\/producto\\\/waflera-erotica-06\\\/\",\"name\":\"WAFLERA EROTICA FORMA MINI VAGINA REF 06 - Fuller Machinery\",\"isPartOf\":{\"@id\":\"https:\\\/\\\/tienda.fullermachinery.com\\\/#website\"},\"primaryImageOfPage\":{\"@id\":\"https:\\\/\\\/tienda.fullermachinery.com\\\/index.php\\\/producto\\\/waflera-erotica-06\\\/#primaryimage\"},\"image\":{\"@id\":\"https:\\\/\\\/tienda.fullermachinery.com\\\/index.php\\\/producto\\\/waflera-erotica-06\\\/#primaryimage\"},\"thumbnailUrl\":\"https:\\\/\\\/tienda.fullermachinery.com\\\/wp-content\\\/uploads\\\/2024\\\/07\\\/Wafflera-Erotica-06-1.png\",\"datePublished\":\"2024-07-17T20:50:59+00:00\",\"dateModified\":\"2026-04-27T16:46:15+00:00\",\"description\":\"Wafflera erotica mini vaginas con capacidad para 10 unidades, control de temperatura y temporizador. Ideal para negocios creativos y venta por impulso.\",\"breadcrumb\":{\"@id\":\"https:\\\/\\\/tienda.fullermachinery.com\\\/index.php\\\/producto\\\/waflera-erotica-06\\\/#breadcrumb\"},\"inLanguage\":\"es\",\"potentialAction\":[{\"@type\":\"ReadAction\",\"target\":[\"https:\\\/\\\/tienda.fullermachinery.com\\\/index.php\\\/producto\\\/waflera-erotica-06\\\/\"]}]},{\"@type\":\"ImageObject\",\"inLanguage\":\"es\",\"@id\":\"https:\\\/\\\/tienda.fullermachinery.com\\\/index.php\\\/producto\\\/waflera-erotica-06\\\/#primaryimage\",\"url\":\"https:\\\/\\\/tienda.fullermachinery.com\\\/wp-content\\\/uploads\\\/2024\\\/07\\\/Wafflera-Erotica-06-1.png\",\"contentUrl\":\"https:\\\/\\\/tienda.fullermachinery.com\\\/wp-content\\\/uploads\\\/2024\\\/07\\\/Wafflera-Erotica-06-1.png\",\"width\":2000,\"height\":2000,\"caption\":\"La wafflera descrita es un dispositivo de cocina dise\u00f1ado para crear waffles de tama\u00f1o considerable, con unas medidas de 19 cm de largo y 7 cm de ancho. Con un dise\u00f1o compacto y robusto, est\u00e1 equipada con caracter\u00edsticas como un rango de temperatura ajustable de 50 a 300 grados Celsius, un temporizador de hasta 5 minutos y una bandeja de recogida de residuos. Su molde est\u00e1 hecho de tefl\u00f3n y su material externo es de acero inoxidable.\"},{\"@type\":\"BreadcrumbList\",\"@id\":\"https:\\\/\\\/tienda.fullermachinery.com\\\/index.php\\\/producto\\\/waflera-erotica-06\\\/#breadcrumb\",\"itemListElement\":[{\"@type\":\"ListItem\",\"position\":1,\"name\":\"Portada\",\"item\":\"https:\\\/\\\/tienda.fullermachinery.com\\\/\"},{\"@type\":\"ListItem\",\"position\":2,\"name\":\"Productos\",\"item\":\"https:\\\/\\\/tienda.fullermachinery.com\\\/index.php\\\/shop\\\/\"},{\"@type\":\"ListItem\",\"position\":3,\"name\":\"WAFLERA EROTICA FORMA MINI VAGINA REF 06\"}]},{\"@type\":\"WebSite\",\"@id\":\"https:\\\/\\\/tienda.fullermachinery.com\\\/#website\",\"url\":\"https:\\\/\\\/tienda.fullermachinery.com\\\/\",\"name\":\"Fuller Machinery\",\"description\":\"Importaci\u00f3n y comercializaci\u00f3n de m\u00e1quinas industriales para el sector de alimentos\",\"publisher\":{\"@id\":\"https:\\\/\\\/tienda.fullermachinery.com\\\/#organization\"},\"potentialAction\":[{\"@type\":\"SearchAction\",\"target\":{\"@type\":\"EntryPoint\",\"urlTemplate\":\"https:\\\/\\\/tienda.fullermachinery.com\\\/?s={search_term_string}\"},\"query-input\":{\"@type\":\"PropertyValueSpecification\",\"valueRequired\":true,\"valueName\":\"search_term_string\"}}],\"inLanguage\":\"es\"},{\"@type\":\"Organization\",\"@id\":\"https:\\\/\\\/tienda.fullermachinery.com\\\/#organization\",\"name\":\"Fuller Machinery\",\"url\":\"https:\\\/\\\/tienda.fullermachinery.com\\\/\",\"logo\":{\"@type\":\"ImageObject\",\"inLanguage\":\"es\",\"@id\":\"https:\\\/\\\/tienda.fullermachinery.com\\\/#\\\/schema\\\/logo\\\/image\\\/\",\"url\":\"https:\\\/\\\/tienda.fullermachinery.com\\\/wp-content\\\/uploads\\\/2023\\\/08\\\/logo-fuller-transparente.png\",\"contentUrl\":\"https:\\\/\\\/tienda.fullermachinery.com\\\/wp-content\\\/uploads\\\/2023\\\/08\\\/logo-fuller-transparente.png\",\"width\":2208,\"height\":644,\"caption\":\"Fuller Machinery\"},\"image\":{\"@id\":\"https:\\\/\\\/tienda.fullermachinery.com\\\/#\\\/schema\\\/logo\\\/image\\\/\"}}]}<\/script>\n<!-- \/ Yoast SEO plugin. -->","yoast_head_json":{"title":"WAFLERA EROTICA FORMA MINI VAGINA REF 06 - Fuller Machinery","description":"Wafflera erotica mini vaginas con capacidad para 10 unidades, control de temperatura y temporizador. Ideal para negocios creativos y venta por impulso.","robots":{"index":"index","follow":"follow","max-snippet":"max-snippet:-1","max-image-preview":"max-image-preview:large","max-video-preview":"max-video-preview:-1"},"canonical":"https:\/\/tienda.fullermachinery.com\/index.php\/producto\/waflera-erotica-06\/","og_locale":"es_ES","og_type":"article","og_title":"WAFLERA EROTICA FORMA MINI VAGINA REF 06 - Fuller Machinery","og_description":"Wafflera erotica mini vaginas con capacidad para 10 unidades, control de temperatura y temporizador. Ideal para negocios creativos y venta por impulso.","og_url":"https:\/\/tienda.fullermachinery.com\/index.php\/producto\/waflera-erotica-06\/","og_site_name":"Fuller Machinery","article_modified_time":"2026-04-27T16:46:15+00:00","og_image":[{"width":2000,"height":2000,"url":"https:\/\/tienda.fullermachinery.com\/wp-content\/uploads\/2024\/07\/Wafflera-Erotica-06-1.png","type":"image\/png"}],"twitter_card":"summary_large_image","twitter_misc":{"Tiempo de lectura":"2 minutos"},"schema":{"@context":"https:\/\/schema.org","@graph":[{"@type":"WebPage","@id":"https:\/\/tienda.fullermachinery.com\/index.php\/producto\/waflera-erotica-06\/","url":"https:\/\/tienda.fullermachinery.com\/index.php\/producto\/waflera-erotica-06\/","name":"WAFLERA EROTICA FORMA MINI VAGINA REF 06 - Fuller Machinery","isPartOf":{"@id":"https:\/\/tienda.fullermachinery.com\/#website"},"primaryImageOfPage":{"@id":"https:\/\/tienda.fullermachinery.com\/index.php\/producto\/waflera-erotica-06\/#primaryimage"},"image":{"@id":"https:\/\/tienda.fullermachinery.com\/index.php\/producto\/waflera-erotica-06\/#primaryimage"},"thumbnailUrl":"https:\/\/tienda.fullermachinery.com\/wp-content\/uploads\/2024\/07\/Wafflera-Erotica-06-1.png","datePublished":"2024-07-17T20:50:59+00:00","dateModified":"2026-04-27T16:46:15+00:00","description":"Wafflera erotica mini vaginas con capacidad para 10 unidades, control de temperatura y temporizador. Ideal para negocios creativos y venta por impulso.","breadcrumb":{"@id":"https:\/\/tienda.fullermachinery.com\/index.php\/producto\/waflera-erotica-06\/#breadcrumb"},"inLanguage":"es","potentialAction":[{"@type":"ReadAction","target":["https:\/\/tienda.fullermachinery.com\/index.php\/producto\/waflera-erotica-06\/"]}]},{"@type":"ImageObject","inLanguage":"es","@id":"https:\/\/tienda.fullermachinery.com\/index.php\/producto\/waflera-erotica-06\/#primaryimage","url":"https:\/\/tienda.fullermachinery.com\/wp-content\/uploads\/2024\/07\/Wafflera-Erotica-06-1.png","contentUrl":"https:\/\/tienda.fullermachinery.com\/wp-content\/uploads\/2024\/07\/Wafflera-Erotica-06-1.png","width":2000,"height":2000,"caption":"La wafflera descrita es un dispositivo de cocina dise\u00f1ado para crear waffles de tama\u00f1o considerable, con unas medidas de 19 cm de largo y 7 cm de ancho. Con un dise\u00f1o compacto y robusto, est\u00e1 equipada con caracter\u00edsticas como un rango de temperatura ajustable de 50 a 300 grados Celsius, un temporizador de hasta 5 minutos y una bandeja de recogida de residuos. Su molde est\u00e1 hecho de tefl\u00f3n y su material externo es de acero inoxidable."},{"@type":"BreadcrumbList","@id":"https:\/\/tienda.fullermachinery.com\/index.php\/producto\/waflera-erotica-06\/#breadcrumb","itemListElement":[{"@type":"ListItem","position":1,"name":"Portada","item":"https:\/\/tienda.fullermachinery.com\/"},{"@type":"ListItem","position":2,"name":"Productos","item":"https:\/\/tienda.fullermachinery.com\/index.php\/shop\/"},{"@type":"ListItem","position":3,"name":"WAFLERA EROTICA FORMA MINI VAGINA REF 06"}]},{"@type":"WebSite","@id":"https:\/\/tienda.fullermachinery.com\/#website","url":"https:\/\/tienda.fullermachinery.com\/","name":"Fuller Machinery","description":"Importaci\u00f3n y comercializaci\u00f3n de m\u00e1quinas industriales para el sector de alimentos","publisher":{"@id":"https:\/\/tienda.fullermachinery.com\/#organization"},"potentialAction":[{"@type":"SearchAction","target":{"@type":"EntryPoint","urlTemplate":"https:\/\/tienda.fullermachinery.com\/?s={search_term_string}"},"query-input":{"@type":"PropertyValueSpecification","valueRequired":true,"valueName":"search_term_string"}}],"inLanguage":"es"},{"@type":"Organization","@id":"https:\/\/tienda.fullermachinery.com\/#organization","name":"Fuller Machinery","url":"https:\/\/tienda.fullermachinery.com\/","logo":{"@type":"ImageObject","inLanguage":"es","@id":"https:\/\/tienda.fullermachinery.com\/#\/schema\/logo\/image\/","url":"https:\/\/tienda.fullermachinery.com\/wp-content\/uploads\/2023\/08\/logo-fuller-transparente.png","contentUrl":"https:\/\/tienda.fullermachinery.com\/wp-content\/uploads\/2023\/08\/logo-fuller-transparente.png","width":2208,"height":644,"caption":"Fuller Machinery"},"image":{"@id":"https:\/\/tienda.fullermachinery.com\/#\/schema\/logo\/image\/"}}]}},"jetpack_sharing_enabled":true,"_links":{"self":[{"href":"https:\/\/tienda.fullermachinery.com\/index.php\/wp-json\/wp\/v2\/product\/16650","targetHints":{"allow":["GET"]}}],"collection":[{"href":"https:\/\/tienda.fullermachinery.com\/index.php\/wp-json\/wp\/v2\/product"}],"about":[{"href":"https:\/\/tienda.fullermachinery.com\/index.php\/wp-json\/wp\/v2\/types\/product"}],"replies":[{"embeddable":true,"href":"https:\/\/tienda.fullermachinery.com\/index.php\/wp-json\/wp\/v2\/comments?post=16650"}],"version-history":[{"count":6,"href":"https:\/\/tienda.fullermachinery.com\/index.php\/wp-json\/wp\/v2\/product\/16650\/revisions"}],"predecessor-version":[{"id":19027,"href":"https:\/\/tienda.fullermachinery.com\/index.php\/wp-json\/wp\/v2\/product\/16650\/revisions\/19027"}],"wp:featuredmedia":[{"embeddable":true,"href":"https:\/\/tienda.fullermachinery.com\/index.php\/wp-json\/wp\/v2\/media\/16651"}],"wp:attachment":[{"href":"https:\/\/tienda.fullermachinery.com\/index.php\/wp-json\/wp\/v2\/media?parent=16650"}],"wp:term":[{"taxonomy":"product_brand","embeddable":true,"href":"https:\/\/tienda.fullermachinery.com\/index.php\/wp-json\/wp\/v2\/product_brand?post=16650"},{"taxonomy":"product_cat","embeddable":true,"href":"https:\/\/tienda.fullermachinery.com\/index.php\/wp-json\/wp\/v2\/product_cat?post=16650"},{"taxonomy":"product_tag","embeddable":true,"href":"https:\/\/tienda.fullermachinery.com\/index.php\/wp-json\/wp\/v2\/product_tag?post=16650"}],"curies":[{"name":"wp","href":"https:\/\/api.w.org\/{rel}","templated":true}]}}