{"id":16643,"date":"2024-07-17T15:37:08","date_gmt":"2024-07-17T20:37:08","guid":{"rendered":"https:\/\/tienda.fullermachinery.com\/?post_type=product&#038;p=16643"},"modified":"2024-10-24T10:04:30","modified_gmt":"2024-10-24T15:04:30","slug":"waflera-erotica-05","status":"publish","type":"product","link":"https:\/\/tienda.fullermachinery.com\/index.php\/producto\/waflera-erotica-05\/","title":{"rendered":"Waflera Er\u00f3tica Forma Vagina 05"},"content":{"rendered":"","protected":false},"excerpt":{"rendered":"<p>Qu\u00e9 es el equipo?<\/p>\n<p>La wafflera descrita es un dispositivo de cocina dise\u00f1ado para crear waffles de tama\u00f1o considerable, con unas medidas de 19 cm de largo y 7 cm de ancho. Con un dise\u00f1o compacto y robusto, est\u00e1 equipada con caracter\u00edsticas como un rango de temperatura ajustable de 50 a 300 grados Celsius, un temporizador de hasta 5 minutos y una bandeja de recogida de residuos. Su molde est\u00e1 hecho de tefl\u00f3n y su material externo es de acero inoxidable.<\/p>\n<p>&nbsp;<\/p>\n<p>\u00bfC\u00f3mo funciona?<\/p>\n<p>El funcionamiento de esta wafflera es bastante sencillo. Una vez que se enciende y se ajusta la temperatura deseada, se vierte la masa para waffles en el molde recubierto de tefl\u00f3n. Luego, se cierra la tapa y se establece el temporizador seg\u00fan las preferencias de cocci\u00f3n. Una vez que el tiempo establecido ha transcurrido, la wafflera emite una se\u00f1al para indicar que los waffles est\u00e1n listos. La bandeja de recogida de residuos facilita la limpieza de los restos de masa despu\u00e9s de su uso.<\/p>\n<p>&nbsp;<\/p>\n<p>\u00bfEn qu\u00e9 industrias puede servir?<\/p>\n<p>Esta wafflera es vers\u00e1til y puede ser \u00fatil en diversas industrias relacionadas con la preparaci\u00f3n y venta de alimentos. Es especialmente adecuada para camiones de comida, puestos de mercado y eventos al aire libre donde la novedad y la variedad son valoradas. Adem\u00e1s, puede ser utilizada en hoteles, restaurantes y cafeter\u00edas que deseen ofrecer waffles personalizados y de alta calidad a sus clientes. Su capacidad para crear una amplia gama de waffles, tanto dulces como salados, la hace atractiva para cualquier entorno culinario donde se busque innovaci\u00f3n y creatividad en la oferta de productos.<\/p>\n<p>&nbsp;<\/p>\n<p>&nbsp;<\/p>\n","protected":false},"featured_media":16644,"comment_status":"open","ping_status":"closed","template":"","meta":[],"product_brand":[],"product_cat":[140,228],"product_tag":[220,218,219],"class_list":{"0":"post-16643","1":"product","2":"type-product","3":"status-publish","4":"has-post-thumbnail","6":"product_cat-preparacion-de-alimentos","7":"product_cat-waffleras","8":"product_tag-amasadora","9":"product_tag-amasadora-industrial","10":"product_tag-panaderia","12":"first","13":"instock","14":"featured","15":"shipping-taxable","16":"purchasable","17":"product-type-simple"},"yoast_head":"<!-- This site is optimized with the Yoast SEO plugin v27.3 - https:\/\/yoast.com\/product\/yoast-seo-wordpress\/ -->\n<title>Waflera Er\u00f3tica Forma Vagina 05 - Fuller Machinery<\/title>\n<meta name=\"robots\" content=\"index, follow, max-snippet:-1, max-image-preview:large, max-video-preview:-1\" \/>\n<link rel=\"canonical\" href=\"https:\/\/tienda.fullermachinery.com\/index.php\/producto\/waflera-erotica-05\/\" \/>\n<meta property=\"og:locale\" content=\"es_ES\" \/>\n<meta property=\"og:type\" content=\"article\" \/>\n<meta property=\"og:title\" content=\"Waflera Er\u00f3tica Forma Vagina 05 - Fuller Machinery\" \/>\n<meta property=\"og:description\" content=\"Qu\u00e9 es el equipo?  La wafflera descrita es un dispositivo de cocina dise\u00f1ado para crear waffles de tama\u00f1o considerable, con unas medidas de 19 cm de largo y 7 cm de ancho. Con un dise\u00f1o compacto y robusto, est\u00e1 equipada con caracter\u00edsticas como un rango de temperatura ajustable de 50 a 300 grados Celsius, un temporizador de hasta 5 minutos y una bandeja de recogida de residuos. Su molde est\u00e1 hecho de tefl\u00f3n y su material externo es de acero inoxidable.  &nbsp;  \u00bfC\u00f3mo funciona?  El funcionamiento de esta wafflera es bastante sencillo. Una vez que se enciende y se ajusta la temperatura deseada, se vierte la masa para waffles en el molde recubierto de tefl\u00f3n. Luego, se cierra la tapa y se establece el temporizador seg\u00fan las preferencias de cocci\u00f3n. Una vez que el tiempo establecido ha transcurrido, la wafflera emite una se\u00f1al para indicar que los waffles est\u00e1n listos. La bandeja de recogida de residuos facilita la limpieza de los restos de masa despu\u00e9s de su uso.  &nbsp;  \u00bfEn qu\u00e9 industrias puede servir?  Esta wafflera es vers\u00e1til y puede ser \u00fatil en diversas industrias relacionadas con la preparaci\u00f3n y venta de alimentos. Es especialmente adecuada para camiones de comida, puestos de mercado y eventos al aire libre donde la novedad y la variedad son valoradas. Adem\u00e1s, puede ser utilizada en hoteles, restaurantes y cafeter\u00edas que deseen ofrecer waffles personalizados y de alta calidad a sus clientes. Su capacidad para crear una amplia gama de waffles, tanto dulces como salados, la hace atractiva para cualquier entorno culinario donde se busque innovaci\u00f3n y creatividad en la oferta de productos.  &nbsp;  &nbsp;\" \/>\n<meta property=\"og:url\" content=\"https:\/\/tienda.fullermachinery.com\/index.php\/producto\/waflera-erotica-05\/\" \/>\n<meta property=\"og:site_name\" content=\"Fuller Machinery\" \/>\n<meta property=\"article:modified_time\" content=\"2024-10-24T15:04:30+00:00\" \/>\n<meta property=\"og:image\" content=\"https:\/\/tienda.fullermachinery.com\/wp-content\/uploads\/2024\/07\/Wafflera-Erotica-05-1.png\" \/>\n\t<meta property=\"og:image:width\" content=\"2000\" \/>\n\t<meta property=\"og:image:height\" content=\"2000\" \/>\n\t<meta property=\"og:image:type\" content=\"image\/png\" \/>\n<meta name=\"twitter:card\" content=\"summary_large_image\" \/>\n<script type=\"application\/ld+json\" class=\"yoast-schema-graph\">{\"@context\":\"https:\\\/\\\/schema.org\",\"@graph\":[{\"@type\":\"WebPage\",\"@id\":\"https:\\\/\\\/tienda.fullermachinery.com\\\/index.php\\\/producto\\\/waflera-erotica-05\\\/\",\"url\":\"https:\\\/\\\/tienda.fullermachinery.com\\\/index.php\\\/producto\\\/waflera-erotica-05\\\/\",\"name\":\"Waflera Er\u00f3tica Forma Vagina 05 - Fuller Machinery\",\"isPartOf\":{\"@id\":\"https:\\\/\\\/tienda.fullermachinery.com\\\/#website\"},\"primaryImageOfPage\":{\"@id\":\"https:\\\/\\\/tienda.fullermachinery.com\\\/index.php\\\/producto\\\/waflera-erotica-05\\\/#primaryimage\"},\"image\":{\"@id\":\"https:\\\/\\\/tienda.fullermachinery.com\\\/index.php\\\/producto\\\/waflera-erotica-05\\\/#primaryimage\"},\"thumbnailUrl\":\"https:\\\/\\\/tienda.fullermachinery.com\\\/wp-content\\\/uploads\\\/2024\\\/07\\\/Wafflera-Erotica-05-1.png\",\"datePublished\":\"2024-07-17T20:37:08+00:00\",\"dateModified\":\"2024-10-24T15:04:30+00:00\",\"breadcrumb\":{\"@id\":\"https:\\\/\\\/tienda.fullermachinery.com\\\/index.php\\\/producto\\\/waflera-erotica-05\\\/#breadcrumb\"},\"inLanguage\":\"es\",\"potentialAction\":[{\"@type\":\"ReadAction\",\"target\":[\"https:\\\/\\\/tienda.fullermachinery.com\\\/index.php\\\/producto\\\/waflera-erotica-05\\\/\"]}]},{\"@type\":\"ImageObject\",\"inLanguage\":\"es\",\"@id\":\"https:\\\/\\\/tienda.fullermachinery.com\\\/index.php\\\/producto\\\/waflera-erotica-05\\\/#primaryimage\",\"url\":\"https:\\\/\\\/tienda.fullermachinery.com\\\/wp-content\\\/uploads\\\/2024\\\/07\\\/Wafflera-Erotica-05-1.png\",\"contentUrl\":\"https:\\\/\\\/tienda.fullermachinery.com\\\/wp-content\\\/uploads\\\/2024\\\/07\\\/Wafflera-Erotica-05-1.png\",\"width\":2000,\"height\":2000,\"caption\":\"La wafflera descrita es un dispositivo de cocina dise\u00f1ado para crear waffles de tama\u00f1o considerable, con unas medidas de 19 cm de largo y 7 cm de ancho. Con un dise\u00f1o compacto y robusto, est\u00e1 equipada con caracter\u00edsticas como un rango de temperatura ajustable de 50 a 300 grados Celsius, un temporizador de hasta 5 minutos y una bandeja de recogida de residuos. Su molde est\u00e1 hecho de tefl\u00f3n y su material externo es de acero inoxidable.\"},{\"@type\":\"BreadcrumbList\",\"@id\":\"https:\\\/\\\/tienda.fullermachinery.com\\\/index.php\\\/producto\\\/waflera-erotica-05\\\/#breadcrumb\",\"itemListElement\":[{\"@type\":\"ListItem\",\"position\":1,\"name\":\"Portada\",\"item\":\"https:\\\/\\\/tienda.fullermachinery.com\\\/\"},{\"@type\":\"ListItem\",\"position\":2,\"name\":\"Productos\",\"item\":\"https:\\\/\\\/tienda.fullermachinery.com\\\/index.php\\\/shop\\\/\"},{\"@type\":\"ListItem\",\"position\":3,\"name\":\"Waflera Er\u00f3tica Forma Vagina 05\"}]},{\"@type\":\"WebSite\",\"@id\":\"https:\\\/\\\/tienda.fullermachinery.com\\\/#website\",\"url\":\"https:\\\/\\\/tienda.fullermachinery.com\\\/\",\"name\":\"Fuller Machinery\",\"description\":\"Importaci\u00f3n y comercializaci\u00f3n de m\u00e1quinas industriales para el sector de alimentos\",\"publisher\":{\"@id\":\"https:\\\/\\\/tienda.fullermachinery.com\\\/#organization\"},\"potentialAction\":[{\"@type\":\"SearchAction\",\"target\":{\"@type\":\"EntryPoint\",\"urlTemplate\":\"https:\\\/\\\/tienda.fullermachinery.com\\\/?s={search_term_string}\"},\"query-input\":{\"@type\":\"PropertyValueSpecification\",\"valueRequired\":true,\"valueName\":\"search_term_string\"}}],\"inLanguage\":\"es\"},{\"@type\":\"Organization\",\"@id\":\"https:\\\/\\\/tienda.fullermachinery.com\\\/#organization\",\"name\":\"Fuller Machinery\",\"url\":\"https:\\\/\\\/tienda.fullermachinery.com\\\/\",\"logo\":{\"@type\":\"ImageObject\",\"inLanguage\":\"es\",\"@id\":\"https:\\\/\\\/tienda.fullermachinery.com\\\/#\\\/schema\\\/logo\\\/image\\\/\",\"url\":\"https:\\\/\\\/tienda.fullermachinery.com\\\/wp-content\\\/uploads\\\/2023\\\/08\\\/logo-fuller-transparente.png\",\"contentUrl\":\"https:\\\/\\\/tienda.fullermachinery.com\\\/wp-content\\\/uploads\\\/2023\\\/08\\\/logo-fuller-transparente.png\",\"width\":2208,\"height\":644,\"caption\":\"Fuller Machinery\"},\"image\":{\"@id\":\"https:\\\/\\\/tienda.fullermachinery.com\\\/#\\\/schema\\\/logo\\\/image\\\/\"}}]}<\/script>\n<!-- \/ Yoast SEO plugin. -->","yoast_head_json":{"title":"Waflera Er\u00f3tica Forma Vagina 05 - Fuller Machinery","robots":{"index":"index","follow":"follow","max-snippet":"max-snippet:-1","max-image-preview":"max-image-preview:large","max-video-preview":"max-video-preview:-1"},"canonical":"https:\/\/tienda.fullermachinery.com\/index.php\/producto\/waflera-erotica-05\/","og_locale":"es_ES","og_type":"article","og_title":"Waflera Er\u00f3tica Forma Vagina 05 - Fuller Machinery","og_description":"Qu\u00e9 es el equipo?  La wafflera descrita es un dispositivo de cocina dise\u00f1ado para crear waffles de tama\u00f1o considerable, con unas medidas de 19 cm de largo y 7 cm de ancho. Con un dise\u00f1o compacto y robusto, est\u00e1 equipada con caracter\u00edsticas como un rango de temperatura ajustable de 50 a 300 grados Celsius, un temporizador de hasta 5 minutos y una bandeja de recogida de residuos. Su molde est\u00e1 hecho de tefl\u00f3n y su material externo es de acero inoxidable.  &nbsp;  \u00bfC\u00f3mo funciona?  El funcionamiento de esta wafflera es bastante sencillo. Una vez que se enciende y se ajusta la temperatura deseada, se vierte la masa para waffles en el molde recubierto de tefl\u00f3n. Luego, se cierra la tapa y se establece el temporizador seg\u00fan las preferencias de cocci\u00f3n. Una vez que el tiempo establecido ha transcurrido, la wafflera emite una se\u00f1al para indicar que los waffles est\u00e1n listos. La bandeja de recogida de residuos facilita la limpieza de los restos de masa despu\u00e9s de su uso.  &nbsp;  \u00bfEn qu\u00e9 industrias puede servir?  Esta wafflera es vers\u00e1til y puede ser \u00fatil en diversas industrias relacionadas con la preparaci\u00f3n y venta de alimentos. Es especialmente adecuada para camiones de comida, puestos de mercado y eventos al aire libre donde la novedad y la variedad son valoradas. Adem\u00e1s, puede ser utilizada en hoteles, restaurantes y cafeter\u00edas que deseen ofrecer waffles personalizados y de alta calidad a sus clientes. Su capacidad para crear una amplia gama de waffles, tanto dulces como salados, la hace atractiva para cualquier entorno culinario donde se busque innovaci\u00f3n y creatividad en la oferta de productos.  &nbsp;  &nbsp;","og_url":"https:\/\/tienda.fullermachinery.com\/index.php\/producto\/waflera-erotica-05\/","og_site_name":"Fuller Machinery","article_modified_time":"2024-10-24T15:04:30+00:00","og_image":[{"width":2000,"height":2000,"url":"https:\/\/tienda.fullermachinery.com\/wp-content\/uploads\/2024\/07\/Wafflera-Erotica-05-1.png","type":"image\/png"}],"twitter_card":"summary_large_image","schema":{"@context":"https:\/\/schema.org","@graph":[{"@type":"WebPage","@id":"https:\/\/tienda.fullermachinery.com\/index.php\/producto\/waflera-erotica-05\/","url":"https:\/\/tienda.fullermachinery.com\/index.php\/producto\/waflera-erotica-05\/","name":"Waflera Er\u00f3tica Forma Vagina 05 - Fuller Machinery","isPartOf":{"@id":"https:\/\/tienda.fullermachinery.com\/#website"},"primaryImageOfPage":{"@id":"https:\/\/tienda.fullermachinery.com\/index.php\/producto\/waflera-erotica-05\/#primaryimage"},"image":{"@id":"https:\/\/tienda.fullermachinery.com\/index.php\/producto\/waflera-erotica-05\/#primaryimage"},"thumbnailUrl":"https:\/\/tienda.fullermachinery.com\/wp-content\/uploads\/2024\/07\/Wafflera-Erotica-05-1.png","datePublished":"2024-07-17T20:37:08+00:00","dateModified":"2024-10-24T15:04:30+00:00","breadcrumb":{"@id":"https:\/\/tienda.fullermachinery.com\/index.php\/producto\/waflera-erotica-05\/#breadcrumb"},"inLanguage":"es","potentialAction":[{"@type":"ReadAction","target":["https:\/\/tienda.fullermachinery.com\/index.php\/producto\/waflera-erotica-05\/"]}]},{"@type":"ImageObject","inLanguage":"es","@id":"https:\/\/tienda.fullermachinery.com\/index.php\/producto\/waflera-erotica-05\/#primaryimage","url":"https:\/\/tienda.fullermachinery.com\/wp-content\/uploads\/2024\/07\/Wafflera-Erotica-05-1.png","contentUrl":"https:\/\/tienda.fullermachinery.com\/wp-content\/uploads\/2024\/07\/Wafflera-Erotica-05-1.png","width":2000,"height":2000,"caption":"La wafflera descrita es un dispositivo de cocina dise\u00f1ado para crear waffles de tama\u00f1o considerable, con unas medidas de 19 cm de largo y 7 cm de ancho. Con un dise\u00f1o compacto y robusto, est\u00e1 equipada con caracter\u00edsticas como un rango de temperatura ajustable de 50 a 300 grados Celsius, un temporizador de hasta 5 minutos y una bandeja de recogida de residuos. Su molde est\u00e1 hecho de tefl\u00f3n y su material externo es de acero inoxidable."},{"@type":"BreadcrumbList","@id":"https:\/\/tienda.fullermachinery.com\/index.php\/producto\/waflera-erotica-05\/#breadcrumb","itemListElement":[{"@type":"ListItem","position":1,"name":"Portada","item":"https:\/\/tienda.fullermachinery.com\/"},{"@type":"ListItem","position":2,"name":"Productos","item":"https:\/\/tienda.fullermachinery.com\/index.php\/shop\/"},{"@type":"ListItem","position":3,"name":"Waflera Er\u00f3tica Forma Vagina 05"}]},{"@type":"WebSite","@id":"https:\/\/tienda.fullermachinery.com\/#website","url":"https:\/\/tienda.fullermachinery.com\/","name":"Fuller Machinery","description":"Importaci\u00f3n y comercializaci\u00f3n de m\u00e1quinas industriales para el sector de alimentos","publisher":{"@id":"https:\/\/tienda.fullermachinery.com\/#organization"},"potentialAction":[{"@type":"SearchAction","target":{"@type":"EntryPoint","urlTemplate":"https:\/\/tienda.fullermachinery.com\/?s={search_term_string}"},"query-input":{"@type":"PropertyValueSpecification","valueRequired":true,"valueName":"search_term_string"}}],"inLanguage":"es"},{"@type":"Organization","@id":"https:\/\/tienda.fullermachinery.com\/#organization","name":"Fuller Machinery","url":"https:\/\/tienda.fullermachinery.com\/","logo":{"@type":"ImageObject","inLanguage":"es","@id":"https:\/\/tienda.fullermachinery.com\/#\/schema\/logo\/image\/","url":"https:\/\/tienda.fullermachinery.com\/wp-content\/uploads\/2023\/08\/logo-fuller-transparente.png","contentUrl":"https:\/\/tienda.fullermachinery.com\/wp-content\/uploads\/2023\/08\/logo-fuller-transparente.png","width":2208,"height":644,"caption":"Fuller Machinery"},"image":{"@id":"https:\/\/tienda.fullermachinery.com\/#\/schema\/logo\/image\/"}}]}},"jetpack_sharing_enabled":true,"_links":{"self":[{"href":"https:\/\/tienda.fullermachinery.com\/index.php\/wp-json\/wp\/v2\/product\/16643","targetHints":{"allow":["GET"]}}],"collection":[{"href":"https:\/\/tienda.fullermachinery.com\/index.php\/wp-json\/wp\/v2\/product"}],"about":[{"href":"https:\/\/tienda.fullermachinery.com\/index.php\/wp-json\/wp\/v2\/types\/product"}],"replies":[{"embeddable":true,"href":"https:\/\/tienda.fullermachinery.com\/index.php\/wp-json\/wp\/v2\/comments?post=16643"}],"version-history":[{"count":3,"href":"https:\/\/tienda.fullermachinery.com\/index.php\/wp-json\/wp\/v2\/product\/16643\/revisions"}],"predecessor-version":[{"id":17399,"href":"https:\/\/tienda.fullermachinery.com\/index.php\/wp-json\/wp\/v2\/product\/16643\/revisions\/17399"}],"wp:featuredmedia":[{"embeddable":true,"href":"https:\/\/tienda.fullermachinery.com\/index.php\/wp-json\/wp\/v2\/media\/16644"}],"wp:attachment":[{"href":"https:\/\/tienda.fullermachinery.com\/index.php\/wp-json\/wp\/v2\/media?parent=16643"}],"wp:term":[{"taxonomy":"product_brand","embeddable":true,"href":"https:\/\/tienda.fullermachinery.com\/index.php\/wp-json\/wp\/v2\/product_brand?post=16643"},{"taxonomy":"product_cat","embeddable":true,"href":"https:\/\/tienda.fullermachinery.com\/index.php\/wp-json\/wp\/v2\/product_cat?post=16643"},{"taxonomy":"product_tag","embeddable":true,"href":"https:\/\/tienda.fullermachinery.com\/index.php\/wp-json\/wp\/v2\/product_tag?post=16643"}],"curies":[{"name":"wp","href":"https:\/\/api.w.org\/{rel}","templated":true}]}}