{"id":16629,"date":"2024-07-17T15:14:32","date_gmt":"2024-07-17T20:14:32","guid":{"rendered":"https:\/\/tienda.fullermachinery.com\/?post_type=product&#038;p=16629"},"modified":"2026-04-27T14:54:04","modified_gmt":"2026-04-27T19:54:04","slug":"waflera-erotica-femenina","status":"publish","type":"product","link":"https:\/\/tienda.fullermachinery.com\/index.php\/producto\/waflera-erotica-femenina\/","title":{"rendered":"WAFLERA EROTICA MOLDE ESTILO VAGINA"},"content":{"rendered":"\t\t<div data-elementor-type=\"wp-post\" data-elementor-id=\"16629\" class=\"elementor elementor-16629\">\n\t\t\t\t\t\t<section class=\"elementor-section elementor-top-section elementor-element elementor-element-172737e elementor-section-boxed elementor-section-height-default elementor-section-height-default wd-section-disabled\" data-id=\"172737e\" data-element_type=\"section\" data-e-type=\"section\">\n\t\t\t\t\t\t<div class=\"elementor-container elementor-column-gap-default\">\n\t\t\t\t\t<div class=\"elementor-column elementor-col-100 elementor-top-column elementor-element elementor-element-7caedd7\" data-id=\"7caedd7\" data-element_type=\"column\" data-e-type=\"column\">\n\t\t\t<div class=\"elementor-widget-wrap elementor-element-populated\">\n\t\t\t\t\t\t<div class=\"elementor-element elementor-element-d4f6b10 elementor-widget elementor-widget-wd_text_block\" data-id=\"d4f6b10\" data-element_type=\"widget\" data-e-type=\"widget\" data-widget_type=\"wd_text_block.default\">\n\t\t\t\t<div class=\"elementor-widget-container\">\n\t\t\t\t\t\t\t<div class=\"wd-text-block reset-last-child text-left\">\n\t\t\t\n\t\t\t<p data-start=\"137\" data-end=\"294\">La wafflera tem\u00e1tica <strong data-start=\"158\" data-end=\"188\">Wafflera Er\u00f3tica Giratoria<\/strong> est\u00e1 dise\u00f1ada para negocios que buscan ofrecer una experiencia diferente, llamativa y altamente rentable.<\/p><p data-start=\"296\" data-end=\"521\">A diferencia de modelos tradicionales, incorpora un <strong data-start=\"348\" data-end=\"381\">sistema giratorio de planchas<\/strong>, lo que permite una distribuci\u00f3n uniforme de la mezcla y una cocci\u00f3n m\u00e1s homog\u00e9nea, mejorando la textura y presentaci\u00f3n del producto final.<\/p><p data-start=\"523\" data-end=\"805\">Su dise\u00f1o creativo la convierte en una excelente opci\u00f3n para negocios que apuestan por la diferenciaci\u00f3n: bares, eventos, food trucks, sex shops y conceptos de postres innovadores. Es un producto que no solo se consume, sino que genera interacci\u00f3n, contenido y recordaci\u00f3n de marca.<\/p><p data-start=\"807\" data-end=\"1086\">Cuenta con control de temperatura ajustable hasta 300\u00b0C y temporizador de hasta 10 minutos, facilitando una operaci\u00f3n precisa y repetible. Su estructura en acero inoxidable y moldes con recubrimiento en tefl\u00f3n garantizan durabilidad, f\u00e1cil limpieza y resistencia al uso continuo.<\/p><h3 data-section-id=\"tcr4w1\" data-start=\"1088\" data-end=\"1123\">\ud83d\udd27 Caracter\u00edsticas principales:<\/h3><ul data-start=\"1124\" data-end=\"1570\"><li data-section-id=\"19paq79\" data-start=\"1124\" data-end=\"1157\">Sistema giratorio de planchas<\/li><li data-section-id=\"l46kij\" data-start=\"1158\" data-end=\"1175\">Voltaje: 110V<\/li><li data-section-id=\"aijou9\" data-start=\"1176\" data-end=\"1196\">Frecuencia: 60Hz<\/li><li data-section-id=\"frawl5\" data-start=\"1197\" data-end=\"1218\">Potencia: 1.56 kW<\/li><li data-section-id=\"14zxwmx\" data-start=\"1219\" data-end=\"1257\">Rango de temperatura: 50\u00b0C a 300\u00b0C<\/li><li data-section-id=\"1ggqx8v\" data-start=\"1258\" data-end=\"1290\">Temporizador: 0 a 10 minutos<\/li><li data-section-id=\"1jqmonp\" data-start=\"1291\" data-end=\"1336\">Material de plancha: tefl\u00f3n antiadherente<\/li><li data-section-id=\"1ji8bh7\" data-start=\"1337\" data-end=\"1365\">Base en acero inoxidable<\/li><li data-section-id=\"1qnjfsz\" data-start=\"1366\" data-end=\"1409\">Mangos resistentes a altas temperaturas<\/li><li data-section-id=\"q6761i\" data-start=\"1410\" data-end=\"1454\">Indicadores de encendido y calentamiento<\/li><li data-section-id=\"mwdwkb\" data-start=\"1455\" data-end=\"1510\">Dimensiones: 38 cm alto \u00d7 44 cm ancho \u00d7 33 cm largo<\/li><li data-section-id=\"on0305\" data-start=\"1511\" data-end=\"1526\">Peso: 13 kg<\/li><li data-section-id=\"58fj3s\" data-start=\"1527\" data-end=\"1570\">Patas de soporte para mayor estabilidad<\/li><\/ul><h3 data-section-id=\"13uagx5\" data-start=\"1572\" data-end=\"1596\">\ud83d\ude80 Beneficios clave:<\/h3><ul data-start=\"1597\" data-end=\"1941\"><li data-section-id=\"tks839\" data-start=\"1597\" data-end=\"1666\"><strong data-start=\"1599\" data-end=\"1620\">Cocci\u00f3n uniforme:<\/strong> sistema giratorio mejora el resultado final<\/li><li data-section-id=\"109h9sw\" data-start=\"1667\" data-end=\"1731\"><strong data-start=\"1669\" data-end=\"1693\">Alto impacto visual:<\/strong> producto ideal para atraer clientes<\/li><li data-section-id=\"1icx65\" data-start=\"1732\" data-end=\"1806\"><strong data-start=\"1734\" data-end=\"1760\">Mayor valor percibido:<\/strong> formato diferencial frente a lo tradicional<\/li><li data-section-id=\"1nlz8ic\" data-start=\"1807\" data-end=\"1868\"><strong data-start=\"1809\" data-end=\"1832\">Operaci\u00f3n sencilla:<\/strong> controles de tiempo y temperatura<\/li><li data-section-id=\"o1f0qo\" data-start=\"1869\" data-end=\"1941\"><strong data-start=\"1871\" data-end=\"1897\">Durabilidad comercial:<\/strong> materiales resistentes para uso intensivo<\/li><\/ul>\n\t\t\t\t\t<\/div>\n\t\t\t\t\t\t<\/div>\n\t\t\t\t<\/div>\n\t\t\t\t\t<\/div>\n\t\t<\/div>\n\t\t\t\t\t<\/div>\n\t\t<\/section>\n\t\t\t\t<\/div>\n\t\t","protected":false},"excerpt":{"rendered":"<p>Wafflera tem\u00e1tica con sistema giratorio para cocci\u00f3n uniforme. Ideal para negocios que buscan diferenciarse con productos llamativos, f\u00e1ciles de preparar y de alta rotaci\u00f3n.<\/p>\n","protected":false},"featured_media":16630,"comment_status":"open","ping_status":"closed","template":"","meta":[],"product_brand":[],"product_cat":[140,228],"product_tag":[220,218,219],"class_list":{"0":"post-16629","1":"product","2":"type-product","3":"status-publish","4":"has-post-thumbnail","6":"product_cat-preparacion-de-alimentos","7":"product_cat-waffleras","8":"product_tag-amasadora","9":"product_tag-amasadora-industrial","10":"product_tag-panaderia","12":"first","13":"instock","14":"featured","15":"shipping-taxable","16":"purchasable","17":"product-type-simple"},"yoast_head":"<!-- This site is optimized with the Yoast SEO plugin v27.5 - https:\/\/yoast.com\/product\/yoast-seo-wordpress\/ -->\n<title>WAFLERA EROTICA MOLDE ESTILO VAGINA - Fuller Machinery<\/title>\n<meta name=\"description\" content=\"Wafflera tem\u00e1tica con sistema giratorio, control de temperatura y temporizador. Ideal para negocios que buscan innovar y aumentar ventas.\" \/>\n<meta name=\"robots\" content=\"index, follow, max-snippet:-1, max-image-preview:large, max-video-preview:-1\" \/>\n<link rel=\"canonical\" href=\"https:\/\/tienda.fullermachinery.com\/index.php\/producto\/waflera-erotica-femenina\/\" \/>\n<meta property=\"og:locale\" content=\"es_ES\" \/>\n<meta property=\"og:type\" content=\"article\" \/>\n<meta property=\"og:title\" content=\"WAFLERA EROTICA MOLDE ESTILO VAGINA - Fuller Machinery\" \/>\n<meta property=\"og:description\" content=\"Wafflera tem\u00e1tica con sistema giratorio, control de temperatura y temporizador. Ideal para negocios que buscan innovar y aumentar ventas.\" \/>\n<meta property=\"og:url\" content=\"https:\/\/tienda.fullermachinery.com\/index.php\/producto\/waflera-erotica-femenina\/\" \/>\n<meta property=\"og:site_name\" content=\"Fuller Machinery\" \/>\n<meta property=\"article:modified_time\" content=\"2026-04-27T19:54:04+00:00\" \/>\n<meta property=\"og:image\" content=\"https:\/\/tienda.fullermachinery.com\/wp-content\/uploads\/2024\/07\/Wafflera-Erotica-Femenina-1.png\" \/>\n\t<meta property=\"og:image:width\" content=\"2000\" \/>\n\t<meta property=\"og:image:height\" content=\"2000\" \/>\n\t<meta property=\"og:image:type\" content=\"image\/png\" \/>\n<meta name=\"twitter:card\" content=\"summary_large_image\" \/>\n<meta name=\"twitter:label1\" content=\"Tiempo de lectura\" \/>\n\t<meta name=\"twitter:data1\" content=\"2 minutos\" \/>\n<script type=\"application\/ld+json\" class=\"yoast-schema-graph\">{\"@context\":\"https:\\\/\\\/schema.org\",\"@graph\":[{\"@type\":\"WebPage\",\"@id\":\"https:\\\/\\\/tienda.fullermachinery.com\\\/index.php\\\/producto\\\/waflera-erotica-femenina\\\/\",\"url\":\"https:\\\/\\\/tienda.fullermachinery.com\\\/index.php\\\/producto\\\/waflera-erotica-femenina\\\/\",\"name\":\"WAFLERA EROTICA MOLDE ESTILO VAGINA - Fuller Machinery\",\"isPartOf\":{\"@id\":\"https:\\\/\\\/tienda.fullermachinery.com\\\/#website\"},\"primaryImageOfPage\":{\"@id\":\"https:\\\/\\\/tienda.fullermachinery.com\\\/index.php\\\/producto\\\/waflera-erotica-femenina\\\/#primaryimage\"},\"image\":{\"@id\":\"https:\\\/\\\/tienda.fullermachinery.com\\\/index.php\\\/producto\\\/waflera-erotica-femenina\\\/#primaryimage\"},\"thumbnailUrl\":\"https:\\\/\\\/tienda.fullermachinery.com\\\/wp-content\\\/uploads\\\/2024\\\/07\\\/Wafflera-Erotica-Femenina-1.png\",\"datePublished\":\"2024-07-17T20:14:32+00:00\",\"dateModified\":\"2026-04-27T19:54:04+00:00\",\"description\":\"Wafflera tem\u00e1tica con sistema giratorio, control de temperatura y temporizador. Ideal para negocios que buscan innovar y aumentar ventas.\",\"breadcrumb\":{\"@id\":\"https:\\\/\\\/tienda.fullermachinery.com\\\/index.php\\\/producto\\\/waflera-erotica-femenina\\\/#breadcrumb\"},\"inLanguage\":\"es\",\"potentialAction\":[{\"@type\":\"ReadAction\",\"target\":[\"https:\\\/\\\/tienda.fullermachinery.com\\\/index.php\\\/producto\\\/waflera-erotica-femenina\\\/\"]}]},{\"@type\":\"ImageObject\",\"inLanguage\":\"es\",\"@id\":\"https:\\\/\\\/tienda.fullermachinery.com\\\/index.php\\\/producto\\\/waflera-erotica-femenina\\\/#primaryimage\",\"url\":\"https:\\\/\\\/tienda.fullermachinery.com\\\/wp-content\\\/uploads\\\/2024\\\/07\\\/Wafflera-Erotica-Femenina-1.png\",\"contentUrl\":\"https:\\\/\\\/tienda.fullermachinery.com\\\/wp-content\\\/uploads\\\/2024\\\/07\\\/Wafflera-Erotica-Femenina-1.png\",\"width\":2000,\"height\":2000,\"caption\":\"Sum\u00e9rgete en una experiencia culinaria \u00fanica y sensual con nuestra Wafflera Giratoria Femenina. Dise\u00f1ada para los amantes de la creatividad en la cocina y aquellos que buscan una experiencia gastron\u00f3mica excepcional, esta wafflera combina funcionalidad y estilo en una sola m\u00e1quina.\"},{\"@type\":\"BreadcrumbList\",\"@id\":\"https:\\\/\\\/tienda.fullermachinery.com\\\/index.php\\\/producto\\\/waflera-erotica-femenina\\\/#breadcrumb\",\"itemListElement\":[{\"@type\":\"ListItem\",\"position\":1,\"name\":\"Portada\",\"item\":\"https:\\\/\\\/tienda.fullermachinery.com\\\/\"},{\"@type\":\"ListItem\",\"position\":2,\"name\":\"Productos\",\"item\":\"https:\\\/\\\/tienda.fullermachinery.com\\\/index.php\\\/shop\\\/\"},{\"@type\":\"ListItem\",\"position\":3,\"name\":\"WAFLERA EROTICA MOLDE ESTILO VAGINA\"}]},{\"@type\":\"WebSite\",\"@id\":\"https:\\\/\\\/tienda.fullermachinery.com\\\/#website\",\"url\":\"https:\\\/\\\/tienda.fullermachinery.com\\\/\",\"name\":\"Fuller Machinery\",\"description\":\"Importaci\u00f3n y comercializaci\u00f3n de m\u00e1quinas industriales para el sector de alimentos\",\"publisher\":{\"@id\":\"https:\\\/\\\/tienda.fullermachinery.com\\\/#organization\"},\"potentialAction\":[{\"@type\":\"SearchAction\",\"target\":{\"@type\":\"EntryPoint\",\"urlTemplate\":\"https:\\\/\\\/tienda.fullermachinery.com\\\/?s={search_term_string}\"},\"query-input\":{\"@type\":\"PropertyValueSpecification\",\"valueRequired\":true,\"valueName\":\"search_term_string\"}}],\"inLanguage\":\"es\"},{\"@type\":\"Organization\",\"@id\":\"https:\\\/\\\/tienda.fullermachinery.com\\\/#organization\",\"name\":\"Fuller Machinery\",\"url\":\"https:\\\/\\\/tienda.fullermachinery.com\\\/\",\"logo\":{\"@type\":\"ImageObject\",\"inLanguage\":\"es\",\"@id\":\"https:\\\/\\\/tienda.fullermachinery.com\\\/#\\\/schema\\\/logo\\\/image\\\/\",\"url\":\"https:\\\/\\\/tienda.fullermachinery.com\\\/wp-content\\\/uploads\\\/2023\\\/08\\\/logo-fuller-transparente.png\",\"contentUrl\":\"https:\\\/\\\/tienda.fullermachinery.com\\\/wp-content\\\/uploads\\\/2023\\\/08\\\/logo-fuller-transparente.png\",\"width\":2208,\"height\":644,\"caption\":\"Fuller Machinery\"},\"image\":{\"@id\":\"https:\\\/\\\/tienda.fullermachinery.com\\\/#\\\/schema\\\/logo\\\/image\\\/\"}}]}<\/script>\n<!-- \/ Yoast SEO plugin. -->","yoast_head_json":{"title":"WAFLERA EROTICA MOLDE ESTILO VAGINA - Fuller Machinery","description":"Wafflera tem\u00e1tica con sistema giratorio, control de temperatura y temporizador. Ideal para negocios que buscan innovar y aumentar ventas.","robots":{"index":"index","follow":"follow","max-snippet":"max-snippet:-1","max-image-preview":"max-image-preview:large","max-video-preview":"max-video-preview:-1"},"canonical":"https:\/\/tienda.fullermachinery.com\/index.php\/producto\/waflera-erotica-femenina\/","og_locale":"es_ES","og_type":"article","og_title":"WAFLERA EROTICA MOLDE ESTILO VAGINA - Fuller Machinery","og_description":"Wafflera tem\u00e1tica con sistema giratorio, control de temperatura y temporizador. Ideal para negocios que buscan innovar y aumentar ventas.","og_url":"https:\/\/tienda.fullermachinery.com\/index.php\/producto\/waflera-erotica-femenina\/","og_site_name":"Fuller Machinery","article_modified_time":"2026-04-27T19:54:04+00:00","og_image":[{"width":2000,"height":2000,"url":"https:\/\/tienda.fullermachinery.com\/wp-content\/uploads\/2024\/07\/Wafflera-Erotica-Femenina-1.png","type":"image\/png"}],"twitter_card":"summary_large_image","twitter_misc":{"Tiempo de lectura":"2 minutos"},"schema":{"@context":"https:\/\/schema.org","@graph":[{"@type":"WebPage","@id":"https:\/\/tienda.fullermachinery.com\/index.php\/producto\/waflera-erotica-femenina\/","url":"https:\/\/tienda.fullermachinery.com\/index.php\/producto\/waflera-erotica-femenina\/","name":"WAFLERA EROTICA MOLDE ESTILO VAGINA - Fuller Machinery","isPartOf":{"@id":"https:\/\/tienda.fullermachinery.com\/#website"},"primaryImageOfPage":{"@id":"https:\/\/tienda.fullermachinery.com\/index.php\/producto\/waflera-erotica-femenina\/#primaryimage"},"image":{"@id":"https:\/\/tienda.fullermachinery.com\/index.php\/producto\/waflera-erotica-femenina\/#primaryimage"},"thumbnailUrl":"https:\/\/tienda.fullermachinery.com\/wp-content\/uploads\/2024\/07\/Wafflera-Erotica-Femenina-1.png","datePublished":"2024-07-17T20:14:32+00:00","dateModified":"2026-04-27T19:54:04+00:00","description":"Wafflera tem\u00e1tica con sistema giratorio, control de temperatura y temporizador. Ideal para negocios que buscan innovar y aumentar ventas.","breadcrumb":{"@id":"https:\/\/tienda.fullermachinery.com\/index.php\/producto\/waflera-erotica-femenina\/#breadcrumb"},"inLanguage":"es","potentialAction":[{"@type":"ReadAction","target":["https:\/\/tienda.fullermachinery.com\/index.php\/producto\/waflera-erotica-femenina\/"]}]},{"@type":"ImageObject","inLanguage":"es","@id":"https:\/\/tienda.fullermachinery.com\/index.php\/producto\/waflera-erotica-femenina\/#primaryimage","url":"https:\/\/tienda.fullermachinery.com\/wp-content\/uploads\/2024\/07\/Wafflera-Erotica-Femenina-1.png","contentUrl":"https:\/\/tienda.fullermachinery.com\/wp-content\/uploads\/2024\/07\/Wafflera-Erotica-Femenina-1.png","width":2000,"height":2000,"caption":"Sum\u00e9rgete en una experiencia culinaria \u00fanica y sensual con nuestra Wafflera Giratoria Femenina. Dise\u00f1ada para los amantes de la creatividad en la cocina y aquellos que buscan una experiencia gastron\u00f3mica excepcional, esta wafflera combina funcionalidad y estilo en una sola m\u00e1quina."},{"@type":"BreadcrumbList","@id":"https:\/\/tienda.fullermachinery.com\/index.php\/producto\/waflera-erotica-femenina\/#breadcrumb","itemListElement":[{"@type":"ListItem","position":1,"name":"Portada","item":"https:\/\/tienda.fullermachinery.com\/"},{"@type":"ListItem","position":2,"name":"Productos","item":"https:\/\/tienda.fullermachinery.com\/index.php\/shop\/"},{"@type":"ListItem","position":3,"name":"WAFLERA EROTICA MOLDE ESTILO VAGINA"}]},{"@type":"WebSite","@id":"https:\/\/tienda.fullermachinery.com\/#website","url":"https:\/\/tienda.fullermachinery.com\/","name":"Fuller Machinery","description":"Importaci\u00f3n y comercializaci\u00f3n de m\u00e1quinas industriales para el sector de alimentos","publisher":{"@id":"https:\/\/tienda.fullermachinery.com\/#organization"},"potentialAction":[{"@type":"SearchAction","target":{"@type":"EntryPoint","urlTemplate":"https:\/\/tienda.fullermachinery.com\/?s={search_term_string}"},"query-input":{"@type":"PropertyValueSpecification","valueRequired":true,"valueName":"search_term_string"}}],"inLanguage":"es"},{"@type":"Organization","@id":"https:\/\/tienda.fullermachinery.com\/#organization","name":"Fuller Machinery","url":"https:\/\/tienda.fullermachinery.com\/","logo":{"@type":"ImageObject","inLanguage":"es","@id":"https:\/\/tienda.fullermachinery.com\/#\/schema\/logo\/image\/","url":"https:\/\/tienda.fullermachinery.com\/wp-content\/uploads\/2023\/08\/logo-fuller-transparente.png","contentUrl":"https:\/\/tienda.fullermachinery.com\/wp-content\/uploads\/2023\/08\/logo-fuller-transparente.png","width":2208,"height":644,"caption":"Fuller Machinery"},"image":{"@id":"https:\/\/tienda.fullermachinery.com\/#\/schema\/logo\/image\/"}}]}},"jetpack_sharing_enabled":true,"_links":{"self":[{"href":"https:\/\/tienda.fullermachinery.com\/index.php\/wp-json\/wp\/v2\/product\/16629","targetHints":{"allow":["GET"]}}],"collection":[{"href":"https:\/\/tienda.fullermachinery.com\/index.php\/wp-json\/wp\/v2\/product"}],"about":[{"href":"https:\/\/tienda.fullermachinery.com\/index.php\/wp-json\/wp\/v2\/types\/product"}],"replies":[{"embeddable":true,"href":"https:\/\/tienda.fullermachinery.com\/index.php\/wp-json\/wp\/v2\/comments?post=16629"}],"version-history":[{"count":6,"href":"https:\/\/tienda.fullermachinery.com\/index.php\/wp-json\/wp\/v2\/product\/16629\/revisions"}],"predecessor-version":[{"id":19039,"href":"https:\/\/tienda.fullermachinery.com\/index.php\/wp-json\/wp\/v2\/product\/16629\/revisions\/19039"}],"wp:featuredmedia":[{"embeddable":true,"href":"https:\/\/tienda.fullermachinery.com\/index.php\/wp-json\/wp\/v2\/media\/16630"}],"wp:attachment":[{"href":"https:\/\/tienda.fullermachinery.com\/index.php\/wp-json\/wp\/v2\/media?parent=16629"}],"wp:term":[{"taxonomy":"product_brand","embeddable":true,"href":"https:\/\/tienda.fullermachinery.com\/index.php\/wp-json\/wp\/v2\/product_brand?post=16629"},{"taxonomy":"product_cat","embeddable":true,"href":"https:\/\/tienda.fullermachinery.com\/index.php\/wp-json\/wp\/v2\/product_cat?post=16629"},{"taxonomy":"product_tag","embeddable":true,"href":"https:\/\/tienda.fullermachinery.com\/index.php\/wp-json\/wp\/v2\/product_tag?post=16629"}],"curies":[{"name":"wp","href":"https:\/\/api.w.org\/{rel}","templated":true}]}}