{"id":16570,"date":"2024-07-16T03:15:32","date_gmt":"2024-07-16T08:15:32","guid":{"rendered":"https:\/\/tienda.fullermachinery.com\/?post_type=product&#038;p=16570"},"modified":"2024-10-18T14:11:53","modified_gmt":"2024-10-18T19:11:53","slug":"batidora-de-pedestal-10-lt-3-velocidades-industrial-2","status":"publish","type":"product","link":"https:\/\/tienda.fullermachinery.com\/index.php\/producto\/batidora-de-pedestal-10-lt-3-velocidades-industrial-2\/","title":{"rendered":"Batidora de pedestal 10 Lt 3 velocidades Industrial"},"content":{"rendered":"","protected":false},"excerpt":{"rendered":"<p>Dimensiones: 40 cm Ancho x 37 cm Largo x 60 Alto cm Dimensi\u00f3n del taz\u00f3n:<\/p>\n<p>Capacidad: 20 litros Alimentaci\u00f3n:110v Material: acero inoxidable Peso:70kg Frecuencia:60 Hertz Power:1,1 kW<\/p>\n<p>Caballo de fuerza:1,5 hp<\/p>\n<p>3 Velocidades:1.\u00aa 105 rpm, 2.\u00aa 180 rpm, 3.\u00aa 425 rpm Incluye pala, globo y batidor<\/p>\n<p>Velocidades tres velocidades. Incluye: Rejilla de seguridad. Incluye: sube y baja de taz\u00f3n<\/p>\n<p>&nbsp;<\/p>\n<p>Ideal para panader\u00eda, hoteles, restaurantes, comedores y otros lugares de operaci\u00f3n o procesamiento de alimentos<\/p>\n<p>Motor silencioso de alta eficiencia<\/p>\n<p>Las partes que entran en contacto con los alimentos est\u00e1n hechas de acero inoxidable de alta calidad, que cumple con los est\u00e1ndares nacionales de higiene.<\/p>\n","protected":false},"featured_media":16571,"comment_status":"open","ping_status":"closed","template":"","meta":[],"product_brand":[],"product_cat":[140,227],"product_tag":[],"class_list":{"0":"post-16570","1":"product","2":"type-product","3":"status-publish","4":"has-post-thumbnail","6":"product_cat-preparacion-de-alimentos","7":"product_cat-batidoras","9":"first","10":"instock","11":"shipping-taxable","12":"purchasable","13":"product-type-simple"},"yoast_head":"<!-- This site is optimized with the Yoast SEO plugin v27.4 - https:\/\/yoast.com\/product\/yoast-seo-wordpress\/ -->\n<title>Batidora de pedestal 10 Lt 3 velocidades Industrial - Fuller Machinery<\/title>\n<meta name=\"robots\" content=\"index, follow, max-snippet:-1, max-image-preview:large, max-video-preview:-1\" \/>\n<link rel=\"canonical\" href=\"https:\/\/tienda.fullermachinery.com\/index.php\/producto\/batidora-de-pedestal-10-lt-3-velocidades-industrial-2\/\" \/>\n<meta property=\"og:locale\" content=\"es_ES\" \/>\n<meta property=\"og:type\" content=\"article\" \/>\n<meta property=\"og:title\" content=\"Batidora de pedestal 10 Lt 3 velocidades Industrial - Fuller Machinery\" \/>\n<meta property=\"og:description\" content=\"Dimensiones: 40 cm Ancho x 37 cm Largo x 60 Alto cm Dimensi\u00f3n del taz\u00f3n:  Capacidad: 20 litros Alimentaci\u00f3n:110v Material: acero inoxidable Peso:70kg Frecuencia:60 Hertz Power:1,1 kW  Caballo de fuerza:1,5 hp  3 Velocidades:1.\u00aa 105 rpm, 2.\u00aa 180 rpm, 3.\u00aa 425 rpm Incluye pala, globo y batidor  Velocidades tres velocidades. Incluye: Rejilla de seguridad. Incluye: sube y baja de taz\u00f3n  &nbsp;  Ideal para panader\u00eda, hoteles, restaurantes, comedores y otros lugares de operaci\u00f3n o procesamiento de alimentos  Motor silencioso de alta eficiencia  Las partes que entran en contacto con los alimentos est\u00e1n hechas de acero inoxidable de alta calidad, que cumple con los est\u00e1ndares nacionales de higiene.\" \/>\n<meta property=\"og:url\" content=\"https:\/\/tienda.fullermachinery.com\/index.php\/producto\/batidora-de-pedestal-10-lt-3-velocidades-industrial-2\/\" \/>\n<meta property=\"og:site_name\" content=\"Fuller Machinery\" \/>\n<meta property=\"article:modified_time\" content=\"2024-10-18T19:11:53+00:00\" \/>\n<meta property=\"og:image\" content=\"https:\/\/tienda.fullermachinery.com\/wp-content\/uploads\/2024\/07\/Batidora-de-pedestal-10lt-3-velocidades-Industrial-1-2.png\" \/>\n\t<meta property=\"og:image:width\" content=\"2000\" \/>\n\t<meta property=\"og:image:height\" content=\"2000\" \/>\n\t<meta property=\"og:image:type\" content=\"image\/png\" \/>\n<meta name=\"twitter:card\" content=\"summary_large_image\" \/>\n<script type=\"application\/ld+json\" class=\"yoast-schema-graph\">{\"@context\":\"https:\\\/\\\/schema.org\",\"@graph\":[{\"@type\":\"WebPage\",\"@id\":\"https:\\\/\\\/tienda.fullermachinery.com\\\/index.php\\\/producto\\\/batidora-de-pedestal-10-lt-3-velocidades-industrial-2\\\/\",\"url\":\"https:\\\/\\\/tienda.fullermachinery.com\\\/index.php\\\/producto\\\/batidora-de-pedestal-10-lt-3-velocidades-industrial-2\\\/\",\"name\":\"Batidora de pedestal 10 Lt 3 velocidades Industrial - Fuller Machinery\",\"isPartOf\":{\"@id\":\"https:\\\/\\\/tienda.fullermachinery.com\\\/#website\"},\"primaryImageOfPage\":{\"@id\":\"https:\\\/\\\/tienda.fullermachinery.com\\\/index.php\\\/producto\\\/batidora-de-pedestal-10-lt-3-velocidades-industrial-2\\\/#primaryimage\"},\"image\":{\"@id\":\"https:\\\/\\\/tienda.fullermachinery.com\\\/index.php\\\/producto\\\/batidora-de-pedestal-10-lt-3-velocidades-industrial-2\\\/#primaryimage\"},\"thumbnailUrl\":\"https:\\\/\\\/tienda.fullermachinery.com\\\/wp-content\\\/uploads\\\/2024\\\/07\\\/Batidora-de-pedestal-10lt-3-velocidades-Industrial-1-2.png\",\"datePublished\":\"2024-07-16T08:15:32+00:00\",\"dateModified\":\"2024-10-18T19:11:53+00:00\",\"breadcrumb\":{\"@id\":\"https:\\\/\\\/tienda.fullermachinery.com\\\/index.php\\\/producto\\\/batidora-de-pedestal-10-lt-3-velocidades-industrial-2\\\/#breadcrumb\"},\"inLanguage\":\"es\",\"potentialAction\":[{\"@type\":\"ReadAction\",\"target\":[\"https:\\\/\\\/tienda.fullermachinery.com\\\/index.php\\\/producto\\\/batidora-de-pedestal-10-lt-3-velocidades-industrial-2\\\/\"]}]},{\"@type\":\"ImageObject\",\"inLanguage\":\"es\",\"@id\":\"https:\\\/\\\/tienda.fullermachinery.com\\\/index.php\\\/producto\\\/batidora-de-pedestal-10-lt-3-velocidades-industrial-2\\\/#primaryimage\",\"url\":\"https:\\\/\\\/tienda.fullermachinery.com\\\/wp-content\\\/uploads\\\/2024\\\/07\\\/Batidora-de-pedestal-10lt-3-velocidades-Industrial-1-2.png\",\"contentUrl\":\"https:\\\/\\\/tienda.fullermachinery.com\\\/wp-content\\\/uploads\\\/2024\\\/07\\\/Batidora-de-pedestal-10lt-3-velocidades-Industrial-1-2.png\",\"width\":2000,\"height\":2000,\"caption\":\"leva tu negocio a un nuevo nivel con la Batidora Industrial de 10 Litros, una herramienta indispensable para panader\u00edas, hoteles, restaurantes, comedores y cualquier lugar donde se procesen alimentos a gran escala. Su dise\u00f1o robusto, potencia excepcional y versatilidad la convierten en la aliada perfecta para los profesionales m\u00e1s exigentes.\"},{\"@type\":\"BreadcrumbList\",\"@id\":\"https:\\\/\\\/tienda.fullermachinery.com\\\/index.php\\\/producto\\\/batidora-de-pedestal-10-lt-3-velocidades-industrial-2\\\/#breadcrumb\",\"itemListElement\":[{\"@type\":\"ListItem\",\"position\":1,\"name\":\"Portada\",\"item\":\"https:\\\/\\\/tienda.fullermachinery.com\\\/\"},{\"@type\":\"ListItem\",\"position\":2,\"name\":\"Productos\",\"item\":\"https:\\\/\\\/tienda.fullermachinery.com\\\/index.php\\\/shop\\\/\"},{\"@type\":\"ListItem\",\"position\":3,\"name\":\"Batidora de pedestal 10 Lt 3 velocidades Industrial\"}]},{\"@type\":\"WebSite\",\"@id\":\"https:\\\/\\\/tienda.fullermachinery.com\\\/#website\",\"url\":\"https:\\\/\\\/tienda.fullermachinery.com\\\/\",\"name\":\"Fuller Machinery\",\"description\":\"Importaci\u00f3n y comercializaci\u00f3n de m\u00e1quinas industriales para el sector de alimentos\",\"publisher\":{\"@id\":\"https:\\\/\\\/tienda.fullermachinery.com\\\/#organization\"},\"potentialAction\":[{\"@type\":\"SearchAction\",\"target\":{\"@type\":\"EntryPoint\",\"urlTemplate\":\"https:\\\/\\\/tienda.fullermachinery.com\\\/?s={search_term_string}\"},\"query-input\":{\"@type\":\"PropertyValueSpecification\",\"valueRequired\":true,\"valueName\":\"search_term_string\"}}],\"inLanguage\":\"es\"},{\"@type\":\"Organization\",\"@id\":\"https:\\\/\\\/tienda.fullermachinery.com\\\/#organization\",\"name\":\"Fuller Machinery\",\"url\":\"https:\\\/\\\/tienda.fullermachinery.com\\\/\",\"logo\":{\"@type\":\"ImageObject\",\"inLanguage\":\"es\",\"@id\":\"https:\\\/\\\/tienda.fullermachinery.com\\\/#\\\/schema\\\/logo\\\/image\\\/\",\"url\":\"https:\\\/\\\/tienda.fullermachinery.com\\\/wp-content\\\/uploads\\\/2023\\\/08\\\/logo-fuller-transparente.png\",\"contentUrl\":\"https:\\\/\\\/tienda.fullermachinery.com\\\/wp-content\\\/uploads\\\/2023\\\/08\\\/logo-fuller-transparente.png\",\"width\":2208,\"height\":644,\"caption\":\"Fuller Machinery\"},\"image\":{\"@id\":\"https:\\\/\\\/tienda.fullermachinery.com\\\/#\\\/schema\\\/logo\\\/image\\\/\"}}]}<\/script>\n<!-- \/ Yoast SEO plugin. -->","yoast_head_json":{"title":"Batidora de pedestal 10 Lt 3 velocidades Industrial - Fuller Machinery","robots":{"index":"index","follow":"follow","max-snippet":"max-snippet:-1","max-image-preview":"max-image-preview:large","max-video-preview":"max-video-preview:-1"},"canonical":"https:\/\/tienda.fullermachinery.com\/index.php\/producto\/batidora-de-pedestal-10-lt-3-velocidades-industrial-2\/","og_locale":"es_ES","og_type":"article","og_title":"Batidora de pedestal 10 Lt 3 velocidades Industrial - Fuller Machinery","og_description":"Dimensiones: 40 cm Ancho x 37 cm Largo x 60 Alto cm Dimensi\u00f3n del taz\u00f3n:  Capacidad: 20 litros Alimentaci\u00f3n:110v Material: acero inoxidable Peso:70kg Frecuencia:60 Hertz Power:1,1 kW  Caballo de fuerza:1,5 hp  3 Velocidades:1.\u00aa 105 rpm, 2.\u00aa 180 rpm, 3.\u00aa 425 rpm Incluye pala, globo y batidor  Velocidades tres velocidades. Incluye: Rejilla de seguridad. Incluye: sube y baja de taz\u00f3n  &nbsp;  Ideal para panader\u00eda, hoteles, restaurantes, comedores y otros lugares de operaci\u00f3n o procesamiento de alimentos  Motor silencioso de alta eficiencia  Las partes que entran en contacto con los alimentos est\u00e1n hechas de acero inoxidable de alta calidad, que cumple con los est\u00e1ndares nacionales de higiene.","og_url":"https:\/\/tienda.fullermachinery.com\/index.php\/producto\/batidora-de-pedestal-10-lt-3-velocidades-industrial-2\/","og_site_name":"Fuller Machinery","article_modified_time":"2024-10-18T19:11:53+00:00","og_image":[{"width":2000,"height":2000,"url":"https:\/\/tienda.fullermachinery.com\/wp-content\/uploads\/2024\/07\/Batidora-de-pedestal-10lt-3-velocidades-Industrial-1-2.png","type":"image\/png"}],"twitter_card":"summary_large_image","schema":{"@context":"https:\/\/schema.org","@graph":[{"@type":"WebPage","@id":"https:\/\/tienda.fullermachinery.com\/index.php\/producto\/batidora-de-pedestal-10-lt-3-velocidades-industrial-2\/","url":"https:\/\/tienda.fullermachinery.com\/index.php\/producto\/batidora-de-pedestal-10-lt-3-velocidades-industrial-2\/","name":"Batidora de pedestal 10 Lt 3 velocidades Industrial - Fuller Machinery","isPartOf":{"@id":"https:\/\/tienda.fullermachinery.com\/#website"},"primaryImageOfPage":{"@id":"https:\/\/tienda.fullermachinery.com\/index.php\/producto\/batidora-de-pedestal-10-lt-3-velocidades-industrial-2\/#primaryimage"},"image":{"@id":"https:\/\/tienda.fullermachinery.com\/index.php\/producto\/batidora-de-pedestal-10-lt-3-velocidades-industrial-2\/#primaryimage"},"thumbnailUrl":"https:\/\/tienda.fullermachinery.com\/wp-content\/uploads\/2024\/07\/Batidora-de-pedestal-10lt-3-velocidades-Industrial-1-2.png","datePublished":"2024-07-16T08:15:32+00:00","dateModified":"2024-10-18T19:11:53+00:00","breadcrumb":{"@id":"https:\/\/tienda.fullermachinery.com\/index.php\/producto\/batidora-de-pedestal-10-lt-3-velocidades-industrial-2\/#breadcrumb"},"inLanguage":"es","potentialAction":[{"@type":"ReadAction","target":["https:\/\/tienda.fullermachinery.com\/index.php\/producto\/batidora-de-pedestal-10-lt-3-velocidades-industrial-2\/"]}]},{"@type":"ImageObject","inLanguage":"es","@id":"https:\/\/tienda.fullermachinery.com\/index.php\/producto\/batidora-de-pedestal-10-lt-3-velocidades-industrial-2\/#primaryimage","url":"https:\/\/tienda.fullermachinery.com\/wp-content\/uploads\/2024\/07\/Batidora-de-pedestal-10lt-3-velocidades-Industrial-1-2.png","contentUrl":"https:\/\/tienda.fullermachinery.com\/wp-content\/uploads\/2024\/07\/Batidora-de-pedestal-10lt-3-velocidades-Industrial-1-2.png","width":2000,"height":2000,"caption":"leva tu negocio a un nuevo nivel con la Batidora Industrial de 10 Litros, una herramienta indispensable para panader\u00edas, hoteles, restaurantes, comedores y cualquier lugar donde se procesen alimentos a gran escala. Su dise\u00f1o robusto, potencia excepcional y versatilidad la convierten en la aliada perfecta para los profesionales m\u00e1s exigentes."},{"@type":"BreadcrumbList","@id":"https:\/\/tienda.fullermachinery.com\/index.php\/producto\/batidora-de-pedestal-10-lt-3-velocidades-industrial-2\/#breadcrumb","itemListElement":[{"@type":"ListItem","position":1,"name":"Portada","item":"https:\/\/tienda.fullermachinery.com\/"},{"@type":"ListItem","position":2,"name":"Productos","item":"https:\/\/tienda.fullermachinery.com\/index.php\/shop\/"},{"@type":"ListItem","position":3,"name":"Batidora de pedestal 10 Lt 3 velocidades Industrial"}]},{"@type":"WebSite","@id":"https:\/\/tienda.fullermachinery.com\/#website","url":"https:\/\/tienda.fullermachinery.com\/","name":"Fuller Machinery","description":"Importaci\u00f3n y comercializaci\u00f3n de m\u00e1quinas industriales para el sector de alimentos","publisher":{"@id":"https:\/\/tienda.fullermachinery.com\/#organization"},"potentialAction":[{"@type":"SearchAction","target":{"@type":"EntryPoint","urlTemplate":"https:\/\/tienda.fullermachinery.com\/?s={search_term_string}"},"query-input":{"@type":"PropertyValueSpecification","valueRequired":true,"valueName":"search_term_string"}}],"inLanguage":"es"},{"@type":"Organization","@id":"https:\/\/tienda.fullermachinery.com\/#organization","name":"Fuller Machinery","url":"https:\/\/tienda.fullermachinery.com\/","logo":{"@type":"ImageObject","inLanguage":"es","@id":"https:\/\/tienda.fullermachinery.com\/#\/schema\/logo\/image\/","url":"https:\/\/tienda.fullermachinery.com\/wp-content\/uploads\/2023\/08\/logo-fuller-transparente.png","contentUrl":"https:\/\/tienda.fullermachinery.com\/wp-content\/uploads\/2023\/08\/logo-fuller-transparente.png","width":2208,"height":644,"caption":"Fuller Machinery"},"image":{"@id":"https:\/\/tienda.fullermachinery.com\/#\/schema\/logo\/image\/"}}]}},"jetpack_sharing_enabled":true,"_links":{"self":[{"href":"https:\/\/tienda.fullermachinery.com\/index.php\/wp-json\/wp\/v2\/product\/16570","targetHints":{"allow":["GET"]}}],"collection":[{"href":"https:\/\/tienda.fullermachinery.com\/index.php\/wp-json\/wp\/v2\/product"}],"about":[{"href":"https:\/\/tienda.fullermachinery.com\/index.php\/wp-json\/wp\/v2\/types\/product"}],"replies":[{"embeddable":true,"href":"https:\/\/tienda.fullermachinery.com\/index.php\/wp-json\/wp\/v2\/comments?post=16570"}],"version-history":[{"count":2,"href":"https:\/\/tienda.fullermachinery.com\/index.php\/wp-json\/wp\/v2\/product\/16570\/revisions"}],"predecessor-version":[{"id":16788,"href":"https:\/\/tienda.fullermachinery.com\/index.php\/wp-json\/wp\/v2\/product\/16570\/revisions\/16788"}],"wp:featuredmedia":[{"embeddable":true,"href":"https:\/\/tienda.fullermachinery.com\/index.php\/wp-json\/wp\/v2\/media\/16571"}],"wp:attachment":[{"href":"https:\/\/tienda.fullermachinery.com\/index.php\/wp-json\/wp\/v2\/media?parent=16570"}],"wp:term":[{"taxonomy":"product_brand","embeddable":true,"href":"https:\/\/tienda.fullermachinery.com\/index.php\/wp-json\/wp\/v2\/product_brand?post=16570"},{"taxonomy":"product_cat","embeddable":true,"href":"https:\/\/tienda.fullermachinery.com\/index.php\/wp-json\/wp\/v2\/product_cat?post=16570"},{"taxonomy":"product_tag","embeddable":true,"href":"https:\/\/tienda.fullermachinery.com\/index.php\/wp-json\/wp\/v2\/product_tag?post=16570"}],"curies":[{"name":"wp","href":"https:\/\/api.w.org\/{rel}","templated":true}]}}