{"id":16535,"date":"2024-07-16T02:37:25","date_gmt":"2024-07-16T07:37:25","guid":{"rendered":"https:\/\/tienda.fullermachinery.com\/?post_type=product&#038;p=16535"},"modified":"2026-04-24T12:05:39","modified_gmt":"2026-04-24T17:05:39","slug":"amasadora-industrial-50-libras-20kg-110v","status":"publish","type":"product","link":"https:\/\/tienda.fullermachinery.com\/index.php\/producto\/amasadora-industrial-50-libras-20kg-110v\/","title":{"rendered":"AMASADORA INDUSTRIAL 50 LIBRAS | MOTOR 3HP"},"content":{"rendered":"\t\t<div data-elementor-type=\"wp-post\" data-elementor-id=\"16535\" class=\"elementor elementor-16535\">\n\t\t\t\t\t\t<section class=\"elementor-section elementor-top-section elementor-element elementor-element-42eb202 elementor-section-boxed elementor-section-height-default elementor-section-height-default wd-section-disabled\" data-id=\"42eb202\" data-element_type=\"section\" data-e-type=\"section\">\n\t\t\t\t\t\t<div class=\"elementor-container elementor-column-gap-default\">\n\t\t\t\t\t<div class=\"elementor-column elementor-col-100 elementor-top-column elementor-element elementor-element-3c3fbd6\" data-id=\"3c3fbd6\" data-element_type=\"column\" data-e-type=\"column\">\n\t\t\t<div class=\"elementor-widget-wrap elementor-element-populated\">\n\t\t\t\t\t\t<div class=\"elementor-element elementor-element-bd03291 elementor-widget elementor-widget-wd_text_block\" data-id=\"bd03291\" data-element_type=\"widget\" data-e-type=\"widget\" data-widget_type=\"wd_text_block.default\">\n\t\t\t\t<div class=\"elementor-widget-container\">\n\t\t\t\t\t\t\t<div class=\"wd-text-block reset-last-child text-left\">\n\t\t\t\n\t\t\t<p data-start=\"876\" data-end=\"951\"><strong data-start=\"876\" data-end=\"951\">Amasadora Industrial 50 Libras | Potencia y precisi\u00f3n para tu panader\u00eda<\/strong><\/p><p data-start=\"953\" data-end=\"1229\">Dise\u00f1ada para entornos exigentes, esta <strong data-start=\"992\" data-end=\"1029\">amasadora industrial de 50 libras<\/strong> es ideal para preparar masas de pan, pizza, bizcochos y m\u00e1s. Su taz\u00f3n de acero inoxidable de <strong data-start=\"1123\" data-end=\"1167\">52 cm de di\u00e1metro y 30 cm de profundidad<\/strong> ofrece una capacidad de trabajo de hasta <strong data-start=\"1209\" data-end=\"1218\">20 kg<\/strong> por carga.<\/p><p data-start=\"1231\" data-end=\"1570\">Equipada con un motor de <strong data-start=\"1256\" data-end=\"1280\">3 caballos de fuerza<\/strong>, trabaja a una velocidad de 250 RPM en el gancho y 25 RPM en el taz\u00f3n, brindando una mezcla homog\u00e9nea en cada uso. Su <strong data-start=\"1399\" data-end=\"1421\">funci\u00f3n de reversa<\/strong> mejora el amasado, y la operaci\u00f3n asistida, junto al <strong data-start=\"1475\" data-end=\"1517\">temporizador y la rejilla de seguridad<\/strong>, garantizan eficiencia y protecci\u00f3n en todo momento.<\/p><hr data-start=\"1572\" data-end=\"1575\" \/><h3 data-start=\"1577\" data-end=\"1613\">\u2699\ufe0f <strong data-start=\"1584\" data-end=\"1613\">Caracter\u00edsticas t\u00e9cnicas:<\/strong><\/h3><ul data-start=\"1615\" data-end=\"2153\"><li data-start=\"1615\" data-end=\"1675\"><p data-start=\"1617\" data-end=\"1675\"><strong data-start=\"1617\" data-end=\"1641\">Capacidad del taz\u00f3n:<\/strong> 50 libras \/ 20 kg \/ 1.6 arrobas<\/p><\/li><li data-start=\"1676\" data-end=\"1709\"><p data-start=\"1678\" data-end=\"1709\"><strong data-start=\"1678\" data-end=\"1701\">Di\u00e1metro del taz\u00f3n:<\/strong> 52 cm<\/p><\/li><li data-start=\"1710\" data-end=\"1746\"><p data-start=\"1712\" data-end=\"1746\"><strong data-start=\"1712\" data-end=\"1738\">Profundidad del taz\u00f3n:<\/strong> 30 cm<\/p><\/li><li data-start=\"1747\" data-end=\"1784\"><p data-start=\"1749\" data-end=\"1784\"><strong data-start=\"1749\" data-end=\"1774\">Velocidad del gancho:<\/strong> 250 RPM<\/p><\/li><li data-start=\"1785\" data-end=\"1820\"><p data-start=\"1787\" data-end=\"1820\"><strong data-start=\"1787\" data-end=\"1811\">Velocidad del taz\u00f3n:<\/strong> 25 RPM<\/p><\/li><li data-start=\"1821\" data-end=\"1845\"><p data-start=\"1823\" data-end=\"1845\"><strong data-start=\"1823\" data-end=\"1836\">Potencia:<\/strong> 2.2 kW<\/p><\/li><li data-start=\"1846\" data-end=\"1865\"><p data-start=\"1848\" data-end=\"1865\"><strong data-start=\"1848\" data-end=\"1858\">Motor:<\/strong> 3 HP<\/p><\/li><li data-start=\"1866\" data-end=\"1892\"><p data-start=\"1868\" data-end=\"1892\"><strong data-start=\"1868\" data-end=\"1885\">Alimentaci\u00f3n:<\/strong> 110V<\/p><\/li><li data-start=\"1893\" data-end=\"1939\"><p data-start=\"1895\" data-end=\"1939\"><strong data-start=\"1895\" data-end=\"1937\">Requiere breaker independiente de 30 A<\/strong><\/p><\/li><li data-start=\"1940\" data-end=\"1971\"><p data-start=\"1942\" data-end=\"1971\"><strong data-start=\"1942\" data-end=\"1962\">Peso sin guacal:<\/strong> 168 kg<\/p><\/li><li data-start=\"1972\" data-end=\"2001\"><p data-start=\"1974\" data-end=\"2001\"><strong data-start=\"1974\" data-end=\"1992\">Peso empacada:<\/strong> 178 kg<\/p><\/li><li data-start=\"2002\" data-end=\"2074\"><p data-start=\"2004\" data-end=\"2074\"><strong data-start=\"2004\" data-end=\"2033\">Dimensiones (sin guacal):<\/strong> 88 cm alto x 92 cm largo x 53 cm ancho<\/p><\/li><li data-start=\"2075\" data-end=\"2153\"><p data-start=\"2077\" data-end=\"2153\"><strong data-start=\"2077\" data-end=\"2089\">Incluye:<\/strong> operaci\u00f3n asistida, reversa, temporizador, rejilla de seguridad<\/p><\/li><\/ul><hr data-start=\"2155\" data-end=\"2158\" \/><h3 data-start=\"2160\" data-end=\"2188\">\u2705 <strong data-start=\"2166\" data-end=\"2188\">Usos recomendados:<\/strong><\/h3><p data-start=\"2190\" data-end=\"2332\">Ideal para panader\u00edas, pizzer\u00edas, pasteler\u00edas, f\u00e1bricas de alimentos y negocios que requieren alta producci\u00f3n de masa con control y seguridad.<\/p>\n\t\t\t\t\t<\/div>\n\t\t\t\t\t\t<\/div>\n\t\t\t\t<\/div>\n\t\t\t\t\t<\/div>\n\t\t<\/div>\n\t\t\t\t\t<\/div>\n\t\t<\/section>\n\t\t\t\t<\/div>\n\t\t","protected":false},"excerpt":{"rendered":"<p>Amasadora industrial de 50 libras (20 kg) con taz\u00f3n de acero inoxidable, motor 3HP, reversa autom\u00e1tica, temporizador y rejilla de seguridad. Alimentaci\u00f3n 110V.<\/p>\n","protected":false},"featured_media":16537,"comment_status":"open","ping_status":"closed","template":"","meta":[],"product_brand":[302],"product_cat":[140,136],"product_tag":[220,403,404,218,399,400,402,401,219],"class_list":{"0":"post-16535","1":"product","2":"type-product","3":"status-publish","4":"has-post-thumbnail","6":"product_brand-fuller-machinery","7":"product_cat-preparacion-de-alimentos","8":"product_cat-amasadoras","9":"product_tag-amasadora","10":"product_tag-amasadora-110v","11":"product_tag-amasadora-con-temporizador-amasadora-con-reversa","12":"product_tag-amasadora-industrial","13":"product_tag-amasadora-panaderia","14":"product_tag-amasadora-para-pizza","15":"product_tag-equipo-para-panaderia","16":"product_tag-motor-3hp","17":"product_tag-panaderia","19":"first","20":"instock","21":"featured","22":"shipping-taxable","23":"purchasable","24":"product-type-simple"},"yoast_head":"<!-- This site is optimized with the Yoast SEO plugin v27.5 - https:\/\/yoast.com\/product\/yoast-seo-wordpress\/ -->\n<title>AMASADORA INDUSTRIAL 50 LIBRAS | MOTOR 3HP - Fuller Machinery<\/title>\n<meta name=\"description\" content=\"Amasadora profesional 50 lb con motor de 3 HP, taz\u00f3n de acero inoxidable, operaci\u00f3n asistida, temporizador y rejilla de seguridad. Ideal para pan y pizza.\" \/>\n<meta name=\"robots\" content=\"index, follow, max-snippet:-1, max-image-preview:large, max-video-preview:-1\" \/>\n<link rel=\"canonical\" href=\"https:\/\/tienda.fullermachinery.com\/index.php\/producto\/amasadora-industrial-50-libras-20kg-110v\/\" \/>\n<meta property=\"og:locale\" content=\"es_ES\" \/>\n<meta property=\"og:type\" content=\"article\" \/>\n<meta property=\"og:title\" content=\"AMASADORA INDUSTRIAL 50 LIBRAS | MOTOR 3HP - Fuller Machinery\" \/>\n<meta property=\"og:description\" content=\"Amasadora profesional 50 lb con motor de 3 HP, taz\u00f3n de acero inoxidable, operaci\u00f3n asistida, temporizador y rejilla de seguridad. Ideal para pan y pizza.\" \/>\n<meta property=\"og:url\" content=\"https:\/\/tienda.fullermachinery.com\/index.php\/producto\/amasadora-industrial-50-libras-20kg-110v\/\" \/>\n<meta property=\"og:site_name\" content=\"Fuller Machinery\" \/>\n<meta property=\"article:modified_time\" content=\"2026-04-24T17:05:39+00:00\" \/>\n<meta property=\"og:image\" content=\"https:\/\/tienda.fullermachinery.com\/wp-content\/uploads\/2024\/07\/Amasadora-50-Libras-1-velocidad-continua-y-reversa.png\" \/>\n\t<meta property=\"og:image:width\" content=\"2000\" \/>\n\t<meta property=\"og:image:height\" content=\"2000\" \/>\n\t<meta property=\"og:image:type\" content=\"image\/png\" \/>\n<meta name=\"twitter:card\" content=\"summary_large_image\" \/>\n<meta name=\"twitter:label1\" content=\"Tiempo de lectura\" \/>\n\t<meta name=\"twitter:data1\" content=\"2 minutos\" \/>\n<script type=\"application\/ld+json\" class=\"yoast-schema-graph\">{\"@context\":\"https:\\\/\\\/schema.org\",\"@graph\":[{\"@type\":\"WebPage\",\"@id\":\"https:\\\/\\\/tienda.fullermachinery.com\\\/index.php\\\/producto\\\/amasadora-industrial-50-libras-20kg-110v\\\/\",\"url\":\"https:\\\/\\\/tienda.fullermachinery.com\\\/index.php\\\/producto\\\/amasadora-industrial-50-libras-20kg-110v\\\/\",\"name\":\"AMASADORA INDUSTRIAL 50 LIBRAS | MOTOR 3HP - Fuller Machinery\",\"isPartOf\":{\"@id\":\"https:\\\/\\\/tienda.fullermachinery.com\\\/#website\"},\"primaryImageOfPage\":{\"@id\":\"https:\\\/\\\/tienda.fullermachinery.com\\\/index.php\\\/producto\\\/amasadora-industrial-50-libras-20kg-110v\\\/#primaryimage\"},\"image\":{\"@id\":\"https:\\\/\\\/tienda.fullermachinery.com\\\/index.php\\\/producto\\\/amasadora-industrial-50-libras-20kg-110v\\\/#primaryimage\"},\"thumbnailUrl\":\"https:\\\/\\\/tienda.fullermachinery.com\\\/wp-content\\\/uploads\\\/2024\\\/07\\\/Amasadora-50-Libras-1-velocidad-continua-y-reversa.png\",\"datePublished\":\"2024-07-16T07:37:25+00:00\",\"dateModified\":\"2026-04-24T17:05:39+00:00\",\"description\":\"Amasadora profesional 50 lb con motor de 3 HP, taz\u00f3n de acero inoxidable, operaci\u00f3n asistida, temporizador y rejilla de seguridad. Ideal para pan y pizza.\",\"breadcrumb\":{\"@id\":\"https:\\\/\\\/tienda.fullermachinery.com\\\/index.php\\\/producto\\\/amasadora-industrial-50-libras-20kg-110v\\\/#breadcrumb\"},\"inLanguage\":\"es\",\"potentialAction\":[{\"@type\":\"ReadAction\",\"target\":[\"https:\\\/\\\/tienda.fullermachinery.com\\\/index.php\\\/producto\\\/amasadora-industrial-50-libras-20kg-110v\\\/\"]}]},{\"@type\":\"ImageObject\",\"inLanguage\":\"es\",\"@id\":\"https:\\\/\\\/tienda.fullermachinery.com\\\/index.php\\\/producto\\\/amasadora-industrial-50-libras-20kg-110v\\\/#primaryimage\",\"url\":\"https:\\\/\\\/tienda.fullermachinery.com\\\/wp-content\\\/uploads\\\/2024\\\/07\\\/Amasadora-50-Libras-1-velocidad-continua-y-reversa.png\",\"contentUrl\":\"https:\\\/\\\/tienda.fullermachinery.com\\\/wp-content\\\/uploads\\\/2024\\\/07\\\/Amasadora-50-Libras-1-velocidad-continua-y-reversa.png\",\"width\":2000,\"height\":2000,\"caption\":\"La amasadora moledora de masas de 50 libras es una m\u00e1quina dise\u00f1ada para amasar grandes cantidades de masa de manera eficiente y uniforme. Est\u00e1 compuesta por varios elementos que contribuyen a su funcionamiento.\"},{\"@type\":\"BreadcrumbList\",\"@id\":\"https:\\\/\\\/tienda.fullermachinery.com\\\/index.php\\\/producto\\\/amasadora-industrial-50-libras-20kg-110v\\\/#breadcrumb\",\"itemListElement\":[{\"@type\":\"ListItem\",\"position\":1,\"name\":\"Portada\",\"item\":\"https:\\\/\\\/tienda.fullermachinery.com\\\/\"},{\"@type\":\"ListItem\",\"position\":2,\"name\":\"Productos\",\"item\":\"https:\\\/\\\/tienda.fullermachinery.com\\\/index.php\\\/shop\\\/\"},{\"@type\":\"ListItem\",\"position\":3,\"name\":\"AMASADORA INDUSTRIAL 50 LIBRAS | MOTOR 3HP\"}]},{\"@type\":\"WebSite\",\"@id\":\"https:\\\/\\\/tienda.fullermachinery.com\\\/#website\",\"url\":\"https:\\\/\\\/tienda.fullermachinery.com\\\/\",\"name\":\"Fuller Machinery\",\"description\":\"Importaci\u00f3n y comercializaci\u00f3n de m\u00e1quinas industriales para el sector de alimentos\",\"publisher\":{\"@id\":\"https:\\\/\\\/tienda.fullermachinery.com\\\/#organization\"},\"potentialAction\":[{\"@type\":\"SearchAction\",\"target\":{\"@type\":\"EntryPoint\",\"urlTemplate\":\"https:\\\/\\\/tienda.fullermachinery.com\\\/?s={search_term_string}\"},\"query-input\":{\"@type\":\"PropertyValueSpecification\",\"valueRequired\":true,\"valueName\":\"search_term_string\"}}],\"inLanguage\":\"es\"},{\"@type\":\"Organization\",\"@id\":\"https:\\\/\\\/tienda.fullermachinery.com\\\/#organization\",\"name\":\"Fuller Machinery\",\"url\":\"https:\\\/\\\/tienda.fullermachinery.com\\\/\",\"logo\":{\"@type\":\"ImageObject\",\"inLanguage\":\"es\",\"@id\":\"https:\\\/\\\/tienda.fullermachinery.com\\\/#\\\/schema\\\/logo\\\/image\\\/\",\"url\":\"https:\\\/\\\/tienda.fullermachinery.com\\\/wp-content\\\/uploads\\\/2023\\\/08\\\/logo-fuller-transparente.png\",\"contentUrl\":\"https:\\\/\\\/tienda.fullermachinery.com\\\/wp-content\\\/uploads\\\/2023\\\/08\\\/logo-fuller-transparente.png\",\"width\":2208,\"height\":644,\"caption\":\"Fuller Machinery\"},\"image\":{\"@id\":\"https:\\\/\\\/tienda.fullermachinery.com\\\/#\\\/schema\\\/logo\\\/image\\\/\"}}]}<\/script>\n<!-- \/ Yoast SEO plugin. -->","yoast_head_json":{"title":"AMASADORA INDUSTRIAL 50 LIBRAS | MOTOR 3HP - Fuller Machinery","description":"Amasadora profesional 50 lb con motor de 3 HP, taz\u00f3n de acero inoxidable, operaci\u00f3n asistida, temporizador y rejilla de seguridad. Ideal para pan y pizza.","robots":{"index":"index","follow":"follow","max-snippet":"max-snippet:-1","max-image-preview":"max-image-preview:large","max-video-preview":"max-video-preview:-1"},"canonical":"https:\/\/tienda.fullermachinery.com\/index.php\/producto\/amasadora-industrial-50-libras-20kg-110v\/","og_locale":"es_ES","og_type":"article","og_title":"AMASADORA INDUSTRIAL 50 LIBRAS | MOTOR 3HP - Fuller Machinery","og_description":"Amasadora profesional 50 lb con motor de 3 HP, taz\u00f3n de acero inoxidable, operaci\u00f3n asistida, temporizador y rejilla de seguridad. Ideal para pan y pizza.","og_url":"https:\/\/tienda.fullermachinery.com\/index.php\/producto\/amasadora-industrial-50-libras-20kg-110v\/","og_site_name":"Fuller Machinery","article_modified_time":"2026-04-24T17:05:39+00:00","og_image":[{"width":2000,"height":2000,"url":"https:\/\/tienda.fullermachinery.com\/wp-content\/uploads\/2024\/07\/Amasadora-50-Libras-1-velocidad-continua-y-reversa.png","type":"image\/png"}],"twitter_card":"summary_large_image","twitter_misc":{"Tiempo de lectura":"2 minutos"},"schema":{"@context":"https:\/\/schema.org","@graph":[{"@type":"WebPage","@id":"https:\/\/tienda.fullermachinery.com\/index.php\/producto\/amasadora-industrial-50-libras-20kg-110v\/","url":"https:\/\/tienda.fullermachinery.com\/index.php\/producto\/amasadora-industrial-50-libras-20kg-110v\/","name":"AMASADORA INDUSTRIAL 50 LIBRAS | MOTOR 3HP - Fuller Machinery","isPartOf":{"@id":"https:\/\/tienda.fullermachinery.com\/#website"},"primaryImageOfPage":{"@id":"https:\/\/tienda.fullermachinery.com\/index.php\/producto\/amasadora-industrial-50-libras-20kg-110v\/#primaryimage"},"image":{"@id":"https:\/\/tienda.fullermachinery.com\/index.php\/producto\/amasadora-industrial-50-libras-20kg-110v\/#primaryimage"},"thumbnailUrl":"https:\/\/tienda.fullermachinery.com\/wp-content\/uploads\/2024\/07\/Amasadora-50-Libras-1-velocidad-continua-y-reversa.png","datePublished":"2024-07-16T07:37:25+00:00","dateModified":"2026-04-24T17:05:39+00:00","description":"Amasadora profesional 50 lb con motor de 3 HP, taz\u00f3n de acero inoxidable, operaci\u00f3n asistida, temporizador y rejilla de seguridad. Ideal para pan y pizza.","breadcrumb":{"@id":"https:\/\/tienda.fullermachinery.com\/index.php\/producto\/amasadora-industrial-50-libras-20kg-110v\/#breadcrumb"},"inLanguage":"es","potentialAction":[{"@type":"ReadAction","target":["https:\/\/tienda.fullermachinery.com\/index.php\/producto\/amasadora-industrial-50-libras-20kg-110v\/"]}]},{"@type":"ImageObject","inLanguage":"es","@id":"https:\/\/tienda.fullermachinery.com\/index.php\/producto\/amasadora-industrial-50-libras-20kg-110v\/#primaryimage","url":"https:\/\/tienda.fullermachinery.com\/wp-content\/uploads\/2024\/07\/Amasadora-50-Libras-1-velocidad-continua-y-reversa.png","contentUrl":"https:\/\/tienda.fullermachinery.com\/wp-content\/uploads\/2024\/07\/Amasadora-50-Libras-1-velocidad-continua-y-reversa.png","width":2000,"height":2000,"caption":"La amasadora moledora de masas de 50 libras es una m\u00e1quina dise\u00f1ada para amasar grandes cantidades de masa de manera eficiente y uniforme. Est\u00e1 compuesta por varios elementos que contribuyen a su funcionamiento."},{"@type":"BreadcrumbList","@id":"https:\/\/tienda.fullermachinery.com\/index.php\/producto\/amasadora-industrial-50-libras-20kg-110v\/#breadcrumb","itemListElement":[{"@type":"ListItem","position":1,"name":"Portada","item":"https:\/\/tienda.fullermachinery.com\/"},{"@type":"ListItem","position":2,"name":"Productos","item":"https:\/\/tienda.fullermachinery.com\/index.php\/shop\/"},{"@type":"ListItem","position":3,"name":"AMASADORA INDUSTRIAL 50 LIBRAS | MOTOR 3HP"}]},{"@type":"WebSite","@id":"https:\/\/tienda.fullermachinery.com\/#website","url":"https:\/\/tienda.fullermachinery.com\/","name":"Fuller Machinery","description":"Importaci\u00f3n y comercializaci\u00f3n de m\u00e1quinas industriales para el sector de alimentos","publisher":{"@id":"https:\/\/tienda.fullermachinery.com\/#organization"},"potentialAction":[{"@type":"SearchAction","target":{"@type":"EntryPoint","urlTemplate":"https:\/\/tienda.fullermachinery.com\/?s={search_term_string}"},"query-input":{"@type":"PropertyValueSpecification","valueRequired":true,"valueName":"search_term_string"}}],"inLanguage":"es"},{"@type":"Organization","@id":"https:\/\/tienda.fullermachinery.com\/#organization","name":"Fuller Machinery","url":"https:\/\/tienda.fullermachinery.com\/","logo":{"@type":"ImageObject","inLanguage":"es","@id":"https:\/\/tienda.fullermachinery.com\/#\/schema\/logo\/image\/","url":"https:\/\/tienda.fullermachinery.com\/wp-content\/uploads\/2023\/08\/logo-fuller-transparente.png","contentUrl":"https:\/\/tienda.fullermachinery.com\/wp-content\/uploads\/2023\/08\/logo-fuller-transparente.png","width":2208,"height":644,"caption":"Fuller Machinery"},"image":{"@id":"https:\/\/tienda.fullermachinery.com\/#\/schema\/logo\/image\/"}}]}},"jetpack_sharing_enabled":true,"_links":{"self":[{"href":"https:\/\/tienda.fullermachinery.com\/index.php\/wp-json\/wp\/v2\/product\/16535","targetHints":{"allow":["GET"]}}],"collection":[{"href":"https:\/\/tienda.fullermachinery.com\/index.php\/wp-json\/wp\/v2\/product"}],"about":[{"href":"https:\/\/tienda.fullermachinery.com\/index.php\/wp-json\/wp\/v2\/types\/product"}],"replies":[{"embeddable":true,"href":"https:\/\/tienda.fullermachinery.com\/index.php\/wp-json\/wp\/v2\/comments?post=16535"}],"version-history":[{"count":8,"href":"https:\/\/tienda.fullermachinery.com\/index.php\/wp-json\/wp\/v2\/product\/16535\/revisions"}],"predecessor-version":[{"id":18983,"href":"https:\/\/tienda.fullermachinery.com\/index.php\/wp-json\/wp\/v2\/product\/16535\/revisions\/18983"}],"wp:featuredmedia":[{"embeddable":true,"href":"https:\/\/tienda.fullermachinery.com\/index.php\/wp-json\/wp\/v2\/media\/16537"}],"wp:attachment":[{"href":"https:\/\/tienda.fullermachinery.com\/index.php\/wp-json\/wp\/v2\/media?parent=16535"}],"wp:term":[{"taxonomy":"product_brand","embeddable":true,"href":"https:\/\/tienda.fullermachinery.com\/index.php\/wp-json\/wp\/v2\/product_brand?post=16535"},{"taxonomy":"product_cat","embeddable":true,"href":"https:\/\/tienda.fullermachinery.com\/index.php\/wp-json\/wp\/v2\/product_cat?post=16535"},{"taxonomy":"product_tag","embeddable":true,"href":"https:\/\/tienda.fullermachinery.com\/index.php\/wp-json\/wp\/v2\/product_tag?post=16535"}],"curies":[{"name":"wp","href":"https:\/\/api.w.org\/{rel}","templated":true}]}}