{"id":16503,"date":"2024-07-16T01:21:59","date_gmt":"2024-07-16T06:21:59","guid":{"rendered":"https:\/\/tienda.fullermachinery.com\/?post_type=product&#038;p=16503"},"modified":"2025-07-14T12:53:05","modified_gmt":"2025-07-14T17:53:05","slug":"amasadora-moledora-20-libras-uso-comercial","status":"publish","type":"product","link":"https:\/\/tienda.fullermachinery.com\/index.php\/producto\/amasadora-moledora-20-libras-uso-comercial\/","title":{"rendered":"Amasadora Moledora 20 Libras | 2 Velocidades | Motor 2.0HP"},"content":{"rendered":"\t\t<div data-elementor-type=\"wp-post\" data-elementor-id=\"16503\" class=\"elementor elementor-16503\">\n\t\t\t\t\t\t<section class=\"elementor-section elementor-top-section elementor-element elementor-element-e2cc92c elementor-section-boxed elementor-section-height-default elementor-section-height-default wd-section-disabled\" data-id=\"e2cc92c\" data-element_type=\"section\" data-e-type=\"section\">\n\t\t\t\t\t\t<div class=\"elementor-container elementor-column-gap-default\">\n\t\t\t\t\t<div class=\"elementor-column elementor-col-100 elementor-top-column elementor-element elementor-element-de5bf86\" data-id=\"de5bf86\" data-element_type=\"column\" data-e-type=\"column\">\n\t\t\t<div class=\"elementor-widget-wrap elementor-element-populated\">\n\t\t\t\t\t\t<div class=\"elementor-element elementor-element-0487b2f elementor-widget elementor-widget-wd_text_block\" data-id=\"0487b2f\" data-element_type=\"widget\" data-e-type=\"widget\" data-widget_type=\"wd_text_block.default\">\n\t\t\t\t<div class=\"elementor-widget-container\">\n\t\t\t\t\t\t\t<div class=\"wd-text-block reset-last-child text-left\">\n\t\t\t\n\t\t\t<p data-start=\"931\" data-end=\"1023\"><strong data-start=\"931\" data-end=\"1023\">Amasadora Moledora 20 Libras | Precisi\u00f3n y potencia para tu negocio de panader\u00eda o pizza<\/strong><\/p><p data-start=\"1025\" data-end=\"1323\">La <strong data-start=\"1028\" data-end=\"1072\">amasadora moledora de masas de 20 libras<\/strong> est\u00e1 dise\u00f1ada para optimizar el proceso de mezcla y amasado de masas granuladas en entornos comerciales. Es perfecta para panader\u00edas, pizzer\u00edas, pasteler\u00edas y negocios de producci\u00f3n media que requieren eficiencia, seguridad y resultados consistentes.<\/p><p data-start=\"1325\" data-end=\"1615\">Con su <strong data-start=\"1332\" data-end=\"1361\">taz\u00f3n en acero inoxidable<\/strong>, garantiza una operaci\u00f3n higi\u00e9nica, resistente y f\u00e1cil de limpiar. Sus <strong data-start=\"1433\" data-end=\"1452\">dos velocidades<\/strong> (lenta y r\u00e1pida) permiten adaptar el amasado seg\u00fan el tipo de preparaci\u00f3n, y su motor de <strong data-start=\"1542\" data-end=\"1552\">2.0 HP<\/strong> con potencia de <strong data-start=\"1569\" data-end=\"1579\">1.5 kW<\/strong> ofrece un trabajo \u00e1gil y eficiente.<\/p><hr data-start=\"1617\" data-end=\"1620\" \/><h3 data-start=\"1622\" data-end=\"1661\">\u2699\ufe0f <strong data-start=\"1629\" data-end=\"1661\">Caracter\u00edsticas principales:<\/strong><\/h3><ul data-start=\"1663\" data-end=\"1995\"><li data-start=\"1663\" data-end=\"1691\"><p data-start=\"1665\" data-end=\"1691\"><strong data-start=\"1665\" data-end=\"1679\">Capacidad:<\/strong> 20 libras<\/p><\/li><li data-start=\"1692\" data-end=\"1736\"><p data-start=\"1694\" data-end=\"1736\"><strong data-start=\"1694\" data-end=\"1717\">Material del taz\u00f3n:<\/strong> Acero inoxidable<\/p><\/li><li data-start=\"1737\" data-end=\"1772\"><p data-start=\"1739\" data-end=\"1772\"><strong data-start=\"1739\" data-end=\"1755\">Velocidades:<\/strong> Lenta y r\u00e1pida<\/p><\/li><li data-start=\"1773\" data-end=\"1845\"><p data-start=\"1775\" data-end=\"1845\"><strong data-start=\"1775\" data-end=\"1787\">Incluye:<\/strong> Rejilla de seguridad, temporizador, bot\u00f3n de emergencia<\/p><\/li><li data-start=\"1846\" data-end=\"1870\"><p data-start=\"1848\" data-end=\"1870\"><strong data-start=\"1848\" data-end=\"1861\">Potencia:<\/strong> 1.5 kW<\/p><\/li><li data-start=\"1871\" data-end=\"1892\"><p data-start=\"1873\" data-end=\"1892\"><strong data-start=\"1873\" data-end=\"1883\">Motor:<\/strong> 2.0 HP<\/p><\/li><li data-start=\"1893\" data-end=\"1958\"><p data-start=\"1895\" data-end=\"1958\"><strong data-start=\"1895\" data-end=\"1911\">Dimensiones:<\/strong> 90 cm (alto) x 73 cm (largo) x 40 cm (ancho)<\/p><\/li><li data-start=\"1959\" data-end=\"1995\"><p data-start=\"1961\" data-end=\"1995\"><strong data-start=\"1961\" data-end=\"1988\">Alimentaci\u00f3n el\u00e9ctrica:<\/strong> 110V<\/p><\/li><\/ul><hr data-start=\"1997\" data-end=\"2000\" \/><h3 data-start=\"2002\" data-end=\"2031\">\ud83e\uddd1\u200d\ud83c\udf73 <strong data-start=\"2012\" data-end=\"2031\">Funcionamiento:<\/strong><\/h3><p data-start=\"2033\" data-end=\"2104\">Ideal para masas con al menos <strong data-start=\"2063\" data-end=\"2097\">60% de humedad y 40% de harina<\/strong>, como:<\/p><ul data-start=\"2106\" data-end=\"2212\"><li data-start=\"2106\" data-end=\"2124\"><p data-start=\"2108\" data-end=\"2124\">Panes de queso<\/p><\/li><li data-start=\"2125\" data-end=\"2138\"><p data-start=\"2127\" data-end=\"2138\">Bizcochos<\/p><\/li><li data-start=\"2139\" data-end=\"2159\"><p data-start=\"2141\" data-end=\"2159\">Masas para pizza<\/p><\/li><li data-start=\"2160\" data-end=\"2212\"><p data-start=\"2162\" data-end=\"2212\">Otras masas granuladas de reposter\u00eda y panader\u00eda<\/p><\/li><\/ul><p data-start=\"2214\" data-end=\"2396\">Solo debes verter los ingredientes en el taz\u00f3n, seleccionar la velocidad adecuada y programar el temporizador. La m\u00e1quina se encarga del resto con un amasado homog\u00e9neo y profesional.<\/p><hr data-start=\"2398\" data-end=\"2401\" \/><h3 data-start=\"2403\" data-end=\"2443\">\ud83c\udfed <strong data-start=\"2410\" data-end=\"2443\">Aplicaciones en la industria:<\/strong><\/h3><ul data-start=\"2445\" data-end=\"2545\"><li data-start=\"2445\" data-end=\"2459\"><p data-start=\"2447\" data-end=\"2459\">Panader\u00edas<\/p><\/li><li data-start=\"2460\" data-end=\"2475\"><p data-start=\"2462\" data-end=\"2475\">Pasteler\u00edas<\/p><\/li><li data-start=\"2476\" data-end=\"2489\"><p data-start=\"2478\" data-end=\"2489\">Pizzer\u00edas<\/p><\/li><li data-start=\"2490\" data-end=\"2545\"><p data-start=\"2492\" data-end=\"2545\">Restaurantes y negocios con producci\u00f3n media de masas<\/p><\/li><\/ul><hr data-start=\"2547\" data-end=\"2550\" \/><h3 data-start=\"2552\" data-end=\"2579\">\u2705 <strong data-start=\"2558\" data-end=\"2579\">Beneficios clave:<\/strong><\/h3><ul data-start=\"2581\" data-end=\"2786\"><li data-start=\"2581\" data-end=\"2625\"><p data-start=\"2583\" data-end=\"2625\">Operaci\u00f3n segura con bot\u00f3n de emergencia<\/p><\/li><li data-start=\"2626\" data-end=\"2660\"><p data-start=\"2628\" data-end=\"2660\">Mezcla homog\u00e9nea y profesional<\/p><\/li><li data-start=\"2661\" data-end=\"2714\"><p data-start=\"2663\" data-end=\"2714\">Compacta y f\u00e1cil de instalar en espacios peque\u00f1os<\/p><\/li><li data-start=\"2715\" data-end=\"2786\"><p data-start=\"2717\" data-end=\"2786\">Ideal para negocios que necesitan eficiencia sin sacrificar calidad<\/p><\/li><\/ul>\n\t\t\t\t\t<\/div>\n\t\t\t\t\t\t<\/div>\n\t\t\t\t<\/div>\n\t\t\t\t\t<\/div>\n\t\t<\/div>\n\t\t\t\t\t<\/div>\n\t\t<\/section>\n\t\t\t\t<\/div>\n\t\t","protected":false},"excerpt":{"rendered":"<p data-start=\"713\" data-end=\"873\">Amasadora moledora de 20 lb con taz\u00f3n en acero inoxidable, 2 velocidades, temporizador, bot\u00f3n de emergencia y motor 2.0HP. Perfecta para panader\u00edas y pizzer\u00edas.<\/p>\n","protected":false},"featured_media":17502,"comment_status":"open","ping_status":"closed","template":"","meta":[],"product_brand":[],"product_cat":[140,136],"product_tag":[220,403,406,411,410,218,405,399,400,409,407,408,219],"class_list":{"0":"post-16503","1":"product","2":"type-product","3":"status-publish","4":"has-post-thumbnail","6":"product_cat-preparacion-de-alimentos","7":"product_cat-amasadoras","8":"product_tag-amasadora","9":"product_tag-amasadora-110v","10":"product_tag-amasadora-20-libras","11":"product_tag-amasadora-con-rejilla-de-seguridad","12":"product_tag-amasadora-con-temporizador","13":"product_tag-amasadora-industrial","14":"product_tag-amasadora-moledora","15":"product_tag-amasadora-panaderia","16":"product_tag-amasadora-para-pizza","17":"product_tag-amasadora-uso-comercial","18":"product_tag-equipo-para-masas-granuladas","19":"product_tag-motor-2-0hp","20":"product_tag-panaderia","22":"first","23":"instock","24":"featured","25":"shipping-taxable","26":"purchasable","27":"product-type-simple"},"yoast_head":"<!-- This site is optimized with the Yoast SEO plugin v27.4 - https:\/\/yoast.com\/product\/yoast-seo-wordpress\/ -->\n<title>Amasadora Moledora 20 Libras | 2 Velocidades | Motor 2.0HP - Fuller Machinery<\/title>\n<meta name=\"description\" content=\"Amasadora moledora de 20 lb con 2 velocidades, motor de 2.0 HP, temporizador y rejilla. Ideal para pizzas, panes de queso y m\u00e1s. Uso comercial.\" \/>\n<meta name=\"robots\" content=\"index, follow, max-snippet:-1, max-image-preview:large, max-video-preview:-1\" \/>\n<link rel=\"canonical\" href=\"https:\/\/tienda.fullermachinery.com\/index.php\/producto\/amasadora-moledora-20-libras-uso-comercial\/\" \/>\n<meta property=\"og:locale\" content=\"es_ES\" \/>\n<meta property=\"og:type\" content=\"article\" \/>\n<meta property=\"og:title\" content=\"Amasadora Moledora 20 Libras | 2 Velocidades | Motor 2.0HP - Fuller Machinery\" \/>\n<meta property=\"og:description\" content=\"Amasadora moledora de 20 lb con 2 velocidades, motor de 2.0 HP, temporizador y rejilla. Ideal para pizzas, panes de queso y m\u00e1s. Uso comercial.\" \/>\n<meta property=\"og:url\" content=\"https:\/\/tienda.fullermachinery.com\/index.php\/producto\/amasadora-moledora-20-libras-uso-comercial\/\" \/>\n<meta property=\"og:site_name\" content=\"Fuller Machinery\" \/>\n<meta property=\"article:modified_time\" content=\"2025-07-14T17:53:05+00:00\" \/>\n<meta property=\"og:image\" content=\"https:\/\/tienda.fullermachinery.com\/wp-content\/uploads\/2024\/07\/frente.png\" \/>\n\t<meta property=\"og:image:width\" content=\"1080\" \/>\n\t<meta property=\"og:image:height\" content=\"1080\" \/>\n\t<meta property=\"og:image:type\" content=\"image\/png\" \/>\n<meta name=\"twitter:card\" content=\"summary_large_image\" \/>\n<meta name=\"twitter:label1\" content=\"Tiempo de lectura\" \/>\n\t<meta name=\"twitter:data1\" content=\"2 minutos\" \/>\n<script type=\"application\/ld+json\" class=\"yoast-schema-graph\">{\"@context\":\"https:\\\/\\\/schema.org\",\"@graph\":[{\"@type\":\"WebPage\",\"@id\":\"https:\\\/\\\/tienda.fullermachinery.com\\\/index.php\\\/producto\\\/amasadora-moledora-20-libras-uso-comercial\\\/\",\"url\":\"https:\\\/\\\/tienda.fullermachinery.com\\\/index.php\\\/producto\\\/amasadora-moledora-20-libras-uso-comercial\\\/\",\"name\":\"Amasadora Moledora 20 Libras | 2 Velocidades | Motor 2.0HP - Fuller Machinery\",\"isPartOf\":{\"@id\":\"https:\\\/\\\/tienda.fullermachinery.com\\\/#website\"},\"primaryImageOfPage\":{\"@id\":\"https:\\\/\\\/tienda.fullermachinery.com\\\/index.php\\\/producto\\\/amasadora-moledora-20-libras-uso-comercial\\\/#primaryimage\"},\"image\":{\"@id\":\"https:\\\/\\\/tienda.fullermachinery.com\\\/index.php\\\/producto\\\/amasadora-moledora-20-libras-uso-comercial\\\/#primaryimage\"},\"thumbnailUrl\":\"https:\\\/\\\/tienda.fullermachinery.com\\\/wp-content\\\/uploads\\\/2024\\\/07\\\/frente.png\",\"datePublished\":\"2024-07-16T06:21:59+00:00\",\"dateModified\":\"2025-07-14T17:53:05+00:00\",\"description\":\"Amasadora moledora de 20 lb con 2 velocidades, motor de 2.0 HP, temporizador y rejilla. Ideal para pizzas, panes de queso y m\u00e1s. Uso comercial.\",\"breadcrumb\":{\"@id\":\"https:\\\/\\\/tienda.fullermachinery.com\\\/index.php\\\/producto\\\/amasadora-moledora-20-libras-uso-comercial\\\/#breadcrumb\"},\"inLanguage\":\"es\",\"potentialAction\":[{\"@type\":\"ReadAction\",\"target\":[\"https:\\\/\\\/tienda.fullermachinery.com\\\/index.php\\\/producto\\\/amasadora-moledora-20-libras-uso-comercial\\\/\"]}]},{\"@type\":\"ImageObject\",\"inLanguage\":\"es\",\"@id\":\"https:\\\/\\\/tienda.fullermachinery.com\\\/index.php\\\/producto\\\/amasadora-moledora-20-libras-uso-comercial\\\/#primaryimage\",\"url\":\"https:\\\/\\\/tienda.fullermachinery.com\\\/wp-content\\\/uploads\\\/2024\\\/07\\\/frente.png\",\"contentUrl\":\"https:\\\/\\\/tienda.fullermachinery.com\\\/wp-content\\\/uploads\\\/2024\\\/07\\\/frente.png\",\"width\":1080,\"height\":1080,\"caption\":\"amasadora mojadora 20 libras perfecta para cafeterias, panaderias y cocinas que necesiten automatizar el amase de sus masas\"},{\"@type\":\"BreadcrumbList\",\"@id\":\"https:\\\/\\\/tienda.fullermachinery.com\\\/index.php\\\/producto\\\/amasadora-moledora-20-libras-uso-comercial\\\/#breadcrumb\",\"itemListElement\":[{\"@type\":\"ListItem\",\"position\":1,\"name\":\"Portada\",\"item\":\"https:\\\/\\\/tienda.fullermachinery.com\\\/\"},{\"@type\":\"ListItem\",\"position\":2,\"name\":\"Productos\",\"item\":\"https:\\\/\\\/tienda.fullermachinery.com\\\/index.php\\\/shop\\\/\"},{\"@type\":\"ListItem\",\"position\":3,\"name\":\"Amasadora Moledora 20 Libras | 2 Velocidades | Motor 2.0HP\"}]},{\"@type\":\"WebSite\",\"@id\":\"https:\\\/\\\/tienda.fullermachinery.com\\\/#website\",\"url\":\"https:\\\/\\\/tienda.fullermachinery.com\\\/\",\"name\":\"Fuller Machinery\",\"description\":\"Importaci\u00f3n y comercializaci\u00f3n de m\u00e1quinas industriales para el sector de alimentos\",\"publisher\":{\"@id\":\"https:\\\/\\\/tienda.fullermachinery.com\\\/#organization\"},\"potentialAction\":[{\"@type\":\"SearchAction\",\"target\":{\"@type\":\"EntryPoint\",\"urlTemplate\":\"https:\\\/\\\/tienda.fullermachinery.com\\\/?s={search_term_string}\"},\"query-input\":{\"@type\":\"PropertyValueSpecification\",\"valueRequired\":true,\"valueName\":\"search_term_string\"}}],\"inLanguage\":\"es\"},{\"@type\":\"Organization\",\"@id\":\"https:\\\/\\\/tienda.fullermachinery.com\\\/#organization\",\"name\":\"Fuller Machinery\",\"url\":\"https:\\\/\\\/tienda.fullermachinery.com\\\/\",\"logo\":{\"@type\":\"ImageObject\",\"inLanguage\":\"es\",\"@id\":\"https:\\\/\\\/tienda.fullermachinery.com\\\/#\\\/schema\\\/logo\\\/image\\\/\",\"url\":\"https:\\\/\\\/tienda.fullermachinery.com\\\/wp-content\\\/uploads\\\/2023\\\/08\\\/logo-fuller-transparente.png\",\"contentUrl\":\"https:\\\/\\\/tienda.fullermachinery.com\\\/wp-content\\\/uploads\\\/2023\\\/08\\\/logo-fuller-transparente.png\",\"width\":2208,\"height\":644,\"caption\":\"Fuller Machinery\"},\"image\":{\"@id\":\"https:\\\/\\\/tienda.fullermachinery.com\\\/#\\\/schema\\\/logo\\\/image\\\/\"}}]}<\/script>\n<!-- \/ Yoast SEO plugin. -->","yoast_head_json":{"title":"Amasadora Moledora 20 Libras | 2 Velocidades | Motor 2.0HP - Fuller Machinery","description":"Amasadora moledora de 20 lb con 2 velocidades, motor de 2.0 HP, temporizador y rejilla. Ideal para pizzas, panes de queso y m\u00e1s. Uso comercial.","robots":{"index":"index","follow":"follow","max-snippet":"max-snippet:-1","max-image-preview":"max-image-preview:large","max-video-preview":"max-video-preview:-1"},"canonical":"https:\/\/tienda.fullermachinery.com\/index.php\/producto\/amasadora-moledora-20-libras-uso-comercial\/","og_locale":"es_ES","og_type":"article","og_title":"Amasadora Moledora 20 Libras | 2 Velocidades | Motor 2.0HP - Fuller Machinery","og_description":"Amasadora moledora de 20 lb con 2 velocidades, motor de 2.0 HP, temporizador y rejilla. Ideal para pizzas, panes de queso y m\u00e1s. Uso comercial.","og_url":"https:\/\/tienda.fullermachinery.com\/index.php\/producto\/amasadora-moledora-20-libras-uso-comercial\/","og_site_name":"Fuller Machinery","article_modified_time":"2025-07-14T17:53:05+00:00","og_image":[{"width":1080,"height":1080,"url":"https:\/\/tienda.fullermachinery.com\/wp-content\/uploads\/2024\/07\/frente.png","type":"image\/png"}],"twitter_card":"summary_large_image","twitter_misc":{"Tiempo de lectura":"2 minutos"},"schema":{"@context":"https:\/\/schema.org","@graph":[{"@type":"WebPage","@id":"https:\/\/tienda.fullermachinery.com\/index.php\/producto\/amasadora-moledora-20-libras-uso-comercial\/","url":"https:\/\/tienda.fullermachinery.com\/index.php\/producto\/amasadora-moledora-20-libras-uso-comercial\/","name":"Amasadora Moledora 20 Libras | 2 Velocidades | Motor 2.0HP - Fuller Machinery","isPartOf":{"@id":"https:\/\/tienda.fullermachinery.com\/#website"},"primaryImageOfPage":{"@id":"https:\/\/tienda.fullermachinery.com\/index.php\/producto\/amasadora-moledora-20-libras-uso-comercial\/#primaryimage"},"image":{"@id":"https:\/\/tienda.fullermachinery.com\/index.php\/producto\/amasadora-moledora-20-libras-uso-comercial\/#primaryimage"},"thumbnailUrl":"https:\/\/tienda.fullermachinery.com\/wp-content\/uploads\/2024\/07\/frente.png","datePublished":"2024-07-16T06:21:59+00:00","dateModified":"2025-07-14T17:53:05+00:00","description":"Amasadora moledora de 20 lb con 2 velocidades, motor de 2.0 HP, temporizador y rejilla. Ideal para pizzas, panes de queso y m\u00e1s. Uso comercial.","breadcrumb":{"@id":"https:\/\/tienda.fullermachinery.com\/index.php\/producto\/amasadora-moledora-20-libras-uso-comercial\/#breadcrumb"},"inLanguage":"es","potentialAction":[{"@type":"ReadAction","target":["https:\/\/tienda.fullermachinery.com\/index.php\/producto\/amasadora-moledora-20-libras-uso-comercial\/"]}]},{"@type":"ImageObject","inLanguage":"es","@id":"https:\/\/tienda.fullermachinery.com\/index.php\/producto\/amasadora-moledora-20-libras-uso-comercial\/#primaryimage","url":"https:\/\/tienda.fullermachinery.com\/wp-content\/uploads\/2024\/07\/frente.png","contentUrl":"https:\/\/tienda.fullermachinery.com\/wp-content\/uploads\/2024\/07\/frente.png","width":1080,"height":1080,"caption":"amasadora mojadora 20 libras perfecta para cafeterias, panaderias y cocinas que necesiten automatizar el amase de sus masas"},{"@type":"BreadcrumbList","@id":"https:\/\/tienda.fullermachinery.com\/index.php\/producto\/amasadora-moledora-20-libras-uso-comercial\/#breadcrumb","itemListElement":[{"@type":"ListItem","position":1,"name":"Portada","item":"https:\/\/tienda.fullermachinery.com\/"},{"@type":"ListItem","position":2,"name":"Productos","item":"https:\/\/tienda.fullermachinery.com\/index.php\/shop\/"},{"@type":"ListItem","position":3,"name":"Amasadora Moledora 20 Libras | 2 Velocidades | Motor 2.0HP"}]},{"@type":"WebSite","@id":"https:\/\/tienda.fullermachinery.com\/#website","url":"https:\/\/tienda.fullermachinery.com\/","name":"Fuller Machinery","description":"Importaci\u00f3n y comercializaci\u00f3n de m\u00e1quinas industriales para el sector de alimentos","publisher":{"@id":"https:\/\/tienda.fullermachinery.com\/#organization"},"potentialAction":[{"@type":"SearchAction","target":{"@type":"EntryPoint","urlTemplate":"https:\/\/tienda.fullermachinery.com\/?s={search_term_string}"},"query-input":{"@type":"PropertyValueSpecification","valueRequired":true,"valueName":"search_term_string"}}],"inLanguage":"es"},{"@type":"Organization","@id":"https:\/\/tienda.fullermachinery.com\/#organization","name":"Fuller Machinery","url":"https:\/\/tienda.fullermachinery.com\/","logo":{"@type":"ImageObject","inLanguage":"es","@id":"https:\/\/tienda.fullermachinery.com\/#\/schema\/logo\/image\/","url":"https:\/\/tienda.fullermachinery.com\/wp-content\/uploads\/2023\/08\/logo-fuller-transparente.png","contentUrl":"https:\/\/tienda.fullermachinery.com\/wp-content\/uploads\/2023\/08\/logo-fuller-transparente.png","width":2208,"height":644,"caption":"Fuller Machinery"},"image":{"@id":"https:\/\/tienda.fullermachinery.com\/#\/schema\/logo\/image\/"}}]}},"jetpack_sharing_enabled":true,"_links":{"self":[{"href":"https:\/\/tienda.fullermachinery.com\/index.php\/wp-json\/wp\/v2\/product\/16503","targetHints":{"allow":["GET"]}}],"collection":[{"href":"https:\/\/tienda.fullermachinery.com\/index.php\/wp-json\/wp\/v2\/product"}],"about":[{"href":"https:\/\/tienda.fullermachinery.com\/index.php\/wp-json\/wp\/v2\/types\/product"}],"replies":[{"embeddable":true,"href":"https:\/\/tienda.fullermachinery.com\/index.php\/wp-json\/wp\/v2\/comments?post=16503"}],"version-history":[{"count":6,"href":"https:\/\/tienda.fullermachinery.com\/index.php\/wp-json\/wp\/v2\/product\/16503\/revisions"}],"predecessor-version":[{"id":18526,"href":"https:\/\/tienda.fullermachinery.com\/index.php\/wp-json\/wp\/v2\/product\/16503\/revisions\/18526"}],"wp:featuredmedia":[{"embeddable":true,"href":"https:\/\/tienda.fullermachinery.com\/index.php\/wp-json\/wp\/v2\/media\/17502"}],"wp:attachment":[{"href":"https:\/\/tienda.fullermachinery.com\/index.php\/wp-json\/wp\/v2\/media?parent=16503"}],"wp:term":[{"taxonomy":"product_brand","embeddable":true,"href":"https:\/\/tienda.fullermachinery.com\/index.php\/wp-json\/wp\/v2\/product_brand?post=16503"},{"taxonomy":"product_cat","embeddable":true,"href":"https:\/\/tienda.fullermachinery.com\/index.php\/wp-json\/wp\/v2\/product_cat?post=16503"},{"taxonomy":"product_tag","embeddable":true,"href":"https:\/\/tienda.fullermachinery.com\/index.php\/wp-json\/wp\/v2\/product_tag?post=16503"}],"curies":[{"name":"wp","href":"https:\/\/api.w.org\/{rel}","templated":true}]}}