{"id":16097,"date":"2024-01-23T23:44:25","date_gmt":"2024-01-24T04:44:25","guid":{"rendered":"https:\/\/tienda.fullermachinery.com\/?post_type=product&#038;p=16097"},"modified":"2025-07-18T10:27:43","modified_gmt":"2025-07-18T15:27:43","slug":"asador-salchichas-9-rodillos-bodega-pan","status":"publish","type":"product","link":"https:\/\/tienda.fullermachinery.com\/index.php\/producto\/asador-salchichas-9-rodillos-bodega-pan\/","title":{"rendered":"Asador de Salchichas 9 Rodillos | Bodega para Pan | Capacidad 24 Unidades | Acero Inoxidable | Uso Comercial"},"content":{"rendered":"\t\t<div data-elementor-type=\"wp-post\" data-elementor-id=\"16097\" class=\"elementor elementor-16097\">\n\t\t\t\t\t\t<section class=\"wd-negative-gap elementor-section elementor-top-section elementor-element elementor-element-290a901 elementor-section-boxed elementor-section-height-default elementor-section-height-default wd-section-disabled\" data-id=\"290a901\" data-element_type=\"section\" data-e-type=\"section\">\n\t\t\t\t\t\t<div class=\"elementor-container elementor-column-gap-default\">\n\t\t\t\t\t<div class=\"elementor-column elementor-col-100 elementor-top-column elementor-element elementor-element-787281b\" data-id=\"787281b\" data-element_type=\"column\" data-e-type=\"column\">\n\t\t\t<div class=\"elementor-widget-wrap elementor-element-populated\">\n\t\t\t\t\t\t<div class=\"elementor-element elementor-element-7973bdc elementor-widget elementor-widget-wd_text_block\" data-id=\"7973bdc\" data-element_type=\"widget\" data-e-type=\"widget\" data-widget_type=\"wd_text_block.default\">\n\t\t\t\t<div class=\"elementor-widget-container\">\n\t\t\t\t\t\t\t<div class=\"wd-text-block reset-last-child text-left\">\n\t\t\t\n\t\t\t<p data-start=\"602\" data-end=\"717\"><strong data-start=\"602\" data-end=\"717\">\u00a1Convierte tu negocio de comida r\u00e1pida en un \u00e9xito con este asador profesional de 9 rodillos y bodega para pan!<\/strong><\/p><p data-start=\"719\" data-end=\"999\">Este equipo de alta calidad est\u00e1 dise\u00f1ado para preparar hasta <strong data-start=\"781\" data-end=\"814\">24 salchichas al mismo tiempo<\/strong>, con rodillos que giran 360\u00b0 para una cocci\u00f3n uniforme. Adem\u00e1s, cuenta con una pr\u00e1ctica <strong data-start=\"903\" data-end=\"945\">bodega para calentar y almacenar panes<\/strong>, lo que agiliza el servicio y mejora la presentaci\u00f3n.<\/p><p data-start=\"1001\" data-end=\"1034\"><strong data-start=\"1001\" data-end=\"1032\">Caracter\u00edsticas destacadas:<\/strong><\/p><ul data-start=\"1035\" data-end=\"1481\"><li data-start=\"1035\" data-end=\"1087\"><p data-start=\"1037\" data-end=\"1087\">\u2705 9 rodillos antiadherentes con rotaci\u00f3n de 360\u00b0<\/p><\/li><li data-start=\"1088\" data-end=\"1134\"><p data-start=\"1090\" data-end=\"1134\">\u2705 Capacidad: 24 salchichas aproximadamente<\/p><\/li><li data-start=\"1135\" data-end=\"1168\"><p data-start=\"1137\" data-end=\"1168\">\u2705 Bodega para pan incorporada<\/p><\/li><li data-start=\"1169\" data-end=\"1227\"><p data-start=\"1171\" data-end=\"1227\">\u2705 Construcci\u00f3n en acero inoxidable de alta durabilidad<\/p><\/li><li data-start=\"1228\" data-end=\"1271\"><p data-start=\"1230\" data-end=\"1271\">\u2705 Exhibidor superior en vidrio templado<\/p><\/li><li data-start=\"1272\" data-end=\"1317\"><p data-start=\"1274\" data-end=\"1317\">\u2705 Bandeja de residuos para f\u00e1cil limpieza<\/p><\/li><li data-start=\"1318\" data-end=\"1377\"><p data-start=\"1320\" data-end=\"1377\">\u2705 Dimensiones: 58.5 cm ancho x 60 cm alto x 40 cm fondo<\/p><\/li><li data-start=\"1378\" data-end=\"1395\"><p data-start=\"1380\" data-end=\"1395\">\u2705 Peso: 20 kg<\/p><\/li><li data-start=\"1396\" data-end=\"1439\"><p data-start=\"1398\" data-end=\"1439\">\u2705 Alimentaci\u00f3n: 110V | Frecuencia: 60Hz<\/p><\/li><li data-start=\"1440\" data-end=\"1481\"><p data-start=\"1442\" data-end=\"1481\">\u2705 Potencia: 1.32 kW | Consumo: 1.32 kWh<\/p><\/li><\/ul><p data-start=\"1483\" data-end=\"1632\">Su dise\u00f1o moderno y funcional lo convierte en una excelente opci\u00f3n para <strong data-start=\"1555\" data-end=\"1631\">emprendedores, food trucks, ferias, negocios de snacks y tiendas r\u00e1pidas<\/strong>.<\/p><p data-start=\"1634\" data-end=\"1690\"><strong data-start=\"1634\" data-end=\"1690\">\u00a1Dise\u00f1o \u00fanico, f\u00e1cil limpieza y calidad garantizada!<\/strong><\/p>\n\t\t\t\t\t<\/div>\n\t\t\t\t\t\t<\/div>\n\t\t\t\t<\/div>\n\t\t\t\t\t<\/div>\n\t\t<\/div>\n\t\t\t\t\t<\/div>\n\t\t<\/section>\n\t\t\t\t<\/div>\n\t\t","protected":false},"excerpt":{"rendered":"<p data-start=\"372\" data-end=\"535\">Asador profesional de 9 rodillos con capacidad para 24 salchichas. Incluye bodega para pan y exhibidor de vidrio templado. Perfecto para negocios de comida r\u00e1pida.<\/p>\n","protected":false},"featured_media":16098,"comment_status":"open","ping_status":"closed","template":"","meta":[],"product_brand":[],"product_cat":[140],"product_tag":[220,218,427,429,276,428,421,426,219],"class_list":{"0":"post-16097","1":"product","2":"type-product","3":"status-publish","4":"has-post-thumbnail","6":"product_cat-preparacion-de-alimentos","7":"product_tag-amasadora","8":"product_tag-amasadora-industrial","9":"product_tag-asador-9-rodillos","10":"product_tag-asador-con-bodega-de-pan","11":"product_tag-asador-de-salchichas","12":"product_tag-equipo-comida-rapida","13":"product_tag-maquina-de-hot-dogs","14":"product_tag-maquinaria-gastronomica","15":"product_tag-panaderia","17":"first","18":"instock","19":"featured","20":"shipping-taxable","21":"purchasable","22":"product-type-simple"},"yoast_head":"<!-- This site is optimized with the Yoast SEO plugin v27.3 - https:\/\/yoast.com\/product\/yoast-seo-wordpress\/ -->\n<title>Asador de Salchichas 9 Rodillos | Bodega para Pan | Capacidad 24 Unidades | Acero Inoxidable | Uso Comercial - Fuller Machinery<\/title>\n<meta name=\"description\" content=\"Asador profesional de 9 rodillos con capacidad para 24 salchichas y bodega para pan. Ideal para negocios de comida r\u00e1pida. Calidad garantizada y f\u00e1cil limpieza.\" \/>\n<meta name=\"robots\" content=\"index, follow, max-snippet:-1, max-image-preview:large, max-video-preview:-1\" \/>\n<link rel=\"canonical\" href=\"https:\/\/tienda.fullermachinery.com\/index.php\/producto\/asador-salchichas-9-rodillos-bodega-pan\/\" \/>\n<meta property=\"og:locale\" content=\"es_ES\" \/>\n<meta property=\"og:type\" content=\"article\" \/>\n<meta property=\"og:title\" content=\"Asador de Salchichas 9 Rodillos | Bodega para Pan | Capacidad 24 Unidades | Acero Inoxidable | Uso Comercial - Fuller Machinery\" \/>\n<meta property=\"og:description\" content=\"Asador profesional de 9 rodillos con capacidad para 24 salchichas y bodega para pan. Ideal para negocios de comida r\u00e1pida. Calidad garantizada y f\u00e1cil limpieza.\" \/>\n<meta property=\"og:url\" content=\"https:\/\/tienda.fullermachinery.com\/index.php\/producto\/asador-salchichas-9-rodillos-bodega-pan\/\" \/>\n<meta property=\"og:site_name\" content=\"Fuller Machinery\" \/>\n<meta property=\"article:modified_time\" content=\"2025-07-18T15:27:43+00:00\" \/>\n<meta property=\"og:image\" content=\"https:\/\/tienda.fullermachinery.com\/wp-content\/uploads\/2024\/01\/ASADOR-DE-SALCHICHAS-9-RODILLOS-0.png\" \/>\n\t<meta property=\"og:image:width\" content=\"2000\" \/>\n\t<meta property=\"og:image:height\" content=\"2000\" \/>\n\t<meta property=\"og:image:type\" content=\"image\/png\" \/>\n<meta name=\"twitter:card\" content=\"summary_large_image\" \/>\n<meta name=\"twitter:label1\" content=\"Tiempo de lectura\" \/>\n\t<meta name=\"twitter:data1\" content=\"1 minuto\" \/>\n<script type=\"application\/ld+json\" class=\"yoast-schema-graph\">{\"@context\":\"https:\\\/\\\/schema.org\",\"@graph\":[{\"@type\":\"WebPage\",\"@id\":\"https:\\\/\\\/tienda.fullermachinery.com\\\/index.php\\\/producto\\\/asador-salchichas-9-rodillos-bodega-pan\\\/\",\"url\":\"https:\\\/\\\/tienda.fullermachinery.com\\\/index.php\\\/producto\\\/asador-salchichas-9-rodillos-bodega-pan\\\/\",\"name\":\"Asador de Salchichas 9 Rodillos | Bodega para Pan | Capacidad 24 Unidades | Acero Inoxidable | Uso Comercial - Fuller Machinery\",\"isPartOf\":{\"@id\":\"https:\\\/\\\/tienda.fullermachinery.com\\\/#website\"},\"primaryImageOfPage\":{\"@id\":\"https:\\\/\\\/tienda.fullermachinery.com\\\/index.php\\\/producto\\\/asador-salchichas-9-rodillos-bodega-pan\\\/#primaryimage\"},\"image\":{\"@id\":\"https:\\\/\\\/tienda.fullermachinery.com\\\/index.php\\\/producto\\\/asador-salchichas-9-rodillos-bodega-pan\\\/#primaryimage\"},\"thumbnailUrl\":\"https:\\\/\\\/tienda.fullermachinery.com\\\/wp-content\\\/uploads\\\/2024\\\/01\\\/ASADOR-DE-SALCHICHAS-9-RODILLOS-0.png\",\"datePublished\":\"2024-01-24T04:44:25+00:00\",\"dateModified\":\"2025-07-18T15:27:43+00:00\",\"description\":\"Asador profesional de 9 rodillos con capacidad para 24 salchichas y bodega para pan. Ideal para negocios de comida r\u00e1pida. Calidad garantizada y f\u00e1cil limpieza.\",\"breadcrumb\":{\"@id\":\"https:\\\/\\\/tienda.fullermachinery.com\\\/index.php\\\/producto\\\/asador-salchichas-9-rodillos-bodega-pan\\\/#breadcrumb\"},\"inLanguage\":\"es\",\"potentialAction\":[{\"@type\":\"ReadAction\",\"target\":[\"https:\\\/\\\/tienda.fullermachinery.com\\\/index.php\\\/producto\\\/asador-salchichas-9-rodillos-bodega-pan\\\/\"]}]},{\"@type\":\"ImageObject\",\"inLanguage\":\"es\",\"@id\":\"https:\\\/\\\/tienda.fullermachinery.com\\\/index.php\\\/producto\\\/asador-salchichas-9-rodillos-bodega-pan\\\/#primaryimage\",\"url\":\"https:\\\/\\\/tienda.fullermachinery.com\\\/wp-content\\\/uploads\\\/2024\\\/01\\\/ASADOR-DE-SALCHICHAS-9-RODILLOS-0.png\",\"contentUrl\":\"https:\\\/\\\/tienda.fullermachinery.com\\\/wp-content\\\/uploads\\\/2024\\\/01\\\/ASADOR-DE-SALCHICHAS-9-RODILLOS-0.png\",\"width\":2000,\"height\":2000},{\"@type\":\"BreadcrumbList\",\"@id\":\"https:\\\/\\\/tienda.fullermachinery.com\\\/index.php\\\/producto\\\/asador-salchichas-9-rodillos-bodega-pan\\\/#breadcrumb\",\"itemListElement\":[{\"@type\":\"ListItem\",\"position\":1,\"name\":\"Portada\",\"item\":\"https:\\\/\\\/tienda.fullermachinery.com\\\/\"},{\"@type\":\"ListItem\",\"position\":2,\"name\":\"Productos\",\"item\":\"https:\\\/\\\/tienda.fullermachinery.com\\\/index.php\\\/shop\\\/\"},{\"@type\":\"ListItem\",\"position\":3,\"name\":\"Asador de Salchichas 9 Rodillos | Bodega para Pan | Capacidad 24 Unidades | Acero Inoxidable | Uso Comercial\"}]},{\"@type\":\"WebSite\",\"@id\":\"https:\\\/\\\/tienda.fullermachinery.com\\\/#website\",\"url\":\"https:\\\/\\\/tienda.fullermachinery.com\\\/\",\"name\":\"Fuller Machinery\",\"description\":\"Importaci\u00f3n y comercializaci\u00f3n de m\u00e1quinas industriales para el sector de alimentos\",\"publisher\":{\"@id\":\"https:\\\/\\\/tienda.fullermachinery.com\\\/#organization\"},\"potentialAction\":[{\"@type\":\"SearchAction\",\"target\":{\"@type\":\"EntryPoint\",\"urlTemplate\":\"https:\\\/\\\/tienda.fullermachinery.com\\\/?s={search_term_string}\"},\"query-input\":{\"@type\":\"PropertyValueSpecification\",\"valueRequired\":true,\"valueName\":\"search_term_string\"}}],\"inLanguage\":\"es\"},{\"@type\":\"Organization\",\"@id\":\"https:\\\/\\\/tienda.fullermachinery.com\\\/#organization\",\"name\":\"Fuller Machinery\",\"url\":\"https:\\\/\\\/tienda.fullermachinery.com\\\/\",\"logo\":{\"@type\":\"ImageObject\",\"inLanguage\":\"es\",\"@id\":\"https:\\\/\\\/tienda.fullermachinery.com\\\/#\\\/schema\\\/logo\\\/image\\\/\",\"url\":\"https:\\\/\\\/tienda.fullermachinery.com\\\/wp-content\\\/uploads\\\/2023\\\/08\\\/logo-fuller-transparente.png\",\"contentUrl\":\"https:\\\/\\\/tienda.fullermachinery.com\\\/wp-content\\\/uploads\\\/2023\\\/08\\\/logo-fuller-transparente.png\",\"width\":2208,\"height\":644,\"caption\":\"Fuller Machinery\"},\"image\":{\"@id\":\"https:\\\/\\\/tienda.fullermachinery.com\\\/#\\\/schema\\\/logo\\\/image\\\/\"}}]}<\/script>\n<!-- \/ Yoast SEO plugin. -->","yoast_head_json":{"title":"Asador de Salchichas 9 Rodillos | Bodega para Pan | Capacidad 24 Unidades | Acero Inoxidable | Uso Comercial - Fuller Machinery","description":"Asador profesional de 9 rodillos con capacidad para 24 salchichas y bodega para pan. Ideal para negocios de comida r\u00e1pida. Calidad garantizada y f\u00e1cil limpieza.","robots":{"index":"index","follow":"follow","max-snippet":"max-snippet:-1","max-image-preview":"max-image-preview:large","max-video-preview":"max-video-preview:-1"},"canonical":"https:\/\/tienda.fullermachinery.com\/index.php\/producto\/asador-salchichas-9-rodillos-bodega-pan\/","og_locale":"es_ES","og_type":"article","og_title":"Asador de Salchichas 9 Rodillos | Bodega para Pan | Capacidad 24 Unidades | Acero Inoxidable | Uso Comercial - Fuller Machinery","og_description":"Asador profesional de 9 rodillos con capacidad para 24 salchichas y bodega para pan. Ideal para negocios de comida r\u00e1pida. Calidad garantizada y f\u00e1cil limpieza.","og_url":"https:\/\/tienda.fullermachinery.com\/index.php\/producto\/asador-salchichas-9-rodillos-bodega-pan\/","og_site_name":"Fuller Machinery","article_modified_time":"2025-07-18T15:27:43+00:00","og_image":[{"width":2000,"height":2000,"url":"https:\/\/tienda.fullermachinery.com\/wp-content\/uploads\/2024\/01\/ASADOR-DE-SALCHICHAS-9-RODILLOS-0.png","type":"image\/png"}],"twitter_card":"summary_large_image","twitter_misc":{"Tiempo de lectura":"1 minuto"},"schema":{"@context":"https:\/\/schema.org","@graph":[{"@type":"WebPage","@id":"https:\/\/tienda.fullermachinery.com\/index.php\/producto\/asador-salchichas-9-rodillos-bodega-pan\/","url":"https:\/\/tienda.fullermachinery.com\/index.php\/producto\/asador-salchichas-9-rodillos-bodega-pan\/","name":"Asador de Salchichas 9 Rodillos | Bodega para Pan | Capacidad 24 Unidades | Acero Inoxidable | Uso Comercial - Fuller Machinery","isPartOf":{"@id":"https:\/\/tienda.fullermachinery.com\/#website"},"primaryImageOfPage":{"@id":"https:\/\/tienda.fullermachinery.com\/index.php\/producto\/asador-salchichas-9-rodillos-bodega-pan\/#primaryimage"},"image":{"@id":"https:\/\/tienda.fullermachinery.com\/index.php\/producto\/asador-salchichas-9-rodillos-bodega-pan\/#primaryimage"},"thumbnailUrl":"https:\/\/tienda.fullermachinery.com\/wp-content\/uploads\/2024\/01\/ASADOR-DE-SALCHICHAS-9-RODILLOS-0.png","datePublished":"2024-01-24T04:44:25+00:00","dateModified":"2025-07-18T15:27:43+00:00","description":"Asador profesional de 9 rodillos con capacidad para 24 salchichas y bodega para pan. Ideal para negocios de comida r\u00e1pida. Calidad garantizada y f\u00e1cil limpieza.","breadcrumb":{"@id":"https:\/\/tienda.fullermachinery.com\/index.php\/producto\/asador-salchichas-9-rodillos-bodega-pan\/#breadcrumb"},"inLanguage":"es","potentialAction":[{"@type":"ReadAction","target":["https:\/\/tienda.fullermachinery.com\/index.php\/producto\/asador-salchichas-9-rodillos-bodega-pan\/"]}]},{"@type":"ImageObject","inLanguage":"es","@id":"https:\/\/tienda.fullermachinery.com\/index.php\/producto\/asador-salchichas-9-rodillos-bodega-pan\/#primaryimage","url":"https:\/\/tienda.fullermachinery.com\/wp-content\/uploads\/2024\/01\/ASADOR-DE-SALCHICHAS-9-RODILLOS-0.png","contentUrl":"https:\/\/tienda.fullermachinery.com\/wp-content\/uploads\/2024\/01\/ASADOR-DE-SALCHICHAS-9-RODILLOS-0.png","width":2000,"height":2000},{"@type":"BreadcrumbList","@id":"https:\/\/tienda.fullermachinery.com\/index.php\/producto\/asador-salchichas-9-rodillos-bodega-pan\/#breadcrumb","itemListElement":[{"@type":"ListItem","position":1,"name":"Portada","item":"https:\/\/tienda.fullermachinery.com\/"},{"@type":"ListItem","position":2,"name":"Productos","item":"https:\/\/tienda.fullermachinery.com\/index.php\/shop\/"},{"@type":"ListItem","position":3,"name":"Asador de Salchichas 9 Rodillos | Bodega para Pan | Capacidad 24 Unidades | Acero Inoxidable | Uso Comercial"}]},{"@type":"WebSite","@id":"https:\/\/tienda.fullermachinery.com\/#website","url":"https:\/\/tienda.fullermachinery.com\/","name":"Fuller Machinery","description":"Importaci\u00f3n y comercializaci\u00f3n de m\u00e1quinas industriales para el sector de alimentos","publisher":{"@id":"https:\/\/tienda.fullermachinery.com\/#organization"},"potentialAction":[{"@type":"SearchAction","target":{"@type":"EntryPoint","urlTemplate":"https:\/\/tienda.fullermachinery.com\/?s={search_term_string}"},"query-input":{"@type":"PropertyValueSpecification","valueRequired":true,"valueName":"search_term_string"}}],"inLanguage":"es"},{"@type":"Organization","@id":"https:\/\/tienda.fullermachinery.com\/#organization","name":"Fuller Machinery","url":"https:\/\/tienda.fullermachinery.com\/","logo":{"@type":"ImageObject","inLanguage":"es","@id":"https:\/\/tienda.fullermachinery.com\/#\/schema\/logo\/image\/","url":"https:\/\/tienda.fullermachinery.com\/wp-content\/uploads\/2023\/08\/logo-fuller-transparente.png","contentUrl":"https:\/\/tienda.fullermachinery.com\/wp-content\/uploads\/2023\/08\/logo-fuller-transparente.png","width":2208,"height":644,"caption":"Fuller Machinery"},"image":{"@id":"https:\/\/tienda.fullermachinery.com\/#\/schema\/logo\/image\/"}}]}},"jetpack_sharing_enabled":true,"_links":{"self":[{"href":"https:\/\/tienda.fullermachinery.com\/index.php\/wp-json\/wp\/v2\/product\/16097","targetHints":{"allow":["GET"]}}],"collection":[{"href":"https:\/\/tienda.fullermachinery.com\/index.php\/wp-json\/wp\/v2\/product"}],"about":[{"href":"https:\/\/tienda.fullermachinery.com\/index.php\/wp-json\/wp\/v2\/types\/product"}],"replies":[{"embeddable":true,"href":"https:\/\/tienda.fullermachinery.com\/index.php\/wp-json\/wp\/v2\/comments?post=16097"}],"version-history":[{"count":7,"href":"https:\/\/tienda.fullermachinery.com\/index.php\/wp-json\/wp\/v2\/product\/16097\/revisions"}],"predecessor-version":[{"id":18630,"href":"https:\/\/tienda.fullermachinery.com\/index.php\/wp-json\/wp\/v2\/product\/16097\/revisions\/18630"}],"wp:featuredmedia":[{"embeddable":true,"href":"https:\/\/tienda.fullermachinery.com\/index.php\/wp-json\/wp\/v2\/media\/16098"}],"wp:attachment":[{"href":"https:\/\/tienda.fullermachinery.com\/index.php\/wp-json\/wp\/v2\/media?parent=16097"}],"wp:term":[{"taxonomy":"product_brand","embeddable":true,"href":"https:\/\/tienda.fullermachinery.com\/index.php\/wp-json\/wp\/v2\/product_brand?post=16097"},{"taxonomy":"product_cat","embeddable":true,"href":"https:\/\/tienda.fullermachinery.com\/index.php\/wp-json\/wp\/v2\/product_cat?post=16097"},{"taxonomy":"product_tag","embeddable":true,"href":"https:\/\/tienda.fullermachinery.com\/index.php\/wp-json\/wp\/v2\/product_tag?post=16097"}],"curies":[{"name":"wp","href":"https:\/\/api.w.org\/{rel}","templated":true}]}}