{"id":16092,"date":"2024-01-23T23:41:36","date_gmt":"2024-01-24T04:41:36","guid":{"rendered":"https:\/\/tienda.fullermachinery.com\/?post_type=product&#038;p=16092"},"modified":"2025-07-18T10:33:45","modified_gmt":"2025-07-18T15:33:45","slug":"asador-salchichas-compacto-7-rodillos-18-unidades","status":"publish","type":"product","link":"https:\/\/tienda.fullermachinery.com\/index.php\/producto\/asador-salchichas-compacto-7-rodillos-18-unidades\/","title":{"rendered":"Asador de Salchichas Compacto | 7 Rodillos | Capacidad 18 Unidades | Acero Inoxidable | Vidrio Templado | 110V"},"content":{"rendered":"\t\t<div data-elementor-type=\"wp-post\" data-elementor-id=\"16092\" class=\"elementor elementor-16092\">\n\t\t\t\t\t\t<section class=\"wd-negative-gap elementor-section elementor-top-section elementor-element elementor-element-87a7753 elementor-section-boxed elementor-section-height-default elementor-section-height-default wd-section-disabled\" data-id=\"87a7753\" data-element_type=\"section\" data-e-type=\"section\">\n\t\t\t\t\t\t<div class=\"elementor-container elementor-column-gap-default\">\n\t\t\t\t\t<div class=\"elementor-column elementor-col-100 elementor-top-column elementor-element elementor-element-a60d99e\" data-id=\"a60d99e\" data-element_type=\"column\" data-e-type=\"column\">\n\t\t\t<div class=\"elementor-widget-wrap elementor-element-populated\">\n\t\t\t\t\t\t<div class=\"elementor-element elementor-element-6e7878f elementor-widget elementor-widget-wd_text_block\" data-id=\"6e7878f\" data-element_type=\"widget\" data-e-type=\"widget\" data-widget_type=\"wd_text_block.default\">\n\t\t\t\t<div class=\"elementor-widget-container\">\n\t\t\t\t\t\t\t<div class=\"wd-text-block reset-last-child text-left\">\n\t\t\t\n\t\t\t<p data-start=\"641\" data-end=\"721\"><strong data-start=\"641\" data-end=\"721\">Asador de salchichas compacto para negocios con poco espacio y alta demanda.<\/strong><\/p><p data-start=\"723\" data-end=\"981\">Este equipo combina tama\u00f1o reducido con alto rendimiento. Su dise\u00f1o de <strong data-start=\"794\" data-end=\"824\">7 rodillos giratorios 360\u00b0<\/strong> permite cocinar hasta <strong data-start=\"847\" data-end=\"864\">18 salchichas<\/strong> de manera uniforme, mientras que su cubierta de <strong data-start=\"913\" data-end=\"932\">vidrio templado<\/strong> protege y exhibe el producto de forma higi\u00e9nica.<\/p><p data-start=\"983\" data-end=\"1016\"><strong data-start=\"983\" data-end=\"1014\">Caracter\u00edsticas destacadas:<\/strong><\/p><ul data-start=\"1017\" data-end=\"1464\"><li data-start=\"1017\" data-end=\"1054\"><p data-start=\"1019\" data-end=\"1054\">\u2705 Capacidad: 18 salchichas aprox.<\/p><\/li><li data-start=\"1055\" data-end=\"1086\"><p data-start=\"1057\" data-end=\"1086\">\u2705 7 rodillos antiadherentes<\/p><\/li><li data-start=\"1087\" data-end=\"1128\"><p data-start=\"1089\" data-end=\"1128\">\u2705 Rodillos con rotaci\u00f3n total de 360\u00b0<\/p><\/li><li data-start=\"1129\" data-end=\"1164\"><p data-start=\"1131\" data-end=\"1164\">\u2705 Fabricado en acero inoxidable<\/p><\/li><li data-start=\"1165\" data-end=\"1210\"><p data-start=\"1167\" data-end=\"1210\">\u2705 Exhibidor de vidrio templado resistente<\/p><\/li><li data-start=\"1211\" data-end=\"1255\"><p data-start=\"1213\" data-end=\"1255\">\u2705 Alimentaci\u00f3n: 110V | Frecuencia: 60 Hz<\/p><\/li><li data-start=\"1256\" data-end=\"1313\"><p data-start=\"1258\" data-end=\"1313\">\u2705 Dimensiones: 42 cm ancho x 58 cm alto x 34 cm fondo<\/p><\/li><li data-start=\"1314\" data-end=\"1331\"><p data-start=\"1316\" data-end=\"1331\">\u2705 Peso: 17 kg<\/p><\/li><li data-start=\"1332\" data-end=\"1365\"><p data-start=\"1334\" data-end=\"1365\">\u2705 F\u00e1cil de limpiar y mantener<\/p><\/li><li data-start=\"1366\" data-end=\"1464\"><p data-start=\"1368\" data-end=\"1464\">\u2705 Dise\u00f1o compacto ideal para food trucks, kioscos, ferias, cafeter\u00edas y puntos de venta m\u00f3viles.<\/p><\/li><\/ul><p data-start=\"1466\" data-end=\"1532\"><strong data-start=\"1466\" data-end=\"1532\">\u00a1Dise\u00f1o compacto, calidad profesional y resultados deliciosos!<\/strong><\/p>\n\t\t\t\t\t<\/div>\n\t\t\t\t\t\t<\/div>\n\t\t\t\t<\/div>\n\t\t\t\t\t<\/div>\n\t\t<\/div>\n\t\t\t\t\t<\/div>\n\t\t<\/section>\n\t\t\t\t<\/div>\n\t\t","protected":false},"excerpt":{"rendered":"<p>Asador profesional compacto para 18 salchichas. Con 7 rodillos giratorios, estructura en acero inoxidable y exhibidor de vidrio templado. Ideal para negocios peque\u00f1os.<\/p>\n<p>&nbsp;<\/p>\n<p>&nbsp;<\/p>\n","protected":false},"featured_media":16093,"comment_status":"open","ping_status":"closed","template":"","meta":[],"product_brand":[302],"product_cat":[140,161],"product_tag":[432,265,430,434,276,431,433,426,264],"class_list":{"0":"post-16092","1":"product","2":"type-product","3":"status-publish","4":"has-post-thumbnail","6":"product_brand-fuller-machinery","7":"product_cat-preparacion-de-alimentos","8":"product_cat-comida-divertida","9":"product_tag-7-rodillos","10":"product_tag-asador","11":"product_tag-asador-compacto","12":"product_tag-asador-para-food-truck","13":"product_tag-asador-de-salchichas","14":"product_tag-equipo-hot-dog","15":"product_tag-equipo-para-ferias","16":"product_tag-maquinaria-gastronomica","17":"product_tag-salchichas","19":"first","20":"instock","21":"featured","22":"shipping-taxable","23":"purchasable","24":"product-type-simple"},"yoast_head":"<!-- This site is optimized with the Yoast SEO plugin v27.3 - https:\/\/yoast.com\/product\/yoast-seo-wordpress\/ -->\n<title>Asador de Salchichas Compacto | 7 Rodillos | Capacidad 18 Unidades | Acero Inoxidable | Vidrio Templado | 110V - Fuller Machinery<\/title>\n<meta name=\"description\" content=\"Asador de salchichas compacto con capacidad para 18 unidades. Incluye 7 rodillos y exhibidor de vidrio templado. Ideal para negocios peque\u00f1os y food trucks.\" \/>\n<meta name=\"robots\" content=\"index, follow, max-snippet:-1, max-image-preview:large, max-video-preview:-1\" \/>\n<link rel=\"canonical\" href=\"https:\/\/tienda.fullermachinery.com\/index.php\/producto\/asador-salchichas-compacto-7-rodillos-18-unidades\/\" \/>\n<meta property=\"og:locale\" content=\"es_ES\" \/>\n<meta property=\"og:type\" content=\"article\" \/>\n<meta property=\"og:title\" content=\"Asador de Salchichas Compacto | 7 Rodillos | Capacidad 18 Unidades | Acero Inoxidable | Vidrio Templado | 110V - Fuller Machinery\" \/>\n<meta property=\"og:description\" content=\"Asador de salchichas compacto con capacidad para 18 unidades. Incluye 7 rodillos y exhibidor de vidrio templado. Ideal para negocios peque\u00f1os y food trucks.\" \/>\n<meta property=\"og:url\" content=\"https:\/\/tienda.fullermachinery.com\/index.php\/producto\/asador-salchichas-compacto-7-rodillos-18-unidades\/\" \/>\n<meta property=\"og:site_name\" content=\"Fuller Machinery\" \/>\n<meta property=\"article:modified_time\" content=\"2025-07-18T15:33:45+00:00\" \/>\n<meta property=\"og:image\" content=\"https:\/\/tienda.fullermachinery.com\/wp-content\/uploads\/2024\/01\/ASADOR-DE-SALCHICHAS-7-RODILLOS-53.png\" \/>\n\t<meta property=\"og:image:width\" content=\"2000\" \/>\n\t<meta property=\"og:image:height\" content=\"2000\" \/>\n\t<meta property=\"og:image:type\" content=\"image\/png\" \/>\n<meta name=\"twitter:card\" content=\"summary_large_image\" \/>\n<meta name=\"twitter:label1\" content=\"Tiempo de lectura\" \/>\n\t<meta name=\"twitter:data1\" content=\"1 minuto\" \/>\n<script type=\"application\/ld+json\" class=\"yoast-schema-graph\">{\"@context\":\"https:\\\/\\\/schema.org\",\"@graph\":[{\"@type\":\"WebPage\",\"@id\":\"https:\\\/\\\/tienda.fullermachinery.com\\\/index.php\\\/producto\\\/asador-salchichas-compacto-7-rodillos-18-unidades\\\/\",\"url\":\"https:\\\/\\\/tienda.fullermachinery.com\\\/index.php\\\/producto\\\/asador-salchichas-compacto-7-rodillos-18-unidades\\\/\",\"name\":\"Asador de Salchichas Compacto | 7 Rodillos | Capacidad 18 Unidades | Acero Inoxidable | Vidrio Templado | 110V - Fuller Machinery\",\"isPartOf\":{\"@id\":\"https:\\\/\\\/tienda.fullermachinery.com\\\/#website\"},\"primaryImageOfPage\":{\"@id\":\"https:\\\/\\\/tienda.fullermachinery.com\\\/index.php\\\/producto\\\/asador-salchichas-compacto-7-rodillos-18-unidades\\\/#primaryimage\"},\"image\":{\"@id\":\"https:\\\/\\\/tienda.fullermachinery.com\\\/index.php\\\/producto\\\/asador-salchichas-compacto-7-rodillos-18-unidades\\\/#primaryimage\"},\"thumbnailUrl\":\"https:\\\/\\\/tienda.fullermachinery.com\\\/wp-content\\\/uploads\\\/2024\\\/01\\\/ASADOR-DE-SALCHICHAS-7-RODILLOS-53.png\",\"datePublished\":\"2024-01-24T04:41:36+00:00\",\"dateModified\":\"2025-07-18T15:33:45+00:00\",\"description\":\"Asador de salchichas compacto con capacidad para 18 unidades. Incluye 7 rodillos y exhibidor de vidrio templado. Ideal para negocios peque\u00f1os y food trucks.\",\"breadcrumb\":{\"@id\":\"https:\\\/\\\/tienda.fullermachinery.com\\\/index.php\\\/producto\\\/asador-salchichas-compacto-7-rodillos-18-unidades\\\/#breadcrumb\"},\"inLanguage\":\"es\",\"potentialAction\":[{\"@type\":\"ReadAction\",\"target\":[\"https:\\\/\\\/tienda.fullermachinery.com\\\/index.php\\\/producto\\\/asador-salchichas-compacto-7-rodillos-18-unidades\\\/\"]}]},{\"@type\":\"ImageObject\",\"inLanguage\":\"es\",\"@id\":\"https:\\\/\\\/tienda.fullermachinery.com\\\/index.php\\\/producto\\\/asador-salchichas-compacto-7-rodillos-18-unidades\\\/#primaryimage\",\"url\":\"https:\\\/\\\/tienda.fullermachinery.com\\\/wp-content\\\/uploads\\\/2024\\\/01\\\/ASADOR-DE-SALCHICHAS-7-RODILLOS-53.png\",\"contentUrl\":\"https:\\\/\\\/tienda.fullermachinery.com\\\/wp-content\\\/uploads\\\/2024\\\/01\\\/ASADOR-DE-SALCHICHAS-7-RODILLOS-53.png\",\"width\":2000,\"height\":2000},{\"@type\":\"BreadcrumbList\",\"@id\":\"https:\\\/\\\/tienda.fullermachinery.com\\\/index.php\\\/producto\\\/asador-salchichas-compacto-7-rodillos-18-unidades\\\/#breadcrumb\",\"itemListElement\":[{\"@type\":\"ListItem\",\"position\":1,\"name\":\"Portada\",\"item\":\"https:\\\/\\\/tienda.fullermachinery.com\\\/\"},{\"@type\":\"ListItem\",\"position\":2,\"name\":\"Productos\",\"item\":\"https:\\\/\\\/tienda.fullermachinery.com\\\/index.php\\\/shop\\\/\"},{\"@type\":\"ListItem\",\"position\":3,\"name\":\"Asador de Salchichas Compacto | 7 Rodillos | Capacidad 18 Unidades | Acero Inoxidable | Vidrio Templado | 110V\"}]},{\"@type\":\"WebSite\",\"@id\":\"https:\\\/\\\/tienda.fullermachinery.com\\\/#website\",\"url\":\"https:\\\/\\\/tienda.fullermachinery.com\\\/\",\"name\":\"Fuller Machinery\",\"description\":\"Importaci\u00f3n y comercializaci\u00f3n de m\u00e1quinas industriales para el sector de alimentos\",\"publisher\":{\"@id\":\"https:\\\/\\\/tienda.fullermachinery.com\\\/#organization\"},\"potentialAction\":[{\"@type\":\"SearchAction\",\"target\":{\"@type\":\"EntryPoint\",\"urlTemplate\":\"https:\\\/\\\/tienda.fullermachinery.com\\\/?s={search_term_string}\"},\"query-input\":{\"@type\":\"PropertyValueSpecification\",\"valueRequired\":true,\"valueName\":\"search_term_string\"}}],\"inLanguage\":\"es\"},{\"@type\":\"Organization\",\"@id\":\"https:\\\/\\\/tienda.fullermachinery.com\\\/#organization\",\"name\":\"Fuller Machinery\",\"url\":\"https:\\\/\\\/tienda.fullermachinery.com\\\/\",\"logo\":{\"@type\":\"ImageObject\",\"inLanguage\":\"es\",\"@id\":\"https:\\\/\\\/tienda.fullermachinery.com\\\/#\\\/schema\\\/logo\\\/image\\\/\",\"url\":\"https:\\\/\\\/tienda.fullermachinery.com\\\/wp-content\\\/uploads\\\/2023\\\/08\\\/logo-fuller-transparente.png\",\"contentUrl\":\"https:\\\/\\\/tienda.fullermachinery.com\\\/wp-content\\\/uploads\\\/2023\\\/08\\\/logo-fuller-transparente.png\",\"width\":2208,\"height\":644,\"caption\":\"Fuller Machinery\"},\"image\":{\"@id\":\"https:\\\/\\\/tienda.fullermachinery.com\\\/#\\\/schema\\\/logo\\\/image\\\/\"}}]}<\/script>\n<!-- \/ Yoast SEO plugin. -->","yoast_head_json":{"title":"Asador de Salchichas Compacto | 7 Rodillos | Capacidad 18 Unidades | Acero Inoxidable | Vidrio Templado | 110V - Fuller Machinery","description":"Asador de salchichas compacto con capacidad para 18 unidades. Incluye 7 rodillos y exhibidor de vidrio templado. Ideal para negocios peque\u00f1os y food trucks.","robots":{"index":"index","follow":"follow","max-snippet":"max-snippet:-1","max-image-preview":"max-image-preview:large","max-video-preview":"max-video-preview:-1"},"canonical":"https:\/\/tienda.fullermachinery.com\/index.php\/producto\/asador-salchichas-compacto-7-rodillos-18-unidades\/","og_locale":"es_ES","og_type":"article","og_title":"Asador de Salchichas Compacto | 7 Rodillos | Capacidad 18 Unidades | Acero Inoxidable | Vidrio Templado | 110V - Fuller Machinery","og_description":"Asador de salchichas compacto con capacidad para 18 unidades. Incluye 7 rodillos y exhibidor de vidrio templado. Ideal para negocios peque\u00f1os y food trucks.","og_url":"https:\/\/tienda.fullermachinery.com\/index.php\/producto\/asador-salchichas-compacto-7-rodillos-18-unidades\/","og_site_name":"Fuller Machinery","article_modified_time":"2025-07-18T15:33:45+00:00","og_image":[{"width":2000,"height":2000,"url":"https:\/\/tienda.fullermachinery.com\/wp-content\/uploads\/2024\/01\/ASADOR-DE-SALCHICHAS-7-RODILLOS-53.png","type":"image\/png"}],"twitter_card":"summary_large_image","twitter_misc":{"Tiempo de lectura":"1 minuto"},"schema":{"@context":"https:\/\/schema.org","@graph":[{"@type":"WebPage","@id":"https:\/\/tienda.fullermachinery.com\/index.php\/producto\/asador-salchichas-compacto-7-rodillos-18-unidades\/","url":"https:\/\/tienda.fullermachinery.com\/index.php\/producto\/asador-salchichas-compacto-7-rodillos-18-unidades\/","name":"Asador de Salchichas Compacto | 7 Rodillos | Capacidad 18 Unidades | Acero Inoxidable | Vidrio Templado | 110V - Fuller Machinery","isPartOf":{"@id":"https:\/\/tienda.fullermachinery.com\/#website"},"primaryImageOfPage":{"@id":"https:\/\/tienda.fullermachinery.com\/index.php\/producto\/asador-salchichas-compacto-7-rodillos-18-unidades\/#primaryimage"},"image":{"@id":"https:\/\/tienda.fullermachinery.com\/index.php\/producto\/asador-salchichas-compacto-7-rodillos-18-unidades\/#primaryimage"},"thumbnailUrl":"https:\/\/tienda.fullermachinery.com\/wp-content\/uploads\/2024\/01\/ASADOR-DE-SALCHICHAS-7-RODILLOS-53.png","datePublished":"2024-01-24T04:41:36+00:00","dateModified":"2025-07-18T15:33:45+00:00","description":"Asador de salchichas compacto con capacidad para 18 unidades. Incluye 7 rodillos y exhibidor de vidrio templado. Ideal para negocios peque\u00f1os y food trucks.","breadcrumb":{"@id":"https:\/\/tienda.fullermachinery.com\/index.php\/producto\/asador-salchichas-compacto-7-rodillos-18-unidades\/#breadcrumb"},"inLanguage":"es","potentialAction":[{"@type":"ReadAction","target":["https:\/\/tienda.fullermachinery.com\/index.php\/producto\/asador-salchichas-compacto-7-rodillos-18-unidades\/"]}]},{"@type":"ImageObject","inLanguage":"es","@id":"https:\/\/tienda.fullermachinery.com\/index.php\/producto\/asador-salchichas-compacto-7-rodillos-18-unidades\/#primaryimage","url":"https:\/\/tienda.fullermachinery.com\/wp-content\/uploads\/2024\/01\/ASADOR-DE-SALCHICHAS-7-RODILLOS-53.png","contentUrl":"https:\/\/tienda.fullermachinery.com\/wp-content\/uploads\/2024\/01\/ASADOR-DE-SALCHICHAS-7-RODILLOS-53.png","width":2000,"height":2000},{"@type":"BreadcrumbList","@id":"https:\/\/tienda.fullermachinery.com\/index.php\/producto\/asador-salchichas-compacto-7-rodillos-18-unidades\/#breadcrumb","itemListElement":[{"@type":"ListItem","position":1,"name":"Portada","item":"https:\/\/tienda.fullermachinery.com\/"},{"@type":"ListItem","position":2,"name":"Productos","item":"https:\/\/tienda.fullermachinery.com\/index.php\/shop\/"},{"@type":"ListItem","position":3,"name":"Asador de Salchichas Compacto | 7 Rodillos | Capacidad 18 Unidades | Acero Inoxidable | Vidrio Templado | 110V"}]},{"@type":"WebSite","@id":"https:\/\/tienda.fullermachinery.com\/#website","url":"https:\/\/tienda.fullermachinery.com\/","name":"Fuller Machinery","description":"Importaci\u00f3n y comercializaci\u00f3n de m\u00e1quinas industriales para el sector de alimentos","publisher":{"@id":"https:\/\/tienda.fullermachinery.com\/#organization"},"potentialAction":[{"@type":"SearchAction","target":{"@type":"EntryPoint","urlTemplate":"https:\/\/tienda.fullermachinery.com\/?s={search_term_string}"},"query-input":{"@type":"PropertyValueSpecification","valueRequired":true,"valueName":"search_term_string"}}],"inLanguage":"es"},{"@type":"Organization","@id":"https:\/\/tienda.fullermachinery.com\/#organization","name":"Fuller Machinery","url":"https:\/\/tienda.fullermachinery.com\/","logo":{"@type":"ImageObject","inLanguage":"es","@id":"https:\/\/tienda.fullermachinery.com\/#\/schema\/logo\/image\/","url":"https:\/\/tienda.fullermachinery.com\/wp-content\/uploads\/2023\/08\/logo-fuller-transparente.png","contentUrl":"https:\/\/tienda.fullermachinery.com\/wp-content\/uploads\/2023\/08\/logo-fuller-transparente.png","width":2208,"height":644,"caption":"Fuller Machinery"},"image":{"@id":"https:\/\/tienda.fullermachinery.com\/#\/schema\/logo\/image\/"}}]}},"jetpack_sharing_enabled":true,"_links":{"self":[{"href":"https:\/\/tienda.fullermachinery.com\/index.php\/wp-json\/wp\/v2\/product\/16092","targetHints":{"allow":["GET"]}}],"collection":[{"href":"https:\/\/tienda.fullermachinery.com\/index.php\/wp-json\/wp\/v2\/product"}],"about":[{"href":"https:\/\/tienda.fullermachinery.com\/index.php\/wp-json\/wp\/v2\/types\/product"}],"replies":[{"embeddable":true,"href":"https:\/\/tienda.fullermachinery.com\/index.php\/wp-json\/wp\/v2\/comments?post=16092"}],"version-history":[{"count":6,"href":"https:\/\/tienda.fullermachinery.com\/index.php\/wp-json\/wp\/v2\/product\/16092\/revisions"}],"predecessor-version":[{"id":18635,"href":"https:\/\/tienda.fullermachinery.com\/index.php\/wp-json\/wp\/v2\/product\/16092\/revisions\/18635"}],"wp:featuredmedia":[{"embeddable":true,"href":"https:\/\/tienda.fullermachinery.com\/index.php\/wp-json\/wp\/v2\/media\/16093"}],"wp:attachment":[{"href":"https:\/\/tienda.fullermachinery.com\/index.php\/wp-json\/wp\/v2\/media?parent=16092"}],"wp:term":[{"taxonomy":"product_brand","embeddable":true,"href":"https:\/\/tienda.fullermachinery.com\/index.php\/wp-json\/wp\/v2\/product_brand?post=16092"},{"taxonomy":"product_cat","embeddable":true,"href":"https:\/\/tienda.fullermachinery.com\/index.php\/wp-json\/wp\/v2\/product_cat?post=16092"},{"taxonomy":"product_tag","embeddable":true,"href":"https:\/\/tienda.fullermachinery.com\/index.php\/wp-json\/wp\/v2\/product_tag?post=16092"}],"curies":[{"name":"wp","href":"https:\/\/api.w.org\/{rel}","templated":true}]}}