{"id":15998,"date":"2024-01-18T23:28:34","date_gmt":"2024-01-19T04:28:34","guid":{"rendered":"https:\/\/tienda.fullermachinery.com\/?post_type=product&#038;p=15998"},"modified":"2025-03-12T10:01:23","modified_gmt":"2025-03-12T15:01:23","slug":"sello-para-vasos-frutas-pequeno-691","status":"publish","type":"product","link":"https:\/\/tienda.fullermachinery.com\/index.php\/producto\/sello-para-vasos-frutas-pequeno-691\/","title":{"rendered":"SELLO PARA VASOS FRUTAS PEQUE\u00d1O"},"content":{"rendered":"","protected":false},"excerpt":{"rendered":"<p>&nbsp;<\/p>\n<p data-sourcepos=\"7:1-7:274\">Olv\u00eddate de las tapas y los derrames. Con este rollo film de pl\u00e1stico sellable, podr\u00e1s sellar tus vasos de forma r\u00e1pida, segura y profesional. Ideal para m\u00e1quinas selladoras, este rollo te ofrece un sellado completo y herm\u00e9tico, garantizando la satisfacci\u00f3n de tus clientes.<\/p>\n<p data-sourcepos=\"9:1-9:31\"><strong>Caracter\u00edsticas destacadas:<\/strong><\/p>\n<ul data-sourcepos=\"11:1-18:0\">\n<li data-sourcepos=\"11:1-11:86\"><strong>Sellado completo y seguro:<\/strong> Evita derrames y mantiene la frescura de tus bebidas.<\/li>\n<li data-sourcepos=\"12:1-12:90\"><strong>Compatibilidad universal:<\/strong> Funciona con todas las referencias de m\u00e1quinas selladoras.<\/li>\n<li data-sourcepos=\"13:1-13:62\"><strong>Alto rendimiento:<\/strong> Aproximadamente 2700 sellos por rollo.<\/li>\n<li data-sourcepos=\"14:1-14:106\"><strong>Dise\u00f1o atractivo:<\/strong> Disponible con dise\u00f1os de frutas y gu\u00edas de l\u00edneas negras para un sellado preciso.<\/li>\n<li data-sourcepos=\"15:1-15:52\"><strong>F\u00e1cil manejo:<\/strong> Rollo ligero y pr\u00e1ctico de usar.<\/li>\n<li data-sourcepos=\"16:1-16:68\"><strong>Importaci\u00f3n directa:<\/strong> Garant\u00eda de calidad y precio competitivo.<\/li>\n<li data-sourcepos=\"17:1-18:0\"><strong>Env\u00edos a todo el pa\u00eds:<\/strong> Recibe tu producto donde lo necesites.<\/li>\n<\/ul>\n<p data-sourcepos=\"19:1-19:18\"><strong>Perfecto para:<\/strong><\/p>\n<ul data-sourcepos=\"21:1-26:0\">\n<li data-sourcepos=\"21:1-21:12\">Cafeter\u00edas<\/li>\n<li data-sourcepos=\"22:1-22:11\">Juguer\u00edas<\/li>\n<li data-sourcepos=\"23:1-23:16\">Bares de jugos<\/li>\n<li data-sourcepos=\"24:1-24:14\">Restaurantes<\/li>\n<li data-sourcepos=\"25:1-26:0\">Negocios de comida para llevar<\/li>\n<\/ul>\n<p data-sourcepos=\"27:1-27:99\"><strong>\u00a1Ofrece a tus clientes la mejor experiencia con bebidas selladas de forma segura y profesional!<\/strong><\/p>\n<p>&nbsp;<\/p>\n","protected":false},"featured_media":15999,"comment_status":"open","ping_status":"closed","template":"","meta":[],"product_brand":[302],"product_cat":[187,195],"product_tag":[339,340,341,342],"class_list":{"0":"post-15998","1":"product","2":"type-product","3":"status-publish","4":"has-post-thumbnail","6":"product_brand-fuller-machinery","7":"product_cat-equipos-de-empaque","8":"product_cat-rollos-para-selladora-de-vasos","9":"product_tag-selladora-de-vasos","10":"product_tag-sellos-para-selladora-de-vasos","11":"product_tag-sellos-termosellado","12":"product_tag-termosellado","14":"first","15":"instock","16":"featured","17":"shipping-taxable","18":"purchasable","19":"product-type-simple"},"yoast_head":"<!-- This site is optimized with the Yoast SEO plugin v27.3 - https:\/\/yoast.com\/product\/yoast-seo-wordpress\/ -->\n<title>SELLO PARA VASOS FRUTAS PEQUE\u00d1O - Fuller Machinery<\/title>\n<meta name=\"robots\" content=\"index, follow, max-snippet:-1, max-image-preview:large, max-video-preview:-1\" \/>\n<link rel=\"canonical\" href=\"https:\/\/tienda.fullermachinery.com\/index.php\/producto\/sello-para-vasos-frutas-pequeno-691\/\" \/>\n<meta property=\"og:locale\" content=\"es_ES\" \/>\n<meta property=\"og:type\" content=\"article\" \/>\n<meta property=\"og:title\" content=\"SELLO PARA VASOS FRUTAS PEQUE\u00d1O - Fuller Machinery\" \/>\n<meta property=\"og:description\" content=\"&nbsp; Olv\u00eddate de las tapas y los derrames. Con este rollo film de pl\u00e1stico sellable, podr\u00e1s sellar tus vasos de forma r\u00e1pida, segura y profesional. Ideal para m\u00e1quinas selladoras, este rollo te ofrece un sellado completo y herm\u00e9tico, garantizando la satisfacci\u00f3n de tus clientes. Caracter\u00edsticas destacadas:    Sellado completo y seguro: Evita derrames y mantiene la frescura de tus bebidas.  Compatibilidad universal: Funciona con todas las referencias de m\u00e1quinas selladoras.  Alto rendimiento: Aproximadamente 2700 sellos por rollo.  Dise\u00f1o atractivo: Disponible con dise\u00f1os de frutas y gu\u00edas de l\u00edneas negras para un sellado preciso.  F\u00e1cil manejo: Rollo ligero y pr\u00e1ctico de usar.  Importaci\u00f3n directa: Garant\u00eda de calidad y precio competitivo.  Env\u00edos a todo el pa\u00eds: Recibe tu producto donde lo necesites.  Perfecto para:    Cafeter\u00edas  Juguer\u00edas  Bares de jugos  Restaurantes  Negocios de comida para llevar  \u00a1Ofrece a tus clientes la mejor experiencia con bebidas selladas de forma segura y profesional! &nbsp;\" \/>\n<meta property=\"og:url\" content=\"https:\/\/tienda.fullermachinery.com\/index.php\/producto\/sello-para-vasos-frutas-pequeno-691\/\" \/>\n<meta property=\"og:site_name\" content=\"Fuller Machinery\" \/>\n<meta property=\"article:modified_time\" content=\"2025-03-12T15:01:23+00:00\" \/>\n<meta property=\"og:image\" content=\"https:\/\/tienda.fullermachinery.com\/wp-content\/uploads\/2024\/01\/SELLO-PARA-VASOS-FRUTAS-PEQUENO-691.jpg\" \/>\n\t<meta property=\"og:image:width\" content=\"2000\" \/>\n\t<meta property=\"og:image:height\" content=\"2000\" \/>\n\t<meta property=\"og:image:type\" content=\"image\/jpeg\" \/>\n<meta name=\"twitter:card\" content=\"summary_large_image\" \/>\n<script type=\"application\/ld+json\" class=\"yoast-schema-graph\">{\"@context\":\"https:\\\/\\\/schema.org\",\"@graph\":[{\"@type\":\"WebPage\",\"@id\":\"https:\\\/\\\/tienda.fullermachinery.com\\\/index.php\\\/producto\\\/sello-para-vasos-frutas-pequeno-691\\\/\",\"url\":\"https:\\\/\\\/tienda.fullermachinery.com\\\/index.php\\\/producto\\\/sello-para-vasos-frutas-pequeno-691\\\/\",\"name\":\"SELLO PARA VASOS FRUTAS PEQUE\u00d1O - Fuller Machinery\",\"isPartOf\":{\"@id\":\"https:\\\/\\\/tienda.fullermachinery.com\\\/#website\"},\"primaryImageOfPage\":{\"@id\":\"https:\\\/\\\/tienda.fullermachinery.com\\\/index.php\\\/producto\\\/sello-para-vasos-frutas-pequeno-691\\\/#primaryimage\"},\"image\":{\"@id\":\"https:\\\/\\\/tienda.fullermachinery.com\\\/index.php\\\/producto\\\/sello-para-vasos-frutas-pequeno-691\\\/#primaryimage\"},\"thumbnailUrl\":\"https:\\\/\\\/tienda.fullermachinery.com\\\/wp-content\\\/uploads\\\/2024\\\/01\\\/SELLO-PARA-VASOS-FRUTAS-PEQUENO-691.jpg\",\"datePublished\":\"2024-01-19T04:28:34+00:00\",\"dateModified\":\"2025-03-12T15:01:23+00:00\",\"breadcrumb\":{\"@id\":\"https:\\\/\\\/tienda.fullermachinery.com\\\/index.php\\\/producto\\\/sello-para-vasos-frutas-pequeno-691\\\/#breadcrumb\"},\"inLanguage\":\"es\",\"potentialAction\":[{\"@type\":\"ReadAction\",\"target\":[\"https:\\\/\\\/tienda.fullermachinery.com\\\/index.php\\\/producto\\\/sello-para-vasos-frutas-pequeno-691\\\/\"]}]},{\"@type\":\"ImageObject\",\"inLanguage\":\"es\",\"@id\":\"https:\\\/\\\/tienda.fullermachinery.com\\\/index.php\\\/producto\\\/sello-para-vasos-frutas-pequeno-691\\\/#primaryimage\",\"url\":\"https:\\\/\\\/tienda.fullermachinery.com\\\/wp-content\\\/uploads\\\/2024\\\/01\\\/SELLO-PARA-VASOS-FRUTAS-PEQUENO-691.jpg\",\"contentUrl\":\"https:\\\/\\\/tienda.fullermachinery.com\\\/wp-content\\\/uploads\\\/2024\\\/01\\\/SELLO-PARA-VASOS-FRUTAS-PEQUENO-691.jpg\",\"width\":2000,\"height\":2000},{\"@type\":\"BreadcrumbList\",\"@id\":\"https:\\\/\\\/tienda.fullermachinery.com\\\/index.php\\\/producto\\\/sello-para-vasos-frutas-pequeno-691\\\/#breadcrumb\",\"itemListElement\":[{\"@type\":\"ListItem\",\"position\":1,\"name\":\"Portada\",\"item\":\"https:\\\/\\\/tienda.fullermachinery.com\\\/\"},{\"@type\":\"ListItem\",\"position\":2,\"name\":\"Productos\",\"item\":\"https:\\\/\\\/tienda.fullermachinery.com\\\/index.php\\\/shop\\\/\"},{\"@type\":\"ListItem\",\"position\":3,\"name\":\"SELLO PARA VASOS FRUTAS PEQUE\u00d1O\"}]},{\"@type\":\"WebSite\",\"@id\":\"https:\\\/\\\/tienda.fullermachinery.com\\\/#website\",\"url\":\"https:\\\/\\\/tienda.fullermachinery.com\\\/\",\"name\":\"Fuller Machinery\",\"description\":\"Importaci\u00f3n y comercializaci\u00f3n de m\u00e1quinas industriales para el sector de alimentos\",\"publisher\":{\"@id\":\"https:\\\/\\\/tienda.fullermachinery.com\\\/#organization\"},\"potentialAction\":[{\"@type\":\"SearchAction\",\"target\":{\"@type\":\"EntryPoint\",\"urlTemplate\":\"https:\\\/\\\/tienda.fullermachinery.com\\\/?s={search_term_string}\"},\"query-input\":{\"@type\":\"PropertyValueSpecification\",\"valueRequired\":true,\"valueName\":\"search_term_string\"}}],\"inLanguage\":\"es\"},{\"@type\":\"Organization\",\"@id\":\"https:\\\/\\\/tienda.fullermachinery.com\\\/#organization\",\"name\":\"Fuller Machinery\",\"url\":\"https:\\\/\\\/tienda.fullermachinery.com\\\/\",\"logo\":{\"@type\":\"ImageObject\",\"inLanguage\":\"es\",\"@id\":\"https:\\\/\\\/tienda.fullermachinery.com\\\/#\\\/schema\\\/logo\\\/image\\\/\",\"url\":\"https:\\\/\\\/tienda.fullermachinery.com\\\/wp-content\\\/uploads\\\/2023\\\/08\\\/logo-fuller-transparente.png\",\"contentUrl\":\"https:\\\/\\\/tienda.fullermachinery.com\\\/wp-content\\\/uploads\\\/2023\\\/08\\\/logo-fuller-transparente.png\",\"width\":2208,\"height\":644,\"caption\":\"Fuller Machinery\"},\"image\":{\"@id\":\"https:\\\/\\\/tienda.fullermachinery.com\\\/#\\\/schema\\\/logo\\\/image\\\/\"}}]}<\/script>\n<!-- \/ Yoast SEO plugin. -->","yoast_head_json":{"title":"SELLO PARA VASOS FRUTAS PEQUE\u00d1O - Fuller Machinery","robots":{"index":"index","follow":"follow","max-snippet":"max-snippet:-1","max-image-preview":"max-image-preview:large","max-video-preview":"max-video-preview:-1"},"canonical":"https:\/\/tienda.fullermachinery.com\/index.php\/producto\/sello-para-vasos-frutas-pequeno-691\/","og_locale":"es_ES","og_type":"article","og_title":"SELLO PARA VASOS FRUTAS PEQUE\u00d1O - Fuller Machinery","og_description":"&nbsp; Olv\u00eddate de las tapas y los derrames. Con este rollo film de pl\u00e1stico sellable, podr\u00e1s sellar tus vasos de forma r\u00e1pida, segura y profesional. Ideal para m\u00e1quinas selladoras, este rollo te ofrece un sellado completo y herm\u00e9tico, garantizando la satisfacci\u00f3n de tus clientes. Caracter\u00edsticas destacadas:    Sellado completo y seguro: Evita derrames y mantiene la frescura de tus bebidas.  Compatibilidad universal: Funciona con todas las referencias de m\u00e1quinas selladoras.  Alto rendimiento: Aproximadamente 2700 sellos por rollo.  Dise\u00f1o atractivo: Disponible con dise\u00f1os de frutas y gu\u00edas de l\u00edneas negras para un sellado preciso.  F\u00e1cil manejo: Rollo ligero y pr\u00e1ctico de usar.  Importaci\u00f3n directa: Garant\u00eda de calidad y precio competitivo.  Env\u00edos a todo el pa\u00eds: Recibe tu producto donde lo necesites.  Perfecto para:    Cafeter\u00edas  Juguer\u00edas  Bares de jugos  Restaurantes  Negocios de comida para llevar  \u00a1Ofrece a tus clientes la mejor experiencia con bebidas selladas de forma segura y profesional! &nbsp;","og_url":"https:\/\/tienda.fullermachinery.com\/index.php\/producto\/sello-para-vasos-frutas-pequeno-691\/","og_site_name":"Fuller Machinery","article_modified_time":"2025-03-12T15:01:23+00:00","og_image":[{"width":2000,"height":2000,"url":"https:\/\/tienda.fullermachinery.com\/wp-content\/uploads\/2024\/01\/SELLO-PARA-VASOS-FRUTAS-PEQUENO-691.jpg","type":"image\/jpeg"}],"twitter_card":"summary_large_image","schema":{"@context":"https:\/\/schema.org","@graph":[{"@type":"WebPage","@id":"https:\/\/tienda.fullermachinery.com\/index.php\/producto\/sello-para-vasos-frutas-pequeno-691\/","url":"https:\/\/tienda.fullermachinery.com\/index.php\/producto\/sello-para-vasos-frutas-pequeno-691\/","name":"SELLO PARA VASOS FRUTAS PEQUE\u00d1O - Fuller Machinery","isPartOf":{"@id":"https:\/\/tienda.fullermachinery.com\/#website"},"primaryImageOfPage":{"@id":"https:\/\/tienda.fullermachinery.com\/index.php\/producto\/sello-para-vasos-frutas-pequeno-691\/#primaryimage"},"image":{"@id":"https:\/\/tienda.fullermachinery.com\/index.php\/producto\/sello-para-vasos-frutas-pequeno-691\/#primaryimage"},"thumbnailUrl":"https:\/\/tienda.fullermachinery.com\/wp-content\/uploads\/2024\/01\/SELLO-PARA-VASOS-FRUTAS-PEQUENO-691.jpg","datePublished":"2024-01-19T04:28:34+00:00","dateModified":"2025-03-12T15:01:23+00:00","breadcrumb":{"@id":"https:\/\/tienda.fullermachinery.com\/index.php\/producto\/sello-para-vasos-frutas-pequeno-691\/#breadcrumb"},"inLanguage":"es","potentialAction":[{"@type":"ReadAction","target":["https:\/\/tienda.fullermachinery.com\/index.php\/producto\/sello-para-vasos-frutas-pequeno-691\/"]}]},{"@type":"ImageObject","inLanguage":"es","@id":"https:\/\/tienda.fullermachinery.com\/index.php\/producto\/sello-para-vasos-frutas-pequeno-691\/#primaryimage","url":"https:\/\/tienda.fullermachinery.com\/wp-content\/uploads\/2024\/01\/SELLO-PARA-VASOS-FRUTAS-PEQUENO-691.jpg","contentUrl":"https:\/\/tienda.fullermachinery.com\/wp-content\/uploads\/2024\/01\/SELLO-PARA-VASOS-FRUTAS-PEQUENO-691.jpg","width":2000,"height":2000},{"@type":"BreadcrumbList","@id":"https:\/\/tienda.fullermachinery.com\/index.php\/producto\/sello-para-vasos-frutas-pequeno-691\/#breadcrumb","itemListElement":[{"@type":"ListItem","position":1,"name":"Portada","item":"https:\/\/tienda.fullermachinery.com\/"},{"@type":"ListItem","position":2,"name":"Productos","item":"https:\/\/tienda.fullermachinery.com\/index.php\/shop\/"},{"@type":"ListItem","position":3,"name":"SELLO PARA VASOS FRUTAS PEQUE\u00d1O"}]},{"@type":"WebSite","@id":"https:\/\/tienda.fullermachinery.com\/#website","url":"https:\/\/tienda.fullermachinery.com\/","name":"Fuller Machinery","description":"Importaci\u00f3n y comercializaci\u00f3n de m\u00e1quinas industriales para el sector de alimentos","publisher":{"@id":"https:\/\/tienda.fullermachinery.com\/#organization"},"potentialAction":[{"@type":"SearchAction","target":{"@type":"EntryPoint","urlTemplate":"https:\/\/tienda.fullermachinery.com\/?s={search_term_string}"},"query-input":{"@type":"PropertyValueSpecification","valueRequired":true,"valueName":"search_term_string"}}],"inLanguage":"es"},{"@type":"Organization","@id":"https:\/\/tienda.fullermachinery.com\/#organization","name":"Fuller Machinery","url":"https:\/\/tienda.fullermachinery.com\/","logo":{"@type":"ImageObject","inLanguage":"es","@id":"https:\/\/tienda.fullermachinery.com\/#\/schema\/logo\/image\/","url":"https:\/\/tienda.fullermachinery.com\/wp-content\/uploads\/2023\/08\/logo-fuller-transparente.png","contentUrl":"https:\/\/tienda.fullermachinery.com\/wp-content\/uploads\/2023\/08\/logo-fuller-transparente.png","width":2208,"height":644,"caption":"Fuller Machinery"},"image":{"@id":"https:\/\/tienda.fullermachinery.com\/#\/schema\/logo\/image\/"}}]}},"jetpack_sharing_enabled":true,"_links":{"self":[{"href":"https:\/\/tienda.fullermachinery.com\/index.php\/wp-json\/wp\/v2\/product\/15998","targetHints":{"allow":["GET"]}}],"collection":[{"href":"https:\/\/tienda.fullermachinery.com\/index.php\/wp-json\/wp\/v2\/product"}],"about":[{"href":"https:\/\/tienda.fullermachinery.com\/index.php\/wp-json\/wp\/v2\/types\/product"}],"replies":[{"embeddable":true,"href":"https:\/\/tienda.fullermachinery.com\/index.php\/wp-json\/wp\/v2\/comments?post=15998"}],"version-history":[{"count":3,"href":"https:\/\/tienda.fullermachinery.com\/index.php\/wp-json\/wp\/v2\/product\/15998\/revisions"}],"predecessor-version":[{"id":17975,"href":"https:\/\/tienda.fullermachinery.com\/index.php\/wp-json\/wp\/v2\/product\/15998\/revisions\/17975"}],"wp:featuredmedia":[{"embeddable":true,"href":"https:\/\/tienda.fullermachinery.com\/index.php\/wp-json\/wp\/v2\/media\/15999"}],"wp:attachment":[{"href":"https:\/\/tienda.fullermachinery.com\/index.php\/wp-json\/wp\/v2\/media?parent=15998"}],"wp:term":[{"taxonomy":"product_brand","embeddable":true,"href":"https:\/\/tienda.fullermachinery.com\/index.php\/wp-json\/wp\/v2\/product_brand?post=15998"},{"taxonomy":"product_cat","embeddable":true,"href":"https:\/\/tienda.fullermachinery.com\/index.php\/wp-json\/wp\/v2\/product_cat?post=15998"},{"taxonomy":"product_tag","embeddable":true,"href":"https:\/\/tienda.fullermachinery.com\/index.php\/wp-json\/wp\/v2\/product_tag?post=15998"}],"curies":[{"name":"wp","href":"https:\/\/api.w.org\/{rel}","templated":true}]}}