{"id":15959,"date":"2024-01-18T23:12:20","date_gmt":"2024-01-19T04:12:20","guid":{"rendered":"https:\/\/tienda.fullermachinery.com\/?post_type=product&#038;p=15959"},"modified":"2026-04-29T16:32:12","modified_gmt":"2026-04-29T21:32:12","slug":"selladora-de-vasos-semi-automatica","status":"publish","type":"product","link":"https:\/\/tienda.fullermachinery.com\/index.php\/producto\/selladora-de-vasos-semi-automatica\/","title":{"rendered":"SELLADORA DE VASOS SEMI AUTOM\u00c1TICA"},"content":{"rendered":"\t\t<div data-elementor-type=\"wp-post\" data-elementor-id=\"15959\" class=\"elementor elementor-15959\">\n\t\t\t\t\t\t<section class=\"elementor-section elementor-top-section elementor-element elementor-element-02bdfd3 elementor-section-boxed elementor-section-height-default elementor-section-height-default wd-section-disabled\" data-id=\"02bdfd3\" data-element_type=\"section\" data-e-type=\"section\">\n\t\t\t\t\t\t<div class=\"elementor-container elementor-column-gap-default\">\n\t\t\t\t\t<div class=\"elementor-column elementor-col-100 elementor-top-column elementor-element elementor-element-3f002b0\" data-id=\"3f002b0\" data-element_type=\"column\" data-e-type=\"column\">\n\t\t\t<div class=\"elementor-widget-wrap elementor-element-populated\">\n\t\t\t\t\t\t<div class=\"elementor-element elementor-element-e0c03ac elementor-widget elementor-widget-wd_text_block\" data-id=\"e0c03ac\" data-element_type=\"widget\" data-e-type=\"widget\" data-widget_type=\"wd_text_block.default\">\n\t\t\t\t<div class=\"elementor-widget-container\">\n\t\t\t\t\t\t\t<div class=\"wd-text-block reset-last-child text-left\">\n\t\t\t\n\t\t\t<p data-start=\"157\" data-end=\"344\">La <strong data-start=\"195\" data-end=\"233\">Selladora de Vasos Semi Autom\u00e1tica<\/strong> es una soluci\u00f3n eficiente para negocios que necesitan sellar bebidas de forma r\u00e1pida, higi\u00e9nica y profesional.<\/p><p data-start=\"346\" data-end=\"520\">Dise\u00f1ada para operaci\u00f3n continua, permite sellar vasos desde <strong data-start=\"407\" data-end=\"427\">7 oz hasta 22 oz<\/strong>, adapt\u00e1ndose a diferentes presentaciones como jugos, bebidas fr\u00edas, bubble tea y granizados.<\/p><p data-start=\"522\" data-end=\"673\">Cuenta con <strong data-start=\"533\" data-end=\"574\">control de temperatura por termostato<\/strong> y sistema de giro del motor por sensor, lo que garantiza un sellado uniforme y seguro en cada uso.<\/p><p data-start=\"675\" data-end=\"850\">Su capacidad de producci\u00f3n alcanza hasta <strong data-start=\"716\" data-end=\"738\">300 vasos por hora<\/strong> (dependiendo de la agilidad del operario), convirti\u00e9ndola en una herramienta clave para negocios de alto flujo.<\/p><p data-start=\"852\" data-end=\"951\">Fabricada en acero inoxidable, ofrece durabilidad, f\u00e1cil limpieza y resistencia para uso comercial.<\/p><h3 data-section-id=\"tcr4w1\" data-start=\"953\" data-end=\"988\">\ud83d\udd27 Caracter\u00edsticas principales:<\/h3><ul data-start=\"989\" data-end=\"1446\"><li data-section-id=\"iktqla\" data-start=\"989\" data-end=\"1014\">Tipo: semi autom\u00e1tica<\/li><li data-section-id=\"j286d0\" data-start=\"1015\" data-end=\"1045\">Material: acero inoxidable<\/li><li data-section-id=\"1yfvy0k\" data-start=\"1046\" data-end=\"1068\">Alimentaci\u00f3n: 110V<\/li><li data-section-id=\"aijou9\" data-start=\"1069\" data-end=\"1089\">Frecuencia: 60Hz<\/li><li data-section-id=\"t4imss\" data-start=\"1090\" data-end=\"1112\">Potencia: 0.315 kW<\/li><li data-section-id=\"12vhwnq\" data-start=\"1113\" data-end=\"1172\">Dimensiones: 46.5 cm ancho \u00d7 20.5 cm largo \u00d7 60 cm alto<\/li><li data-section-id=\"p8w1w4\" data-start=\"1173\" data-end=\"1188\">Peso: 12 kg<\/li><li data-section-id=\"1b8r2fp\" data-start=\"1189\" data-end=\"1224\">Capacidad: hasta 300 vasos\/hora<\/li><li data-section-id=\"1ix1qp8\" data-start=\"1225\" data-end=\"1259\">Rango de sellado: 7 oz a 22 oz<\/li><li data-section-id=\"1e0kol1\" data-start=\"1260\" data-end=\"1300\">Tiempo de sellado: aprox. 8 segundos<\/li><li data-section-id=\"191r5p3\" data-start=\"1301\" data-end=\"1342\">Control de temperatura por termostato<\/li><li data-section-id=\"1y02f9x\" data-start=\"1343\" data-end=\"1373\">Sistema de giro por sensor<\/li><li data-section-id=\"5e417e\" data-start=\"1374\" data-end=\"1406\">Bandeja de extracci\u00f3n manual<\/li><li data-section-id=\"19zewte\" data-start=\"1407\" data-end=\"1446\">Colores disponibles: blanco y negro<\/li><\/ul><h3 data-section-id=\"yd2mm6\" data-start=\"1448\" data-end=\"1478\">\u26a0\ufe0f Recomendaciones de uso:<\/h3><ul data-start=\"1479\" data-end=\"1566\"><li data-section-id=\"5fkgzi\" data-start=\"1479\" data-end=\"1526\">Utilizar vasos compatibles con termosellado<\/li><li data-section-id=\"94f9r8\" data-start=\"1527\" data-end=\"1566\">Di\u00e1metro de boquilla: 8.5 cm a 9 cm<\/li><\/ul><h3 data-section-id=\"13uagx5\" data-start=\"1568\" data-end=\"1592\">\ud83d\ude80 Beneficios clave:<\/h3><ul data-start=\"1593\" data-end=\"1805\"><li data-section-id=\"1usi0cp\" data-start=\"1593\" data-end=\"1654\"><strong data-start=\"1595\" data-end=\"1618\">Alta productividad:<\/strong> ideal para negocios de alto flujo<\/li><li data-section-id=\"1j6dg2d\" data-start=\"1655\" data-end=\"1688\">Sellado uniforme y seguro<\/li><li data-section-id=\"ic10dr\" data-start=\"1689\" data-end=\"1732\">Mejora la presentaci\u00f3n del producto<\/li><li data-section-id=\"ftbsxj\" data-start=\"1733\" data-end=\"1770\">Reduce derrames y desperdicio<\/li><li data-section-id=\"1jn1og1\" data-start=\"1771\" data-end=\"1805\">F\u00e1cil operaci\u00f3n y limpieza<\/li><\/ul><p data-start=\"1807\" data-end=\"1904\">Este equipo no solo sella, mejora la experiencia del cliente y optimiza la operaci\u00f3n del negocio.<\/p>\n\t\t\t\t\t<\/div>\n\t\t\t\t\t\t<\/div>\n\t\t\t\t<\/div>\n\t\t\t\t\t<\/div>\n\t\t<\/div>\n\t\t\t\t\t<\/div>\n\t\t<\/section>\n\t\t\t\t<\/div>\n\t\t","protected":false},"excerpt":{"rendered":"<p>Selladora de vasos semi autom\u00e1tica con capacidad de hasta 300 vasos\/hora. Ideal para sellado r\u00e1pido, limpio y profesional de bebidas.<\/p>\n<p>&nbsp;<\/p>\n<p>&nbsp;<\/p>\n","protected":false},"featured_media":15960,"comment_status":"open","ping_status":"closed","template":"","meta":[],"product_brand":[],"product_cat":[187,194],"product_tag":[260,268,269],"class_list":{"0":"post-15959","1":"product","2":"type-product","3":"status-publish","4":"has-post-thumbnail","6":"product_cat-equipos-de-empaque","7":"product_cat-selladoras-de-vasos","8":"product_tag-bebidas","9":"product_tag-empaque","10":"product_tag-selladora","12":"first","13":"instock","14":"featured","15":"shipping-taxable","16":"purchasable","17":"product-type-simple"},"yoast_head":"<!-- This site is optimized with the Yoast SEO plugin v27.6 - https:\/\/yoast.com\/product\/yoast-seo-wordpress\/ -->\n<title>SELLADORA DE VASOS SEMI AUTOM\u00c1TICA - Fuller Machinery<\/title>\n<meta name=\"description\" content=\"Selladora de vasos semi autom\u00e1tica con control de temperatura. Ideal para sellar bebidas de forma r\u00e1pida y profesional.\" \/>\n<meta name=\"robots\" content=\"index, follow, max-snippet:-1, max-image-preview:large, max-video-preview:-1\" \/>\n<link rel=\"canonical\" href=\"https:\/\/tienda.fullermachinery.com\/index.php\/producto\/selladora-de-vasos-semi-automatica\/\" \/>\n<meta property=\"og:locale\" content=\"es_ES\" \/>\n<meta property=\"og:type\" content=\"article\" \/>\n<meta property=\"og:title\" content=\"SELLADORA DE VASOS SEMI AUTOM\u00c1TICA - Fuller Machinery\" \/>\n<meta property=\"og:description\" content=\"Selladora de vasos semi autom\u00e1tica con control de temperatura. Ideal para sellar bebidas de forma r\u00e1pida y profesional.\" \/>\n<meta property=\"og:url\" content=\"https:\/\/tienda.fullermachinery.com\/index.php\/producto\/selladora-de-vasos-semi-automatica\/\" \/>\n<meta property=\"og:site_name\" content=\"Fuller Machinery\" \/>\n<meta property=\"article:modified_time\" content=\"2026-04-29T21:32:12+00:00\" \/>\n<meta property=\"og:image\" content=\"https:\/\/tienda.fullermachinery.com\/wp-content\/uploads\/2024\/01\/SELLADORA-DE-VASOS-SEMI-AUTOMATICA-44-BLANCA-2.jpg\" \/>\n\t<meta property=\"og:image:width\" content=\"2000\" \/>\n\t<meta property=\"og:image:height\" content=\"2000\" \/>\n\t<meta property=\"og:image:type\" content=\"image\/jpeg\" \/>\n<meta name=\"twitter:card\" content=\"summary_large_image\" \/>\n<meta name=\"twitter:label1\" content=\"Tiempo de lectura\" \/>\n\t<meta name=\"twitter:data1\" content=\"2 minutos\" \/>\n<script type=\"application\/ld+json\" class=\"yoast-schema-graph\">{\"@context\":\"https:\\\/\\\/schema.org\",\"@graph\":[{\"@type\":\"WebPage\",\"@id\":\"https:\\\/\\\/tienda.fullermachinery.com\\\/index.php\\\/producto\\\/selladora-de-vasos-semi-automatica\\\/\",\"url\":\"https:\\\/\\\/tienda.fullermachinery.com\\\/index.php\\\/producto\\\/selladora-de-vasos-semi-automatica\\\/\",\"name\":\"SELLADORA DE VASOS SEMI AUTOM\u00c1TICA - Fuller Machinery\",\"isPartOf\":{\"@id\":\"https:\\\/\\\/tienda.fullermachinery.com\\\/#website\"},\"primaryImageOfPage\":{\"@id\":\"https:\\\/\\\/tienda.fullermachinery.com\\\/index.php\\\/producto\\\/selladora-de-vasos-semi-automatica\\\/#primaryimage\"},\"image\":{\"@id\":\"https:\\\/\\\/tienda.fullermachinery.com\\\/index.php\\\/producto\\\/selladora-de-vasos-semi-automatica\\\/#primaryimage\"},\"thumbnailUrl\":\"https:\\\/\\\/tienda.fullermachinery.com\\\/wp-content\\\/uploads\\\/2024\\\/01\\\/SELLADORA-DE-VASOS-SEMI-AUTOMATICA-44-BLANCA-2.jpg\",\"datePublished\":\"2024-01-19T04:12:20+00:00\",\"dateModified\":\"2026-04-29T21:32:12+00:00\",\"description\":\"Selladora de vasos semi autom\u00e1tica con control de temperatura. Ideal para sellar bebidas de forma r\u00e1pida y profesional.\",\"breadcrumb\":{\"@id\":\"https:\\\/\\\/tienda.fullermachinery.com\\\/index.php\\\/producto\\\/selladora-de-vasos-semi-automatica\\\/#breadcrumb\"},\"inLanguage\":\"es\",\"potentialAction\":[{\"@type\":\"ReadAction\",\"target\":[\"https:\\\/\\\/tienda.fullermachinery.com\\\/index.php\\\/producto\\\/selladora-de-vasos-semi-automatica\\\/\"]}]},{\"@type\":\"ImageObject\",\"inLanguage\":\"es\",\"@id\":\"https:\\\/\\\/tienda.fullermachinery.com\\\/index.php\\\/producto\\\/selladora-de-vasos-semi-automatica\\\/#primaryimage\",\"url\":\"https:\\\/\\\/tienda.fullermachinery.com\\\/wp-content\\\/uploads\\\/2024\\\/01\\\/SELLADORA-DE-VASOS-SEMI-AUTOMATICA-44-BLANCA-2.jpg\",\"contentUrl\":\"https:\\\/\\\/tienda.fullermachinery.com\\\/wp-content\\\/uploads\\\/2024\\\/01\\\/SELLADORA-DE-VASOS-SEMI-AUTOMATICA-44-BLANCA-2.jpg\",\"width\":2000,\"height\":2000},{\"@type\":\"BreadcrumbList\",\"@id\":\"https:\\\/\\\/tienda.fullermachinery.com\\\/index.php\\\/producto\\\/selladora-de-vasos-semi-automatica\\\/#breadcrumb\",\"itemListElement\":[{\"@type\":\"ListItem\",\"position\":1,\"name\":\"Portada\",\"item\":\"https:\\\/\\\/tienda.fullermachinery.com\\\/\"},{\"@type\":\"ListItem\",\"position\":2,\"name\":\"Productos\",\"item\":\"https:\\\/\\\/tienda.fullermachinery.com\\\/index.php\\\/shop\\\/\"},{\"@type\":\"ListItem\",\"position\":3,\"name\":\"SELLADORA DE VASOS SEMI AUTOM\u00c1TICA\"}]},{\"@type\":\"WebSite\",\"@id\":\"https:\\\/\\\/tienda.fullermachinery.com\\\/#website\",\"url\":\"https:\\\/\\\/tienda.fullermachinery.com\\\/\",\"name\":\"Fuller Machinery\",\"description\":\"Importaci\u00f3n y comercializaci\u00f3n de m\u00e1quinas industriales para el sector de alimentos\",\"publisher\":{\"@id\":\"https:\\\/\\\/tienda.fullermachinery.com\\\/#organization\"},\"potentialAction\":[{\"@type\":\"SearchAction\",\"target\":{\"@type\":\"EntryPoint\",\"urlTemplate\":\"https:\\\/\\\/tienda.fullermachinery.com\\\/?s={search_term_string}\"},\"query-input\":{\"@type\":\"PropertyValueSpecification\",\"valueRequired\":true,\"valueName\":\"search_term_string\"}}],\"inLanguage\":\"es\"},{\"@type\":\"Organization\",\"@id\":\"https:\\\/\\\/tienda.fullermachinery.com\\\/#organization\",\"name\":\"Fuller Machinery\",\"url\":\"https:\\\/\\\/tienda.fullermachinery.com\\\/\",\"logo\":{\"@type\":\"ImageObject\",\"inLanguage\":\"es\",\"@id\":\"https:\\\/\\\/tienda.fullermachinery.com\\\/#\\\/schema\\\/logo\\\/image\\\/\",\"url\":\"https:\\\/\\\/tienda.fullermachinery.com\\\/wp-content\\\/uploads\\\/2023\\\/08\\\/logo-fuller-transparente.png\",\"contentUrl\":\"https:\\\/\\\/tienda.fullermachinery.com\\\/wp-content\\\/uploads\\\/2023\\\/08\\\/logo-fuller-transparente.png\",\"width\":2208,\"height\":644,\"caption\":\"Fuller Machinery\"},\"image\":{\"@id\":\"https:\\\/\\\/tienda.fullermachinery.com\\\/#\\\/schema\\\/logo\\\/image\\\/\"}}]}<\/script>\n<!-- \/ Yoast SEO plugin. -->","yoast_head_json":{"title":"SELLADORA DE VASOS SEMI AUTOM\u00c1TICA - Fuller Machinery","description":"Selladora de vasos semi autom\u00e1tica con control de temperatura. Ideal para sellar bebidas de forma r\u00e1pida y profesional.","robots":{"index":"index","follow":"follow","max-snippet":"max-snippet:-1","max-image-preview":"max-image-preview:large","max-video-preview":"max-video-preview:-1"},"canonical":"https:\/\/tienda.fullermachinery.com\/index.php\/producto\/selladora-de-vasos-semi-automatica\/","og_locale":"es_ES","og_type":"article","og_title":"SELLADORA DE VASOS SEMI AUTOM\u00c1TICA - Fuller Machinery","og_description":"Selladora de vasos semi autom\u00e1tica con control de temperatura. Ideal para sellar bebidas de forma r\u00e1pida y profesional.","og_url":"https:\/\/tienda.fullermachinery.com\/index.php\/producto\/selladora-de-vasos-semi-automatica\/","og_site_name":"Fuller Machinery","article_modified_time":"2026-04-29T21:32:12+00:00","og_image":[{"width":2000,"height":2000,"url":"https:\/\/tienda.fullermachinery.com\/wp-content\/uploads\/2024\/01\/SELLADORA-DE-VASOS-SEMI-AUTOMATICA-44-BLANCA-2.jpg","type":"image\/jpeg"}],"twitter_card":"summary_large_image","twitter_misc":{"Tiempo de lectura":"2 minutos"},"schema":{"@context":"https:\/\/schema.org","@graph":[{"@type":"WebPage","@id":"https:\/\/tienda.fullermachinery.com\/index.php\/producto\/selladora-de-vasos-semi-automatica\/","url":"https:\/\/tienda.fullermachinery.com\/index.php\/producto\/selladora-de-vasos-semi-automatica\/","name":"SELLADORA DE VASOS SEMI AUTOM\u00c1TICA - Fuller Machinery","isPartOf":{"@id":"https:\/\/tienda.fullermachinery.com\/#website"},"primaryImageOfPage":{"@id":"https:\/\/tienda.fullermachinery.com\/index.php\/producto\/selladora-de-vasos-semi-automatica\/#primaryimage"},"image":{"@id":"https:\/\/tienda.fullermachinery.com\/index.php\/producto\/selladora-de-vasos-semi-automatica\/#primaryimage"},"thumbnailUrl":"https:\/\/tienda.fullermachinery.com\/wp-content\/uploads\/2024\/01\/SELLADORA-DE-VASOS-SEMI-AUTOMATICA-44-BLANCA-2.jpg","datePublished":"2024-01-19T04:12:20+00:00","dateModified":"2026-04-29T21:32:12+00:00","description":"Selladora de vasos semi autom\u00e1tica con control de temperatura. Ideal para sellar bebidas de forma r\u00e1pida y profesional.","breadcrumb":{"@id":"https:\/\/tienda.fullermachinery.com\/index.php\/producto\/selladora-de-vasos-semi-automatica\/#breadcrumb"},"inLanguage":"es","potentialAction":[{"@type":"ReadAction","target":["https:\/\/tienda.fullermachinery.com\/index.php\/producto\/selladora-de-vasos-semi-automatica\/"]}]},{"@type":"ImageObject","inLanguage":"es","@id":"https:\/\/tienda.fullermachinery.com\/index.php\/producto\/selladora-de-vasos-semi-automatica\/#primaryimage","url":"https:\/\/tienda.fullermachinery.com\/wp-content\/uploads\/2024\/01\/SELLADORA-DE-VASOS-SEMI-AUTOMATICA-44-BLANCA-2.jpg","contentUrl":"https:\/\/tienda.fullermachinery.com\/wp-content\/uploads\/2024\/01\/SELLADORA-DE-VASOS-SEMI-AUTOMATICA-44-BLANCA-2.jpg","width":2000,"height":2000},{"@type":"BreadcrumbList","@id":"https:\/\/tienda.fullermachinery.com\/index.php\/producto\/selladora-de-vasos-semi-automatica\/#breadcrumb","itemListElement":[{"@type":"ListItem","position":1,"name":"Portada","item":"https:\/\/tienda.fullermachinery.com\/"},{"@type":"ListItem","position":2,"name":"Productos","item":"https:\/\/tienda.fullermachinery.com\/index.php\/shop\/"},{"@type":"ListItem","position":3,"name":"SELLADORA DE VASOS SEMI AUTOM\u00c1TICA"}]},{"@type":"WebSite","@id":"https:\/\/tienda.fullermachinery.com\/#website","url":"https:\/\/tienda.fullermachinery.com\/","name":"Fuller Machinery","description":"Importaci\u00f3n y comercializaci\u00f3n de m\u00e1quinas industriales para el sector de alimentos","publisher":{"@id":"https:\/\/tienda.fullermachinery.com\/#organization"},"potentialAction":[{"@type":"SearchAction","target":{"@type":"EntryPoint","urlTemplate":"https:\/\/tienda.fullermachinery.com\/?s={search_term_string}"},"query-input":{"@type":"PropertyValueSpecification","valueRequired":true,"valueName":"search_term_string"}}],"inLanguage":"es"},{"@type":"Organization","@id":"https:\/\/tienda.fullermachinery.com\/#organization","name":"Fuller Machinery","url":"https:\/\/tienda.fullermachinery.com\/","logo":{"@type":"ImageObject","inLanguage":"es","@id":"https:\/\/tienda.fullermachinery.com\/#\/schema\/logo\/image\/","url":"https:\/\/tienda.fullermachinery.com\/wp-content\/uploads\/2023\/08\/logo-fuller-transparente.png","contentUrl":"https:\/\/tienda.fullermachinery.com\/wp-content\/uploads\/2023\/08\/logo-fuller-transparente.png","width":2208,"height":644,"caption":"Fuller Machinery"},"image":{"@id":"https:\/\/tienda.fullermachinery.com\/#\/schema\/logo\/image\/"}}]}},"jetpack_sharing_enabled":true,"_links":{"self":[{"href":"https:\/\/tienda.fullermachinery.com\/index.php\/wp-json\/wp\/v2\/product\/15959","targetHints":{"allow":["GET"]}}],"collection":[{"href":"https:\/\/tienda.fullermachinery.com\/index.php\/wp-json\/wp\/v2\/product"}],"about":[{"href":"https:\/\/tienda.fullermachinery.com\/index.php\/wp-json\/wp\/v2\/types\/product"}],"replies":[{"embeddable":true,"href":"https:\/\/tienda.fullermachinery.com\/index.php\/wp-json\/wp\/v2\/comments?post=15959"}],"version-history":[{"count":6,"href":"https:\/\/tienda.fullermachinery.com\/index.php\/wp-json\/wp\/v2\/product\/15959\/revisions"}],"predecessor-version":[{"id":19202,"href":"https:\/\/tienda.fullermachinery.com\/index.php\/wp-json\/wp\/v2\/product\/15959\/revisions\/19202"}],"wp:featuredmedia":[{"embeddable":true,"href":"https:\/\/tienda.fullermachinery.com\/index.php\/wp-json\/wp\/v2\/media\/15960"}],"wp:attachment":[{"href":"https:\/\/tienda.fullermachinery.com\/index.php\/wp-json\/wp\/v2\/media?parent=15959"}],"wp:term":[{"taxonomy":"product_brand","embeddable":true,"href":"https:\/\/tienda.fullermachinery.com\/index.php\/wp-json\/wp\/v2\/product_brand?post=15959"},{"taxonomy":"product_cat","embeddable":true,"href":"https:\/\/tienda.fullermachinery.com\/index.php\/wp-json\/wp\/v2\/product_cat?post=15959"},{"taxonomy":"product_tag","embeddable":true,"href":"https:\/\/tienda.fullermachinery.com\/index.php\/wp-json\/wp\/v2\/product_tag?post=15959"}],"curies":[{"name":"wp","href":"https:\/\/api.w.org\/{rel}","templated":true}]}}