{"id":15952,"date":"2024-01-18T23:09:11","date_gmt":"2024-01-19T04:09:11","guid":{"rendered":"https:\/\/tienda.fullermachinery.com\/?post_type=product&#038;p=15952"},"modified":"2025-03-12T09:54:50","modified_gmt":"2025-03-12T14:54:50","slug":"selladora-de-vasos-manual-contador-digital","status":"publish","type":"product","link":"https:\/\/tienda.fullermachinery.com\/index.php\/producto\/selladora-de-vasos-manual-contador-digital\/","title":{"rendered":"SELLADORA DE VASOS MANUAL CONTADOR DIGITAL"},"content":{"rendered":"","protected":false},"excerpt":{"rendered":"<p data-sourcepos=\"7:1-7:326\">Esta selladora de vasos manual es la soluci\u00f3n perfecta para negocios que buscan sellar sus bebidas de forma r\u00e1pida, eficiente y profesional. Con su control de sellado manual por palanca, termostato para regular la temperatura y contador digital de sellados, garantiza un sellado perfecto y un control preciso de tu producci\u00f3n.<\/p>\n<p data-sourcepos=\"9:1-9:31\"><strong>Caracter\u00edsticas destacadas:<\/strong><\/p>\n<ul data-sourcepos=\"11:1-18:0\">\n<li data-sourcepos=\"11:1-11:71\"><strong>Sellado manual por palanca:<\/strong> Control total del proceso de sellado.<\/li>\n<li data-sourcepos=\"12:1-12:73\"><strong>Termostato ajustable:<\/strong> Regula la temperatura para un sellado \u00f3ptimo.<\/li>\n<li data-sourcepos=\"13:1-13:69\"><strong>Contador digital de sellados:<\/strong> Control preciso de tu producci\u00f3n.<\/li>\n<li data-sourcepos=\"14:1-14:99\"><strong>Alta velocidad:<\/strong> Sella de 140 a 160 vasos por hora (dependiendo de la habilidad del operario).<\/li>\n<li data-sourcepos=\"15:1-15:48\"><strong>Vers\u00e1til:<\/strong> Sella vasos desde 7 hasta 22 oz.<\/li>\n<li data-sourcepos=\"16:1-16:77\"><strong>F\u00e1cil de usar y limpiar:<\/strong> Dise\u00f1o intuitivo y materiales de alta calidad.<\/li>\n<li data-sourcepos=\"17:1-18:0\"><strong>Extracci\u00f3n de bandeja y recolecci\u00f3n manual:<\/strong> Proceso sencillo y eficiente.<\/li>\n<\/ul>\n<p data-sourcepos=\"19:1-19:18\"><strong>Perfecta para:<\/strong><\/p>\n<ul data-sourcepos=\"21:1-26:0\">\n<li data-sourcepos=\"21:1-21:12\">Cafeter\u00edas<\/li>\n<li data-sourcepos=\"22:1-22:11\">Juguer\u00edas<\/li>\n<li data-sourcepos=\"23:1-23:16\">Bares de jugos<\/li>\n<li data-sourcepos=\"24:1-24:14\">Restaurantes<\/li>\n<li data-sourcepos=\"25:1-26:0\">Negocios de comida para llevar<\/li>\n<\/ul>\n<p data-sourcepos=\"27:1-27:99\"><strong>\u00a1Sella tus bebidas con rapidez, precisi\u00f3n y profesionalismo con esta selladora de vasos manual!<\/strong><\/p>\n","protected":false},"featured_media":15953,"comment_status":"open","ping_status":"closed","template":"","meta":[],"product_brand":[302],"product_cat":[187,194],"product_tag":[260,268,269,339],"class_list":{"0":"post-15952","1":"product","2":"type-product","3":"status-publish","4":"has-post-thumbnail","6":"product_brand-fuller-machinery","7":"product_cat-equipos-de-empaque","8":"product_cat-selladoras-de-vasos","9":"product_tag-bebidas","10":"product_tag-empaque","11":"product_tag-selladora","12":"product_tag-selladora-de-vasos","14":"first","15":"instock","16":"featured","17":"shipping-taxable","18":"purchasable","19":"product-type-simple"},"yoast_head":"<!-- This site is optimized with the Yoast SEO plugin v27.4 - https:\/\/yoast.com\/product\/yoast-seo-wordpress\/ -->\n<title>SELLADORA DE VASOS MANUAL CONTADOR DIGITAL - Fuller Machinery<\/title>\n<meta name=\"robots\" content=\"index, follow, max-snippet:-1, max-image-preview:large, max-video-preview:-1\" \/>\n<link rel=\"canonical\" href=\"https:\/\/tienda.fullermachinery.com\/index.php\/producto\/selladora-de-vasos-manual-contador-digital\/\" \/>\n<meta property=\"og:locale\" content=\"es_ES\" \/>\n<meta property=\"og:type\" content=\"article\" \/>\n<meta property=\"og:title\" content=\"SELLADORA DE VASOS MANUAL CONTADOR DIGITAL - Fuller Machinery\" \/>\n<meta property=\"og:description\" content=\"Esta selladora de vasos manual es la soluci\u00f3n perfecta para negocios que buscan sellar sus bebidas de forma r\u00e1pida, eficiente y profesional. Con su control de sellado manual por palanca, termostato para regular la temperatura y contador digital de sellados, garantiza un sellado perfecto y un control preciso de tu producci\u00f3n. Caracter\u00edsticas destacadas:    Sellado manual por palanca: Control total del proceso de sellado.  Termostato ajustable: Regula la temperatura para un sellado \u00f3ptimo.  Contador digital de sellados: Control preciso de tu producci\u00f3n.  Alta velocidad: Sella de 140 a 160 vasos por hora (dependiendo de la habilidad del operario).  Vers\u00e1til: Sella vasos desde 7 hasta 22 oz.  F\u00e1cil de usar y limpiar: Dise\u00f1o intuitivo y materiales de alta calidad.  Extracci\u00f3n de bandeja y recolecci\u00f3n manual: Proceso sencillo y eficiente.  Perfecta para:    Cafeter\u00edas  Juguer\u00edas  Bares de jugos  Restaurantes  Negocios de comida para llevar  \u00a1Sella tus bebidas con rapidez, precisi\u00f3n y profesionalismo con esta selladora de vasos manual!\" \/>\n<meta property=\"og:url\" content=\"https:\/\/tienda.fullermachinery.com\/index.php\/producto\/selladora-de-vasos-manual-contador-digital\/\" \/>\n<meta property=\"og:site_name\" content=\"Fuller Machinery\" \/>\n<meta property=\"article:modified_time\" content=\"2025-03-12T14:54:50+00:00\" \/>\n<meta property=\"og:image\" content=\"https:\/\/tienda.fullermachinery.com\/wp-content\/uploads\/2024\/01\/SELLADORA-DE-VASOS-MANUAL-CONTADOR-DIGITAL-7-5.jpg\" \/>\n\t<meta property=\"og:image:width\" content=\"2000\" \/>\n\t<meta property=\"og:image:height\" content=\"2000\" \/>\n\t<meta property=\"og:image:type\" content=\"image\/jpeg\" \/>\n<meta name=\"twitter:card\" content=\"summary_large_image\" \/>\n<script type=\"application\/ld+json\" class=\"yoast-schema-graph\">{\"@context\":\"https:\\\/\\\/schema.org\",\"@graph\":[{\"@type\":\"WebPage\",\"@id\":\"https:\\\/\\\/tienda.fullermachinery.com\\\/index.php\\\/producto\\\/selladora-de-vasos-manual-contador-digital\\\/\",\"url\":\"https:\\\/\\\/tienda.fullermachinery.com\\\/index.php\\\/producto\\\/selladora-de-vasos-manual-contador-digital\\\/\",\"name\":\"SELLADORA DE VASOS MANUAL CONTADOR DIGITAL - Fuller Machinery\",\"isPartOf\":{\"@id\":\"https:\\\/\\\/tienda.fullermachinery.com\\\/#website\"},\"primaryImageOfPage\":{\"@id\":\"https:\\\/\\\/tienda.fullermachinery.com\\\/index.php\\\/producto\\\/selladora-de-vasos-manual-contador-digital\\\/#primaryimage\"},\"image\":{\"@id\":\"https:\\\/\\\/tienda.fullermachinery.com\\\/index.php\\\/producto\\\/selladora-de-vasos-manual-contador-digital\\\/#primaryimage\"},\"thumbnailUrl\":\"https:\\\/\\\/tienda.fullermachinery.com\\\/wp-content\\\/uploads\\\/2024\\\/01\\\/SELLADORA-DE-VASOS-MANUAL-CONTADOR-DIGITAL-7-5.jpg\",\"datePublished\":\"2024-01-19T04:09:11+00:00\",\"dateModified\":\"2025-03-12T14:54:50+00:00\",\"breadcrumb\":{\"@id\":\"https:\\\/\\\/tienda.fullermachinery.com\\\/index.php\\\/producto\\\/selladora-de-vasos-manual-contador-digital\\\/#breadcrumb\"},\"inLanguage\":\"es\",\"potentialAction\":[{\"@type\":\"ReadAction\",\"target\":[\"https:\\\/\\\/tienda.fullermachinery.com\\\/index.php\\\/producto\\\/selladora-de-vasos-manual-contador-digital\\\/\"]}]},{\"@type\":\"ImageObject\",\"inLanguage\":\"es\",\"@id\":\"https:\\\/\\\/tienda.fullermachinery.com\\\/index.php\\\/producto\\\/selladora-de-vasos-manual-contador-digital\\\/#primaryimage\",\"url\":\"https:\\\/\\\/tienda.fullermachinery.com\\\/wp-content\\\/uploads\\\/2024\\\/01\\\/SELLADORA-DE-VASOS-MANUAL-CONTADOR-DIGITAL-7-5.jpg\",\"contentUrl\":\"https:\\\/\\\/tienda.fullermachinery.com\\\/wp-content\\\/uploads\\\/2024\\\/01\\\/SELLADORA-DE-VASOS-MANUAL-CONTADOR-DIGITAL-7-5.jpg\",\"width\":2000,\"height\":2000},{\"@type\":\"BreadcrumbList\",\"@id\":\"https:\\\/\\\/tienda.fullermachinery.com\\\/index.php\\\/producto\\\/selladora-de-vasos-manual-contador-digital\\\/#breadcrumb\",\"itemListElement\":[{\"@type\":\"ListItem\",\"position\":1,\"name\":\"Portada\",\"item\":\"https:\\\/\\\/tienda.fullermachinery.com\\\/\"},{\"@type\":\"ListItem\",\"position\":2,\"name\":\"Productos\",\"item\":\"https:\\\/\\\/tienda.fullermachinery.com\\\/index.php\\\/shop\\\/\"},{\"@type\":\"ListItem\",\"position\":3,\"name\":\"SELLADORA DE VASOS MANUAL CONTADOR DIGITAL\"}]},{\"@type\":\"WebSite\",\"@id\":\"https:\\\/\\\/tienda.fullermachinery.com\\\/#website\",\"url\":\"https:\\\/\\\/tienda.fullermachinery.com\\\/\",\"name\":\"Fuller Machinery\",\"description\":\"Importaci\u00f3n y comercializaci\u00f3n de m\u00e1quinas industriales para el sector de alimentos\",\"publisher\":{\"@id\":\"https:\\\/\\\/tienda.fullermachinery.com\\\/#organization\"},\"potentialAction\":[{\"@type\":\"SearchAction\",\"target\":{\"@type\":\"EntryPoint\",\"urlTemplate\":\"https:\\\/\\\/tienda.fullermachinery.com\\\/?s={search_term_string}\"},\"query-input\":{\"@type\":\"PropertyValueSpecification\",\"valueRequired\":true,\"valueName\":\"search_term_string\"}}],\"inLanguage\":\"es\"},{\"@type\":\"Organization\",\"@id\":\"https:\\\/\\\/tienda.fullermachinery.com\\\/#organization\",\"name\":\"Fuller Machinery\",\"url\":\"https:\\\/\\\/tienda.fullermachinery.com\\\/\",\"logo\":{\"@type\":\"ImageObject\",\"inLanguage\":\"es\",\"@id\":\"https:\\\/\\\/tienda.fullermachinery.com\\\/#\\\/schema\\\/logo\\\/image\\\/\",\"url\":\"https:\\\/\\\/tienda.fullermachinery.com\\\/wp-content\\\/uploads\\\/2023\\\/08\\\/logo-fuller-transparente.png\",\"contentUrl\":\"https:\\\/\\\/tienda.fullermachinery.com\\\/wp-content\\\/uploads\\\/2023\\\/08\\\/logo-fuller-transparente.png\",\"width\":2208,\"height\":644,\"caption\":\"Fuller Machinery\"},\"image\":{\"@id\":\"https:\\\/\\\/tienda.fullermachinery.com\\\/#\\\/schema\\\/logo\\\/image\\\/\"}}]}<\/script>\n<!-- \/ Yoast SEO plugin. -->","yoast_head_json":{"title":"SELLADORA DE VASOS MANUAL CONTADOR DIGITAL - Fuller Machinery","robots":{"index":"index","follow":"follow","max-snippet":"max-snippet:-1","max-image-preview":"max-image-preview:large","max-video-preview":"max-video-preview:-1"},"canonical":"https:\/\/tienda.fullermachinery.com\/index.php\/producto\/selladora-de-vasos-manual-contador-digital\/","og_locale":"es_ES","og_type":"article","og_title":"SELLADORA DE VASOS MANUAL CONTADOR DIGITAL - Fuller Machinery","og_description":"Esta selladora de vasos manual es la soluci\u00f3n perfecta para negocios que buscan sellar sus bebidas de forma r\u00e1pida, eficiente y profesional. Con su control de sellado manual por palanca, termostato para regular la temperatura y contador digital de sellados, garantiza un sellado perfecto y un control preciso de tu producci\u00f3n. Caracter\u00edsticas destacadas:    Sellado manual por palanca: Control total del proceso de sellado.  Termostato ajustable: Regula la temperatura para un sellado \u00f3ptimo.  Contador digital de sellados: Control preciso de tu producci\u00f3n.  Alta velocidad: Sella de 140 a 160 vasos por hora (dependiendo de la habilidad del operario).  Vers\u00e1til: Sella vasos desde 7 hasta 22 oz.  F\u00e1cil de usar y limpiar: Dise\u00f1o intuitivo y materiales de alta calidad.  Extracci\u00f3n de bandeja y recolecci\u00f3n manual: Proceso sencillo y eficiente.  Perfecta para:    Cafeter\u00edas  Juguer\u00edas  Bares de jugos  Restaurantes  Negocios de comida para llevar  \u00a1Sella tus bebidas con rapidez, precisi\u00f3n y profesionalismo con esta selladora de vasos manual!","og_url":"https:\/\/tienda.fullermachinery.com\/index.php\/producto\/selladora-de-vasos-manual-contador-digital\/","og_site_name":"Fuller Machinery","article_modified_time":"2025-03-12T14:54:50+00:00","og_image":[{"width":2000,"height":2000,"url":"https:\/\/tienda.fullermachinery.com\/wp-content\/uploads\/2024\/01\/SELLADORA-DE-VASOS-MANUAL-CONTADOR-DIGITAL-7-5.jpg","type":"image\/jpeg"}],"twitter_card":"summary_large_image","schema":{"@context":"https:\/\/schema.org","@graph":[{"@type":"WebPage","@id":"https:\/\/tienda.fullermachinery.com\/index.php\/producto\/selladora-de-vasos-manual-contador-digital\/","url":"https:\/\/tienda.fullermachinery.com\/index.php\/producto\/selladora-de-vasos-manual-contador-digital\/","name":"SELLADORA DE VASOS MANUAL CONTADOR DIGITAL - Fuller Machinery","isPartOf":{"@id":"https:\/\/tienda.fullermachinery.com\/#website"},"primaryImageOfPage":{"@id":"https:\/\/tienda.fullermachinery.com\/index.php\/producto\/selladora-de-vasos-manual-contador-digital\/#primaryimage"},"image":{"@id":"https:\/\/tienda.fullermachinery.com\/index.php\/producto\/selladora-de-vasos-manual-contador-digital\/#primaryimage"},"thumbnailUrl":"https:\/\/tienda.fullermachinery.com\/wp-content\/uploads\/2024\/01\/SELLADORA-DE-VASOS-MANUAL-CONTADOR-DIGITAL-7-5.jpg","datePublished":"2024-01-19T04:09:11+00:00","dateModified":"2025-03-12T14:54:50+00:00","breadcrumb":{"@id":"https:\/\/tienda.fullermachinery.com\/index.php\/producto\/selladora-de-vasos-manual-contador-digital\/#breadcrumb"},"inLanguage":"es","potentialAction":[{"@type":"ReadAction","target":["https:\/\/tienda.fullermachinery.com\/index.php\/producto\/selladora-de-vasos-manual-contador-digital\/"]}]},{"@type":"ImageObject","inLanguage":"es","@id":"https:\/\/tienda.fullermachinery.com\/index.php\/producto\/selladora-de-vasos-manual-contador-digital\/#primaryimage","url":"https:\/\/tienda.fullermachinery.com\/wp-content\/uploads\/2024\/01\/SELLADORA-DE-VASOS-MANUAL-CONTADOR-DIGITAL-7-5.jpg","contentUrl":"https:\/\/tienda.fullermachinery.com\/wp-content\/uploads\/2024\/01\/SELLADORA-DE-VASOS-MANUAL-CONTADOR-DIGITAL-7-5.jpg","width":2000,"height":2000},{"@type":"BreadcrumbList","@id":"https:\/\/tienda.fullermachinery.com\/index.php\/producto\/selladora-de-vasos-manual-contador-digital\/#breadcrumb","itemListElement":[{"@type":"ListItem","position":1,"name":"Portada","item":"https:\/\/tienda.fullermachinery.com\/"},{"@type":"ListItem","position":2,"name":"Productos","item":"https:\/\/tienda.fullermachinery.com\/index.php\/shop\/"},{"@type":"ListItem","position":3,"name":"SELLADORA DE VASOS MANUAL CONTADOR DIGITAL"}]},{"@type":"WebSite","@id":"https:\/\/tienda.fullermachinery.com\/#website","url":"https:\/\/tienda.fullermachinery.com\/","name":"Fuller Machinery","description":"Importaci\u00f3n y comercializaci\u00f3n de m\u00e1quinas industriales para el sector de alimentos","publisher":{"@id":"https:\/\/tienda.fullermachinery.com\/#organization"},"potentialAction":[{"@type":"SearchAction","target":{"@type":"EntryPoint","urlTemplate":"https:\/\/tienda.fullermachinery.com\/?s={search_term_string}"},"query-input":{"@type":"PropertyValueSpecification","valueRequired":true,"valueName":"search_term_string"}}],"inLanguage":"es"},{"@type":"Organization","@id":"https:\/\/tienda.fullermachinery.com\/#organization","name":"Fuller Machinery","url":"https:\/\/tienda.fullermachinery.com\/","logo":{"@type":"ImageObject","inLanguage":"es","@id":"https:\/\/tienda.fullermachinery.com\/#\/schema\/logo\/image\/","url":"https:\/\/tienda.fullermachinery.com\/wp-content\/uploads\/2023\/08\/logo-fuller-transparente.png","contentUrl":"https:\/\/tienda.fullermachinery.com\/wp-content\/uploads\/2023\/08\/logo-fuller-transparente.png","width":2208,"height":644,"caption":"Fuller Machinery"},"image":{"@id":"https:\/\/tienda.fullermachinery.com\/#\/schema\/logo\/image\/"}}]}},"jetpack_sharing_enabled":true,"_links":{"self":[{"href":"https:\/\/tienda.fullermachinery.com\/index.php\/wp-json\/wp\/v2\/product\/15952","targetHints":{"allow":["GET"]}}],"collection":[{"href":"https:\/\/tienda.fullermachinery.com\/index.php\/wp-json\/wp\/v2\/product"}],"about":[{"href":"https:\/\/tienda.fullermachinery.com\/index.php\/wp-json\/wp\/v2\/types\/product"}],"replies":[{"embeddable":true,"href":"https:\/\/tienda.fullermachinery.com\/index.php\/wp-json\/wp\/v2\/comments?post=15952"}],"version-history":[{"count":3,"href":"https:\/\/tienda.fullermachinery.com\/index.php\/wp-json\/wp\/v2\/product\/15952\/revisions"}],"predecessor-version":[{"id":17974,"href":"https:\/\/tienda.fullermachinery.com\/index.php\/wp-json\/wp\/v2\/product\/15952\/revisions\/17974"}],"wp:featuredmedia":[{"embeddable":true,"href":"https:\/\/tienda.fullermachinery.com\/index.php\/wp-json\/wp\/v2\/media\/15953"}],"wp:attachment":[{"href":"https:\/\/tienda.fullermachinery.com\/index.php\/wp-json\/wp\/v2\/media?parent=15952"}],"wp:term":[{"taxonomy":"product_brand","embeddable":true,"href":"https:\/\/tienda.fullermachinery.com\/index.php\/wp-json\/wp\/v2\/product_brand?post=15952"},{"taxonomy":"product_cat","embeddable":true,"href":"https:\/\/tienda.fullermachinery.com\/index.php\/wp-json\/wp\/v2\/product_cat?post=15952"},{"taxonomy":"product_tag","embeddable":true,"href":"https:\/\/tienda.fullermachinery.com\/index.php\/wp-json\/wp\/v2\/product_tag?post=15952"}],"curies":[{"name":"wp","href":"https:\/\/api.w.org\/{rel}","templated":true}]}}