{"id":15944,"date":"2024-01-18T23:06:18","date_gmt":"2024-01-19T04:06:18","guid":{"rendered":"https:\/\/tienda.fullermachinery.com\/?post_type=product&#038;p=15944"},"modified":"2026-04-22T16:22:57","modified_gmt":"2026-04-22T21:22:57","slug":"selladora-de-vasos-full-automatica","status":"publish","type":"product","link":"https:\/\/tienda.fullermachinery.com\/index.php\/producto\/selladora-de-vasos-full-automatica\/","title":{"rendered":"SELLADORA DE VASOS FULL AUTOM\u00c1TICA"},"content":{"rendered":"\t\t<div data-elementor-type=\"wp-post\" data-elementor-id=\"15944\" class=\"elementor elementor-15944\">\n\t\t\t\t\t\t<section class=\"wd-negative-gap elementor-section elementor-top-section elementor-element elementor-element-a237e8f elementor-section-boxed elementor-section-height-default elementor-section-height-default wd-section-disabled\" data-id=\"a237e8f\" data-element_type=\"section\" data-e-type=\"section\">\n\t\t\t\t\t\t<div class=\"elementor-container elementor-column-gap-default\">\n\t\t\t\t\t<div class=\"elementor-column elementor-col-100 elementor-top-column elementor-element elementor-element-5803519\" data-id=\"5803519\" data-element_type=\"column\" data-e-type=\"column\">\n\t\t\t<div class=\"elementor-widget-wrap elementor-element-populated\">\n\t\t\t\t\t\t<div class=\"elementor-element elementor-element-4ee96e1 elementor-widget elementor-widget-wd_text_block\" data-id=\"4ee96e1\" data-element_type=\"widget\" data-e-type=\"widget\" data-widget_type=\"wd_text_block.default\">\n\t\t\t\t<div class=\"elementor-widget-container\">\n\t\t\t\t\t\t\t<div class=\"wd-text-block reset-last-child text-left\">\n\t\t\t\n\t\t\t<p data-start=\"196\" data-end=\"380\">Optimiza la presentaci\u00f3n y conservaci\u00f3n de tus bebidas con esta selladora de vasos, dise\u00f1ada para negocios que buscan eficiencia, higiene y una experiencia profesional en cada entrega.<\/p><p data-start=\"382\" data-end=\"507\">Fabricada en acero inoxidable, garantiza durabilidad, f\u00e1cil limpieza y resistencia para uso continuo en entornos comerciales.<\/p><h4 data-start=\"509\" data-end=\"542\">\ud83d\udd27 Especificaciones t\u00e9cnicas<\/h4><ul data-start=\"543\" data-end=\"717\"><li data-start=\"543\" data-end=\"608\" data-section-id=\"1emylsj\"><strong data-start=\"545\" data-end=\"561\">Dimensiones:<\/strong> 40 cm (ancho) \u00d7 40 cm (largo) \u00d7 64 cm (alto)<\/li><li data-start=\"609\" data-end=\"643\" data-section-id=\"16ylkes\"><strong data-start=\"611\" data-end=\"624\">Material:<\/strong> Acero inoxidable<\/li><li data-start=\"644\" data-end=\"671\" data-section-id=\"uk57o4\"><strong data-start=\"646\" data-end=\"663\">Alimentaci\u00f3n:<\/strong> 110 V<\/li><li data-start=\"672\" data-end=\"697\" data-section-id=\"y6ofvh\"><strong data-start=\"674\" data-end=\"687\">Potencia:<\/strong> 0.35 kW<\/li><li data-start=\"698\" data-end=\"717\" data-section-id=\"1ild18x\"><strong data-start=\"700\" data-end=\"709\">Peso:<\/strong> 24 kg<\/li><\/ul><h4 data-start=\"719\" data-end=\"753\">\u2699\ufe0f Caracter\u00edsticas destacadas<\/h4><ul data-start=\"754\" data-end=\"1326\"><li data-start=\"754\" data-end=\"808\" data-section-id=\"tqi2s9\">Panel digital con <strong data-start=\"774\" data-end=\"808\">control de temperatura preciso<\/strong><\/li><li data-start=\"809\" data-end=\"878\" data-section-id=\"1y3mojn\"><strong data-start=\"811\" data-end=\"844\">Contador de vasos reiniciable<\/strong>, ideal para control de producci\u00f3n<\/li><li data-start=\"879\" data-end=\"936\" data-section-id=\"l3m3qw\">Sistema de sellado r\u00e1pido: <strong data-start=\"908\" data-end=\"936\">4 a 12 segundos por vaso<\/strong><\/li><li data-start=\"937\" data-end=\"1009\" data-section-id=\"1qnz594\">Capacidad de producci\u00f3n: <strong data-start=\"964\" data-end=\"992\">350 a 400 vasos por hora<\/strong> (seg\u00fan operario)<\/li><li data-start=\"1010\" data-end=\"1052\" data-section-id=\"agtppf\">Compatible con vasos de <strong data-start=\"1036\" data-end=\"1052\">7 oz a 22 oz<\/strong><\/li><li data-start=\"1053\" data-end=\"1131\" data-section-id=\"e5ib74\"><strong data-start=\"1055\" data-end=\"1094\">Control de giro por tiempo y sensor<\/strong>, que mejora la precisi\u00f3n del sellado<\/li><li data-start=\"1132\" data-end=\"1187\" data-section-id=\"1py1dnd\"><strong data-start=\"1134\" data-end=\"1158\">Sistema de seguridad<\/strong> para protecci\u00f3n del operario<\/li><li data-start=\"1188\" data-end=\"1226\" data-section-id=\"1xdv1ek\"><strong data-start=\"1190\" data-end=\"1226\">Extracci\u00f3n autom\u00e1tica de bandeja<\/strong><\/li><li data-start=\"1227\" data-end=\"1280\" data-section-id=\"ib16w4\">Motor independiente para <strong data-start=\"1254\" data-end=\"1280\">extracci\u00f3n de residuos<\/strong><\/li><li data-start=\"1281\" data-end=\"1326\" data-section-id=\"1rupryd\">Operaci\u00f3n intuitiva y de <strong data-start=\"1308\" data-end=\"1326\">f\u00e1cil limpieza<\/strong><\/li><\/ul><h4 data-start=\"1328\" data-end=\"1356\">\ud83d\udca1 Recomendaci\u00f3n de uso<br \/><span style=\"font-size: 14px; color: #777777;\">Para un sellado \u00f3ptimo, utiliza vasos termosellables dise\u00f1ados para este tipo de m\u00e1quina, con un di\u00e1metro de boquilla entre <\/span><strong style=\"font-size: 14px; color: #777777;\" data-start=\"1481\" data-end=\"1498\">8.5 cm y 9 cm<\/strong><span style=\"font-size: 14px; color: #777777;\">.<\/span><\/h4>\n\t\t\t\t\t<\/div>\n\t\t\t\t\t\t<\/div>\n\t\t\t\t<\/div>\n\t\t\t\t\t<\/div>\n\t\t<\/div>\n\t\t\t\t\t<\/div>\n\t\t<\/section>\n\t\t\t\t<\/div>\n\t\t","protected":false},"excerpt":{"rendered":"<p data-start=\"196\" data-end=\"380\">Optimiza la presentaci\u00f3n y conservaci\u00f3n de tus bebidas con esta selladora de vasos, dise\u00f1ada para negocios que buscan eficiencia, higiene y una experiencia profesional en cada entrega.<\/p>\n<p data-start=\"382\" data-end=\"507\">Fabricada en acero inoxidable, garantiza durabilidad, f\u00e1cil limpieza y resistencia para uso continuo en entornos comerciales.<\/p>\n<p>&nbsp;<\/p>\n<p>&nbsp;<\/p>\n","protected":false},"featured_media":15945,"comment_status":"open","ping_status":"closed","template":"","meta":[],"product_brand":[],"product_cat":[194],"product_tag":[260,268,269],"class_list":{"0":"post-15944","1":"product","2":"type-product","3":"status-publish","4":"has-post-thumbnail","6":"product_cat-selladoras-de-vasos","7":"product_tag-bebidas","8":"product_tag-empaque","9":"product_tag-selladora","11":"first","12":"instock","13":"featured","14":"shipping-taxable","15":"purchasable","16":"product-type-simple"},"yoast_head":"<!-- This site is optimized with the Yoast SEO plugin v27.4 - https:\/\/yoast.com\/product\/yoast-seo-wordpress\/ -->\n<title>SELLADORA DE VASOS FULL AUTOM\u00c1TICA - Fuller Machinery<\/title>\n<meta name=\"description\" content=\"La selladora de vasos autom\u00e1tica est\u00e1 dise\u00f1ada para sellar bebidas de forma r\u00e1pida, higi\u00e9nica y profesional, ideal para negocios que buscan mejorar la presentaci\u00f3n y conservaci\u00f3n de sus productos mientras optimizan su producci\u00f3n.\" \/>\n<meta name=\"robots\" content=\"index, follow, max-snippet:-1, max-image-preview:large, max-video-preview:-1\" \/>\n<link rel=\"canonical\" href=\"https:\/\/tienda.fullermachinery.com\/index.php\/producto\/selladora-de-vasos-full-automatica\/\" \/>\n<meta property=\"og:locale\" content=\"es_ES\" \/>\n<meta property=\"og:type\" content=\"article\" \/>\n<meta property=\"og:title\" content=\"SELLADORA DE VASOS FULL AUTOM\u00c1TICA - Fuller Machinery\" \/>\n<meta property=\"og:description\" content=\"La selladora de vasos autom\u00e1tica est\u00e1 dise\u00f1ada para sellar bebidas de forma r\u00e1pida, higi\u00e9nica y profesional, ideal para negocios que buscan mejorar la presentaci\u00f3n y conservaci\u00f3n de sus productos mientras optimizan su producci\u00f3n.\" \/>\n<meta property=\"og:url\" content=\"https:\/\/tienda.fullermachinery.com\/index.php\/producto\/selladora-de-vasos-full-automatica\/\" \/>\n<meta property=\"og:site_name\" content=\"Fuller Machinery\" \/>\n<meta property=\"article:modified_time\" content=\"2026-04-22T21:22:57+00:00\" \/>\n<meta property=\"og:image\" content=\"https:\/\/tienda.fullermachinery.com\/wp-content\/uploads\/2024\/01\/SELLADORA-DE-VASOS-FULL-AUTOMATICA-37-2.jpg\" \/>\n\t<meta property=\"og:image:width\" content=\"2000\" \/>\n\t<meta property=\"og:image:height\" content=\"2000\" \/>\n\t<meta property=\"og:image:type\" content=\"image\/jpeg\" \/>\n<meta name=\"twitter:card\" content=\"summary_large_image\" \/>\n<meta name=\"twitter:label1\" content=\"Tiempo de lectura\" \/>\n\t<meta name=\"twitter:data1\" content=\"2 minutos\" \/>\n<script type=\"application\/ld+json\" class=\"yoast-schema-graph\">{\"@context\":\"https:\\\/\\\/schema.org\",\"@graph\":[{\"@type\":\"WebPage\",\"@id\":\"https:\\\/\\\/tienda.fullermachinery.com\\\/index.php\\\/producto\\\/selladora-de-vasos-full-automatica\\\/\",\"url\":\"https:\\\/\\\/tienda.fullermachinery.com\\\/index.php\\\/producto\\\/selladora-de-vasos-full-automatica\\\/\",\"name\":\"SELLADORA DE VASOS FULL AUTOM\u00c1TICA - Fuller Machinery\",\"isPartOf\":{\"@id\":\"https:\\\/\\\/tienda.fullermachinery.com\\\/#website\"},\"primaryImageOfPage\":{\"@id\":\"https:\\\/\\\/tienda.fullermachinery.com\\\/index.php\\\/producto\\\/selladora-de-vasos-full-automatica\\\/#primaryimage\"},\"image\":{\"@id\":\"https:\\\/\\\/tienda.fullermachinery.com\\\/index.php\\\/producto\\\/selladora-de-vasos-full-automatica\\\/#primaryimage\"},\"thumbnailUrl\":\"https:\\\/\\\/tienda.fullermachinery.com\\\/wp-content\\\/uploads\\\/2024\\\/01\\\/SELLADORA-DE-VASOS-FULL-AUTOMATICA-37-2.jpg\",\"datePublished\":\"2024-01-19T04:06:18+00:00\",\"dateModified\":\"2026-04-22T21:22:57+00:00\",\"description\":\"La selladora de vasos autom\u00e1tica est\u00e1 dise\u00f1ada para sellar bebidas de forma r\u00e1pida, higi\u00e9nica y profesional, ideal para negocios que buscan mejorar la presentaci\u00f3n y conservaci\u00f3n de sus productos mientras optimizan su producci\u00f3n.\",\"breadcrumb\":{\"@id\":\"https:\\\/\\\/tienda.fullermachinery.com\\\/index.php\\\/producto\\\/selladora-de-vasos-full-automatica\\\/#breadcrumb\"},\"inLanguage\":\"es\",\"potentialAction\":[{\"@type\":\"ReadAction\",\"target\":[\"https:\\\/\\\/tienda.fullermachinery.com\\\/index.php\\\/producto\\\/selladora-de-vasos-full-automatica\\\/\"]}]},{\"@type\":\"ImageObject\",\"inLanguage\":\"es\",\"@id\":\"https:\\\/\\\/tienda.fullermachinery.com\\\/index.php\\\/producto\\\/selladora-de-vasos-full-automatica\\\/#primaryimage\",\"url\":\"https:\\\/\\\/tienda.fullermachinery.com\\\/wp-content\\\/uploads\\\/2024\\\/01\\\/SELLADORA-DE-VASOS-FULL-AUTOMATICA-37-2.jpg\",\"contentUrl\":\"https:\\\/\\\/tienda.fullermachinery.com\\\/wp-content\\\/uploads\\\/2024\\\/01\\\/SELLADORA-DE-VASOS-FULL-AUTOMATICA-37-2.jpg\",\"width\":2000,\"height\":2000},{\"@type\":\"BreadcrumbList\",\"@id\":\"https:\\\/\\\/tienda.fullermachinery.com\\\/index.php\\\/producto\\\/selladora-de-vasos-full-automatica\\\/#breadcrumb\",\"itemListElement\":[{\"@type\":\"ListItem\",\"position\":1,\"name\":\"Portada\",\"item\":\"https:\\\/\\\/tienda.fullermachinery.com\\\/\"},{\"@type\":\"ListItem\",\"position\":2,\"name\":\"Productos\",\"item\":\"https:\\\/\\\/tienda.fullermachinery.com\\\/index.php\\\/shop\\\/\"},{\"@type\":\"ListItem\",\"position\":3,\"name\":\"SELLADORA DE VASOS FULL AUTOM\u00c1TICA\"}]},{\"@type\":\"WebSite\",\"@id\":\"https:\\\/\\\/tienda.fullermachinery.com\\\/#website\",\"url\":\"https:\\\/\\\/tienda.fullermachinery.com\\\/\",\"name\":\"Fuller Machinery\",\"description\":\"Importaci\u00f3n y comercializaci\u00f3n de m\u00e1quinas industriales para el sector de alimentos\",\"publisher\":{\"@id\":\"https:\\\/\\\/tienda.fullermachinery.com\\\/#organization\"},\"potentialAction\":[{\"@type\":\"SearchAction\",\"target\":{\"@type\":\"EntryPoint\",\"urlTemplate\":\"https:\\\/\\\/tienda.fullermachinery.com\\\/?s={search_term_string}\"},\"query-input\":{\"@type\":\"PropertyValueSpecification\",\"valueRequired\":true,\"valueName\":\"search_term_string\"}}],\"inLanguage\":\"es\"},{\"@type\":\"Organization\",\"@id\":\"https:\\\/\\\/tienda.fullermachinery.com\\\/#organization\",\"name\":\"Fuller Machinery\",\"url\":\"https:\\\/\\\/tienda.fullermachinery.com\\\/\",\"logo\":{\"@type\":\"ImageObject\",\"inLanguage\":\"es\",\"@id\":\"https:\\\/\\\/tienda.fullermachinery.com\\\/#\\\/schema\\\/logo\\\/image\\\/\",\"url\":\"https:\\\/\\\/tienda.fullermachinery.com\\\/wp-content\\\/uploads\\\/2023\\\/08\\\/logo-fuller-transparente.png\",\"contentUrl\":\"https:\\\/\\\/tienda.fullermachinery.com\\\/wp-content\\\/uploads\\\/2023\\\/08\\\/logo-fuller-transparente.png\",\"width\":2208,\"height\":644,\"caption\":\"Fuller Machinery\"},\"image\":{\"@id\":\"https:\\\/\\\/tienda.fullermachinery.com\\\/#\\\/schema\\\/logo\\\/image\\\/\"}}]}<\/script>\n<!-- \/ Yoast SEO plugin. -->","yoast_head_json":{"title":"SELLADORA DE VASOS FULL AUTOM\u00c1TICA - Fuller Machinery","description":"La selladora de vasos autom\u00e1tica est\u00e1 dise\u00f1ada para sellar bebidas de forma r\u00e1pida, higi\u00e9nica y profesional, ideal para negocios que buscan mejorar la presentaci\u00f3n y conservaci\u00f3n de sus productos mientras optimizan su producci\u00f3n.","robots":{"index":"index","follow":"follow","max-snippet":"max-snippet:-1","max-image-preview":"max-image-preview:large","max-video-preview":"max-video-preview:-1"},"canonical":"https:\/\/tienda.fullermachinery.com\/index.php\/producto\/selladora-de-vasos-full-automatica\/","og_locale":"es_ES","og_type":"article","og_title":"SELLADORA DE VASOS FULL AUTOM\u00c1TICA - Fuller Machinery","og_description":"La selladora de vasos autom\u00e1tica est\u00e1 dise\u00f1ada para sellar bebidas de forma r\u00e1pida, higi\u00e9nica y profesional, ideal para negocios que buscan mejorar la presentaci\u00f3n y conservaci\u00f3n de sus productos mientras optimizan su producci\u00f3n.","og_url":"https:\/\/tienda.fullermachinery.com\/index.php\/producto\/selladora-de-vasos-full-automatica\/","og_site_name":"Fuller Machinery","article_modified_time":"2026-04-22T21:22:57+00:00","og_image":[{"width":2000,"height":2000,"url":"https:\/\/tienda.fullermachinery.com\/wp-content\/uploads\/2024\/01\/SELLADORA-DE-VASOS-FULL-AUTOMATICA-37-2.jpg","type":"image\/jpeg"}],"twitter_card":"summary_large_image","twitter_misc":{"Tiempo de lectura":"2 minutos"},"schema":{"@context":"https:\/\/schema.org","@graph":[{"@type":"WebPage","@id":"https:\/\/tienda.fullermachinery.com\/index.php\/producto\/selladora-de-vasos-full-automatica\/","url":"https:\/\/tienda.fullermachinery.com\/index.php\/producto\/selladora-de-vasos-full-automatica\/","name":"SELLADORA DE VASOS FULL AUTOM\u00c1TICA - Fuller Machinery","isPartOf":{"@id":"https:\/\/tienda.fullermachinery.com\/#website"},"primaryImageOfPage":{"@id":"https:\/\/tienda.fullermachinery.com\/index.php\/producto\/selladora-de-vasos-full-automatica\/#primaryimage"},"image":{"@id":"https:\/\/tienda.fullermachinery.com\/index.php\/producto\/selladora-de-vasos-full-automatica\/#primaryimage"},"thumbnailUrl":"https:\/\/tienda.fullermachinery.com\/wp-content\/uploads\/2024\/01\/SELLADORA-DE-VASOS-FULL-AUTOMATICA-37-2.jpg","datePublished":"2024-01-19T04:06:18+00:00","dateModified":"2026-04-22T21:22:57+00:00","description":"La selladora de vasos autom\u00e1tica est\u00e1 dise\u00f1ada para sellar bebidas de forma r\u00e1pida, higi\u00e9nica y profesional, ideal para negocios que buscan mejorar la presentaci\u00f3n y conservaci\u00f3n de sus productos mientras optimizan su producci\u00f3n.","breadcrumb":{"@id":"https:\/\/tienda.fullermachinery.com\/index.php\/producto\/selladora-de-vasos-full-automatica\/#breadcrumb"},"inLanguage":"es","potentialAction":[{"@type":"ReadAction","target":["https:\/\/tienda.fullermachinery.com\/index.php\/producto\/selladora-de-vasos-full-automatica\/"]}]},{"@type":"ImageObject","inLanguage":"es","@id":"https:\/\/tienda.fullermachinery.com\/index.php\/producto\/selladora-de-vasos-full-automatica\/#primaryimage","url":"https:\/\/tienda.fullermachinery.com\/wp-content\/uploads\/2024\/01\/SELLADORA-DE-VASOS-FULL-AUTOMATICA-37-2.jpg","contentUrl":"https:\/\/tienda.fullermachinery.com\/wp-content\/uploads\/2024\/01\/SELLADORA-DE-VASOS-FULL-AUTOMATICA-37-2.jpg","width":2000,"height":2000},{"@type":"BreadcrumbList","@id":"https:\/\/tienda.fullermachinery.com\/index.php\/producto\/selladora-de-vasos-full-automatica\/#breadcrumb","itemListElement":[{"@type":"ListItem","position":1,"name":"Portada","item":"https:\/\/tienda.fullermachinery.com\/"},{"@type":"ListItem","position":2,"name":"Productos","item":"https:\/\/tienda.fullermachinery.com\/index.php\/shop\/"},{"@type":"ListItem","position":3,"name":"SELLADORA DE VASOS FULL AUTOM\u00c1TICA"}]},{"@type":"WebSite","@id":"https:\/\/tienda.fullermachinery.com\/#website","url":"https:\/\/tienda.fullermachinery.com\/","name":"Fuller Machinery","description":"Importaci\u00f3n y comercializaci\u00f3n de m\u00e1quinas industriales para el sector de alimentos","publisher":{"@id":"https:\/\/tienda.fullermachinery.com\/#organization"},"potentialAction":[{"@type":"SearchAction","target":{"@type":"EntryPoint","urlTemplate":"https:\/\/tienda.fullermachinery.com\/?s={search_term_string}"},"query-input":{"@type":"PropertyValueSpecification","valueRequired":true,"valueName":"search_term_string"}}],"inLanguage":"es"},{"@type":"Organization","@id":"https:\/\/tienda.fullermachinery.com\/#organization","name":"Fuller Machinery","url":"https:\/\/tienda.fullermachinery.com\/","logo":{"@type":"ImageObject","inLanguage":"es","@id":"https:\/\/tienda.fullermachinery.com\/#\/schema\/logo\/image\/","url":"https:\/\/tienda.fullermachinery.com\/wp-content\/uploads\/2023\/08\/logo-fuller-transparente.png","contentUrl":"https:\/\/tienda.fullermachinery.com\/wp-content\/uploads\/2023\/08\/logo-fuller-transparente.png","width":2208,"height":644,"caption":"Fuller Machinery"},"image":{"@id":"https:\/\/tienda.fullermachinery.com\/#\/schema\/logo\/image\/"}}]}},"jetpack_sharing_enabled":true,"_links":{"self":[{"href":"https:\/\/tienda.fullermachinery.com\/index.php\/wp-json\/wp\/v2\/product\/15944","targetHints":{"allow":["GET"]}}],"collection":[{"href":"https:\/\/tienda.fullermachinery.com\/index.php\/wp-json\/wp\/v2\/product"}],"about":[{"href":"https:\/\/tienda.fullermachinery.com\/index.php\/wp-json\/wp\/v2\/types\/product"}],"replies":[{"embeddable":true,"href":"https:\/\/tienda.fullermachinery.com\/index.php\/wp-json\/wp\/v2\/comments?post=15944"}],"version-history":[{"count":11,"href":"https:\/\/tienda.fullermachinery.com\/index.php\/wp-json\/wp\/v2\/product\/15944\/revisions"}],"predecessor-version":[{"id":18937,"href":"https:\/\/tienda.fullermachinery.com\/index.php\/wp-json\/wp\/v2\/product\/15944\/revisions\/18937"}],"wp:featuredmedia":[{"embeddable":true,"href":"https:\/\/tienda.fullermachinery.com\/index.php\/wp-json\/wp\/v2\/media\/15945"}],"wp:attachment":[{"href":"https:\/\/tienda.fullermachinery.com\/index.php\/wp-json\/wp\/v2\/media?parent=15944"}],"wp:term":[{"taxonomy":"product_brand","embeddable":true,"href":"https:\/\/tienda.fullermachinery.com\/index.php\/wp-json\/wp\/v2\/product_brand?post=15944"},{"taxonomy":"product_cat","embeddable":true,"href":"https:\/\/tienda.fullermachinery.com\/index.php\/wp-json\/wp\/v2\/product_cat?post=15944"},{"taxonomy":"product_tag","embeddable":true,"href":"https:\/\/tienda.fullermachinery.com\/index.php\/wp-json\/wp\/v2\/product_tag?post=15944"}],"curies":[{"name":"wp","href":"https:\/\/api.w.org\/{rel}","templated":true}]}}