{"id":15874,"date":"2023-10-21T02:59:41","date_gmt":"2023-10-21T07:59:41","guid":{"rendered":"https:\/\/tienda.fullermachinery.com\/?post_type=product&#038;p=15874"},"modified":"2025-07-09T12:03:16","modified_gmt":"2025-07-09T17:03:16","slug":"maquina-algodonera-industrial-para-eventos","status":"publish","type":"product","link":"https:\/\/tienda.fullermachinery.com\/index.php\/producto\/maquina-algodonera-industrial-para-eventos\/","title":{"rendered":"M\u00e1quina Algodonera Industrial | Ideal para Ferias y Eventos"},"content":{"rendered":"\t\t<div data-elementor-type=\"wp-post\" data-elementor-id=\"15874\" class=\"elementor elementor-15874\">\n\t\t\t\t\t\t<section class=\"elementor-section elementor-top-section elementor-element elementor-element-3b547f4 elementor-section-boxed elementor-section-height-default elementor-section-height-default wd-section-disabled\" data-id=\"3b547f4\" data-element_type=\"section\" data-e-type=\"section\">\n\t\t\t\t\t\t<div class=\"elementor-container elementor-column-gap-default\">\n\t\t\t\t\t<div class=\"elementor-column elementor-col-100 elementor-top-column elementor-element elementor-element-68860af\" data-id=\"68860af\" data-element_type=\"column\" data-e-type=\"column\">\n\t\t\t<div class=\"elementor-widget-wrap elementor-element-populated\">\n\t\t\t\t\t\t<div class=\"elementor-element elementor-element-4b39901 elementor-widget elementor-widget-wd_text_block\" data-id=\"4b39901\" data-element_type=\"widget\" data-e-type=\"widget\" data-widget_type=\"wd_text_block.default\">\n\t\t\t\t<div class=\"elementor-widget-container\">\n\t\t\t\t\t\t\t<div class=\"wd-text-block reset-last-child text-left\">\n\t\t\t\n\t\t\t<p data-start=\"861\" data-end=\"947\"><strong data-start=\"861\" data-end=\"947\">M\u00e1quina Algodonera Industrial | Producci\u00f3n r\u00e1pida y divertida de algod\u00f3n de az\u00facar<\/strong><\/p><p data-start=\"949\" data-end=\"1234\">Esta <strong data-start=\"954\" data-end=\"987\">m\u00e1quina algodonera industrial<\/strong> es perfecta para negocios que buscan ofrecer una experiencia dulce y llamativa. Su funcionamiento es sencillo: solo debes verter az\u00facar en el centro del cabezal, encenderla y en segundos comenzar\u00e1 a girar, formando espirales de algod\u00f3n de az\u00facar.<\/p><p data-start=\"1236\" data-end=\"1411\">Su dise\u00f1o est\u00e1 pensado para un uso comercial intensivo, con materiales resistentes y una operaci\u00f3n simple. Es ideal para ferias, parques de diversiones, eventos masivos y m\u00e1s.<\/p><h3 data-start=\"1413\" data-end=\"1442\">\ud83c\udfaf <strong data-start=\"1420\" data-end=\"1442\">Usos recomendados:<\/strong><\/h3><ul data-start=\"1444\" data-end=\"1890\"><li data-start=\"1444\" data-end=\"1543\"><p data-start=\"1446\" data-end=\"1543\"><strong data-start=\"1446\" data-end=\"1482\">Ferias y parques de atracciones:<\/strong> Atrae a grandes y peque\u00f1os con el cl\u00e1sico algod\u00f3n de az\u00facar.<\/p><\/li><li data-start=\"1544\" data-end=\"1630\"><p data-start=\"1546\" data-end=\"1630\"><strong data-start=\"1546\" data-end=\"1569\">Eventos y catering:<\/strong> Sorprende a tus clientes con una estaci\u00f3n dulce y divertida.<\/p><\/li><li data-start=\"1631\" data-end=\"1713\"><p data-start=\"1633\" data-end=\"1713\"><strong data-start=\"1633\" data-end=\"1653\">Cines y teatros:<\/strong> Agrega una opci\u00f3n llamativa y rentable a tu men\u00fa de snacks.<\/p><\/li><li data-start=\"1714\" data-end=\"1796\"><p data-start=\"1716\" data-end=\"1796\"><strong data-start=\"1716\" data-end=\"1742\">Estadios y conciertos:<\/strong> Perfecta para ventas r\u00e1pidas durante eventos masivos.<\/p><\/li><li data-start=\"1797\" data-end=\"1890\"><p data-start=\"1799\" data-end=\"1890\"><strong data-start=\"1799\" data-end=\"1839\">Centros de entretenimiento familiar:<\/strong> Complementa tu oferta en espacios de alto tr\u00e1fico.<\/p><\/li><\/ul><h3 data-start=\"1892\" data-end=\"1923\">\u2699\ufe0f <strong data-start=\"1899\" data-end=\"1923\">Ventajas destacadas:<\/strong><\/h3><ul data-start=\"1925\" data-end=\"2053\"><li data-start=\"1925\" data-end=\"1952\"><p data-start=\"1927\" data-end=\"1952\">F\u00e1cil de usar y limpiar<\/p><\/li><li data-start=\"1953\" data-end=\"1985\"><p data-start=\"1955\" data-end=\"1985\">Producci\u00f3n r\u00e1pida y continua<\/p><\/li><li data-start=\"1986\" data-end=\"2017\"><p data-start=\"1988\" data-end=\"2017\">Dise\u00f1o atractivo y duradero<\/p><\/li><li data-start=\"2018\" data-end=\"2053\"><p data-start=\"2020\" data-end=\"2053\">Ideal para entornos comerciales<\/p><\/li><\/ul><p data-start=\"2055\" data-end=\"2196\">Con una <strong data-start=\"2063\" data-end=\"2117\">m\u00e1quina algodonera profesional de Fuller Machinery<\/strong>, llevas diversi\u00f3n y sabor a cualquier lugar. \u00a1Convierte el az\u00facar en sonrisas!<\/p>\n\t\t\t\t\t<\/div>\n\t\t\t\t\t\t<\/div>\n\t\t\t\t<\/div>\n\t\t\t\t\t<\/div>\n\t\t<\/div>\n\t\t\t\t\t<\/div>\n\t\t<\/section>\n\t\t\t\t<\/div>\n\t\t","protected":false},"excerpt":{"rendered":"<p data-start=\"672\" data-end=\"803\">M\u00e1quina profesional para hacer algod\u00f3n de az\u00facar. Ideal para ferias, parques, eventos y cines. R\u00e1pida, eficiente y f\u00e1cil de operar.<\/p>\n","protected":false},"featured_media":15875,"comment_status":"open","ping_status":"closed","template":"","meta":[],"product_brand":[],"product_cat":[161],"product_tag":[215,214,386,213,384,388,385,382,391,383,387,390,389],"class_list":{"0":"post-15874","1":"product","2":"type-product","3":"status-publish","4":"has-post-thumbnail","6":"product_cat-comida-divertida","7":"product_tag-algodon-de-azucar","8":"product_tag-algodonera","9":"product_tag-algodonera-profesional","10":"product_tag-comida-divertida","11":"product_tag-equipo-ferias-y-eventos","12":"product_tag-equipo-para-catering","13":"product_tag-maquina-algodon-industrial","14":"product_tag-maquina-algodonera","15":"product_tag-maquina-de-algodon-comercial","16":"product_tag-maquina-para-algodon-de-azucar","17":"product_tag-maquina-para-parques-de-diversiones","18":"product_tag-maquinaria-dulce","19":"product_tag-snacks-para-eventos","21":"first","22":"instock","23":"featured","24":"shipping-taxable","25":"purchasable","26":"product-type-simple"},"yoast_head":"<!-- This site is optimized with the Yoast SEO plugin v27.4 - https:\/\/yoast.com\/product\/yoast-seo-wordpress\/ -->\n<title>M\u00e1quina Algodonera Industrial | Ideal para Ferias y Eventos - Fuller Machinery<\/title>\n<meta name=\"description\" content=\"M\u00e1quina industrial para algod\u00f3n de az\u00facar. Perfecta para ferias, cines, parques y eventos. F\u00e1cil de usar, r\u00e1pida y de alto rendimiento.\" \/>\n<meta name=\"robots\" content=\"index, follow, max-snippet:-1, max-image-preview:large, max-video-preview:-1\" \/>\n<link rel=\"canonical\" href=\"https:\/\/tienda.fullermachinery.com\/index.php\/producto\/maquina-algodonera-industrial-para-eventos\/\" \/>\n<meta property=\"og:locale\" content=\"es_ES\" \/>\n<meta property=\"og:type\" content=\"article\" \/>\n<meta property=\"og:title\" content=\"M\u00e1quina Algodonera Industrial | Ideal para Ferias y Eventos - Fuller Machinery\" \/>\n<meta property=\"og:description\" content=\"M\u00e1quina industrial para algod\u00f3n de az\u00facar. Perfecta para ferias, cines, parques y eventos. F\u00e1cil de usar, r\u00e1pida y de alto rendimiento.\" \/>\n<meta property=\"og:url\" content=\"https:\/\/tienda.fullermachinery.com\/index.php\/producto\/maquina-algodonera-industrial-para-eventos\/\" \/>\n<meta property=\"og:site_name\" content=\"Fuller Machinery\" \/>\n<meta property=\"article:modified_time\" content=\"2025-07-09T17:03:16+00:00\" \/>\n<meta property=\"og:image\" content=\"https:\/\/tienda.fullermachinery.com\/wp-content\/uploads\/2023\/10\/algodonera-con-carro.png\" \/>\n\t<meta property=\"og:image:width\" content=\"2000\" \/>\n\t<meta property=\"og:image:height\" content=\"2000\" \/>\n\t<meta property=\"og:image:type\" content=\"image\/png\" \/>\n<meta name=\"twitter:card\" content=\"summary_large_image\" \/>\n<meta name=\"twitter:label1\" content=\"Tiempo de lectura\" \/>\n\t<meta name=\"twitter:data1\" content=\"2 minutos\" \/>\n<script type=\"application\/ld+json\" class=\"yoast-schema-graph\">{\"@context\":\"https:\\\/\\\/schema.org\",\"@graph\":[{\"@type\":\"WebPage\",\"@id\":\"https:\\\/\\\/tienda.fullermachinery.com\\\/index.php\\\/producto\\\/maquina-algodonera-industrial-para-eventos\\\/\",\"url\":\"https:\\\/\\\/tienda.fullermachinery.com\\\/index.php\\\/producto\\\/maquina-algodonera-industrial-para-eventos\\\/\",\"name\":\"M\u00e1quina Algodonera Industrial | Ideal para Ferias y Eventos - Fuller Machinery\",\"isPartOf\":{\"@id\":\"https:\\\/\\\/tienda.fullermachinery.com\\\/#website\"},\"primaryImageOfPage\":{\"@id\":\"https:\\\/\\\/tienda.fullermachinery.com\\\/index.php\\\/producto\\\/maquina-algodonera-industrial-para-eventos\\\/#primaryimage\"},\"image\":{\"@id\":\"https:\\\/\\\/tienda.fullermachinery.com\\\/index.php\\\/producto\\\/maquina-algodonera-industrial-para-eventos\\\/#primaryimage\"},\"thumbnailUrl\":\"https:\\\/\\\/tienda.fullermachinery.com\\\/wp-content\\\/uploads\\\/2023\\\/10\\\/algodonera-con-carro.png\",\"datePublished\":\"2023-10-21T07:59:41+00:00\",\"dateModified\":\"2025-07-09T17:03:16+00:00\",\"description\":\"M\u00e1quina industrial para algod\u00f3n de az\u00facar. Perfecta para ferias, cines, parques y eventos. F\u00e1cil de usar, r\u00e1pida y de alto rendimiento.\",\"breadcrumb\":{\"@id\":\"https:\\\/\\\/tienda.fullermachinery.com\\\/index.php\\\/producto\\\/maquina-algodonera-industrial-para-eventos\\\/#breadcrumb\"},\"inLanguage\":\"es\",\"potentialAction\":[{\"@type\":\"ReadAction\",\"target\":[\"https:\\\/\\\/tienda.fullermachinery.com\\\/index.php\\\/producto\\\/maquina-algodonera-industrial-para-eventos\\\/\"]}]},{\"@type\":\"ImageObject\",\"inLanguage\":\"es\",\"@id\":\"https:\\\/\\\/tienda.fullermachinery.com\\\/index.php\\\/producto\\\/maquina-algodonera-industrial-para-eventos\\\/#primaryimage\",\"url\":\"https:\\\/\\\/tienda.fullermachinery.com\\\/wp-content\\\/uploads\\\/2023\\\/10\\\/algodonera-con-carro.png\",\"contentUrl\":\"https:\\\/\\\/tienda.fullermachinery.com\\\/wp-content\\\/uploads\\\/2023\\\/10\\\/algodonera-con-carro.png\",\"width\":2000,\"height\":2000,\"caption\":\"Algodonera con carro de uso comercial para preparar algod\u00f3n de az\u00facar -accesorios\"},{\"@type\":\"BreadcrumbList\",\"@id\":\"https:\\\/\\\/tienda.fullermachinery.com\\\/index.php\\\/producto\\\/maquina-algodonera-industrial-para-eventos\\\/#breadcrumb\",\"itemListElement\":[{\"@type\":\"ListItem\",\"position\":1,\"name\":\"Portada\",\"item\":\"https:\\\/\\\/tienda.fullermachinery.com\\\/\"},{\"@type\":\"ListItem\",\"position\":2,\"name\":\"Productos\",\"item\":\"https:\\\/\\\/tienda.fullermachinery.com\\\/index.php\\\/shop\\\/\"},{\"@type\":\"ListItem\",\"position\":3,\"name\":\"M\u00e1quina Algodonera Industrial | Ideal para Ferias y Eventos\"}]},{\"@type\":\"WebSite\",\"@id\":\"https:\\\/\\\/tienda.fullermachinery.com\\\/#website\",\"url\":\"https:\\\/\\\/tienda.fullermachinery.com\\\/\",\"name\":\"Fuller Machinery\",\"description\":\"Importaci\u00f3n y comercializaci\u00f3n de m\u00e1quinas industriales para el sector de alimentos\",\"publisher\":{\"@id\":\"https:\\\/\\\/tienda.fullermachinery.com\\\/#organization\"},\"potentialAction\":[{\"@type\":\"SearchAction\",\"target\":{\"@type\":\"EntryPoint\",\"urlTemplate\":\"https:\\\/\\\/tienda.fullermachinery.com\\\/?s={search_term_string}\"},\"query-input\":{\"@type\":\"PropertyValueSpecification\",\"valueRequired\":true,\"valueName\":\"search_term_string\"}}],\"inLanguage\":\"es\"},{\"@type\":\"Organization\",\"@id\":\"https:\\\/\\\/tienda.fullermachinery.com\\\/#organization\",\"name\":\"Fuller Machinery\",\"url\":\"https:\\\/\\\/tienda.fullermachinery.com\\\/\",\"logo\":{\"@type\":\"ImageObject\",\"inLanguage\":\"es\",\"@id\":\"https:\\\/\\\/tienda.fullermachinery.com\\\/#\\\/schema\\\/logo\\\/image\\\/\",\"url\":\"https:\\\/\\\/tienda.fullermachinery.com\\\/wp-content\\\/uploads\\\/2023\\\/08\\\/logo-fuller-transparente.png\",\"contentUrl\":\"https:\\\/\\\/tienda.fullermachinery.com\\\/wp-content\\\/uploads\\\/2023\\\/08\\\/logo-fuller-transparente.png\",\"width\":2208,\"height\":644,\"caption\":\"Fuller Machinery\"},\"image\":{\"@id\":\"https:\\\/\\\/tienda.fullermachinery.com\\\/#\\\/schema\\\/logo\\\/image\\\/\"}}]}<\/script>\n<!-- \/ Yoast SEO plugin. -->","yoast_head_json":{"title":"M\u00e1quina Algodonera Industrial | Ideal para Ferias y Eventos - Fuller Machinery","description":"M\u00e1quina industrial para algod\u00f3n de az\u00facar. Perfecta para ferias, cines, parques y eventos. F\u00e1cil de usar, r\u00e1pida y de alto rendimiento.","robots":{"index":"index","follow":"follow","max-snippet":"max-snippet:-1","max-image-preview":"max-image-preview:large","max-video-preview":"max-video-preview:-1"},"canonical":"https:\/\/tienda.fullermachinery.com\/index.php\/producto\/maquina-algodonera-industrial-para-eventos\/","og_locale":"es_ES","og_type":"article","og_title":"M\u00e1quina Algodonera Industrial | Ideal para Ferias y Eventos - Fuller Machinery","og_description":"M\u00e1quina industrial para algod\u00f3n de az\u00facar. Perfecta para ferias, cines, parques y eventos. F\u00e1cil de usar, r\u00e1pida y de alto rendimiento.","og_url":"https:\/\/tienda.fullermachinery.com\/index.php\/producto\/maquina-algodonera-industrial-para-eventos\/","og_site_name":"Fuller Machinery","article_modified_time":"2025-07-09T17:03:16+00:00","og_image":[{"width":2000,"height":2000,"url":"https:\/\/tienda.fullermachinery.com\/wp-content\/uploads\/2023\/10\/algodonera-con-carro.png","type":"image\/png"}],"twitter_card":"summary_large_image","twitter_misc":{"Tiempo de lectura":"2 minutos"},"schema":{"@context":"https:\/\/schema.org","@graph":[{"@type":"WebPage","@id":"https:\/\/tienda.fullermachinery.com\/index.php\/producto\/maquina-algodonera-industrial-para-eventos\/","url":"https:\/\/tienda.fullermachinery.com\/index.php\/producto\/maquina-algodonera-industrial-para-eventos\/","name":"M\u00e1quina Algodonera Industrial | Ideal para Ferias y Eventos - Fuller Machinery","isPartOf":{"@id":"https:\/\/tienda.fullermachinery.com\/#website"},"primaryImageOfPage":{"@id":"https:\/\/tienda.fullermachinery.com\/index.php\/producto\/maquina-algodonera-industrial-para-eventos\/#primaryimage"},"image":{"@id":"https:\/\/tienda.fullermachinery.com\/index.php\/producto\/maquina-algodonera-industrial-para-eventos\/#primaryimage"},"thumbnailUrl":"https:\/\/tienda.fullermachinery.com\/wp-content\/uploads\/2023\/10\/algodonera-con-carro.png","datePublished":"2023-10-21T07:59:41+00:00","dateModified":"2025-07-09T17:03:16+00:00","description":"M\u00e1quina industrial para algod\u00f3n de az\u00facar. Perfecta para ferias, cines, parques y eventos. F\u00e1cil de usar, r\u00e1pida y de alto rendimiento.","breadcrumb":{"@id":"https:\/\/tienda.fullermachinery.com\/index.php\/producto\/maquina-algodonera-industrial-para-eventos\/#breadcrumb"},"inLanguage":"es","potentialAction":[{"@type":"ReadAction","target":["https:\/\/tienda.fullermachinery.com\/index.php\/producto\/maquina-algodonera-industrial-para-eventos\/"]}]},{"@type":"ImageObject","inLanguage":"es","@id":"https:\/\/tienda.fullermachinery.com\/index.php\/producto\/maquina-algodonera-industrial-para-eventos\/#primaryimage","url":"https:\/\/tienda.fullermachinery.com\/wp-content\/uploads\/2023\/10\/algodonera-con-carro.png","contentUrl":"https:\/\/tienda.fullermachinery.com\/wp-content\/uploads\/2023\/10\/algodonera-con-carro.png","width":2000,"height":2000,"caption":"Algodonera con carro de uso comercial para preparar algod\u00f3n de az\u00facar -accesorios"},{"@type":"BreadcrumbList","@id":"https:\/\/tienda.fullermachinery.com\/index.php\/producto\/maquina-algodonera-industrial-para-eventos\/#breadcrumb","itemListElement":[{"@type":"ListItem","position":1,"name":"Portada","item":"https:\/\/tienda.fullermachinery.com\/"},{"@type":"ListItem","position":2,"name":"Productos","item":"https:\/\/tienda.fullermachinery.com\/index.php\/shop\/"},{"@type":"ListItem","position":3,"name":"M\u00e1quina Algodonera Industrial | Ideal para Ferias y Eventos"}]},{"@type":"WebSite","@id":"https:\/\/tienda.fullermachinery.com\/#website","url":"https:\/\/tienda.fullermachinery.com\/","name":"Fuller Machinery","description":"Importaci\u00f3n y comercializaci\u00f3n de m\u00e1quinas industriales para el sector de alimentos","publisher":{"@id":"https:\/\/tienda.fullermachinery.com\/#organization"},"potentialAction":[{"@type":"SearchAction","target":{"@type":"EntryPoint","urlTemplate":"https:\/\/tienda.fullermachinery.com\/?s={search_term_string}"},"query-input":{"@type":"PropertyValueSpecification","valueRequired":true,"valueName":"search_term_string"}}],"inLanguage":"es"},{"@type":"Organization","@id":"https:\/\/tienda.fullermachinery.com\/#organization","name":"Fuller Machinery","url":"https:\/\/tienda.fullermachinery.com\/","logo":{"@type":"ImageObject","inLanguage":"es","@id":"https:\/\/tienda.fullermachinery.com\/#\/schema\/logo\/image\/","url":"https:\/\/tienda.fullermachinery.com\/wp-content\/uploads\/2023\/08\/logo-fuller-transparente.png","contentUrl":"https:\/\/tienda.fullermachinery.com\/wp-content\/uploads\/2023\/08\/logo-fuller-transparente.png","width":2208,"height":644,"caption":"Fuller Machinery"},"image":{"@id":"https:\/\/tienda.fullermachinery.com\/#\/schema\/logo\/image\/"}}]}},"jetpack_sharing_enabled":true,"_links":{"self":[{"href":"https:\/\/tienda.fullermachinery.com\/index.php\/wp-json\/wp\/v2\/product\/15874","targetHints":{"allow":["GET"]}}],"collection":[{"href":"https:\/\/tienda.fullermachinery.com\/index.php\/wp-json\/wp\/v2\/product"}],"about":[{"href":"https:\/\/tienda.fullermachinery.com\/index.php\/wp-json\/wp\/v2\/types\/product"}],"replies":[{"embeddable":true,"href":"https:\/\/tienda.fullermachinery.com\/index.php\/wp-json\/wp\/v2\/comments?post=15874"}],"version-history":[{"count":8,"href":"https:\/\/tienda.fullermachinery.com\/index.php\/wp-json\/wp\/v2\/product\/15874\/revisions"}],"predecessor-version":[{"id":18491,"href":"https:\/\/tienda.fullermachinery.com\/index.php\/wp-json\/wp\/v2\/product\/15874\/revisions\/18491"}],"wp:featuredmedia":[{"embeddable":true,"href":"https:\/\/tienda.fullermachinery.com\/index.php\/wp-json\/wp\/v2\/media\/15875"}],"wp:attachment":[{"href":"https:\/\/tienda.fullermachinery.com\/index.php\/wp-json\/wp\/v2\/media?parent=15874"}],"wp:term":[{"taxonomy":"product_brand","embeddable":true,"href":"https:\/\/tienda.fullermachinery.com\/index.php\/wp-json\/wp\/v2\/product_brand?post=15874"},{"taxonomy":"product_cat","embeddable":true,"href":"https:\/\/tienda.fullermachinery.com\/index.php\/wp-json\/wp\/v2\/product_cat?post=15874"},{"taxonomy":"product_tag","embeddable":true,"href":"https:\/\/tienda.fullermachinery.com\/index.php\/wp-json\/wp\/v2\/product_tag?post=15874"}],"curies":[{"name":"wp","href":"https:\/\/api.w.org\/{rel}","templated":true}]}}