{"id":15867,"date":"2023-10-21T02:48:40","date_gmt":"2023-10-21T07:48:40","guid":{"rendered":"https:\/\/tienda.fullermachinery.com\/?post_type=product&#038;p=15867"},"modified":"2025-07-09T16:15:46","modified_gmt":"2025-07-09T21:15:46","slug":"maquina-algodonera-industrial-ferias-eventos","status":"publish","type":"product","link":"https:\/\/tienda.fullermachinery.com\/index.php\/producto\/maquina-algodonera-industrial-ferias-eventos\/","title":{"rendered":"M\u00e1quina Algodonera Industrial Sencilla | Ideal para Ferias y Eventos"},"content":{"rendered":"\t\t<div data-elementor-type=\"wp-post\" data-elementor-id=\"15867\" class=\"elementor elementor-15867\">\n\t\t\t\t\t\t<section class=\"elementor-section elementor-top-section elementor-element elementor-element-dfe3721 elementor-section-boxed elementor-section-height-default elementor-section-height-default wd-section-disabled\" data-id=\"dfe3721\" data-element_type=\"section\" data-e-type=\"section\">\n\t\t\t\t\t\t<div class=\"elementor-container elementor-column-gap-default\">\n\t\t\t\t\t<div class=\"elementor-column elementor-col-100 elementor-top-column elementor-element elementor-element-6bd0709\" data-id=\"6bd0709\" data-element_type=\"column\" data-e-type=\"column\">\n\t\t\t<div class=\"elementor-widget-wrap elementor-element-populated\">\n\t\t\t\t\t\t<div class=\"elementor-element elementor-element-6e432bd elementor-widget elementor-widget-wd_text_block\" data-id=\"6e432bd\" data-element_type=\"widget\" data-e-type=\"widget\" data-widget_type=\"wd_text_block.default\">\n\t\t\t\t<div class=\"elementor-widget-container\">\n\t\t\t\t\t\t\t<div class=\"wd-text-block reset-last-child text-left\">\n\t\t\t\n\t\t\t<p data-start=\"899\" data-end=\"973\"><strong data-start=\"899\" data-end=\"973\">M\u00e1quina Algodonera Industrial | Crea experiencias dulces en tu negocio<\/strong><\/p><p data-start=\"975\" data-end=\"1281\">Esta <strong data-start=\"980\" data-end=\"1025\">m\u00e1quina industrial para algod\u00f3n de az\u00facar<\/strong> est\u00e1 dise\u00f1ada para producir grandes vol\u00famenes de forma r\u00e1pida, segura y llamativa. Solo debes verter az\u00facar granulada en el centro del cabezal; al encenderse, el eje gira y genera los hilos de az\u00facar que se convierten en el cl\u00e1sico algod\u00f3n que todos aman.<\/p><p data-start=\"1283\" data-end=\"1453\">Su operaci\u00f3n es simple y eficiente, lo que la convierte en una inversi\u00f3n ideal para negocios que buscan aumentar sus ingresos con un producto atractivo y de alta demanda.<\/p><h3 data-start=\"1455\" data-end=\"1502\">\ud83c\udfaf <strong data-start=\"1462\" data-end=\"1502\">Industrias donde es \u00fatil la m\u00e1quina:<\/strong><\/h3><ul data-start=\"1504\" data-end=\"2051\"><li data-start=\"1504\" data-end=\"1602\"><p data-start=\"1506\" data-end=\"1602\"><strong data-start=\"1506\" data-end=\"1542\">Ferias y parques de atracciones:<\/strong> Una atracci\u00f3n dulce e irresistible para grandes y chicos.<\/p><\/li><li data-start=\"1603\" data-end=\"1714\"><p data-start=\"1605\" data-end=\"1714\"><strong data-start=\"1605\" data-end=\"1628\">Eventos y catering:<\/strong> A\u00f1ade una estaci\u00f3n divertida y rentable para fiestas, bodas o eventos corporativos.<\/p><\/li><li data-start=\"1715\" data-end=\"1825\"><p data-start=\"1717\" data-end=\"1825\"><strong data-start=\"1717\" data-end=\"1737\">Cines y teatros:<\/strong> Una alternativa nost\u00e1lgica y deliciosa que complementa la experiencia del espectador.<\/p><\/li><li data-start=\"1826\" data-end=\"1930\"><p data-start=\"1828\" data-end=\"1930\"><strong data-start=\"1828\" data-end=\"1869\">Concesiones en estadios y conciertos:<\/strong> Excelente opci\u00f3n para stands de comida en eventos masivos.<\/p><\/li><li data-start=\"1931\" data-end=\"2051\"><p data-start=\"1933\" data-end=\"2051\"><strong data-start=\"1933\" data-end=\"1983\">Parques y centros de entretenimiento familiar:<\/strong> Aumenta tus ventas ofreciendo algod\u00f3n de az\u00facar a ni\u00f1os y familias.<\/p><\/li><\/ul><h3 data-start=\"2053\" data-end=\"2079\">\u2699\ufe0f <strong data-start=\"2060\" data-end=\"2079\">Ventajas clave:<\/strong><\/h3><p data-start=\"2081\" data-end=\"2243\">\u2705 Producci\u00f3n r\u00e1pida y continua<br data-start=\"2111\" data-end=\"2114\" \/>\u2705 F\u00e1cil de operar y limpiar<br data-start=\"2141\" data-end=\"2144\" \/>\u2705 Dise\u00f1o atractivo y duradero<br data-start=\"2173\" data-end=\"2176\" \/>\u2705 Alta rentabilidad por porci\u00f3n<br data-start=\"2207\" data-end=\"2210\" \/>\u2705 Ideal para todo tipo de eventos<\/p><p data-start=\"2245\" data-end=\"2411\">Convierte az\u00facar en sonrisas con esta m\u00e1quina algodonera profesional. Con <strong data-start=\"2319\" data-end=\"2339\">Fuller Machinery<\/strong>, lleva tu negocio al siguiente nivel con soluciones dulces y efectivas.<\/p>\n\t\t\t\t\t<\/div>\n\t\t\t\t\t\t<\/div>\n\t\t\t\t<\/div>\n\t\t\t\t\t<\/div>\n\t\t<\/div>\n\t\t\t\t\t<\/div>\n\t\t<\/section>\n\t\t\t\t<\/div>\n\t\t","protected":false},"excerpt":{"rendered":"<p data-start=\"704\" data-end=\"841\">M\u00e1quina industrial para algod\u00f3n de az\u00facar. Funciona con az\u00facar granulada. Ideal para ferias, cines, eventos y centros de entretenimiento.<\/p>\n","protected":false},"featured_media":15868,"comment_status":"open","ping_status":"closed","template":"","meta":[],"product_brand":[302],"product_cat":[161],"product_tag":[215,396,214,386,213,398,395,393,382,392,383,397,394],"class_list":{"0":"post-15867","1":"product","2":"type-product","3":"status-publish","4":"has-post-thumbnail","6":"product_brand-fuller-machinery","7":"product_cat-comida-divertida","8":"product_tag-algodon-de-azucar","9":"product_tag-algodon-de-azucar-negocio","10":"product_tag-algodonera","11":"product_tag-algodonera-profesional","12":"product_tag-comida-divertida","13":"product_tag-equipo-de-entretenimiento","14":"product_tag-equipo-para-parques","15":"product_tag-ferias-y-eventos","16":"product_tag-maquina-algodonera","17":"product_tag-maquina-de-algodon-industrial","18":"product_tag-maquina-para-algodon-de-azucar","19":"product_tag-maquina-para-catering","20":"product_tag-maquina-para-cines","22":"first","23":"instock","24":"featured","25":"shipping-taxable","26":"purchasable","27":"product-type-simple"},"yoast_head":"<!-- This site is optimized with the Yoast SEO plugin v27.4 - https:\/\/yoast.com\/product\/yoast-seo-wordpress\/ -->\n<title>M\u00e1quina Algodonera Industrial Sencilla | Ideal para Ferias y Eventos - Fuller Machinery<\/title>\n<meta name=\"description\" content=\"M\u00e1quina para algod\u00f3n de az\u00facar. Perfecta para ferias, eventos, cines y parques. F\u00e1cil de usar, rentable y llamativa para todo tipo de p\u00fablico.\" \/>\n<meta name=\"robots\" content=\"index, follow, max-snippet:-1, max-image-preview:large, max-video-preview:-1\" \/>\n<link rel=\"canonical\" href=\"https:\/\/tienda.fullermachinery.com\/index.php\/producto\/maquina-algodonera-industrial-ferias-eventos\/\" \/>\n<meta property=\"og:locale\" content=\"es_ES\" \/>\n<meta property=\"og:type\" content=\"article\" \/>\n<meta property=\"og:title\" content=\"M\u00e1quina Algodonera Industrial Sencilla | Ideal para Ferias y Eventos - Fuller Machinery\" \/>\n<meta property=\"og:description\" content=\"M\u00e1quina para algod\u00f3n de az\u00facar. Perfecta para ferias, eventos, cines y parques. F\u00e1cil de usar, rentable y llamativa para todo tipo de p\u00fablico.\" \/>\n<meta property=\"og:url\" content=\"https:\/\/tienda.fullermachinery.com\/index.php\/producto\/maquina-algodonera-industrial-ferias-eventos\/\" \/>\n<meta property=\"og:site_name\" content=\"Fuller Machinery\" \/>\n<meta property=\"article:modified_time\" content=\"2025-07-09T21:15:46+00:00\" \/>\n<meta property=\"og:image\" content=\"https:\/\/tienda.fullermachinery.com\/wp-content\/uploads\/2023\/10\/algodonera-4.png\" \/>\n\t<meta property=\"og:image:width\" content=\"2000\" \/>\n\t<meta property=\"og:image:height\" content=\"2000\" \/>\n\t<meta property=\"og:image:type\" content=\"image\/png\" \/>\n<meta name=\"twitter:card\" content=\"summary_large_image\" \/>\n<meta name=\"twitter:label1\" content=\"Tiempo de lectura\" \/>\n\t<meta name=\"twitter:data1\" content=\"2 minutos\" \/>\n<script type=\"application\/ld+json\" class=\"yoast-schema-graph\">{\"@context\":\"https:\\\/\\\/schema.org\",\"@graph\":[{\"@type\":\"WebPage\",\"@id\":\"https:\\\/\\\/tienda.fullermachinery.com\\\/index.php\\\/producto\\\/maquina-algodonera-industrial-ferias-eventos\\\/\",\"url\":\"https:\\\/\\\/tienda.fullermachinery.com\\\/index.php\\\/producto\\\/maquina-algodonera-industrial-ferias-eventos\\\/\",\"name\":\"M\u00e1quina Algodonera Industrial Sencilla | Ideal para Ferias y Eventos - Fuller Machinery\",\"isPartOf\":{\"@id\":\"https:\\\/\\\/tienda.fullermachinery.com\\\/#website\"},\"primaryImageOfPage\":{\"@id\":\"https:\\\/\\\/tienda.fullermachinery.com\\\/index.php\\\/producto\\\/maquina-algodonera-industrial-ferias-eventos\\\/#primaryimage\"},\"image\":{\"@id\":\"https:\\\/\\\/tienda.fullermachinery.com\\\/index.php\\\/producto\\\/maquina-algodonera-industrial-ferias-eventos\\\/#primaryimage\"},\"thumbnailUrl\":\"https:\\\/\\\/tienda.fullermachinery.com\\\/wp-content\\\/uploads\\\/2023\\\/10\\\/algodonera-4.png\",\"datePublished\":\"2023-10-21T07:48:40+00:00\",\"dateModified\":\"2025-07-09T21:15:46+00:00\",\"description\":\"M\u00e1quina para algod\u00f3n de az\u00facar. Perfecta para ferias, eventos, cines y parques. F\u00e1cil de usar, rentable y llamativa para todo tipo de p\u00fablico.\",\"breadcrumb\":{\"@id\":\"https:\\\/\\\/tienda.fullermachinery.com\\\/index.php\\\/producto\\\/maquina-algodonera-industrial-ferias-eventos\\\/#breadcrumb\"},\"inLanguage\":\"es\",\"potentialAction\":[{\"@type\":\"ReadAction\",\"target\":[\"https:\\\/\\\/tienda.fullermachinery.com\\\/index.php\\\/producto\\\/maquina-algodonera-industrial-ferias-eventos\\\/\"]}]},{\"@type\":\"ImageObject\",\"inLanguage\":\"es\",\"@id\":\"https:\\\/\\\/tienda.fullermachinery.com\\\/index.php\\\/producto\\\/maquina-algodonera-industrial-ferias-eventos\\\/#primaryimage\",\"url\":\"https:\\\/\\\/tienda.fullermachinery.com\\\/wp-content\\\/uploads\\\/2023\\\/10\\\/algodonera-4.png\",\"contentUrl\":\"https:\\\/\\\/tienda.fullermachinery.com\\\/wp-content\\\/uploads\\\/2023\\\/10\\\/algodonera-4.png\",\"width\":2000,\"height\":2000,\"caption\":\"Algodonera comercial para preparar algod\u00f3n de az\u00facar\"},{\"@type\":\"BreadcrumbList\",\"@id\":\"https:\\\/\\\/tienda.fullermachinery.com\\\/index.php\\\/producto\\\/maquina-algodonera-industrial-ferias-eventos\\\/#breadcrumb\",\"itemListElement\":[{\"@type\":\"ListItem\",\"position\":1,\"name\":\"Portada\",\"item\":\"https:\\\/\\\/tienda.fullermachinery.com\\\/\"},{\"@type\":\"ListItem\",\"position\":2,\"name\":\"Productos\",\"item\":\"https:\\\/\\\/tienda.fullermachinery.com\\\/index.php\\\/shop\\\/\"},{\"@type\":\"ListItem\",\"position\":3,\"name\":\"M\u00e1quina Algodonera Industrial Sencilla | Ideal para Ferias y Eventos\"}]},{\"@type\":\"WebSite\",\"@id\":\"https:\\\/\\\/tienda.fullermachinery.com\\\/#website\",\"url\":\"https:\\\/\\\/tienda.fullermachinery.com\\\/\",\"name\":\"Fuller Machinery\",\"description\":\"Importaci\u00f3n y comercializaci\u00f3n de m\u00e1quinas industriales para el sector de alimentos\",\"publisher\":{\"@id\":\"https:\\\/\\\/tienda.fullermachinery.com\\\/#organization\"},\"potentialAction\":[{\"@type\":\"SearchAction\",\"target\":{\"@type\":\"EntryPoint\",\"urlTemplate\":\"https:\\\/\\\/tienda.fullermachinery.com\\\/?s={search_term_string}\"},\"query-input\":{\"@type\":\"PropertyValueSpecification\",\"valueRequired\":true,\"valueName\":\"search_term_string\"}}],\"inLanguage\":\"es\"},{\"@type\":\"Organization\",\"@id\":\"https:\\\/\\\/tienda.fullermachinery.com\\\/#organization\",\"name\":\"Fuller Machinery\",\"url\":\"https:\\\/\\\/tienda.fullermachinery.com\\\/\",\"logo\":{\"@type\":\"ImageObject\",\"inLanguage\":\"es\",\"@id\":\"https:\\\/\\\/tienda.fullermachinery.com\\\/#\\\/schema\\\/logo\\\/image\\\/\",\"url\":\"https:\\\/\\\/tienda.fullermachinery.com\\\/wp-content\\\/uploads\\\/2023\\\/08\\\/logo-fuller-transparente.png\",\"contentUrl\":\"https:\\\/\\\/tienda.fullermachinery.com\\\/wp-content\\\/uploads\\\/2023\\\/08\\\/logo-fuller-transparente.png\",\"width\":2208,\"height\":644,\"caption\":\"Fuller Machinery\"},\"image\":{\"@id\":\"https:\\\/\\\/tienda.fullermachinery.com\\\/#\\\/schema\\\/logo\\\/image\\\/\"}}]}<\/script>\n<!-- \/ Yoast SEO plugin. -->","yoast_head_json":{"title":"M\u00e1quina Algodonera Industrial Sencilla | Ideal para Ferias y Eventos - Fuller Machinery","description":"M\u00e1quina para algod\u00f3n de az\u00facar. Perfecta para ferias, eventos, cines y parques. F\u00e1cil de usar, rentable y llamativa para todo tipo de p\u00fablico.","robots":{"index":"index","follow":"follow","max-snippet":"max-snippet:-1","max-image-preview":"max-image-preview:large","max-video-preview":"max-video-preview:-1"},"canonical":"https:\/\/tienda.fullermachinery.com\/index.php\/producto\/maquina-algodonera-industrial-ferias-eventos\/","og_locale":"es_ES","og_type":"article","og_title":"M\u00e1quina Algodonera Industrial Sencilla | Ideal para Ferias y Eventos - Fuller Machinery","og_description":"M\u00e1quina para algod\u00f3n de az\u00facar. Perfecta para ferias, eventos, cines y parques. F\u00e1cil de usar, rentable y llamativa para todo tipo de p\u00fablico.","og_url":"https:\/\/tienda.fullermachinery.com\/index.php\/producto\/maquina-algodonera-industrial-ferias-eventos\/","og_site_name":"Fuller Machinery","article_modified_time":"2025-07-09T21:15:46+00:00","og_image":[{"width":2000,"height":2000,"url":"https:\/\/tienda.fullermachinery.com\/wp-content\/uploads\/2023\/10\/algodonera-4.png","type":"image\/png"}],"twitter_card":"summary_large_image","twitter_misc":{"Tiempo de lectura":"2 minutos"},"schema":{"@context":"https:\/\/schema.org","@graph":[{"@type":"WebPage","@id":"https:\/\/tienda.fullermachinery.com\/index.php\/producto\/maquina-algodonera-industrial-ferias-eventos\/","url":"https:\/\/tienda.fullermachinery.com\/index.php\/producto\/maquina-algodonera-industrial-ferias-eventos\/","name":"M\u00e1quina Algodonera Industrial Sencilla | Ideal para Ferias y Eventos - Fuller Machinery","isPartOf":{"@id":"https:\/\/tienda.fullermachinery.com\/#website"},"primaryImageOfPage":{"@id":"https:\/\/tienda.fullermachinery.com\/index.php\/producto\/maquina-algodonera-industrial-ferias-eventos\/#primaryimage"},"image":{"@id":"https:\/\/tienda.fullermachinery.com\/index.php\/producto\/maquina-algodonera-industrial-ferias-eventos\/#primaryimage"},"thumbnailUrl":"https:\/\/tienda.fullermachinery.com\/wp-content\/uploads\/2023\/10\/algodonera-4.png","datePublished":"2023-10-21T07:48:40+00:00","dateModified":"2025-07-09T21:15:46+00:00","description":"M\u00e1quina para algod\u00f3n de az\u00facar. Perfecta para ferias, eventos, cines y parques. F\u00e1cil de usar, rentable y llamativa para todo tipo de p\u00fablico.","breadcrumb":{"@id":"https:\/\/tienda.fullermachinery.com\/index.php\/producto\/maquina-algodonera-industrial-ferias-eventos\/#breadcrumb"},"inLanguage":"es","potentialAction":[{"@type":"ReadAction","target":["https:\/\/tienda.fullermachinery.com\/index.php\/producto\/maquina-algodonera-industrial-ferias-eventos\/"]}]},{"@type":"ImageObject","inLanguage":"es","@id":"https:\/\/tienda.fullermachinery.com\/index.php\/producto\/maquina-algodonera-industrial-ferias-eventos\/#primaryimage","url":"https:\/\/tienda.fullermachinery.com\/wp-content\/uploads\/2023\/10\/algodonera-4.png","contentUrl":"https:\/\/tienda.fullermachinery.com\/wp-content\/uploads\/2023\/10\/algodonera-4.png","width":2000,"height":2000,"caption":"Algodonera comercial para preparar algod\u00f3n de az\u00facar"},{"@type":"BreadcrumbList","@id":"https:\/\/tienda.fullermachinery.com\/index.php\/producto\/maquina-algodonera-industrial-ferias-eventos\/#breadcrumb","itemListElement":[{"@type":"ListItem","position":1,"name":"Portada","item":"https:\/\/tienda.fullermachinery.com\/"},{"@type":"ListItem","position":2,"name":"Productos","item":"https:\/\/tienda.fullermachinery.com\/index.php\/shop\/"},{"@type":"ListItem","position":3,"name":"M\u00e1quina Algodonera Industrial Sencilla | Ideal para Ferias y Eventos"}]},{"@type":"WebSite","@id":"https:\/\/tienda.fullermachinery.com\/#website","url":"https:\/\/tienda.fullermachinery.com\/","name":"Fuller Machinery","description":"Importaci\u00f3n y comercializaci\u00f3n de m\u00e1quinas industriales para el sector de alimentos","publisher":{"@id":"https:\/\/tienda.fullermachinery.com\/#organization"},"potentialAction":[{"@type":"SearchAction","target":{"@type":"EntryPoint","urlTemplate":"https:\/\/tienda.fullermachinery.com\/?s={search_term_string}"},"query-input":{"@type":"PropertyValueSpecification","valueRequired":true,"valueName":"search_term_string"}}],"inLanguage":"es"},{"@type":"Organization","@id":"https:\/\/tienda.fullermachinery.com\/#organization","name":"Fuller Machinery","url":"https:\/\/tienda.fullermachinery.com\/","logo":{"@type":"ImageObject","inLanguage":"es","@id":"https:\/\/tienda.fullermachinery.com\/#\/schema\/logo\/image\/","url":"https:\/\/tienda.fullermachinery.com\/wp-content\/uploads\/2023\/08\/logo-fuller-transparente.png","contentUrl":"https:\/\/tienda.fullermachinery.com\/wp-content\/uploads\/2023\/08\/logo-fuller-transparente.png","width":2208,"height":644,"caption":"Fuller Machinery"},"image":{"@id":"https:\/\/tienda.fullermachinery.com\/#\/schema\/logo\/image\/"}}]}},"jetpack_sharing_enabled":true,"_links":{"self":[{"href":"https:\/\/tienda.fullermachinery.com\/index.php\/wp-json\/wp\/v2\/product\/15867","targetHints":{"allow":["GET"]}}],"collection":[{"href":"https:\/\/tienda.fullermachinery.com\/index.php\/wp-json\/wp\/v2\/product"}],"about":[{"href":"https:\/\/tienda.fullermachinery.com\/index.php\/wp-json\/wp\/v2\/types\/product"}],"replies":[{"embeddable":true,"href":"https:\/\/tienda.fullermachinery.com\/index.php\/wp-json\/wp\/v2\/comments?post=15867"}],"version-history":[{"count":9,"href":"https:\/\/tienda.fullermachinery.com\/index.php\/wp-json\/wp\/v2\/product\/15867\/revisions"}],"predecessor-version":[{"id":18501,"href":"https:\/\/tienda.fullermachinery.com\/index.php\/wp-json\/wp\/v2\/product\/15867\/revisions\/18501"}],"wp:featuredmedia":[{"embeddable":true,"href":"https:\/\/tienda.fullermachinery.com\/index.php\/wp-json\/wp\/v2\/media\/15868"}],"wp:attachment":[{"href":"https:\/\/tienda.fullermachinery.com\/index.php\/wp-json\/wp\/v2\/media?parent=15867"}],"wp:term":[{"taxonomy":"product_brand","embeddable":true,"href":"https:\/\/tienda.fullermachinery.com\/index.php\/wp-json\/wp\/v2\/product_brand?post=15867"},{"taxonomy":"product_cat","embeddable":true,"href":"https:\/\/tienda.fullermachinery.com\/index.php\/wp-json\/wp\/v2\/product_cat?post=15867"},{"taxonomy":"product_tag","embeddable":true,"href":"https:\/\/tienda.fullermachinery.com\/index.php\/wp-json\/wp\/v2\/product_tag?post=15867"}],"curies":[{"name":"wp","href":"https:\/\/api.w.org\/{rel}","templated":true}]}}