{"id":15789,"date":"2023-10-12T01:17:31","date_gmt":"2023-10-12T06:17:31","guid":{"rendered":"https:\/\/tienda.fullermachinery.com\/?post_type=product&#038;p=15789"},"modified":"2025-07-10T10:29:05","modified_gmt":"2025-07-10T15:29:05","slug":"fabricadora-de-hielo-en-cubo-90kg","status":"publish","type":"product","link":"https:\/\/tienda.fullermachinery.com\/index.php\/producto\/fabricadora-de-hielo-en-cubo-90kg\/","title":{"rendered":"Fabricadora de Hielo en Cubo 90kg"},"content":{"rendered":"","protected":false},"excerpt":{"rendered":"<p>Capacidad fabricaci\u00f3n de hielo: 90 kgs\/24h<\/p>\n<p>Capacidad de almacenamiento: 25 kgs.<\/p>\n<p>Refrigerante: R22\/R1 34a<\/p>\n<p>Bajo consumo de energ\u00eda, duradera y respetuosa con el medio ambiente. Ideal para uso en bares, restaurantes, hoteles, catering, etc. F\u00e1cil de limpiar | Incluye accesorios.<\/p>\n<p>Temperatura de ambiente 10 \u00b0C m\u00ednimo 40 \u00b0C m\u00e1ximo Temperatura del agua. 5 \u00b0C m\u00ednimo 40 \u00b0C m\u00e1ximo Presi\u00f3n del agua 1 bar (0,1 mpa) 8 bar (0,5 mpa)<\/p>\n","protected":false},"featured_media":15790,"comment_status":"open","ping_status":"closed","template":"","meta":[],"product_brand":[],"product_cat":[197],"product_tag":[207,206,208],"class_list":{"0":"post-15789","1":"product","2":"type-product","3":"status-publish","4":"has-post-thumbnail","6":"product_cat-fabricadoras-de-hielo","7":"product_tag-fabricadora-de-hielo","8":"product_tag-maquina-para-hacer-hielo","9":"product_tag-preparadora-de-hielo","11":"first","12":"instock","13":"featured","14":"shipping-taxable","15":"purchasable","16":"product-type-simple"},"yoast_head":"<!-- This site is optimized with the Yoast SEO plugin v27.4 - https:\/\/yoast.com\/product\/yoast-seo-wordpress\/ -->\n<title>Fabricadora de Hielo en Cubo 90kg - Fuller Machinery<\/title>\n<meta name=\"robots\" content=\"index, follow, max-snippet:-1, max-image-preview:large, max-video-preview:-1\" \/>\n<link rel=\"canonical\" href=\"https:\/\/tienda.fullermachinery.com\/index.php\/producto\/fabricadora-de-hielo-en-cubo-90kg\/\" \/>\n<meta property=\"og:locale\" content=\"es_ES\" \/>\n<meta property=\"og:type\" content=\"article\" \/>\n<meta property=\"og:title\" content=\"Fabricadora de Hielo en Cubo 90kg - Fuller Machinery\" \/>\n<meta property=\"og:description\" content=\"Capacidad fabricaci\u00f3n de hielo: 90 kgs\/24h  Capacidad de almacenamiento: 25 kgs.  Refrigerante: R22\/R1 34a  Bajo consumo de energ\u00eda, duradera y respetuosa con el medio ambiente. Ideal para uso en bares, restaurantes, hoteles, catering, etc. F\u00e1cil de limpiar | Incluye accesorios.  Temperatura de ambiente 10 \u00b0C m\u00ednimo 40 \u00b0C m\u00e1ximo Temperatura del agua. 5 \u00b0C m\u00ednimo 40 \u00b0C m\u00e1ximo Presi\u00f3n del agua 1 bar (0,1 mpa) 8 bar (0,5 mpa)\" \/>\n<meta property=\"og:url\" content=\"https:\/\/tienda.fullermachinery.com\/index.php\/producto\/fabricadora-de-hielo-en-cubo-90kg\/\" \/>\n<meta property=\"og:site_name\" content=\"Fuller Machinery\" \/>\n<meta property=\"article:modified_time\" content=\"2025-07-10T15:29:05+00:00\" \/>\n<meta property=\"og:image\" content=\"https:\/\/tienda.fullermachinery.com\/wp-content\/uploads\/2023\/10\/79-800x800.png\" \/>\n\t<meta property=\"og:image:width\" content=\"800\" \/>\n\t<meta property=\"og:image:height\" content=\"800\" \/>\n\t<meta property=\"og:image:type\" content=\"image\/png\" \/>\n<meta name=\"twitter:card\" content=\"summary_large_image\" \/>\n<meta name=\"twitter:label1\" content=\"Tiempo de lectura\" \/>\n\t<meta name=\"twitter:data1\" content=\"1 minuto\" \/>\n<script type=\"application\/ld+json\" class=\"yoast-schema-graph\">{\"@context\":\"https:\\\/\\\/schema.org\",\"@graph\":[{\"@type\":\"WebPage\",\"@id\":\"https:\\\/\\\/tienda.fullermachinery.com\\\/index.php\\\/producto\\\/fabricadora-de-hielo-en-cubo-90kg\\\/\",\"url\":\"https:\\\/\\\/tienda.fullermachinery.com\\\/index.php\\\/producto\\\/fabricadora-de-hielo-en-cubo-90kg\\\/\",\"name\":\"Fabricadora de Hielo en Cubo 90kg - Fuller Machinery\",\"isPartOf\":{\"@id\":\"https:\\\/\\\/tienda.fullermachinery.com\\\/#website\"},\"primaryImageOfPage\":{\"@id\":\"https:\\\/\\\/tienda.fullermachinery.com\\\/index.php\\\/producto\\\/fabricadora-de-hielo-en-cubo-90kg\\\/#primaryimage\"},\"image\":{\"@id\":\"https:\\\/\\\/tienda.fullermachinery.com\\\/index.php\\\/producto\\\/fabricadora-de-hielo-en-cubo-90kg\\\/#primaryimage\"},\"thumbnailUrl\":\"https:\\\/\\\/tienda.fullermachinery.com\\\/wp-content\\\/uploads\\\/2023\\\/10\\\/79.png\",\"datePublished\":\"2023-10-12T06:17:31+00:00\",\"dateModified\":\"2025-07-10T15:29:05+00:00\",\"breadcrumb\":{\"@id\":\"https:\\\/\\\/tienda.fullermachinery.com\\\/index.php\\\/producto\\\/fabricadora-de-hielo-en-cubo-90kg\\\/#breadcrumb\"},\"inLanguage\":\"es\",\"potentialAction\":[{\"@type\":\"ReadAction\",\"target\":[\"https:\\\/\\\/tienda.fullermachinery.com\\\/index.php\\\/producto\\\/fabricadora-de-hielo-en-cubo-90kg\\\/\"]}]},{\"@type\":\"ImageObject\",\"inLanguage\":\"es\",\"@id\":\"https:\\\/\\\/tienda.fullermachinery.com\\\/index.php\\\/producto\\\/fabricadora-de-hielo-en-cubo-90kg\\\/#primaryimage\",\"url\":\"https:\\\/\\\/tienda.fullermachinery.com\\\/wp-content\\\/uploads\\\/2023\\\/10\\\/79.png\",\"contentUrl\":\"https:\\\/\\\/tienda.fullermachinery.com\\\/wp-content\\\/uploads\\\/2023\\\/10\\\/79.png\",\"width\":2000,\"height\":2000,\"caption\":\"Fabricadora De Hielo 90Kg Industrial\"},{\"@type\":\"BreadcrumbList\",\"@id\":\"https:\\\/\\\/tienda.fullermachinery.com\\\/index.php\\\/producto\\\/fabricadora-de-hielo-en-cubo-90kg\\\/#breadcrumb\",\"itemListElement\":[{\"@type\":\"ListItem\",\"position\":1,\"name\":\"Portada\",\"item\":\"https:\\\/\\\/tienda.fullermachinery.com\\\/\"},{\"@type\":\"ListItem\",\"position\":2,\"name\":\"Productos\",\"item\":\"https:\\\/\\\/tienda.fullermachinery.com\\\/index.php\\\/shop\\\/\"},{\"@type\":\"ListItem\",\"position\":3,\"name\":\"Fabricadora de Hielo en Cubo 90kg\"}]},{\"@type\":\"WebSite\",\"@id\":\"https:\\\/\\\/tienda.fullermachinery.com\\\/#website\",\"url\":\"https:\\\/\\\/tienda.fullermachinery.com\\\/\",\"name\":\"Fuller Machinery\",\"description\":\"Importaci\u00f3n y comercializaci\u00f3n de m\u00e1quinas industriales para el sector de alimentos\",\"publisher\":{\"@id\":\"https:\\\/\\\/tienda.fullermachinery.com\\\/#organization\"},\"potentialAction\":[{\"@type\":\"SearchAction\",\"target\":{\"@type\":\"EntryPoint\",\"urlTemplate\":\"https:\\\/\\\/tienda.fullermachinery.com\\\/?s={search_term_string}\"},\"query-input\":{\"@type\":\"PropertyValueSpecification\",\"valueRequired\":true,\"valueName\":\"search_term_string\"}}],\"inLanguage\":\"es\"},{\"@type\":\"Organization\",\"@id\":\"https:\\\/\\\/tienda.fullermachinery.com\\\/#organization\",\"name\":\"Fuller Machinery\",\"url\":\"https:\\\/\\\/tienda.fullermachinery.com\\\/\",\"logo\":{\"@type\":\"ImageObject\",\"inLanguage\":\"es\",\"@id\":\"https:\\\/\\\/tienda.fullermachinery.com\\\/#\\\/schema\\\/logo\\\/image\\\/\",\"url\":\"https:\\\/\\\/tienda.fullermachinery.com\\\/wp-content\\\/uploads\\\/2023\\\/08\\\/logo-fuller-transparente.png\",\"contentUrl\":\"https:\\\/\\\/tienda.fullermachinery.com\\\/wp-content\\\/uploads\\\/2023\\\/08\\\/logo-fuller-transparente.png\",\"width\":2208,\"height\":644,\"caption\":\"Fuller Machinery\"},\"image\":{\"@id\":\"https:\\\/\\\/tienda.fullermachinery.com\\\/#\\\/schema\\\/logo\\\/image\\\/\"}}]}<\/script>\n<!-- \/ Yoast SEO plugin. -->","yoast_head_json":{"title":"Fabricadora de Hielo en Cubo 90kg - Fuller Machinery","robots":{"index":"index","follow":"follow","max-snippet":"max-snippet:-1","max-image-preview":"max-image-preview:large","max-video-preview":"max-video-preview:-1"},"canonical":"https:\/\/tienda.fullermachinery.com\/index.php\/producto\/fabricadora-de-hielo-en-cubo-90kg\/","og_locale":"es_ES","og_type":"article","og_title":"Fabricadora de Hielo en Cubo 90kg - Fuller Machinery","og_description":"Capacidad fabricaci\u00f3n de hielo: 90 kgs\/24h  Capacidad de almacenamiento: 25 kgs.  Refrigerante: R22\/R1 34a  Bajo consumo de energ\u00eda, duradera y respetuosa con el medio ambiente. Ideal para uso en bares, restaurantes, hoteles, catering, etc. F\u00e1cil de limpiar | Incluye accesorios.  Temperatura de ambiente 10 \u00b0C m\u00ednimo 40 \u00b0C m\u00e1ximo Temperatura del agua. 5 \u00b0C m\u00ednimo 40 \u00b0C m\u00e1ximo Presi\u00f3n del agua 1 bar (0,1 mpa) 8 bar (0,5 mpa)","og_url":"https:\/\/tienda.fullermachinery.com\/index.php\/producto\/fabricadora-de-hielo-en-cubo-90kg\/","og_site_name":"Fuller Machinery","article_modified_time":"2025-07-10T15:29:05+00:00","og_image":[{"width":800,"height":800,"url":"https:\/\/tienda.fullermachinery.com\/wp-content\/uploads\/2023\/10\/79-800x800.png","type":"image\/png"}],"twitter_card":"summary_large_image","twitter_misc":{"Tiempo de lectura":"1 minuto"},"schema":{"@context":"https:\/\/schema.org","@graph":[{"@type":"WebPage","@id":"https:\/\/tienda.fullermachinery.com\/index.php\/producto\/fabricadora-de-hielo-en-cubo-90kg\/","url":"https:\/\/tienda.fullermachinery.com\/index.php\/producto\/fabricadora-de-hielo-en-cubo-90kg\/","name":"Fabricadora de Hielo en Cubo 90kg - Fuller Machinery","isPartOf":{"@id":"https:\/\/tienda.fullermachinery.com\/#website"},"primaryImageOfPage":{"@id":"https:\/\/tienda.fullermachinery.com\/index.php\/producto\/fabricadora-de-hielo-en-cubo-90kg\/#primaryimage"},"image":{"@id":"https:\/\/tienda.fullermachinery.com\/index.php\/producto\/fabricadora-de-hielo-en-cubo-90kg\/#primaryimage"},"thumbnailUrl":"https:\/\/tienda.fullermachinery.com\/wp-content\/uploads\/2023\/10\/79.png","datePublished":"2023-10-12T06:17:31+00:00","dateModified":"2025-07-10T15:29:05+00:00","breadcrumb":{"@id":"https:\/\/tienda.fullermachinery.com\/index.php\/producto\/fabricadora-de-hielo-en-cubo-90kg\/#breadcrumb"},"inLanguage":"es","potentialAction":[{"@type":"ReadAction","target":["https:\/\/tienda.fullermachinery.com\/index.php\/producto\/fabricadora-de-hielo-en-cubo-90kg\/"]}]},{"@type":"ImageObject","inLanguage":"es","@id":"https:\/\/tienda.fullermachinery.com\/index.php\/producto\/fabricadora-de-hielo-en-cubo-90kg\/#primaryimage","url":"https:\/\/tienda.fullermachinery.com\/wp-content\/uploads\/2023\/10\/79.png","contentUrl":"https:\/\/tienda.fullermachinery.com\/wp-content\/uploads\/2023\/10\/79.png","width":2000,"height":2000,"caption":"Fabricadora De Hielo 90Kg Industrial"},{"@type":"BreadcrumbList","@id":"https:\/\/tienda.fullermachinery.com\/index.php\/producto\/fabricadora-de-hielo-en-cubo-90kg\/#breadcrumb","itemListElement":[{"@type":"ListItem","position":1,"name":"Portada","item":"https:\/\/tienda.fullermachinery.com\/"},{"@type":"ListItem","position":2,"name":"Productos","item":"https:\/\/tienda.fullermachinery.com\/index.php\/shop\/"},{"@type":"ListItem","position":3,"name":"Fabricadora de Hielo en Cubo 90kg"}]},{"@type":"WebSite","@id":"https:\/\/tienda.fullermachinery.com\/#website","url":"https:\/\/tienda.fullermachinery.com\/","name":"Fuller Machinery","description":"Importaci\u00f3n y comercializaci\u00f3n de m\u00e1quinas industriales para el sector de alimentos","publisher":{"@id":"https:\/\/tienda.fullermachinery.com\/#organization"},"potentialAction":[{"@type":"SearchAction","target":{"@type":"EntryPoint","urlTemplate":"https:\/\/tienda.fullermachinery.com\/?s={search_term_string}"},"query-input":{"@type":"PropertyValueSpecification","valueRequired":true,"valueName":"search_term_string"}}],"inLanguage":"es"},{"@type":"Organization","@id":"https:\/\/tienda.fullermachinery.com\/#organization","name":"Fuller Machinery","url":"https:\/\/tienda.fullermachinery.com\/","logo":{"@type":"ImageObject","inLanguage":"es","@id":"https:\/\/tienda.fullermachinery.com\/#\/schema\/logo\/image\/","url":"https:\/\/tienda.fullermachinery.com\/wp-content\/uploads\/2023\/08\/logo-fuller-transparente.png","contentUrl":"https:\/\/tienda.fullermachinery.com\/wp-content\/uploads\/2023\/08\/logo-fuller-transparente.png","width":2208,"height":644,"caption":"Fuller Machinery"},"image":{"@id":"https:\/\/tienda.fullermachinery.com\/#\/schema\/logo\/image\/"}}]}},"jetpack_sharing_enabled":true,"_links":{"self":[{"href":"https:\/\/tienda.fullermachinery.com\/index.php\/wp-json\/wp\/v2\/product\/15789","targetHints":{"allow":["GET"]}}],"collection":[{"href":"https:\/\/tienda.fullermachinery.com\/index.php\/wp-json\/wp\/v2\/product"}],"about":[{"href":"https:\/\/tienda.fullermachinery.com\/index.php\/wp-json\/wp\/v2\/types\/product"}],"replies":[{"embeddable":true,"href":"https:\/\/tienda.fullermachinery.com\/index.php\/wp-json\/wp\/v2\/comments?post=15789"}],"version-history":[{"count":1,"href":"https:\/\/tienda.fullermachinery.com\/index.php\/wp-json\/wp\/v2\/product\/15789\/revisions"}],"predecessor-version":[{"id":15795,"href":"https:\/\/tienda.fullermachinery.com\/index.php\/wp-json\/wp\/v2\/product\/15789\/revisions\/15795"}],"wp:featuredmedia":[{"embeddable":true,"href":"https:\/\/tienda.fullermachinery.com\/index.php\/wp-json\/wp\/v2\/media\/15790"}],"wp:attachment":[{"href":"https:\/\/tienda.fullermachinery.com\/index.php\/wp-json\/wp\/v2\/media?parent=15789"}],"wp:term":[{"taxonomy":"product_brand","embeddable":true,"href":"https:\/\/tienda.fullermachinery.com\/index.php\/wp-json\/wp\/v2\/product_brand?post=15789"},{"taxonomy":"product_cat","embeddable":true,"href":"https:\/\/tienda.fullermachinery.com\/index.php\/wp-json\/wp\/v2\/product_cat?post=15789"},{"taxonomy":"product_tag","embeddable":true,"href":"https:\/\/tienda.fullermachinery.com\/index.php\/wp-json\/wp\/v2\/product_tag?post=15789"}],"curies":[{"name":"wp","href":"https:\/\/api.w.org\/{rel}","templated":true}]}}