{"id":15760,"date":"2023-10-11T04:37:15","date_gmt":"2023-10-11T09:37:15","guid":{"rendered":"https:\/\/tienda.fullermachinery.com\/?post_type=product&#038;p=15760"},"modified":"2024-10-24T09:59:17","modified_gmt":"2024-10-24T14:59:17","slug":"maquina-de-cafe-primax-12-bebidas","status":"publish","type":"product","link":"https:\/\/tienda.fullermachinery.com\/index.php\/producto\/maquina-de-cafe-primax-12-bebidas\/","title":{"rendered":"M\u00e1quina de Caf\u00e9 Primax 12 bebidas"},"content":{"rendered":"","protected":false},"excerpt":{"rendered":"<p>Contenedores: cada uno de 1.2kg para caf\u00e9 de grano o caf\u00e9 en polvo instant\u00e1neo soluble | Capacidad de cafetera de 10-16g Cubo de residuos 3 L<\/p>\n<p>Bandeja de goteo: 2.5L | Limpieza autom\u00e1tica Capacidad diaria recomendada de tazas:500 tazas<\/p>\n<p>Sistema inteligente de dispensaci\u00f3n de bebidas donde se puede identificar tazas grandes o peque\u00f1as autom\u00e1ticamente 12 bebidas de selecci\u00f3n (Americano, expreso, mocaccino, cappuccino, latte, leche, chocolate caliente, flat, Tea en leche, tea en chocolate, t\u00e9 con caf\u00e9 y leche). | Molino incorporado. M\u00e1quina de caf\u00e9 inteligente completamente autom\u00e1tica del grano a la taza, un nuevo nivel en m\u00e1quinas de caf\u00e9. Dise\u00f1o elegante e impresionante en el exterior. Pantalla t\u00e1ctil para una programable y f\u00e1cil de operar La interfaz multimedia ofrece posibilidad es ilimitada, incluidos videos de alta calidad con excelente sonido. Molienda Autom\u00e1tica de granos, ha pedido, unidad de preparaci\u00f3n inteligente, sistema de calefacci\u00f3n de primer nivel. Sistema autom\u00e1tico de alarma y de funci\u00f3n de limpieza. Larga vida \u00fatil. M\u00e1quina ideal para uso comercial. |Bajo ruido de trabajo. Dise\u00f1o elegante y sencillo, adecuado para todo tipo de lugares. Sistema de agitaci\u00f3n hace que la espumas sea m\u00e1s abundante.<\/p>\n<p>&nbsp;<\/p>\n","protected":false},"featured_media":15761,"comment_status":"open","ping_status":"closed","template":"","meta":[],"product_brand":[],"product_cat":[245,192],"product_tag":[205,203,204],"class_list":{"0":"post-15760","1":"product","2":"type-product","3":"status-publish","4":"has-post-thumbnail","6":"product_cat-vending","7":"product_cat-maquinas-de-cafe","8":"product_tag-maquina-de-cafe","9":"product_tag-maquina-dispensadora","10":"product_tag-vending","12":"first","13":"instock","14":"featured","15":"shipping-taxable","16":"purchasable","17":"product-type-simple"},"yoast_head":"<!-- This site is optimized with the Yoast SEO plugin v27.5 - https:\/\/yoast.com\/product\/yoast-seo-wordpress\/ -->\n<title>M\u00e1quina de Caf\u00e9 Primax 12 bebidas - Fuller Machinery<\/title>\n<meta name=\"robots\" content=\"index, follow, max-snippet:-1, max-image-preview:large, max-video-preview:-1\" \/>\n<link rel=\"canonical\" href=\"https:\/\/tienda.fullermachinery.com\/index.php\/producto\/maquina-de-cafe-primax-12-bebidas\/\" \/>\n<meta property=\"og:locale\" content=\"es_ES\" \/>\n<meta property=\"og:type\" content=\"article\" \/>\n<meta property=\"og:title\" content=\"M\u00e1quina de Caf\u00e9 Primax 12 bebidas - Fuller Machinery\" \/>\n<meta property=\"og:description\" content=\"Contenedores: cada uno de 1.2kg para caf\u00e9 de grano o caf\u00e9 en polvo instant\u00e1neo soluble | Capacidad de cafetera de 10-16g Cubo de residuos 3 L  Bandeja de goteo: 2.5L | Limpieza autom\u00e1tica Capacidad diaria recomendada de tazas:500 tazas  Sistema inteligente de dispensaci\u00f3n de bebidas donde se puede identificar tazas grandes o peque\u00f1as autom\u00e1ticamente 12 bebidas de selecci\u00f3n (Americano, expreso, mocaccino, cappuccino, latte, leche, chocolate caliente, flat, Tea en leche, tea en chocolate, t\u00e9 con caf\u00e9 y leche). | Molino incorporado. M\u00e1quina de caf\u00e9 inteligente completamente autom\u00e1tica del grano a la taza, un nuevo nivel en m\u00e1quinas de caf\u00e9. Dise\u00f1o elegante e impresionante en el exterior. Pantalla t\u00e1ctil para una programable y f\u00e1cil de operar La interfaz multimedia ofrece posibilidad es ilimitada, incluidos videos de alta calidad con excelente sonido. Molienda Autom\u00e1tica de granos, ha pedido, unidad de preparaci\u00f3n inteligente, sistema de calefacci\u00f3n de primer nivel. Sistema autom\u00e1tico de alarma y de funci\u00f3n de limpieza. Larga vida \u00fatil. M\u00e1quina ideal para uso comercial. |Bajo ruido de trabajo. Dise\u00f1o elegante y sencillo, adecuado para todo tipo de lugares. Sistema de agitaci\u00f3n hace que la espumas sea m\u00e1s abundante.  &nbsp;\" \/>\n<meta property=\"og:url\" content=\"https:\/\/tienda.fullermachinery.com\/index.php\/producto\/maquina-de-cafe-primax-12-bebidas\/\" \/>\n<meta property=\"og:site_name\" content=\"Fuller Machinery\" \/>\n<meta property=\"article:modified_time\" content=\"2024-10-24T14:59:17+00:00\" \/>\n<meta property=\"og:image\" content=\"https:\/\/tienda.fullermachinery.com\/wp-content\/uploads\/2023\/10\/59-800x800.png\" \/>\n\t<meta property=\"og:image:width\" content=\"800\" \/>\n\t<meta property=\"og:image:height\" content=\"800\" \/>\n\t<meta property=\"og:image:type\" content=\"image\/png\" \/>\n<meta name=\"twitter:card\" content=\"summary_large_image\" \/>\n<script type=\"application\/ld+json\" class=\"yoast-schema-graph\">{\"@context\":\"https:\\\/\\\/schema.org\",\"@graph\":[{\"@type\":\"WebPage\",\"@id\":\"https:\\\/\\\/tienda.fullermachinery.com\\\/index.php\\\/producto\\\/maquina-de-cafe-primax-12-bebidas\\\/\",\"url\":\"https:\\\/\\\/tienda.fullermachinery.com\\\/index.php\\\/producto\\\/maquina-de-cafe-primax-12-bebidas\\\/\",\"name\":\"M\u00e1quina de Caf\u00e9 Primax 12 bebidas - Fuller Machinery\",\"isPartOf\":{\"@id\":\"https:\\\/\\\/tienda.fullermachinery.com\\\/#website\"},\"primaryImageOfPage\":{\"@id\":\"https:\\\/\\\/tienda.fullermachinery.com\\\/index.php\\\/producto\\\/maquina-de-cafe-primax-12-bebidas\\\/#primaryimage\"},\"image\":{\"@id\":\"https:\\\/\\\/tienda.fullermachinery.com\\\/index.php\\\/producto\\\/maquina-de-cafe-primax-12-bebidas\\\/#primaryimage\"},\"thumbnailUrl\":\"https:\\\/\\\/tienda.fullermachinery.com\\\/wp-content\\\/uploads\\\/2023\\\/10\\\/59.png\",\"datePublished\":\"2023-10-11T09:37:15+00:00\",\"dateModified\":\"2024-10-24T14:59:17+00:00\",\"breadcrumb\":{\"@id\":\"https:\\\/\\\/tienda.fullermachinery.com\\\/index.php\\\/producto\\\/maquina-de-cafe-primax-12-bebidas\\\/#breadcrumb\"},\"inLanguage\":\"es\",\"potentialAction\":[{\"@type\":\"ReadAction\",\"target\":[\"https:\\\/\\\/tienda.fullermachinery.com\\\/index.php\\\/producto\\\/maquina-de-cafe-primax-12-bebidas\\\/\"]}]},{\"@type\":\"ImageObject\",\"inLanguage\":\"es\",\"@id\":\"https:\\\/\\\/tienda.fullermachinery.com\\\/index.php\\\/producto\\\/maquina-de-cafe-primax-12-bebidas\\\/#primaryimage\",\"url\":\"https:\\\/\\\/tienda.fullermachinery.com\\\/wp-content\\\/uploads\\\/2023\\\/10\\\/59.png\",\"contentUrl\":\"https:\\\/\\\/tienda.fullermachinery.com\\\/wp-content\\\/uploads\\\/2023\\\/10\\\/59.png\",\"width\":2000,\"height\":2000,\"caption\":\"M\u00e1quina dispensadora de caf\u00e9 Primax 12 bebidas\"},{\"@type\":\"BreadcrumbList\",\"@id\":\"https:\\\/\\\/tienda.fullermachinery.com\\\/index.php\\\/producto\\\/maquina-de-cafe-primax-12-bebidas\\\/#breadcrumb\",\"itemListElement\":[{\"@type\":\"ListItem\",\"position\":1,\"name\":\"Portada\",\"item\":\"https:\\\/\\\/tienda.fullermachinery.com\\\/\"},{\"@type\":\"ListItem\",\"position\":2,\"name\":\"Productos\",\"item\":\"https:\\\/\\\/tienda.fullermachinery.com\\\/index.php\\\/shop\\\/\"},{\"@type\":\"ListItem\",\"position\":3,\"name\":\"M\u00e1quina de Caf\u00e9 Primax 12 bebidas\"}]},{\"@type\":\"WebSite\",\"@id\":\"https:\\\/\\\/tienda.fullermachinery.com\\\/#website\",\"url\":\"https:\\\/\\\/tienda.fullermachinery.com\\\/\",\"name\":\"Fuller Machinery\",\"description\":\"Importaci\u00f3n y comercializaci\u00f3n de m\u00e1quinas industriales para el sector de alimentos\",\"publisher\":{\"@id\":\"https:\\\/\\\/tienda.fullermachinery.com\\\/#organization\"},\"potentialAction\":[{\"@type\":\"SearchAction\",\"target\":{\"@type\":\"EntryPoint\",\"urlTemplate\":\"https:\\\/\\\/tienda.fullermachinery.com\\\/?s={search_term_string}\"},\"query-input\":{\"@type\":\"PropertyValueSpecification\",\"valueRequired\":true,\"valueName\":\"search_term_string\"}}],\"inLanguage\":\"es\"},{\"@type\":\"Organization\",\"@id\":\"https:\\\/\\\/tienda.fullermachinery.com\\\/#organization\",\"name\":\"Fuller Machinery\",\"url\":\"https:\\\/\\\/tienda.fullermachinery.com\\\/\",\"logo\":{\"@type\":\"ImageObject\",\"inLanguage\":\"es\",\"@id\":\"https:\\\/\\\/tienda.fullermachinery.com\\\/#\\\/schema\\\/logo\\\/image\\\/\",\"url\":\"https:\\\/\\\/tienda.fullermachinery.com\\\/wp-content\\\/uploads\\\/2023\\\/08\\\/logo-fuller-transparente.png\",\"contentUrl\":\"https:\\\/\\\/tienda.fullermachinery.com\\\/wp-content\\\/uploads\\\/2023\\\/08\\\/logo-fuller-transparente.png\",\"width\":2208,\"height\":644,\"caption\":\"Fuller Machinery\"},\"image\":{\"@id\":\"https:\\\/\\\/tienda.fullermachinery.com\\\/#\\\/schema\\\/logo\\\/image\\\/\"}}]}<\/script>\n<!-- \/ Yoast SEO plugin. -->","yoast_head_json":{"title":"M\u00e1quina de Caf\u00e9 Primax 12 bebidas - Fuller Machinery","robots":{"index":"index","follow":"follow","max-snippet":"max-snippet:-1","max-image-preview":"max-image-preview:large","max-video-preview":"max-video-preview:-1"},"canonical":"https:\/\/tienda.fullermachinery.com\/index.php\/producto\/maquina-de-cafe-primax-12-bebidas\/","og_locale":"es_ES","og_type":"article","og_title":"M\u00e1quina de Caf\u00e9 Primax 12 bebidas - Fuller Machinery","og_description":"Contenedores: cada uno de 1.2kg para caf\u00e9 de grano o caf\u00e9 en polvo instant\u00e1neo soluble | Capacidad de cafetera de 10-16g Cubo de residuos 3 L  Bandeja de goteo: 2.5L | Limpieza autom\u00e1tica Capacidad diaria recomendada de tazas:500 tazas  Sistema inteligente de dispensaci\u00f3n de bebidas donde se puede identificar tazas grandes o peque\u00f1as autom\u00e1ticamente 12 bebidas de selecci\u00f3n (Americano, expreso, mocaccino, cappuccino, latte, leche, chocolate caliente, flat, Tea en leche, tea en chocolate, t\u00e9 con caf\u00e9 y leche). | Molino incorporado. M\u00e1quina de caf\u00e9 inteligente completamente autom\u00e1tica del grano a la taza, un nuevo nivel en m\u00e1quinas de caf\u00e9. Dise\u00f1o elegante e impresionante en el exterior. Pantalla t\u00e1ctil para una programable y f\u00e1cil de operar La interfaz multimedia ofrece posibilidad es ilimitada, incluidos videos de alta calidad con excelente sonido. Molienda Autom\u00e1tica de granos, ha pedido, unidad de preparaci\u00f3n inteligente, sistema de calefacci\u00f3n de primer nivel. Sistema autom\u00e1tico de alarma y de funci\u00f3n de limpieza. Larga vida \u00fatil. M\u00e1quina ideal para uso comercial. |Bajo ruido de trabajo. Dise\u00f1o elegante y sencillo, adecuado para todo tipo de lugares. Sistema de agitaci\u00f3n hace que la espumas sea m\u00e1s abundante.  &nbsp;","og_url":"https:\/\/tienda.fullermachinery.com\/index.php\/producto\/maquina-de-cafe-primax-12-bebidas\/","og_site_name":"Fuller Machinery","article_modified_time":"2024-10-24T14:59:17+00:00","og_image":[{"width":800,"height":800,"url":"https:\/\/tienda.fullermachinery.com\/wp-content\/uploads\/2023\/10\/59-800x800.png","type":"image\/png"}],"twitter_card":"summary_large_image","schema":{"@context":"https:\/\/schema.org","@graph":[{"@type":"WebPage","@id":"https:\/\/tienda.fullermachinery.com\/index.php\/producto\/maquina-de-cafe-primax-12-bebidas\/","url":"https:\/\/tienda.fullermachinery.com\/index.php\/producto\/maquina-de-cafe-primax-12-bebidas\/","name":"M\u00e1quina de Caf\u00e9 Primax 12 bebidas - Fuller Machinery","isPartOf":{"@id":"https:\/\/tienda.fullermachinery.com\/#website"},"primaryImageOfPage":{"@id":"https:\/\/tienda.fullermachinery.com\/index.php\/producto\/maquina-de-cafe-primax-12-bebidas\/#primaryimage"},"image":{"@id":"https:\/\/tienda.fullermachinery.com\/index.php\/producto\/maquina-de-cafe-primax-12-bebidas\/#primaryimage"},"thumbnailUrl":"https:\/\/tienda.fullermachinery.com\/wp-content\/uploads\/2023\/10\/59.png","datePublished":"2023-10-11T09:37:15+00:00","dateModified":"2024-10-24T14:59:17+00:00","breadcrumb":{"@id":"https:\/\/tienda.fullermachinery.com\/index.php\/producto\/maquina-de-cafe-primax-12-bebidas\/#breadcrumb"},"inLanguage":"es","potentialAction":[{"@type":"ReadAction","target":["https:\/\/tienda.fullermachinery.com\/index.php\/producto\/maquina-de-cafe-primax-12-bebidas\/"]}]},{"@type":"ImageObject","inLanguage":"es","@id":"https:\/\/tienda.fullermachinery.com\/index.php\/producto\/maquina-de-cafe-primax-12-bebidas\/#primaryimage","url":"https:\/\/tienda.fullermachinery.com\/wp-content\/uploads\/2023\/10\/59.png","contentUrl":"https:\/\/tienda.fullermachinery.com\/wp-content\/uploads\/2023\/10\/59.png","width":2000,"height":2000,"caption":"M\u00e1quina dispensadora de caf\u00e9 Primax 12 bebidas"},{"@type":"BreadcrumbList","@id":"https:\/\/tienda.fullermachinery.com\/index.php\/producto\/maquina-de-cafe-primax-12-bebidas\/#breadcrumb","itemListElement":[{"@type":"ListItem","position":1,"name":"Portada","item":"https:\/\/tienda.fullermachinery.com\/"},{"@type":"ListItem","position":2,"name":"Productos","item":"https:\/\/tienda.fullermachinery.com\/index.php\/shop\/"},{"@type":"ListItem","position":3,"name":"M\u00e1quina de Caf\u00e9 Primax 12 bebidas"}]},{"@type":"WebSite","@id":"https:\/\/tienda.fullermachinery.com\/#website","url":"https:\/\/tienda.fullermachinery.com\/","name":"Fuller Machinery","description":"Importaci\u00f3n y comercializaci\u00f3n de m\u00e1quinas industriales para el sector de alimentos","publisher":{"@id":"https:\/\/tienda.fullermachinery.com\/#organization"},"potentialAction":[{"@type":"SearchAction","target":{"@type":"EntryPoint","urlTemplate":"https:\/\/tienda.fullermachinery.com\/?s={search_term_string}"},"query-input":{"@type":"PropertyValueSpecification","valueRequired":true,"valueName":"search_term_string"}}],"inLanguage":"es"},{"@type":"Organization","@id":"https:\/\/tienda.fullermachinery.com\/#organization","name":"Fuller Machinery","url":"https:\/\/tienda.fullermachinery.com\/","logo":{"@type":"ImageObject","inLanguage":"es","@id":"https:\/\/tienda.fullermachinery.com\/#\/schema\/logo\/image\/","url":"https:\/\/tienda.fullermachinery.com\/wp-content\/uploads\/2023\/08\/logo-fuller-transparente.png","contentUrl":"https:\/\/tienda.fullermachinery.com\/wp-content\/uploads\/2023\/08\/logo-fuller-transparente.png","width":2208,"height":644,"caption":"Fuller Machinery"},"image":{"@id":"https:\/\/tienda.fullermachinery.com\/#\/schema\/logo\/image\/"}}]}},"jetpack_sharing_enabled":true,"_links":{"self":[{"href":"https:\/\/tienda.fullermachinery.com\/index.php\/wp-json\/wp\/v2\/product\/15760","targetHints":{"allow":["GET"]}}],"collection":[{"href":"https:\/\/tienda.fullermachinery.com\/index.php\/wp-json\/wp\/v2\/product"}],"about":[{"href":"https:\/\/tienda.fullermachinery.com\/index.php\/wp-json\/wp\/v2\/types\/product"}],"replies":[{"embeddable":true,"href":"https:\/\/tienda.fullermachinery.com\/index.php\/wp-json\/wp\/v2\/comments?post=15760"}],"version-history":[{"count":2,"href":"https:\/\/tienda.fullermachinery.com\/index.php\/wp-json\/wp\/v2\/product\/15760\/revisions"}],"predecessor-version":[{"id":15768,"href":"https:\/\/tienda.fullermachinery.com\/index.php\/wp-json\/wp\/v2\/product\/15760\/revisions\/15768"}],"wp:featuredmedia":[{"embeddable":true,"href":"https:\/\/tienda.fullermachinery.com\/index.php\/wp-json\/wp\/v2\/media\/15761"}],"wp:attachment":[{"href":"https:\/\/tienda.fullermachinery.com\/index.php\/wp-json\/wp\/v2\/media?parent=15760"}],"wp:term":[{"taxonomy":"product_brand","embeddable":true,"href":"https:\/\/tienda.fullermachinery.com\/index.php\/wp-json\/wp\/v2\/product_brand?post=15760"},{"taxonomy":"product_cat","embeddable":true,"href":"https:\/\/tienda.fullermachinery.com\/index.php\/wp-json\/wp\/v2\/product_cat?post=15760"},{"taxonomy":"product_tag","embeddable":true,"href":"https:\/\/tienda.fullermachinery.com\/index.php\/wp-json\/wp\/v2\/product_tag?post=15760"}],"curies":[{"name":"wp","href":"https:\/\/api.w.org\/{rel}","templated":true}]}}