{"id":51,"date":"2021-08-26T12:22:55","date_gmt":"2021-08-26T12:22:55","guid":{"rendered":"http:\/\/dummy.xtemos.com\/woodmart2\/elementor\/?page_id=51"},"modified":"2024-07-16T02:54:31","modified_gmt":"2024-07-16T02:54:31","slug":"servicios","status":"publish","type":"page","link":"https:\/\/tienda.fullermachinery.com\/index.php\/servicios\/","title":{"rendered":"Servicios"},"content":{"rendered":"\t\t<div data-elementor-type=\"wp-page\" data-elementor-id=\"51\" class=\"elementor elementor-51\">\n\t\t\t\t\t\t<section class=\"elementor-section elementor-top-section elementor-element elementor-element-a9c3c5b elementor-section-boxed elementor-section-height-default elementor-section-height-default wd-section-disabled\" data-id=\"a9c3c5b\" data-element_type=\"section\" data-e-type=\"section\">\n\t\t\t\t\t\t<div class=\"elementor-container elementor-column-gap-default\">\n\t\t\t\t\t<div class=\"elementor-column elementor-col-50 elementor-top-column elementor-element elementor-element-1cc30d3\" data-id=\"1cc30d3\" data-element_type=\"column\" data-e-type=\"column\">\n\t\t\t<div class=\"elementor-widget-wrap elementor-element-populated\">\n\t\t\t\t\t\t<div class=\"elementor-element elementor-element-2972373 elementor-widget elementor-widget-wd_image_or_svg\" data-id=\"2972373\" data-element_type=\"widget\" data-e-type=\"widget\" data-widget_type=\"wd_image_or_svg.default\">\n\t\t\t\t<div class=\"elementor-widget-container\">\n\t\t\t\t\t\n\t\t<div class=\"wd-image text-left\">\n\t\t\t\t\t\t\t\t<img fetchpriority=\"high\" decoding=\"async\" width=\"2560\" height=\"1707\" src=\"https:\/\/tienda.fullermachinery.com\/wp-content\/uploads\/2024\/07\/SERVICIO-PREVENTIVO-scaled.webp\" class=\"attachment-full size-full wp-image-16490\" alt=\"\" srcset=\"https:\/\/tienda.fullermachinery.com\/wp-content\/uploads\/2024\/07\/SERVICIO-PREVENTIVO-scaled.webp 2560w, https:\/\/tienda.fullermachinery.com\/wp-content\/uploads\/2024\/07\/SERVICIO-PREVENTIVO-scaled-430x287.webp 430w, https:\/\/tienda.fullermachinery.com\/wp-content\/uploads\/2024\/07\/SERVICIO-PREVENTIVO-scaled-150x100.webp 150w, https:\/\/tienda.fullermachinery.com\/wp-content\/uploads\/2024\/07\/SERVICIO-PREVENTIVO-scaled-700x467.webp 700w, https:\/\/tienda.fullermachinery.com\/wp-content\/uploads\/2024\/07\/SERVICIO-PREVENTIVO-400x267.webp 400w, https:\/\/tienda.fullermachinery.com\/wp-content\/uploads\/2024\/07\/SERVICIO-PREVENTIVO-1200x800.webp 1200w, https:\/\/tienda.fullermachinery.com\/wp-content\/uploads\/2024\/07\/SERVICIO-PREVENTIVO-768x512.webp 768w, https:\/\/tienda.fullermachinery.com\/wp-content\/uploads\/2024\/07\/SERVICIO-PREVENTIVO-1536x1024.webp 1536w, https:\/\/tienda.fullermachinery.com\/wp-content\/uploads\/2024\/07\/SERVICIO-PREVENTIVO-2048x1365.webp 2048w, https:\/\/tienda.fullermachinery.com\/wp-content\/uploads\/2024\/07\/SERVICIO-PREVENTIVO-860x573.webp 860w\" sizes=\"(max-width: 2560px) 100vw, 2560px\" \/>\t\t\t\t\t<\/div>\n\n\t\t\t\t\t\t<\/div>\n\t\t\t\t<\/div>\n\t\t\t\t<div class=\"elementor-element elementor-element-9781eb4 elementor-widget elementor-widget-wd_text_block\" data-id=\"9781eb4\" data-element_type=\"widget\" data-e-type=\"widget\" data-widget_type=\"wd_text_block.default\">\n\t\t\t\t<div class=\"elementor-widget-container\">\n\t\t\t\t\t\t\t<div class=\"wd-text-block reset-last-child text-left\">\n\t\t\t\n\t\t\t<p>Este mantenimiento se encarga de realizar un an\u00e1lisis general a la maquina para revisar el desgaste de los compones del equipo, verificando cual ya demuestra un cambio o su respectiva configuraci\u00f3n, lubricaci\u00f3n o ajuste. Se vera el funcionamiento del equipo para verificar su capacidad y as\u00ed poder seguir teniendo del m\u00e1ximo rendimiento de la maquina evitando da\u00f1os m\u00e1s graves en un futuro.<\/p>\n\t\t\t\t\t<\/div>\n\t\t\t\t\t\t<\/div>\n\t\t\t\t<\/div>\n\t\t\t\t\t<\/div>\n\t\t<\/div>\n\t\t\t\t<div class=\"elementor-column elementor-col-50 elementor-top-column elementor-element elementor-element-da9e18c\" data-id=\"da9e18c\" data-element_type=\"column\" data-e-type=\"column\">\n\t\t\t<div class=\"elementor-widget-wrap elementor-element-populated\">\n\t\t\t\t\t\t<div class=\"elementor-element elementor-element-dccb0b2 elementor-widget elementor-widget-wd_image_or_svg\" data-id=\"dccb0b2\" data-element_type=\"widget\" data-e-type=\"widget\" data-widget_type=\"wd_image_or_svg.default\">\n\t\t\t\t<div class=\"elementor-widget-container\">\n\t\t\t\t\t\n\t\t<div class=\"wd-image text-left\">\n\t\t\t\t\t\t\t\t<img decoding=\"async\" width=\"2560\" height=\"1707\" src=\"https:\/\/tienda.fullermachinery.com\/wp-content\/uploads\/2024\/07\/SERVICIOS-GENERAL-scaled.webp\" class=\"attachment-full size-full wp-image-16491\" alt=\"\" srcset=\"https:\/\/tienda.fullermachinery.com\/wp-content\/uploads\/2024\/07\/SERVICIOS-GENERAL-scaled.webp 2560w, https:\/\/tienda.fullermachinery.com\/wp-content\/uploads\/2024\/07\/SERVICIOS-GENERAL-scaled-430x287.webp 430w, https:\/\/tienda.fullermachinery.com\/wp-content\/uploads\/2024\/07\/SERVICIOS-GENERAL-scaled-150x100.webp 150w, https:\/\/tienda.fullermachinery.com\/wp-content\/uploads\/2024\/07\/SERVICIOS-GENERAL-scaled-700x467.webp 700w, https:\/\/tienda.fullermachinery.com\/wp-content\/uploads\/2024\/07\/SERVICIOS-GENERAL-400x267.webp 400w, https:\/\/tienda.fullermachinery.com\/wp-content\/uploads\/2024\/07\/SERVICIOS-GENERAL-1200x800.webp 1200w, https:\/\/tienda.fullermachinery.com\/wp-content\/uploads\/2024\/07\/SERVICIOS-GENERAL-768x512.webp 768w, https:\/\/tienda.fullermachinery.com\/wp-content\/uploads\/2024\/07\/SERVICIOS-GENERAL-1536x1024.webp 1536w, https:\/\/tienda.fullermachinery.com\/wp-content\/uploads\/2024\/07\/SERVICIOS-GENERAL-2048x1365.webp 2048w, https:\/\/tienda.fullermachinery.com\/wp-content\/uploads\/2024\/07\/SERVICIOS-GENERAL-860x573.webp 860w\" sizes=\"(max-width: 2560px) 100vw, 2560px\" \/>\t\t\t\t\t<\/div>\n\n\t\t\t\t\t\t<\/div>\n\t\t\t\t<\/div>\n\t\t\t\t<div class=\"elementor-element elementor-element-e91dc9d elementor-widget elementor-widget-wd_text_block\" data-id=\"e91dc9d\" data-element_type=\"widget\" data-e-type=\"widget\" data-widget_type=\"wd_text_block.default\">\n\t\t\t\t<div class=\"elementor-widget-container\">\n\t\t\t\t\t\t\t<div class=\"wd-text-block reset-last-child text-left\">\n\t\t\t\n\t\t\t<p>El manteniendo general se encarga de analizar a fondo cada pieza y funci\u00f3n del equipo, en el que se revisara su condici\u00f3n para que pueda seguir ejecutando su funci\u00f3n correctamente y corregir cada falla presenta por el equipo. En el mantenimiento se realizar\u00e1 su lavado o limpieza correspondiente a la pieza, la condici\u00f3n en la que se encuentra y como se este ejecutando al momento ser puesta en funci\u00f3n.<\/p>\n\t\t\t\t\t<\/div>\n\t\t\t\t\t\t<\/div>\n\t\t\t\t<\/div>\n\t\t\t\t\t<\/div>\n\t\t<\/div>\n\t\t\t\t\t<\/div>\n\t\t<\/section>\n\t\t\t\t<section class=\"elementor-section elementor-top-section elementor-element elementor-element-4bb1ce0 elementor-section-boxed elementor-section-height-default elementor-section-height-default wd-section-disabled\" data-id=\"4bb1ce0\" data-element_type=\"section\" data-e-type=\"section\">\n\t\t\t\t\t\t<div class=\"elementor-container elementor-column-gap-default\">\n\t\t\t\t\t<div class=\"elementor-column elementor-col-50 elementor-top-column elementor-element elementor-element-c754465\" data-id=\"c754465\" data-element_type=\"column\" data-e-type=\"column\">\n\t\t\t<div class=\"elementor-widget-wrap elementor-element-populated\">\n\t\t\t\t\t\t<div class=\"elementor-element elementor-element-640b9fd elementor-widget elementor-widget-wd_image_or_svg\" data-id=\"640b9fd\" data-element_type=\"widget\" data-e-type=\"widget\" data-widget_type=\"wd_image_or_svg.default\">\n\t\t\t\t<div class=\"elementor-widget-container\">\n\t\t\t\t\t\n\t\t<div class=\"wd-image text-left\">\n\t\t\t\t\t\t\t\t<img decoding=\"async\" width=\"2560\" height=\"1707\" src=\"https:\/\/tienda.fullermachinery.com\/wp-content\/uploads\/2024\/07\/SERVICIO-CORRECTIVO-scaled.webp\" class=\"attachment-full size-full wp-image-16489\" alt=\"\" srcset=\"https:\/\/tienda.fullermachinery.com\/wp-content\/uploads\/2024\/07\/SERVICIO-CORRECTIVO-scaled.webp 2560w, https:\/\/tienda.fullermachinery.com\/wp-content\/uploads\/2024\/07\/SERVICIO-CORRECTIVO-scaled-430x287.webp 430w, https:\/\/tienda.fullermachinery.com\/wp-content\/uploads\/2024\/07\/SERVICIO-CORRECTIVO-scaled-150x100.webp 150w, https:\/\/tienda.fullermachinery.com\/wp-content\/uploads\/2024\/07\/SERVICIO-CORRECTIVO-scaled-700x467.webp 700w, https:\/\/tienda.fullermachinery.com\/wp-content\/uploads\/2024\/07\/SERVICIO-CORRECTIVO-400x267.webp 400w, https:\/\/tienda.fullermachinery.com\/wp-content\/uploads\/2024\/07\/SERVICIO-CORRECTIVO-1200x800.webp 1200w, https:\/\/tienda.fullermachinery.com\/wp-content\/uploads\/2024\/07\/SERVICIO-CORRECTIVO-768x512.webp 768w, https:\/\/tienda.fullermachinery.com\/wp-content\/uploads\/2024\/07\/SERVICIO-CORRECTIVO-1536x1024.webp 1536w, https:\/\/tienda.fullermachinery.com\/wp-content\/uploads\/2024\/07\/SERVICIO-CORRECTIVO-2048x1365.webp 2048w, https:\/\/tienda.fullermachinery.com\/wp-content\/uploads\/2024\/07\/SERVICIO-CORRECTIVO-860x573.webp 860w\" sizes=\"(max-width: 2560px) 100vw, 2560px\" \/>\t\t\t\t\t<\/div>\n\n\t\t\t\t\t\t<\/div>\n\t\t\t\t<\/div>\n\t\t\t\t<div class=\"elementor-element elementor-element-22a7b50 elementor-widget elementor-widget-wd_text_block\" data-id=\"22a7b50\" data-element_type=\"widget\" data-e-type=\"widget\" data-widget_type=\"wd_text_block.default\">\n\t\t\t\t<div class=\"elementor-widget-container\">\n\t\t\t\t\t\t\t<div class=\"wd-text-block reset-last-child text-left\">\n\t\t\t\n\t\t\t<p>Es el mantenimiento en el que se soluciona el problema directamente que este provocando fallas en el equipo, en el cual se realiza un an\u00e1lisis visual y una serie de pruebas para verificar cu\u00e1l es su falla y se solucionarla.<\/p>\n\t\t\t\t\t<\/div>\n\t\t\t\t\t\t<\/div>\n\t\t\t\t<\/div>\n\t\t\t\t\t<\/div>\n\t\t<\/div>\n\t\t\t\t<div class=\"elementor-column elementor-col-50 elementor-top-column elementor-element elementor-element-3a1b30f\" data-id=\"3a1b30f\" data-element_type=\"column\" data-e-type=\"column\">\n\t\t\t<div class=\"elementor-widget-wrap elementor-element-populated\">\n\t\t\t\t\t\t<div class=\"elementor-element elementor-element-aeb9816 elementor-widget elementor-widget-wd_image_or_svg\" data-id=\"aeb9816\" data-element_type=\"widget\" data-e-type=\"widget\" data-widget_type=\"wd_image_or_svg.default\">\n\t\t\t\t<div class=\"elementor-widget-container\">\n\t\t\t\t\t\n\t\t<div class=\"wd-image text-left\">\n\t\t\t\t\t\t\t\t<img loading=\"lazy\" decoding=\"async\" width=\"2560\" height=\"1707\" src=\"https:\/\/tienda.fullermachinery.com\/wp-content\/uploads\/2024\/07\/Repuestos-scaled.webp\" class=\"attachment-full size-full wp-image-16488\" alt=\"\" srcset=\"https:\/\/tienda.fullermachinery.com\/wp-content\/uploads\/2024\/07\/Repuestos-scaled.webp 2560w, https:\/\/tienda.fullermachinery.com\/wp-content\/uploads\/2024\/07\/Repuestos-scaled-430x287.webp 430w, https:\/\/tienda.fullermachinery.com\/wp-content\/uploads\/2024\/07\/Repuestos-scaled-150x100.webp 150w, https:\/\/tienda.fullermachinery.com\/wp-content\/uploads\/2024\/07\/Repuestos-scaled-700x467.webp 700w, https:\/\/tienda.fullermachinery.com\/wp-content\/uploads\/2024\/07\/Repuestos-400x267.webp 400w, https:\/\/tienda.fullermachinery.com\/wp-content\/uploads\/2024\/07\/Repuestos-1200x800.webp 1200w, https:\/\/tienda.fullermachinery.com\/wp-content\/uploads\/2024\/07\/Repuestos-768x512.webp 768w, https:\/\/tienda.fullermachinery.com\/wp-content\/uploads\/2024\/07\/Repuestos-1536x1024.webp 1536w, https:\/\/tienda.fullermachinery.com\/wp-content\/uploads\/2024\/07\/Repuestos-2048x1365.webp 2048w, https:\/\/tienda.fullermachinery.com\/wp-content\/uploads\/2024\/07\/Repuestos-860x573.webp 860w\" sizes=\"(max-width: 2560px) 100vw, 2560px\" \/>\t\t\t\t\t<\/div>\n\n\t\t\t\t\t\t<\/div>\n\t\t\t\t<\/div>\n\t\t\t\t<div class=\"elementor-element elementor-element-5a9bc19 elementor-widget elementor-widget-wd_text_block\" data-id=\"5a9bc19\" data-element_type=\"widget\" data-e-type=\"widget\" data-widget_type=\"wd_text_block.default\">\n\t\t\t\t<div class=\"elementor-widget-container\">\n\t\t\t\t\t\t\t<div class=\"wd-text-block reset-last-child text-left\">\n\t\t\t\n\t\t\t<p>Tenemos repuestos de todos los equipos que vendemos.<\/p>\n\t\t\t\t\t<\/div>\n\t\t\t\t\t\t<\/div>\n\t\t\t\t<\/div>\n\t\t\t\t\t<\/div>\n\t\t<\/div>\n\t\t\t\t\t<\/div>\n\t\t<\/section>\n\t\t\t\t<\/div>\n\t\t","protected":false},"excerpt":{"rendered":"<p>Este mantenimiento se encarga de realizar un an\u00e1lisis general a la maquina para revisar el desgaste de los compones del<\/p>\n","protected":false},"author":1,"featured_media":0,"parent":0,"menu_order":0,"comment_status":"closed","ping_status":"closed","template":"","meta":{"footnotes":""},"class_list":["post-51","page","type-page","status-publish","hentry"],"yoast_head":"<!-- This site is optimized with the Yoast SEO plugin v27.4 - https:\/\/yoast.com\/product\/yoast-seo-wordpress\/ -->\n<title>Servicios - Fuller Machinery<\/title>\n<meta name=\"robots\" content=\"index, follow, max-snippet:-1, max-image-preview:large, max-video-preview:-1\" \/>\n<link rel=\"canonical\" href=\"https:\/\/tienda.fullermachinery.com\/index.php\/servicios\/\" \/>\n<meta property=\"og:locale\" content=\"es_ES\" \/>\n<meta property=\"og:type\" content=\"article\" \/>\n<meta property=\"og:title\" content=\"Servicios - Fuller Machinery\" \/>\n<meta property=\"og:description\" content=\"Este mantenimiento se encarga de realizar un an\u00e1lisis general a la maquina para revisar el desgaste de los compones del\" \/>\n<meta property=\"og:url\" content=\"https:\/\/tienda.fullermachinery.com\/index.php\/servicios\/\" \/>\n<meta property=\"og:site_name\" content=\"Fuller Machinery\" \/>\n<meta property=\"article:modified_time\" content=\"2024-07-16T02:54:31+00:00\" \/>\n<meta property=\"og:image\" content=\"https:\/\/tienda.fullermachinery.com\/wp-content\/uploads\/2024\/07\/SERVICIO-PREVENTIVO-scaled.webp\" \/>\n\t<meta property=\"og:image:width\" content=\"2560\" \/>\n\t<meta property=\"og:image:height\" content=\"1707\" \/>\n\t<meta property=\"og:image:type\" content=\"image\/webp\" \/>\n<meta name=\"twitter:card\" content=\"summary_large_image\" \/>\n<meta name=\"twitter:label1\" content=\"Tiempo de lectura\" \/>\n\t<meta name=\"twitter:data1\" content=\"1 minuto\" \/>\n<script type=\"application\/ld+json\" class=\"yoast-schema-graph\">{\"@context\":\"https:\\\/\\\/schema.org\",\"@graph\":[{\"@type\":\"WebPage\",\"@id\":\"https:\\\/\\\/tienda.fullermachinery.com\\\/index.php\\\/servicios\\\/\",\"url\":\"https:\\\/\\\/tienda.fullermachinery.com\\\/index.php\\\/servicios\\\/\",\"name\":\"Servicios - Fuller Machinery\",\"isPartOf\":{\"@id\":\"https:\\\/\\\/tienda.fullermachinery.com\\\/#website\"},\"primaryImageOfPage\":{\"@id\":\"https:\\\/\\\/tienda.fullermachinery.com\\\/index.php\\\/servicios\\\/#primaryimage\"},\"image\":{\"@id\":\"https:\\\/\\\/tienda.fullermachinery.com\\\/index.php\\\/servicios\\\/#primaryimage\"},\"thumbnailUrl\":\"https:\\\/\\\/tienda.fullermachinery.com\\\/wp-content\\\/uploads\\\/2024\\\/07\\\/SERVICIO-PREVENTIVO-scaled.webp\",\"datePublished\":\"2021-08-26T12:22:55+00:00\",\"dateModified\":\"2024-07-16T02:54:31+00:00\",\"breadcrumb\":{\"@id\":\"https:\\\/\\\/tienda.fullermachinery.com\\\/index.php\\\/servicios\\\/#breadcrumb\"},\"inLanguage\":\"es\",\"potentialAction\":[{\"@type\":\"ReadAction\",\"target\":[\"https:\\\/\\\/tienda.fullermachinery.com\\\/index.php\\\/servicios\\\/\"]}]},{\"@type\":\"ImageObject\",\"inLanguage\":\"es\",\"@id\":\"https:\\\/\\\/tienda.fullermachinery.com\\\/index.php\\\/servicios\\\/#primaryimage\",\"url\":\"https:\\\/\\\/tienda.fullermachinery.com\\\/wp-content\\\/uploads\\\/2024\\\/07\\\/SERVICIO-PREVENTIVO-scaled.webp\",\"contentUrl\":\"https:\\\/\\\/tienda.fullermachinery.com\\\/wp-content\\\/uploads\\\/2024\\\/07\\\/SERVICIO-PREVENTIVO-scaled.webp\",\"width\":2560,\"height\":1707},{\"@type\":\"BreadcrumbList\",\"@id\":\"https:\\\/\\\/tienda.fullermachinery.com\\\/index.php\\\/servicios\\\/#breadcrumb\",\"itemListElement\":[{\"@type\":\"ListItem\",\"position\":1,\"name\":\"Portada\",\"item\":\"https:\\\/\\\/tienda.fullermachinery.com\\\/\"},{\"@type\":\"ListItem\",\"position\":2,\"name\":\"Servicios\"}]},{\"@type\":\"WebSite\",\"@id\":\"https:\\\/\\\/tienda.fullermachinery.com\\\/#website\",\"url\":\"https:\\\/\\\/tienda.fullermachinery.com\\\/\",\"name\":\"Fuller Machinery\",\"description\":\"Importaci\u00f3n y comercializaci\u00f3n de m\u00e1quinas industriales para el sector de alimentos\",\"publisher\":{\"@id\":\"https:\\\/\\\/tienda.fullermachinery.com\\\/#organization\"},\"potentialAction\":[{\"@type\":\"SearchAction\",\"target\":{\"@type\":\"EntryPoint\",\"urlTemplate\":\"https:\\\/\\\/tienda.fullermachinery.com\\\/?s={search_term_string}\"},\"query-input\":{\"@type\":\"PropertyValueSpecification\",\"valueRequired\":true,\"valueName\":\"search_term_string\"}}],\"inLanguage\":\"es\"},{\"@type\":\"Organization\",\"@id\":\"https:\\\/\\\/tienda.fullermachinery.com\\\/#organization\",\"name\":\"Fuller Machinery\",\"url\":\"https:\\\/\\\/tienda.fullermachinery.com\\\/\",\"logo\":{\"@type\":\"ImageObject\",\"inLanguage\":\"es\",\"@id\":\"https:\\\/\\\/tienda.fullermachinery.com\\\/#\\\/schema\\\/logo\\\/image\\\/\",\"url\":\"https:\\\/\\\/tienda.fullermachinery.com\\\/wp-content\\\/uploads\\\/2023\\\/08\\\/logo-fuller-transparente.png\",\"contentUrl\":\"https:\\\/\\\/tienda.fullermachinery.com\\\/wp-content\\\/uploads\\\/2023\\\/08\\\/logo-fuller-transparente.png\",\"width\":2208,\"height\":644,\"caption\":\"Fuller Machinery\"},\"image\":{\"@id\":\"https:\\\/\\\/tienda.fullermachinery.com\\\/#\\\/schema\\\/logo\\\/image\\\/\"}}]}<\/script>\n<!-- \/ Yoast SEO plugin. -->","yoast_head_json":{"title":"Servicios - Fuller Machinery","robots":{"index":"index","follow":"follow","max-snippet":"max-snippet:-1","max-image-preview":"max-image-preview:large","max-video-preview":"max-video-preview:-1"},"canonical":"https:\/\/tienda.fullermachinery.com\/index.php\/servicios\/","og_locale":"es_ES","og_type":"article","og_title":"Servicios - Fuller Machinery","og_description":"Este mantenimiento se encarga de realizar un an\u00e1lisis general a la maquina para revisar el desgaste de los compones del","og_url":"https:\/\/tienda.fullermachinery.com\/index.php\/servicios\/","og_site_name":"Fuller Machinery","article_modified_time":"2024-07-16T02:54:31+00:00","og_image":[{"width":2560,"height":1707,"url":"https:\/\/tienda.fullermachinery.com\/wp-content\/uploads\/2024\/07\/SERVICIO-PREVENTIVO-scaled.webp","type":"image\/webp"}],"twitter_card":"summary_large_image","twitter_misc":{"Tiempo de lectura":"1 minuto"},"schema":{"@context":"https:\/\/schema.org","@graph":[{"@type":"WebPage","@id":"https:\/\/tienda.fullermachinery.com\/index.php\/servicios\/","url":"https:\/\/tienda.fullermachinery.com\/index.php\/servicios\/","name":"Servicios - Fuller Machinery","isPartOf":{"@id":"https:\/\/tienda.fullermachinery.com\/#website"},"primaryImageOfPage":{"@id":"https:\/\/tienda.fullermachinery.com\/index.php\/servicios\/#primaryimage"},"image":{"@id":"https:\/\/tienda.fullermachinery.com\/index.php\/servicios\/#primaryimage"},"thumbnailUrl":"https:\/\/tienda.fullermachinery.com\/wp-content\/uploads\/2024\/07\/SERVICIO-PREVENTIVO-scaled.webp","datePublished":"2021-08-26T12:22:55+00:00","dateModified":"2024-07-16T02:54:31+00:00","breadcrumb":{"@id":"https:\/\/tienda.fullermachinery.com\/index.php\/servicios\/#breadcrumb"},"inLanguage":"es","potentialAction":[{"@type":"ReadAction","target":["https:\/\/tienda.fullermachinery.com\/index.php\/servicios\/"]}]},{"@type":"ImageObject","inLanguage":"es","@id":"https:\/\/tienda.fullermachinery.com\/index.php\/servicios\/#primaryimage","url":"https:\/\/tienda.fullermachinery.com\/wp-content\/uploads\/2024\/07\/SERVICIO-PREVENTIVO-scaled.webp","contentUrl":"https:\/\/tienda.fullermachinery.com\/wp-content\/uploads\/2024\/07\/SERVICIO-PREVENTIVO-scaled.webp","width":2560,"height":1707},{"@type":"BreadcrumbList","@id":"https:\/\/tienda.fullermachinery.com\/index.php\/servicios\/#breadcrumb","itemListElement":[{"@type":"ListItem","position":1,"name":"Portada","item":"https:\/\/tienda.fullermachinery.com\/"},{"@type":"ListItem","position":2,"name":"Servicios"}]},{"@type":"WebSite","@id":"https:\/\/tienda.fullermachinery.com\/#website","url":"https:\/\/tienda.fullermachinery.com\/","name":"Fuller Machinery","description":"Importaci\u00f3n y comercializaci\u00f3n de m\u00e1quinas industriales para el sector de alimentos","publisher":{"@id":"https:\/\/tienda.fullermachinery.com\/#organization"},"potentialAction":[{"@type":"SearchAction","target":{"@type":"EntryPoint","urlTemplate":"https:\/\/tienda.fullermachinery.com\/?s={search_term_string}"},"query-input":{"@type":"PropertyValueSpecification","valueRequired":true,"valueName":"search_term_string"}}],"inLanguage":"es"},{"@type":"Organization","@id":"https:\/\/tienda.fullermachinery.com\/#organization","name":"Fuller Machinery","url":"https:\/\/tienda.fullermachinery.com\/","logo":{"@type":"ImageObject","inLanguage":"es","@id":"https:\/\/tienda.fullermachinery.com\/#\/schema\/logo\/image\/","url":"https:\/\/tienda.fullermachinery.com\/wp-content\/uploads\/2023\/08\/logo-fuller-transparente.png","contentUrl":"https:\/\/tienda.fullermachinery.com\/wp-content\/uploads\/2023\/08\/logo-fuller-transparente.png","width":2208,"height":644,"caption":"Fuller Machinery"},"image":{"@id":"https:\/\/tienda.fullermachinery.com\/#\/schema\/logo\/image\/"}}]}},"jetpack_sharing_enabled":true,"_links":{"self":[{"href":"https:\/\/tienda.fullermachinery.com\/index.php\/wp-json\/wp\/v2\/pages\/51","targetHints":{"allow":["GET"]}}],"collection":[{"href":"https:\/\/tienda.fullermachinery.com\/index.php\/wp-json\/wp\/v2\/pages"}],"about":[{"href":"https:\/\/tienda.fullermachinery.com\/index.php\/wp-json\/wp\/v2\/types\/page"}],"author":[{"embeddable":true,"href":"https:\/\/tienda.fullermachinery.com\/index.php\/wp-json\/wp\/v2\/users\/1"}],"replies":[{"embeddable":true,"href":"https:\/\/tienda.fullermachinery.com\/index.php\/wp-json\/wp\/v2\/comments?post=51"}],"version-history":[{"count":6,"href":"https:\/\/tienda.fullermachinery.com\/index.php\/wp-json\/wp\/v2\/pages\/51\/revisions"}],"predecessor-version":[{"id":16522,"href":"https:\/\/tienda.fullermachinery.com\/index.php\/wp-json\/wp\/v2\/pages\/51\/revisions\/16522"}],"wp:attachment":[{"href":"https:\/\/tienda.fullermachinery.com\/index.php\/wp-json\/wp\/v2\/media?parent=51"}],"curies":[{"name":"wp","href":"https:\/\/api.w.org\/{rel}","templated":true}]}}