{"id":4439,"date":"2021-10-12T16:27:24","date_gmt":"2021-10-12T16:27:24","guid":{"rendered":"http:\/\/dummy.xtemos.com\/woodmart2\/elementor\/?page_id=4439"},"modified":"2026-04-25T22:47:25","modified_gmt":"2026-04-26T03:47:25","slug":"contacto","status":"publish","type":"page","link":"https:\/\/tienda.fullermachinery.com\/index.php\/contacto\/","title":{"rendered":"Contacto"},"content":{"rendered":"\t\t<div data-elementor-type=\"wp-page\" data-elementor-id=\"4439\" class=\"elementor elementor-4439\">\n\t\t\t\t\t\t<section class=\"wd-negative-gap elementor-section elementor-top-section elementor-element elementor-element-1c9344a2 elementor-section-boxed elementor-section-height-default elementor-section-height-default wd-section-disabled\" data-id=\"1c9344a2\" data-element_type=\"section\" data-e-type=\"section\">\n\t\t\t\t\t\t<div class=\"elementor-container elementor-column-gap-default\">\n\t\t\t\t\t<div class=\"elementor-column elementor-col-50 elementor-top-column elementor-element elementor-element-a4e7846\" data-id=\"a4e7846\" data-element_type=\"column\" data-e-type=\"column\">\n\t\t\t<div class=\"elementor-widget-wrap elementor-element-populated\">\n\t\t\t\t\t\t<div class=\"elementor-element elementor-element-779d5db5 elementor-widget elementor-widget-wd_title\" data-id=\"779d5db5\" data-element_type=\"widget\" data-e-type=\"widget\" data-widget_type=\"wd_title.default\">\n\t\t\t\t<div class=\"elementor-widget-container\">\n\t\t\t\t\t\t\t<div class=\"title-wrapper set-mb-s reset-last-child wd-title-color-default wd-title-style-default wd-title-size-default text-left\">\n\n\t\t\t\n\t\t\t<div class=\"liner-continer\">\n\t\t\t\t<h4 class=\"woodmart-title-container title wd-fontsize-l\">\u00a1Vis\u00edtanos!<\/h4> \n\t\t\t\t\t\t\t<\/div>\n\n\t\t\t\t\t<\/div>\n\t\t\t\t\t\t<\/div>\n\t\t\t\t<\/div>\n\t\t\t\t<div class=\"elementor-element elementor-element-b50a281 elementor-widget elementor-widget-wd_text_block\" data-id=\"b50a281\" data-element_type=\"widget\" data-e-type=\"widget\" data-widget_type=\"wd_text_block.default\">\n\t\t\t\t<div class=\"elementor-widget-container\">\n\t\t\t\t\t\t\t<div class=\"wd-text-block reset-last-child text-left\">\n\t\t\t\n\t\t\t<p style=\"border-color: #e6e6e6;background-image: initial;background-position: initial;background-size: initial;background-attachment: initial;margin-bottom: 0px;font-size: 16px;line-height: 1.7;color: #6b6b6b;font-family: Poppins, sans-serif;font-style: normal;font-weight: 400\"><strong>Sede Administrativa y Servicio T\u00e9cnico :<\/strong><\/p><p style=\"border-color: #e6e6e6;background-image: initial;background-position: initial;background-size: initial;background-attachment: initial;margin-bottom: 0px;font-size: 16px;line-height: 1.7;color: #6b6b6b;font-family: Poppins, sans-serif;font-style: normal;font-weight: 400\"><span style=\"border-color: #e6e6e6;background: transparent;font-weight: 400\">Calle 63b # 79-35<\/span><\/p><p style=\"border-color: #e6e6e6;background-image: initial;background-position: initial;background-size: initial;background-attachment: initial;margin-bottom: 0px;font-size: 16px;line-height: 1.7;color: #6b6b6b;font-family: Poppins, sans-serif;font-style: normal;font-weight: 400\"><span style=\"border-color: #e6e6e6;background: transparent;font-weight: 400\"><strong style=\"border-color: #e6e6e6;background: transparent\"><span style=\"font-family: Poppins, sans-serif;font-size: 16px;font-style: normal;font-weight: 400;background-color: var(--wd-main-bgcolor)\">Bogot\u00e1 \u2013 Colombia<\/span><\/strong><\/span><\/p><p style=\"border-color: #e6e6e6;background-image: initial;background-position: initial;background-size: initial;background-attachment: initial;margin-bottom: 0px;font-size: 16px;line-height: 1.7;color: #6b6b6b;font-family: Poppins, sans-serif;font-style: normal;font-weight: 400\"><span style=\"border-color: #e6e6e6;background: transparent;font-weight: 400\"><strong style=\"border-color: #e6e6e6;background: transparent\">Tel\u00e9fono:\u00a0<\/strong>\u00a0<strong style=\"border-color: #e6e6e6;background: transparent\"><a style=\"border-color: #e6e6e6;background: transparent;color: #545454\" href=\"tel:3102852053\">310 285 2053<\/a><\/strong><\/span><\/p><p><strong style=\"font-style: normal;color: #6b6b6b;font-family: Poppins, sans-serif;font-size: 16px;background-color: var(--wd-main-bgcolor)\">Ventas<\/strong><\/p><p><strong style=\"color: #6b6b6b;font-family: Poppins, sans-serif;font-size: 16px;font-style: normal;background: transparent;border-color: #e6e6e6\">Asesor Comercial 1:\u00a0<\/strong><a style=\"font-family: Poppins, sans-serif;font-size: 16px;font-style: normal;background: transparent;font-weight: 600;border-color: #e6e6e6;color: #545454\" href=\"tel:310 265 9634\">310 265 9634<\/a><\/p><p><span style=\"font-style: normal;background: transparent;border-color: #e6e6e6;font-weight: 600;font-family: Poppins, sans-serif;font-size: 16px;color: #6b6b6b\">Asesor Comercial 2:\u00a0<\/span><a style=\"font-style: normal;background: transparent;border-color: #e6e6e6;font-weight: 600;font-family: Poppins, sans-serif;font-size: 16px;color: #545454\" href=\"tel:310 265 9634\">324 424 7198<\/a><\/p><p><strong style=\"background: transparent;font-size: 16px;color: #6b6b6b;border-color: #e6e6e6\"><span style=\"border-color: #e6e6e6;font-style: normal;font-weight: 600;font-family: Poppins, sans-serif;font-size: 16px;color: #6b6b6b;background: transparent\">Servicio t\u00e9cnico<\/span>: <\/strong><a style=\"font-style: normal;font-weight: 400;background: transparent;border-color: #e6e6e6;font-family: Poppins, sans-serif;font-size: 16px;color: #545454\" href=\"tel:3228534925\"><span style=\"border-color: #e6e6e6;font-weight: 600;font-size: 16px;background: transparent\">322 853 4925<\/span><\/a><\/p><p style=\"border-color: #e6e6e6;background-image: initial;background-position: initial;background-size: initial;background-attachment: initial;margin-bottom: 0px;font-size: 16px;line-height: 1.7;color: #6b6b6b;font-family: Poppins, sans-serif;font-style: normal;font-weight: 400\"><strong style=\"font-family: Poppins, sans-serif;font-size: 16px;font-style: normal;background: transparent;border-color: #e6e6e6\">Sede Local Ricaurte:\u00a0<\/strong><\/p><p style=\"border-color: #e6e6e6;background-image: initial;background-position: initial;background-size: initial;background-attachment: initial;margin-bottom: 0px;font-size: 16px;line-height: 1.7;color: #6b6b6b;font-family: Poppins, sans-serif;font-style: normal;font-weight: 400\">Calle 12 #27-09<\/p><p style=\"border-color: #e6e6e6;background-image: initial;background-position: initial;background-size: initial;background-attachment: initial;margin-bottom: 0px;font-size: 16px;line-height: 1.7;color: #6b6b6b;font-family: Poppins, sans-serif;font-style: normal;font-weight: 400\"><span style=\"border-color: #e6e6e6;background: transparent;font-weight: 400\"><strong style=\"border-color: #e6e6e6;background: transparent\">Tel\u00e9fono:\u00a0 320 330 5992<\/strong><\/span><\/p><p style=\"border-color: #e6e6e6;background-image: initial;background-position: initial;background-size: initial;background-attachment: initial;margin-bottom: 0px;font-size: 16px;line-height: 1.7;color: #6b6b6b;font-family: Poppins, sans-serif;font-style: normal;font-weight: 400\"><span style=\"border-color: #e6e6e6;background: transparent;font-weight: 400\">Bogot\u00e1 \u2013 Colombia<\/span><\/p><p style=\"border-color: #e6e6e6;background-image: initial;background-position: initial;background-size: initial;background-attachment: initial;margin-bottom: 0px;font-size: 16px;line-height: 1.7;color: #6b6b6b;font-family: Poppins, sans-serif;font-style: normal;font-weight: 400\"><strong style=\"border-color: #e6e6e6;background: transparent\">CORREO ELECTR\u00d3NICO<\/strong><br style=\"border-color: #e6e6e6\" \/>\u00a0fullermachinery@gmail.com<\/p><p style=\"border-color: #e6e6e6;background-image: initial;background-position: initial;background-size: initial;background-attachment: initial;margin-bottom: 0px;font-size: 16px;line-height: 1.7;color: #6b6b6b;font-family: Poppins, sans-serif;font-style: normal;font-weight: 400\"><strong style=\"border-color: #e6e6e6;background: transparent\">HORARIOS DE ATENCI\u00d3N<\/strong><br style=\"border-color: #e6e6e6\" \/>Lunes a Viernes: 7:30 am \u2013 1:00 pm\u00a0 -2:00pm -5:30pm<\/p><p><span style=\"color: #6b6b6b;font-family: Poppins, sans-serif;font-size: 16px;font-style: normal;font-weight: 400;background-color: var(--wd-main-bgcolor)\">Ultimo s\u00e1bado del mes: 9:00 am. 11:00 am.<\/span><\/p>\n\t\t\t\t\t<\/div>\n\t\t\t\t\t\t<\/div>\n\t\t\t\t<\/div>\n\t\t\t\t\t<\/div>\n\t\t<\/div>\n\t\t\t\t<div class=\"elementor-column elementor-col-50 elementor-top-column elementor-element elementor-element-41bec3dc\" data-id=\"41bec3dc\" data-element_type=\"column\" data-e-type=\"column\">\n\t\t\t<div class=\"elementor-widget-wrap elementor-element-populated\">\n\t\t\t\t\t\t<div class=\"elementor-element elementor-element-88ca337 elementor-widget elementor-widget-wd_title\" data-id=\"88ca337\" data-element_type=\"widget\" data-e-type=\"widget\" data-widget_type=\"wd_title.default\">\n\t\t\t\t<div class=\"elementor-widget-container\">\n\t\t\t\t\t\t\t<div class=\"title-wrapper set-mb-s reset-last-child wd-title-color-default wd-title-style-default wd-title-size-default text-left\">\n\n\t\t\t\t\t\t\t<div class=\"title-subtitle subtitle-color-default subtitle-style-default wd-fontsize-xs\">\n\t\t\t\t\t\u00bfTienes preguntas?\t\t\t\t<\/div>\n\t\t\t\n\t\t\t<div class=\"liner-continer\">\n\t\t\t\t<h4 class=\"woodmart-title-container title wd-fontsize-l\">Cont\u00e1ctanos para m\u00e1s informaci\u00f3n<\/h4> \n\t\t\t\t\t\t\t<\/div>\n\n\t\t\t\t\t<\/div>\n\t\t\t\t\t\t<\/div>\n\t\t\t\t<\/div>\n\t\t\t\t<div class=\"elementor-element elementor-element-5ce0072f elementor-widget__width-initial elementor-widget elementor-widget-wd_contact_form_7\" data-id=\"5ce0072f\" data-element_type=\"widget\" data-e-type=\"widget\" data-widget_type=\"wd_contact_form_7.default\">\n\t\t\t\t<div class=\"elementor-widget-container\">\n\t\t\t\t\t\n<div class=\"wpcf7 no-js\" id=\"wpcf7-f13-o1\" lang=\"es-ES\" dir=\"ltr\" data-wpcf7-id=\"13\">\n<div class=\"screen-reader-response\"><p role=\"status\" aria-live=\"polite\" aria-atomic=\"true\"><\/p> <ul><\/ul><\/div>\n<form action=\"\/index.php\/wp-json\/wp\/v2\/pages\/4439#wpcf7-f13-o1\" method=\"post\" class=\"wpcf7-form init\" aria-label=\"Formulario de contacto\" novalidate=\"novalidate\" data-status=\"init\">\n<fieldset class=\"hidden-fields-container\"><input type=\"hidden\" name=\"_wpcf7\" value=\"13\" \/><input type=\"hidden\" name=\"_wpcf7_version\" value=\"6.1.5\" \/><input type=\"hidden\" name=\"_wpcf7_locale\" value=\"es_ES\" \/><input type=\"hidden\" name=\"_wpcf7_unit_tag\" value=\"wpcf7-f13-o1\" \/><input type=\"hidden\" name=\"_wpcf7_container_post\" value=\"0\" \/><input type=\"hidden\" name=\"_wpcf7_posted_data_hash\" value=\"\" \/>\n<\/fieldset>\n<p><label> Tu nombre<br \/>\n<span class=\"wpcf7-form-control-wrap\" data-name=\"your-name\"><input size=\"40\" maxlength=\"400\" class=\"wpcf7-form-control wpcf7-text wpcf7-validates-as-required\" autocomplete=\"name\" aria-required=\"true\" aria-invalid=\"false\" value=\"\" type=\"text\" name=\"your-name\" \/><\/span> <\/label>\n<\/p>\n<p><label> Tu correo electr\u00f3nico<br \/>\n<span class=\"wpcf7-form-control-wrap\" data-name=\"your-email\"><input size=\"40\" maxlength=\"400\" class=\"wpcf7-form-control wpcf7-email wpcf7-validates-as-required wpcf7-text wpcf7-validates-as-email\" autocomplete=\"email\" aria-required=\"true\" aria-invalid=\"false\" value=\"\" type=\"email\" name=\"your-email\" \/><\/span> <\/label>\n<\/p>\n<p><label> Asunto<br \/>\n<span class=\"wpcf7-form-control-wrap\" data-name=\"your-subject\"><input size=\"40\" maxlength=\"400\" class=\"wpcf7-form-control wpcf7-text wpcf7-validates-as-required\" aria-required=\"true\" aria-invalid=\"false\" value=\"\" type=\"text\" name=\"your-subject\" \/><\/span> <\/label>\n<\/p>\n<p><label> Tu mensaje (opcional)<br \/>\n<span class=\"wpcf7-form-control-wrap\" data-name=\"your-message\"><textarea cols=\"40\" rows=\"10\" maxlength=\"2000\" class=\"wpcf7-form-control wpcf7-textarea\" aria-invalid=\"false\" name=\"your-message\"><\/textarea><\/span> <\/label>\n<\/p>\n<p><input class=\"wpcf7-form-control wpcf7-submit has-spinner\" type=\"submit\" value=\"Enviar\" \/>\n<\/p><div class=\"wpcf7-response-output\" aria-hidden=\"true\"><\/div>\n<\/form>\n<\/div>\n\t\t\t\t<\/div>\n\t\t\t\t<\/div>\n\t\t\t\t\t<\/div>\n\t\t<\/div>\n\t\t\t\t\t<\/div>\n\t\t<\/section>\n\t\t\t\t<\/div>\n\t\t","protected":false},"excerpt":{"rendered":"<p>\u00a1Vis\u00edtanos! Sede Administrativa y Servicio T\u00e9cnico : Calle 63b # 79-35 Bogot\u00e1 \u2013 Colombia Tel\u00e9fono:\u00a0\u00a0310 285 2053 Ventas Asesor Comercial<\/p>\n","protected":false},"author":1,"featured_media":0,"parent":0,"menu_order":0,"comment_status":"closed","ping_status":"closed","template":"","meta":{"footnotes":""},"class_list":["post-4439","page","type-page","status-publish","hentry"],"yoast_head":"<!-- This site is optimized with the Yoast SEO plugin v27.5 - https:\/\/yoast.com\/product\/yoast-seo-wordpress\/ -->\n<title>Contacto - Fuller Machinery<\/title>\n<meta name=\"robots\" content=\"index, follow, max-snippet:-1, max-image-preview:large, max-video-preview:-1\" \/>\n<link rel=\"canonical\" href=\"https:\/\/tienda.fullermachinery.com\/index.php\/contacto\/\" \/>\n<meta property=\"og:locale\" content=\"es_ES\" \/>\n<meta property=\"og:type\" content=\"article\" \/>\n<meta property=\"og:title\" content=\"Contacto - Fuller Machinery\" \/>\n<meta property=\"og:description\" content=\"\u00a1Vis\u00edtanos! Sede Administrativa y Servicio T\u00e9cnico : Calle 63b # 79-35 Bogot\u00e1 \u2013 Colombia Tel\u00e9fono:\u00a0\u00a0310 285 2053 Ventas Asesor Comercial\" \/>\n<meta property=\"og:url\" content=\"https:\/\/tienda.fullermachinery.com\/index.php\/contacto\/\" \/>\n<meta property=\"og:site_name\" content=\"Fuller Machinery\" \/>\n<meta property=\"article:modified_time\" content=\"2026-04-26T03:47:25+00:00\" \/>\n<meta name=\"twitter:card\" content=\"summary_large_image\" \/>\n<meta name=\"twitter:label1\" content=\"Tiempo de lectura\" \/>\n\t<meta name=\"twitter:data1\" content=\"1 minuto\" \/>\n<script type=\"application\/ld+json\" class=\"yoast-schema-graph\">{\"@context\":\"https:\\\/\\\/schema.org\",\"@graph\":[{\"@type\":\"WebPage\",\"@id\":\"https:\\\/\\\/tienda.fullermachinery.com\\\/index.php\\\/contacto\\\/\",\"url\":\"https:\\\/\\\/tienda.fullermachinery.com\\\/index.php\\\/contacto\\\/\",\"name\":\"Contacto - Fuller Machinery\",\"isPartOf\":{\"@id\":\"https:\\\/\\\/tienda.fullermachinery.com\\\/#website\"},\"datePublished\":\"2021-10-12T16:27:24+00:00\",\"dateModified\":\"2026-04-26T03:47:25+00:00\",\"breadcrumb\":{\"@id\":\"https:\\\/\\\/tienda.fullermachinery.com\\\/index.php\\\/contacto\\\/#breadcrumb\"},\"inLanguage\":\"es\",\"potentialAction\":[{\"@type\":\"ReadAction\",\"target\":[\"https:\\\/\\\/tienda.fullermachinery.com\\\/index.php\\\/contacto\\\/\"]}]},{\"@type\":\"BreadcrumbList\",\"@id\":\"https:\\\/\\\/tienda.fullermachinery.com\\\/index.php\\\/contacto\\\/#breadcrumb\",\"itemListElement\":[{\"@type\":\"ListItem\",\"position\":1,\"name\":\"Portada\",\"item\":\"https:\\\/\\\/tienda.fullermachinery.com\\\/\"},{\"@type\":\"ListItem\",\"position\":2,\"name\":\"Contacto\"}]},{\"@type\":\"WebSite\",\"@id\":\"https:\\\/\\\/tienda.fullermachinery.com\\\/#website\",\"url\":\"https:\\\/\\\/tienda.fullermachinery.com\\\/\",\"name\":\"Fuller Machinery\",\"description\":\"Importaci\u00f3n y comercializaci\u00f3n de m\u00e1quinas industriales para el sector de alimentos\",\"publisher\":{\"@id\":\"https:\\\/\\\/tienda.fullermachinery.com\\\/#organization\"},\"potentialAction\":[{\"@type\":\"SearchAction\",\"target\":{\"@type\":\"EntryPoint\",\"urlTemplate\":\"https:\\\/\\\/tienda.fullermachinery.com\\\/?s={search_term_string}\"},\"query-input\":{\"@type\":\"PropertyValueSpecification\",\"valueRequired\":true,\"valueName\":\"search_term_string\"}}],\"inLanguage\":\"es\"},{\"@type\":\"Organization\",\"@id\":\"https:\\\/\\\/tienda.fullermachinery.com\\\/#organization\",\"name\":\"Fuller Machinery\",\"url\":\"https:\\\/\\\/tienda.fullermachinery.com\\\/\",\"logo\":{\"@type\":\"ImageObject\",\"inLanguage\":\"es\",\"@id\":\"https:\\\/\\\/tienda.fullermachinery.com\\\/#\\\/schema\\\/logo\\\/image\\\/\",\"url\":\"https:\\\/\\\/tienda.fullermachinery.com\\\/wp-content\\\/uploads\\\/2023\\\/08\\\/logo-fuller-transparente.png\",\"contentUrl\":\"https:\\\/\\\/tienda.fullermachinery.com\\\/wp-content\\\/uploads\\\/2023\\\/08\\\/logo-fuller-transparente.png\",\"width\":2208,\"height\":644,\"caption\":\"Fuller Machinery\"},\"image\":{\"@id\":\"https:\\\/\\\/tienda.fullermachinery.com\\\/#\\\/schema\\\/logo\\\/image\\\/\"}}]}<\/script>\n<!-- \/ Yoast SEO plugin. -->","yoast_head_json":{"title":"Contacto - Fuller Machinery","robots":{"index":"index","follow":"follow","max-snippet":"max-snippet:-1","max-image-preview":"max-image-preview:large","max-video-preview":"max-video-preview:-1"},"canonical":"https:\/\/tienda.fullermachinery.com\/index.php\/contacto\/","og_locale":"es_ES","og_type":"article","og_title":"Contacto - Fuller Machinery","og_description":"\u00a1Vis\u00edtanos! Sede Administrativa y Servicio T\u00e9cnico : Calle 63b # 79-35 Bogot\u00e1 \u2013 Colombia Tel\u00e9fono:\u00a0\u00a0310 285 2053 Ventas Asesor Comercial","og_url":"https:\/\/tienda.fullermachinery.com\/index.php\/contacto\/","og_site_name":"Fuller Machinery","article_modified_time":"2026-04-26T03:47:25+00:00","twitter_card":"summary_large_image","twitter_misc":{"Tiempo de lectura":"1 minuto"},"schema":{"@context":"https:\/\/schema.org","@graph":[{"@type":"WebPage","@id":"https:\/\/tienda.fullermachinery.com\/index.php\/contacto\/","url":"https:\/\/tienda.fullermachinery.com\/index.php\/contacto\/","name":"Contacto - Fuller Machinery","isPartOf":{"@id":"https:\/\/tienda.fullermachinery.com\/#website"},"datePublished":"2021-10-12T16:27:24+00:00","dateModified":"2026-04-26T03:47:25+00:00","breadcrumb":{"@id":"https:\/\/tienda.fullermachinery.com\/index.php\/contacto\/#breadcrumb"},"inLanguage":"es","potentialAction":[{"@type":"ReadAction","target":["https:\/\/tienda.fullermachinery.com\/index.php\/contacto\/"]}]},{"@type":"BreadcrumbList","@id":"https:\/\/tienda.fullermachinery.com\/index.php\/contacto\/#breadcrumb","itemListElement":[{"@type":"ListItem","position":1,"name":"Portada","item":"https:\/\/tienda.fullermachinery.com\/"},{"@type":"ListItem","position":2,"name":"Contacto"}]},{"@type":"WebSite","@id":"https:\/\/tienda.fullermachinery.com\/#website","url":"https:\/\/tienda.fullermachinery.com\/","name":"Fuller Machinery","description":"Importaci\u00f3n y comercializaci\u00f3n de m\u00e1quinas industriales para el sector de alimentos","publisher":{"@id":"https:\/\/tienda.fullermachinery.com\/#organization"},"potentialAction":[{"@type":"SearchAction","target":{"@type":"EntryPoint","urlTemplate":"https:\/\/tienda.fullermachinery.com\/?s={search_term_string}"},"query-input":{"@type":"PropertyValueSpecification","valueRequired":true,"valueName":"search_term_string"}}],"inLanguage":"es"},{"@type":"Organization","@id":"https:\/\/tienda.fullermachinery.com\/#organization","name":"Fuller Machinery","url":"https:\/\/tienda.fullermachinery.com\/","logo":{"@type":"ImageObject","inLanguage":"es","@id":"https:\/\/tienda.fullermachinery.com\/#\/schema\/logo\/image\/","url":"https:\/\/tienda.fullermachinery.com\/wp-content\/uploads\/2023\/08\/logo-fuller-transparente.png","contentUrl":"https:\/\/tienda.fullermachinery.com\/wp-content\/uploads\/2023\/08\/logo-fuller-transparente.png","width":2208,"height":644,"caption":"Fuller Machinery"},"image":{"@id":"https:\/\/tienda.fullermachinery.com\/#\/schema\/logo\/image\/"}}]}},"jetpack_sharing_enabled":true,"_links":{"self":[{"href":"https:\/\/tienda.fullermachinery.com\/index.php\/wp-json\/wp\/v2\/pages\/4439","targetHints":{"allow":["GET"]}}],"collection":[{"href":"https:\/\/tienda.fullermachinery.com\/index.php\/wp-json\/wp\/v2\/pages"}],"about":[{"href":"https:\/\/tienda.fullermachinery.com\/index.php\/wp-json\/wp\/v2\/types\/page"}],"author":[{"embeddable":true,"href":"https:\/\/tienda.fullermachinery.com\/index.php\/wp-json\/wp\/v2\/users\/1"}],"replies":[{"embeddable":true,"href":"https:\/\/tienda.fullermachinery.com\/index.php\/wp-json\/wp\/v2\/comments?post=4439"}],"version-history":[{"count":31,"href":"https:\/\/tienda.fullermachinery.com\/index.php\/wp-json\/wp\/v2\/pages\/4439\/revisions"}],"predecessor-version":[{"id":19022,"href":"https:\/\/tienda.fullermachinery.com\/index.php\/wp-json\/wp\/v2\/pages\/4439\/revisions\/19022"}],"wp:attachment":[{"href":"https:\/\/tienda.fullermachinery.com\/index.php\/wp-json\/wp\/v2\/media?parent=4439"}],"curies":[{"name":"wp","href":"https:\/\/api.w.org\/{rel}","templated":true}]}}